{"id":38111,"date":"2020-03-04T23:58:34","date_gmt":"2020-03-04T22:58:34","guid":{"rendered":"https:\/\/www.vetorino.com\/boutique\/product\/flatazor-protect-senior-chien\/"},"modified":"2020-12-15T02:54:12","modified_gmt":"2020-12-15T01:54:12","slug":"flatazor-protect-senior-chien","status":"publish","type":"product","link":"https:\/\/www.vetorino.com\/veterinaire\/beugnies-59216\/boutique\/product\/flatazor-protect-senior-chien\/","title":{"rendered":"Flatazor Protect Senior + Chien"},"content":{"rendered":"","protected":false},"excerpt":{"rendered":"<p>Les croquettes Flatazor Protect Senior + sont un aliment complet qui permettent de pr\u00e9venir des signes du vieillissement et sont id\u00e9ales pour les chiens \u00e2g\u00e9s.<\/p>\n<p>Tr\u00e8s riches en polyph\u00e9nols, antioxydants naturels qui prot\u00e8gent les cellules de l&#8217;organisme, ces croquettes sont \u00e9galement sans sel, elles pr\u00e9viennent la fatigue du coeur et \u00e9vite la r\u00e9tention d&#8217;eau.<\/p>\n","protected":false},"featured_media":38110,"template":"","meta":[],"product_cat":[2698],"product_tag":[],"class_list":{"0":"post-38111","1":"product","2":"type-product","3":"status-publish","4":"has-post-thumbnail","6":"product_cat-chien","7":"pa_marque-sopral","9":"first","10":"instock","11":"taxable","12":"shipping-taxable","13":"purchasable","14":"product-type-variable"},"yoast_head":"<!-- This site is optimized with the Yoast SEO plugin v27.3 - https:\/\/yoast.com\/product\/yoast-seo-wordpress\/ -->\n<title>Flatazor Protect Senior + Chien Sopral - V\u00e9torino<\/title>\n<meta name=\"description\" content=\"Les croquettes Flatazor Protect Senior + sont un aliment complet qui permettent de pr\u00e9venir des signes du vieillissement et sont id\u00e9ales pour les chiens \u00e2g\u00e9s.  Tr\u00e8s riches en polyph\u00e9nols, antioxydants naturels qui prot\u00e8gent les cellules de l&#039;organisme, ces croquettes sont \u00e9galement sans sel, elles pr\u00e9viennent la fatigue du coeur et \u00e9vite la r\u00e9tention d&#039;eau.\" \/>\n<meta name=\"robots\" content=\"noindex, nofollow\" \/>\n<meta property=\"og:locale\" content=\"fr_FR\" \/>\n<meta property=\"og:type\" content=\"article\" \/>\n<meta property=\"og:title\" content=\"Flatazor Protect Senior + Chien Sopral - V\u00e9torino\" \/>\n<meta property=\"og:description\" content=\"Les croquettes Flatazor Protect Senior + sont un aliment complet qui permettent de pr\u00e9venir des signes du vieillissement et sont id\u00e9ales pour les chiens \u00e2g\u00e9s.  Tr\u00e8s riches en polyph\u00e9nols, antioxydants naturels qui prot\u00e8gent les cellules de l&#039;organisme, ces croquettes sont \u00e9galement sans sel, elles pr\u00e9viennent la fatigue du coeur et \u00e9vite la r\u00e9tention d&#039;eau.\" \/>\n<meta property=\"og:url\" content=\"https:\/\/www.vetorino.com\/veterinaire\/beugnies-59216\/boutique\/product\/flatazor-protect-senior-chien\/\" \/>\n<meta property=\"og:site_name\" content=\"V\u00e9torino\" \/>\n<meta property=\"article:publisher\" content=\"https:\/\/www.facebook.com\/Vetorino\/\" \/>\n<meta property=\"article:modified_time\" content=\"2020-12-15T01:54:12+00:00\" \/>\n<meta property=\"og:image\" content=\"https:\/\/www.vetorino.com\/boutique\/wp-content\/uploads\/2020\/03\/SOPRA-8093716_8093722.jpg\" \/>\n\t<meta property=\"og:image:width\" content=\"255\" \/>\n\t<meta property=\"og:image:height\" content=\"255\" \/>\n\t<meta property=\"og:image:type\" content=\"image\/jpeg\" \/>\n<meta name=\"twitter:card\" content=\"summary_large_image\" \/>\n<meta name=\"twitter:label1\" content=\"Disponibilit\u00e9\" \/>\n\t<meta name=\"twitter:data1\" content=\"En stock\" \/>\n<script type=\"application\/ld+json\" class=\"yoast-schema-graph\">{\"@context\":\"https:\\\/\\\/schema.org\",\"@graph\":[{\"@type\":\"WebPage\",\"@id\":\"https:\\\/\\\/www.vetorino.com\\\/boutique\\\/product\\\/flatazor-protect-senior-chien\\\/\",\"url\":\"https:\\\/\\\/www.vetorino.com\\\/boutique\\\/product\\\/flatazor-protect-senior-chien\\\/\",\"name\":\"Flatazor Protect Senior + Chien Sopral - V\u00e9torino\",\"isPartOf\":{\"@id\":\"https:\\\/\\\/www.vetorino.com\\\/boutique\\\/#website\"},\"primaryImageOfPage\":{\"@id\":\"https:\\\/\\\/www.vetorino.com\\\/boutique\\\/product\\\/flatazor-protect-senior-chien\\\/#primaryimage\"},\"image\":{\"@id\":\"https:\\\/\\\/www.vetorino.com\\\/boutique\\\/product\\\/flatazor-protect-senior-chien\\\/#primaryimage\"},\"thumbnailUrl\":\"https:\\\/\\\/www.vetorino.com\\\/boutique\\\/wp-content\\\/uploads\\\/2020\\\/03\\\/SOPRA-8093716_8093722.jpg\",\"datePublished\":\"2020-03-04T22:58:34+00:00\",\"dateModified\":\"2020-12-15T01:54:12+00:00\",\"description\":\"Les croquettes Flatazor Protect Senior + sont un aliment complet qui permettent de pr\u00e9venir des signes du vieillissement et sont id\u00e9ales pour les chiens \u00e2g\u00e9s. Tr\u00e8s riches en polyph\u00e9nols, antioxydants naturels qui prot\u00e8gent les cellules de l'organisme, ces croquettes sont \u00e9galement sans sel, elles pr\u00e9viennent la fatigue du coeur et \u00e9vite la r\u00e9tention d'eau.\",\"breadcrumb\":{\"@id\":\"https:\\\/\\\/www.vetorino.com\\\/boutique\\\/product\\\/flatazor-protect-senior-chien\\\/#breadcrumb\"},\"inLanguage\":\"fr-FR\",\"potentialAction\":[{\"@type\":\"ReadAction\",\"target\":[\"https:\\\/\\\/www.vetorino.com\\\/boutique\\\/product\\\/flatazor-protect-senior-chien\\\/\"]}]},{\"@type\":\"ImageObject\",\"inLanguage\":\"fr-FR\",\"@id\":\"https:\\\/\\\/www.vetorino.com\\\/boutique\\\/product\\\/flatazor-protect-senior-chien\\\/#primaryimage\",\"url\":\"https:\\\/\\\/www.vetorino.com\\\/boutique\\\/wp-content\\\/uploads\\\/2020\\\/03\\\/SOPRA-8093716_8093722.jpg\",\"contentUrl\":\"https:\\\/\\\/www.vetorino.com\\\/boutique\\\/wp-content\\\/uploads\\\/2020\\\/03\\\/SOPRA-8093716_8093722.jpg\",\"width\":255,\"height\":255},{\"@type\":\"BreadcrumbList\",\"@id\":\"https:\\\/\\\/www.vetorino.com\\\/boutique\\\/product\\\/flatazor-protect-senior-chien\\\/#breadcrumb\",\"itemListElement\":[{\"@type\":\"ListItem\",\"position\":1,\"name\":\"Accueil\",\"item\":\"https:\\\/\\\/www.vetorino.com\\\/boutique\\\/\"},{\"@type\":\"ListItem\",\"position\":2,\"name\":\"Produits\",\"item\":\"https:\\\/\\\/www.vetorino.com\\\/boutique\\\/\"},{\"@type\":\"ListItem\",\"position\":3,\"name\":\"Flatazor Protect Senior + Chien\"}]},{\"@type\":\"WebSite\",\"@id\":\"https:\\\/\\\/www.vetorino.com\\\/boutique\\\/#website\",\"url\":\"https:\\\/\\\/www.vetorino.com\\\/boutique\\\/\",\"name\":\"V\u00e9torino\",\"description\":\"\",\"publisher\":{\"@id\":\"https:\\\/\\\/www.vetorino.com\\\/boutique\\\/#organization\"},\"potentialAction\":[{\"@type\":\"SearchAction\",\"target\":{\"@type\":\"EntryPoint\",\"urlTemplate\":\"https:\\\/\\\/www.vetorino.com\\\/boutique\\\/?s={search_term_string}\"},\"query-input\":{\"@type\":\"PropertyValueSpecification\",\"valueRequired\":true,\"valueName\":\"search_term_string\"}}],\"inLanguage\":\"fr-FR\"},{\"@type\":\"Organization\",\"@id\":\"https:\\\/\\\/www.vetorino.com\\\/boutique\\\/#organization\",\"name\":\"V\u00e9torino\",\"url\":\"https:\\\/\\\/www.vetorino.com\\\/boutique\\\/\",\"logo\":{\"@type\":\"ImageObject\",\"inLanguage\":\"fr-FR\",\"@id\":\"https:\\\/\\\/www.vetorino.com\\\/boutique\\\/#\\\/schema\\\/logo\\\/image\\\/\",\"url\":\"https:\\\/\\\/www.vetorino.com\\\/boutique\\\/wp-content\\\/uploads\\\/2024\\\/10\\\/logo.jpg\",\"contentUrl\":\"https:\\\/\\\/www.vetorino.com\\\/boutique\\\/wp-content\\\/uploads\\\/2024\\\/10\\\/logo.jpg\",\"width\":1200,\"height\":610,\"caption\":\"V\u00e9torino\"},\"image\":{\"@id\":\"https:\\\/\\\/www.vetorino.com\\\/boutique\\\/#\\\/schema\\\/logo\\\/image\\\/\"},\"sameAs\":[\"https:\\\/\\\/www.facebook.com\\\/Vetorino\\\/\",\"https:\\\/\\\/www.instagram.com\\\/vetorino_off\\\/\",\"https:\\\/\\\/www.linkedin.com\\\/company\\\/vtorino\\\/\"]}]}<\/script>\n<meta property=\"product:brand\" content=\"Sopral\" \/>\n<meta property=\"og:availability\" content=\"instock\" \/>\n<meta property=\"product:availability\" content=\"instock\" \/>\n<meta property=\"product:condition\" content=\"new\" \/>\n<!-- \/ Yoast SEO plugin. -->","yoast_head_json":{"title":"Flatazor Protect Senior + Chien Sopral - V\u00e9torino","description":"Les croquettes Flatazor Protect Senior + sont un aliment complet qui permettent de pr\u00e9venir des signes du vieillissement et sont id\u00e9ales pour les chiens \u00e2g\u00e9s.  Tr\u00e8s riches en polyph\u00e9nols, antioxydants naturels qui prot\u00e8gent les cellules de l'organisme, ces croquettes sont \u00e9galement sans sel, elles pr\u00e9viennent la fatigue du coeur et \u00e9vite la r\u00e9tention d'eau.","robots":{"index":"noindex","follow":"nofollow"},"og_locale":"fr_FR","og_type":"article","og_title":"Flatazor Protect Senior + Chien Sopral - V\u00e9torino","og_description":"Les croquettes Flatazor Protect Senior + sont un aliment complet qui permettent de pr\u00e9venir des signes du vieillissement et sont id\u00e9ales pour les chiens \u00e2g\u00e9s.  Tr\u00e8s riches en polyph\u00e9nols, antioxydants naturels qui prot\u00e8gent les cellules de l'organisme, ces croquettes sont \u00e9galement sans sel, elles pr\u00e9viennent la fatigue du coeur et \u00e9vite la r\u00e9tention d'eau.","og_url":"https:\/\/www.vetorino.com\/veterinaire\/beugnies-59216\/boutique\/product\/flatazor-protect-senior-chien\/","og_site_name":"V\u00e9torino","article_publisher":"https:\/\/www.facebook.com\/Vetorino\/","article_modified_time":"2020-12-15T01:54:12+00:00","og_image":[{"width":255,"height":255,"url":"https:\/\/www.vetorino.com\/boutique\/wp-content\/uploads\/2020\/03\/SOPRA-8093716_8093722.jpg","type":"image\/jpeg"}],"twitter_card":"summary_large_image","twitter_misc":{"Disponibilit\u00e9":"En stock"},"schema":{"@context":"https:\/\/schema.org","@graph":[{"@type":"WebPage","@id":"https:\/\/www.vetorino.com\/boutique\/product\/flatazor-protect-senior-chien\/","url":"https:\/\/www.vetorino.com\/boutique\/product\/flatazor-protect-senior-chien\/","name":"Flatazor Protect Senior + Chien Sopral - V\u00e9torino","isPartOf":{"@id":"https:\/\/www.vetorino.com\/boutique\/#website"},"primaryImageOfPage":{"@id":"https:\/\/www.vetorino.com\/boutique\/product\/flatazor-protect-senior-chien\/#primaryimage"},"image":{"@id":"https:\/\/www.vetorino.com\/boutique\/product\/flatazor-protect-senior-chien\/#primaryimage"},"thumbnailUrl":"https:\/\/www.vetorino.com\/boutique\/wp-content\/uploads\/2020\/03\/SOPRA-8093716_8093722.jpg","datePublished":"2020-03-04T22:58:34+00:00","dateModified":"2020-12-15T01:54:12+00:00","description":"Les croquettes Flatazor Protect Senior + sont un aliment complet qui permettent de pr\u00e9venir des signes du vieillissement et sont id\u00e9ales pour les chiens \u00e2g\u00e9s. Tr\u00e8s riches en polyph\u00e9nols, antioxydants naturels qui prot\u00e8gent les cellules de l'organisme, ces croquettes sont \u00e9galement sans sel, elles pr\u00e9viennent la fatigue du coeur et \u00e9vite la r\u00e9tention d'eau.","breadcrumb":{"@id":"https:\/\/www.vetorino.com\/boutique\/product\/flatazor-protect-senior-chien\/#breadcrumb"},"inLanguage":"fr-FR","potentialAction":[{"@type":"ReadAction","target":["https:\/\/www.vetorino.com\/boutique\/product\/flatazor-protect-senior-chien\/"]}]},{"@type":"ImageObject","inLanguage":"fr-FR","@id":"https:\/\/www.vetorino.com\/boutique\/product\/flatazor-protect-senior-chien\/#primaryimage","url":"https:\/\/www.vetorino.com\/boutique\/wp-content\/uploads\/2020\/03\/SOPRA-8093716_8093722.jpg","contentUrl":"https:\/\/www.vetorino.com\/boutique\/wp-content\/uploads\/2020\/03\/SOPRA-8093716_8093722.jpg","width":255,"height":255},{"@type":"BreadcrumbList","@id":"https:\/\/www.vetorino.com\/boutique\/product\/flatazor-protect-senior-chien\/#breadcrumb","itemListElement":[{"@type":"ListItem","position":1,"name":"Accueil","item":"https:\/\/www.vetorino.com\/boutique\/"},{"@type":"ListItem","position":2,"name":"Produits","item":"https:\/\/www.vetorino.com\/boutique\/"},{"@type":"ListItem","position":3,"name":"Flatazor Protect Senior + Chien"}]},{"@type":"WebSite","@id":"https:\/\/www.vetorino.com\/boutique\/#website","url":"https:\/\/www.vetorino.com\/boutique\/","name":"V\u00e9torino","description":"","publisher":{"@id":"https:\/\/www.vetorino.com\/boutique\/#organization"},"potentialAction":[{"@type":"SearchAction","target":{"@type":"EntryPoint","urlTemplate":"https:\/\/www.vetorino.com\/boutique\/?s={search_term_string}"},"query-input":{"@type":"PropertyValueSpecification","valueRequired":true,"valueName":"search_term_string"}}],"inLanguage":"fr-FR"},{"@type":"Organization","@id":"https:\/\/www.vetorino.com\/boutique\/#organization","name":"V\u00e9torino","url":"https:\/\/www.vetorino.com\/boutique\/","logo":{"@type":"ImageObject","inLanguage":"fr-FR","@id":"https:\/\/www.vetorino.com\/boutique\/#\/schema\/logo\/image\/","url":"https:\/\/www.vetorino.com\/boutique\/wp-content\/uploads\/2024\/10\/logo.jpg","contentUrl":"https:\/\/www.vetorino.com\/boutique\/wp-content\/uploads\/2024\/10\/logo.jpg","width":1200,"height":610,"caption":"V\u00e9torino"},"image":{"@id":"https:\/\/www.vetorino.com\/boutique\/#\/schema\/logo\/image\/"},"sameAs":["https:\/\/www.facebook.com\/Vetorino\/","https:\/\/www.instagram.com\/vetorino_off\/","https:\/\/www.linkedin.com\/company\/vtorino\/"]}]},"product_brand":"Sopral","og_availability":"instock","product_availability":"instock","product_condition":"new"},"_links":{"self":[{"href":"https:\/\/www.vetorino.com\/veterinaire\/beugnies-59216\/boutique\/wp-json\/wp\/v2\/product\/38111","targetHints":{"allow":["GET"]}}],"collection":[{"href":"https:\/\/www.vetorino.com\/veterinaire\/beugnies-59216\/boutique\/wp-json\/wp\/v2\/product"}],"about":[{"href":"https:\/\/www.vetorino.com\/veterinaire\/beugnies-59216\/boutique\/wp-json\/wp\/v2\/types\/product"}],"wp:featuredmedia":[{"embeddable":true,"href":"https:\/\/www.vetorino.com\/veterinaire\/beugnies-59216\/boutique\/wp-json\/wp\/v2\/media\/38110"}],"wp:attachment":[{"href":"https:\/\/www.vetorino.com\/veterinaire\/beugnies-59216\/boutique\/wp-json\/wp\/v2\/media?parent=38111"}],"wp:term":[{"taxonomy":"product_cat","embeddable":true,"href":"https:\/\/www.vetorino.com\/veterinaire\/beugnies-59216\/boutique\/wp-json\/wp\/v2\/product_cat?post=38111"},{"taxonomy":"product_tag","embeddable":true,"href":"https:\/\/www.vetorino.com\/veterinaire\/beugnies-59216\/boutique\/wp-json\/wp\/v2\/product_tag?post=38111"}],"curies":[{"name":"wp","href":"https:\/\/api.w.org\/{rel}","templated":true}]}}