{"id":507988,"date":"2022-11-17T20:45:20","date_gmt":"2022-11-17T19:45:20","guid":{"rendered":"https:\/\/www.vetorino.com\/boutique\/product\/dog-odor-eliminator\/"},"modified":"2026-02-09T13:58:53","modified_gmt":"2026-02-09T12:58:53","slug":"dog-odor-eliminator","status":"publish","type":"product","link":"https:\/\/www.vetorino.com\/veterinaire\/beugnies-59216\/boutique\/product\/dog-odor-eliminator\/","title":{"rendered":"Dog Odor Eliminator chien"},"content":{"rendered":"<p><strong>Dog Odor Eliminator est scientifiquement formul\u00e9 pour \u00e9liminer les odeurs de chiens<\/strong> par contact : urine, f\u00e8ces, s\u00e9cr\u00e9tions des glandes anales, vomissements et odeurs corporelles.<\/p>\n<p>Peut \u00eatre <strong>appliqu\u00e9 sur l&#8217;animal ou sur des surfaces<\/strong> (lits, tapis, cages et autres sources d&#8217;odeur d\u00e9sagr\u00e9able).<\/p>\n<p>Peut \u00eatre appliqu\u00e9 sans bain ou apr\u00e8s utilisation de shampooings, de d\u00e9tergents, de bact\u00e9ricides sans alt\u00e9rer leur efficacit\u00e9.<\/p>\n<div class=\"tabs product-tabs visible--desktop\">\n<div id=\"tab-content\" class=\"tab-content mb-4\">\n<div id=\"description\" class=\"tab-pane fade show active\" role=\"tabpanel\">\n<div class=\"product-description\">\n<p><strong>Dog Odor Eliminator permet de traiter efficacement :<\/strong><\/p>\n<ul>\n<li>\u00a0Les odeurs sur les coussins, canap\u00e9s, fauteuils et tapis (les urines impr\u00e8gnent les tissus en profondeurs ce qui rend les d\u00e9tergents et pulv\u00e9risations de surface inefficaces).<\/li>\n<li>Les odeurs corporelles (Un bain aidera \u00e0 lutter contre les odeurs naturelles du corps, cependant un shampooing trop fr\u00e9quent peut provoquer une s\u00e9cheresse et une irritation de la peau. Dog Odor Eliminator peut simplement \u00eatre pulv\u00e9ris\u00e9 sur l&#8217;animal pour aider \u00e0 contr\u00f4ler les odeurs entre chaque bain).<\/li>\n<li>Les odeurs de glandes anales ou de mati\u00e8res f\u00e9cales.<\/li>\n<\/ul>\n<\/div>\n<\/div>\n<\/div>\n<\/div>\n","protected":false},"excerpt":{"rendered":"<p><strong>Dog Odor Eliminator est scientifiquement formul\u00e9 pour \u00e9liminer les odeurs de chiens<\/strong> par contact : urine, f\u00e8ces, s\u00e9cr\u00e9tions des glandes anales, vomissements et odeurs corporelles.<\/p>\n<p>Peut \u00eatre <strong>appliqu\u00e9 sur l&#8217;animal ou sur des surfaces<\/strong> (lits, tapis, cages et autres sources d&#8217;odeur d\u00e9sagr\u00e9able).<\/p>\n<p>Peut \u00eatre appliqu\u00e9 sans bain ou apr\u00e8s utilisation de shampooings, de d\u00e9tergents, de bact\u00e9ricides sans alt\u00e9rer leur efficacit\u00e9.<\/p>\n","protected":false},"featured_media":1694890,"template":"","meta":[],"product_cat":[2698,12612,12649],"product_tag":[],"class_list":{"0":"post-507988","1":"product","2":"type-product","3":"status-publish","4":"has-post-thumbnail","6":"product_cat-chien","7":"product_cat-hygiene-de-la-peau-et-du-pelage-du-chien","8":"product_cat-traitement-de-lhabitat-du-chien","9":"pa_marque-vetexpert","11":"first","12":"outofstock","13":"taxable","14":"shipping-taxable","15":"purchasable","16":"product-type-simple"},"yoast_head":"<!-- This site is optimized with the Yoast SEO plugin v27.3 - https:\/\/yoast.com\/product\/yoast-seo-wordpress\/ -->\n<title>Dog Odor Eliminator chien Vetexpert - V\u00e9torino<\/title>\n<meta name=\"description\" content=\"Dog Odor Eliminator est scientifiquement formul\u00e9 pour \u00e9liminer les odeurs de chiens par contact : urine, f\u00e8ces, s\u00e9cr\u00e9tions des glandes anales, vomissements et odeurs corporelles.  Peut \u00eatre appliqu\u00e9 sur l&#039;animal ou sur des surfaces (lits, tapis, cages et autres sources d&#039;odeur d\u00e9sagr\u00e9able).  Peut \u00eatre appliqu\u00e9 sans bain ou apr\u00e8s utilisation de shampooings, de d\u00e9tergents, de bact\u00e9ricides sans alt\u00e9rer leur efficacit\u00e9.\" \/>\n<meta name=\"robots\" content=\"noindex, nofollow\" \/>\n<meta property=\"og:locale\" content=\"fr_FR\" \/>\n<meta property=\"og:type\" content=\"article\" \/>\n<meta property=\"og:title\" content=\"Dog Odor Eliminator chien Vetexpert - V\u00e9torino\" \/>\n<meta property=\"og:description\" content=\"Dog Odor Eliminator est scientifiquement formul\u00e9 pour \u00e9liminer les odeurs de chiens par contact : urine, f\u00e8ces, s\u00e9cr\u00e9tions des glandes anales, vomissements et odeurs corporelles.  Peut \u00eatre appliqu\u00e9 sur l&#039;animal ou sur des surfaces (lits, tapis, cages et autres sources d&#039;odeur d\u00e9sagr\u00e9able).  Peut \u00eatre appliqu\u00e9 sans bain ou apr\u00e8s utilisation de shampooings, de d\u00e9tergents, de bact\u00e9ricides sans alt\u00e9rer leur efficacit\u00e9.\" \/>\n<meta property=\"og:url\" content=\"https:\/\/www.vetorino.com\/veterinaire\/beugnies-59216\/boutique\/product\/dog-odor-eliminator\/\" \/>\n<meta property=\"og:site_name\" content=\"V\u00e9torino\" \/>\n<meta property=\"article:publisher\" content=\"https:\/\/www.facebook.com\/Vetorino\/\" \/>\n<meta property=\"article:modified_time\" content=\"2026-02-09T12:58:53+00:00\" \/>\n<meta property=\"og:image\" content=\"https:\/\/www.vetorino.com\/boutique\/wp-content\/uploads\/2022\/11\/dog-odor-eliminator-destructeur-d-odeurs-1.webp\" \/>\n\t<meta property=\"og:image:width\" content=\"800\" \/>\n\t<meta property=\"og:image:height\" content=\"800\" \/>\n\t<meta property=\"og:image:type\" content=\"image\/webp\" \/>\n<meta name=\"twitter:card\" content=\"summary_large_image\" \/>\n<meta name=\"twitter:label1\" content=\"Prix\" \/>\n\t<meta name=\"twitter:data1\" content=\"29,07&euro;\" \/>\n\t<meta name=\"twitter:label2\" content=\"Disponibilit\u00e9\" \/>\n\t<meta name=\"twitter:data2\" content=\"Rupture de stock\" \/>\n<script type=\"application\/ld+json\" class=\"yoast-schema-graph\">{\"@context\":\"https:\\\/\\\/schema.org\",\"@graph\":[{\"@type\":\"WebPage\",\"@id\":\"https:\\\/\\\/www.vetorino.com\\\/boutique\\\/product\\\/dog-odor-eliminator\\\/\",\"url\":\"https:\\\/\\\/www.vetorino.com\\\/boutique\\\/product\\\/dog-odor-eliminator\\\/\",\"name\":\"Dog Odor Eliminator chien Vetexpert - V\u00e9torino\",\"isPartOf\":{\"@id\":\"https:\\\/\\\/www.vetorino.com\\\/boutique\\\/#website\"},\"primaryImageOfPage\":{\"@id\":\"https:\\\/\\\/www.vetorino.com\\\/boutique\\\/product\\\/dog-odor-eliminator\\\/#primaryimage\"},\"image\":{\"@id\":\"https:\\\/\\\/www.vetorino.com\\\/boutique\\\/product\\\/dog-odor-eliminator\\\/#primaryimage\"},\"thumbnailUrl\":\"https:\\\/\\\/www.vetorino.com\\\/boutique\\\/wp-content\\\/uploads\\\/2022\\\/11\\\/dog-odor-eliminator-destructeur-d-odeurs-1.webp\",\"datePublished\":\"2022-11-17T19:45:20+00:00\",\"dateModified\":\"2026-02-09T12:58:53+00:00\",\"description\":\"Dog Odor Eliminator est scientifiquement formul\u00e9 pour \u00e9liminer les odeurs de chiens par contact : urine, f\u00e8ces, s\u00e9cr\u00e9tions des glandes anales, vomissements et odeurs corporelles. Peut \u00eatre appliqu\u00e9 sur l'animal ou sur des surfaces (lits, tapis, cages et autres sources d'odeur d\u00e9sagr\u00e9able). Peut \u00eatre appliqu\u00e9 sans bain ou apr\u00e8s utilisation de shampooings, de d\u00e9tergents, de bact\u00e9ricides sans alt\u00e9rer leur efficacit\u00e9.\",\"breadcrumb\":{\"@id\":\"https:\\\/\\\/www.vetorino.com\\\/boutique\\\/product\\\/dog-odor-eliminator\\\/#breadcrumb\"},\"inLanguage\":\"fr-FR\",\"potentialAction\":[{\"@type\":\"ReadAction\",\"target\":[\"https:\\\/\\\/www.vetorino.com\\\/boutique\\\/product\\\/dog-odor-eliminator\\\/\"]}]},{\"@type\":\"ImageObject\",\"inLanguage\":\"fr-FR\",\"@id\":\"https:\\\/\\\/www.vetorino.com\\\/boutique\\\/product\\\/dog-odor-eliminator\\\/#primaryimage\",\"url\":\"https:\\\/\\\/www.vetorino.com\\\/boutique\\\/wp-content\\\/uploads\\\/2022\\\/11\\\/dog-odor-eliminator-destructeur-d-odeurs-1.webp\",\"contentUrl\":\"https:\\\/\\\/www.vetorino.com\\\/boutique\\\/wp-content\\\/uploads\\\/2022\\\/11\\\/dog-odor-eliminator-destructeur-d-odeurs-1.webp\",\"width\":800,\"height\":800},{\"@type\":\"BreadcrumbList\",\"@id\":\"https:\\\/\\\/www.vetorino.com\\\/boutique\\\/product\\\/dog-odor-eliminator\\\/#breadcrumb\",\"itemListElement\":[{\"@type\":\"ListItem\",\"position\":1,\"name\":\"Accueil\",\"item\":\"https:\\\/\\\/www.vetorino.com\\\/boutique\\\/\"},{\"@type\":\"ListItem\",\"position\":2,\"name\":\"Produits\",\"item\":\"https:\\\/\\\/www.vetorino.com\\\/boutique\\\/\"},{\"@type\":\"ListItem\",\"position\":3,\"name\":\"Dog Odor Eliminator chien\"}]},{\"@type\":\"WebSite\",\"@id\":\"https:\\\/\\\/www.vetorino.com\\\/boutique\\\/#website\",\"url\":\"https:\\\/\\\/www.vetorino.com\\\/boutique\\\/\",\"name\":\"V\u00e9torino\",\"description\":\"\",\"publisher\":{\"@id\":\"https:\\\/\\\/www.vetorino.com\\\/boutique\\\/#organization\"},\"potentialAction\":[{\"@type\":\"SearchAction\",\"target\":{\"@type\":\"EntryPoint\",\"urlTemplate\":\"https:\\\/\\\/www.vetorino.com\\\/boutique\\\/?s={search_term_string}\"},\"query-input\":{\"@type\":\"PropertyValueSpecification\",\"valueRequired\":true,\"valueName\":\"search_term_string\"}}],\"inLanguage\":\"fr-FR\"},{\"@type\":\"Organization\",\"@id\":\"https:\\\/\\\/www.vetorino.com\\\/boutique\\\/#organization\",\"name\":\"V\u00e9torino\",\"url\":\"https:\\\/\\\/www.vetorino.com\\\/boutique\\\/\",\"logo\":{\"@type\":\"ImageObject\",\"inLanguage\":\"fr-FR\",\"@id\":\"https:\\\/\\\/www.vetorino.com\\\/boutique\\\/#\\\/schema\\\/logo\\\/image\\\/\",\"url\":\"https:\\\/\\\/www.vetorino.com\\\/boutique\\\/wp-content\\\/uploads\\\/2024\\\/10\\\/logo.jpg\",\"contentUrl\":\"https:\\\/\\\/www.vetorino.com\\\/boutique\\\/wp-content\\\/uploads\\\/2024\\\/10\\\/logo.jpg\",\"width\":1200,\"height\":610,\"caption\":\"V\u00e9torino\"},\"image\":{\"@id\":\"https:\\\/\\\/www.vetorino.com\\\/boutique\\\/#\\\/schema\\\/logo\\\/image\\\/\"},\"sameAs\":[\"https:\\\/\\\/www.facebook.com\\\/Vetorino\\\/\",\"https:\\\/\\\/www.instagram.com\\\/vetorino_off\\\/\",\"https:\\\/\\\/www.linkedin.com\\\/company\\\/vtorino\\\/\"]}]}<\/script>\n<meta property=\"product:brand\" content=\"Vetexpert\" \/>\n<meta property=\"product:price:amount\" content=\"29.07\" \/>\n<meta property=\"product:price:currency\" content=\"EUR\" \/>\n<meta property=\"og:availability\" content=\"out of stock\" \/>\n<meta property=\"product:availability\" content=\"out of stock\" \/>\n<meta property=\"product:retailer_item_id\" content=\"A-1830580\" \/>\n<meta property=\"product:condition\" content=\"new\" \/>\n<!-- \/ Yoast SEO plugin. -->","yoast_head_json":{"title":"Dog Odor Eliminator chien Vetexpert - V\u00e9torino","description":"Dog Odor Eliminator est scientifiquement formul\u00e9 pour \u00e9liminer les odeurs de chiens par contact : urine, f\u00e8ces, s\u00e9cr\u00e9tions des glandes anales, vomissements et odeurs corporelles.  Peut \u00eatre appliqu\u00e9 sur l'animal ou sur des surfaces (lits, tapis, cages et autres sources d'odeur d\u00e9sagr\u00e9able).  Peut \u00eatre appliqu\u00e9 sans bain ou apr\u00e8s utilisation de shampooings, de d\u00e9tergents, de bact\u00e9ricides sans alt\u00e9rer leur efficacit\u00e9.","robots":{"index":"noindex","follow":"nofollow"},"og_locale":"fr_FR","og_type":"article","og_title":"Dog Odor Eliminator chien Vetexpert - V\u00e9torino","og_description":"Dog Odor Eliminator est scientifiquement formul\u00e9 pour \u00e9liminer les odeurs de chiens par contact : urine, f\u00e8ces, s\u00e9cr\u00e9tions des glandes anales, vomissements et odeurs corporelles.  Peut \u00eatre appliqu\u00e9 sur l'animal ou sur des surfaces (lits, tapis, cages et autres sources d'odeur d\u00e9sagr\u00e9able).  Peut \u00eatre appliqu\u00e9 sans bain ou apr\u00e8s utilisation de shampooings, de d\u00e9tergents, de bact\u00e9ricides sans alt\u00e9rer leur efficacit\u00e9.","og_url":"https:\/\/www.vetorino.com\/veterinaire\/beugnies-59216\/boutique\/product\/dog-odor-eliminator\/","og_site_name":"V\u00e9torino","article_publisher":"https:\/\/www.facebook.com\/Vetorino\/","article_modified_time":"2026-02-09T12:58:53+00:00","og_image":[{"width":800,"height":800,"url":"https:\/\/www.vetorino.com\/boutique\/wp-content\/uploads\/2022\/11\/dog-odor-eliminator-destructeur-d-odeurs-1.webp","type":"image\/webp"}],"twitter_card":"summary_large_image","twitter_misc":{"Prix":"29,07&euro;","Disponibilit\u00e9":"Rupture de stock"},"schema":{"@context":"https:\/\/schema.org","@graph":[{"@type":"WebPage","@id":"https:\/\/www.vetorino.com\/boutique\/product\/dog-odor-eliminator\/","url":"https:\/\/www.vetorino.com\/boutique\/product\/dog-odor-eliminator\/","name":"Dog Odor Eliminator chien Vetexpert - V\u00e9torino","isPartOf":{"@id":"https:\/\/www.vetorino.com\/boutique\/#website"},"primaryImageOfPage":{"@id":"https:\/\/www.vetorino.com\/boutique\/product\/dog-odor-eliminator\/#primaryimage"},"image":{"@id":"https:\/\/www.vetorino.com\/boutique\/product\/dog-odor-eliminator\/#primaryimage"},"thumbnailUrl":"https:\/\/www.vetorino.com\/boutique\/wp-content\/uploads\/2022\/11\/dog-odor-eliminator-destructeur-d-odeurs-1.webp","datePublished":"2022-11-17T19:45:20+00:00","dateModified":"2026-02-09T12:58:53+00:00","description":"Dog Odor Eliminator est scientifiquement formul\u00e9 pour \u00e9liminer les odeurs de chiens par contact : urine, f\u00e8ces, s\u00e9cr\u00e9tions des glandes anales, vomissements et odeurs corporelles. Peut \u00eatre appliqu\u00e9 sur l'animal ou sur des surfaces (lits, tapis, cages et autres sources d'odeur d\u00e9sagr\u00e9able). Peut \u00eatre appliqu\u00e9 sans bain ou apr\u00e8s utilisation de shampooings, de d\u00e9tergents, de bact\u00e9ricides sans alt\u00e9rer leur efficacit\u00e9.","breadcrumb":{"@id":"https:\/\/www.vetorino.com\/boutique\/product\/dog-odor-eliminator\/#breadcrumb"},"inLanguage":"fr-FR","potentialAction":[{"@type":"ReadAction","target":["https:\/\/www.vetorino.com\/boutique\/product\/dog-odor-eliminator\/"]}]},{"@type":"ImageObject","inLanguage":"fr-FR","@id":"https:\/\/www.vetorino.com\/boutique\/product\/dog-odor-eliminator\/#primaryimage","url":"https:\/\/www.vetorino.com\/boutique\/wp-content\/uploads\/2022\/11\/dog-odor-eliminator-destructeur-d-odeurs-1.webp","contentUrl":"https:\/\/www.vetorino.com\/boutique\/wp-content\/uploads\/2022\/11\/dog-odor-eliminator-destructeur-d-odeurs-1.webp","width":800,"height":800},{"@type":"BreadcrumbList","@id":"https:\/\/www.vetorino.com\/boutique\/product\/dog-odor-eliminator\/#breadcrumb","itemListElement":[{"@type":"ListItem","position":1,"name":"Accueil","item":"https:\/\/www.vetorino.com\/boutique\/"},{"@type":"ListItem","position":2,"name":"Produits","item":"https:\/\/www.vetorino.com\/boutique\/"},{"@type":"ListItem","position":3,"name":"Dog Odor Eliminator chien"}]},{"@type":"WebSite","@id":"https:\/\/www.vetorino.com\/boutique\/#website","url":"https:\/\/www.vetorino.com\/boutique\/","name":"V\u00e9torino","description":"","publisher":{"@id":"https:\/\/www.vetorino.com\/boutique\/#organization"},"potentialAction":[{"@type":"SearchAction","target":{"@type":"EntryPoint","urlTemplate":"https:\/\/www.vetorino.com\/boutique\/?s={search_term_string}"},"query-input":{"@type":"PropertyValueSpecification","valueRequired":true,"valueName":"search_term_string"}}],"inLanguage":"fr-FR"},{"@type":"Organization","@id":"https:\/\/www.vetorino.com\/boutique\/#organization","name":"V\u00e9torino","url":"https:\/\/www.vetorino.com\/boutique\/","logo":{"@type":"ImageObject","inLanguage":"fr-FR","@id":"https:\/\/www.vetorino.com\/boutique\/#\/schema\/logo\/image\/","url":"https:\/\/www.vetorino.com\/boutique\/wp-content\/uploads\/2024\/10\/logo.jpg","contentUrl":"https:\/\/www.vetorino.com\/boutique\/wp-content\/uploads\/2024\/10\/logo.jpg","width":1200,"height":610,"caption":"V\u00e9torino"},"image":{"@id":"https:\/\/www.vetorino.com\/boutique\/#\/schema\/logo\/image\/"},"sameAs":["https:\/\/www.facebook.com\/Vetorino\/","https:\/\/www.instagram.com\/vetorino_off\/","https:\/\/www.linkedin.com\/company\/vtorino\/"]}]},"product_brand":"Vetexpert","product_price_amount":"29.07","product_price_currency":"EUR","og_availability":"out of stock","product_availability":"out of stock","product_retailer_item_id":"A-1830580","product_condition":"new"},"_links":{"self":[{"href":"https:\/\/www.vetorino.com\/veterinaire\/beugnies-59216\/boutique\/wp-json\/wp\/v2\/product\/507988","targetHints":{"allow":["GET"]}}],"collection":[{"href":"https:\/\/www.vetorino.com\/veterinaire\/beugnies-59216\/boutique\/wp-json\/wp\/v2\/product"}],"about":[{"href":"https:\/\/www.vetorino.com\/veterinaire\/beugnies-59216\/boutique\/wp-json\/wp\/v2\/types\/product"}],"wp:featuredmedia":[{"embeddable":true,"href":"https:\/\/www.vetorino.com\/veterinaire\/beugnies-59216\/boutique\/wp-json\/wp\/v2\/media\/1694890"}],"wp:attachment":[{"href":"https:\/\/www.vetorino.com\/veterinaire\/beugnies-59216\/boutique\/wp-json\/wp\/v2\/media?parent=507988"}],"wp:term":[{"taxonomy":"product_cat","embeddable":true,"href":"https:\/\/www.vetorino.com\/veterinaire\/beugnies-59216\/boutique\/wp-json\/wp\/v2\/product_cat?post=507988"},{"taxonomy":"product_tag","embeddable":true,"href":"https:\/\/www.vetorino.com\/veterinaire\/beugnies-59216\/boutique\/wp-json\/wp\/v2\/product_tag?post=507988"}],"curies":[{"name":"wp","href":"https:\/\/api.w.org\/{rel}","templated":true}]}}