{"id":507990,"date":"2022-11-17T20:45:25","date_gmt":"2022-11-17T19:45:25","guid":{"rendered":"https:\/\/www.vetorino.com\/boutique\/product\/cat-odor-eliminator\/"},"modified":"2026-02-11T11:20:58","modified_gmt":"2026-02-11T10:20:58","slug":"cat-odor-eliminator","status":"publish","type":"product","link":"https:\/\/www.vetorino.com\/veterinaire\/beugnies-59216\/boutique\/product\/cat-odor-eliminator\/","title":{"rendered":"Cat Odor Eliminator \u2013 d\u00e9sodorisant habitat chat"},"content":{"rendered":"<p><strong>Produit sp\u00e9cialement con\u00e7u pour \u00e9liminer les odeurs\u00a0de chat :\u00a0urine, f\u00e8ces, marquage urinaire.<\/strong><\/p>\n<p><strong>Utilisation :<\/strong><\/p>\n<ul>\n<li>Directement sur la surface concern\u00e9e\u00a0(couchage,\u00a0liti\u00e8re, sol, mur\u00a0\u2026)<\/li>\n<li>Spray<\/li>\n<\/ul>\n<p>Son action est bas\u00e9e sur le m\u00e9canisme de liaison des mol\u00e9cules responsables des odeurs d\u00e9sagr\u00e9ables.<\/p>\n<p>La\u00a0<strong>technologie<\/strong>\u00a0utilis\u00e9e, contrairement aux pr\u00e9parations classiques, ne masque pas l\u2019odeur ou a un effet enzymatique, mais elle la d\u00e9compose en permanence et emp\u00eache la formation de nouvelles, gr\u00e2ce \u00e0 laquelle elle\u00a0<strong>\u00e9limine m\u00eame les odeurs les plus d\u00e9sagr\u00e9ables.<\/strong><\/p>\n<p><strong>La formule contient un tensioactif d\u2019origine organique \u00e0 100 % afin de prot\u00e9ger vos animaux et la plan\u00e8te.<\/strong><\/p>\n","protected":false},"excerpt":{"rendered":"<p><strong>Produit sp\u00e9cialement con\u00e7u pour \u00e9liminer les odeurs\u00a0de chat :\u00a0urine, f\u00e8ces, marquage urinaire.<\/strong><\/p>\n<p><strong>Utilisation :<\/strong><\/p>\n<ul>\n<li>Directement sur la surface concern\u00e9e\u00a0(couchage,\u00a0liti\u00e8re, sol, mur\u00a0\u2026)<\/li>\n<li>Spray<\/li>\n<\/ul>\n","protected":false},"featured_media":1697997,"template":"","meta":[],"product_cat":[2697,12648],"product_tag":[],"class_list":{"0":"post-507990","1":"product","2":"type-product","3":"status-publish","4":"has-post-thumbnail","6":"product_cat-chat","7":"product_cat-traitement-de-lhabitat-du-chat","8":"pa_marque-vetexpert","10":"first","11":"outofstock","12":"taxable","13":"shipping-taxable","14":"purchasable","15":"product-type-simple"},"yoast_head":"<!-- This site is optimized with the Yoast SEO plugin v27.3 - https:\/\/yoast.com\/product\/yoast-seo-wordpress\/ -->\n<title>Cat Odor Eliminator \u2013 d\u00e9sodorisant habitat chat Vetexpert - V\u00e9torino<\/title>\n<meta name=\"description\" content=\"Produit sp\u00e9cialement con\u00e7u pour \u00e9liminer les odeurs\u00a0de chat :\u00a0urine, f\u00e8ces, marquage urinaire.  Utilisation :   Directement sur la surface concern\u00e9e\u00a0(couchage,\u00a0liti\u00e8re, sol, mur\u00a0\u2026)  Spray\" \/>\n<meta name=\"robots\" content=\"noindex, nofollow\" \/>\n<meta property=\"og:locale\" content=\"fr_FR\" \/>\n<meta property=\"og:type\" content=\"article\" \/>\n<meta property=\"og:title\" content=\"Cat Odor Eliminator \u2013 d\u00e9sodorisant habitat chat Vetexpert - V\u00e9torino\" \/>\n<meta property=\"og:description\" content=\"Produit sp\u00e9cialement con\u00e7u pour \u00e9liminer les odeurs\u00a0de chat :\u00a0urine, f\u00e8ces, marquage urinaire.  Utilisation :   Directement sur la surface concern\u00e9e\u00a0(couchage,\u00a0liti\u00e8re, sol, mur\u00a0\u2026)  Spray\" \/>\n<meta property=\"og:url\" content=\"https:\/\/www.vetorino.com\/veterinaire\/beugnies-59216\/boutique\/product\/cat-odor-eliminator\/\" \/>\n<meta property=\"og:site_name\" content=\"V\u00e9torino\" \/>\n<meta property=\"article:publisher\" content=\"https:\/\/www.facebook.com\/Vetorino\/\" \/>\n<meta property=\"article:modified_time\" content=\"2026-02-11T10:20:58+00:00\" \/>\n<meta property=\"og:image\" content=\"https:\/\/www.vetorino.com\/boutique\/wp-content\/uploads\/2020\/06\/cat-odor-eliminator-destructeur-d-odeurs-flacon-de-500-ml.webp\" \/>\n\t<meta property=\"og:image:width\" content=\"800\" \/>\n\t<meta property=\"og:image:height\" content=\"800\" \/>\n\t<meta property=\"og:image:type\" content=\"image\/webp\" \/>\n<meta name=\"twitter:card\" content=\"summary_large_image\" \/>\n<meta name=\"twitter:label1\" content=\"Prix\" \/>\n\t<meta name=\"twitter:data1\" content=\"29,66&euro;\" \/>\n\t<meta name=\"twitter:label2\" content=\"Disponibilit\u00e9\" \/>\n\t<meta name=\"twitter:data2\" content=\"Rupture de stock\" \/>\n<script type=\"application\/ld+json\" class=\"yoast-schema-graph\">{\"@context\":\"https:\\\/\\\/schema.org\",\"@graph\":[{\"@type\":\"WebPage\",\"@id\":\"https:\\\/\\\/www.vetorino.com\\\/boutique\\\/product\\\/cat-odor-eliminator\\\/\",\"url\":\"https:\\\/\\\/www.vetorino.com\\\/boutique\\\/product\\\/cat-odor-eliminator\\\/\",\"name\":\"Cat Odor Eliminator \u2013 d\u00e9sodorisant habitat chat Vetexpert - V\u00e9torino\",\"isPartOf\":{\"@id\":\"https:\\\/\\\/www.vetorino.com\\\/boutique\\\/#website\"},\"primaryImageOfPage\":{\"@id\":\"https:\\\/\\\/www.vetorino.com\\\/boutique\\\/product\\\/cat-odor-eliminator\\\/#primaryimage\"},\"image\":{\"@id\":\"https:\\\/\\\/www.vetorino.com\\\/boutique\\\/product\\\/cat-odor-eliminator\\\/#primaryimage\"},\"thumbnailUrl\":\"https:\\\/\\\/www.vetorino.com\\\/boutique\\\/wp-content\\\/uploads\\\/2020\\\/06\\\/cat-odor-eliminator-destructeur-d-odeurs-flacon-de-500-ml.webp\",\"datePublished\":\"2022-11-17T19:45:25+00:00\",\"dateModified\":\"2026-02-11T10:20:58+00:00\",\"description\":\"Produit sp\u00e9cialement con\u00e7u pour \u00e9liminer les odeurs\u00a0de chat :\u00a0urine, f\u00e8ces, marquage urinaire. Utilisation : Directement sur la surface concern\u00e9e\u00a0(couchage,\u00a0liti\u00e8re, sol, mur\u00a0\u2026) Spray\",\"breadcrumb\":{\"@id\":\"https:\\\/\\\/www.vetorino.com\\\/boutique\\\/product\\\/cat-odor-eliminator\\\/#breadcrumb\"},\"inLanguage\":\"fr-FR\",\"potentialAction\":[{\"@type\":\"ReadAction\",\"target\":[\"https:\\\/\\\/www.vetorino.com\\\/boutique\\\/product\\\/cat-odor-eliminator\\\/\"]}]},{\"@type\":\"ImageObject\",\"inLanguage\":\"fr-FR\",\"@id\":\"https:\\\/\\\/www.vetorino.com\\\/boutique\\\/product\\\/cat-odor-eliminator\\\/#primaryimage\",\"url\":\"https:\\\/\\\/www.vetorino.com\\\/boutique\\\/wp-content\\\/uploads\\\/2020\\\/06\\\/cat-odor-eliminator-destructeur-d-odeurs-flacon-de-500-ml.webp\",\"contentUrl\":\"https:\\\/\\\/www.vetorino.com\\\/boutique\\\/wp-content\\\/uploads\\\/2020\\\/06\\\/cat-odor-eliminator-destructeur-d-odeurs-flacon-de-500-ml.webp\",\"width\":800,\"height\":800},{\"@type\":\"BreadcrumbList\",\"@id\":\"https:\\\/\\\/www.vetorino.com\\\/boutique\\\/product\\\/cat-odor-eliminator\\\/#breadcrumb\",\"itemListElement\":[{\"@type\":\"ListItem\",\"position\":1,\"name\":\"Accueil\",\"item\":\"https:\\\/\\\/www.vetorino.com\\\/boutique\\\/\"},{\"@type\":\"ListItem\",\"position\":2,\"name\":\"Produits\",\"item\":\"https:\\\/\\\/www.vetorino.com\\\/boutique\\\/\"},{\"@type\":\"ListItem\",\"position\":3,\"name\":\"Cat Odor Eliminator \u2013 d\u00e9sodorisant habitat chat\"}]},{\"@type\":\"WebSite\",\"@id\":\"https:\\\/\\\/www.vetorino.com\\\/boutique\\\/#website\",\"url\":\"https:\\\/\\\/www.vetorino.com\\\/boutique\\\/\",\"name\":\"V\u00e9torino\",\"description\":\"\",\"publisher\":{\"@id\":\"https:\\\/\\\/www.vetorino.com\\\/boutique\\\/#organization\"},\"potentialAction\":[{\"@type\":\"SearchAction\",\"target\":{\"@type\":\"EntryPoint\",\"urlTemplate\":\"https:\\\/\\\/www.vetorino.com\\\/boutique\\\/?s={search_term_string}\"},\"query-input\":{\"@type\":\"PropertyValueSpecification\",\"valueRequired\":true,\"valueName\":\"search_term_string\"}}],\"inLanguage\":\"fr-FR\"},{\"@type\":\"Organization\",\"@id\":\"https:\\\/\\\/www.vetorino.com\\\/boutique\\\/#organization\",\"name\":\"V\u00e9torino\",\"url\":\"https:\\\/\\\/www.vetorino.com\\\/boutique\\\/\",\"logo\":{\"@type\":\"ImageObject\",\"inLanguage\":\"fr-FR\",\"@id\":\"https:\\\/\\\/www.vetorino.com\\\/boutique\\\/#\\\/schema\\\/logo\\\/image\\\/\",\"url\":\"https:\\\/\\\/www.vetorino.com\\\/boutique\\\/wp-content\\\/uploads\\\/2024\\\/10\\\/logo.jpg\",\"contentUrl\":\"https:\\\/\\\/www.vetorino.com\\\/boutique\\\/wp-content\\\/uploads\\\/2024\\\/10\\\/logo.jpg\",\"width\":1200,\"height\":610,\"caption\":\"V\u00e9torino\"},\"image\":{\"@id\":\"https:\\\/\\\/www.vetorino.com\\\/boutique\\\/#\\\/schema\\\/logo\\\/image\\\/\"},\"sameAs\":[\"https:\\\/\\\/www.facebook.com\\\/Vetorino\\\/\",\"https:\\\/\\\/www.instagram.com\\\/vetorino_off\\\/\",\"https:\\\/\\\/www.linkedin.com\\\/company\\\/vtorino\\\/\"]}]}<\/script>\n<meta property=\"product:brand\" content=\"Vetexpert\" \/>\n<meta property=\"product:price:amount\" content=\"29.66\" \/>\n<meta property=\"product:price:currency\" content=\"EUR\" \/>\n<meta property=\"og:availability\" content=\"out of stock\" \/>\n<meta property=\"product:availability\" content=\"out of stock\" \/>\n<meta property=\"product:retailer_item_id\" content=\"A-1830550\" \/>\n<meta property=\"product:condition\" content=\"new\" \/>\n<!-- \/ Yoast SEO plugin. -->","yoast_head_json":{"title":"Cat Odor Eliminator \u2013 d\u00e9sodorisant habitat chat Vetexpert - V\u00e9torino","description":"Produit sp\u00e9cialement con\u00e7u pour \u00e9liminer les odeurs\u00a0de chat :\u00a0urine, f\u00e8ces, marquage urinaire.  Utilisation :   Directement sur la surface concern\u00e9e\u00a0(couchage,\u00a0liti\u00e8re, sol, mur\u00a0\u2026)  Spray","robots":{"index":"noindex","follow":"nofollow"},"og_locale":"fr_FR","og_type":"article","og_title":"Cat Odor Eliminator \u2013 d\u00e9sodorisant habitat chat Vetexpert - V\u00e9torino","og_description":"Produit sp\u00e9cialement con\u00e7u pour \u00e9liminer les odeurs\u00a0de chat :\u00a0urine, f\u00e8ces, marquage urinaire.  Utilisation :   Directement sur la surface concern\u00e9e\u00a0(couchage,\u00a0liti\u00e8re, sol, mur\u00a0\u2026)  Spray","og_url":"https:\/\/www.vetorino.com\/veterinaire\/beugnies-59216\/boutique\/product\/cat-odor-eliminator\/","og_site_name":"V\u00e9torino","article_publisher":"https:\/\/www.facebook.com\/Vetorino\/","article_modified_time":"2026-02-11T10:20:58+00:00","og_image":[{"width":800,"height":800,"url":"https:\/\/www.vetorino.com\/boutique\/wp-content\/uploads\/2020\/06\/cat-odor-eliminator-destructeur-d-odeurs-flacon-de-500-ml.webp","type":"image\/webp"}],"twitter_card":"summary_large_image","twitter_misc":{"Prix":"29,66&euro;","Disponibilit\u00e9":"Rupture de stock"},"schema":{"@context":"https:\/\/schema.org","@graph":[{"@type":"WebPage","@id":"https:\/\/www.vetorino.com\/boutique\/product\/cat-odor-eliminator\/","url":"https:\/\/www.vetorino.com\/boutique\/product\/cat-odor-eliminator\/","name":"Cat Odor Eliminator \u2013 d\u00e9sodorisant habitat chat Vetexpert - V\u00e9torino","isPartOf":{"@id":"https:\/\/www.vetorino.com\/boutique\/#website"},"primaryImageOfPage":{"@id":"https:\/\/www.vetorino.com\/boutique\/product\/cat-odor-eliminator\/#primaryimage"},"image":{"@id":"https:\/\/www.vetorino.com\/boutique\/product\/cat-odor-eliminator\/#primaryimage"},"thumbnailUrl":"https:\/\/www.vetorino.com\/boutique\/wp-content\/uploads\/2020\/06\/cat-odor-eliminator-destructeur-d-odeurs-flacon-de-500-ml.webp","datePublished":"2022-11-17T19:45:25+00:00","dateModified":"2026-02-11T10:20:58+00:00","description":"Produit sp\u00e9cialement con\u00e7u pour \u00e9liminer les odeurs\u00a0de chat :\u00a0urine, f\u00e8ces, marquage urinaire. Utilisation : Directement sur la surface concern\u00e9e\u00a0(couchage,\u00a0liti\u00e8re, sol, mur\u00a0\u2026) Spray","breadcrumb":{"@id":"https:\/\/www.vetorino.com\/boutique\/product\/cat-odor-eliminator\/#breadcrumb"},"inLanguage":"fr-FR","potentialAction":[{"@type":"ReadAction","target":["https:\/\/www.vetorino.com\/boutique\/product\/cat-odor-eliminator\/"]}]},{"@type":"ImageObject","inLanguage":"fr-FR","@id":"https:\/\/www.vetorino.com\/boutique\/product\/cat-odor-eliminator\/#primaryimage","url":"https:\/\/www.vetorino.com\/boutique\/wp-content\/uploads\/2020\/06\/cat-odor-eliminator-destructeur-d-odeurs-flacon-de-500-ml.webp","contentUrl":"https:\/\/www.vetorino.com\/boutique\/wp-content\/uploads\/2020\/06\/cat-odor-eliminator-destructeur-d-odeurs-flacon-de-500-ml.webp","width":800,"height":800},{"@type":"BreadcrumbList","@id":"https:\/\/www.vetorino.com\/boutique\/product\/cat-odor-eliminator\/#breadcrumb","itemListElement":[{"@type":"ListItem","position":1,"name":"Accueil","item":"https:\/\/www.vetorino.com\/boutique\/"},{"@type":"ListItem","position":2,"name":"Produits","item":"https:\/\/www.vetorino.com\/boutique\/"},{"@type":"ListItem","position":3,"name":"Cat Odor Eliminator \u2013 d\u00e9sodorisant habitat chat"}]},{"@type":"WebSite","@id":"https:\/\/www.vetorino.com\/boutique\/#website","url":"https:\/\/www.vetorino.com\/boutique\/","name":"V\u00e9torino","description":"","publisher":{"@id":"https:\/\/www.vetorino.com\/boutique\/#organization"},"potentialAction":[{"@type":"SearchAction","target":{"@type":"EntryPoint","urlTemplate":"https:\/\/www.vetorino.com\/boutique\/?s={search_term_string}"},"query-input":{"@type":"PropertyValueSpecification","valueRequired":true,"valueName":"search_term_string"}}],"inLanguage":"fr-FR"},{"@type":"Organization","@id":"https:\/\/www.vetorino.com\/boutique\/#organization","name":"V\u00e9torino","url":"https:\/\/www.vetorino.com\/boutique\/","logo":{"@type":"ImageObject","inLanguage":"fr-FR","@id":"https:\/\/www.vetorino.com\/boutique\/#\/schema\/logo\/image\/","url":"https:\/\/www.vetorino.com\/boutique\/wp-content\/uploads\/2024\/10\/logo.jpg","contentUrl":"https:\/\/www.vetorino.com\/boutique\/wp-content\/uploads\/2024\/10\/logo.jpg","width":1200,"height":610,"caption":"V\u00e9torino"},"image":{"@id":"https:\/\/www.vetorino.com\/boutique\/#\/schema\/logo\/image\/"},"sameAs":["https:\/\/www.facebook.com\/Vetorino\/","https:\/\/www.instagram.com\/vetorino_off\/","https:\/\/www.linkedin.com\/company\/vtorino\/"]}]},"product_brand":"Vetexpert","product_price_amount":"29.66","product_price_currency":"EUR","og_availability":"out of stock","product_availability":"out of stock","product_retailer_item_id":"A-1830550","product_condition":"new"},"_links":{"self":[{"href":"https:\/\/www.vetorino.com\/veterinaire\/beugnies-59216\/boutique\/wp-json\/wp\/v2\/product\/507990","targetHints":{"allow":["GET"]}}],"collection":[{"href":"https:\/\/www.vetorino.com\/veterinaire\/beugnies-59216\/boutique\/wp-json\/wp\/v2\/product"}],"about":[{"href":"https:\/\/www.vetorino.com\/veterinaire\/beugnies-59216\/boutique\/wp-json\/wp\/v2\/types\/product"}],"wp:featuredmedia":[{"embeddable":true,"href":"https:\/\/www.vetorino.com\/veterinaire\/beugnies-59216\/boutique\/wp-json\/wp\/v2\/media\/1697997"}],"wp:attachment":[{"href":"https:\/\/www.vetorino.com\/veterinaire\/beugnies-59216\/boutique\/wp-json\/wp\/v2\/media?parent=507990"}],"wp:term":[{"taxonomy":"product_cat","embeddable":true,"href":"https:\/\/www.vetorino.com\/veterinaire\/beugnies-59216\/boutique\/wp-json\/wp\/v2\/product_cat?post=507990"},{"taxonomy":"product_tag","embeddable":true,"href":"https:\/\/www.vetorino.com\/veterinaire\/beugnies-59216\/boutique\/wp-json\/wp\/v2\/product_tag?post=507990"}],"curies":[{"name":"wp","href":"https:\/\/api.w.org\/{rel}","templated":true}]}}