{"id":508853,"date":"2022-11-18T20:35:00","date_gmt":"2022-11-18T19:35:00","guid":{"rendered":"https:\/\/www.vetorino.com\/boutique\/product\/shampooing-mousse-vetopop\/"},"modified":"2025-08-07T17:39:34","modified_gmt":"2025-08-07T15:39:34","slug":"shampooing-mousse-vetopop","status":"publish","type":"product","link":"https:\/\/www.vetorino.com\/veterinaire\/beugnies-59216\/boutique\/product\/shampooing-mousse-vetopop\/","title":{"rendered":"Shampoing Mousse \u2013 chat &amp; chien"},"content":{"rendered":"<p><strong>Shampooing physiologique pour chien et chat.<\/strong><\/p>\n<ul>\n<li>\u00c0 base d\u2019ingr\u00e9dients naturels la formule \u00e0 l\u2019aloe vera et au th\u00e9 vert a sp\u00e9cifiquement \u00e9t\u00e9 \u00e9labor\u00e9e pour s\u2019adapter \u00e0 la peau de votre animal.<\/li>\n<li>Rend le poil doux et brillant.<\/li>\n<li>Fort pouvoir hydratant.<\/li>\n<li>La forme mousse s\u2019utilise sans rin\u00e7age, id\u00e9al pour nos amis les chats !<\/li>\n<\/ul>\n","protected":false},"excerpt":{"rendered":"<p><strong>Shampooing physiologique pour chien et chat.<\/strong><\/p>\n<ul>\n<li>\u00c0 base d\u2019ingr\u00e9dients naturels la formule \u00e0 l\u2019aloe vera et au th\u00e9 vert a sp\u00e9cifiquement \u00e9t\u00e9 \u00e9labor\u00e9e pour s\u2019adapter \u00e0 la peau de votre animal.<\/li>\n<li>Rend le poil doux et brillant.<\/li>\n<li>Fort pouvoir hydratant.<\/li>\n<li>La forme mousse s\u2019utilise sans rin\u00e7age, id\u00e9al pour nos amis les chats !<\/li>\n<\/ul>\n","protected":false},"featured_media":1443820,"template":"","meta":[],"product_cat":[2697,2698,12611,12612,12560,12561],"product_tag":[],"class_list":{"0":"post-508853","1":"product","2":"type-product","3":"status-publish","4":"has-post-thumbnail","6":"product_cat-chat","7":"product_cat-chien","8":"product_cat-hygiene-de-la-peau-et-du-pelage-du-chat","9":"product_cat-hygiene-de-la-peau-et-du-pelage-du-chien","10":"product_cat-hygiene-du-chat","11":"product_cat-hygiene-du-chien","12":"pa_marque-vetopop","14":"first","15":"instock","16":"taxable","17":"shipping-taxable","18":"purchasable","19":"product-type-simple"},"yoast_head":"<!-- This site is optimized with the Yoast SEO plugin v27.3 - https:\/\/yoast.com\/product\/yoast-seo-wordpress\/ -->\n<title>Shampoing Mousse \u2013 chat &amp; chien V\u00e9topop - V\u00e9torino<\/title>\n<meta name=\"description\" content=\"Shampooing physiologique pour chien et chat.   \u00c0 base d\u2019ingr\u00e9dients naturels la formule \u00e0 l\u2019aloe vera et au th\u00e9 vert a sp\u00e9cifiquement \u00e9t\u00e9 \u00e9labor\u00e9e pour s\u2019adapter \u00e0 la peau de votre animal.  Rend le poil doux et brillant.  Fort pouvoir hydratant.  La forme mousse s\u2019utilise sans rin\u00e7age, id\u00e9al pour nos amis les chats !\" \/>\n<meta name=\"robots\" content=\"noindex, nofollow\" \/>\n<meta property=\"og:locale\" content=\"fr_FR\" \/>\n<meta property=\"og:type\" content=\"article\" \/>\n<meta property=\"og:title\" content=\"Shampoing Mousse \u2013 chat &amp; chien V\u00e9topop - V\u00e9torino\" \/>\n<meta property=\"og:description\" content=\"Shampooing physiologique pour chien et chat.   \u00c0 base d\u2019ingr\u00e9dients naturels la formule \u00e0 l\u2019aloe vera et au th\u00e9 vert a sp\u00e9cifiquement \u00e9t\u00e9 \u00e9labor\u00e9e pour s\u2019adapter \u00e0 la peau de votre animal.  Rend le poil doux et brillant.  Fort pouvoir hydratant.  La forme mousse s\u2019utilise sans rin\u00e7age, id\u00e9al pour nos amis les chats !\" \/>\n<meta property=\"og:url\" content=\"https:\/\/www.vetorino.com\/veterinaire\/beugnies-59216\/boutique\/product\/shampooing-mousse-vetopop\/\" \/>\n<meta property=\"og:site_name\" content=\"V\u00e9torino\" \/>\n<meta property=\"article:publisher\" content=\"https:\/\/www.facebook.com\/Vetorino\/\" \/>\n<meta property=\"article:modified_time\" content=\"2025-08-07T15:39:34+00:00\" \/>\n<meta property=\"og:image\" content=\"https:\/\/www.vetorino.com\/boutique\/wp-content\/uploads\/2022\/11\/shampoing-mousse-sans-rincage-chien-et-chat.webp\" \/>\n\t<meta property=\"og:image:width\" content=\"800\" \/>\n\t<meta property=\"og:image:height\" content=\"800\" \/>\n\t<meta property=\"og:image:type\" content=\"image\/webp\" \/>\n<meta name=\"twitter:card\" content=\"summary_large_image\" \/>\n<meta name=\"twitter:label1\" content=\"Prix\" \/>\n\t<meta name=\"twitter:data1\" content=\"15,51&euro;\" \/>\n\t<meta name=\"twitter:label2\" content=\"Disponibilit\u00e9\" \/>\n\t<meta name=\"twitter:data2\" content=\"En stock\" \/>\n<script type=\"application\/ld+json\" class=\"yoast-schema-graph\">{\"@context\":\"https:\\\/\\\/schema.org\",\"@graph\":[{\"@type\":\"WebPage\",\"@id\":\"https:\\\/\\\/www.vetorino.com\\\/veterinaire\\\/pontarlier-25300\\\/boutique\\\/product\\\/shampooing-mousse-vetopop\\\/\",\"url\":\"https:\\\/\\\/www.vetorino.com\\\/veterinaire\\\/pontarlier-25300\\\/boutique\\\/product\\\/shampooing-mousse-vetopop\\\/\",\"name\":\"Shampoing Mousse \u2013 chat &amp; chien V\u00e9topop - V\u00e9torino\",\"isPartOf\":{\"@id\":\"https:\\\/\\\/www.vetorino.com\\\/boutique\\\/#website\"},\"primaryImageOfPage\":{\"@id\":\"https:\\\/\\\/www.vetorino.com\\\/veterinaire\\\/pontarlier-25300\\\/boutique\\\/product\\\/shampooing-mousse-vetopop\\\/#primaryimage\"},\"image\":{\"@id\":\"https:\\\/\\\/www.vetorino.com\\\/veterinaire\\\/pontarlier-25300\\\/boutique\\\/product\\\/shampooing-mousse-vetopop\\\/#primaryimage\"},\"thumbnailUrl\":\"https:\\\/\\\/www.vetorino.com\\\/boutique\\\/wp-content\\\/uploads\\\/2022\\\/11\\\/shampoing-mousse-sans-rincage-chien-et-chat.webp\",\"datePublished\":\"2022-11-18T19:35:00+00:00\",\"dateModified\":\"2025-08-07T15:39:34+00:00\",\"description\":\"Shampooing physiologique pour chien et chat. \u00c0 base d\u2019ingr\u00e9dients naturels la formule \u00e0 l\u2019aloe vera et au th\u00e9 vert a sp\u00e9cifiquement \u00e9t\u00e9 \u00e9labor\u00e9e pour s\u2019adapter \u00e0 la peau de votre animal. Rend le poil doux et brillant. Fort pouvoir hydratant. La forme mousse s\u2019utilise sans rin\u00e7age, id\u00e9al pour nos amis les chats !\",\"breadcrumb\":{\"@id\":\"https:\\\/\\\/www.vetorino.com\\\/veterinaire\\\/pontarlier-25300\\\/boutique\\\/product\\\/shampooing-mousse-vetopop\\\/#breadcrumb\"},\"inLanguage\":\"fr-FR\",\"potentialAction\":[{\"@type\":\"ReadAction\",\"target\":[\"https:\\\/\\\/www.vetorino.com\\\/veterinaire\\\/pontarlier-25300\\\/boutique\\\/product\\\/shampooing-mousse-vetopop\\\/\"]}]},{\"@type\":\"ImageObject\",\"inLanguage\":\"fr-FR\",\"@id\":\"https:\\\/\\\/www.vetorino.com\\\/veterinaire\\\/pontarlier-25300\\\/boutique\\\/product\\\/shampooing-mousse-vetopop\\\/#primaryimage\",\"url\":\"https:\\\/\\\/www.vetorino.com\\\/boutique\\\/wp-content\\\/uploads\\\/2022\\\/11\\\/shampoing-mousse-sans-rincage-chien-et-chat.webp\",\"contentUrl\":\"https:\\\/\\\/www.vetorino.com\\\/boutique\\\/wp-content\\\/uploads\\\/2022\\\/11\\\/shampoing-mousse-sans-rincage-chien-et-chat.webp\",\"width\":800,\"height\":800},{\"@type\":\"BreadcrumbList\",\"@id\":\"https:\\\/\\\/www.vetorino.com\\\/veterinaire\\\/pontarlier-25300\\\/boutique\\\/product\\\/shampooing-mousse-vetopop\\\/#breadcrumb\",\"itemListElement\":[{\"@type\":\"ListItem\",\"position\":1,\"name\":\"Accueil\",\"item\":\"https:\\\/\\\/www.vetorino.com\\\/boutique\\\/\"},{\"@type\":\"ListItem\",\"position\":2,\"name\":\"Produits\",\"item\":\"https:\\\/\\\/www.vetorino.com\\\/boutique\\\/\"},{\"@type\":\"ListItem\",\"position\":3,\"name\":\"Shampoing Mousse \u2013 chat &amp; chien\"}]},{\"@type\":\"WebSite\",\"@id\":\"https:\\\/\\\/www.vetorino.com\\\/boutique\\\/#website\",\"url\":\"https:\\\/\\\/www.vetorino.com\\\/boutique\\\/\",\"name\":\"V\u00e9torino\",\"description\":\"\",\"publisher\":{\"@id\":\"https:\\\/\\\/www.vetorino.com\\\/boutique\\\/#organization\"},\"potentialAction\":[{\"@type\":\"SearchAction\",\"target\":{\"@type\":\"EntryPoint\",\"urlTemplate\":\"https:\\\/\\\/www.vetorino.com\\\/boutique\\\/?s={search_term_string}\"},\"query-input\":{\"@type\":\"PropertyValueSpecification\",\"valueRequired\":true,\"valueName\":\"search_term_string\"}}],\"inLanguage\":\"fr-FR\"},{\"@type\":\"Organization\",\"@id\":\"https:\\\/\\\/www.vetorino.com\\\/boutique\\\/#organization\",\"name\":\"V\u00e9torino\",\"url\":\"https:\\\/\\\/www.vetorino.com\\\/boutique\\\/\",\"logo\":{\"@type\":\"ImageObject\",\"inLanguage\":\"fr-FR\",\"@id\":\"https:\\\/\\\/www.vetorino.com\\\/boutique\\\/#\\\/schema\\\/logo\\\/image\\\/\",\"url\":\"https:\\\/\\\/www.vetorino.com\\\/boutique\\\/wp-content\\\/uploads\\\/2024\\\/10\\\/logo.jpg\",\"contentUrl\":\"https:\\\/\\\/www.vetorino.com\\\/boutique\\\/wp-content\\\/uploads\\\/2024\\\/10\\\/logo.jpg\",\"width\":1200,\"height\":610,\"caption\":\"V\u00e9torino\"},\"image\":{\"@id\":\"https:\\\/\\\/www.vetorino.com\\\/boutique\\\/#\\\/schema\\\/logo\\\/image\\\/\"},\"sameAs\":[\"https:\\\/\\\/www.facebook.com\\\/Vetorino\\\/\",\"https:\\\/\\\/www.instagram.com\\\/vetorino_off\\\/\",\"https:\\\/\\\/www.linkedin.com\\\/company\\\/vtorino\\\/\"]}]}<\/script>\n<meta property=\"product:brand\" content=\"V\u00e9topop\" \/>\n<meta property=\"product:price:amount\" content=\"15.51\" \/>\n<meta property=\"product:price:currency\" content=\"EUR\" \/>\n<meta property=\"og:availability\" content=\"instock\" \/>\n<meta property=\"product:availability\" content=\"instock\" \/>\n<meta property=\"product:retailer_item_id\" content=\"A-1131630\" \/>\n<meta property=\"product:condition\" content=\"new\" \/>\n<!-- \/ Yoast SEO plugin. -->","yoast_head_json":{"title":"Shampoing Mousse \u2013 chat &amp; chien V\u00e9topop - V\u00e9torino","description":"Shampooing physiologique pour chien et chat.   \u00c0 base d\u2019ingr\u00e9dients naturels la formule \u00e0 l\u2019aloe vera et au th\u00e9 vert a sp\u00e9cifiquement \u00e9t\u00e9 \u00e9labor\u00e9e pour s\u2019adapter \u00e0 la peau de votre animal.  Rend le poil doux et brillant.  Fort pouvoir hydratant.  La forme mousse s\u2019utilise sans rin\u00e7age, id\u00e9al pour nos amis les chats !","robots":{"index":"noindex","follow":"nofollow"},"og_locale":"fr_FR","og_type":"article","og_title":"Shampoing Mousse \u2013 chat &amp; chien V\u00e9topop - V\u00e9torino","og_description":"Shampooing physiologique pour chien et chat.   \u00c0 base d\u2019ingr\u00e9dients naturels la formule \u00e0 l\u2019aloe vera et au th\u00e9 vert a sp\u00e9cifiquement \u00e9t\u00e9 \u00e9labor\u00e9e pour s\u2019adapter \u00e0 la peau de votre animal.  Rend le poil doux et brillant.  Fort pouvoir hydratant.  La forme mousse s\u2019utilise sans rin\u00e7age, id\u00e9al pour nos amis les chats !","og_url":"https:\/\/www.vetorino.com\/veterinaire\/beugnies-59216\/boutique\/product\/shampooing-mousse-vetopop\/","og_site_name":"V\u00e9torino","article_publisher":"https:\/\/www.facebook.com\/Vetorino\/","article_modified_time":"2025-08-07T15:39:34+00:00","og_image":[{"width":800,"height":800,"url":"https:\/\/www.vetorino.com\/boutique\/wp-content\/uploads\/2022\/11\/shampoing-mousse-sans-rincage-chien-et-chat.webp","type":"image\/webp"}],"twitter_card":"summary_large_image","twitter_misc":{"Prix":"15,51&euro;","Disponibilit\u00e9":"En stock"},"schema":{"@context":"https:\/\/schema.org","@graph":[{"@type":"WebPage","@id":"https:\/\/www.vetorino.com\/veterinaire\/pontarlier-25300\/boutique\/product\/shampooing-mousse-vetopop\/","url":"https:\/\/www.vetorino.com\/veterinaire\/pontarlier-25300\/boutique\/product\/shampooing-mousse-vetopop\/","name":"Shampoing Mousse \u2013 chat &amp; chien V\u00e9topop - V\u00e9torino","isPartOf":{"@id":"https:\/\/www.vetorino.com\/boutique\/#website"},"primaryImageOfPage":{"@id":"https:\/\/www.vetorino.com\/veterinaire\/pontarlier-25300\/boutique\/product\/shampooing-mousse-vetopop\/#primaryimage"},"image":{"@id":"https:\/\/www.vetorino.com\/veterinaire\/pontarlier-25300\/boutique\/product\/shampooing-mousse-vetopop\/#primaryimage"},"thumbnailUrl":"https:\/\/www.vetorino.com\/boutique\/wp-content\/uploads\/2022\/11\/shampoing-mousse-sans-rincage-chien-et-chat.webp","datePublished":"2022-11-18T19:35:00+00:00","dateModified":"2025-08-07T15:39:34+00:00","description":"Shampooing physiologique pour chien et chat. \u00c0 base d\u2019ingr\u00e9dients naturels la formule \u00e0 l\u2019aloe vera et au th\u00e9 vert a sp\u00e9cifiquement \u00e9t\u00e9 \u00e9labor\u00e9e pour s\u2019adapter \u00e0 la peau de votre animal. Rend le poil doux et brillant. Fort pouvoir hydratant. La forme mousse s\u2019utilise sans rin\u00e7age, id\u00e9al pour nos amis les chats !","breadcrumb":{"@id":"https:\/\/www.vetorino.com\/veterinaire\/pontarlier-25300\/boutique\/product\/shampooing-mousse-vetopop\/#breadcrumb"},"inLanguage":"fr-FR","potentialAction":[{"@type":"ReadAction","target":["https:\/\/www.vetorino.com\/veterinaire\/pontarlier-25300\/boutique\/product\/shampooing-mousse-vetopop\/"]}]},{"@type":"ImageObject","inLanguage":"fr-FR","@id":"https:\/\/www.vetorino.com\/veterinaire\/pontarlier-25300\/boutique\/product\/shampooing-mousse-vetopop\/#primaryimage","url":"https:\/\/www.vetorino.com\/boutique\/wp-content\/uploads\/2022\/11\/shampoing-mousse-sans-rincage-chien-et-chat.webp","contentUrl":"https:\/\/www.vetorino.com\/boutique\/wp-content\/uploads\/2022\/11\/shampoing-mousse-sans-rincage-chien-et-chat.webp","width":800,"height":800},{"@type":"BreadcrumbList","@id":"https:\/\/www.vetorino.com\/veterinaire\/pontarlier-25300\/boutique\/product\/shampooing-mousse-vetopop\/#breadcrumb","itemListElement":[{"@type":"ListItem","position":1,"name":"Accueil","item":"https:\/\/www.vetorino.com\/boutique\/"},{"@type":"ListItem","position":2,"name":"Produits","item":"https:\/\/www.vetorino.com\/boutique\/"},{"@type":"ListItem","position":3,"name":"Shampoing Mousse \u2013 chat &amp; chien"}]},{"@type":"WebSite","@id":"https:\/\/www.vetorino.com\/boutique\/#website","url":"https:\/\/www.vetorino.com\/boutique\/","name":"V\u00e9torino","description":"","publisher":{"@id":"https:\/\/www.vetorino.com\/boutique\/#organization"},"potentialAction":[{"@type":"SearchAction","target":{"@type":"EntryPoint","urlTemplate":"https:\/\/www.vetorino.com\/boutique\/?s={search_term_string}"},"query-input":{"@type":"PropertyValueSpecification","valueRequired":true,"valueName":"search_term_string"}}],"inLanguage":"fr-FR"},{"@type":"Organization","@id":"https:\/\/www.vetorino.com\/boutique\/#organization","name":"V\u00e9torino","url":"https:\/\/www.vetorino.com\/boutique\/","logo":{"@type":"ImageObject","inLanguage":"fr-FR","@id":"https:\/\/www.vetorino.com\/boutique\/#\/schema\/logo\/image\/","url":"https:\/\/www.vetorino.com\/boutique\/wp-content\/uploads\/2024\/10\/logo.jpg","contentUrl":"https:\/\/www.vetorino.com\/boutique\/wp-content\/uploads\/2024\/10\/logo.jpg","width":1200,"height":610,"caption":"V\u00e9torino"},"image":{"@id":"https:\/\/www.vetorino.com\/boutique\/#\/schema\/logo\/image\/"},"sameAs":["https:\/\/www.facebook.com\/Vetorino\/","https:\/\/www.instagram.com\/vetorino_off\/","https:\/\/www.linkedin.com\/company\/vtorino\/"]}]},"product_brand":"V\u00e9topop","product_price_amount":"15.51","product_price_currency":"EUR","og_availability":"instock","product_availability":"instock","product_retailer_item_id":"A-1131630","product_condition":"new"},"_links":{"self":[{"href":"https:\/\/www.vetorino.com\/veterinaire\/beugnies-59216\/boutique\/wp-json\/wp\/v2\/product\/508853","targetHints":{"allow":["GET"]}}],"collection":[{"href":"https:\/\/www.vetorino.com\/veterinaire\/beugnies-59216\/boutique\/wp-json\/wp\/v2\/product"}],"about":[{"href":"https:\/\/www.vetorino.com\/veterinaire\/beugnies-59216\/boutique\/wp-json\/wp\/v2\/types\/product"}],"wp:featuredmedia":[{"embeddable":true,"href":"https:\/\/www.vetorino.com\/veterinaire\/beugnies-59216\/boutique\/wp-json\/wp\/v2\/media\/1443820"}],"wp:attachment":[{"href":"https:\/\/www.vetorino.com\/veterinaire\/beugnies-59216\/boutique\/wp-json\/wp\/v2\/media?parent=508853"}],"wp:term":[{"taxonomy":"product_cat","embeddable":true,"href":"https:\/\/www.vetorino.com\/veterinaire\/beugnies-59216\/boutique\/wp-json\/wp\/v2\/product_cat?post=508853"},{"taxonomy":"product_tag","embeddable":true,"href":"https:\/\/www.vetorino.com\/veterinaire\/beugnies-59216\/boutique\/wp-json\/wp\/v2\/product_tag?post=508853"}],"curies":[{"name":"wp","href":"https:\/\/api.w.org\/{rel}","templated":true}]}}