{"id":586958,"date":"2023-04-04T12:10:41","date_gmt":"2023-04-04T10:10:41","guid":{"rendered":"https:\/\/www.vetorino.com\/boutique\/product\/specific-chien-cid-lf-digestive-support-low-fat\/"},"modified":"2025-08-27T10:25:04","modified_gmt":"2025-08-27T08:25:04","slug":"specific-chien-cid-lf-digestive-support-low-fat","status":"publish","type":"product","link":"https:\/\/www.vetorino.com\/veterinaire\/beugnies-59216\/boutique\/product\/specific-chien-cid-lf-digestive-support-low-fat\/","title":{"rendered":"CID-LF Digestive Support Low Fat \u2013 chien"},"content":{"rendered":"<p><strong>Une combinaison de faible teneur en mati\u00e8res grasses avec des niveaux \u00e9lev\u00e9s d\u2019om\u00e9ga-3 issus d\u2019huiles de poisson et d\u2019ingr\u00e9dients hypoallerg\u00e9niques rend ce r\u00e9gime adapt\u00e9 \u00e0 un large \u00e9ventail de troubles digestifs, y compris la pancr\u00e9atite, l\u2019IPE (insuffisance pancr\u00e9atique exocrine), la cholestase et l\u2019hyperlipid\u00e9mie.<\/strong><\/p>\n<p><strong>Utilisation :<\/strong><\/p>\n<ul>\n<li>Chiens adultes.<\/li>\n<li>Adapt\u00e9 \u00e0 un large \u00e9ventail de troubles digestifs.<\/li>\n<\/ul>\n<p><strong>Bienfaits essentiels :<\/strong><\/p>\n<ul>\n<li>Taux de mati\u00e8res grasses exceptionnellement bas \u00e0 7 % de mati\u00e8re s\u00e8che \u2013 ces r\u00e9gimes conviennent \u00e0 la prise en charge des cas mod\u00e9r\u00e9s et s\u00e9v\u00e8res de pancr\u00e9atite et de cholestase.<\/li>\n<li>La faible teneur en mati\u00e8res grasses et la teneur \u00e9lev\u00e9e en om\u00e9ga-3 issus du poisson\u00a0<strong>contribuent \u00e0 r\u00e9duire les taux de triglyc\u00e9rides<\/strong>. Les triglyc\u00e9rides sont un type de lipides sanguins et leur taux \u00e9lev\u00e9 est une cause potentielle de pancr\u00e9atite et d\u2019autres affections.<\/li>\n<li><strong>Compos\u00e9 d\u2019ingr\u00e9dients hypoallerg\u00e9niques<\/strong>, de saumon hydrolys\u00e9 et de tapioca, ce r\u00e9gime convient \u00e9galement aux chiens atteints de MICI et d\u2019allergies alimentaires, et dans le cadre d&#8217;une alimentation pendant les p\u00e9riodes de r\u00e9duction de la barri\u00e8re intestinale.<\/li>\n<li>Avec l\u2019ajout de nucl\u00e9otides libres<strong>\u00a0favorisant \u00e0 la fois la fonction immunitaire et la r\u00e9paration rapide de l\u2019intestin<\/strong>, ce qui favorise l\u2019absorption des nutriments et acc\u00e9l\u00e8re le r\u00e9tablissement d\u2019une bonne sant\u00e9 digestive.<\/li>\n<li>Avec AuraGuard qui soutient l\u2019int\u00e9grit\u00e9 de la barri\u00e8re intestinale et un microbiome \u00e9quilibr\u00e9.<\/li>\n<\/ul>\n<p><strong><br \/>\nCet aliment est destin\u00e9 \u00e0 la prise en charge nutritionnelle d\u2019une maladie. Il est recommand\u00e9 de consulter votre v\u00e9t\u00e9rinaire.<\/strong><\/p>\n","protected":false},"excerpt":{"rendered":"<p><strong>Croquettes adapt\u00e9es \u00e0 un large \u00e9ventail de troubles digestifs, y compris la pancr\u00e9atite, l\u2019IPE (insuffisance pancr\u00e9atique exocrine), la cholestase et l\u2019hyperlipid\u00e9mie.<\/strong><\/p>\n<p><strong>Utilisation :<\/strong><\/p>\n<ul>\n<li>Chiens adultes.<\/li>\n<li>Adapt\u00e9 \u00e0 un large \u00e9ventail de troubles digestifs.<\/li>\n<\/ul>\n<p><strong>Cet aliment est destin\u00e9 \u00e0 la prise en charge nutritionnelle d\u2019une maladie. Il est recommand\u00e9 de consulter votre v\u00e9t\u00e9rinaire.<\/strong><\/p>\n","protected":false},"featured_media":896565,"template":"","meta":[],"product_cat":[12552,12582,2698],"product_tag":[],"class_list":{"0":"post-586958","1":"product","2":"type-product","3":"status-publish","4":"has-post-thumbnail","6":"product_cat-alimentation-du-chien","7":"product_cat-alimentation-medicalisee-pour-chien","8":"product_cat-chien","9":"pa_marque-specific","11":"first","12":"instock","13":"taxable","14":"shipping-taxable","15":"purchasable","16":"product-type-variable"},"yoast_head":"<!-- This site is optimized with the Yoast SEO plugin v27.3 - https:\/\/yoast.com\/product\/yoast-seo-wordpress\/ -->\n<title>CID-LF Digestive Support Low Fat \u2013 chien Specific - V\u00e9torino<\/title>\n<meta name=\"description\" content=\"Croquettes adapt\u00e9es \u00e0 un large \u00e9ventail de troubles digestifs, y compris la pancr\u00e9atite, l\u2019IPE (insuffisance pancr\u00e9atique exocrine), la cholestase et l\u2019hyperlipid\u00e9mie.  Utilisation :   Chiens adultes.  Adapt\u00e9 \u00e0 un large \u00e9ventail de troubles digestifs.  Cet aliment est destin\u00e9 \u00e0 la prise en charge nutritionnelle d\u2019une maladie. Il est recommand\u00e9 de consulter votre v\u00e9t\u00e9rinaire.\" \/>\n<meta name=\"robots\" content=\"noindex, nofollow\" \/>\n<meta property=\"og:locale\" content=\"fr_FR\" \/>\n<meta property=\"og:type\" content=\"article\" \/>\n<meta property=\"og:title\" content=\"CID-LF Digestive Support Low Fat \u2013 chien Specific - V\u00e9torino\" \/>\n<meta property=\"og:description\" content=\"Croquettes adapt\u00e9es \u00e0 un large \u00e9ventail de troubles digestifs, y compris la pancr\u00e9atite, l\u2019IPE (insuffisance pancr\u00e9atique exocrine), la cholestase et l\u2019hyperlipid\u00e9mie.  Utilisation :   Chiens adultes.  Adapt\u00e9 \u00e0 un large \u00e9ventail de troubles digestifs.  Cet aliment est destin\u00e9 \u00e0 la prise en charge nutritionnelle d\u2019une maladie. Il est recommand\u00e9 de consulter votre v\u00e9t\u00e9rinaire.\" \/>\n<meta property=\"og:url\" content=\"https:\/\/www.vetorino.com\/veterinaire\/beugnies-59216\/boutique\/product\/specific-chien-cid-lf-digestive-support-low-fat\/\" \/>\n<meta property=\"og:site_name\" content=\"V\u00e9torino\" \/>\n<meta property=\"article:publisher\" content=\"https:\/\/www.facebook.com\/Vetorino\/\" \/>\n<meta property=\"article:modified_time\" content=\"2025-08-27T08:25:04+00:00\" \/>\n<meta property=\"og:image\" content=\"https:\/\/www.vetorino.com\/boutique\/wp-content\/uploads\/2023\/04\/cid-lf-digestive-support-low-fat.jpg\" \/>\n\t<meta property=\"og:image:width\" content=\"800\" \/>\n\t<meta property=\"og:image:height\" content=\"800\" \/>\n\t<meta property=\"og:image:type\" content=\"image\/jpeg\" \/>\n<meta name=\"twitter:card\" content=\"summary_large_image\" \/>\n<meta name=\"twitter:label1\" content=\"Disponibilit\u00e9\" \/>\n\t<meta name=\"twitter:data1\" content=\"En stock\" \/>\n<script type=\"application\/ld+json\" class=\"yoast-schema-graph\">{\"@context\":\"https:\\\/\\\/schema.org\",\"@graph\":[{\"@type\":\"WebPage\",\"@id\":\"https:\\\/\\\/www.vetorino.com\\\/boutique\\\/product\\\/specific-chien-cid-lf-digestive-support-low-fat\\\/\",\"url\":\"https:\\\/\\\/www.vetorino.com\\\/boutique\\\/product\\\/specific-chien-cid-lf-digestive-support-low-fat\\\/\",\"name\":\"CID-LF Digestive Support Low Fat \u2013 chien Specific - V\u00e9torino\",\"isPartOf\":{\"@id\":\"https:\\\/\\\/www.vetorino.com\\\/boutique\\\/#website\"},\"primaryImageOfPage\":{\"@id\":\"https:\\\/\\\/www.vetorino.com\\\/boutique\\\/product\\\/specific-chien-cid-lf-digestive-support-low-fat\\\/#primaryimage\"},\"image\":{\"@id\":\"https:\\\/\\\/www.vetorino.com\\\/boutique\\\/product\\\/specific-chien-cid-lf-digestive-support-low-fat\\\/#primaryimage\"},\"thumbnailUrl\":\"https:\\\/\\\/www.vetorino.com\\\/boutique\\\/wp-content\\\/uploads\\\/2023\\\/04\\\/cid-lf-digestive-support-low-fat.jpg\",\"datePublished\":\"2023-04-04T10:10:41+00:00\",\"dateModified\":\"2025-08-27T08:25:04+00:00\",\"description\":\"Croquettes adapt\u00e9es \u00e0 un large \u00e9ventail de troubles digestifs, y compris la pancr\u00e9atite, l\u2019IPE (insuffisance pancr\u00e9atique exocrine), la cholestase et l\u2019hyperlipid\u00e9mie. Utilisation : Chiens adultes. Adapt\u00e9 \u00e0 un large \u00e9ventail de troubles digestifs. Cet aliment est destin\u00e9 \u00e0 la prise en charge nutritionnelle d\u2019une maladie. Il est recommand\u00e9 de consulter votre v\u00e9t\u00e9rinaire.\",\"breadcrumb\":{\"@id\":\"https:\\\/\\\/www.vetorino.com\\\/boutique\\\/product\\\/specific-chien-cid-lf-digestive-support-low-fat\\\/#breadcrumb\"},\"inLanguage\":\"fr-FR\",\"potentialAction\":[{\"@type\":\"ReadAction\",\"target\":[\"https:\\\/\\\/www.vetorino.com\\\/boutique\\\/product\\\/specific-chien-cid-lf-digestive-support-low-fat\\\/\"]}]},{\"@type\":\"ImageObject\",\"inLanguage\":\"fr-FR\",\"@id\":\"https:\\\/\\\/www.vetorino.com\\\/boutique\\\/product\\\/specific-chien-cid-lf-digestive-support-low-fat\\\/#primaryimage\",\"url\":\"https:\\\/\\\/www.vetorino.com\\\/boutique\\\/wp-content\\\/uploads\\\/2023\\\/04\\\/cid-lf-digestive-support-low-fat.jpg\",\"contentUrl\":\"https:\\\/\\\/www.vetorino.com\\\/boutique\\\/wp-content\\\/uploads\\\/2023\\\/04\\\/cid-lf-digestive-support-low-fat.jpg\",\"width\":800,\"height\":800},{\"@type\":\"BreadcrumbList\",\"@id\":\"https:\\\/\\\/www.vetorino.com\\\/boutique\\\/product\\\/specific-chien-cid-lf-digestive-support-low-fat\\\/#breadcrumb\",\"itemListElement\":[{\"@type\":\"ListItem\",\"position\":1,\"name\":\"Accueil\",\"item\":\"https:\\\/\\\/www.vetorino.com\\\/boutique\\\/\"},{\"@type\":\"ListItem\",\"position\":2,\"name\":\"Produits\",\"item\":\"https:\\\/\\\/www.vetorino.com\\\/boutique\\\/\"},{\"@type\":\"ListItem\",\"position\":3,\"name\":\"CID-LF Digestive Support Low Fat \u2013 chien\"}]},{\"@type\":\"WebSite\",\"@id\":\"https:\\\/\\\/www.vetorino.com\\\/boutique\\\/#website\",\"url\":\"https:\\\/\\\/www.vetorino.com\\\/boutique\\\/\",\"name\":\"V\u00e9torino\",\"description\":\"\",\"publisher\":{\"@id\":\"https:\\\/\\\/www.vetorino.com\\\/boutique\\\/#organization\"},\"potentialAction\":[{\"@type\":\"SearchAction\",\"target\":{\"@type\":\"EntryPoint\",\"urlTemplate\":\"https:\\\/\\\/www.vetorino.com\\\/boutique\\\/?s={search_term_string}\"},\"query-input\":{\"@type\":\"PropertyValueSpecification\",\"valueRequired\":true,\"valueName\":\"search_term_string\"}}],\"inLanguage\":\"fr-FR\"},{\"@type\":\"Organization\",\"@id\":\"https:\\\/\\\/www.vetorino.com\\\/boutique\\\/#organization\",\"name\":\"V\u00e9torino\",\"url\":\"https:\\\/\\\/www.vetorino.com\\\/boutique\\\/\",\"logo\":{\"@type\":\"ImageObject\",\"inLanguage\":\"fr-FR\",\"@id\":\"https:\\\/\\\/www.vetorino.com\\\/boutique\\\/#\\\/schema\\\/logo\\\/image\\\/\",\"url\":\"https:\\\/\\\/www.vetorino.com\\\/boutique\\\/wp-content\\\/uploads\\\/2024\\\/10\\\/logo.jpg\",\"contentUrl\":\"https:\\\/\\\/www.vetorino.com\\\/boutique\\\/wp-content\\\/uploads\\\/2024\\\/10\\\/logo.jpg\",\"width\":1200,\"height\":610,\"caption\":\"V\u00e9torino\"},\"image\":{\"@id\":\"https:\\\/\\\/www.vetorino.com\\\/boutique\\\/#\\\/schema\\\/logo\\\/image\\\/\"},\"sameAs\":[\"https:\\\/\\\/www.facebook.com\\\/Vetorino\\\/\",\"https:\\\/\\\/www.instagram.com\\\/vetorino_off\\\/\",\"https:\\\/\\\/www.linkedin.com\\\/company\\\/vtorino\\\/\"]}]}<\/script>\n<meta property=\"product:brand\" content=\"Specific\" \/>\n<meta property=\"og:availability\" content=\"instock\" \/>\n<meta property=\"product:availability\" content=\"instock\" \/>\n<meta property=\"product:condition\" content=\"new\" \/>\n<!-- \/ Yoast SEO plugin. -->","yoast_head_json":{"title":"CID-LF Digestive Support Low Fat \u2013 chien Specific - V\u00e9torino","description":"Croquettes adapt\u00e9es \u00e0 un large \u00e9ventail de troubles digestifs, y compris la pancr\u00e9atite, l\u2019IPE (insuffisance pancr\u00e9atique exocrine), la cholestase et l\u2019hyperlipid\u00e9mie.  Utilisation :   Chiens adultes.  Adapt\u00e9 \u00e0 un large \u00e9ventail de troubles digestifs.  Cet aliment est destin\u00e9 \u00e0 la prise en charge nutritionnelle d\u2019une maladie. Il est recommand\u00e9 de consulter votre v\u00e9t\u00e9rinaire.","robots":{"index":"noindex","follow":"nofollow"},"og_locale":"fr_FR","og_type":"article","og_title":"CID-LF Digestive Support Low Fat \u2013 chien Specific - V\u00e9torino","og_description":"Croquettes adapt\u00e9es \u00e0 un large \u00e9ventail de troubles digestifs, y compris la pancr\u00e9atite, l\u2019IPE (insuffisance pancr\u00e9atique exocrine), la cholestase et l\u2019hyperlipid\u00e9mie.  Utilisation :   Chiens adultes.  Adapt\u00e9 \u00e0 un large \u00e9ventail de troubles digestifs.  Cet aliment est destin\u00e9 \u00e0 la prise en charge nutritionnelle d\u2019une maladie. Il est recommand\u00e9 de consulter votre v\u00e9t\u00e9rinaire.","og_url":"https:\/\/www.vetorino.com\/veterinaire\/beugnies-59216\/boutique\/product\/specific-chien-cid-lf-digestive-support-low-fat\/","og_site_name":"V\u00e9torino","article_publisher":"https:\/\/www.facebook.com\/Vetorino\/","article_modified_time":"2025-08-27T08:25:04+00:00","og_image":[{"width":800,"height":800,"url":"https:\/\/www.vetorino.com\/boutique\/wp-content\/uploads\/2023\/04\/cid-lf-digestive-support-low-fat.jpg","type":"image\/jpeg"}],"twitter_card":"summary_large_image","twitter_misc":{"Disponibilit\u00e9":"En stock"},"schema":{"@context":"https:\/\/schema.org","@graph":[{"@type":"WebPage","@id":"https:\/\/www.vetorino.com\/boutique\/product\/specific-chien-cid-lf-digestive-support-low-fat\/","url":"https:\/\/www.vetorino.com\/boutique\/product\/specific-chien-cid-lf-digestive-support-low-fat\/","name":"CID-LF Digestive Support Low Fat \u2013 chien Specific - V\u00e9torino","isPartOf":{"@id":"https:\/\/www.vetorino.com\/boutique\/#website"},"primaryImageOfPage":{"@id":"https:\/\/www.vetorino.com\/boutique\/product\/specific-chien-cid-lf-digestive-support-low-fat\/#primaryimage"},"image":{"@id":"https:\/\/www.vetorino.com\/boutique\/product\/specific-chien-cid-lf-digestive-support-low-fat\/#primaryimage"},"thumbnailUrl":"https:\/\/www.vetorino.com\/boutique\/wp-content\/uploads\/2023\/04\/cid-lf-digestive-support-low-fat.jpg","datePublished":"2023-04-04T10:10:41+00:00","dateModified":"2025-08-27T08:25:04+00:00","description":"Croquettes adapt\u00e9es \u00e0 un large \u00e9ventail de troubles digestifs, y compris la pancr\u00e9atite, l\u2019IPE (insuffisance pancr\u00e9atique exocrine), la cholestase et l\u2019hyperlipid\u00e9mie. Utilisation : Chiens adultes. Adapt\u00e9 \u00e0 un large \u00e9ventail de troubles digestifs. Cet aliment est destin\u00e9 \u00e0 la prise en charge nutritionnelle d\u2019une maladie. Il est recommand\u00e9 de consulter votre v\u00e9t\u00e9rinaire.","breadcrumb":{"@id":"https:\/\/www.vetorino.com\/boutique\/product\/specific-chien-cid-lf-digestive-support-low-fat\/#breadcrumb"},"inLanguage":"fr-FR","potentialAction":[{"@type":"ReadAction","target":["https:\/\/www.vetorino.com\/boutique\/product\/specific-chien-cid-lf-digestive-support-low-fat\/"]}]},{"@type":"ImageObject","inLanguage":"fr-FR","@id":"https:\/\/www.vetorino.com\/boutique\/product\/specific-chien-cid-lf-digestive-support-low-fat\/#primaryimage","url":"https:\/\/www.vetorino.com\/boutique\/wp-content\/uploads\/2023\/04\/cid-lf-digestive-support-low-fat.jpg","contentUrl":"https:\/\/www.vetorino.com\/boutique\/wp-content\/uploads\/2023\/04\/cid-lf-digestive-support-low-fat.jpg","width":800,"height":800},{"@type":"BreadcrumbList","@id":"https:\/\/www.vetorino.com\/boutique\/product\/specific-chien-cid-lf-digestive-support-low-fat\/#breadcrumb","itemListElement":[{"@type":"ListItem","position":1,"name":"Accueil","item":"https:\/\/www.vetorino.com\/boutique\/"},{"@type":"ListItem","position":2,"name":"Produits","item":"https:\/\/www.vetorino.com\/boutique\/"},{"@type":"ListItem","position":3,"name":"CID-LF Digestive Support Low Fat \u2013 chien"}]},{"@type":"WebSite","@id":"https:\/\/www.vetorino.com\/boutique\/#website","url":"https:\/\/www.vetorino.com\/boutique\/","name":"V\u00e9torino","description":"","publisher":{"@id":"https:\/\/www.vetorino.com\/boutique\/#organization"},"potentialAction":[{"@type":"SearchAction","target":{"@type":"EntryPoint","urlTemplate":"https:\/\/www.vetorino.com\/boutique\/?s={search_term_string}"},"query-input":{"@type":"PropertyValueSpecification","valueRequired":true,"valueName":"search_term_string"}}],"inLanguage":"fr-FR"},{"@type":"Organization","@id":"https:\/\/www.vetorino.com\/boutique\/#organization","name":"V\u00e9torino","url":"https:\/\/www.vetorino.com\/boutique\/","logo":{"@type":"ImageObject","inLanguage":"fr-FR","@id":"https:\/\/www.vetorino.com\/boutique\/#\/schema\/logo\/image\/","url":"https:\/\/www.vetorino.com\/boutique\/wp-content\/uploads\/2024\/10\/logo.jpg","contentUrl":"https:\/\/www.vetorino.com\/boutique\/wp-content\/uploads\/2024\/10\/logo.jpg","width":1200,"height":610,"caption":"V\u00e9torino"},"image":{"@id":"https:\/\/www.vetorino.com\/boutique\/#\/schema\/logo\/image\/"},"sameAs":["https:\/\/www.facebook.com\/Vetorino\/","https:\/\/www.instagram.com\/vetorino_off\/","https:\/\/www.linkedin.com\/company\/vtorino\/"]}]},"product_brand":"Specific","og_availability":"instock","product_availability":"instock","product_condition":"new"},"_links":{"self":[{"href":"https:\/\/www.vetorino.com\/veterinaire\/beugnies-59216\/boutique\/wp-json\/wp\/v2\/product\/586958","targetHints":{"allow":["GET"]}}],"collection":[{"href":"https:\/\/www.vetorino.com\/veterinaire\/beugnies-59216\/boutique\/wp-json\/wp\/v2\/product"}],"about":[{"href":"https:\/\/www.vetorino.com\/veterinaire\/beugnies-59216\/boutique\/wp-json\/wp\/v2\/types\/product"}],"wp:featuredmedia":[{"embeddable":true,"href":"https:\/\/www.vetorino.com\/veterinaire\/beugnies-59216\/boutique\/wp-json\/wp\/v2\/media\/896565"}],"wp:attachment":[{"href":"https:\/\/www.vetorino.com\/veterinaire\/beugnies-59216\/boutique\/wp-json\/wp\/v2\/media?parent=586958"}],"wp:term":[{"taxonomy":"product_cat","embeddable":true,"href":"https:\/\/www.vetorino.com\/veterinaire\/beugnies-59216\/boutique\/wp-json\/wp\/v2\/product_cat?post=586958"},{"taxonomy":"product_tag","embeddable":true,"href":"https:\/\/www.vetorino.com\/veterinaire\/beugnies-59216\/boutique\/wp-json\/wp\/v2\/product_tag?post=586958"}],"curies":[{"name":"wp","href":"https:\/\/api.w.org\/{rel}","templated":true}]}}