{"id":603399,"date":"2023-04-27T05:35:22","date_gmt":"2023-04-27T03:35:22","guid":{"rendered":"https:\/\/www.vetorino.com\/boutique\/product\/ziggy-patee-chat-adulte-boeuf-poulet\/"},"modified":"2025-11-17T16:59:26","modified_gmt":"2025-11-17T15:59:26","slug":"ziggy-patee-chat-adulte-boeuf-poulet","status":"publish","type":"product","link":"https:\/\/www.vetorino.com\/veterinaire\/beugnies-59216\/boutique\/product\/ziggy-patee-chat-adulte-boeuf-poulet\/","title":{"rendered":"P\u00e2t\u00e9e Chat Sans C\u00e9r\u00e9ales Boeuf"},"content":{"rendered":"<p>Une recette sans amidon, compos\u00e9e de prot\u00e9ines animales de tr\u00e8s haute qualit\u00e9 et de bons l\u00e9gumes, sources de fibres et de gourmandise, pour favoriser une digestion saine et des selles moins odorantes.<\/p>\n<p>La p\u00e2t\u00e9e est en moyenne 4x moins calorique que les croquettes, riche en eau et en prot\u00e9ines de qualit\u00e9, elle apporte du volume et peu de calories, et donc une meilleure sati\u00e9t\u00e9 qui aide \u00e0 r\u00e9duire les risques d&#8217;ob\u00e9sit\u00e9 et de surpoids et tout en pr\u00e9servant la masse musculaire.<\/p>\n<p>Une recette parfaitement \u00e9quilibr\u00e9e, riche en acides gras Om\u00e9ga 3 (EPA &amp; DHA) qui contribuent \u00e0 am\u00e9liorer la qualit\u00e9 et la beaut\u00e9 du pelage et participent \u00e0 renforcer les poils et \u00e0 en limiter la perte.<\/p>\n","protected":false},"excerpt":{"rendered":"<p data-pm-slice=\"1 1 []\">Une P\u00e2t\u00e9e pour chat adulte au boeuf\u00a0pour r\u00e9galer votre moustachu,<strong> sans c\u00e9r\u00e9ales et sans amidon.<\/strong><\/p>\n<p>Uniquement de vrais bons ingr\u00e9dients pour une p\u00e2t\u00e9e saine qui<strong> r\u00e9pond parfaitement aux besoins nutritionnels de votre chat et prend soin de sa sant\u00e9 tout en le r\u00e9galant.<\/strong><\/p>\n","protected":false},"featured_media":1036885,"template":"","meta":[],"product_cat":[12551,12583,2697,12635,12639],"product_tag":[],"class_list":{"0":"post-603399","1":"product","2":"type-product","3":"status-publish","4":"has-post-thumbnail","6":"product_cat-alimentation-du-chat","7":"product_cat-alimentation-premium-pour-chat","8":"product_cat-chat","9":"product_cat-systeme-digestif-du-chat","10":"product_cat-systeme-immunitaire-du-chat","11":"pa_marque-s-a-s-ziggy","13":"first","14":"instock","15":"taxable","16":"shipping-taxable","17":"purchasable","18":"product-type-variable"},"yoast_head":"<!-- This site is optimized with the Yoast SEO plugin v27.3 - https:\/\/yoast.com\/product\/yoast-seo-wordpress\/ -->\n<title>P\u00e2t\u00e9e Chat Sans C\u00e9r\u00e9ales Boeuf Ziggy - V\u00e9torino<\/title>\n<meta name=\"description\" content=\"Une P\u00e2t\u00e9e pour chat adulte au boeuf\u00a0pour r\u00e9galer votre moustachu, sans c\u00e9r\u00e9ales et sans amidon. Uniquement de vrais bons ingr\u00e9dients pour une p\u00e2t\u00e9e saine qui r\u00e9pond parfaitement aux besoins nutritionnels de votre chat et prend soin de sa sant\u00e9 tout en le r\u00e9galant.\" \/>\n<meta name=\"robots\" content=\"noindex, nofollow\" \/>\n<meta property=\"og:locale\" content=\"fr_FR\" \/>\n<meta property=\"og:type\" content=\"article\" \/>\n<meta property=\"og:title\" content=\"P\u00e2t\u00e9e Chat Sans C\u00e9r\u00e9ales Boeuf Ziggy - V\u00e9torino\" \/>\n<meta property=\"og:description\" content=\"Une P\u00e2t\u00e9e pour chat adulte au boeuf\u00a0pour r\u00e9galer votre moustachu, sans c\u00e9r\u00e9ales et sans amidon. Uniquement de vrais bons ingr\u00e9dients pour une p\u00e2t\u00e9e saine qui r\u00e9pond parfaitement aux besoins nutritionnels de votre chat et prend soin de sa sant\u00e9 tout en le r\u00e9galant.\" \/>\n<meta property=\"og:url\" content=\"https:\/\/www.vetorino.com\/veterinaire\/beugnies-59216\/boutique\/product\/ziggy-patee-chat-adulte-boeuf-poulet\/\" \/>\n<meta property=\"og:site_name\" content=\"V\u00e9torino\" \/>\n<meta property=\"article:publisher\" content=\"https:\/\/www.facebook.com\/Vetorino\/\" \/>\n<meta property=\"article:modified_time\" content=\"2025-11-17T15:59:26+00:00\" \/>\n<meta property=\"og:image\" content=\"https:\/\/www.vetorino.com\/boutique\/wp-content\/uploads\/2023\/04\/NEW.PateeChat-Boeuflotx4new1qte.webp\" \/>\n\t<meta property=\"og:image:width\" content=\"1080\" \/>\n\t<meta property=\"og:image:height\" content=\"1080\" \/>\n\t<meta property=\"og:image:type\" content=\"image\/webp\" \/>\n<meta name=\"twitter:card\" content=\"summary_large_image\" \/>\n<meta name=\"twitter:label1\" content=\"Disponibilit\u00e9\" \/>\n\t<meta name=\"twitter:data1\" content=\"En stock\" \/>\n<script type=\"application\/ld+json\" class=\"yoast-schema-graph\">{\"@context\":\"https:\\\/\\\/schema.org\",\"@graph\":[{\"@type\":\"WebPage\",\"@id\":\"https:\\\/\\\/www.vetorino.com\\\/boutique\\\/product\\\/ziggy-patee-chat-adulte-boeuf-poulet\\\/\",\"url\":\"https:\\\/\\\/www.vetorino.com\\\/boutique\\\/product\\\/ziggy-patee-chat-adulte-boeuf-poulet\\\/\",\"name\":\"P\u00e2t\u00e9e Chat Sans C\u00e9r\u00e9ales Boeuf Ziggy - V\u00e9torino\",\"isPartOf\":{\"@id\":\"https:\\\/\\\/www.vetorino.com\\\/boutique\\\/#website\"},\"primaryImageOfPage\":{\"@id\":\"https:\\\/\\\/www.vetorino.com\\\/boutique\\\/product\\\/ziggy-patee-chat-adulte-boeuf-poulet\\\/#primaryimage\"},\"image\":{\"@id\":\"https:\\\/\\\/www.vetorino.com\\\/boutique\\\/product\\\/ziggy-patee-chat-adulte-boeuf-poulet\\\/#primaryimage\"},\"thumbnailUrl\":\"https:\\\/\\\/www.vetorino.com\\\/boutique\\\/wp-content\\\/uploads\\\/2023\\\/04\\\/NEW.PateeChat-Boeuflotx4new1qte.webp\",\"datePublished\":\"2023-04-27T03:35:22+00:00\",\"dateModified\":\"2025-11-17T15:59:26+00:00\",\"description\":\"Une P\u00e2t\u00e9e pour chat adulte au boeuf\u00a0pour r\u00e9galer votre moustachu, sans c\u00e9r\u00e9ales et sans amidon. Uniquement de vrais bons ingr\u00e9dients pour une p\u00e2t\u00e9e saine qui r\u00e9pond parfaitement aux besoins nutritionnels de votre chat et prend soin de sa sant\u00e9 tout en le r\u00e9galant.\",\"breadcrumb\":{\"@id\":\"https:\\\/\\\/www.vetorino.com\\\/boutique\\\/product\\\/ziggy-patee-chat-adulte-boeuf-poulet\\\/#breadcrumb\"},\"inLanguage\":\"fr-FR\",\"potentialAction\":[{\"@type\":\"ReadAction\",\"target\":[\"https:\\\/\\\/www.vetorino.com\\\/boutique\\\/product\\\/ziggy-patee-chat-adulte-boeuf-poulet\\\/\"]}]},{\"@type\":\"ImageObject\",\"inLanguage\":\"fr-FR\",\"@id\":\"https:\\\/\\\/www.vetorino.com\\\/boutique\\\/product\\\/ziggy-patee-chat-adulte-boeuf-poulet\\\/#primaryimage\",\"url\":\"https:\\\/\\\/www.vetorino.com\\\/boutique\\\/wp-content\\\/uploads\\\/2023\\\/04\\\/NEW.PateeChat-Boeuflotx4new1qte.webp\",\"contentUrl\":\"https:\\\/\\\/www.vetorino.com\\\/boutique\\\/wp-content\\\/uploads\\\/2023\\\/04\\\/NEW.PateeChat-Boeuflotx4new1qte.webp\",\"width\":1080,\"height\":1080},{\"@type\":\"BreadcrumbList\",\"@id\":\"https:\\\/\\\/www.vetorino.com\\\/boutique\\\/product\\\/ziggy-patee-chat-adulte-boeuf-poulet\\\/#breadcrumb\",\"itemListElement\":[{\"@type\":\"ListItem\",\"position\":1,\"name\":\"Accueil\",\"item\":\"https:\\\/\\\/www.vetorino.com\\\/boutique\\\/\"},{\"@type\":\"ListItem\",\"position\":2,\"name\":\"Produits\",\"item\":\"https:\\\/\\\/www.vetorino.com\\\/boutique\\\/\"},{\"@type\":\"ListItem\",\"position\":3,\"name\":\"P\u00e2t\u00e9e Chat Sans C\u00e9r\u00e9ales Boeuf\"}]},{\"@type\":\"WebSite\",\"@id\":\"https:\\\/\\\/www.vetorino.com\\\/boutique\\\/#website\",\"url\":\"https:\\\/\\\/www.vetorino.com\\\/boutique\\\/\",\"name\":\"V\u00e9torino\",\"description\":\"\",\"publisher\":{\"@id\":\"https:\\\/\\\/www.vetorino.com\\\/boutique\\\/#organization\"},\"potentialAction\":[{\"@type\":\"SearchAction\",\"target\":{\"@type\":\"EntryPoint\",\"urlTemplate\":\"https:\\\/\\\/www.vetorino.com\\\/boutique\\\/?s={search_term_string}\"},\"query-input\":{\"@type\":\"PropertyValueSpecification\",\"valueRequired\":true,\"valueName\":\"search_term_string\"}}],\"inLanguage\":\"fr-FR\"},{\"@type\":\"Organization\",\"@id\":\"https:\\\/\\\/www.vetorino.com\\\/boutique\\\/#organization\",\"name\":\"V\u00e9torino\",\"url\":\"https:\\\/\\\/www.vetorino.com\\\/boutique\\\/\",\"logo\":{\"@type\":\"ImageObject\",\"inLanguage\":\"fr-FR\",\"@id\":\"https:\\\/\\\/www.vetorino.com\\\/boutique\\\/#\\\/schema\\\/logo\\\/image\\\/\",\"url\":\"https:\\\/\\\/www.vetorino.com\\\/boutique\\\/wp-content\\\/uploads\\\/2024\\\/10\\\/logo.jpg\",\"contentUrl\":\"https:\\\/\\\/www.vetorino.com\\\/boutique\\\/wp-content\\\/uploads\\\/2024\\\/10\\\/logo.jpg\",\"width\":1200,\"height\":610,\"caption\":\"V\u00e9torino\"},\"image\":{\"@id\":\"https:\\\/\\\/www.vetorino.com\\\/boutique\\\/#\\\/schema\\\/logo\\\/image\\\/\"},\"sameAs\":[\"https:\\\/\\\/www.facebook.com\\\/Vetorino\\\/\",\"https:\\\/\\\/www.instagram.com\\\/vetorino_off\\\/\",\"https:\\\/\\\/www.linkedin.com\\\/company\\\/vtorino\\\/\"]}]}<\/script>\n<meta property=\"product:brand\" content=\"Ziggy\" \/>\n<meta property=\"og:availability\" content=\"instock\" \/>\n<meta property=\"product:availability\" content=\"instock\" \/>\n<meta property=\"product:condition\" content=\"new\" \/>\n<!-- \/ Yoast SEO plugin. -->","yoast_head_json":{"title":"P\u00e2t\u00e9e Chat Sans C\u00e9r\u00e9ales Boeuf Ziggy - V\u00e9torino","description":"Une P\u00e2t\u00e9e pour chat adulte au boeuf\u00a0pour r\u00e9galer votre moustachu, sans c\u00e9r\u00e9ales et sans amidon. Uniquement de vrais bons ingr\u00e9dients pour une p\u00e2t\u00e9e saine qui r\u00e9pond parfaitement aux besoins nutritionnels de votre chat et prend soin de sa sant\u00e9 tout en le r\u00e9galant.","robots":{"index":"noindex","follow":"nofollow"},"og_locale":"fr_FR","og_type":"article","og_title":"P\u00e2t\u00e9e Chat Sans C\u00e9r\u00e9ales Boeuf Ziggy - V\u00e9torino","og_description":"Une P\u00e2t\u00e9e pour chat adulte au boeuf\u00a0pour r\u00e9galer votre moustachu, sans c\u00e9r\u00e9ales et sans amidon. Uniquement de vrais bons ingr\u00e9dients pour une p\u00e2t\u00e9e saine qui r\u00e9pond parfaitement aux besoins nutritionnels de votre chat et prend soin de sa sant\u00e9 tout en le r\u00e9galant.","og_url":"https:\/\/www.vetorino.com\/veterinaire\/beugnies-59216\/boutique\/product\/ziggy-patee-chat-adulte-boeuf-poulet\/","og_site_name":"V\u00e9torino","article_publisher":"https:\/\/www.facebook.com\/Vetorino\/","article_modified_time":"2025-11-17T15:59:26+00:00","og_image":[{"width":1080,"height":1080,"url":"https:\/\/www.vetorino.com\/boutique\/wp-content\/uploads\/2023\/04\/NEW.PateeChat-Boeuflotx4new1qte.webp","type":"image\/webp"}],"twitter_card":"summary_large_image","twitter_misc":{"Disponibilit\u00e9":"En stock"},"schema":{"@context":"https:\/\/schema.org","@graph":[{"@type":"WebPage","@id":"https:\/\/www.vetorino.com\/boutique\/product\/ziggy-patee-chat-adulte-boeuf-poulet\/","url":"https:\/\/www.vetorino.com\/boutique\/product\/ziggy-patee-chat-adulte-boeuf-poulet\/","name":"P\u00e2t\u00e9e Chat Sans C\u00e9r\u00e9ales Boeuf Ziggy - V\u00e9torino","isPartOf":{"@id":"https:\/\/www.vetorino.com\/boutique\/#website"},"primaryImageOfPage":{"@id":"https:\/\/www.vetorino.com\/boutique\/product\/ziggy-patee-chat-adulte-boeuf-poulet\/#primaryimage"},"image":{"@id":"https:\/\/www.vetorino.com\/boutique\/product\/ziggy-patee-chat-adulte-boeuf-poulet\/#primaryimage"},"thumbnailUrl":"https:\/\/www.vetorino.com\/boutique\/wp-content\/uploads\/2023\/04\/NEW.PateeChat-Boeuflotx4new1qte.webp","datePublished":"2023-04-27T03:35:22+00:00","dateModified":"2025-11-17T15:59:26+00:00","description":"Une P\u00e2t\u00e9e pour chat adulte au boeuf\u00a0pour r\u00e9galer votre moustachu, sans c\u00e9r\u00e9ales et sans amidon. Uniquement de vrais bons ingr\u00e9dients pour une p\u00e2t\u00e9e saine qui r\u00e9pond parfaitement aux besoins nutritionnels de votre chat et prend soin de sa sant\u00e9 tout en le r\u00e9galant.","breadcrumb":{"@id":"https:\/\/www.vetorino.com\/boutique\/product\/ziggy-patee-chat-adulte-boeuf-poulet\/#breadcrumb"},"inLanguage":"fr-FR","potentialAction":[{"@type":"ReadAction","target":["https:\/\/www.vetorino.com\/boutique\/product\/ziggy-patee-chat-adulte-boeuf-poulet\/"]}]},{"@type":"ImageObject","inLanguage":"fr-FR","@id":"https:\/\/www.vetorino.com\/boutique\/product\/ziggy-patee-chat-adulte-boeuf-poulet\/#primaryimage","url":"https:\/\/www.vetorino.com\/boutique\/wp-content\/uploads\/2023\/04\/NEW.PateeChat-Boeuflotx4new1qte.webp","contentUrl":"https:\/\/www.vetorino.com\/boutique\/wp-content\/uploads\/2023\/04\/NEW.PateeChat-Boeuflotx4new1qte.webp","width":1080,"height":1080},{"@type":"BreadcrumbList","@id":"https:\/\/www.vetorino.com\/boutique\/product\/ziggy-patee-chat-adulte-boeuf-poulet\/#breadcrumb","itemListElement":[{"@type":"ListItem","position":1,"name":"Accueil","item":"https:\/\/www.vetorino.com\/boutique\/"},{"@type":"ListItem","position":2,"name":"Produits","item":"https:\/\/www.vetorino.com\/boutique\/"},{"@type":"ListItem","position":3,"name":"P\u00e2t\u00e9e Chat Sans C\u00e9r\u00e9ales Boeuf"}]},{"@type":"WebSite","@id":"https:\/\/www.vetorino.com\/boutique\/#website","url":"https:\/\/www.vetorino.com\/boutique\/","name":"V\u00e9torino","description":"","publisher":{"@id":"https:\/\/www.vetorino.com\/boutique\/#organization"},"potentialAction":[{"@type":"SearchAction","target":{"@type":"EntryPoint","urlTemplate":"https:\/\/www.vetorino.com\/boutique\/?s={search_term_string}"},"query-input":{"@type":"PropertyValueSpecification","valueRequired":true,"valueName":"search_term_string"}}],"inLanguage":"fr-FR"},{"@type":"Organization","@id":"https:\/\/www.vetorino.com\/boutique\/#organization","name":"V\u00e9torino","url":"https:\/\/www.vetorino.com\/boutique\/","logo":{"@type":"ImageObject","inLanguage":"fr-FR","@id":"https:\/\/www.vetorino.com\/boutique\/#\/schema\/logo\/image\/","url":"https:\/\/www.vetorino.com\/boutique\/wp-content\/uploads\/2024\/10\/logo.jpg","contentUrl":"https:\/\/www.vetorino.com\/boutique\/wp-content\/uploads\/2024\/10\/logo.jpg","width":1200,"height":610,"caption":"V\u00e9torino"},"image":{"@id":"https:\/\/www.vetorino.com\/boutique\/#\/schema\/logo\/image\/"},"sameAs":["https:\/\/www.facebook.com\/Vetorino\/","https:\/\/www.instagram.com\/vetorino_off\/","https:\/\/www.linkedin.com\/company\/vtorino\/"]}]},"product_brand":"Ziggy","og_availability":"instock","product_availability":"instock","product_condition":"new"},"_links":{"self":[{"href":"https:\/\/www.vetorino.com\/veterinaire\/beugnies-59216\/boutique\/wp-json\/wp\/v2\/product\/603399","targetHints":{"allow":["GET"]}}],"collection":[{"href":"https:\/\/www.vetorino.com\/veterinaire\/beugnies-59216\/boutique\/wp-json\/wp\/v2\/product"}],"about":[{"href":"https:\/\/www.vetorino.com\/veterinaire\/beugnies-59216\/boutique\/wp-json\/wp\/v2\/types\/product"}],"wp:featuredmedia":[{"embeddable":true,"href":"https:\/\/www.vetorino.com\/veterinaire\/beugnies-59216\/boutique\/wp-json\/wp\/v2\/media\/1036885"}],"wp:attachment":[{"href":"https:\/\/www.vetorino.com\/veterinaire\/beugnies-59216\/boutique\/wp-json\/wp\/v2\/media?parent=603399"}],"wp:term":[{"taxonomy":"product_cat","embeddable":true,"href":"https:\/\/www.vetorino.com\/veterinaire\/beugnies-59216\/boutique\/wp-json\/wp\/v2\/product_cat?post=603399"},{"taxonomy":"product_tag","embeddable":true,"href":"https:\/\/www.vetorino.com\/veterinaire\/beugnies-59216\/boutique\/wp-json\/wp\/v2\/product_tag?post=603399"}],"curies":[{"name":"wp","href":"https:\/\/api.w.org\/{rel}","templated":true}]}}