{"id":613738,"date":"2023-05-13T05:35:08","date_gmt":"2023-05-13T03:35:08","guid":{"rendered":"https:\/\/www.vetorino.com\/boutique\/product\/vetessentials-canine-healthy-digestive-biome-large\/"},"modified":"2025-01-16T15:46:50","modified_gmt":"2025-01-16T14:46:50","slug":"vetessentials-canine-healthy-digestive-biome-large","status":"publish","type":"product","link":"https:\/\/www.vetorino.com\/veterinaire\/beugnies-59216\/boutique\/product\/vetessentials-canine-healthy-digestive-biome-large\/","title":{"rendered":"Chien Multi-Benefit + Digestion Adult Large Breed"},"content":{"rendered":"<p><strong>Croquettes qui favorisent une digestion saine en nourrissant uniquement les bonnes bact\u00e9ries qui vivent dans l&#8217;intestin de votre chien, tout en favorisant la sant\u00e9 de son syst\u00e8me urinaire.<\/strong><\/p>\n<p><strong>Utilisation :<\/strong><\/p>\n<ul>\n<li>Chien adulte \u00e0 partir de un an.<\/li>\n<li>Grandes races : plus de 25 kg.<\/li>\n<\/ul>\n<p><strong>Contre indications :<\/strong><\/p>\n<ul>\n<li>Chiots.<\/li>\n<li>Chiens adultes \u00e2g\u00e9s de 7 ans et plus.<\/li>\n<li>Chiennes gestantes ou allaitantes.<\/li>\n<\/ul>\n<p><strong>Bienfaits essentiels :<\/strong><\/p>\n<ul>\n<li>Cliniquement prouv\u00e9 pour favoriser des <strong>selles saines<\/strong> et la r\u00e9gularit\u00e9 du transit intestinal.<\/li>\n<li>Avec des <strong>prot\u00e9ines<\/strong> de<strong> haute qualit\u00e9<\/strong> pour favoriser la sant\u00e9 musculaire.<\/li>\n<li>Une nutrition \u00e9quilibr\u00e9e avec de la taurine ajout\u00e9e pour la bonne sant\u00e9 <strong>cardiaque<\/strong> et des min\u00e9raux contr\u00f4l\u00e9s pour soutenir les reins et la vessie.<\/li>\n<li>Avec des acides gras Om\u00e9ga-6 et Om\u00e9ga-3 pour une peau saine et un pelage <strong>luxuriant<\/strong>.<\/li>\n<li>Une nutrition <strong>\u00e9quilibr\u00e9e<\/strong> et des min\u00e9raux pour la sant\u00e9 des organes vitaux.<\/li>\n<\/ul>\n","protected":false},"excerpt":{"rendered":"<p><strong>Croquettes qui favorisent une digestion saine en nourrissant uniquement les bonnes bact\u00e9ries qui vivent dans l&#8217;intestin de votre chien, tout en favorisant la sant\u00e9 de son syst\u00e8me urinaire.<\/strong><\/p>\n<p><strong>Utilisation :<\/strong><\/p>\n<ul>\n<li>Chien adulte \u00e0 partir de un an.<\/li>\n<li>Grandes races : plus de 25 kg.<\/li>\n<\/ul>\n","protected":false},"featured_media":983076,"template":"","meta":[],"product_cat":[12552,12584,2698],"product_tag":[],"class_list":{"0":"post-613738","1":"product","2":"type-product","3":"status-publish","4":"has-post-thumbnail","6":"product_cat-alimentation-du-chien","7":"product_cat-alimentation-premium-pour-chien","8":"product_cat-chien","9":"pa_marque-hills-pet-nutrition","11":"first","12":"instock","13":"taxable","14":"shipping-taxable","15":"purchasable","16":"product-type-variable"},"yoast_head":"<!-- This site is optimized with the Yoast SEO plugin v27.3 - https:\/\/yoast.com\/product\/yoast-seo-wordpress\/ -->\n<title>Vetessentials (Hill&#039;s) Chien Multi-Benefit + Digestion Adult Large Breed Hill&#039;s - V\u00e9torino<\/title>\n<meta name=\"description\" content=\"Croquettes qui favorisent une digestion saine en nourrissant uniquement les bonnes bact\u00e9ries qui vivent dans l&#039;intestin de votre chien, tout en favorisant la sant\u00e9 de son syst\u00e8me urinaire.  Utilisation :   Chien adulte \u00e0 partir de un an.  Grandes races : plus de 25 kg.\" \/>\n<meta name=\"robots\" content=\"noindex, nofollow\" \/>\n<meta property=\"og:locale\" content=\"fr_FR\" \/>\n<meta property=\"og:type\" content=\"article\" \/>\n<meta property=\"og:title\" content=\"Vetessentials (Hill&#039;s) Chien Multi-Benefit + Digestion Adult Large Breed Hill&#039;s - V\u00e9torino\" \/>\n<meta property=\"og:description\" content=\"Croquettes qui favorisent une digestion saine en nourrissant uniquement les bonnes bact\u00e9ries qui vivent dans l&#039;intestin de votre chien, tout en favorisant la sant\u00e9 de son syst\u00e8me urinaire.  Utilisation :   Chien adulte \u00e0 partir de un an.  Grandes races : plus de 25 kg.\" \/>\n<meta property=\"og:url\" content=\"https:\/\/www.vetorino.com\/veterinaire\/beugnies-59216\/boutique\/product\/vetessentials-canine-healthy-digestive-biome-large\/\" \/>\n<meta property=\"og:site_name\" content=\"V\u00e9torino\" \/>\n<meta property=\"article:publisher\" content=\"https:\/\/www.facebook.com\/Vetorino\/\" \/>\n<meta property=\"article:modified_time\" content=\"2025-01-16T14:46:50+00:00\" \/>\n<meta property=\"og:image\" content=\"https:\/\/www.vetorino.com\/boutique\/wp-content\/uploads\/2021\/08\/52742054568-1-Vet-Essentials-Chien-Multi-Benefit-Digestion-Adult1-Large-Breed-555x555-1.jpg\" \/>\n\t<meta property=\"og:image:width\" content=\"555\" \/>\n\t<meta property=\"og:image:height\" content=\"555\" \/>\n\t<meta property=\"og:image:type\" content=\"image\/jpeg\" \/>\n<meta name=\"twitter:card\" content=\"summary_large_image\" \/>\n<meta name=\"twitter:label1\" content=\"Disponibilit\u00e9\" \/>\n\t<meta name=\"twitter:data1\" content=\"En stock\" \/>\n<script type=\"application\/ld+json\" class=\"yoast-schema-graph\">{\"@context\":\"https:\\\/\\\/schema.org\",\"@graph\":[{\"@type\":\"WebPage\",\"@id\":\"https:\\\/\\\/www.vetorino.com\\\/veterinaire\\\/briancon-05100\\\/boutique\\\/product\\\/vetessentials-canine-healthy-digestive-biome-large\\\/\",\"url\":\"https:\\\/\\\/www.vetorino.com\\\/veterinaire\\\/briancon-05100\\\/boutique\\\/product\\\/vetessentials-canine-healthy-digestive-biome-large\\\/\",\"name\":\"Vetessentials (Hill's) Chien Multi-Benefit + Digestion Adult Large Breed Hill's - V\u00e9torino\",\"isPartOf\":{\"@id\":\"https:\\\/\\\/www.vetorino.com\\\/boutique\\\/#website\"},\"primaryImageOfPage\":{\"@id\":\"https:\\\/\\\/www.vetorino.com\\\/veterinaire\\\/briancon-05100\\\/boutique\\\/product\\\/vetessentials-canine-healthy-digestive-biome-large\\\/#primaryimage\"},\"image\":{\"@id\":\"https:\\\/\\\/www.vetorino.com\\\/veterinaire\\\/briancon-05100\\\/boutique\\\/product\\\/vetessentials-canine-healthy-digestive-biome-large\\\/#primaryimage\"},\"thumbnailUrl\":\"https:\\\/\\\/www.vetorino.com\\\/boutique\\\/wp-content\\\/uploads\\\/2021\\\/08\\\/52742054568-1-Vet-Essentials-Chien-Multi-Benefit-Digestion-Adult1-Large-Breed-555x555-1.jpg\",\"datePublished\":\"2023-05-13T03:35:08+00:00\",\"dateModified\":\"2025-01-16T14:46:50+00:00\",\"description\":\"Croquettes qui favorisent une digestion saine en nourrissant uniquement les bonnes bact\u00e9ries qui vivent dans l'intestin de votre chien, tout en favorisant la sant\u00e9 de son syst\u00e8me urinaire. Utilisation : Chien adulte \u00e0 partir de un an. Grandes races : plus de 25 kg.\",\"breadcrumb\":{\"@id\":\"https:\\\/\\\/www.vetorino.com\\\/veterinaire\\\/briancon-05100\\\/boutique\\\/product\\\/vetessentials-canine-healthy-digestive-biome-large\\\/#breadcrumb\"},\"inLanguage\":\"fr-FR\",\"potentialAction\":[{\"@type\":\"ReadAction\",\"target\":[\"https:\\\/\\\/www.vetorino.com\\\/veterinaire\\\/briancon-05100\\\/boutique\\\/product\\\/vetessentials-canine-healthy-digestive-biome-large\\\/\"]}]},{\"@type\":\"ImageObject\",\"inLanguage\":\"fr-FR\",\"@id\":\"https:\\\/\\\/www.vetorino.com\\\/veterinaire\\\/briancon-05100\\\/boutique\\\/product\\\/vetessentials-canine-healthy-digestive-biome-large\\\/#primaryimage\",\"url\":\"https:\\\/\\\/www.vetorino.com\\\/boutique\\\/wp-content\\\/uploads\\\/2021\\\/08\\\/52742054568-1-Vet-Essentials-Chien-Multi-Benefit-Digestion-Adult1-Large-Breed-555x555-1.jpg\",\"contentUrl\":\"https:\\\/\\\/www.vetorino.com\\\/boutique\\\/wp-content\\\/uploads\\\/2021\\\/08\\\/52742054568-1-Vet-Essentials-Chien-Multi-Benefit-Digestion-Adult1-Large-Breed-555x555-1.jpg\",\"width\":555,\"height\":555},{\"@type\":\"BreadcrumbList\",\"@id\":\"https:\\\/\\\/www.vetorino.com\\\/veterinaire\\\/briancon-05100\\\/boutique\\\/product\\\/vetessentials-canine-healthy-digestive-biome-large\\\/#breadcrumb\",\"itemListElement\":[{\"@type\":\"ListItem\",\"position\":1,\"name\":\"Accueil\",\"item\":\"https:\\\/\\\/www.vetorino.com\\\/boutique\\\/\"},{\"@type\":\"ListItem\",\"position\":2,\"name\":\"Produits\",\"item\":\"https:\\\/\\\/www.vetorino.com\\\/boutique\\\/\"},{\"@type\":\"ListItem\",\"position\":3,\"name\":\"Chien Multi-Benefit + Digestion Adult Large Breed\"}]},{\"@type\":\"WebSite\",\"@id\":\"https:\\\/\\\/www.vetorino.com\\\/boutique\\\/#website\",\"url\":\"https:\\\/\\\/www.vetorino.com\\\/boutique\\\/\",\"name\":\"V\u00e9torino\",\"description\":\"\",\"publisher\":{\"@id\":\"https:\\\/\\\/www.vetorino.com\\\/boutique\\\/#organization\"},\"potentialAction\":[{\"@type\":\"SearchAction\",\"target\":{\"@type\":\"EntryPoint\",\"urlTemplate\":\"https:\\\/\\\/www.vetorino.com\\\/boutique\\\/?s={search_term_string}\"},\"query-input\":{\"@type\":\"PropertyValueSpecification\",\"valueRequired\":true,\"valueName\":\"search_term_string\"}}],\"inLanguage\":\"fr-FR\"},{\"@type\":\"Organization\",\"@id\":\"https:\\\/\\\/www.vetorino.com\\\/boutique\\\/#organization\",\"name\":\"V\u00e9torino\",\"url\":\"https:\\\/\\\/www.vetorino.com\\\/boutique\\\/\",\"logo\":{\"@type\":\"ImageObject\",\"inLanguage\":\"fr-FR\",\"@id\":\"https:\\\/\\\/www.vetorino.com\\\/boutique\\\/#\\\/schema\\\/logo\\\/image\\\/\",\"url\":\"https:\\\/\\\/www.vetorino.com\\\/boutique\\\/wp-content\\\/uploads\\\/2024\\\/10\\\/logo.jpg\",\"contentUrl\":\"https:\\\/\\\/www.vetorino.com\\\/boutique\\\/wp-content\\\/uploads\\\/2024\\\/10\\\/logo.jpg\",\"width\":1200,\"height\":610,\"caption\":\"V\u00e9torino\"},\"image\":{\"@id\":\"https:\\\/\\\/www.vetorino.com\\\/boutique\\\/#\\\/schema\\\/logo\\\/image\\\/\"},\"sameAs\":[\"https:\\\/\\\/www.facebook.com\\\/Vetorino\\\/\",\"https:\\\/\\\/www.instagram.com\\\/vetorino_off\\\/\",\"https:\\\/\\\/www.linkedin.com\\\/company\\\/vtorino\\\/\"]}]}<\/script>\n<meta property=\"product:brand\" content=\"Hill&#039;s\" \/>\n<meta property=\"og:availability\" content=\"instock\" \/>\n<meta property=\"product:availability\" content=\"instock\" \/>\n<meta property=\"product:condition\" content=\"new\" \/>\n<!-- \/ Yoast SEO plugin. -->","yoast_head_json":{"title":"Vetessentials (Hill's) Chien Multi-Benefit + Digestion Adult Large Breed Hill's - V\u00e9torino","description":"Croquettes qui favorisent une digestion saine en nourrissant uniquement les bonnes bact\u00e9ries qui vivent dans l'intestin de votre chien, tout en favorisant la sant\u00e9 de son syst\u00e8me urinaire.  Utilisation :   Chien adulte \u00e0 partir de un an.  Grandes races : plus de 25 kg.","robots":{"index":"noindex","follow":"nofollow"},"og_locale":"fr_FR","og_type":"article","og_title":"Vetessentials (Hill's) Chien Multi-Benefit + Digestion Adult Large Breed Hill's - V\u00e9torino","og_description":"Croquettes qui favorisent une digestion saine en nourrissant uniquement les bonnes bact\u00e9ries qui vivent dans l'intestin de votre chien, tout en favorisant la sant\u00e9 de son syst\u00e8me urinaire.  Utilisation :   Chien adulte \u00e0 partir de un an.  Grandes races : plus de 25 kg.","og_url":"https:\/\/www.vetorino.com\/veterinaire\/beugnies-59216\/boutique\/product\/vetessentials-canine-healthy-digestive-biome-large\/","og_site_name":"V\u00e9torino","article_publisher":"https:\/\/www.facebook.com\/Vetorino\/","article_modified_time":"2025-01-16T14:46:50+00:00","og_image":[{"width":555,"height":555,"url":"https:\/\/www.vetorino.com\/boutique\/wp-content\/uploads\/2021\/08\/52742054568-1-Vet-Essentials-Chien-Multi-Benefit-Digestion-Adult1-Large-Breed-555x555-1.jpg","type":"image\/jpeg"}],"twitter_card":"summary_large_image","twitter_misc":{"Disponibilit\u00e9":"En stock"},"schema":{"@context":"https:\/\/schema.org","@graph":[{"@type":"WebPage","@id":"https:\/\/www.vetorino.com\/veterinaire\/briancon-05100\/boutique\/product\/vetessentials-canine-healthy-digestive-biome-large\/","url":"https:\/\/www.vetorino.com\/veterinaire\/briancon-05100\/boutique\/product\/vetessentials-canine-healthy-digestive-biome-large\/","name":"Vetessentials (Hill's) Chien Multi-Benefit + Digestion Adult Large Breed Hill's - V\u00e9torino","isPartOf":{"@id":"https:\/\/www.vetorino.com\/boutique\/#website"},"primaryImageOfPage":{"@id":"https:\/\/www.vetorino.com\/veterinaire\/briancon-05100\/boutique\/product\/vetessentials-canine-healthy-digestive-biome-large\/#primaryimage"},"image":{"@id":"https:\/\/www.vetorino.com\/veterinaire\/briancon-05100\/boutique\/product\/vetessentials-canine-healthy-digestive-biome-large\/#primaryimage"},"thumbnailUrl":"https:\/\/www.vetorino.com\/boutique\/wp-content\/uploads\/2021\/08\/52742054568-1-Vet-Essentials-Chien-Multi-Benefit-Digestion-Adult1-Large-Breed-555x555-1.jpg","datePublished":"2023-05-13T03:35:08+00:00","dateModified":"2025-01-16T14:46:50+00:00","description":"Croquettes qui favorisent une digestion saine en nourrissant uniquement les bonnes bact\u00e9ries qui vivent dans l'intestin de votre chien, tout en favorisant la sant\u00e9 de son syst\u00e8me urinaire. Utilisation : Chien adulte \u00e0 partir de un an. Grandes races : plus de 25 kg.","breadcrumb":{"@id":"https:\/\/www.vetorino.com\/veterinaire\/briancon-05100\/boutique\/product\/vetessentials-canine-healthy-digestive-biome-large\/#breadcrumb"},"inLanguage":"fr-FR","potentialAction":[{"@type":"ReadAction","target":["https:\/\/www.vetorino.com\/veterinaire\/briancon-05100\/boutique\/product\/vetessentials-canine-healthy-digestive-biome-large\/"]}]},{"@type":"ImageObject","inLanguage":"fr-FR","@id":"https:\/\/www.vetorino.com\/veterinaire\/briancon-05100\/boutique\/product\/vetessentials-canine-healthy-digestive-biome-large\/#primaryimage","url":"https:\/\/www.vetorino.com\/boutique\/wp-content\/uploads\/2021\/08\/52742054568-1-Vet-Essentials-Chien-Multi-Benefit-Digestion-Adult1-Large-Breed-555x555-1.jpg","contentUrl":"https:\/\/www.vetorino.com\/boutique\/wp-content\/uploads\/2021\/08\/52742054568-1-Vet-Essentials-Chien-Multi-Benefit-Digestion-Adult1-Large-Breed-555x555-1.jpg","width":555,"height":555},{"@type":"BreadcrumbList","@id":"https:\/\/www.vetorino.com\/veterinaire\/briancon-05100\/boutique\/product\/vetessentials-canine-healthy-digestive-biome-large\/#breadcrumb","itemListElement":[{"@type":"ListItem","position":1,"name":"Accueil","item":"https:\/\/www.vetorino.com\/boutique\/"},{"@type":"ListItem","position":2,"name":"Produits","item":"https:\/\/www.vetorino.com\/boutique\/"},{"@type":"ListItem","position":3,"name":"Chien Multi-Benefit + Digestion Adult Large Breed"}]},{"@type":"WebSite","@id":"https:\/\/www.vetorino.com\/boutique\/#website","url":"https:\/\/www.vetorino.com\/boutique\/","name":"V\u00e9torino","description":"","publisher":{"@id":"https:\/\/www.vetorino.com\/boutique\/#organization"},"potentialAction":[{"@type":"SearchAction","target":{"@type":"EntryPoint","urlTemplate":"https:\/\/www.vetorino.com\/boutique\/?s={search_term_string}"},"query-input":{"@type":"PropertyValueSpecification","valueRequired":true,"valueName":"search_term_string"}}],"inLanguage":"fr-FR"},{"@type":"Organization","@id":"https:\/\/www.vetorino.com\/boutique\/#organization","name":"V\u00e9torino","url":"https:\/\/www.vetorino.com\/boutique\/","logo":{"@type":"ImageObject","inLanguage":"fr-FR","@id":"https:\/\/www.vetorino.com\/boutique\/#\/schema\/logo\/image\/","url":"https:\/\/www.vetorino.com\/boutique\/wp-content\/uploads\/2024\/10\/logo.jpg","contentUrl":"https:\/\/www.vetorino.com\/boutique\/wp-content\/uploads\/2024\/10\/logo.jpg","width":1200,"height":610,"caption":"V\u00e9torino"},"image":{"@id":"https:\/\/www.vetorino.com\/boutique\/#\/schema\/logo\/image\/"},"sameAs":["https:\/\/www.facebook.com\/Vetorino\/","https:\/\/www.instagram.com\/vetorino_off\/","https:\/\/www.linkedin.com\/company\/vtorino\/"]}]},"product_brand":"Hill's","og_availability":"instock","product_availability":"instock","product_condition":"new"},"_links":{"self":[{"href":"https:\/\/www.vetorino.com\/veterinaire\/beugnies-59216\/boutique\/wp-json\/wp\/v2\/product\/613738","targetHints":{"allow":["GET"]}}],"collection":[{"href":"https:\/\/www.vetorino.com\/veterinaire\/beugnies-59216\/boutique\/wp-json\/wp\/v2\/product"}],"about":[{"href":"https:\/\/www.vetorino.com\/veterinaire\/beugnies-59216\/boutique\/wp-json\/wp\/v2\/types\/product"}],"wp:featuredmedia":[{"embeddable":true,"href":"https:\/\/www.vetorino.com\/veterinaire\/beugnies-59216\/boutique\/wp-json\/wp\/v2\/media\/983076"}],"wp:attachment":[{"href":"https:\/\/www.vetorino.com\/veterinaire\/beugnies-59216\/boutique\/wp-json\/wp\/v2\/media?parent=613738"}],"wp:term":[{"taxonomy":"product_cat","embeddable":true,"href":"https:\/\/www.vetorino.com\/veterinaire\/beugnies-59216\/boutique\/wp-json\/wp\/v2\/product_cat?post=613738"},{"taxonomy":"product_tag","embeddable":true,"href":"https:\/\/www.vetorino.com\/veterinaire\/beugnies-59216\/boutique\/wp-json\/wp\/v2\/product_tag?post=613738"}],"curies":[{"name":"wp","href":"https:\/\/api.w.org\/{rel}","templated":true}]}}