{"id":672556,"date":"2023-08-09T05:35:09","date_gmt":"2023-08-09T03:35:09","guid":{"rendered":"https:\/\/www.vetorino.com\/boutique\/product\/dog-gastro-intestinal-low-fat-small-dog\/"},"modified":"2025-11-05T16:55:23","modified_gmt":"2025-11-05T15:55:23","slug":"dog-gastro-intestinal-low-fat-small-dog","status":"publish","type":"product","link":"https:\/\/www.vetorino.com\/veterinaire\/beugnies-59216\/boutique\/product\/dog-gastro-intestinal-low-fat-small-dog\/","title":{"rendered":"Dog Gastro Intestinal Low Fat Small Dog"},"content":{"rendered":"<p><strong>Royal Canin Dog Gastro Intestinal est un aliment complet, \u00e9quilibr\u00e9, r\u00e9duit en mati\u00e8re grasse et faible teneur en fibres destin\u00e9 \u00e0 r\u00e9guler le m\u00e9tabolisme lipidique. Contribue \u00e0 r\u00e9\u00e9quilibrer l&#8217;\u00e9cosyst\u00e8me du c\u00f4lon et \u00e0 augmenter la s\u00e9curit\u00e9 digestive.<\/strong><\/p>\n<p><strong>Utilisation :<\/strong><\/p>\n<ul>\n<li>Chien atteint de probl\u00e8mes gastro-intestinaux<\/li>\n<li>Chien de moins de 10 kg<\/li>\n<\/ul>\n<p><strong>Contre indications :<\/strong><\/p>\n<ul>\n<li>Gestation, lactation et croissance<\/li>\n<\/ul>\n<p><strong>Bienfaits essentiels :<\/strong><\/p>\n<ul>\n<li>Une combinaison de prot\u00e9ines hautement digestibles, de pr\u00e9biotiques, de pulpe de bettrave, de riz et d&#8217;huile de poisson pour assurer une s\u00e9curit\u00e9 digestive maximale.<\/li>\n<li>La restriction de mati\u00e8res grasses est essentielle pour le traitement des chiens souffrant d&#8217;hyperlipid\u00e9mie ou de pancr\u00e9atite aig\u00fce.<\/li>\n<li>Un niveau bas de fibres solubles pour aider \u00e0 limiter les fermentations coliques. Une teneur faible en fibres insolubles pour \u00e9viter de trop diminuer la concentration \u00e9nerg\u00e9tique et minimiser la perte \u00e9ventuelle d&#8217;app\u00e9tence li\u00e9e \u00e0 un r\u00e9gime pauvre en mati\u00e8re grasse.<\/li>\n<li>Le complexe synergique brevet\u00e9 d&#8217;antioxydants contribue \u00e0 diminuer les agressions cellulaires dues au stress oxydatif et aux radicaux libres.<\/li>\n<\/ul>\n<p><strong>Cet aliment est destin\u00e9 \u00e0 la prise en charge nutritionnelle d\u2019une maladie. Pour la sant\u00e9 de votre chien, il est recommand\u00e9 de consulter votre v\u00e9t\u00e9rinaire et de respecter scrupuleusement ses recommandations nutritionnelles.<\/strong><\/p>\n","protected":false},"excerpt":{"rendered":"<div id=\"product-description-short-5587\">\n<p><strong>Aliment complet, \u00e9quilibr\u00e9, r\u00e9duit en mati\u00e8re grasse et faible teneur en fibres destin\u00e9 \u00e0 r\u00e9guler le m\u00e9tabolisme lipidique. Contribue \u00e0 r\u00e9\u00e9quilibrer l&#8217;\u00e9cosyst\u00e8me du c\u00f4lon et \u00e0 augmenter la s\u00e9curit\u00e9 digestive.<\/strong><\/p>\n<p><strong>Utilisation :<\/strong><\/p>\n<ul>\n<li>Chien atteint de probl\u00e8mes gastro-intestinaux<\/li>\n<li>Chien de moins de 10 kg<\/li>\n<\/ul>\n<p><strong>Cet aliment est destin\u00e9 \u00e0 la prise en charge nutritionnelle d\u2019une maladie. Pour la sant\u00e9 de votre chien, il est recommand\u00e9 de consulter votre v\u00e9t\u00e9rinaire et de respecter scrupuleusement ses recommandations nutritionnelles.<\/strong><\/p>\n<\/div>\n","protected":false},"featured_media":676542,"template":"","meta":[],"product_cat":[12552,12582,2698],"product_tag":[],"class_list":{"0":"post-672556","1":"product","2":"type-product","3":"status-publish","4":"has-post-thumbnail","6":"product_cat-alimentation-du-chien","7":"product_cat-alimentation-medicalisee-pour-chien","8":"product_cat-chien","9":"pa_marque-royal-canin","11":"first","12":"instock","13":"taxable","14":"shipping-taxable","15":"purchasable","16":"product-type-variable"},"yoast_head":"<!-- This site is optimized with the Yoast SEO plugin v27.3 - https:\/\/yoast.com\/product\/yoast-seo-wordpress\/ -->\n<title>Veterinary Health Nutrition (Royal Canin) Dog Gastro Intestinal Low Fat Small Dog Royal Canin - V\u00e9torino<\/title>\n<meta name=\"description\" content=\"Aliment complet, \u00e9quilibr\u00e9, r\u00e9duit en mati\u00e8re grasse et faible teneur en fibres destin\u00e9 \u00e0 r\u00e9guler le m\u00e9tabolisme lipidique. Contribue \u00e0 r\u00e9\u00e9quilibrer l&#039;\u00e9cosyst\u00e8me du c\u00f4lon et \u00e0 augmenter la s\u00e9curit\u00e9 digestive.  Utilisation :   Chien atteint de probl\u00e8mes gastro-intestinaux  Chien de moins de 10 kg  Cet aliment est destin\u00e9 \u00e0 la prise en charge nutritionnelle d\u2019une maladie. Pour la sant\u00e9 de votre chien, il est recommand\u00e9 de consulter votre v\u00e9t\u00e9rinaire et de respecter scrupuleusement ses recommandations nutritionnelles.\" \/>\n<meta name=\"robots\" content=\"noindex, nofollow\" \/>\n<meta property=\"og:locale\" content=\"fr_FR\" \/>\n<meta property=\"og:type\" content=\"article\" \/>\n<meta property=\"og:title\" content=\"Veterinary Health Nutrition (Royal Canin) Dog Gastro Intestinal Low Fat Small Dog Royal Canin - V\u00e9torino\" \/>\n<meta property=\"og:description\" content=\"Aliment complet, \u00e9quilibr\u00e9, r\u00e9duit en mati\u00e8re grasse et faible teneur en fibres destin\u00e9 \u00e0 r\u00e9guler le m\u00e9tabolisme lipidique. Contribue \u00e0 r\u00e9\u00e9quilibrer l&#039;\u00e9cosyst\u00e8me du c\u00f4lon et \u00e0 augmenter la s\u00e9curit\u00e9 digestive.  Utilisation :   Chien atteint de probl\u00e8mes gastro-intestinaux  Chien de moins de 10 kg  Cet aliment est destin\u00e9 \u00e0 la prise en charge nutritionnelle d\u2019une maladie. Pour la sant\u00e9 de votre chien, il est recommand\u00e9 de consulter votre v\u00e9t\u00e9rinaire et de respecter scrupuleusement ses recommandations nutritionnelles.\" \/>\n<meta property=\"og:url\" content=\"https:\/\/www.vetorino.com\/veterinaire\/beugnies-59216\/boutique\/product\/dog-gastro-intestinal-low-fat-small-dog\/\" \/>\n<meta property=\"og:site_name\" content=\"V\u00e9torino\" \/>\n<meta property=\"article:publisher\" content=\"https:\/\/www.facebook.com\/Vetorino\/\" \/>\n<meta property=\"article:modified_time\" content=\"2025-11-05T15:55:23+00:00\" \/>\n<meta property=\"og:image\" content=\"https:\/\/www.vetorino.com\/boutique\/wp-content\/uploads\/2023\/08\/royal-canin-gastro-intestinal-low-fat-small-dog.png\" \/>\n\t<meta property=\"og:image:width\" content=\"923\" \/>\n\t<meta property=\"og:image:height\" content=\"1000\" \/>\n\t<meta property=\"og:image:type\" content=\"image\/png\" \/>\n<meta name=\"twitter:card\" content=\"summary_large_image\" \/>\n<meta name=\"twitter:label1\" content=\"Disponibilit\u00e9\" \/>\n\t<meta name=\"twitter:data1\" content=\"En stock\" \/>\n<script type=\"application\/ld+json\" class=\"yoast-schema-graph\">{\"@context\":\"https:\\\/\\\/schema.org\",\"@graph\":[{\"@type\":\"WebPage\",\"@id\":\"https:\\\/\\\/www.vetorino.com\\\/veterinaire\\\/briancon-05100\\\/boutique\\\/product\\\/dog-gastro-intestinal-low-fat-small-dog\\\/\",\"url\":\"https:\\\/\\\/www.vetorino.com\\\/veterinaire\\\/briancon-05100\\\/boutique\\\/product\\\/dog-gastro-intestinal-low-fat-small-dog\\\/\",\"name\":\"Veterinary Health Nutrition (Royal Canin) Dog Gastro Intestinal Low Fat Small Dog Royal Canin - V\u00e9torino\",\"isPartOf\":{\"@id\":\"https:\\\/\\\/www.vetorino.com\\\/boutique\\\/#website\"},\"primaryImageOfPage\":{\"@id\":\"https:\\\/\\\/www.vetorino.com\\\/veterinaire\\\/briancon-05100\\\/boutique\\\/product\\\/dog-gastro-intestinal-low-fat-small-dog\\\/#primaryimage\"},\"image\":{\"@id\":\"https:\\\/\\\/www.vetorino.com\\\/veterinaire\\\/briancon-05100\\\/boutique\\\/product\\\/dog-gastro-intestinal-low-fat-small-dog\\\/#primaryimage\"},\"thumbnailUrl\":\"https:\\\/\\\/www.vetorino.com\\\/boutique\\\/wp-content\\\/uploads\\\/2023\\\/08\\\/royal-canin-gastro-intestinal-low-fat-small-dog.png\",\"datePublished\":\"2023-08-09T03:35:09+00:00\",\"dateModified\":\"2025-11-05T15:55:23+00:00\",\"description\":\"Aliment complet, \u00e9quilibr\u00e9, r\u00e9duit en mati\u00e8re grasse et faible teneur en fibres destin\u00e9 \u00e0 r\u00e9guler le m\u00e9tabolisme lipidique. Contribue \u00e0 r\u00e9\u00e9quilibrer l'\u00e9cosyst\u00e8me du c\u00f4lon et \u00e0 augmenter la s\u00e9curit\u00e9 digestive. Utilisation : Chien atteint de probl\u00e8mes gastro-intestinaux Chien de moins de 10 kg Cet aliment est destin\u00e9 \u00e0 la prise en charge nutritionnelle d\u2019une maladie. Pour la sant\u00e9 de votre chien, il est recommand\u00e9 de consulter votre v\u00e9t\u00e9rinaire et de respecter scrupuleusement ses recommandations nutritionnelles.\",\"breadcrumb\":{\"@id\":\"https:\\\/\\\/www.vetorino.com\\\/veterinaire\\\/briancon-05100\\\/boutique\\\/product\\\/dog-gastro-intestinal-low-fat-small-dog\\\/#breadcrumb\"},\"inLanguage\":\"fr-FR\",\"potentialAction\":[{\"@type\":\"ReadAction\",\"target\":[\"https:\\\/\\\/www.vetorino.com\\\/veterinaire\\\/briancon-05100\\\/boutique\\\/product\\\/dog-gastro-intestinal-low-fat-small-dog\\\/\"]}]},{\"@type\":\"ImageObject\",\"inLanguage\":\"fr-FR\",\"@id\":\"https:\\\/\\\/www.vetorino.com\\\/veterinaire\\\/briancon-05100\\\/boutique\\\/product\\\/dog-gastro-intestinal-low-fat-small-dog\\\/#primaryimage\",\"url\":\"https:\\\/\\\/www.vetorino.com\\\/boutique\\\/wp-content\\\/uploads\\\/2023\\\/08\\\/royal-canin-gastro-intestinal-low-fat-small-dog.png\",\"contentUrl\":\"https:\\\/\\\/www.vetorino.com\\\/boutique\\\/wp-content\\\/uploads\\\/2023\\\/08\\\/royal-canin-gastro-intestinal-low-fat-small-dog.png\",\"width\":923,\"height\":1000},{\"@type\":\"BreadcrumbList\",\"@id\":\"https:\\\/\\\/www.vetorino.com\\\/veterinaire\\\/briancon-05100\\\/boutique\\\/product\\\/dog-gastro-intestinal-low-fat-small-dog\\\/#breadcrumb\",\"itemListElement\":[{\"@type\":\"ListItem\",\"position\":1,\"name\":\"Accueil\",\"item\":\"https:\\\/\\\/www.vetorino.com\\\/boutique\\\/\"},{\"@type\":\"ListItem\",\"position\":2,\"name\":\"Produits\",\"item\":\"https:\\\/\\\/www.vetorino.com\\\/boutique\\\/\"},{\"@type\":\"ListItem\",\"position\":3,\"name\":\"Dog Gastro Intestinal Low Fat Small Dog\"}]},{\"@type\":\"WebSite\",\"@id\":\"https:\\\/\\\/www.vetorino.com\\\/boutique\\\/#website\",\"url\":\"https:\\\/\\\/www.vetorino.com\\\/boutique\\\/\",\"name\":\"V\u00e9torino\",\"description\":\"\",\"publisher\":{\"@id\":\"https:\\\/\\\/www.vetorino.com\\\/boutique\\\/#organization\"},\"potentialAction\":[{\"@type\":\"SearchAction\",\"target\":{\"@type\":\"EntryPoint\",\"urlTemplate\":\"https:\\\/\\\/www.vetorino.com\\\/boutique\\\/?s={search_term_string}\"},\"query-input\":{\"@type\":\"PropertyValueSpecification\",\"valueRequired\":true,\"valueName\":\"search_term_string\"}}],\"inLanguage\":\"fr-FR\"},{\"@type\":\"Organization\",\"@id\":\"https:\\\/\\\/www.vetorino.com\\\/boutique\\\/#organization\",\"name\":\"V\u00e9torino\",\"url\":\"https:\\\/\\\/www.vetorino.com\\\/boutique\\\/\",\"logo\":{\"@type\":\"ImageObject\",\"inLanguage\":\"fr-FR\",\"@id\":\"https:\\\/\\\/www.vetorino.com\\\/boutique\\\/#\\\/schema\\\/logo\\\/image\\\/\",\"url\":\"https:\\\/\\\/www.vetorino.com\\\/boutique\\\/wp-content\\\/uploads\\\/2024\\\/10\\\/logo.jpg\",\"contentUrl\":\"https:\\\/\\\/www.vetorino.com\\\/boutique\\\/wp-content\\\/uploads\\\/2024\\\/10\\\/logo.jpg\",\"width\":1200,\"height\":610,\"caption\":\"V\u00e9torino\"},\"image\":{\"@id\":\"https:\\\/\\\/www.vetorino.com\\\/boutique\\\/#\\\/schema\\\/logo\\\/image\\\/\"},\"sameAs\":[\"https:\\\/\\\/www.facebook.com\\\/Vetorino\\\/\",\"https:\\\/\\\/www.instagram.com\\\/vetorino_off\\\/\",\"https:\\\/\\\/www.linkedin.com\\\/company\\\/vtorino\\\/\"]}]}<\/script>\n<meta property=\"product:brand\" content=\"Royal Canin\" \/>\n<meta property=\"og:availability\" content=\"instock\" \/>\n<meta property=\"product:availability\" content=\"instock\" \/>\n<meta property=\"product:condition\" content=\"new\" \/>\n<!-- \/ Yoast SEO plugin. -->","yoast_head_json":{"title":"Veterinary Health Nutrition (Royal Canin) Dog Gastro Intestinal Low Fat Small Dog Royal Canin - V\u00e9torino","description":"Aliment complet, \u00e9quilibr\u00e9, r\u00e9duit en mati\u00e8re grasse et faible teneur en fibres destin\u00e9 \u00e0 r\u00e9guler le m\u00e9tabolisme lipidique. Contribue \u00e0 r\u00e9\u00e9quilibrer l'\u00e9cosyst\u00e8me du c\u00f4lon et \u00e0 augmenter la s\u00e9curit\u00e9 digestive.  Utilisation :   Chien atteint de probl\u00e8mes gastro-intestinaux  Chien de moins de 10 kg  Cet aliment est destin\u00e9 \u00e0 la prise en charge nutritionnelle d\u2019une maladie. Pour la sant\u00e9 de votre chien, il est recommand\u00e9 de consulter votre v\u00e9t\u00e9rinaire et de respecter scrupuleusement ses recommandations nutritionnelles.","robots":{"index":"noindex","follow":"nofollow"},"og_locale":"fr_FR","og_type":"article","og_title":"Veterinary Health Nutrition (Royal Canin) Dog Gastro Intestinal Low Fat Small Dog Royal Canin - V\u00e9torino","og_description":"Aliment complet, \u00e9quilibr\u00e9, r\u00e9duit en mati\u00e8re grasse et faible teneur en fibres destin\u00e9 \u00e0 r\u00e9guler le m\u00e9tabolisme lipidique. Contribue \u00e0 r\u00e9\u00e9quilibrer l'\u00e9cosyst\u00e8me du c\u00f4lon et \u00e0 augmenter la s\u00e9curit\u00e9 digestive.  Utilisation :   Chien atteint de probl\u00e8mes gastro-intestinaux  Chien de moins de 10 kg  Cet aliment est destin\u00e9 \u00e0 la prise en charge nutritionnelle d\u2019une maladie. Pour la sant\u00e9 de votre chien, il est recommand\u00e9 de consulter votre v\u00e9t\u00e9rinaire et de respecter scrupuleusement ses recommandations nutritionnelles.","og_url":"https:\/\/www.vetorino.com\/veterinaire\/beugnies-59216\/boutique\/product\/dog-gastro-intestinal-low-fat-small-dog\/","og_site_name":"V\u00e9torino","article_publisher":"https:\/\/www.facebook.com\/Vetorino\/","article_modified_time":"2025-11-05T15:55:23+00:00","og_image":[{"width":923,"height":1000,"url":"https:\/\/www.vetorino.com\/boutique\/wp-content\/uploads\/2023\/08\/royal-canin-gastro-intestinal-low-fat-small-dog.png","type":"image\/png"}],"twitter_card":"summary_large_image","twitter_misc":{"Disponibilit\u00e9":"En stock"},"schema":{"@context":"https:\/\/schema.org","@graph":[{"@type":"WebPage","@id":"https:\/\/www.vetorino.com\/veterinaire\/briancon-05100\/boutique\/product\/dog-gastro-intestinal-low-fat-small-dog\/","url":"https:\/\/www.vetorino.com\/veterinaire\/briancon-05100\/boutique\/product\/dog-gastro-intestinal-low-fat-small-dog\/","name":"Veterinary Health Nutrition (Royal Canin) Dog Gastro Intestinal Low Fat Small Dog Royal Canin - V\u00e9torino","isPartOf":{"@id":"https:\/\/www.vetorino.com\/boutique\/#website"},"primaryImageOfPage":{"@id":"https:\/\/www.vetorino.com\/veterinaire\/briancon-05100\/boutique\/product\/dog-gastro-intestinal-low-fat-small-dog\/#primaryimage"},"image":{"@id":"https:\/\/www.vetorino.com\/veterinaire\/briancon-05100\/boutique\/product\/dog-gastro-intestinal-low-fat-small-dog\/#primaryimage"},"thumbnailUrl":"https:\/\/www.vetorino.com\/boutique\/wp-content\/uploads\/2023\/08\/royal-canin-gastro-intestinal-low-fat-small-dog.png","datePublished":"2023-08-09T03:35:09+00:00","dateModified":"2025-11-05T15:55:23+00:00","description":"Aliment complet, \u00e9quilibr\u00e9, r\u00e9duit en mati\u00e8re grasse et faible teneur en fibres destin\u00e9 \u00e0 r\u00e9guler le m\u00e9tabolisme lipidique. Contribue \u00e0 r\u00e9\u00e9quilibrer l'\u00e9cosyst\u00e8me du c\u00f4lon et \u00e0 augmenter la s\u00e9curit\u00e9 digestive. Utilisation : Chien atteint de probl\u00e8mes gastro-intestinaux Chien de moins de 10 kg Cet aliment est destin\u00e9 \u00e0 la prise en charge nutritionnelle d\u2019une maladie. Pour la sant\u00e9 de votre chien, il est recommand\u00e9 de consulter votre v\u00e9t\u00e9rinaire et de respecter scrupuleusement ses recommandations nutritionnelles.","breadcrumb":{"@id":"https:\/\/www.vetorino.com\/veterinaire\/briancon-05100\/boutique\/product\/dog-gastro-intestinal-low-fat-small-dog\/#breadcrumb"},"inLanguage":"fr-FR","potentialAction":[{"@type":"ReadAction","target":["https:\/\/www.vetorino.com\/veterinaire\/briancon-05100\/boutique\/product\/dog-gastro-intestinal-low-fat-small-dog\/"]}]},{"@type":"ImageObject","inLanguage":"fr-FR","@id":"https:\/\/www.vetorino.com\/veterinaire\/briancon-05100\/boutique\/product\/dog-gastro-intestinal-low-fat-small-dog\/#primaryimage","url":"https:\/\/www.vetorino.com\/boutique\/wp-content\/uploads\/2023\/08\/royal-canin-gastro-intestinal-low-fat-small-dog.png","contentUrl":"https:\/\/www.vetorino.com\/boutique\/wp-content\/uploads\/2023\/08\/royal-canin-gastro-intestinal-low-fat-small-dog.png","width":923,"height":1000},{"@type":"BreadcrumbList","@id":"https:\/\/www.vetorino.com\/veterinaire\/briancon-05100\/boutique\/product\/dog-gastro-intestinal-low-fat-small-dog\/#breadcrumb","itemListElement":[{"@type":"ListItem","position":1,"name":"Accueil","item":"https:\/\/www.vetorino.com\/boutique\/"},{"@type":"ListItem","position":2,"name":"Produits","item":"https:\/\/www.vetorino.com\/boutique\/"},{"@type":"ListItem","position":3,"name":"Dog Gastro Intestinal Low Fat Small Dog"}]},{"@type":"WebSite","@id":"https:\/\/www.vetorino.com\/boutique\/#website","url":"https:\/\/www.vetorino.com\/boutique\/","name":"V\u00e9torino","description":"","publisher":{"@id":"https:\/\/www.vetorino.com\/boutique\/#organization"},"potentialAction":[{"@type":"SearchAction","target":{"@type":"EntryPoint","urlTemplate":"https:\/\/www.vetorino.com\/boutique\/?s={search_term_string}"},"query-input":{"@type":"PropertyValueSpecification","valueRequired":true,"valueName":"search_term_string"}}],"inLanguage":"fr-FR"},{"@type":"Organization","@id":"https:\/\/www.vetorino.com\/boutique\/#organization","name":"V\u00e9torino","url":"https:\/\/www.vetorino.com\/boutique\/","logo":{"@type":"ImageObject","inLanguage":"fr-FR","@id":"https:\/\/www.vetorino.com\/boutique\/#\/schema\/logo\/image\/","url":"https:\/\/www.vetorino.com\/boutique\/wp-content\/uploads\/2024\/10\/logo.jpg","contentUrl":"https:\/\/www.vetorino.com\/boutique\/wp-content\/uploads\/2024\/10\/logo.jpg","width":1200,"height":610,"caption":"V\u00e9torino"},"image":{"@id":"https:\/\/www.vetorino.com\/boutique\/#\/schema\/logo\/image\/"},"sameAs":["https:\/\/www.facebook.com\/Vetorino\/","https:\/\/www.instagram.com\/vetorino_off\/","https:\/\/www.linkedin.com\/company\/vtorino\/"]}]},"product_brand":"Royal Canin","og_availability":"instock","product_availability":"instock","product_condition":"new"},"_links":{"self":[{"href":"https:\/\/www.vetorino.com\/veterinaire\/beugnies-59216\/boutique\/wp-json\/wp\/v2\/product\/672556","targetHints":{"allow":["GET"]}}],"collection":[{"href":"https:\/\/www.vetorino.com\/veterinaire\/beugnies-59216\/boutique\/wp-json\/wp\/v2\/product"}],"about":[{"href":"https:\/\/www.vetorino.com\/veterinaire\/beugnies-59216\/boutique\/wp-json\/wp\/v2\/types\/product"}],"wp:featuredmedia":[{"embeddable":true,"href":"https:\/\/www.vetorino.com\/veterinaire\/beugnies-59216\/boutique\/wp-json\/wp\/v2\/media\/676542"}],"wp:attachment":[{"href":"https:\/\/www.vetorino.com\/veterinaire\/beugnies-59216\/boutique\/wp-json\/wp\/v2\/media?parent=672556"}],"wp:term":[{"taxonomy":"product_cat","embeddable":true,"href":"https:\/\/www.vetorino.com\/veterinaire\/beugnies-59216\/boutique\/wp-json\/wp\/v2\/product_cat?post=672556"},{"taxonomy":"product_tag","embeddable":true,"href":"https:\/\/www.vetorino.com\/veterinaire\/beugnies-59216\/boutique\/wp-json\/wp\/v2\/product_tag?post=672556"}],"curies":[{"name":"wp","href":"https:\/\/api.w.org\/{rel}","templated":true}]}}