{"id":682635,"date":"2023-08-27T05:35:07","date_gmt":"2023-08-27T03:35:07","guid":{"rendered":"https:\/\/www.vetorino.com\/boutique\/product\/canine-k-d-boite\/"},"modified":"2025-11-29T15:38:41","modified_gmt":"2025-11-29T14:38:41","slug":"canine-k-d-boite","status":"publish","type":"product","link":"https:\/\/www.vetorino.com\/veterinaire\/beugnies-59216\/boutique\/product\/canine-k-d-boite\/","title":{"rendered":"k\/d Kidney \u2013 chien"},"content":{"rendered":"<div id=\"product-description-short-858\">\n<p><strong>Prescription Diet k\/d Canine a \u00e9t\u00e9 \u00e9labor\u00e9 par des v\u00e9t\u00e9rinaires pour aider les chiens souffrant d&#8217;insuffisance r\u00e9nale.\u00a0<\/strong><\/p>\n<p><strong>Utilisation :<\/strong><\/p>\n<ul>\n<li>Chien ayant une insuffisance r\u00e9nale<\/li>\n<\/ul>\n<p><strong>Ce produit est destin\u00e9 \u00e0 la prise en charge d&#8217;une maladie. Il est conseill\u00e9 de demander conseil \u00e0 votre v\u00e9t\u00e9rinaire avant utilisation.<\/strong><\/p>\n<p><strong>Prescription Diet k\/d Canine a \u00e9t\u00e9 \u00e9labor\u00e9 par des v\u00e9t\u00e9rinaires pour aider les chiens souffrant d&#8217;insuffisance r\u00e9nale.\u00a0<\/strong><\/p>\n<\/div>\n<div class=\"product-actions\">\n<div class=\"mdc_product_actions_block\">\n<div class=\"mdc_product_infos_display\">\n<div class=\"product-prices mdc_product_prices_container\">\n<div class=\"product__product-price product-price mdc_product_prices_block \">\n<div class=\"mdc_product_prices\">\n<p><strong>Utilisation :<\/strong><\/p>\n<ul>\n<li>Chien ayant une insuffisance r\u00e9nale<\/li>\n<\/ul>\n<p><strong>Bienfaits essentiels :<\/strong><\/p>\n<ul>\n<li>Aide \u00e0\u00a0<strong>pr\u00e9server la qualit\u00e9 de vie<\/strong>\u00a0des chiens atteints d&#8217;une maladie r\u00e9nale.<\/li>\n<li>Une Formule Sup\u00e9rieure Enrichie en Antioxydants pour\u00a0<strong>aider \u00e0 r\u00e9duire les l\u00e9sions cellulaires<\/strong>\u00a0oxydatives.<\/li>\n<li>Aide les chiens souffrant d&#8217;insuffisance r\u00e9nale chronique \u00e0 pr\u00e9senter<strong>\u00a0moins de sympt\u00f4mes<\/strong>.<\/li>\n<\/ul>\n<p><strong>Ce produit est destin\u00e9 \u00e0 la prise en charge d&#8217;une maladie. Il est conseill\u00e9 de demander conseil \u00e0 votre v\u00e9t\u00e9rinaire avant utilisation.<\/strong><\/p>\n<p><strong>\u00a0<\/strong><\/p>\n<\/div>\n<\/div>\n<\/div>\n<\/div>\n<\/div>\n<\/div>\n","protected":false},"excerpt":{"rendered":"<p><strong>Prescription Diet k\/d Canine a \u00e9t\u00e9 \u00e9labor\u00e9 par des v\u00e9t\u00e9rinaires pour aider les chiens souffrant d&#8217;insuffisance r\u00e9nale.\u00a0<\/strong><\/p>\n<p><strong>Utilisation :<\/strong><\/p>\n<ul>\n<li>Chien ayant une insuffisance r\u00e9nale<\/li>\n<\/ul>\n<p><strong>Ce produit est destin\u00e9 \u00e0 la prise en charge d&#8217;une maladie. Il est conseill\u00e9 de demander conseil \u00e0 votre v\u00e9t\u00e9rinaire avant utilisation.<\/strong><\/p>\n","protected":false},"featured_media":1012099,"template":"","meta":[],"product_cat":[12552,12582,2698],"product_tag":[],"class_list":{"0":"post-682635","1":"product","2":"type-product","3":"status-publish","4":"has-post-thumbnail","6":"product_cat-alimentation-du-chien","7":"product_cat-alimentation-medicalisee-pour-chien","8":"product_cat-chien","9":"pa_marque-hills-pet-nutrition","11":"first","12":"instock","13":"taxable","14":"shipping-taxable","15":"purchasable","16":"product-type-variable"},"yoast_head":"<!-- This site is optimized with the Yoast SEO plugin v27.3 - https:\/\/yoast.com\/product\/yoast-seo-wordpress\/ -->\n<title>k\/d Kidney \u2013 chien Hill&#039;s - V\u00e9torino<\/title>\n<meta name=\"description\" content=\"Prescription Diet k\/d Canine a \u00e9t\u00e9 \u00e9labor\u00e9 par des v\u00e9t\u00e9rinaires pour aider les chiens souffrant d&#039;insuffisance r\u00e9nale.\u00a0  Utilisation :   Chien ayant une insuffisance r\u00e9nale  Ce produit est destin\u00e9 \u00e0 la prise en charge d&#039;une maladie. Il est conseill\u00e9 de demander conseil \u00e0 votre v\u00e9t\u00e9rinaire avant utilisation.\" \/>\n<meta name=\"robots\" content=\"noindex, nofollow\" \/>\n<meta property=\"og:locale\" content=\"fr_FR\" \/>\n<meta property=\"og:type\" content=\"article\" \/>\n<meta property=\"og:title\" content=\"k\/d Kidney \u2013 chien Hill&#039;s - V\u00e9torino\" \/>\n<meta property=\"og:description\" content=\"Prescription Diet k\/d Canine a \u00e9t\u00e9 \u00e9labor\u00e9 par des v\u00e9t\u00e9rinaires pour aider les chiens souffrant d&#039;insuffisance r\u00e9nale.\u00a0  Utilisation :   Chien ayant une insuffisance r\u00e9nale  Ce produit est destin\u00e9 \u00e0 la prise en charge d&#039;une maladie. Il est conseill\u00e9 de demander conseil \u00e0 votre v\u00e9t\u00e9rinaire avant utilisation.\" \/>\n<meta property=\"og:url\" content=\"https:\/\/www.vetorino.com\/veterinaire\/beugnies-59216\/boutique\/product\/canine-k-d-boite\/\" \/>\n<meta property=\"og:site_name\" content=\"V\u00e9torino\" \/>\n<meta property=\"article:publisher\" content=\"https:\/\/www.facebook.com\/Vetorino\/\" \/>\n<meta property=\"article:modified_time\" content=\"2025-11-29T14:38:41+00:00\" \/>\n<meta property=\"og:image\" content=\"https:\/\/www.vetorino.com\/boutique\/wp-content\/uploads\/2024\/09\/chien-kd.webp\" \/>\n\t<meta property=\"og:image:width\" content=\"540\" \/>\n\t<meta property=\"og:image:height\" content=\"540\" \/>\n\t<meta property=\"og:image:type\" content=\"image\/webp\" \/>\n<meta name=\"twitter:card\" content=\"summary_large_image\" \/>\n<meta name=\"twitter:label1\" content=\"Disponibilit\u00e9\" \/>\n\t<meta name=\"twitter:data1\" content=\"En stock\" \/>\n<script type=\"application\/ld+json\" class=\"yoast-schema-graph\">{\"@context\":\"https:\\\/\\\/schema.org\",\"@graph\":[{\"@type\":\"WebPage\",\"@id\":\"https:\\\/\\\/www.vetorino.com\\\/veterinaire\\\/briancon-05100\\\/boutique\\\/product\\\/canine-k-d-boite\\\/\",\"url\":\"https:\\\/\\\/www.vetorino.com\\\/veterinaire\\\/briancon-05100\\\/boutique\\\/product\\\/canine-k-d-boite\\\/\",\"name\":\"k\\\/d Kidney \u2013 chien Hill's - V\u00e9torino\",\"isPartOf\":{\"@id\":\"https:\\\/\\\/www.vetorino.com\\\/boutique\\\/#website\"},\"primaryImageOfPage\":{\"@id\":\"https:\\\/\\\/www.vetorino.com\\\/veterinaire\\\/briancon-05100\\\/boutique\\\/product\\\/canine-k-d-boite\\\/#primaryimage\"},\"image\":{\"@id\":\"https:\\\/\\\/www.vetorino.com\\\/veterinaire\\\/briancon-05100\\\/boutique\\\/product\\\/canine-k-d-boite\\\/#primaryimage\"},\"thumbnailUrl\":\"https:\\\/\\\/www.vetorino.com\\\/boutique\\\/wp-content\\\/uploads\\\/2024\\\/09\\\/chien-kd.webp\",\"datePublished\":\"2023-08-27T03:35:07+00:00\",\"dateModified\":\"2025-11-29T14:38:41+00:00\",\"description\":\"Prescription Diet k\\\/d Canine a \u00e9t\u00e9 \u00e9labor\u00e9 par des v\u00e9t\u00e9rinaires pour aider les chiens souffrant d'insuffisance r\u00e9nale.\u00a0 Utilisation : Chien ayant une insuffisance r\u00e9nale Ce produit est destin\u00e9 \u00e0 la prise en charge d'une maladie. Il est conseill\u00e9 de demander conseil \u00e0 votre v\u00e9t\u00e9rinaire avant utilisation.\",\"breadcrumb\":{\"@id\":\"https:\\\/\\\/www.vetorino.com\\\/veterinaire\\\/briancon-05100\\\/boutique\\\/product\\\/canine-k-d-boite\\\/#breadcrumb\"},\"inLanguage\":\"fr-FR\",\"potentialAction\":[{\"@type\":\"ReadAction\",\"target\":[\"https:\\\/\\\/www.vetorino.com\\\/veterinaire\\\/briancon-05100\\\/boutique\\\/product\\\/canine-k-d-boite\\\/\"]}]},{\"@type\":\"ImageObject\",\"inLanguage\":\"fr-FR\",\"@id\":\"https:\\\/\\\/www.vetorino.com\\\/veterinaire\\\/briancon-05100\\\/boutique\\\/product\\\/canine-k-d-boite\\\/#primaryimage\",\"url\":\"https:\\\/\\\/www.vetorino.com\\\/boutique\\\/wp-content\\\/uploads\\\/2024\\\/09\\\/chien-kd.webp\",\"contentUrl\":\"https:\\\/\\\/www.vetorino.com\\\/boutique\\\/wp-content\\\/uploads\\\/2024\\\/09\\\/chien-kd.webp\",\"width\":540,\"height\":540},{\"@type\":\"BreadcrumbList\",\"@id\":\"https:\\\/\\\/www.vetorino.com\\\/veterinaire\\\/briancon-05100\\\/boutique\\\/product\\\/canine-k-d-boite\\\/#breadcrumb\",\"itemListElement\":[{\"@type\":\"ListItem\",\"position\":1,\"name\":\"Accueil\",\"item\":\"https:\\\/\\\/www.vetorino.com\\\/boutique\\\/\"},{\"@type\":\"ListItem\",\"position\":2,\"name\":\"Produits\",\"item\":\"https:\\\/\\\/www.vetorino.com\\\/boutique\\\/\"},{\"@type\":\"ListItem\",\"position\":3,\"name\":\"k\\\/d Kidney \u2013 chien\"}]},{\"@type\":\"WebSite\",\"@id\":\"https:\\\/\\\/www.vetorino.com\\\/boutique\\\/#website\",\"url\":\"https:\\\/\\\/www.vetorino.com\\\/boutique\\\/\",\"name\":\"V\u00e9torino\",\"description\":\"\",\"publisher\":{\"@id\":\"https:\\\/\\\/www.vetorino.com\\\/boutique\\\/#organization\"},\"potentialAction\":[{\"@type\":\"SearchAction\",\"target\":{\"@type\":\"EntryPoint\",\"urlTemplate\":\"https:\\\/\\\/www.vetorino.com\\\/boutique\\\/?s={search_term_string}\"},\"query-input\":{\"@type\":\"PropertyValueSpecification\",\"valueRequired\":true,\"valueName\":\"search_term_string\"}}],\"inLanguage\":\"fr-FR\"},{\"@type\":\"Organization\",\"@id\":\"https:\\\/\\\/www.vetorino.com\\\/boutique\\\/#organization\",\"name\":\"V\u00e9torino\",\"url\":\"https:\\\/\\\/www.vetorino.com\\\/boutique\\\/\",\"logo\":{\"@type\":\"ImageObject\",\"inLanguage\":\"fr-FR\",\"@id\":\"https:\\\/\\\/www.vetorino.com\\\/boutique\\\/#\\\/schema\\\/logo\\\/image\\\/\",\"url\":\"https:\\\/\\\/www.vetorino.com\\\/boutique\\\/wp-content\\\/uploads\\\/2024\\\/10\\\/logo.jpg\",\"contentUrl\":\"https:\\\/\\\/www.vetorino.com\\\/boutique\\\/wp-content\\\/uploads\\\/2024\\\/10\\\/logo.jpg\",\"width\":1200,\"height\":610,\"caption\":\"V\u00e9torino\"},\"image\":{\"@id\":\"https:\\\/\\\/www.vetorino.com\\\/boutique\\\/#\\\/schema\\\/logo\\\/image\\\/\"},\"sameAs\":[\"https:\\\/\\\/www.facebook.com\\\/Vetorino\\\/\",\"https:\\\/\\\/www.instagram.com\\\/vetorino_off\\\/\",\"https:\\\/\\\/www.linkedin.com\\\/company\\\/vtorino\\\/\"]}]}<\/script>\n<meta property=\"product:brand\" content=\"Hill&#039;s\" \/>\n<meta property=\"og:availability\" content=\"instock\" \/>\n<meta property=\"product:availability\" content=\"instock\" \/>\n<meta property=\"product:condition\" content=\"new\" \/>\n<!-- \/ Yoast SEO plugin. -->","yoast_head_json":{"title":"k\/d Kidney \u2013 chien Hill's - V\u00e9torino","description":"Prescription Diet k\/d Canine a \u00e9t\u00e9 \u00e9labor\u00e9 par des v\u00e9t\u00e9rinaires pour aider les chiens souffrant d'insuffisance r\u00e9nale.\u00a0  Utilisation :   Chien ayant une insuffisance r\u00e9nale  Ce produit est destin\u00e9 \u00e0 la prise en charge d'une maladie. Il est conseill\u00e9 de demander conseil \u00e0 votre v\u00e9t\u00e9rinaire avant utilisation.","robots":{"index":"noindex","follow":"nofollow"},"og_locale":"fr_FR","og_type":"article","og_title":"k\/d Kidney \u2013 chien Hill's - V\u00e9torino","og_description":"Prescription Diet k\/d Canine a \u00e9t\u00e9 \u00e9labor\u00e9 par des v\u00e9t\u00e9rinaires pour aider les chiens souffrant d'insuffisance r\u00e9nale.\u00a0  Utilisation :   Chien ayant une insuffisance r\u00e9nale  Ce produit est destin\u00e9 \u00e0 la prise en charge d'une maladie. Il est conseill\u00e9 de demander conseil \u00e0 votre v\u00e9t\u00e9rinaire avant utilisation.","og_url":"https:\/\/www.vetorino.com\/veterinaire\/beugnies-59216\/boutique\/product\/canine-k-d-boite\/","og_site_name":"V\u00e9torino","article_publisher":"https:\/\/www.facebook.com\/Vetorino\/","article_modified_time":"2025-11-29T14:38:41+00:00","og_image":[{"width":540,"height":540,"url":"https:\/\/www.vetorino.com\/boutique\/wp-content\/uploads\/2024\/09\/chien-kd.webp","type":"image\/webp"}],"twitter_card":"summary_large_image","twitter_misc":{"Disponibilit\u00e9":"En stock"},"schema":{"@context":"https:\/\/schema.org","@graph":[{"@type":"WebPage","@id":"https:\/\/www.vetorino.com\/veterinaire\/briancon-05100\/boutique\/product\/canine-k-d-boite\/","url":"https:\/\/www.vetorino.com\/veterinaire\/briancon-05100\/boutique\/product\/canine-k-d-boite\/","name":"k\/d Kidney \u2013 chien Hill's - V\u00e9torino","isPartOf":{"@id":"https:\/\/www.vetorino.com\/boutique\/#website"},"primaryImageOfPage":{"@id":"https:\/\/www.vetorino.com\/veterinaire\/briancon-05100\/boutique\/product\/canine-k-d-boite\/#primaryimage"},"image":{"@id":"https:\/\/www.vetorino.com\/veterinaire\/briancon-05100\/boutique\/product\/canine-k-d-boite\/#primaryimage"},"thumbnailUrl":"https:\/\/www.vetorino.com\/boutique\/wp-content\/uploads\/2024\/09\/chien-kd.webp","datePublished":"2023-08-27T03:35:07+00:00","dateModified":"2025-11-29T14:38:41+00:00","description":"Prescription Diet k\/d Canine a \u00e9t\u00e9 \u00e9labor\u00e9 par des v\u00e9t\u00e9rinaires pour aider les chiens souffrant d'insuffisance r\u00e9nale.\u00a0 Utilisation : Chien ayant une insuffisance r\u00e9nale Ce produit est destin\u00e9 \u00e0 la prise en charge d'une maladie. Il est conseill\u00e9 de demander conseil \u00e0 votre v\u00e9t\u00e9rinaire avant utilisation.","breadcrumb":{"@id":"https:\/\/www.vetorino.com\/veterinaire\/briancon-05100\/boutique\/product\/canine-k-d-boite\/#breadcrumb"},"inLanguage":"fr-FR","potentialAction":[{"@type":"ReadAction","target":["https:\/\/www.vetorino.com\/veterinaire\/briancon-05100\/boutique\/product\/canine-k-d-boite\/"]}]},{"@type":"ImageObject","inLanguage":"fr-FR","@id":"https:\/\/www.vetorino.com\/veterinaire\/briancon-05100\/boutique\/product\/canine-k-d-boite\/#primaryimage","url":"https:\/\/www.vetorino.com\/boutique\/wp-content\/uploads\/2024\/09\/chien-kd.webp","contentUrl":"https:\/\/www.vetorino.com\/boutique\/wp-content\/uploads\/2024\/09\/chien-kd.webp","width":540,"height":540},{"@type":"BreadcrumbList","@id":"https:\/\/www.vetorino.com\/veterinaire\/briancon-05100\/boutique\/product\/canine-k-d-boite\/#breadcrumb","itemListElement":[{"@type":"ListItem","position":1,"name":"Accueil","item":"https:\/\/www.vetorino.com\/boutique\/"},{"@type":"ListItem","position":2,"name":"Produits","item":"https:\/\/www.vetorino.com\/boutique\/"},{"@type":"ListItem","position":3,"name":"k\/d Kidney \u2013 chien"}]},{"@type":"WebSite","@id":"https:\/\/www.vetorino.com\/boutique\/#website","url":"https:\/\/www.vetorino.com\/boutique\/","name":"V\u00e9torino","description":"","publisher":{"@id":"https:\/\/www.vetorino.com\/boutique\/#organization"},"potentialAction":[{"@type":"SearchAction","target":{"@type":"EntryPoint","urlTemplate":"https:\/\/www.vetorino.com\/boutique\/?s={search_term_string}"},"query-input":{"@type":"PropertyValueSpecification","valueRequired":true,"valueName":"search_term_string"}}],"inLanguage":"fr-FR"},{"@type":"Organization","@id":"https:\/\/www.vetorino.com\/boutique\/#organization","name":"V\u00e9torino","url":"https:\/\/www.vetorino.com\/boutique\/","logo":{"@type":"ImageObject","inLanguage":"fr-FR","@id":"https:\/\/www.vetorino.com\/boutique\/#\/schema\/logo\/image\/","url":"https:\/\/www.vetorino.com\/boutique\/wp-content\/uploads\/2024\/10\/logo.jpg","contentUrl":"https:\/\/www.vetorino.com\/boutique\/wp-content\/uploads\/2024\/10\/logo.jpg","width":1200,"height":610,"caption":"V\u00e9torino"},"image":{"@id":"https:\/\/www.vetorino.com\/boutique\/#\/schema\/logo\/image\/"},"sameAs":["https:\/\/www.facebook.com\/Vetorino\/","https:\/\/www.instagram.com\/vetorino_off\/","https:\/\/www.linkedin.com\/company\/vtorino\/"]}]},"product_brand":"Hill's","og_availability":"instock","product_availability":"instock","product_condition":"new"},"_links":{"self":[{"href":"https:\/\/www.vetorino.com\/veterinaire\/beugnies-59216\/boutique\/wp-json\/wp\/v2\/product\/682635","targetHints":{"allow":["GET"]}}],"collection":[{"href":"https:\/\/www.vetorino.com\/veterinaire\/beugnies-59216\/boutique\/wp-json\/wp\/v2\/product"}],"about":[{"href":"https:\/\/www.vetorino.com\/veterinaire\/beugnies-59216\/boutique\/wp-json\/wp\/v2\/types\/product"}],"wp:featuredmedia":[{"embeddable":true,"href":"https:\/\/www.vetorino.com\/veterinaire\/beugnies-59216\/boutique\/wp-json\/wp\/v2\/media\/1012099"}],"wp:attachment":[{"href":"https:\/\/www.vetorino.com\/veterinaire\/beugnies-59216\/boutique\/wp-json\/wp\/v2\/media?parent=682635"}],"wp:term":[{"taxonomy":"product_cat","embeddable":true,"href":"https:\/\/www.vetorino.com\/veterinaire\/beugnies-59216\/boutique\/wp-json\/wp\/v2\/product_cat?post=682635"},{"taxonomy":"product_tag","embeddable":true,"href":"https:\/\/www.vetorino.com\/veterinaire\/beugnies-59216\/boutique\/wp-json\/wp\/v2\/product_tag?post=682635"}],"curies":[{"name":"wp","href":"https:\/\/api.w.org\/{rel}","templated":true}]}}