{"id":705291,"date":"2023-09-29T05:35:11","date_gmt":"2023-09-29T03:35:11","guid":{"rendered":"https:\/\/www.vetorino.com\/boutique\/product\/canine-k-d-j-d-boites\/"},"modified":"2025-01-24T11:46:23","modified_gmt":"2025-01-24T10:46:23","slug":"canine-k-d-j-d-boites","status":"publish","type":"product","link":"https:\/\/www.vetorino.com\/veterinaire\/beugnies-59216\/boutique\/product\/canine-k-d-j-d-boites\/","title":{"rendered":"Chien k\/d Kidney + j\/d Mobility"},"content":{"rendered":"<p><b>Prescription Diet k\/d Kidney + Mobility est un aliment di\u00e9t\u00e9tique complet pour chien d\u00e9velopp\u00e9 pour soutenir la fonction r\u00e9nale en cas d\u2019insuffisance r\u00e9nale chronique ou temporaire et renforcer le m\u00e9tabolisme des articulations en cas d\u2019arthrose chez le chien adulte.<\/b><\/p>\n<p><strong>Utilisation :<\/strong><\/p>\n<ul>\n<li>Chien ayant de l&#8217;arthrose<\/li>\n<li>Chien souffrant d&#8217;insuffisance r\u00e9nale<\/li>\n<\/ul>\n<p><strong>Bienfaits essentiels :<\/strong><\/p>\n<ul>\n<li>Formul\u00e9 avec des taux de phosphore contr\u00f4l\u00e9 et de sodium bas afin de soutenir les fonctions r\u00e9nale et cardiaque.<\/li>\n<li>Renforce la capacit\u00e9 naturelle \u00e0 d\u00e9velopper et \u00e0 maintenir la masse musculaire.<\/li>\n<li>Formul\u00e9 avec ActivBiome+ Kidney Defense, un m\u00e9lange exclusif de pr\u00e9biotiques d\u00e9montr\u00e9 pour nourrir le microbiome intestinal afin d&#8217;aider \u00e0 soutenir la fonction r\u00e9nale.<\/li>\n<li>Favoriser la mobilit\u00e9, am\u00e9liorer la qualit\u00e9 de vie et prolonger l\u2019esp\u00e9rance de vie du chien.<\/li>\n<li>Alimentation enrichie en acides gras Om\u00e9ga-3 issus d\u2019huile de poisson et en glucosamine et sulfate de chondro\u00eftine.<\/li>\n<li>Un go\u00fbt d\u00e9licieux irr\u00e9sistible pour votre chien.<\/li>\n<\/ul>\n<p><strong>Contre-indications :<\/strong><\/p>\n<p>Chiot en croissance, chienne gestante ou allaitante.<\/p>\n<p><strong>Ce produit est destin\u00e9 \u00e0 la prise en charge d&#8217;une maladie. Il est conseill\u00e9 de demander conseil \u00e0 votre v\u00e9t\u00e9rinaire avant utilisation.<\/strong><\/p>\n","protected":false},"excerpt":{"rendered":"<p><b>Aliment di\u00e9t\u00e9tique complet pour chien d\u00e9velopp\u00e9 pour soutenir la fonction r\u00e9nale en cas d\u2019insuffisance r\u00e9nale chronique ou temporaire et renforcer le m\u00e9tabolisme des articulations en cas d\u2019arthrose chez le chien adulte.<\/b><\/p>\n<p><strong>Utilisation :<\/strong><\/p>\n<ul>\n<li>Chien ayant de l&#8217;arthrose.<\/li>\n<li>Chien souffrant d&#8217;insuffisance r\u00e9nale.<\/li>\n<\/ul>\n<p><strong>Ce produit est destin\u00e9 \u00e0 la prise en charge d&#8217;une maladie. Il est conseill\u00e9 de demander conseil \u00e0 votre v\u00e9t\u00e9rinaire avant utilisation.<\/strong><\/p>\n","protected":false},"featured_media":720908,"template":"","meta":[],"product_cat":[2698],"product_tag":[],"class_list":{"0":"post-705291","1":"product","2":"type-product","3":"status-publish","4":"has-post-thumbnail","6":"product_cat-chien","7":"pa_marque-hills-pet-nutrition","9":"first","10":"instock","11":"taxable","12":"shipping-taxable","13":"purchasable","14":"product-type-simple"},"yoast_head":"<!-- This site is optimized with the Yoast SEO plugin v27.3 - https:\/\/yoast.com\/product\/yoast-seo-wordpress\/ -->\n<title>Prescription Diet (Hill&#039;s) Chien k\/d Kidney + j\/d Mobility Hill&#039;s - V\u00e9torino<\/title>\n<meta name=\"description\" content=\"Aliment di\u00e9t\u00e9tique complet pour chien d\u00e9velopp\u00e9 pour soutenir la fonction r\u00e9nale en cas d\u2019insuffisance r\u00e9nale chronique ou temporaire et renforcer le m\u00e9tabolisme des articulations en cas d\u2019arthrose chez le chien adulte.  Utilisation :   Chien ayant de l&#039;arthrose.  Chien souffrant d&#039;insuffisance r\u00e9nale.  Ce produit est destin\u00e9 \u00e0 la prise en charge d&#039;une maladie. Il est conseill\u00e9 de demander conseil \u00e0 votre v\u00e9t\u00e9rinaire avant utilisation.\" \/>\n<meta name=\"robots\" content=\"noindex, nofollow\" \/>\n<meta property=\"og:locale\" content=\"fr_FR\" \/>\n<meta property=\"og:type\" content=\"article\" \/>\n<meta property=\"og:title\" content=\"Prescription Diet (Hill&#039;s) Chien k\/d Kidney + j\/d Mobility Hill&#039;s - V\u00e9torino\" \/>\n<meta property=\"og:description\" content=\"Aliment di\u00e9t\u00e9tique complet pour chien d\u00e9velopp\u00e9 pour soutenir la fonction r\u00e9nale en cas d\u2019insuffisance r\u00e9nale chronique ou temporaire et renforcer le m\u00e9tabolisme des articulations en cas d\u2019arthrose chez le chien adulte.  Utilisation :   Chien ayant de l&#039;arthrose.  Chien souffrant d&#039;insuffisance r\u00e9nale.  Ce produit est destin\u00e9 \u00e0 la prise en charge d&#039;une maladie. Il est conseill\u00e9 de demander conseil \u00e0 votre v\u00e9t\u00e9rinaire avant utilisation.\" \/>\n<meta property=\"og:url\" content=\"https:\/\/www.vetorino.com\/veterinaire\/beugnies-59216\/boutique\/product\/canine-k-d-j-d-boites\/\" \/>\n<meta property=\"og:site_name\" content=\"V\u00e9torino\" \/>\n<meta property=\"article:publisher\" content=\"https:\/\/www.facebook.com\/Vetorino\/\" \/>\n<meta property=\"article:modified_time\" content=\"2025-01-24T10:46:23+00:00\" \/>\n<meta property=\"og:image\" content=\"https:\/\/www.vetorino.com\/boutique\/wp-content\/uploads\/2023\/09\/chien-k-d-j-d-kidney-mobility-poulet-boite.jpg\" \/>\n\t<meta property=\"og:image:width\" content=\"800\" \/>\n\t<meta property=\"og:image:height\" content=\"800\" \/>\n\t<meta property=\"og:image:type\" content=\"image\/jpeg\" \/>\n<meta name=\"twitter:card\" content=\"summary_large_image\" \/>\n<meta name=\"twitter:label1\" content=\"Prix\" \/>\n\t<meta name=\"twitter:data1\" content=\"53,57&euro;\" \/>\n\t<meta name=\"twitter:label2\" content=\"Disponibilit\u00e9\" \/>\n\t<meta name=\"twitter:data2\" content=\"En stock\" \/>\n<script type=\"application\/ld+json\" class=\"yoast-schema-graph\">{\"@context\":\"https:\\\/\\\/schema.org\",\"@graph\":[{\"@type\":\"WebPage\",\"@id\":\"https:\\\/\\\/www.vetorino.com\\\/veterinaire\\\/briancon-05100\\\/boutique\\\/product\\\/canine-k-d-j-d-boites\\\/\",\"url\":\"https:\\\/\\\/www.vetorino.com\\\/veterinaire\\\/briancon-05100\\\/boutique\\\/product\\\/canine-k-d-j-d-boites\\\/\",\"name\":\"Prescription Diet (Hill's) Chien k\\\/d Kidney + j\\\/d Mobility Hill's - V\u00e9torino\",\"isPartOf\":{\"@id\":\"https:\\\/\\\/www.vetorino.com\\\/boutique\\\/#website\"},\"primaryImageOfPage\":{\"@id\":\"https:\\\/\\\/www.vetorino.com\\\/veterinaire\\\/briancon-05100\\\/boutique\\\/product\\\/canine-k-d-j-d-boites\\\/#primaryimage\"},\"image\":{\"@id\":\"https:\\\/\\\/www.vetorino.com\\\/veterinaire\\\/briancon-05100\\\/boutique\\\/product\\\/canine-k-d-j-d-boites\\\/#primaryimage\"},\"thumbnailUrl\":\"https:\\\/\\\/www.vetorino.com\\\/boutique\\\/wp-content\\\/uploads\\\/2023\\\/09\\\/chien-k-d-j-d-kidney-mobility-poulet-boite.jpg\",\"datePublished\":\"2023-09-29T03:35:11+00:00\",\"dateModified\":\"2025-01-24T10:46:23+00:00\",\"description\":\"Aliment di\u00e9t\u00e9tique complet pour chien d\u00e9velopp\u00e9 pour soutenir la fonction r\u00e9nale en cas d\u2019insuffisance r\u00e9nale chronique ou temporaire et renforcer le m\u00e9tabolisme des articulations en cas d\u2019arthrose chez le chien adulte. Utilisation : Chien ayant de l'arthrose. Chien souffrant d'insuffisance r\u00e9nale. Ce produit est destin\u00e9 \u00e0 la prise en charge d'une maladie. Il est conseill\u00e9 de demander conseil \u00e0 votre v\u00e9t\u00e9rinaire avant utilisation.\",\"breadcrumb\":{\"@id\":\"https:\\\/\\\/www.vetorino.com\\\/veterinaire\\\/briancon-05100\\\/boutique\\\/product\\\/canine-k-d-j-d-boites\\\/#breadcrumb\"},\"inLanguage\":\"fr-FR\",\"potentialAction\":[{\"@type\":\"ReadAction\",\"target\":[\"https:\\\/\\\/www.vetorino.com\\\/veterinaire\\\/briancon-05100\\\/boutique\\\/product\\\/canine-k-d-j-d-boites\\\/\"]}]},{\"@type\":\"ImageObject\",\"inLanguage\":\"fr-FR\",\"@id\":\"https:\\\/\\\/www.vetorino.com\\\/veterinaire\\\/briancon-05100\\\/boutique\\\/product\\\/canine-k-d-j-d-boites\\\/#primaryimage\",\"url\":\"https:\\\/\\\/www.vetorino.com\\\/boutique\\\/wp-content\\\/uploads\\\/2023\\\/09\\\/chien-k-d-j-d-kidney-mobility-poulet-boite.jpg\",\"contentUrl\":\"https:\\\/\\\/www.vetorino.com\\\/boutique\\\/wp-content\\\/uploads\\\/2023\\\/09\\\/chien-k-d-j-d-kidney-mobility-poulet-boite.jpg\",\"width\":800,\"height\":800},{\"@type\":\"BreadcrumbList\",\"@id\":\"https:\\\/\\\/www.vetorino.com\\\/veterinaire\\\/briancon-05100\\\/boutique\\\/product\\\/canine-k-d-j-d-boites\\\/#breadcrumb\",\"itemListElement\":[{\"@type\":\"ListItem\",\"position\":1,\"name\":\"Accueil\",\"item\":\"https:\\\/\\\/www.vetorino.com\\\/boutique\\\/\"},{\"@type\":\"ListItem\",\"position\":2,\"name\":\"Produits\",\"item\":\"https:\\\/\\\/www.vetorino.com\\\/boutique\\\/\"},{\"@type\":\"ListItem\",\"position\":3,\"name\":\"Chien k\\\/d Kidney + j\\\/d Mobility\"}]},{\"@type\":\"WebSite\",\"@id\":\"https:\\\/\\\/www.vetorino.com\\\/boutique\\\/#website\",\"url\":\"https:\\\/\\\/www.vetorino.com\\\/boutique\\\/\",\"name\":\"V\u00e9torino\",\"description\":\"\",\"publisher\":{\"@id\":\"https:\\\/\\\/www.vetorino.com\\\/boutique\\\/#organization\"},\"potentialAction\":[{\"@type\":\"SearchAction\",\"target\":{\"@type\":\"EntryPoint\",\"urlTemplate\":\"https:\\\/\\\/www.vetorino.com\\\/boutique\\\/?s={search_term_string}\"},\"query-input\":{\"@type\":\"PropertyValueSpecification\",\"valueRequired\":true,\"valueName\":\"search_term_string\"}}],\"inLanguage\":\"fr-FR\"},{\"@type\":\"Organization\",\"@id\":\"https:\\\/\\\/www.vetorino.com\\\/boutique\\\/#organization\",\"name\":\"V\u00e9torino\",\"url\":\"https:\\\/\\\/www.vetorino.com\\\/boutique\\\/\",\"logo\":{\"@type\":\"ImageObject\",\"inLanguage\":\"fr-FR\",\"@id\":\"https:\\\/\\\/www.vetorino.com\\\/boutique\\\/#\\\/schema\\\/logo\\\/image\\\/\",\"url\":\"https:\\\/\\\/www.vetorino.com\\\/boutique\\\/wp-content\\\/uploads\\\/2024\\\/10\\\/logo.jpg\",\"contentUrl\":\"https:\\\/\\\/www.vetorino.com\\\/boutique\\\/wp-content\\\/uploads\\\/2024\\\/10\\\/logo.jpg\",\"width\":1200,\"height\":610,\"caption\":\"V\u00e9torino\"},\"image\":{\"@id\":\"https:\\\/\\\/www.vetorino.com\\\/boutique\\\/#\\\/schema\\\/logo\\\/image\\\/\"},\"sameAs\":[\"https:\\\/\\\/www.facebook.com\\\/Vetorino\\\/\",\"https:\\\/\\\/www.instagram.com\\\/vetorino_off\\\/\",\"https:\\\/\\\/www.linkedin.com\\\/company\\\/vtorino\\\/\"]}]}<\/script>\n<meta property=\"product:brand\" content=\"Hill&#039;s\" \/>\n<meta property=\"product:price:amount\" content=\"53.57\" \/>\n<meta property=\"product:price:currency\" content=\"EUR\" \/>\n<meta property=\"og:availability\" content=\"instock\" \/>\n<meta property=\"product:availability\" content=\"instock\" \/>\n<meta property=\"product:retailer_item_id\" content=\"A-1879600\" \/>\n<meta property=\"product:condition\" content=\"new\" \/>\n<!-- \/ Yoast SEO plugin. -->","yoast_head_json":{"title":"Prescription Diet (Hill's) Chien k\/d Kidney + j\/d Mobility Hill's - V\u00e9torino","description":"Aliment di\u00e9t\u00e9tique complet pour chien d\u00e9velopp\u00e9 pour soutenir la fonction r\u00e9nale en cas d\u2019insuffisance r\u00e9nale chronique ou temporaire et renforcer le m\u00e9tabolisme des articulations en cas d\u2019arthrose chez le chien adulte.  Utilisation :   Chien ayant de l'arthrose.  Chien souffrant d'insuffisance r\u00e9nale.  Ce produit est destin\u00e9 \u00e0 la prise en charge d'une maladie. Il est conseill\u00e9 de demander conseil \u00e0 votre v\u00e9t\u00e9rinaire avant utilisation.","robots":{"index":"noindex","follow":"nofollow"},"og_locale":"fr_FR","og_type":"article","og_title":"Prescription Diet (Hill's) Chien k\/d Kidney + j\/d Mobility Hill's - V\u00e9torino","og_description":"Aliment di\u00e9t\u00e9tique complet pour chien d\u00e9velopp\u00e9 pour soutenir la fonction r\u00e9nale en cas d\u2019insuffisance r\u00e9nale chronique ou temporaire et renforcer le m\u00e9tabolisme des articulations en cas d\u2019arthrose chez le chien adulte.  Utilisation :   Chien ayant de l'arthrose.  Chien souffrant d'insuffisance r\u00e9nale.  Ce produit est destin\u00e9 \u00e0 la prise en charge d'une maladie. Il est conseill\u00e9 de demander conseil \u00e0 votre v\u00e9t\u00e9rinaire avant utilisation.","og_url":"https:\/\/www.vetorino.com\/veterinaire\/beugnies-59216\/boutique\/product\/canine-k-d-j-d-boites\/","og_site_name":"V\u00e9torino","article_publisher":"https:\/\/www.facebook.com\/Vetorino\/","article_modified_time":"2025-01-24T10:46:23+00:00","og_image":[{"width":800,"height":800,"url":"https:\/\/www.vetorino.com\/boutique\/wp-content\/uploads\/2023\/09\/chien-k-d-j-d-kidney-mobility-poulet-boite.jpg","type":"image\/jpeg"}],"twitter_card":"summary_large_image","twitter_misc":{"Prix":"53,57&euro;","Disponibilit\u00e9":"En stock"},"schema":{"@context":"https:\/\/schema.org","@graph":[{"@type":"WebPage","@id":"https:\/\/www.vetorino.com\/veterinaire\/briancon-05100\/boutique\/product\/canine-k-d-j-d-boites\/","url":"https:\/\/www.vetorino.com\/veterinaire\/briancon-05100\/boutique\/product\/canine-k-d-j-d-boites\/","name":"Prescription Diet (Hill's) Chien k\/d Kidney + j\/d Mobility Hill's - V\u00e9torino","isPartOf":{"@id":"https:\/\/www.vetorino.com\/boutique\/#website"},"primaryImageOfPage":{"@id":"https:\/\/www.vetorino.com\/veterinaire\/briancon-05100\/boutique\/product\/canine-k-d-j-d-boites\/#primaryimage"},"image":{"@id":"https:\/\/www.vetorino.com\/veterinaire\/briancon-05100\/boutique\/product\/canine-k-d-j-d-boites\/#primaryimage"},"thumbnailUrl":"https:\/\/www.vetorino.com\/boutique\/wp-content\/uploads\/2023\/09\/chien-k-d-j-d-kidney-mobility-poulet-boite.jpg","datePublished":"2023-09-29T03:35:11+00:00","dateModified":"2025-01-24T10:46:23+00:00","description":"Aliment di\u00e9t\u00e9tique complet pour chien d\u00e9velopp\u00e9 pour soutenir la fonction r\u00e9nale en cas d\u2019insuffisance r\u00e9nale chronique ou temporaire et renforcer le m\u00e9tabolisme des articulations en cas d\u2019arthrose chez le chien adulte. Utilisation : Chien ayant de l'arthrose. Chien souffrant d'insuffisance r\u00e9nale. Ce produit est destin\u00e9 \u00e0 la prise en charge d'une maladie. Il est conseill\u00e9 de demander conseil \u00e0 votre v\u00e9t\u00e9rinaire avant utilisation.","breadcrumb":{"@id":"https:\/\/www.vetorino.com\/veterinaire\/briancon-05100\/boutique\/product\/canine-k-d-j-d-boites\/#breadcrumb"},"inLanguage":"fr-FR","potentialAction":[{"@type":"ReadAction","target":["https:\/\/www.vetorino.com\/veterinaire\/briancon-05100\/boutique\/product\/canine-k-d-j-d-boites\/"]}]},{"@type":"ImageObject","inLanguage":"fr-FR","@id":"https:\/\/www.vetorino.com\/veterinaire\/briancon-05100\/boutique\/product\/canine-k-d-j-d-boites\/#primaryimage","url":"https:\/\/www.vetorino.com\/boutique\/wp-content\/uploads\/2023\/09\/chien-k-d-j-d-kidney-mobility-poulet-boite.jpg","contentUrl":"https:\/\/www.vetorino.com\/boutique\/wp-content\/uploads\/2023\/09\/chien-k-d-j-d-kidney-mobility-poulet-boite.jpg","width":800,"height":800},{"@type":"BreadcrumbList","@id":"https:\/\/www.vetorino.com\/veterinaire\/briancon-05100\/boutique\/product\/canine-k-d-j-d-boites\/#breadcrumb","itemListElement":[{"@type":"ListItem","position":1,"name":"Accueil","item":"https:\/\/www.vetorino.com\/boutique\/"},{"@type":"ListItem","position":2,"name":"Produits","item":"https:\/\/www.vetorino.com\/boutique\/"},{"@type":"ListItem","position":3,"name":"Chien k\/d Kidney + j\/d Mobility"}]},{"@type":"WebSite","@id":"https:\/\/www.vetorino.com\/boutique\/#website","url":"https:\/\/www.vetorino.com\/boutique\/","name":"V\u00e9torino","description":"","publisher":{"@id":"https:\/\/www.vetorino.com\/boutique\/#organization"},"potentialAction":[{"@type":"SearchAction","target":{"@type":"EntryPoint","urlTemplate":"https:\/\/www.vetorino.com\/boutique\/?s={search_term_string}"},"query-input":{"@type":"PropertyValueSpecification","valueRequired":true,"valueName":"search_term_string"}}],"inLanguage":"fr-FR"},{"@type":"Organization","@id":"https:\/\/www.vetorino.com\/boutique\/#organization","name":"V\u00e9torino","url":"https:\/\/www.vetorino.com\/boutique\/","logo":{"@type":"ImageObject","inLanguage":"fr-FR","@id":"https:\/\/www.vetorino.com\/boutique\/#\/schema\/logo\/image\/","url":"https:\/\/www.vetorino.com\/boutique\/wp-content\/uploads\/2024\/10\/logo.jpg","contentUrl":"https:\/\/www.vetorino.com\/boutique\/wp-content\/uploads\/2024\/10\/logo.jpg","width":1200,"height":610,"caption":"V\u00e9torino"},"image":{"@id":"https:\/\/www.vetorino.com\/boutique\/#\/schema\/logo\/image\/"},"sameAs":["https:\/\/www.facebook.com\/Vetorino\/","https:\/\/www.instagram.com\/vetorino_off\/","https:\/\/www.linkedin.com\/company\/vtorino\/"]}]},"product_brand":"Hill's","product_price_amount":"53.57","product_price_currency":"EUR","og_availability":"instock","product_availability":"instock","product_retailer_item_id":"A-1879600","product_condition":"new"},"_links":{"self":[{"href":"https:\/\/www.vetorino.com\/veterinaire\/beugnies-59216\/boutique\/wp-json\/wp\/v2\/product\/705291","targetHints":{"allow":["GET"]}}],"collection":[{"href":"https:\/\/www.vetorino.com\/veterinaire\/beugnies-59216\/boutique\/wp-json\/wp\/v2\/product"}],"about":[{"href":"https:\/\/www.vetorino.com\/veterinaire\/beugnies-59216\/boutique\/wp-json\/wp\/v2\/types\/product"}],"wp:featuredmedia":[{"embeddable":true,"href":"https:\/\/www.vetorino.com\/veterinaire\/beugnies-59216\/boutique\/wp-json\/wp\/v2\/media\/720908"}],"wp:attachment":[{"href":"https:\/\/www.vetorino.com\/veterinaire\/beugnies-59216\/boutique\/wp-json\/wp\/v2\/media?parent=705291"}],"wp:term":[{"taxonomy":"product_cat","embeddable":true,"href":"https:\/\/www.vetorino.com\/veterinaire\/beugnies-59216\/boutique\/wp-json\/wp\/v2\/product_cat?post=705291"},{"taxonomy":"product_tag","embeddable":true,"href":"https:\/\/www.vetorino.com\/veterinaire\/beugnies-59216\/boutique\/wp-json\/wp\/v2\/product_tag?post=705291"}],"curies":[{"name":"wp","href":"https:\/\/api.w.org\/{rel}","templated":true}]}}