{"id":744382,"date":"2023-11-16T05:35:07","date_gmt":"2023-11-16T04:35:07","guid":{"rendered":"https:\/\/www.vetorino.com\/boutique\/product\/specific-chien-ciw-low-digestive-low-fat-barquettes\/"},"modified":"2025-11-25T14:41:07","modified_gmt":"2025-11-25T13:41:07","slug":"specific-chien-ciw-low-digestive-low-fat-barquettes","status":"publish","type":"product","link":"https:\/\/www.vetorino.com\/veterinaire\/beugnies-59216\/boutique\/product\/specific-chien-ciw-low-digestive-low-fat-barquettes\/","title":{"rendered":"CIW-LF Digestive Support Low Fat &#8211; chien"},"content":{"rendered":"<p><strong>Nourriture humide en barquettes adapt\u00e9e \u00e0 un large \u00e9ventail de troubles digestifs, y compris la pancr\u00e9atite, l\u2019IPE (insuffisance pancr\u00e9atique exocrine), la cholestase et l\u2019hyperlipid\u00e9mie.<\/strong><\/p>\n<p><strong>Utilisation :<\/strong><\/p>\n<ul>\n<li>Chien adulte<\/li>\n<li>Adapt\u00e9e \u00e0 un large \u00e9ventail de troubles digestifs<\/li>\n<\/ul>\n<p><strong>Bienfaits essentiels :<\/strong><\/p>\n<ul>\n<li>Un faible taux de mati\u00e8re grasse permet au pancr\u00e9as de se mettre au repos et lui offre une chance de gu\u00e9rir, et assure le soutien des maladies n\u00e9cessitant un faible taux de graisses.<\/li>\n<li>Ingr\u00e9dients hautement disgestibles.<\/li>\n<li>Taux \u00e9lev\u00e9 d&#8217;acides gras om\u00e9ga 3.<\/li>\n<li>Fibres fermentescibles (FOS) qui stimulent la croissance des bact\u00e9ries b\u00e9n\u00e9fiques du c\u00f4lon pour le soutien de la sant\u00e9 du tube digestif.<\/li>\n<li>AuraGuard (m\u00e9lange naturel d&#8217;origine v\u00e9g\u00e9tale) et des nucl\u00e9otides favorisent un microbiome intestinal sain, la r\u00e9ponse immunitaire et la barri\u00e8re intestinale.<\/li>\n<\/ul>\n<p><strong><br \/>\n<\/strong><strong>Cet aliment est destin\u00e9 \u00e0 la prise en charge nutritionnelle d\u2019une maladie. Il est recommand\u00e9 de consulter votre v\u00e9t\u00e9rinaire.<\/strong><\/p>\n","protected":false},"excerpt":{"rendered":"<div id=\"product-description-short-5764\">\n<div id=\"product-description-short-5765\">\n<p><strong>Nourriture humide en barquettes adapt\u00e9e \u00e0 un large \u00e9ventail de troubles digestifs, y compris la pancr\u00e9atite, l\u2019IPE (insuffisance pancr\u00e9atique exocrine), la cholestase et l\u2019hyperlipid\u00e9mie.<\/strong><\/p>\n<p><strong>Utilisation :<\/strong><\/p>\n<ul>\n<li>Chien adulte<\/li>\n<li>Adapt\u00e9e \u00e0 un large \u00e9ventail de troubles digestifs<\/li>\n<\/ul>\n<p><strong>Cet aliment est destin\u00e9 \u00e0 la prise en charge nutritionnelle d\u2019une maladie. Il est recommand\u00e9 de consulter votre v\u00e9t\u00e9rinaire.<\/strong><\/p>\n<\/div>\n<\/div>\n","protected":false},"featured_media":1473254,"template":"","meta":[],"product_cat":[12552,12582,2698],"product_tag":[],"class_list":{"0":"post-744382","1":"product","2":"type-product","3":"status-publish","4":"has-post-thumbnail","6":"product_cat-alimentation-du-chien","7":"product_cat-alimentation-medicalisee-pour-chien","8":"product_cat-chien","9":"pa_marque-specific","11":"first","12":"instock","13":"taxable","14":"shipping-taxable","15":"purchasable","16":"product-type-variable"},"yoast_head":"<!-- This site is optimized with the Yoast SEO plugin v27.3 - https:\/\/yoast.com\/product\/yoast-seo-wordpress\/ -->\n<title>CIW-LF Digestive Support Low Fat - chien Specific - V\u00e9torino<\/title>\n<meta name=\"description\" content=\"Nourriture humide en barquettes adapt\u00e9e \u00e0 un large \u00e9ventail de troubles digestifs, y compris la pancr\u00e9atite, l\u2019IPE (insuffisance pancr\u00e9atique exocrine), la cholestase et l\u2019hyperlipid\u00e9mie.  Utilisation :   Chien adulte  Adapt\u00e9e \u00e0 un large \u00e9ventail de troubles digestifs  Cet aliment est destin\u00e9 \u00e0 la prise en charge nutritionnelle d\u2019une maladie. Il est recommand\u00e9 de consulter votre v\u00e9t\u00e9rinaire.\" \/>\n<meta name=\"robots\" content=\"noindex, nofollow\" \/>\n<meta property=\"og:locale\" content=\"fr_FR\" \/>\n<meta property=\"og:type\" content=\"article\" \/>\n<meta property=\"og:title\" content=\"CIW-LF Digestive Support Low Fat - chien Specific - V\u00e9torino\" \/>\n<meta property=\"og:description\" content=\"Nourriture humide en barquettes adapt\u00e9e \u00e0 un large \u00e9ventail de troubles digestifs, y compris la pancr\u00e9atite, l\u2019IPE (insuffisance pancr\u00e9atique exocrine), la cholestase et l\u2019hyperlipid\u00e9mie.  Utilisation :   Chien adulte  Adapt\u00e9e \u00e0 un large \u00e9ventail de troubles digestifs  Cet aliment est destin\u00e9 \u00e0 la prise en charge nutritionnelle d\u2019une maladie. Il est recommand\u00e9 de consulter votre v\u00e9t\u00e9rinaire.\" \/>\n<meta property=\"og:url\" content=\"https:\/\/www.vetorino.com\/veterinaire\/beugnies-59216\/boutique\/product\/specific-chien-ciw-low-digestive-low-fat-barquettes\/\" \/>\n<meta property=\"og:site_name\" content=\"V\u00e9torino\" \/>\n<meta property=\"article:publisher\" content=\"https:\/\/www.facebook.com\/Vetorino\/\" \/>\n<meta property=\"article:modified_time\" content=\"2025-11-25T13:41:07+00:00\" \/>\n<meta property=\"og:image\" content=\"https:\/\/www.vetorino.com\/boutique\/wp-content\/uploads\/2023\/11\/specific-ciw-lf-digestive-support-low-fat.jpg\" \/>\n\t<meta property=\"og:image:width\" content=\"555\" \/>\n\t<meta property=\"og:image:height\" content=\"555\" \/>\n\t<meta property=\"og:image:type\" content=\"image\/jpeg\" \/>\n<meta name=\"twitter:card\" content=\"summary_large_image\" \/>\n<meta name=\"twitter:label1\" content=\"Disponibilit\u00e9\" \/>\n\t<meta name=\"twitter:data1\" content=\"En stock\" \/>\n<script type=\"application\/ld+json\" class=\"yoast-schema-graph\">{\"@context\":\"https:\\\/\\\/schema.org\",\"@graph\":[{\"@type\":\"WebPage\",\"@id\":\"https:\\\/\\\/www.vetorino.com\\\/boutique\\\/product\\\/specific-chien-ciw-low-digestive-low-fat-barquettes\\\/\",\"url\":\"https:\\\/\\\/www.vetorino.com\\\/boutique\\\/product\\\/specific-chien-ciw-low-digestive-low-fat-barquettes\\\/\",\"name\":\"CIW-LF Digestive Support Low Fat - chien Specific - V\u00e9torino\",\"isPartOf\":{\"@id\":\"https:\\\/\\\/www.vetorino.com\\\/boutique\\\/#website\"},\"primaryImageOfPage\":{\"@id\":\"https:\\\/\\\/www.vetorino.com\\\/boutique\\\/product\\\/specific-chien-ciw-low-digestive-low-fat-barquettes\\\/#primaryimage\"},\"image\":{\"@id\":\"https:\\\/\\\/www.vetorino.com\\\/boutique\\\/product\\\/specific-chien-ciw-low-digestive-low-fat-barquettes\\\/#primaryimage\"},\"thumbnailUrl\":\"https:\\\/\\\/www.vetorino.com\\\/boutique\\\/wp-content\\\/uploads\\\/2023\\\/11\\\/specific-ciw-lf-digestive-support-low-fat.jpg\",\"datePublished\":\"2023-11-16T04:35:07+00:00\",\"dateModified\":\"2025-11-25T13:41:07+00:00\",\"description\":\"Nourriture humide en barquettes adapt\u00e9e \u00e0 un large \u00e9ventail de troubles digestifs, y compris la pancr\u00e9atite, l\u2019IPE (insuffisance pancr\u00e9atique exocrine), la cholestase et l\u2019hyperlipid\u00e9mie. Utilisation : Chien adulte Adapt\u00e9e \u00e0 un large \u00e9ventail de troubles digestifs Cet aliment est destin\u00e9 \u00e0 la prise en charge nutritionnelle d\u2019une maladie. Il est recommand\u00e9 de consulter votre v\u00e9t\u00e9rinaire.\",\"breadcrumb\":{\"@id\":\"https:\\\/\\\/www.vetorino.com\\\/boutique\\\/product\\\/specific-chien-ciw-low-digestive-low-fat-barquettes\\\/#breadcrumb\"},\"inLanguage\":\"fr-FR\",\"potentialAction\":[{\"@type\":\"ReadAction\",\"target\":[\"https:\\\/\\\/www.vetorino.com\\\/boutique\\\/product\\\/specific-chien-ciw-low-digestive-low-fat-barquettes\\\/\"]}]},{\"@type\":\"ImageObject\",\"inLanguage\":\"fr-FR\",\"@id\":\"https:\\\/\\\/www.vetorino.com\\\/boutique\\\/product\\\/specific-chien-ciw-low-digestive-low-fat-barquettes\\\/#primaryimage\",\"url\":\"https:\\\/\\\/www.vetorino.com\\\/boutique\\\/wp-content\\\/uploads\\\/2023\\\/11\\\/specific-ciw-lf-digestive-support-low-fat.jpg\",\"contentUrl\":\"https:\\\/\\\/www.vetorino.com\\\/boutique\\\/wp-content\\\/uploads\\\/2023\\\/11\\\/specific-ciw-lf-digestive-support-low-fat.jpg\",\"width\":555,\"height\":555},{\"@type\":\"BreadcrumbList\",\"@id\":\"https:\\\/\\\/www.vetorino.com\\\/boutique\\\/product\\\/specific-chien-ciw-low-digestive-low-fat-barquettes\\\/#breadcrumb\",\"itemListElement\":[{\"@type\":\"ListItem\",\"position\":1,\"name\":\"Accueil\",\"item\":\"https:\\\/\\\/www.vetorino.com\\\/boutique\\\/\"},{\"@type\":\"ListItem\",\"position\":2,\"name\":\"Produits\",\"item\":\"https:\\\/\\\/www.vetorino.com\\\/boutique\\\/\"},{\"@type\":\"ListItem\",\"position\":3,\"name\":\"CIW-LF Digestive Support Low Fat &#8211; chien\"}]},{\"@type\":\"WebSite\",\"@id\":\"https:\\\/\\\/www.vetorino.com\\\/boutique\\\/#website\",\"url\":\"https:\\\/\\\/www.vetorino.com\\\/boutique\\\/\",\"name\":\"V\u00e9torino\",\"description\":\"\",\"publisher\":{\"@id\":\"https:\\\/\\\/www.vetorino.com\\\/boutique\\\/#organization\"},\"potentialAction\":[{\"@type\":\"SearchAction\",\"target\":{\"@type\":\"EntryPoint\",\"urlTemplate\":\"https:\\\/\\\/www.vetorino.com\\\/boutique\\\/?s={search_term_string}\"},\"query-input\":{\"@type\":\"PropertyValueSpecification\",\"valueRequired\":true,\"valueName\":\"search_term_string\"}}],\"inLanguage\":\"fr-FR\"},{\"@type\":\"Organization\",\"@id\":\"https:\\\/\\\/www.vetorino.com\\\/boutique\\\/#organization\",\"name\":\"V\u00e9torino\",\"url\":\"https:\\\/\\\/www.vetorino.com\\\/boutique\\\/\",\"logo\":{\"@type\":\"ImageObject\",\"inLanguage\":\"fr-FR\",\"@id\":\"https:\\\/\\\/www.vetorino.com\\\/boutique\\\/#\\\/schema\\\/logo\\\/image\\\/\",\"url\":\"https:\\\/\\\/www.vetorino.com\\\/boutique\\\/wp-content\\\/uploads\\\/2024\\\/10\\\/logo.jpg\",\"contentUrl\":\"https:\\\/\\\/www.vetorino.com\\\/boutique\\\/wp-content\\\/uploads\\\/2024\\\/10\\\/logo.jpg\",\"width\":1200,\"height\":610,\"caption\":\"V\u00e9torino\"},\"image\":{\"@id\":\"https:\\\/\\\/www.vetorino.com\\\/boutique\\\/#\\\/schema\\\/logo\\\/image\\\/\"},\"sameAs\":[\"https:\\\/\\\/www.facebook.com\\\/Vetorino\\\/\",\"https:\\\/\\\/www.instagram.com\\\/vetorino_off\\\/\",\"https:\\\/\\\/www.linkedin.com\\\/company\\\/vtorino\\\/\"]}]}<\/script>\n<meta property=\"product:brand\" content=\"Specific\" \/>\n<meta property=\"og:availability\" content=\"instock\" \/>\n<meta property=\"product:availability\" content=\"instock\" \/>\n<meta property=\"product:condition\" content=\"new\" \/>\n<!-- \/ Yoast SEO plugin. -->","yoast_head_json":{"title":"CIW-LF Digestive Support Low Fat - chien Specific - V\u00e9torino","description":"Nourriture humide en barquettes adapt\u00e9e \u00e0 un large \u00e9ventail de troubles digestifs, y compris la pancr\u00e9atite, l\u2019IPE (insuffisance pancr\u00e9atique exocrine), la cholestase et l\u2019hyperlipid\u00e9mie.  Utilisation :   Chien adulte  Adapt\u00e9e \u00e0 un large \u00e9ventail de troubles digestifs  Cet aliment est destin\u00e9 \u00e0 la prise en charge nutritionnelle d\u2019une maladie. Il est recommand\u00e9 de consulter votre v\u00e9t\u00e9rinaire.","robots":{"index":"noindex","follow":"nofollow"},"og_locale":"fr_FR","og_type":"article","og_title":"CIW-LF Digestive Support Low Fat - chien Specific - V\u00e9torino","og_description":"Nourriture humide en barquettes adapt\u00e9e \u00e0 un large \u00e9ventail de troubles digestifs, y compris la pancr\u00e9atite, l\u2019IPE (insuffisance pancr\u00e9atique exocrine), la cholestase et l\u2019hyperlipid\u00e9mie.  Utilisation :   Chien adulte  Adapt\u00e9e \u00e0 un large \u00e9ventail de troubles digestifs  Cet aliment est destin\u00e9 \u00e0 la prise en charge nutritionnelle d\u2019une maladie. Il est recommand\u00e9 de consulter votre v\u00e9t\u00e9rinaire.","og_url":"https:\/\/www.vetorino.com\/veterinaire\/beugnies-59216\/boutique\/product\/specific-chien-ciw-low-digestive-low-fat-barquettes\/","og_site_name":"V\u00e9torino","article_publisher":"https:\/\/www.facebook.com\/Vetorino\/","article_modified_time":"2025-11-25T13:41:07+00:00","og_image":[{"width":555,"height":555,"url":"https:\/\/www.vetorino.com\/boutique\/wp-content\/uploads\/2023\/11\/specific-ciw-lf-digestive-support-low-fat.jpg","type":"image\/jpeg"}],"twitter_card":"summary_large_image","twitter_misc":{"Disponibilit\u00e9":"En stock"},"schema":{"@context":"https:\/\/schema.org","@graph":[{"@type":"WebPage","@id":"https:\/\/www.vetorino.com\/boutique\/product\/specific-chien-ciw-low-digestive-low-fat-barquettes\/","url":"https:\/\/www.vetorino.com\/boutique\/product\/specific-chien-ciw-low-digestive-low-fat-barquettes\/","name":"CIW-LF Digestive Support Low Fat - chien Specific - V\u00e9torino","isPartOf":{"@id":"https:\/\/www.vetorino.com\/boutique\/#website"},"primaryImageOfPage":{"@id":"https:\/\/www.vetorino.com\/boutique\/product\/specific-chien-ciw-low-digestive-low-fat-barquettes\/#primaryimage"},"image":{"@id":"https:\/\/www.vetorino.com\/boutique\/product\/specific-chien-ciw-low-digestive-low-fat-barquettes\/#primaryimage"},"thumbnailUrl":"https:\/\/www.vetorino.com\/boutique\/wp-content\/uploads\/2023\/11\/specific-ciw-lf-digestive-support-low-fat.jpg","datePublished":"2023-11-16T04:35:07+00:00","dateModified":"2025-11-25T13:41:07+00:00","description":"Nourriture humide en barquettes adapt\u00e9e \u00e0 un large \u00e9ventail de troubles digestifs, y compris la pancr\u00e9atite, l\u2019IPE (insuffisance pancr\u00e9atique exocrine), la cholestase et l\u2019hyperlipid\u00e9mie. Utilisation : Chien adulte Adapt\u00e9e \u00e0 un large \u00e9ventail de troubles digestifs Cet aliment est destin\u00e9 \u00e0 la prise en charge nutritionnelle d\u2019une maladie. Il est recommand\u00e9 de consulter votre v\u00e9t\u00e9rinaire.","breadcrumb":{"@id":"https:\/\/www.vetorino.com\/boutique\/product\/specific-chien-ciw-low-digestive-low-fat-barquettes\/#breadcrumb"},"inLanguage":"fr-FR","potentialAction":[{"@type":"ReadAction","target":["https:\/\/www.vetorino.com\/boutique\/product\/specific-chien-ciw-low-digestive-low-fat-barquettes\/"]}]},{"@type":"ImageObject","inLanguage":"fr-FR","@id":"https:\/\/www.vetorino.com\/boutique\/product\/specific-chien-ciw-low-digestive-low-fat-barquettes\/#primaryimage","url":"https:\/\/www.vetorino.com\/boutique\/wp-content\/uploads\/2023\/11\/specific-ciw-lf-digestive-support-low-fat.jpg","contentUrl":"https:\/\/www.vetorino.com\/boutique\/wp-content\/uploads\/2023\/11\/specific-ciw-lf-digestive-support-low-fat.jpg","width":555,"height":555},{"@type":"BreadcrumbList","@id":"https:\/\/www.vetorino.com\/boutique\/product\/specific-chien-ciw-low-digestive-low-fat-barquettes\/#breadcrumb","itemListElement":[{"@type":"ListItem","position":1,"name":"Accueil","item":"https:\/\/www.vetorino.com\/boutique\/"},{"@type":"ListItem","position":2,"name":"Produits","item":"https:\/\/www.vetorino.com\/boutique\/"},{"@type":"ListItem","position":3,"name":"CIW-LF Digestive Support Low Fat &#8211; chien"}]},{"@type":"WebSite","@id":"https:\/\/www.vetorino.com\/boutique\/#website","url":"https:\/\/www.vetorino.com\/boutique\/","name":"V\u00e9torino","description":"","publisher":{"@id":"https:\/\/www.vetorino.com\/boutique\/#organization"},"potentialAction":[{"@type":"SearchAction","target":{"@type":"EntryPoint","urlTemplate":"https:\/\/www.vetorino.com\/boutique\/?s={search_term_string}"},"query-input":{"@type":"PropertyValueSpecification","valueRequired":true,"valueName":"search_term_string"}}],"inLanguage":"fr-FR"},{"@type":"Organization","@id":"https:\/\/www.vetorino.com\/boutique\/#organization","name":"V\u00e9torino","url":"https:\/\/www.vetorino.com\/boutique\/","logo":{"@type":"ImageObject","inLanguage":"fr-FR","@id":"https:\/\/www.vetorino.com\/boutique\/#\/schema\/logo\/image\/","url":"https:\/\/www.vetorino.com\/boutique\/wp-content\/uploads\/2024\/10\/logo.jpg","contentUrl":"https:\/\/www.vetorino.com\/boutique\/wp-content\/uploads\/2024\/10\/logo.jpg","width":1200,"height":610,"caption":"V\u00e9torino"},"image":{"@id":"https:\/\/www.vetorino.com\/boutique\/#\/schema\/logo\/image\/"},"sameAs":["https:\/\/www.facebook.com\/Vetorino\/","https:\/\/www.instagram.com\/vetorino_off\/","https:\/\/www.linkedin.com\/company\/vtorino\/"]}]},"product_brand":"Specific","og_availability":"instock","product_availability":"instock","product_condition":"new"},"_links":{"self":[{"href":"https:\/\/www.vetorino.com\/veterinaire\/beugnies-59216\/boutique\/wp-json\/wp\/v2\/product\/744382","targetHints":{"allow":["GET"]}}],"collection":[{"href":"https:\/\/www.vetorino.com\/veterinaire\/beugnies-59216\/boutique\/wp-json\/wp\/v2\/product"}],"about":[{"href":"https:\/\/www.vetorino.com\/veterinaire\/beugnies-59216\/boutique\/wp-json\/wp\/v2\/types\/product"}],"wp:featuredmedia":[{"embeddable":true,"href":"https:\/\/www.vetorino.com\/veterinaire\/beugnies-59216\/boutique\/wp-json\/wp\/v2\/media\/1473254"}],"wp:attachment":[{"href":"https:\/\/www.vetorino.com\/veterinaire\/beugnies-59216\/boutique\/wp-json\/wp\/v2\/media?parent=744382"}],"wp:term":[{"taxonomy":"product_cat","embeddable":true,"href":"https:\/\/www.vetorino.com\/veterinaire\/beugnies-59216\/boutique\/wp-json\/wp\/v2\/product_cat?post=744382"},{"taxonomy":"product_tag","embeddable":true,"href":"https:\/\/www.vetorino.com\/veterinaire\/beugnies-59216\/boutique\/wp-json\/wp\/v2\/product_tag?post=744382"}],"curies":[{"name":"wp","href":"https:\/\/api.w.org\/{rel}","templated":true}]}}