{"id":796384,"date":"2024-01-05T17:37:17","date_gmt":"2024-01-05T16:37:17","guid":{"rendered":"https:\/\/www.vetorino.com\/boutique\/product\/weenect-xs-gps-tracker-chien\/"},"modified":"2024-01-11T15:17:55","modified_gmt":"2024-01-11T14:17:55","slug":"weenect-xs-gps-tracker-chien","status":"publish","type":"product","link":"https:\/\/www.vetorino.com\/veterinaire\/beugnies-59216\/boutique\/product\/weenect-xs-gps-tracker-chien\/","title":{"rendered":"Weenect XS GPS &#8211;  GPS chien"},"content":{"rendered":"<p><strong>Le collier GPS pour chien Weenect XS permet de nombreuses fonctionnalit\u00e9s pour suivre un animal.<\/strong> Abonnement mensuel en sus (engagement minimum de 3 mois).<br \/>\n&#8211; Suivi GPS en temps r\u00e9el : renvoie la position en continu avec une mise \u00e0 jour de sa position toutes les secondes<br \/>\n&#8211; Sans limite de distance : permet de suivre l\u2019animal depuis son t\u00e9l\u00e9phone (iPhone et<br \/>\nAndroid) partout dans le monde (plus de 100 pays couverts)<br \/>\n&#8211; Carte SIM multi-r\u00e9seaux incluse. Une bonne connexion r\u00e9seau (4GNB-IoT\/LTE-M\/2G\/) est n\u00e9cessaire pour utiliser le traceur et obtenir les meilleures performances<br \/>\n&#8211; Education : en faisant sonner le traceur \u00e0 chaque repas, l\u2019animal associera les deux \u00e9v\u00e9nements<br \/>\n&#8211; Lampe torche int\u00e9gr\u00e9e<br \/>\n&#8211; Historique des positions : pour revivre le trac\u00e9 des balades et suivre l\u2019activit\u00e9 : vitesse moyenne, kilom\u00e8tres parcourus, temps pass\u00e9 \u00e0 jouer ou \u00e0 dormir<br \/>\n&#8211; Attache universelle : coques en silicone flexibles pouvant s\u2019adapter \u00e0 toutes les tailles de colliers ou de harnais avec un retrait facile du traceur sans enlever le collier<br \/>\n&#8211; Batterie : autonomie jusqu&#8217;\u00e0 3 jours en utilisation quotidienne, charge en 2 heures<br \/>\n&#8211; Alerte anti-fugue : param\u00e8tres des zones de s\u00e9curit\u00e9 afin d&#8217;\u00eatre automatiquement pr\u00e9venu si l\u2019animal entre ou sort de ces zones avec une alerte sur le t\u00e9l\u00e9phone<br \/>\n&#8211; Localisation en int\u00e9rieur avec triangulation WiFi<br \/>\nLivr\u00e9 avec bo\u00eetier GPS et 2 coques silicone. Poids : 28 g.<br \/>\nGarantie \u00e0 vie : Weenect r\u00e9pare votre produit quand cela est possible, ou le remplace par un produit reconditionn\u00e9 si cela ne l&#8217;est pas, \u00e0 vie.<\/p>\n","protected":false},"excerpt":{"rendered":"<p>Avec ce <strong>traceur GPS Weenect 4G<\/strong> vous allez pouvoir vivre tranquille et mettre en s\u00e9curit\u00e9 votre chien avec le plus l\u00e9ger et le plus petit GPS pour chien au monde. Vous allez m\u00eame pouvoir vous permettre des balade nocturne ou au coucher du soleil avec votre compagnon \u00e0 quatre pattes gr\u00e2ce \u00e0 sa <strong>lampe torche int\u00e9gr\u00e9e, id\u00e9al pour les coureurs qui pratique le canicross le soit tard avec leur chien sportif !<\/strong><\/p>\n","protected":false},"featured_media":802378,"template":"","meta":[],"product_cat":[2698],"product_tag":[],"class_list":{"0":"post-796384","1":"product","2":"type-product","3":"status-publish","4":"has-post-thumbnail","6":"product_cat-chien","7":"pa_marque-weenect","9":"first","10":"outofstock","11":"taxable","12":"shipping-taxable","13":"purchasable","14":"product-type-simple"},"yoast_head":"<!-- This site is optimized with the Yoast SEO plugin v27.3 - https:\/\/yoast.com\/product\/yoast-seo-wordpress\/ -->\n<title>Weenect XS GPS - GPS chien Weenect - V\u00e9torino<\/title>\n<meta name=\"description\" content=\"Avec ce traceur GPS Weenect 4G vous allez pouvoir vivre tranquille et mettre en s\u00e9curit\u00e9 votre chien avec le plus l\u00e9ger et le plus petit GPS pour chien au monde. Vous allez m\u00eame pouvoir vous permettre des balade nocturne ou au coucher du soleil avec votre compagnon \u00e0 quatre pattes gr\u00e2ce \u00e0 sa lampe torche int\u00e9gr\u00e9e, id\u00e9al pour les coureurs qui pratique le canicross le soit tard avec leur chien sportif !\" \/>\n<meta name=\"robots\" content=\"noindex, nofollow\" \/>\n<meta property=\"og:locale\" content=\"fr_FR\" \/>\n<meta property=\"og:type\" content=\"article\" \/>\n<meta property=\"og:title\" content=\"Weenect XS GPS - GPS chien Weenect - V\u00e9torino\" \/>\n<meta property=\"og:description\" content=\"Avec ce traceur GPS Weenect 4G vous allez pouvoir vivre tranquille et mettre en s\u00e9curit\u00e9 votre chien avec le plus l\u00e9ger et le plus petit GPS pour chien au monde. Vous allez m\u00eame pouvoir vous permettre des balade nocturne ou au coucher du soleil avec votre compagnon \u00e0 quatre pattes gr\u00e2ce \u00e0 sa lampe torche int\u00e9gr\u00e9e, id\u00e9al pour les coureurs qui pratique le canicross le soit tard avec leur chien sportif !\" \/>\n<meta property=\"og:url\" content=\"https:\/\/www.vetorino.com\/veterinaire\/beugnies-59216\/boutique\/product\/weenect-xs-gps-tracker-chien\/\" \/>\n<meta property=\"og:site_name\" content=\"V\u00e9torino\" \/>\n<meta property=\"article:publisher\" content=\"https:\/\/www.facebook.com\/Vetorino\/\" \/>\n<meta property=\"article:modified_time\" content=\"2024-01-11T14:17:55+00:00\" \/>\n<meta property=\"og:image\" content=\"https:\/\/www.vetorino.com\/boutique\/wp-content\/uploads\/2024\/01\/1149620-1.png\" \/>\n\t<meta property=\"og:image:width\" content=\"600\" \/>\n\t<meta property=\"og:image:height\" content=\"600\" \/>\n\t<meta property=\"og:image:type\" content=\"image\/png\" \/>\n<meta name=\"twitter:card\" content=\"summary_large_image\" \/>\n<meta name=\"twitter:label1\" content=\"Prix\" \/>\n\t<meta name=\"twitter:data1\" content=\"59,71&euro;\" \/>\n\t<meta name=\"twitter:label2\" content=\"Disponibilit\u00e9\" \/>\n\t<meta name=\"twitter:data2\" content=\"Rupture de stock\" \/>\n<script type=\"application\/ld+json\" class=\"yoast-schema-graph\">{\"@context\":\"https:\\\/\\\/schema.org\",\"@graph\":[{\"@type\":\"WebPage\",\"@id\":\"https:\\\/\\\/www.vetorino.com\\\/boutique\\\/product\\\/weenect-xs-gps-tracker-chien\\\/\",\"url\":\"https:\\\/\\\/www.vetorino.com\\\/boutique\\\/product\\\/weenect-xs-gps-tracker-chien\\\/\",\"name\":\"Weenect XS GPS - GPS chien Weenect - V\u00e9torino\",\"isPartOf\":{\"@id\":\"https:\\\/\\\/www.vetorino.com\\\/boutique\\\/#website\"},\"primaryImageOfPage\":{\"@id\":\"https:\\\/\\\/www.vetorino.com\\\/boutique\\\/product\\\/weenect-xs-gps-tracker-chien\\\/#primaryimage\"},\"image\":{\"@id\":\"https:\\\/\\\/www.vetorino.com\\\/boutique\\\/product\\\/weenect-xs-gps-tracker-chien\\\/#primaryimage\"},\"thumbnailUrl\":\"https:\\\/\\\/www.vetorino.com\\\/boutique\\\/wp-content\\\/uploads\\\/2024\\\/01\\\/1149620-1.png\",\"datePublished\":\"2024-01-05T16:37:17+00:00\",\"dateModified\":\"2024-01-11T14:17:55+00:00\",\"description\":\"Avec ce traceur GPS Weenect 4G vous allez pouvoir vivre tranquille et mettre en s\u00e9curit\u00e9 votre chien avec le plus l\u00e9ger et le plus petit GPS pour chien au monde. Vous allez m\u00eame pouvoir vous permettre des balade nocturne ou au coucher du soleil avec votre compagnon \u00e0 quatre pattes gr\u00e2ce \u00e0 sa lampe torche int\u00e9gr\u00e9e, id\u00e9al pour les coureurs qui pratique le canicross le soit tard avec leur chien sportif !\",\"breadcrumb\":{\"@id\":\"https:\\\/\\\/www.vetorino.com\\\/boutique\\\/product\\\/weenect-xs-gps-tracker-chien\\\/#breadcrumb\"},\"inLanguage\":\"fr-FR\",\"potentialAction\":[{\"@type\":\"ReadAction\",\"target\":[\"https:\\\/\\\/www.vetorino.com\\\/boutique\\\/product\\\/weenect-xs-gps-tracker-chien\\\/\"]}]},{\"@type\":\"ImageObject\",\"inLanguage\":\"fr-FR\",\"@id\":\"https:\\\/\\\/www.vetorino.com\\\/boutique\\\/product\\\/weenect-xs-gps-tracker-chien\\\/#primaryimage\",\"url\":\"https:\\\/\\\/www.vetorino.com\\\/boutique\\\/wp-content\\\/uploads\\\/2024\\\/01\\\/1149620-1.png\",\"contentUrl\":\"https:\\\/\\\/www.vetorino.com\\\/boutique\\\/wp-content\\\/uploads\\\/2024\\\/01\\\/1149620-1.png\",\"width\":600,\"height\":600},{\"@type\":\"BreadcrumbList\",\"@id\":\"https:\\\/\\\/www.vetorino.com\\\/boutique\\\/product\\\/weenect-xs-gps-tracker-chien\\\/#breadcrumb\",\"itemListElement\":[{\"@type\":\"ListItem\",\"position\":1,\"name\":\"Accueil\",\"item\":\"https:\\\/\\\/www.vetorino.com\\\/boutique\\\/\"},{\"@type\":\"ListItem\",\"position\":2,\"name\":\"Produits\",\"item\":\"https:\\\/\\\/www.vetorino.com\\\/boutique\\\/\"},{\"@type\":\"ListItem\",\"position\":3,\"name\":\"Weenect XS GPS &#8211; GPS chien\"}]},{\"@type\":\"WebSite\",\"@id\":\"https:\\\/\\\/www.vetorino.com\\\/boutique\\\/#website\",\"url\":\"https:\\\/\\\/www.vetorino.com\\\/boutique\\\/\",\"name\":\"V\u00e9torino\",\"description\":\"\",\"publisher\":{\"@id\":\"https:\\\/\\\/www.vetorino.com\\\/boutique\\\/#organization\"},\"potentialAction\":[{\"@type\":\"SearchAction\",\"target\":{\"@type\":\"EntryPoint\",\"urlTemplate\":\"https:\\\/\\\/www.vetorino.com\\\/boutique\\\/?s={search_term_string}\"},\"query-input\":{\"@type\":\"PropertyValueSpecification\",\"valueRequired\":true,\"valueName\":\"search_term_string\"}}],\"inLanguage\":\"fr-FR\"},{\"@type\":\"Organization\",\"@id\":\"https:\\\/\\\/www.vetorino.com\\\/boutique\\\/#organization\",\"name\":\"V\u00e9torino\",\"url\":\"https:\\\/\\\/www.vetorino.com\\\/boutique\\\/\",\"logo\":{\"@type\":\"ImageObject\",\"inLanguage\":\"fr-FR\",\"@id\":\"https:\\\/\\\/www.vetorino.com\\\/boutique\\\/#\\\/schema\\\/logo\\\/image\\\/\",\"url\":\"https:\\\/\\\/www.vetorino.com\\\/boutique\\\/wp-content\\\/uploads\\\/2024\\\/10\\\/logo.jpg\",\"contentUrl\":\"https:\\\/\\\/www.vetorino.com\\\/boutique\\\/wp-content\\\/uploads\\\/2024\\\/10\\\/logo.jpg\",\"width\":1200,\"height\":610,\"caption\":\"V\u00e9torino\"},\"image\":{\"@id\":\"https:\\\/\\\/www.vetorino.com\\\/boutique\\\/#\\\/schema\\\/logo\\\/image\\\/\"},\"sameAs\":[\"https:\\\/\\\/www.facebook.com\\\/Vetorino\\\/\",\"https:\\\/\\\/www.instagram.com\\\/vetorino_off\\\/\",\"https:\\\/\\\/www.linkedin.com\\\/company\\\/vtorino\\\/\"]}]}<\/script>\n<meta property=\"product:brand\" content=\"Weenect\" \/>\n<meta property=\"product:price:amount\" content=\"59.71\" \/>\n<meta property=\"product:price:currency\" content=\"EUR\" \/>\n<meta property=\"og:availability\" content=\"out of stock\" \/>\n<meta property=\"product:availability\" content=\"out of stock\" \/>\n<meta property=\"product:retailer_item_id\" content=\"A-1149620\" \/>\n<meta property=\"product:condition\" content=\"new\" \/>\n<!-- \/ Yoast SEO plugin. -->","yoast_head_json":{"title":"Weenect XS GPS - GPS chien Weenect - V\u00e9torino","description":"Avec ce traceur GPS Weenect 4G vous allez pouvoir vivre tranquille et mettre en s\u00e9curit\u00e9 votre chien avec le plus l\u00e9ger et le plus petit GPS pour chien au monde. Vous allez m\u00eame pouvoir vous permettre des balade nocturne ou au coucher du soleil avec votre compagnon \u00e0 quatre pattes gr\u00e2ce \u00e0 sa lampe torche int\u00e9gr\u00e9e, id\u00e9al pour les coureurs qui pratique le canicross le soit tard avec leur chien sportif !","robots":{"index":"noindex","follow":"nofollow"},"og_locale":"fr_FR","og_type":"article","og_title":"Weenect XS GPS - GPS chien Weenect - V\u00e9torino","og_description":"Avec ce traceur GPS Weenect 4G vous allez pouvoir vivre tranquille et mettre en s\u00e9curit\u00e9 votre chien avec le plus l\u00e9ger et le plus petit GPS pour chien au monde. Vous allez m\u00eame pouvoir vous permettre des balade nocturne ou au coucher du soleil avec votre compagnon \u00e0 quatre pattes gr\u00e2ce \u00e0 sa lampe torche int\u00e9gr\u00e9e, id\u00e9al pour les coureurs qui pratique le canicross le soit tard avec leur chien sportif !","og_url":"https:\/\/www.vetorino.com\/veterinaire\/beugnies-59216\/boutique\/product\/weenect-xs-gps-tracker-chien\/","og_site_name":"V\u00e9torino","article_publisher":"https:\/\/www.facebook.com\/Vetorino\/","article_modified_time":"2024-01-11T14:17:55+00:00","og_image":[{"width":600,"height":600,"url":"https:\/\/www.vetorino.com\/boutique\/wp-content\/uploads\/2024\/01\/1149620-1.png","type":"image\/png"}],"twitter_card":"summary_large_image","twitter_misc":{"Prix":"59,71&euro;","Disponibilit\u00e9":"Rupture de stock"},"schema":{"@context":"https:\/\/schema.org","@graph":[{"@type":"WebPage","@id":"https:\/\/www.vetorino.com\/boutique\/product\/weenect-xs-gps-tracker-chien\/","url":"https:\/\/www.vetorino.com\/boutique\/product\/weenect-xs-gps-tracker-chien\/","name":"Weenect XS GPS - GPS chien Weenect - V\u00e9torino","isPartOf":{"@id":"https:\/\/www.vetorino.com\/boutique\/#website"},"primaryImageOfPage":{"@id":"https:\/\/www.vetorino.com\/boutique\/product\/weenect-xs-gps-tracker-chien\/#primaryimage"},"image":{"@id":"https:\/\/www.vetorino.com\/boutique\/product\/weenect-xs-gps-tracker-chien\/#primaryimage"},"thumbnailUrl":"https:\/\/www.vetorino.com\/boutique\/wp-content\/uploads\/2024\/01\/1149620-1.png","datePublished":"2024-01-05T16:37:17+00:00","dateModified":"2024-01-11T14:17:55+00:00","description":"Avec ce traceur GPS Weenect 4G vous allez pouvoir vivre tranquille et mettre en s\u00e9curit\u00e9 votre chien avec le plus l\u00e9ger et le plus petit GPS pour chien au monde. Vous allez m\u00eame pouvoir vous permettre des balade nocturne ou au coucher du soleil avec votre compagnon \u00e0 quatre pattes gr\u00e2ce \u00e0 sa lampe torche int\u00e9gr\u00e9e, id\u00e9al pour les coureurs qui pratique le canicross le soit tard avec leur chien sportif !","breadcrumb":{"@id":"https:\/\/www.vetorino.com\/boutique\/product\/weenect-xs-gps-tracker-chien\/#breadcrumb"},"inLanguage":"fr-FR","potentialAction":[{"@type":"ReadAction","target":["https:\/\/www.vetorino.com\/boutique\/product\/weenect-xs-gps-tracker-chien\/"]}]},{"@type":"ImageObject","inLanguage":"fr-FR","@id":"https:\/\/www.vetorino.com\/boutique\/product\/weenect-xs-gps-tracker-chien\/#primaryimage","url":"https:\/\/www.vetorino.com\/boutique\/wp-content\/uploads\/2024\/01\/1149620-1.png","contentUrl":"https:\/\/www.vetorino.com\/boutique\/wp-content\/uploads\/2024\/01\/1149620-1.png","width":600,"height":600},{"@type":"BreadcrumbList","@id":"https:\/\/www.vetorino.com\/boutique\/product\/weenect-xs-gps-tracker-chien\/#breadcrumb","itemListElement":[{"@type":"ListItem","position":1,"name":"Accueil","item":"https:\/\/www.vetorino.com\/boutique\/"},{"@type":"ListItem","position":2,"name":"Produits","item":"https:\/\/www.vetorino.com\/boutique\/"},{"@type":"ListItem","position":3,"name":"Weenect XS GPS &#8211; GPS chien"}]},{"@type":"WebSite","@id":"https:\/\/www.vetorino.com\/boutique\/#website","url":"https:\/\/www.vetorino.com\/boutique\/","name":"V\u00e9torino","description":"","publisher":{"@id":"https:\/\/www.vetorino.com\/boutique\/#organization"},"potentialAction":[{"@type":"SearchAction","target":{"@type":"EntryPoint","urlTemplate":"https:\/\/www.vetorino.com\/boutique\/?s={search_term_string}"},"query-input":{"@type":"PropertyValueSpecification","valueRequired":true,"valueName":"search_term_string"}}],"inLanguage":"fr-FR"},{"@type":"Organization","@id":"https:\/\/www.vetorino.com\/boutique\/#organization","name":"V\u00e9torino","url":"https:\/\/www.vetorino.com\/boutique\/","logo":{"@type":"ImageObject","inLanguage":"fr-FR","@id":"https:\/\/www.vetorino.com\/boutique\/#\/schema\/logo\/image\/","url":"https:\/\/www.vetorino.com\/boutique\/wp-content\/uploads\/2024\/10\/logo.jpg","contentUrl":"https:\/\/www.vetorino.com\/boutique\/wp-content\/uploads\/2024\/10\/logo.jpg","width":1200,"height":610,"caption":"V\u00e9torino"},"image":{"@id":"https:\/\/www.vetorino.com\/boutique\/#\/schema\/logo\/image\/"},"sameAs":["https:\/\/www.facebook.com\/Vetorino\/","https:\/\/www.instagram.com\/vetorino_off\/","https:\/\/www.linkedin.com\/company\/vtorino\/"]}]},"product_brand":"Weenect","product_price_amount":"59.71","product_price_currency":"EUR","og_availability":"out of stock","product_availability":"out of stock","product_retailer_item_id":"A-1149620","product_condition":"new"},"_links":{"self":[{"href":"https:\/\/www.vetorino.com\/veterinaire\/beugnies-59216\/boutique\/wp-json\/wp\/v2\/product\/796384","targetHints":{"allow":["GET"]}}],"collection":[{"href":"https:\/\/www.vetorino.com\/veterinaire\/beugnies-59216\/boutique\/wp-json\/wp\/v2\/product"}],"about":[{"href":"https:\/\/www.vetorino.com\/veterinaire\/beugnies-59216\/boutique\/wp-json\/wp\/v2\/types\/product"}],"wp:featuredmedia":[{"embeddable":true,"href":"https:\/\/www.vetorino.com\/veterinaire\/beugnies-59216\/boutique\/wp-json\/wp\/v2\/media\/802378"}],"wp:attachment":[{"href":"https:\/\/www.vetorino.com\/veterinaire\/beugnies-59216\/boutique\/wp-json\/wp\/v2\/media?parent=796384"}],"wp:term":[{"taxonomy":"product_cat","embeddable":true,"href":"https:\/\/www.vetorino.com\/veterinaire\/beugnies-59216\/boutique\/wp-json\/wp\/v2\/product_cat?post=796384"},{"taxonomy":"product_tag","embeddable":true,"href":"https:\/\/www.vetorino.com\/veterinaire\/beugnies-59216\/boutique\/wp-json\/wp\/v2\/product_tag?post=796384"}],"curies":[{"name":"wp","href":"https:\/\/api.w.org\/{rel}","templated":true}]}}