{"id":834072,"date":"2024-02-11T05:35:07","date_gmt":"2024-02-11T04:35:07","guid":{"rendered":"https:\/\/www.vetorino.com\/boutique\/product\/cat-gastro-intestinal-kitten-mousse\/"},"modified":"2025-10-29T15:57:48","modified_gmt":"2025-10-29T14:57:48","slug":"cat-gastro-intestinal-kitten-mousse","status":"publish","type":"product","link":"https:\/\/www.vetorino.com\/veterinaire\/beugnies-59216\/boutique\/product\/cat-gastro-intestinal-kitten-mousse\/","title":{"rendered":"Cat Gastro Intestinal Kitten"},"content":{"rendered":"<section class=\"elementor-element elementor-element-emokaou elementor-section-boxed elementor-section-height-default elementor-section-height-default elementor-section elementor-top-section\" data-id=\"emokaou\" data-element_type=\"section\">\n<div class=\"elementor-container elementor-column-gap-no\">\n<div class=\"elementor-row\">\n<div class=\"elementor-element elementor-element-qsvmcou elementor-column elementor-col-100 elementor-top-column\" data-id=\"qsvmcou\" data-element_type=\"column\">\n<div class=\"elementor-column-wrap elementor-element-populated\">\n<div class=\"elementor-widget-wrap\">\n<div class=\"elementor-element elementor-element-qtyburs elementor-widget elementor-widget-text-editor\" data-id=\"qtyburs\" data-element_type=\"text-editor.default\">\n<div class=\"elementor-widget-container\">\n<div class=\"elementor-text-editor elementor-clearfix\">\n<p><strong>Les Bo\u00eetes Royal Canin Cat Gastro Intestinal Kitten sont con\u00e7ues pour offrir une nutrition di\u00e9t\u00e9tique compl\u00e8te pour les chatons ayant des probl\u00e8mes digestifs.<\/strong><\/p>\n<p><strong>Les bienfaits des mousses Cat Gastro Intestinal pour chaton :<\/strong><\/p>\n<ul>\n<li>Formule humide hautement digestible gr\u00e2ce \u00e0 sa teneur \u00e9quilibr\u00e9e en fibres et pr\u00e9biotiques. Conserve le syst\u00e8me digestif et prot\u00e8ge le transit intestinal du chaton.<\/li>\n<li>La texture en mousse permet d\u2019inciter le chaton \u00e0 se nourrir et facilite la transition du lait maternel vers une formule solide.<\/li>\n<li>Assure l\u2019apport \u00e9nerg\u00e9tique avec une teneur adapt\u00e9e en nutriments, des prot\u00e9ines et du calcium.<\/li>\n<\/ul>\n<p>Pour profiter des avantages de la bi nutrition chez le chat<strong>\u00a0<\/strong>vous pouvez combiner cette formule humide avec<strong>\u00a0les croquettes Cat Gastro Intestinal Kitten<\/strong>.<\/p>\n<p>Le plus : Le logo S\/O Index garantit que l\u2019aliment assure un milieu urinaire d\u00e9favorable \u00e0 la formation de calculs v\u00e9sicaux.<\/p>\n<p><strong>Cet aliment est destin\u00e9 \u00e0 la prise en charge nutritionnelle\u00a0des probl\u00e8mes digestifs\u00a0chez les chatons. Veuillez consulter votre v\u00e9t\u00e9rinaire avant utilisation.<\/strong><\/p>\n<\/div>\n<\/div>\n<\/div>\n<\/div>\n<\/div>\n<\/div>\n<\/div>\n<\/div>\n<\/section>\n","protected":false},"excerpt":{"rendered":"<p><strong>Aliment di\u00e9t\u00e9tique complet pour la gestion des troubles gastro-intestinaux du\u00a0chaton.<\/strong><\/p>\n<p><strong>Utilisation :<\/strong><\/p>\n<ul>\n<li>Chaton de la naissance \u00e0 l&#8217;\u00e2ge adulte<\/li>\n<li>Chatte en gestation, lactation<\/li>\n<li>Diarrh\u00e9e aigu\u00eb et chronique (dont diarrh\u00e9e de sevrage), Gastrite, Maladie Inflammatoire Chronique Intestinale (MICI), ent\u00e9ropathie chronique, Colite, Prolif\u00e9ration bact\u00e9rienne, dysbiose intestinale, Maldigestion, malabsorption, Dysorexie, r\u00e9alimentation post-op\u00e9ratoire<\/li>\n<\/ul>\n<p><strong>Cet aliment est destin\u00e9 \u00e0 la prise en charge nutritionnelle d\u2019une maladie. Pour la sant\u00e9 de votre animal, il est recommand\u00e9 de consulter votre v\u00e9t\u00e9rinaire et de respecter scrupuleusement ses recommandations nutritionnelles.<\/strong><\/p>\n","protected":false},"featured_media":1197430,"template":"","meta":[],"product_cat":[12551,12581,2697],"product_tag":[],"class_list":{"0":"post-834072","1":"product","2":"type-product","3":"status-publish","4":"has-post-thumbnail","6":"product_cat-alimentation-du-chat","7":"product_cat-alimentation-medicalisee-pour-chat","8":"product_cat-chat","9":"pa_marque-royal-canin","11":"first","12":"instock","13":"taxable","14":"shipping-taxable","15":"purchasable","16":"product-type-variable"},"yoast_head":"<!-- This site is optimized with the Yoast SEO plugin v27.3 - https:\/\/yoast.com\/product\/yoast-seo-wordpress\/ -->\n<title>Veterinary Health Nutrition (Royal Canin) Cat Gastro Intestinal Kitten Royal Canin - V\u00e9torino<\/title>\n<meta name=\"description\" content=\"Aliment di\u00e9t\u00e9tique complet pour la gestion des troubles gastro-intestinaux du\u00a0chaton.  Utilisation :   Chaton de la naissance \u00e0 l&#039;\u00e2ge adulte  Chatte en gestation, lactation  Diarrh\u00e9e aigu\u00eb et chronique (dont diarrh\u00e9e de sevrage), Gastrite, Maladie Inflammatoire Chronique Intestinale (MICI), ent\u00e9ropathie chronique, Colite, Prolif\u00e9ration bact\u00e9rienne, dysbiose intestinale, Maldigestion, malabsorption, Dysorexie, r\u00e9alimentation post-op\u00e9ratoire  Cet aliment est destin\u00e9 \u00e0 la prise en charge nutritionnelle d\u2019une maladie. Pour la sant\u00e9 de votre animal, il est recommand\u00e9 de consulter votre v\u00e9t\u00e9rinaire et de respecter scrupuleusement ses recommandations nutritionnelles.\" \/>\n<meta name=\"robots\" content=\"noindex, nofollow\" \/>\n<meta property=\"og:locale\" content=\"fr_FR\" \/>\n<meta property=\"og:type\" content=\"article\" \/>\n<meta property=\"og:title\" content=\"Veterinary Health Nutrition (Royal Canin) Cat Gastro Intestinal Kitten Royal Canin - V\u00e9torino\" \/>\n<meta property=\"og:description\" content=\"Aliment di\u00e9t\u00e9tique complet pour la gestion des troubles gastro-intestinaux du\u00a0chaton.  Utilisation :   Chaton de la naissance \u00e0 l&#039;\u00e2ge adulte  Chatte en gestation, lactation  Diarrh\u00e9e aigu\u00eb et chronique (dont diarrh\u00e9e de sevrage), Gastrite, Maladie Inflammatoire Chronique Intestinale (MICI), ent\u00e9ropathie chronique, Colite, Prolif\u00e9ration bact\u00e9rienne, dysbiose intestinale, Maldigestion, malabsorption, Dysorexie, r\u00e9alimentation post-op\u00e9ratoire  Cet aliment est destin\u00e9 \u00e0 la prise en charge nutritionnelle d\u2019une maladie. Pour la sant\u00e9 de votre animal, il est recommand\u00e9 de consulter votre v\u00e9t\u00e9rinaire et de respecter scrupuleusement ses recommandations nutritionnelles.\" \/>\n<meta property=\"og:url\" content=\"https:\/\/www.vetorino.com\/veterinaire\/beugnies-59216\/boutique\/product\/cat-gastro-intestinal-kitten-mousse\/\" \/>\n<meta property=\"og:site_name\" content=\"V\u00e9torino\" \/>\n<meta property=\"article:publisher\" content=\"https:\/\/www.facebook.com\/Vetorino\/\" \/>\n<meta property=\"article:modified_time\" content=\"2025-10-29T14:57:48+00:00\" \/>\n<meta property=\"og:image\" content=\"https:\/\/www.vetorino.com\/boutique\/wp-content\/uploads\/2024\/02\/cat-gastro-intestinal-kitten.webp\" \/>\n\t<meta property=\"og:image:width\" content=\"458\" \/>\n\t<meta property=\"og:image:height\" content=\"458\" \/>\n\t<meta property=\"og:image:type\" content=\"image\/webp\" \/>\n<meta name=\"twitter:card\" content=\"summary_large_image\" \/>\n<meta name=\"twitter:label1\" content=\"Disponibilit\u00e9\" \/>\n\t<meta name=\"twitter:data1\" content=\"En stock\" \/>\n<script type=\"application\/ld+json\" class=\"yoast-schema-graph\">{\"@context\":\"https:\\\/\\\/schema.org\",\"@graph\":[{\"@type\":\"WebPage\",\"@id\":\"https:\\\/\\\/www.vetorino.com\\\/veterinaire\\\/briancon-05100\\\/boutique\\\/product\\\/cat-gastro-intestinal-kitten-mousse\\\/\",\"url\":\"https:\\\/\\\/www.vetorino.com\\\/veterinaire\\\/briancon-05100\\\/boutique\\\/product\\\/cat-gastro-intestinal-kitten-mousse\\\/\",\"name\":\"Veterinary Health Nutrition (Royal Canin) Cat Gastro Intestinal Kitten Royal Canin - V\u00e9torino\",\"isPartOf\":{\"@id\":\"https:\\\/\\\/www.vetorino.com\\\/boutique\\\/#website\"},\"primaryImageOfPage\":{\"@id\":\"https:\\\/\\\/www.vetorino.com\\\/veterinaire\\\/briancon-05100\\\/boutique\\\/product\\\/cat-gastro-intestinal-kitten-mousse\\\/#primaryimage\"},\"image\":{\"@id\":\"https:\\\/\\\/www.vetorino.com\\\/veterinaire\\\/briancon-05100\\\/boutique\\\/product\\\/cat-gastro-intestinal-kitten-mousse\\\/#primaryimage\"},\"thumbnailUrl\":\"https:\\\/\\\/www.vetorino.com\\\/boutique\\\/wp-content\\\/uploads\\\/2024\\\/02\\\/cat-gastro-intestinal-kitten.webp\",\"datePublished\":\"2024-02-11T04:35:07+00:00\",\"dateModified\":\"2025-10-29T14:57:48+00:00\",\"description\":\"Aliment di\u00e9t\u00e9tique complet pour la gestion des troubles gastro-intestinaux du\u00a0chaton. Utilisation : Chaton de la naissance \u00e0 l'\u00e2ge adulte Chatte en gestation, lactation Diarrh\u00e9e aigu\u00eb et chronique (dont diarrh\u00e9e de sevrage), Gastrite, Maladie Inflammatoire Chronique Intestinale (MICI), ent\u00e9ropathie chronique, Colite, Prolif\u00e9ration bact\u00e9rienne, dysbiose intestinale, Maldigestion, malabsorption, Dysorexie, r\u00e9alimentation post-op\u00e9ratoire Cet aliment est destin\u00e9 \u00e0 la prise en charge nutritionnelle d\u2019une maladie. Pour la sant\u00e9 de votre animal, il est recommand\u00e9 de consulter votre v\u00e9t\u00e9rinaire et de respecter scrupuleusement ses recommandations nutritionnelles.\",\"breadcrumb\":{\"@id\":\"https:\\\/\\\/www.vetorino.com\\\/veterinaire\\\/briancon-05100\\\/boutique\\\/product\\\/cat-gastro-intestinal-kitten-mousse\\\/#breadcrumb\"},\"inLanguage\":\"fr-FR\",\"potentialAction\":[{\"@type\":\"ReadAction\",\"target\":[\"https:\\\/\\\/www.vetorino.com\\\/veterinaire\\\/briancon-05100\\\/boutique\\\/product\\\/cat-gastro-intestinal-kitten-mousse\\\/\"]}]},{\"@type\":\"ImageObject\",\"inLanguage\":\"fr-FR\",\"@id\":\"https:\\\/\\\/www.vetorino.com\\\/veterinaire\\\/briancon-05100\\\/boutique\\\/product\\\/cat-gastro-intestinal-kitten-mousse\\\/#primaryimage\",\"url\":\"https:\\\/\\\/www.vetorino.com\\\/boutique\\\/wp-content\\\/uploads\\\/2024\\\/02\\\/cat-gastro-intestinal-kitten.webp\",\"contentUrl\":\"https:\\\/\\\/www.vetorino.com\\\/boutique\\\/wp-content\\\/uploads\\\/2024\\\/02\\\/cat-gastro-intestinal-kitten.webp\",\"width\":458,\"height\":458},{\"@type\":\"BreadcrumbList\",\"@id\":\"https:\\\/\\\/www.vetorino.com\\\/veterinaire\\\/briancon-05100\\\/boutique\\\/product\\\/cat-gastro-intestinal-kitten-mousse\\\/#breadcrumb\",\"itemListElement\":[{\"@type\":\"ListItem\",\"position\":1,\"name\":\"Accueil\",\"item\":\"https:\\\/\\\/www.vetorino.com\\\/boutique\\\/\"},{\"@type\":\"ListItem\",\"position\":2,\"name\":\"Produits\",\"item\":\"https:\\\/\\\/www.vetorino.com\\\/boutique\\\/\"},{\"@type\":\"ListItem\",\"position\":3,\"name\":\"Cat Gastro Intestinal Kitten\"}]},{\"@type\":\"WebSite\",\"@id\":\"https:\\\/\\\/www.vetorino.com\\\/boutique\\\/#website\",\"url\":\"https:\\\/\\\/www.vetorino.com\\\/boutique\\\/\",\"name\":\"V\u00e9torino\",\"description\":\"\",\"publisher\":{\"@id\":\"https:\\\/\\\/www.vetorino.com\\\/boutique\\\/#organization\"},\"potentialAction\":[{\"@type\":\"SearchAction\",\"target\":{\"@type\":\"EntryPoint\",\"urlTemplate\":\"https:\\\/\\\/www.vetorino.com\\\/boutique\\\/?s={search_term_string}\"},\"query-input\":{\"@type\":\"PropertyValueSpecification\",\"valueRequired\":true,\"valueName\":\"search_term_string\"}}],\"inLanguage\":\"fr-FR\"},{\"@type\":\"Organization\",\"@id\":\"https:\\\/\\\/www.vetorino.com\\\/boutique\\\/#organization\",\"name\":\"V\u00e9torino\",\"url\":\"https:\\\/\\\/www.vetorino.com\\\/boutique\\\/\",\"logo\":{\"@type\":\"ImageObject\",\"inLanguage\":\"fr-FR\",\"@id\":\"https:\\\/\\\/www.vetorino.com\\\/boutique\\\/#\\\/schema\\\/logo\\\/image\\\/\",\"url\":\"https:\\\/\\\/www.vetorino.com\\\/boutique\\\/wp-content\\\/uploads\\\/2024\\\/10\\\/logo.jpg\",\"contentUrl\":\"https:\\\/\\\/www.vetorino.com\\\/boutique\\\/wp-content\\\/uploads\\\/2024\\\/10\\\/logo.jpg\",\"width\":1200,\"height\":610,\"caption\":\"V\u00e9torino\"},\"image\":{\"@id\":\"https:\\\/\\\/www.vetorino.com\\\/boutique\\\/#\\\/schema\\\/logo\\\/image\\\/\"},\"sameAs\":[\"https:\\\/\\\/www.facebook.com\\\/Vetorino\\\/\",\"https:\\\/\\\/www.instagram.com\\\/vetorino_off\\\/\",\"https:\\\/\\\/www.linkedin.com\\\/company\\\/vtorino\\\/\"]}]}<\/script>\n<meta property=\"product:brand\" content=\"Royal Canin\" \/>\n<meta property=\"og:availability\" content=\"instock\" \/>\n<meta property=\"product:availability\" content=\"instock\" \/>\n<meta property=\"product:condition\" content=\"new\" \/>\n<!-- \/ Yoast SEO plugin. -->","yoast_head_json":{"title":"Veterinary Health Nutrition (Royal Canin) Cat Gastro Intestinal Kitten Royal Canin - V\u00e9torino","description":"Aliment di\u00e9t\u00e9tique complet pour la gestion des troubles gastro-intestinaux du\u00a0chaton.  Utilisation :   Chaton de la naissance \u00e0 l'\u00e2ge adulte  Chatte en gestation, lactation  Diarrh\u00e9e aigu\u00eb et chronique (dont diarrh\u00e9e de sevrage), Gastrite, Maladie Inflammatoire Chronique Intestinale (MICI), ent\u00e9ropathie chronique, Colite, Prolif\u00e9ration bact\u00e9rienne, dysbiose intestinale, Maldigestion, malabsorption, Dysorexie, r\u00e9alimentation post-op\u00e9ratoire  Cet aliment est destin\u00e9 \u00e0 la prise en charge nutritionnelle d\u2019une maladie. Pour la sant\u00e9 de votre animal, il est recommand\u00e9 de consulter votre v\u00e9t\u00e9rinaire et de respecter scrupuleusement ses recommandations nutritionnelles.","robots":{"index":"noindex","follow":"nofollow"},"og_locale":"fr_FR","og_type":"article","og_title":"Veterinary Health Nutrition (Royal Canin) Cat Gastro Intestinal Kitten Royal Canin - V\u00e9torino","og_description":"Aliment di\u00e9t\u00e9tique complet pour la gestion des troubles gastro-intestinaux du\u00a0chaton.  Utilisation :   Chaton de la naissance \u00e0 l'\u00e2ge adulte  Chatte en gestation, lactation  Diarrh\u00e9e aigu\u00eb et chronique (dont diarrh\u00e9e de sevrage), Gastrite, Maladie Inflammatoire Chronique Intestinale (MICI), ent\u00e9ropathie chronique, Colite, Prolif\u00e9ration bact\u00e9rienne, dysbiose intestinale, Maldigestion, malabsorption, Dysorexie, r\u00e9alimentation post-op\u00e9ratoire  Cet aliment est destin\u00e9 \u00e0 la prise en charge nutritionnelle d\u2019une maladie. Pour la sant\u00e9 de votre animal, il est recommand\u00e9 de consulter votre v\u00e9t\u00e9rinaire et de respecter scrupuleusement ses recommandations nutritionnelles.","og_url":"https:\/\/www.vetorino.com\/veterinaire\/beugnies-59216\/boutique\/product\/cat-gastro-intestinal-kitten-mousse\/","og_site_name":"V\u00e9torino","article_publisher":"https:\/\/www.facebook.com\/Vetorino\/","article_modified_time":"2025-10-29T14:57:48+00:00","og_image":[{"width":458,"height":458,"url":"https:\/\/www.vetorino.com\/boutique\/wp-content\/uploads\/2024\/02\/cat-gastro-intestinal-kitten.webp","type":"image\/webp"}],"twitter_card":"summary_large_image","twitter_misc":{"Disponibilit\u00e9":"En stock"},"schema":{"@context":"https:\/\/schema.org","@graph":[{"@type":"WebPage","@id":"https:\/\/www.vetorino.com\/veterinaire\/briancon-05100\/boutique\/product\/cat-gastro-intestinal-kitten-mousse\/","url":"https:\/\/www.vetorino.com\/veterinaire\/briancon-05100\/boutique\/product\/cat-gastro-intestinal-kitten-mousse\/","name":"Veterinary Health Nutrition (Royal Canin) Cat Gastro Intestinal Kitten Royal Canin - V\u00e9torino","isPartOf":{"@id":"https:\/\/www.vetorino.com\/boutique\/#website"},"primaryImageOfPage":{"@id":"https:\/\/www.vetorino.com\/veterinaire\/briancon-05100\/boutique\/product\/cat-gastro-intestinal-kitten-mousse\/#primaryimage"},"image":{"@id":"https:\/\/www.vetorino.com\/veterinaire\/briancon-05100\/boutique\/product\/cat-gastro-intestinal-kitten-mousse\/#primaryimage"},"thumbnailUrl":"https:\/\/www.vetorino.com\/boutique\/wp-content\/uploads\/2024\/02\/cat-gastro-intestinal-kitten.webp","datePublished":"2024-02-11T04:35:07+00:00","dateModified":"2025-10-29T14:57:48+00:00","description":"Aliment di\u00e9t\u00e9tique complet pour la gestion des troubles gastro-intestinaux du\u00a0chaton. Utilisation : Chaton de la naissance \u00e0 l'\u00e2ge adulte Chatte en gestation, lactation Diarrh\u00e9e aigu\u00eb et chronique (dont diarrh\u00e9e de sevrage), Gastrite, Maladie Inflammatoire Chronique Intestinale (MICI), ent\u00e9ropathie chronique, Colite, Prolif\u00e9ration bact\u00e9rienne, dysbiose intestinale, Maldigestion, malabsorption, Dysorexie, r\u00e9alimentation post-op\u00e9ratoire Cet aliment est destin\u00e9 \u00e0 la prise en charge nutritionnelle d\u2019une maladie. Pour la sant\u00e9 de votre animal, il est recommand\u00e9 de consulter votre v\u00e9t\u00e9rinaire et de respecter scrupuleusement ses recommandations nutritionnelles.","breadcrumb":{"@id":"https:\/\/www.vetorino.com\/veterinaire\/briancon-05100\/boutique\/product\/cat-gastro-intestinal-kitten-mousse\/#breadcrumb"},"inLanguage":"fr-FR","potentialAction":[{"@type":"ReadAction","target":["https:\/\/www.vetorino.com\/veterinaire\/briancon-05100\/boutique\/product\/cat-gastro-intestinal-kitten-mousse\/"]}]},{"@type":"ImageObject","inLanguage":"fr-FR","@id":"https:\/\/www.vetorino.com\/veterinaire\/briancon-05100\/boutique\/product\/cat-gastro-intestinal-kitten-mousse\/#primaryimage","url":"https:\/\/www.vetorino.com\/boutique\/wp-content\/uploads\/2024\/02\/cat-gastro-intestinal-kitten.webp","contentUrl":"https:\/\/www.vetorino.com\/boutique\/wp-content\/uploads\/2024\/02\/cat-gastro-intestinal-kitten.webp","width":458,"height":458},{"@type":"BreadcrumbList","@id":"https:\/\/www.vetorino.com\/veterinaire\/briancon-05100\/boutique\/product\/cat-gastro-intestinal-kitten-mousse\/#breadcrumb","itemListElement":[{"@type":"ListItem","position":1,"name":"Accueil","item":"https:\/\/www.vetorino.com\/boutique\/"},{"@type":"ListItem","position":2,"name":"Produits","item":"https:\/\/www.vetorino.com\/boutique\/"},{"@type":"ListItem","position":3,"name":"Cat Gastro Intestinal Kitten"}]},{"@type":"WebSite","@id":"https:\/\/www.vetorino.com\/boutique\/#website","url":"https:\/\/www.vetorino.com\/boutique\/","name":"V\u00e9torino","description":"","publisher":{"@id":"https:\/\/www.vetorino.com\/boutique\/#organization"},"potentialAction":[{"@type":"SearchAction","target":{"@type":"EntryPoint","urlTemplate":"https:\/\/www.vetorino.com\/boutique\/?s={search_term_string}"},"query-input":{"@type":"PropertyValueSpecification","valueRequired":true,"valueName":"search_term_string"}}],"inLanguage":"fr-FR"},{"@type":"Organization","@id":"https:\/\/www.vetorino.com\/boutique\/#organization","name":"V\u00e9torino","url":"https:\/\/www.vetorino.com\/boutique\/","logo":{"@type":"ImageObject","inLanguage":"fr-FR","@id":"https:\/\/www.vetorino.com\/boutique\/#\/schema\/logo\/image\/","url":"https:\/\/www.vetorino.com\/boutique\/wp-content\/uploads\/2024\/10\/logo.jpg","contentUrl":"https:\/\/www.vetorino.com\/boutique\/wp-content\/uploads\/2024\/10\/logo.jpg","width":1200,"height":610,"caption":"V\u00e9torino"},"image":{"@id":"https:\/\/www.vetorino.com\/boutique\/#\/schema\/logo\/image\/"},"sameAs":["https:\/\/www.facebook.com\/Vetorino\/","https:\/\/www.instagram.com\/vetorino_off\/","https:\/\/www.linkedin.com\/company\/vtorino\/"]}]},"product_brand":"Royal Canin","og_availability":"instock","product_availability":"instock","product_condition":"new"},"_links":{"self":[{"href":"https:\/\/www.vetorino.com\/veterinaire\/beugnies-59216\/boutique\/wp-json\/wp\/v2\/product\/834072","targetHints":{"allow":["GET"]}}],"collection":[{"href":"https:\/\/www.vetorino.com\/veterinaire\/beugnies-59216\/boutique\/wp-json\/wp\/v2\/product"}],"about":[{"href":"https:\/\/www.vetorino.com\/veterinaire\/beugnies-59216\/boutique\/wp-json\/wp\/v2\/types\/product"}],"wp:featuredmedia":[{"embeddable":true,"href":"https:\/\/www.vetorino.com\/veterinaire\/beugnies-59216\/boutique\/wp-json\/wp\/v2\/media\/1197430"}],"wp:attachment":[{"href":"https:\/\/www.vetorino.com\/veterinaire\/beugnies-59216\/boutique\/wp-json\/wp\/v2\/media?parent=834072"}],"wp:term":[{"taxonomy":"product_cat","embeddable":true,"href":"https:\/\/www.vetorino.com\/veterinaire\/beugnies-59216\/boutique\/wp-json\/wp\/v2\/product_cat?post=834072"},{"taxonomy":"product_tag","embeddable":true,"href":"https:\/\/www.vetorino.com\/veterinaire\/beugnies-59216\/boutique\/wp-json\/wp\/v2\/product_tag?post=834072"}],"curies":[{"name":"wp","href":"https:\/\/api.w.org\/{rel}","templated":true}]}}