{"id":958375,"date":"2024-06-27T16:20:30","date_gmt":"2024-06-27T14:20:30","guid":{"rendered":"https:\/\/www.vetorino.com\/boutique\/product\/stomaferin-ultra-2\/"},"modified":"2026-02-11T11:48:51","modified_gmt":"2026-02-11T10:48:51","slug":"stomaferin-ultra-2","status":"publish","type":"product","link":"https:\/\/www.vetorino.com\/veterinaire\/beugnies-59216\/boutique\/product\/stomaferin-ultra-2\/","title":{"rendered":"Stomaferin Ultra &#8211; chien, chat"},"content":{"rendered":"<p>Le spray Stomaferin Ultra est un <strong>gel assainissant et protecteur des muqueuses.<\/strong><\/p>\n<p><strong>B\u00e9n\u00e9fices<\/strong><\/p>\n<ul>\n<li>Protection contre l\u2019adh\u00e9sion des bact\u00e9ries \u00e0 la surface des dents et contr\u00f4le de leur multiplication.<\/li>\n<li>Ralentissement du d\u00e9p\u00f4t de plaque dentaire et du tartre apr\u00e8s son \u00e9limination m\u00e9canique.<\/li>\n<li>Maintien du microbiote buccal normal.<\/li>\n<li>Elimination des odeurs buccales d\u00e9sagr\u00e9ables.<\/li>\n<li>Participe \u00e0 la pr\u00e9servation de l&#8217;int\u00e9grit\u00e9 des muqueuses.<\/li>\n<\/ul>\n<p><strong>Utilisation<\/strong><\/p>\n<p>Agiter avant emploi. Appliquer <strong>Stomaferrin Ultra<\/strong> dans l&#8217;angle de la machoire (entre joue et gencive) ou directement sur la gencive, en maintenant l&#8217;applicateur \u00e0 une distance de 1 \u00e0 2 cm de la muqueuse buccale. Une pression sur la pompe d\u00e9livre une dose de 0,2 ml de la pr\u00e9paration.<\/p>\n<ul>\n<li>Chat et chien : 1 dose de chaque c\u00f4t\u00e9 de la bouche, 1 \u00e0 2 fois par jour.<\/li>\n<li>Petit mammif\u00e8re : 1 dose 2 fois par jour.<\/li>\n<\/ul>\n<p>Ne pas appliquer plus d\u2019une pression au m\u00eame endroit. Il est d\u00e9conseill\u00e9 d\u2019utiliser <strong>Stomaferin Ultra<\/strong> sur des l\u00e9sions r\u00e9centes avec saignements ou chez les animaux pr\u00e9sentant une hypersensibilit\u00e9 \u00e0 la chlorhexidine.<\/p>\n","protected":false},"excerpt":{"rendered":"<p>Le spray Stomaferin Ultra est un <strong>gel assainissant et protecteur des muqueuses.\u00a0<\/strong><\/p>\n<p>Le spray\u00a0 est un soutien complet et pratique pour <strong>maintenir la sant\u00e9 bucco-dentaire des chiens ou des chats. <\/strong><\/p>\n<p>C\u2019est une aide \u00e0 la d\u00e9sinfection de la cavit\u00e9 buccale et \u00e0 la stimulation de la r\u00e9ponse immunitaire locale.<\/p>\n<p>Le produit offre une<strong> action bidirectionnelle<\/strong>, gr\u00e2ce \u00e0 sa combinaison unique de deux principes actifs : la chlorhexidine et la lactoferrine.<\/p>\n","protected":false},"featured_media":1698022,"template":"","meta":[],"product_cat":[2697,2698,12609,12610,12560,12561],"product_tag":[],"class_list":{"0":"post-958375","1":"product","2":"type-product","3":"status-publish","4":"has-post-thumbnail","6":"product_cat-chat","7":"product_cat-chien","8":"product_cat-hygiene-bucco-dentaire-du-chat","9":"product_cat-hygiene-bucco-dentaire-du-chien","10":"product_cat-hygiene-du-chat","11":"product_cat-hygiene-du-chien","12":"pa_marque-vetexpert","14":"first","15":"instock","16":"taxable","17":"shipping-taxable","18":"purchasable","19":"product-type-simple"},"yoast_head":"<!-- This site is optimized with the Yoast SEO plugin v27.3 - https:\/\/yoast.com\/product\/yoast-seo-wordpress\/ -->\n<title>Stomaferin Ultra - chien, chat Vetexpert - V\u00e9torino<\/title>\n<meta name=\"description\" content=\"Le spray Stomaferin Ultra est un gel assainissant et protecteur des muqueuses.\u00a0  Le spray\u00a0 est un soutien complet et pratique pour maintenir la sant\u00e9 bucco-dentaire des chiens ou des chats.   C\u2019est une aide \u00e0 la d\u00e9sinfection de la cavit\u00e9 buccale et \u00e0 la stimulation de la r\u00e9ponse immunitaire locale.  Le produit offre une action bidirectionnelle, gr\u00e2ce \u00e0 sa combinaison unique de deux principes actifs : la chlorhexidine et la lactoferrine.\" \/>\n<meta name=\"robots\" content=\"noindex, nofollow\" \/>\n<meta property=\"og:locale\" content=\"fr_FR\" \/>\n<meta property=\"og:type\" content=\"article\" \/>\n<meta property=\"og:title\" content=\"Stomaferin Ultra - chien, chat Vetexpert - V\u00e9torino\" \/>\n<meta property=\"og:description\" content=\"Le spray Stomaferin Ultra est un gel assainissant et protecteur des muqueuses.\u00a0  Le spray\u00a0 est un soutien complet et pratique pour maintenir la sant\u00e9 bucco-dentaire des chiens ou des chats.   C\u2019est une aide \u00e0 la d\u00e9sinfection de la cavit\u00e9 buccale et \u00e0 la stimulation de la r\u00e9ponse immunitaire locale.  Le produit offre une action bidirectionnelle, gr\u00e2ce \u00e0 sa combinaison unique de deux principes actifs : la chlorhexidine et la lactoferrine.\" \/>\n<meta property=\"og:url\" content=\"https:\/\/www.vetorino.com\/veterinaire\/beugnies-59216\/boutique\/product\/stomaferin-ultra-2\/\" \/>\n<meta property=\"og:site_name\" content=\"V\u00e9torino\" \/>\n<meta property=\"article:publisher\" content=\"https:\/\/www.facebook.com\/Vetorino\/\" \/>\n<meta property=\"article:modified_time\" content=\"2026-02-11T10:48:51+00:00\" \/>\n<meta property=\"og:image\" content=\"https:\/\/www.vetorino.com\/boutique\/wp-content\/uploads\/2024\/06\/stomaferin-ultra.webp\" \/>\n\t<meta property=\"og:image:width\" content=\"800\" \/>\n\t<meta property=\"og:image:height\" content=\"800\" \/>\n\t<meta property=\"og:image:type\" content=\"image\/webp\" \/>\n<meta name=\"twitter:card\" content=\"summary_large_image\" \/>\n<meta name=\"twitter:label1\" content=\"Prix\" \/>\n\t<meta name=\"twitter:data1\" content=\"27,58&euro;\" \/>\n\t<meta name=\"twitter:label2\" content=\"Disponibilit\u00e9\" \/>\n\t<meta name=\"twitter:data2\" content=\"En stock\" \/>\n<script type=\"application\/ld+json\" class=\"yoast-schema-graph\">{\"@context\":\"https:\\\/\\\/schema.org\",\"@graph\":[{\"@type\":\"WebPage\",\"@id\":\"https:\\\/\\\/www.vetorino.com\\\/boutique\\\/product\\\/stomaferin-ultra-2\\\/\",\"url\":\"https:\\\/\\\/www.vetorino.com\\\/boutique\\\/product\\\/stomaferin-ultra-2\\\/\",\"name\":\"Stomaferin Ultra - chien, chat Vetexpert - V\u00e9torino\",\"isPartOf\":{\"@id\":\"https:\\\/\\\/www.vetorino.com\\\/boutique\\\/#website\"},\"primaryImageOfPage\":{\"@id\":\"https:\\\/\\\/www.vetorino.com\\\/boutique\\\/product\\\/stomaferin-ultra-2\\\/#primaryimage\"},\"image\":{\"@id\":\"https:\\\/\\\/www.vetorino.com\\\/boutique\\\/product\\\/stomaferin-ultra-2\\\/#primaryimage\"},\"thumbnailUrl\":\"https:\\\/\\\/www.vetorino.com\\\/boutique\\\/wp-content\\\/uploads\\\/2024\\\/06\\\/stomaferin-ultra.webp\",\"datePublished\":\"2024-06-27T14:20:30+00:00\",\"dateModified\":\"2026-02-11T10:48:51+00:00\",\"description\":\"Le spray Stomaferin Ultra est un gel assainissant et protecteur des muqueuses.\u00a0 Le spray\u00a0 est un soutien complet et pratique pour maintenir la sant\u00e9 bucco-dentaire des chiens ou des chats. C\u2019est une aide \u00e0 la d\u00e9sinfection de la cavit\u00e9 buccale et \u00e0 la stimulation de la r\u00e9ponse immunitaire locale. Le produit offre une action bidirectionnelle, gr\u00e2ce \u00e0 sa combinaison unique de deux principes actifs : la chlorhexidine et la lactoferrine.\",\"breadcrumb\":{\"@id\":\"https:\\\/\\\/www.vetorino.com\\\/boutique\\\/product\\\/stomaferin-ultra-2\\\/#breadcrumb\"},\"inLanguage\":\"fr-FR\",\"potentialAction\":[{\"@type\":\"ReadAction\",\"target\":[\"https:\\\/\\\/www.vetorino.com\\\/boutique\\\/product\\\/stomaferin-ultra-2\\\/\"]}]},{\"@type\":\"ImageObject\",\"inLanguage\":\"fr-FR\",\"@id\":\"https:\\\/\\\/www.vetorino.com\\\/boutique\\\/product\\\/stomaferin-ultra-2\\\/#primaryimage\",\"url\":\"https:\\\/\\\/www.vetorino.com\\\/boutique\\\/wp-content\\\/uploads\\\/2024\\\/06\\\/stomaferin-ultra.webp\",\"contentUrl\":\"https:\\\/\\\/www.vetorino.com\\\/boutique\\\/wp-content\\\/uploads\\\/2024\\\/06\\\/stomaferin-ultra.webp\",\"width\":800,\"height\":800},{\"@type\":\"BreadcrumbList\",\"@id\":\"https:\\\/\\\/www.vetorino.com\\\/boutique\\\/product\\\/stomaferin-ultra-2\\\/#breadcrumb\",\"itemListElement\":[{\"@type\":\"ListItem\",\"position\":1,\"name\":\"Accueil\",\"item\":\"https:\\\/\\\/www.vetorino.com\\\/boutique\\\/\"},{\"@type\":\"ListItem\",\"position\":2,\"name\":\"Produits\",\"item\":\"https:\\\/\\\/www.vetorino.com\\\/boutique\\\/\"},{\"@type\":\"ListItem\",\"position\":3,\"name\":\"Stomaferin Ultra &#8211; chien, chat\"}]},{\"@type\":\"WebSite\",\"@id\":\"https:\\\/\\\/www.vetorino.com\\\/boutique\\\/#website\",\"url\":\"https:\\\/\\\/www.vetorino.com\\\/boutique\\\/\",\"name\":\"V\u00e9torino\",\"description\":\"\",\"publisher\":{\"@id\":\"https:\\\/\\\/www.vetorino.com\\\/boutique\\\/#organization\"},\"potentialAction\":[{\"@type\":\"SearchAction\",\"target\":{\"@type\":\"EntryPoint\",\"urlTemplate\":\"https:\\\/\\\/www.vetorino.com\\\/boutique\\\/?s={search_term_string}\"},\"query-input\":{\"@type\":\"PropertyValueSpecification\",\"valueRequired\":true,\"valueName\":\"search_term_string\"}}],\"inLanguage\":\"fr-FR\"},{\"@type\":\"Organization\",\"@id\":\"https:\\\/\\\/www.vetorino.com\\\/boutique\\\/#organization\",\"name\":\"V\u00e9torino\",\"url\":\"https:\\\/\\\/www.vetorino.com\\\/boutique\\\/\",\"logo\":{\"@type\":\"ImageObject\",\"inLanguage\":\"fr-FR\",\"@id\":\"https:\\\/\\\/www.vetorino.com\\\/boutique\\\/#\\\/schema\\\/logo\\\/image\\\/\",\"url\":\"https:\\\/\\\/www.vetorino.com\\\/boutique\\\/wp-content\\\/uploads\\\/2024\\\/10\\\/logo.jpg\",\"contentUrl\":\"https:\\\/\\\/www.vetorino.com\\\/boutique\\\/wp-content\\\/uploads\\\/2024\\\/10\\\/logo.jpg\",\"width\":1200,\"height\":610,\"caption\":\"V\u00e9torino\"},\"image\":{\"@id\":\"https:\\\/\\\/www.vetorino.com\\\/boutique\\\/#\\\/schema\\\/logo\\\/image\\\/\"},\"sameAs\":[\"https:\\\/\\\/www.facebook.com\\\/Vetorino\\\/\",\"https:\\\/\\\/www.instagram.com\\\/vetorino_off\\\/\",\"https:\\\/\\\/www.linkedin.com\\\/company\\\/vtorino\\\/\"]}]}<\/script>\n<meta property=\"product:brand\" content=\"Vetexpert\" \/>\n<meta property=\"product:price:amount\" content=\"27.58\" \/>\n<meta property=\"product:price:currency\" content=\"EUR\" \/>\n<meta property=\"og:availability\" content=\"instock\" \/>\n<meta property=\"product:availability\" content=\"instock\" \/>\n<meta property=\"product:retailer_item_id\" content=\"A-1874270\" \/>\n<meta property=\"product:condition\" content=\"new\" \/>\n<!-- \/ Yoast SEO plugin. -->","yoast_head_json":{"title":"Stomaferin Ultra - chien, chat Vetexpert - V\u00e9torino","description":"Le spray Stomaferin Ultra est un gel assainissant et protecteur des muqueuses.\u00a0  Le spray\u00a0 est un soutien complet et pratique pour maintenir la sant\u00e9 bucco-dentaire des chiens ou des chats.   C\u2019est une aide \u00e0 la d\u00e9sinfection de la cavit\u00e9 buccale et \u00e0 la stimulation de la r\u00e9ponse immunitaire locale.  Le produit offre une action bidirectionnelle, gr\u00e2ce \u00e0 sa combinaison unique de deux principes actifs : la chlorhexidine et la lactoferrine.","robots":{"index":"noindex","follow":"nofollow"},"og_locale":"fr_FR","og_type":"article","og_title":"Stomaferin Ultra - chien, chat Vetexpert - V\u00e9torino","og_description":"Le spray Stomaferin Ultra est un gel assainissant et protecteur des muqueuses.\u00a0  Le spray\u00a0 est un soutien complet et pratique pour maintenir la sant\u00e9 bucco-dentaire des chiens ou des chats.   C\u2019est une aide \u00e0 la d\u00e9sinfection de la cavit\u00e9 buccale et \u00e0 la stimulation de la r\u00e9ponse immunitaire locale.  Le produit offre une action bidirectionnelle, gr\u00e2ce \u00e0 sa combinaison unique de deux principes actifs : la chlorhexidine et la lactoferrine.","og_url":"https:\/\/www.vetorino.com\/veterinaire\/beugnies-59216\/boutique\/product\/stomaferin-ultra-2\/","og_site_name":"V\u00e9torino","article_publisher":"https:\/\/www.facebook.com\/Vetorino\/","article_modified_time":"2026-02-11T10:48:51+00:00","og_image":[{"width":800,"height":800,"url":"https:\/\/www.vetorino.com\/boutique\/wp-content\/uploads\/2024\/06\/stomaferin-ultra.webp","type":"image\/webp"}],"twitter_card":"summary_large_image","twitter_misc":{"Prix":"27,58&euro;","Disponibilit\u00e9":"En stock"},"schema":{"@context":"https:\/\/schema.org","@graph":[{"@type":"WebPage","@id":"https:\/\/www.vetorino.com\/boutique\/product\/stomaferin-ultra-2\/","url":"https:\/\/www.vetorino.com\/boutique\/product\/stomaferin-ultra-2\/","name":"Stomaferin Ultra - chien, chat Vetexpert - V\u00e9torino","isPartOf":{"@id":"https:\/\/www.vetorino.com\/boutique\/#website"},"primaryImageOfPage":{"@id":"https:\/\/www.vetorino.com\/boutique\/product\/stomaferin-ultra-2\/#primaryimage"},"image":{"@id":"https:\/\/www.vetorino.com\/boutique\/product\/stomaferin-ultra-2\/#primaryimage"},"thumbnailUrl":"https:\/\/www.vetorino.com\/boutique\/wp-content\/uploads\/2024\/06\/stomaferin-ultra.webp","datePublished":"2024-06-27T14:20:30+00:00","dateModified":"2026-02-11T10:48:51+00:00","description":"Le spray Stomaferin Ultra est un gel assainissant et protecteur des muqueuses.\u00a0 Le spray\u00a0 est un soutien complet et pratique pour maintenir la sant\u00e9 bucco-dentaire des chiens ou des chats. C\u2019est une aide \u00e0 la d\u00e9sinfection de la cavit\u00e9 buccale et \u00e0 la stimulation de la r\u00e9ponse immunitaire locale. Le produit offre une action bidirectionnelle, gr\u00e2ce \u00e0 sa combinaison unique de deux principes actifs : la chlorhexidine et la lactoferrine.","breadcrumb":{"@id":"https:\/\/www.vetorino.com\/boutique\/product\/stomaferin-ultra-2\/#breadcrumb"},"inLanguage":"fr-FR","potentialAction":[{"@type":"ReadAction","target":["https:\/\/www.vetorino.com\/boutique\/product\/stomaferin-ultra-2\/"]}]},{"@type":"ImageObject","inLanguage":"fr-FR","@id":"https:\/\/www.vetorino.com\/boutique\/product\/stomaferin-ultra-2\/#primaryimage","url":"https:\/\/www.vetorino.com\/boutique\/wp-content\/uploads\/2024\/06\/stomaferin-ultra.webp","contentUrl":"https:\/\/www.vetorino.com\/boutique\/wp-content\/uploads\/2024\/06\/stomaferin-ultra.webp","width":800,"height":800},{"@type":"BreadcrumbList","@id":"https:\/\/www.vetorino.com\/boutique\/product\/stomaferin-ultra-2\/#breadcrumb","itemListElement":[{"@type":"ListItem","position":1,"name":"Accueil","item":"https:\/\/www.vetorino.com\/boutique\/"},{"@type":"ListItem","position":2,"name":"Produits","item":"https:\/\/www.vetorino.com\/boutique\/"},{"@type":"ListItem","position":3,"name":"Stomaferin Ultra &#8211; chien, chat"}]},{"@type":"WebSite","@id":"https:\/\/www.vetorino.com\/boutique\/#website","url":"https:\/\/www.vetorino.com\/boutique\/","name":"V\u00e9torino","description":"","publisher":{"@id":"https:\/\/www.vetorino.com\/boutique\/#organization"},"potentialAction":[{"@type":"SearchAction","target":{"@type":"EntryPoint","urlTemplate":"https:\/\/www.vetorino.com\/boutique\/?s={search_term_string}"},"query-input":{"@type":"PropertyValueSpecification","valueRequired":true,"valueName":"search_term_string"}}],"inLanguage":"fr-FR"},{"@type":"Organization","@id":"https:\/\/www.vetorino.com\/boutique\/#organization","name":"V\u00e9torino","url":"https:\/\/www.vetorino.com\/boutique\/","logo":{"@type":"ImageObject","inLanguage":"fr-FR","@id":"https:\/\/www.vetorino.com\/boutique\/#\/schema\/logo\/image\/","url":"https:\/\/www.vetorino.com\/boutique\/wp-content\/uploads\/2024\/10\/logo.jpg","contentUrl":"https:\/\/www.vetorino.com\/boutique\/wp-content\/uploads\/2024\/10\/logo.jpg","width":1200,"height":610,"caption":"V\u00e9torino"},"image":{"@id":"https:\/\/www.vetorino.com\/boutique\/#\/schema\/logo\/image\/"},"sameAs":["https:\/\/www.facebook.com\/Vetorino\/","https:\/\/www.instagram.com\/vetorino_off\/","https:\/\/www.linkedin.com\/company\/vtorino\/"]}]},"product_brand":"Vetexpert","product_price_amount":"27.58","product_price_currency":"EUR","og_availability":"instock","product_availability":"instock","product_retailer_item_id":"A-1874270","product_condition":"new"},"_links":{"self":[{"href":"https:\/\/www.vetorino.com\/veterinaire\/beugnies-59216\/boutique\/wp-json\/wp\/v2\/product\/958375","targetHints":{"allow":["GET"]}}],"collection":[{"href":"https:\/\/www.vetorino.com\/veterinaire\/beugnies-59216\/boutique\/wp-json\/wp\/v2\/product"}],"about":[{"href":"https:\/\/www.vetorino.com\/veterinaire\/beugnies-59216\/boutique\/wp-json\/wp\/v2\/types\/product"}],"wp:featuredmedia":[{"embeddable":true,"href":"https:\/\/www.vetorino.com\/veterinaire\/beugnies-59216\/boutique\/wp-json\/wp\/v2\/media\/1698022"}],"wp:attachment":[{"href":"https:\/\/www.vetorino.com\/veterinaire\/beugnies-59216\/boutique\/wp-json\/wp\/v2\/media?parent=958375"}],"wp:term":[{"taxonomy":"product_cat","embeddable":true,"href":"https:\/\/www.vetorino.com\/veterinaire\/beugnies-59216\/boutique\/wp-json\/wp\/v2\/product_cat?post=958375"},{"taxonomy":"product_tag","embeddable":true,"href":"https:\/\/www.vetorino.com\/veterinaire\/beugnies-59216\/boutique\/wp-json\/wp\/v2\/product_tag?post=958375"}],"curies":[{"name":"wp","href":"https:\/\/api.w.org\/{rel}","templated":true}]}}