{"id":1821319,"date":"2026-05-04T14:08:57","date_gmt":"2026-05-04T12:08:57","guid":{"rendered":"https:\/\/www.vetorino.com\/boutique\/product\/pro-plan-calming-care-chien\/"},"modified":"2026-05-04T14:41:19","modified_gmt":"2026-05-04T12:41:19","slug":"pro-plan-calming-care-chien","status":"publish","type":"product","link":"https:\/\/www.vetorino.com\/veterinaire\/beuzeville-27210\/boutique\/product\/pro-plan-calming-care-chien\/","title":{"rendered":"Calming Care &#8211; chien"},"content":{"rendered":"<p>Aliment compl\u00e9mentaire pour chien contenant une souche de bact\u00e9ries b\u00e9n\u00e9fiques, <strong>prouv\u00e9e pour aider les chiens \u00e0 maintenir un comportement calme<\/strong> et \u00e0 fournir une<strong> r\u00e9sistance aux facteurs de stress. <\/strong><\/p>\n<p>La science derri\u00e8re nos produits repr\u00e9sente une collaboration entre les nutritionnistes, les chercheurs et les v\u00e9t\u00e9rinaires de Purina pour d\u00e9velopper des solutions adapt\u00e9es aux animaux de compagnie.<\/p>\n<p><strong>PURINA\u00ae PRO PLAN\u00ae Calming Care<\/strong> est le premier probiotique autoris\u00e9 dans l&#8217;Union Europ\u00e9enne pour aider les chiens \u00e0 maintenir un comportement calme et \u00e0 fournir une r\u00e9sistance aux facteurs de stress.<\/p>\n<p>Prouv\u00e9 pour aider les chiens \u00e0 faire face aux facteurs externes de stress (par exemple : s\u00e9paration, visiteurs inconnus, nouveaux bruits ou changements de routine et de lieu).<\/p>\n<p><strong>Caract\u00e9ristiques :\u00a0<\/strong><\/p>\n<ul>\n<li>Aide \u00e0 maintenir un comportement calme et \u00e0 fournir une r\u00e9sistance aux facteurs de stress.<\/li>\n<li>Probiotique apaisant adapt\u00e9 aux chiens et aux chiots.<\/li>\n<li>Prouv\u00e9 pour aider les chiens \u00e0 faire face aux facteurs externes de stress.<\/li>\n<li>Go\u00fbt d\u00e9licieux : saupoudrer 1 sachet par jour sur la nourriture habituelle.<\/li>\n<li>Il est recommand\u00e9 de l&#8217;utiliser pendant au moins 6 semaines.<\/li>\n<\/ul>\n","protected":false},"excerpt":{"rendered":"<p><strong>Aliment compl\u00e9mentaire pour chien<\/strong> contenant une souche de bact\u00e9ries b\u00e9n\u00e9fiques, prouv\u00e9e <strong>pour aider les chiens \u00e0 maintenir un comportement calme<\/strong> et \u00e0 fournir une r\u00e9sistance aux facteurs de stress.<\/p>\n<p><strong>Caract\u00e9ristiques :\u00a0<\/strong><\/p>\n<ul>\n<li>Aide \u00e0 maintenir un comportement calme et \u00e0 fournir une r\u00e9sistance aux facteurs de stress.<\/li>\n<li>Probiotique apaisant adapt\u00e9 aux chiens et aux chiots.<\/li>\n<li>Prouv\u00e9 pour aider les chiens \u00e0 faire face aux facteurs externes de stress.<\/li>\n<li>Go\u00fbt d\u00e9licieux : saupoudrer 1 sachet par jour sur la nourriture habituelle.<\/li>\n<li>Il est recommand\u00e9 de l&#8217;utiliser pendant au moins 6 semaines.<\/li>\n<\/ul>\n","protected":false},"featured_media":1821334,"template":"","meta":[],"product_cat":[12552,2738,2698],"product_tag":[],"class_list":{"0":"post-1821319","1":"product","2":"type-product","3":"status-publish","4":"has-post-thumbnail","6":"product_cat-alimentation-du-chien","7":"product_cat-aliments-complementaires-pour-chien","8":"product_cat-chien","9":"pa_marque-purina","11":"first","12":"instock","13":"taxable","14":"shipping-taxable","15":"purchasable","16":"product-type-simple"},"yoast_head":"<!-- This site is optimized with the Yoast SEO plugin v27.5 - https:\/\/yoast.com\/product\/yoast-seo-wordpress\/ -->\n<title>Proplan Calming Care - chien Purina Pro Plan - V\u00e9torino<\/title>\n<meta name=\"description\" content=\"Aliment compl\u00e9mentaire pour chien contenant une souche de bact\u00e9ries b\u00e9n\u00e9fiques, prouv\u00e9e pour aider les chiens \u00e0 maintenir un comportement calme et \u00e0 fournir une r\u00e9sistance aux facteurs de stress.  Caract\u00e9ristiques :\u00a0   Aide \u00e0 maintenir un comportement calme et \u00e0 fournir une r\u00e9sistance aux facteurs de stress.  Probiotique apaisant adapt\u00e9 aux chiens et aux chiots.  Prouv\u00e9 pour aider les chiens \u00e0 faire face aux facteurs externes de stress.  Go\u00fbt d\u00e9licieux : saupoudrer 1 sachet par jour sur la nourriture habituelle.  Il est recommand\u00e9 de l&#039;utiliser pendant au moins 6 semaines.\" \/>\n<meta name=\"robots\" content=\"noindex, nofollow\" \/>\n<meta property=\"og:locale\" content=\"fr_FR\" \/>\n<meta property=\"og:type\" content=\"article\" \/>\n<meta property=\"og:title\" content=\"Proplan Calming Care - chien Purina Pro Plan - V\u00e9torino\" \/>\n<meta property=\"og:description\" content=\"Aliment compl\u00e9mentaire pour chien contenant une souche de bact\u00e9ries b\u00e9n\u00e9fiques, prouv\u00e9e pour aider les chiens \u00e0 maintenir un comportement calme et \u00e0 fournir une r\u00e9sistance aux facteurs de stress.  Caract\u00e9ristiques :\u00a0   Aide \u00e0 maintenir un comportement calme et \u00e0 fournir une r\u00e9sistance aux facteurs de stress.  Probiotique apaisant adapt\u00e9 aux chiens et aux chiots.  Prouv\u00e9 pour aider les chiens \u00e0 faire face aux facteurs externes de stress.  Go\u00fbt d\u00e9licieux : saupoudrer 1 sachet par jour sur la nourriture habituelle.  Il est recommand\u00e9 de l&#039;utiliser pendant au moins 6 semaines.\" \/>\n<meta property=\"og:url\" content=\"https:\/\/www.vetorino.com\/veterinaire\/beuzeville-27210\/boutique\/product\/pro-plan-calming-care-chien\/\" \/>\n<meta property=\"og:site_name\" content=\"V\u00e9torino\" \/>\n<meta property=\"article:publisher\" content=\"https:\/\/www.facebook.com\/Vetorino\/\" \/>\n<meta property=\"article:modified_time\" content=\"2026-05-04T12:41:19+00:00\" \/>\n<meta property=\"og:image\" content=\"https:\/\/www.vetorino.com\/boutique\/wp-content\/uploads\/2026\/05\/calming_care_dog_proplan1.jpg\" \/>\n\t<meta property=\"og:image:width\" content=\"900\" \/>\n\t<meta property=\"og:image:height\" content=\"900\" \/>\n\t<meta property=\"og:image:type\" content=\"image\/jpeg\" \/>\n<meta name=\"twitter:card\" content=\"summary_large_image\" \/>\n<meta name=\"twitter:label1\" content=\"Prix\" \/>\n\t<meta name=\"twitter:data1\" content=\"40,84&euro;\" \/>\n\t<meta name=\"twitter:label2\" content=\"Disponibilit\u00e9\" \/>\n\t<meta name=\"twitter:data2\" content=\"En stock\" \/>\n<script type=\"application\/ld+json\" class=\"yoast-schema-graph\">{\"@context\":\"https:\\\/\\\/schema.org\",\"@graph\":[{\"@type\":\"WebPage\",\"@id\":\"https:\\\/\\\/www.vetorino.com\\\/boutique\\\/product\\\/pro-plan-calming-care-chien\\\/\",\"url\":\"https:\\\/\\\/www.vetorino.com\\\/boutique\\\/product\\\/pro-plan-calming-care-chien\\\/\",\"name\":\"Proplan Calming Care - chien Purina Pro Plan - V\u00e9torino\",\"isPartOf\":{\"@id\":\"https:\\\/\\\/www.vetorino.com\\\/boutique\\\/#website\"},\"primaryImageOfPage\":{\"@id\":\"https:\\\/\\\/www.vetorino.com\\\/boutique\\\/product\\\/pro-plan-calming-care-chien\\\/#primaryimage\"},\"image\":{\"@id\":\"https:\\\/\\\/www.vetorino.com\\\/boutique\\\/product\\\/pro-plan-calming-care-chien\\\/#primaryimage\"},\"thumbnailUrl\":\"https:\\\/\\\/www.vetorino.com\\\/boutique\\\/wp-content\\\/uploads\\\/2026\\\/05\\\/calming_care_dog_proplan1.jpg\",\"datePublished\":\"2026-05-04T12:08:57+00:00\",\"dateModified\":\"2026-05-04T12:41:19+00:00\",\"description\":\"Aliment compl\u00e9mentaire pour chien contenant une souche de bact\u00e9ries b\u00e9n\u00e9fiques, prouv\u00e9e pour aider les chiens \u00e0 maintenir un comportement calme et \u00e0 fournir une r\u00e9sistance aux facteurs de stress. Caract\u00e9ristiques :\u00a0 Aide \u00e0 maintenir un comportement calme et \u00e0 fournir une r\u00e9sistance aux facteurs de stress. Probiotique apaisant adapt\u00e9 aux chiens et aux chiots. Prouv\u00e9 pour aider les chiens \u00e0 faire face aux facteurs externes de stress. Go\u00fbt d\u00e9licieux : saupoudrer 1 sachet par jour sur la nourriture habituelle. Il est recommand\u00e9 de l'utiliser pendant au moins 6 semaines.\",\"breadcrumb\":{\"@id\":\"https:\\\/\\\/www.vetorino.com\\\/boutique\\\/product\\\/pro-plan-calming-care-chien\\\/#breadcrumb\"},\"inLanguage\":\"fr-FR\",\"potentialAction\":[{\"@type\":\"ReadAction\",\"target\":[\"https:\\\/\\\/www.vetorino.com\\\/boutique\\\/product\\\/pro-plan-calming-care-chien\\\/\"]}]},{\"@type\":\"ImageObject\",\"inLanguage\":\"fr-FR\",\"@id\":\"https:\\\/\\\/www.vetorino.com\\\/boutique\\\/product\\\/pro-plan-calming-care-chien\\\/#primaryimage\",\"url\":\"https:\\\/\\\/www.vetorino.com\\\/boutique\\\/wp-content\\\/uploads\\\/2026\\\/05\\\/calming_care_dog_proplan1.jpg\",\"contentUrl\":\"https:\\\/\\\/www.vetorino.com\\\/boutique\\\/wp-content\\\/uploads\\\/2026\\\/05\\\/calming_care_dog_proplan1.jpg\",\"width\":900,\"height\":900},{\"@type\":\"BreadcrumbList\",\"@id\":\"https:\\\/\\\/www.vetorino.com\\\/boutique\\\/product\\\/pro-plan-calming-care-chien\\\/#breadcrumb\",\"itemListElement\":[{\"@type\":\"ListItem\",\"position\":1,\"name\":\"Accueil\",\"item\":\"https:\\\/\\\/www.vetorino.com\\\/boutique\\\/\"},{\"@type\":\"ListItem\",\"position\":2,\"name\":\"Produits\",\"item\":\"https:\\\/\\\/www.vetorino.com\\\/boutique\\\/\"},{\"@type\":\"ListItem\",\"position\":3,\"name\":\"Calming Care &#8211; chien\"}]},{\"@type\":\"WebSite\",\"@id\":\"https:\\\/\\\/www.vetorino.com\\\/boutique\\\/#website\",\"url\":\"https:\\\/\\\/www.vetorino.com\\\/boutique\\\/\",\"name\":\"V\u00e9torino\",\"description\":\"\",\"publisher\":{\"@id\":\"https:\\\/\\\/www.vetorino.com\\\/boutique\\\/#organization\"},\"potentialAction\":[{\"@type\":\"SearchAction\",\"target\":{\"@type\":\"EntryPoint\",\"urlTemplate\":\"https:\\\/\\\/www.vetorino.com\\\/boutique\\\/?s={search_term_string}\"},\"query-input\":{\"@type\":\"PropertyValueSpecification\",\"valueRequired\":true,\"valueName\":\"search_term_string\"}}],\"inLanguage\":\"fr-FR\"},{\"@type\":\"Organization\",\"@id\":\"https:\\\/\\\/www.vetorino.com\\\/boutique\\\/#organization\",\"name\":\"V\u00e9torino\",\"url\":\"https:\\\/\\\/www.vetorino.com\\\/boutique\\\/\",\"logo\":{\"@type\":\"ImageObject\",\"inLanguage\":\"fr-FR\",\"@id\":\"https:\\\/\\\/www.vetorino.com\\\/boutique\\\/#\\\/schema\\\/logo\\\/image\\\/\",\"url\":\"https:\\\/\\\/www.vetorino.com\\\/boutique\\\/wp-content\\\/uploads\\\/2024\\\/10\\\/logo.jpg\",\"contentUrl\":\"https:\\\/\\\/www.vetorino.com\\\/boutique\\\/wp-content\\\/uploads\\\/2024\\\/10\\\/logo.jpg\",\"width\":1200,\"height\":610,\"caption\":\"V\u00e9torino\"},\"image\":{\"@id\":\"https:\\\/\\\/www.vetorino.com\\\/boutique\\\/#\\\/schema\\\/logo\\\/image\\\/\"},\"sameAs\":[\"https:\\\/\\\/www.facebook.com\\\/Vetorino\\\/\",\"https:\\\/\\\/www.instagram.com\\\/vetorino_off\\\/\",\"https:\\\/\\\/www.linkedin.com\\\/company\\\/vtorino\\\/\"]}]}<\/script>\n<meta property=\"product:brand\" content=\"Purina Pro Plan\" \/>\n<meta property=\"product:price:amount\" content=\"40.84\" \/>\n<meta property=\"product:price:currency\" content=\"EUR\" \/>\n<meta property=\"og:availability\" content=\"instock\" \/>\n<meta property=\"product:availability\" content=\"instock\" \/>\n<meta property=\"product:retailer_item_id\" content=\"C-PRO554\" \/>\n<meta property=\"product:condition\" content=\"new\" \/>\n<!-- \/ Yoast SEO plugin. -->","yoast_head_json":{"title":"Proplan Calming Care - chien Purina Pro Plan - V\u00e9torino","description":"Aliment compl\u00e9mentaire pour chien contenant une souche de bact\u00e9ries b\u00e9n\u00e9fiques, prouv\u00e9e pour aider les chiens \u00e0 maintenir un comportement calme et \u00e0 fournir une r\u00e9sistance aux facteurs de stress.  Caract\u00e9ristiques :\u00a0   Aide \u00e0 maintenir un comportement calme et \u00e0 fournir une r\u00e9sistance aux facteurs de stress.  Probiotique apaisant adapt\u00e9 aux chiens et aux chiots.  Prouv\u00e9 pour aider les chiens \u00e0 faire face aux facteurs externes de stress.  Go\u00fbt d\u00e9licieux : saupoudrer 1 sachet par jour sur la nourriture habituelle.  Il est recommand\u00e9 de l'utiliser pendant au moins 6 semaines.","robots":{"index":"noindex","follow":"nofollow"},"og_locale":"fr_FR","og_type":"article","og_title":"Proplan Calming Care - chien Purina Pro Plan - V\u00e9torino","og_description":"Aliment compl\u00e9mentaire pour chien contenant une souche de bact\u00e9ries b\u00e9n\u00e9fiques, prouv\u00e9e pour aider les chiens \u00e0 maintenir un comportement calme et \u00e0 fournir une r\u00e9sistance aux facteurs de stress.  Caract\u00e9ristiques :\u00a0   Aide \u00e0 maintenir un comportement calme et \u00e0 fournir une r\u00e9sistance aux facteurs de stress.  Probiotique apaisant adapt\u00e9 aux chiens et aux chiots.  Prouv\u00e9 pour aider les chiens \u00e0 faire face aux facteurs externes de stress.  Go\u00fbt d\u00e9licieux : saupoudrer 1 sachet par jour sur la nourriture habituelle.  Il est recommand\u00e9 de l'utiliser pendant au moins 6 semaines.","og_url":"https:\/\/www.vetorino.com\/veterinaire\/beuzeville-27210\/boutique\/product\/pro-plan-calming-care-chien\/","og_site_name":"V\u00e9torino","article_publisher":"https:\/\/www.facebook.com\/Vetorino\/","article_modified_time":"2026-05-04T12:41:19+00:00","og_image":[{"width":900,"height":900,"url":"https:\/\/www.vetorino.com\/boutique\/wp-content\/uploads\/2026\/05\/calming_care_dog_proplan1.jpg","type":"image\/jpeg"}],"twitter_card":"summary_large_image","twitter_misc":{"Prix":"40,84&euro;","Disponibilit\u00e9":"En stock"},"schema":{"@context":"https:\/\/schema.org","@graph":[{"@type":"WebPage","@id":"https:\/\/www.vetorino.com\/boutique\/product\/pro-plan-calming-care-chien\/","url":"https:\/\/www.vetorino.com\/boutique\/product\/pro-plan-calming-care-chien\/","name":"Proplan Calming Care - chien Purina Pro Plan - V\u00e9torino","isPartOf":{"@id":"https:\/\/www.vetorino.com\/boutique\/#website"},"primaryImageOfPage":{"@id":"https:\/\/www.vetorino.com\/boutique\/product\/pro-plan-calming-care-chien\/#primaryimage"},"image":{"@id":"https:\/\/www.vetorino.com\/boutique\/product\/pro-plan-calming-care-chien\/#primaryimage"},"thumbnailUrl":"https:\/\/www.vetorino.com\/boutique\/wp-content\/uploads\/2026\/05\/calming_care_dog_proplan1.jpg","datePublished":"2026-05-04T12:08:57+00:00","dateModified":"2026-05-04T12:41:19+00:00","description":"Aliment compl\u00e9mentaire pour chien contenant une souche de bact\u00e9ries b\u00e9n\u00e9fiques, prouv\u00e9e pour aider les chiens \u00e0 maintenir un comportement calme et \u00e0 fournir une r\u00e9sistance aux facteurs de stress. Caract\u00e9ristiques :\u00a0 Aide \u00e0 maintenir un comportement calme et \u00e0 fournir une r\u00e9sistance aux facteurs de stress. Probiotique apaisant adapt\u00e9 aux chiens et aux chiots. Prouv\u00e9 pour aider les chiens \u00e0 faire face aux facteurs externes de stress. Go\u00fbt d\u00e9licieux : saupoudrer 1 sachet par jour sur la nourriture habituelle. Il est recommand\u00e9 de l'utiliser pendant au moins 6 semaines.","breadcrumb":{"@id":"https:\/\/www.vetorino.com\/boutique\/product\/pro-plan-calming-care-chien\/#breadcrumb"},"inLanguage":"fr-FR","potentialAction":[{"@type":"ReadAction","target":["https:\/\/www.vetorino.com\/boutique\/product\/pro-plan-calming-care-chien\/"]}]},{"@type":"ImageObject","inLanguage":"fr-FR","@id":"https:\/\/www.vetorino.com\/boutique\/product\/pro-plan-calming-care-chien\/#primaryimage","url":"https:\/\/www.vetorino.com\/boutique\/wp-content\/uploads\/2026\/05\/calming_care_dog_proplan1.jpg","contentUrl":"https:\/\/www.vetorino.com\/boutique\/wp-content\/uploads\/2026\/05\/calming_care_dog_proplan1.jpg","width":900,"height":900},{"@type":"BreadcrumbList","@id":"https:\/\/www.vetorino.com\/boutique\/product\/pro-plan-calming-care-chien\/#breadcrumb","itemListElement":[{"@type":"ListItem","position":1,"name":"Accueil","item":"https:\/\/www.vetorino.com\/boutique\/"},{"@type":"ListItem","position":2,"name":"Produits","item":"https:\/\/www.vetorino.com\/boutique\/"},{"@type":"ListItem","position":3,"name":"Calming Care &#8211; chien"}]},{"@type":"WebSite","@id":"https:\/\/www.vetorino.com\/boutique\/#website","url":"https:\/\/www.vetorino.com\/boutique\/","name":"V\u00e9torino","description":"","publisher":{"@id":"https:\/\/www.vetorino.com\/boutique\/#organization"},"potentialAction":[{"@type":"SearchAction","target":{"@type":"EntryPoint","urlTemplate":"https:\/\/www.vetorino.com\/boutique\/?s={search_term_string}"},"query-input":{"@type":"PropertyValueSpecification","valueRequired":true,"valueName":"search_term_string"}}],"inLanguage":"fr-FR"},{"@type":"Organization","@id":"https:\/\/www.vetorino.com\/boutique\/#organization","name":"V\u00e9torino","url":"https:\/\/www.vetorino.com\/boutique\/","logo":{"@type":"ImageObject","inLanguage":"fr-FR","@id":"https:\/\/www.vetorino.com\/boutique\/#\/schema\/logo\/image\/","url":"https:\/\/www.vetorino.com\/boutique\/wp-content\/uploads\/2024\/10\/logo.jpg","contentUrl":"https:\/\/www.vetorino.com\/boutique\/wp-content\/uploads\/2024\/10\/logo.jpg","width":1200,"height":610,"caption":"V\u00e9torino"},"image":{"@id":"https:\/\/www.vetorino.com\/boutique\/#\/schema\/logo\/image\/"},"sameAs":["https:\/\/www.facebook.com\/Vetorino\/","https:\/\/www.instagram.com\/vetorino_off\/","https:\/\/www.linkedin.com\/company\/vtorino\/"]}]},"product_brand":"Purina Pro Plan","product_price_amount":"40.84","product_price_currency":"EUR","og_availability":"instock","product_availability":"instock","product_retailer_item_id":"C-PRO554","product_condition":"new"},"_links":{"self":[{"href":"https:\/\/www.vetorino.com\/veterinaire\/beuzeville-27210\/boutique\/wp-json\/wp\/v2\/product\/1821319","targetHints":{"allow":["GET"]}}],"collection":[{"href":"https:\/\/www.vetorino.com\/veterinaire\/beuzeville-27210\/boutique\/wp-json\/wp\/v2\/product"}],"about":[{"href":"https:\/\/www.vetorino.com\/veterinaire\/beuzeville-27210\/boutique\/wp-json\/wp\/v2\/types\/product"}],"wp:featuredmedia":[{"embeddable":true,"href":"https:\/\/www.vetorino.com\/veterinaire\/beuzeville-27210\/boutique\/wp-json\/wp\/v2\/media\/1821334"}],"wp:attachment":[{"href":"https:\/\/www.vetorino.com\/veterinaire\/beuzeville-27210\/boutique\/wp-json\/wp\/v2\/media?parent=1821319"}],"wp:term":[{"taxonomy":"product_cat","embeddable":true,"href":"https:\/\/www.vetorino.com\/veterinaire\/beuzeville-27210\/boutique\/wp-json\/wp\/v2\/product_cat?post=1821319"},{"taxonomy":"product_tag","embeddable":true,"href":"https:\/\/www.vetorino.com\/veterinaire\/beuzeville-27210\/boutique\/wp-json\/wp\/v2\/product_tag?post=1821319"}],"curies":[{"name":"wp","href":"https:\/\/api.w.org\/{rel}","templated":true}]}}