{"id":1824244,"date":"2026-05-06T05:35:02","date_gmt":"2026-05-06T03:35:02","guid":{"rendered":"https:\/\/www.vetorino.com\/boutique\/product\/ziggy-patee-chat-adulte-sterilise-irc-saumon\/"},"modified":"2026-05-06T05:35:03","modified_gmt":"2026-05-06T03:35:03","slug":"ziggy-patee-chat-adulte-sterilise-irc-saumon","status":"publish","type":"product","link":"https:\/\/www.vetorino.com\/veterinaire\/beziers-34500\/boutique\/product\/ziggy-patee-chat-adulte-sterilise-irc-saumon\/","title":{"rendered":"Ziggy p\u00e2t\u00e9e Chat Adulte St\u00e9rilis\u00e9 IRC Saumon"},"content":{"rendered":"<p><strong>TYPE ALIMENT :<\/strong> p&acirc;t&eacute;e.<\/p>\n<p><strong>COMPOSITION :<\/strong> poulet 25,5% (coeur, foie) *, eau, boeuf 17,5 %, (coeur)*, porc 17 % (coeur)*, carottes, saumon 4 %*, huile de colza, min&eacute;raux, haricots verts d&eacute;shydrat&eacute;s, olives, huile de poisson, thym. *source de prot&eacute;ines<\/p>\n<p><strong>CONSTITUANTS ANALYTIQUES :<\/strong> prot&eacute;ines brutes 10,1 %, mati&egrave;res grasses brutes 7,5 %, cellulose brute 0,4 %, cendres brutes 1,8 %, ENA (glucides) 2,2 %, calcium 0,23 %, phosphore 0,11 %, potassium 0,21 %, sodium 0,13 %, magn&eacute;sium 0,16 %, humidit&eacute; 78 %.<\/p>\n<p><strong>ADDITIFS NUTRITIONNELS :<\/strong> mangan&egrave;se (3b503) 2,3 mg, zinc (3b607 &amp; 3b605) 30 mg, iode (3b203) 0,4 mg s&eacute;lenium (E8 &amp; 3b811) 15 &mu;g, vitamine D3 (3a671) 200 UI, vitamine E (3a700) 300 mg, vitamine B1 (3a821) 42 mg, vitamine B2 30 mg, vitamine B3 (3a315) 300 mg, pantothenic Acid (3a841) 55 mg, vitamine B6 (3a831) 24 mg, biotine (3a880)75 &mu;g, acide folique (3a316) 7,5 mg, vitamine B12 180 &mu;g, choline (3a890) 45 mg, taurine (3a370) 480 mg.<\/p>\n","protected":false},"excerpt":{"rendered":"<p>TYPE ALIMENT : p&acirc;t&eacute;e. COMPOSITION : poulet 25,5% (coeur, foie) *, eau, boeuf 17,5 %, (coeur)*, porc 17 % (coeur)*, carottes, saumon 4 %*, huile de colza, min&eacute;raux, haricots verts d&eacute;shydrat&eacute;s, olives, huile de poisson, thym. *source de prot&eacute;ines CONSTITUANTS ANALYTIQUES : prot&eacute;ines brutes 10,1 %, mati&egrave;res grasses brutes 7,5 %, cellulose brute 0,4 %, [&hellip;]<\/p>\n","protected":false},"featured_media":3520,"template":"","meta":[],"product_cat":[2697],"product_tag":[],"class_list":{"0":"post-1824244","1":"product","2":"type-product","3":"status-publish","4":"has-post-thumbnail","6":"product_cat-chat","8":"first","9":"instock","10":"taxable","11":"shipping-taxable","12":"purchasable","13":"product-type-simple"},"yoast_head":"<!-- This site is optimized with the Yoast SEO plugin v27.5 - https:\/\/yoast.com\/product\/yoast-seo-wordpress\/ -->\n<title>Ziggy p\u00e2t\u00e9e Chat Adulte St\u00e9rilis\u00e9 IRC Saumon - V\u00e9torino<\/title>\n<meta name=\"description\" content=\"TYPE ALIMENT : p&acirc;t&eacute;e. COMPOSITION : poulet 25,5% (coeur, foie) *, eau, boeuf 17,5 %, (coeur)*, porc 17 % (coeur)*, carottes, saumon 4 %*,\" \/>\n<meta name=\"robots\" content=\"noindex, nofollow\" \/>\n<meta property=\"og:locale\" content=\"fr_FR\" \/>\n<meta property=\"og:type\" content=\"article\" \/>\n<meta property=\"og:title\" content=\"Ziggy p\u00e2t\u00e9e Chat Adulte St\u00e9rilis\u00e9 IRC Saumon - V\u00e9torino\" \/>\n<meta property=\"og:description\" content=\"TYPE ALIMENT : p&acirc;t&eacute;e. COMPOSITION : poulet 25,5% (coeur, foie) *, eau, boeuf 17,5 %, (coeur)*, porc 17 % (coeur)*, carottes, saumon 4 %*,\" \/>\n<meta property=\"og:url\" content=\"https:\/\/www.vetorino.com\/veterinaire\/beziers-34500\/boutique\/product\/ziggy-patee-chat-adulte-sterilise-irc-saumon\/\" \/>\n<meta property=\"og:site_name\" content=\"V\u00e9torino\" \/>\n<meta property=\"article:publisher\" content=\"https:\/\/www.facebook.com\/Vetorino\/\" \/>\n<meta property=\"article:modified_time\" content=\"2026-05-06T03:35:03+00:00\" \/>\n<meta property=\"og:image\" content=\"https:\/\/www.vetorino.com\/boutique\/wp-content\/uploads\/2020\/02\/placeholder-os-chien-chat-nourriture.jpg\" \/>\n\t<meta property=\"og:image:width\" content=\"555\" \/>\n\t<meta property=\"og:image:height\" content=\"555\" \/>\n\t<meta property=\"og:image:type\" content=\"image\/jpeg\" \/>\n<meta name=\"twitter:card\" content=\"summary_large_image\" \/>\n<meta name=\"twitter:label1\" content=\"Prix\" \/>\n\t<meta name=\"twitter:data1\" content=\"9,17&euro;\" \/>\n\t<meta name=\"twitter:label2\" content=\"Disponibilit\u00e9\" \/>\n\t<meta name=\"twitter:data2\" content=\"En stock\" \/>\n<script type=\"application\/ld+json\" class=\"yoast-schema-graph\">{\"@context\":\"https:\\\/\\\/schema.org\",\"@graph\":[{\"@type\":\"WebPage\",\"@id\":\"https:\\\/\\\/www.vetorino.com\\\/boutique\\\/product\\\/ziggy-patee-chat-adulte-sterilise-irc-saumon\\\/\",\"url\":\"https:\\\/\\\/www.vetorino.com\\\/boutique\\\/product\\\/ziggy-patee-chat-adulte-sterilise-irc-saumon\\\/\",\"name\":\"Ziggy p\u00e2t\u00e9e Chat Adulte St\u00e9rilis\u00e9 IRC Saumon - V\u00e9torino\",\"isPartOf\":{\"@id\":\"https:\\\/\\\/www.vetorino.com\\\/boutique\\\/#website\"},\"primaryImageOfPage\":{\"@id\":\"https:\\\/\\\/www.vetorino.com\\\/boutique\\\/product\\\/ziggy-patee-chat-adulte-sterilise-irc-saumon\\\/#primaryimage\"},\"image\":{\"@id\":\"https:\\\/\\\/www.vetorino.com\\\/boutique\\\/product\\\/ziggy-patee-chat-adulte-sterilise-irc-saumon\\\/#primaryimage\"},\"thumbnailUrl\":\"https:\\\/\\\/www.vetorino.com\\\/boutique\\\/wp-content\\\/uploads\\\/2020\\\/02\\\/placeholder-os-chien-chat-nourriture.jpg\",\"datePublished\":\"2026-05-06T03:35:02+00:00\",\"dateModified\":\"2026-05-06T03:35:03+00:00\",\"description\":\"TYPE ALIMENT : p&acirc;t&eacute;e. COMPOSITION : poulet 25,5% (coeur, foie) *, eau, boeuf 17,5 %, (coeur)*, porc 17 % (coeur)*, carottes, saumon 4 %*,\",\"breadcrumb\":{\"@id\":\"https:\\\/\\\/www.vetorino.com\\\/boutique\\\/product\\\/ziggy-patee-chat-adulte-sterilise-irc-saumon\\\/#breadcrumb\"},\"inLanguage\":\"fr-FR\",\"potentialAction\":[{\"@type\":\"ReadAction\",\"target\":[\"https:\\\/\\\/www.vetorino.com\\\/boutique\\\/product\\\/ziggy-patee-chat-adulte-sterilise-irc-saumon\\\/\"]}]},{\"@type\":\"ImageObject\",\"inLanguage\":\"fr-FR\",\"@id\":\"https:\\\/\\\/www.vetorino.com\\\/boutique\\\/product\\\/ziggy-patee-chat-adulte-sterilise-irc-saumon\\\/#primaryimage\",\"url\":\"https:\\\/\\\/www.vetorino.com\\\/boutique\\\/wp-content\\\/uploads\\\/2020\\\/02\\\/placeholder-os-chien-chat-nourriture.jpg\",\"contentUrl\":\"https:\\\/\\\/www.vetorino.com\\\/boutique\\\/wp-content\\\/uploads\\\/2020\\\/02\\\/placeholder-os-chien-chat-nourriture.jpg\",\"width\":555,\"height\":555},{\"@type\":\"BreadcrumbList\",\"@id\":\"https:\\\/\\\/www.vetorino.com\\\/boutique\\\/product\\\/ziggy-patee-chat-adulte-sterilise-irc-saumon\\\/#breadcrumb\",\"itemListElement\":[{\"@type\":\"ListItem\",\"position\":1,\"name\":\"Accueil\",\"item\":\"https:\\\/\\\/www.vetorino.com\\\/boutique\\\/\"},{\"@type\":\"ListItem\",\"position\":2,\"name\":\"Produits\",\"item\":\"https:\\\/\\\/www.vetorino.com\\\/boutique\\\/\"},{\"@type\":\"ListItem\",\"position\":3,\"name\":\"Ziggy p\u00e2t\u00e9e Chat Adulte St\u00e9rilis\u00e9 IRC Saumon\"}]},{\"@type\":\"WebSite\",\"@id\":\"https:\\\/\\\/www.vetorino.com\\\/boutique\\\/#website\",\"url\":\"https:\\\/\\\/www.vetorino.com\\\/boutique\\\/\",\"name\":\"V\u00e9torino\",\"description\":\"\",\"publisher\":{\"@id\":\"https:\\\/\\\/www.vetorino.com\\\/boutique\\\/#organization\"},\"potentialAction\":[{\"@type\":\"SearchAction\",\"target\":{\"@type\":\"EntryPoint\",\"urlTemplate\":\"https:\\\/\\\/www.vetorino.com\\\/boutique\\\/?s={search_term_string}\"},\"query-input\":{\"@type\":\"PropertyValueSpecification\",\"valueRequired\":true,\"valueName\":\"search_term_string\"}}],\"inLanguage\":\"fr-FR\"},{\"@type\":\"Organization\",\"@id\":\"https:\\\/\\\/www.vetorino.com\\\/boutique\\\/#organization\",\"name\":\"V\u00e9torino\",\"url\":\"https:\\\/\\\/www.vetorino.com\\\/boutique\\\/\",\"logo\":{\"@type\":\"ImageObject\",\"inLanguage\":\"fr-FR\",\"@id\":\"https:\\\/\\\/www.vetorino.com\\\/boutique\\\/#\\\/schema\\\/logo\\\/image\\\/\",\"url\":\"https:\\\/\\\/www.vetorino.com\\\/boutique\\\/wp-content\\\/uploads\\\/2024\\\/10\\\/logo.jpg\",\"contentUrl\":\"https:\\\/\\\/www.vetorino.com\\\/boutique\\\/wp-content\\\/uploads\\\/2024\\\/10\\\/logo.jpg\",\"width\":1200,\"height\":610,\"caption\":\"V\u00e9torino\"},\"image\":{\"@id\":\"https:\\\/\\\/www.vetorino.com\\\/boutique\\\/#\\\/schema\\\/logo\\\/image\\\/\"},\"sameAs\":[\"https:\\\/\\\/www.facebook.com\\\/Vetorino\\\/\",\"https:\\\/\\\/www.instagram.com\\\/vetorino_off\\\/\",\"https:\\\/\\\/www.linkedin.com\\\/company\\\/vtorino\\\/\"]}]}<\/script>\n<meta property=\"product:price:amount\" content=\"9.17\" \/>\n<meta property=\"product:price:currency\" content=\"EUR\" \/>\n<meta property=\"og:availability\" content=\"instock\" \/>\n<meta property=\"product:availability\" content=\"instock\" \/>\n<meta property=\"product:retailer_item_id\" content=\"A-1901910\" \/>\n<meta property=\"product:condition\" content=\"new\" \/>\n<!-- \/ Yoast SEO plugin. -->","yoast_head_json":{"title":"Ziggy p\u00e2t\u00e9e Chat Adulte St\u00e9rilis\u00e9 IRC Saumon - V\u00e9torino","description":"TYPE ALIMENT : p&acirc;t&eacute;e. COMPOSITION : poulet 25,5% (coeur, foie) *, eau, boeuf 17,5 %, (coeur)*, porc 17 % (coeur)*, carottes, saumon 4 %*,","robots":{"index":"noindex","follow":"nofollow"},"og_locale":"fr_FR","og_type":"article","og_title":"Ziggy p\u00e2t\u00e9e Chat Adulte St\u00e9rilis\u00e9 IRC Saumon - V\u00e9torino","og_description":"TYPE ALIMENT : p&acirc;t&eacute;e. COMPOSITION : poulet 25,5% (coeur, foie) *, eau, boeuf 17,5 %, (coeur)*, porc 17 % (coeur)*, carottes, saumon 4 %*,","og_url":"https:\/\/www.vetorino.com\/veterinaire\/beziers-34500\/boutique\/product\/ziggy-patee-chat-adulte-sterilise-irc-saumon\/","og_site_name":"V\u00e9torino","article_publisher":"https:\/\/www.facebook.com\/Vetorino\/","article_modified_time":"2026-05-06T03:35:03+00:00","og_image":[{"width":555,"height":555,"url":"https:\/\/www.vetorino.com\/boutique\/wp-content\/uploads\/2020\/02\/placeholder-os-chien-chat-nourriture.jpg","type":"image\/jpeg"}],"twitter_card":"summary_large_image","twitter_misc":{"Prix":"9,17&euro;","Disponibilit\u00e9":"En stock"},"schema":{"@context":"https:\/\/schema.org","@graph":[{"@type":"WebPage","@id":"https:\/\/www.vetorino.com\/boutique\/product\/ziggy-patee-chat-adulte-sterilise-irc-saumon\/","url":"https:\/\/www.vetorino.com\/boutique\/product\/ziggy-patee-chat-adulte-sterilise-irc-saumon\/","name":"Ziggy p\u00e2t\u00e9e Chat Adulte St\u00e9rilis\u00e9 IRC Saumon - V\u00e9torino","isPartOf":{"@id":"https:\/\/www.vetorino.com\/boutique\/#website"},"primaryImageOfPage":{"@id":"https:\/\/www.vetorino.com\/boutique\/product\/ziggy-patee-chat-adulte-sterilise-irc-saumon\/#primaryimage"},"image":{"@id":"https:\/\/www.vetorino.com\/boutique\/product\/ziggy-patee-chat-adulte-sterilise-irc-saumon\/#primaryimage"},"thumbnailUrl":"https:\/\/www.vetorino.com\/boutique\/wp-content\/uploads\/2020\/02\/placeholder-os-chien-chat-nourriture.jpg","datePublished":"2026-05-06T03:35:02+00:00","dateModified":"2026-05-06T03:35:03+00:00","description":"TYPE ALIMENT : p&acirc;t&eacute;e. COMPOSITION : poulet 25,5% (coeur, foie) *, eau, boeuf 17,5 %, (coeur)*, porc 17 % (coeur)*, carottes, saumon 4 %*,","breadcrumb":{"@id":"https:\/\/www.vetorino.com\/boutique\/product\/ziggy-patee-chat-adulte-sterilise-irc-saumon\/#breadcrumb"},"inLanguage":"fr-FR","potentialAction":[{"@type":"ReadAction","target":["https:\/\/www.vetorino.com\/boutique\/product\/ziggy-patee-chat-adulte-sterilise-irc-saumon\/"]}]},{"@type":"ImageObject","inLanguage":"fr-FR","@id":"https:\/\/www.vetorino.com\/boutique\/product\/ziggy-patee-chat-adulte-sterilise-irc-saumon\/#primaryimage","url":"https:\/\/www.vetorino.com\/boutique\/wp-content\/uploads\/2020\/02\/placeholder-os-chien-chat-nourriture.jpg","contentUrl":"https:\/\/www.vetorino.com\/boutique\/wp-content\/uploads\/2020\/02\/placeholder-os-chien-chat-nourriture.jpg","width":555,"height":555},{"@type":"BreadcrumbList","@id":"https:\/\/www.vetorino.com\/boutique\/product\/ziggy-patee-chat-adulte-sterilise-irc-saumon\/#breadcrumb","itemListElement":[{"@type":"ListItem","position":1,"name":"Accueil","item":"https:\/\/www.vetorino.com\/boutique\/"},{"@type":"ListItem","position":2,"name":"Produits","item":"https:\/\/www.vetorino.com\/boutique\/"},{"@type":"ListItem","position":3,"name":"Ziggy p\u00e2t\u00e9e Chat Adulte St\u00e9rilis\u00e9 IRC Saumon"}]},{"@type":"WebSite","@id":"https:\/\/www.vetorino.com\/boutique\/#website","url":"https:\/\/www.vetorino.com\/boutique\/","name":"V\u00e9torino","description":"","publisher":{"@id":"https:\/\/www.vetorino.com\/boutique\/#organization"},"potentialAction":[{"@type":"SearchAction","target":{"@type":"EntryPoint","urlTemplate":"https:\/\/www.vetorino.com\/boutique\/?s={search_term_string}"},"query-input":{"@type":"PropertyValueSpecification","valueRequired":true,"valueName":"search_term_string"}}],"inLanguage":"fr-FR"},{"@type":"Organization","@id":"https:\/\/www.vetorino.com\/boutique\/#organization","name":"V\u00e9torino","url":"https:\/\/www.vetorino.com\/boutique\/","logo":{"@type":"ImageObject","inLanguage":"fr-FR","@id":"https:\/\/www.vetorino.com\/boutique\/#\/schema\/logo\/image\/","url":"https:\/\/www.vetorino.com\/boutique\/wp-content\/uploads\/2024\/10\/logo.jpg","contentUrl":"https:\/\/www.vetorino.com\/boutique\/wp-content\/uploads\/2024\/10\/logo.jpg","width":1200,"height":610,"caption":"V\u00e9torino"},"image":{"@id":"https:\/\/www.vetorino.com\/boutique\/#\/schema\/logo\/image\/"},"sameAs":["https:\/\/www.facebook.com\/Vetorino\/","https:\/\/www.instagram.com\/vetorino_off\/","https:\/\/www.linkedin.com\/company\/vtorino\/"]}]},"product_price_amount":"9.17","product_price_currency":"EUR","og_availability":"instock","product_availability":"instock","product_retailer_item_id":"A-1901910","product_condition":"new"},"_links":{"self":[{"href":"https:\/\/www.vetorino.com\/veterinaire\/beziers-34500\/boutique\/wp-json\/wp\/v2\/product\/1824244","targetHints":{"allow":["GET"]}}],"collection":[{"href":"https:\/\/www.vetorino.com\/veterinaire\/beziers-34500\/boutique\/wp-json\/wp\/v2\/product"}],"about":[{"href":"https:\/\/www.vetorino.com\/veterinaire\/beziers-34500\/boutique\/wp-json\/wp\/v2\/types\/product"}],"wp:featuredmedia":[{"embeddable":true,"href":"https:\/\/www.vetorino.com\/veterinaire\/beziers-34500\/boutique\/wp-json\/wp\/v2\/media\/3520"}],"wp:attachment":[{"href":"https:\/\/www.vetorino.com\/veterinaire\/beziers-34500\/boutique\/wp-json\/wp\/v2\/media?parent=1824244"}],"wp:term":[{"taxonomy":"product_cat","embeddable":true,"href":"https:\/\/www.vetorino.com\/veterinaire\/beziers-34500\/boutique\/wp-json\/wp\/v2\/product_cat?post=1824244"},{"taxonomy":"product_tag","embeddable":true,"href":"https:\/\/www.vetorino.com\/veterinaire\/beziers-34500\/boutique\/wp-json\/wp\/v2\/product_tag?post=1824244"}],"curies":[{"name":"wp","href":"https:\/\/api.w.org\/{rel}","templated":true}]}}