{"id":101994,"date":"2020-06-30T12:35:55","date_gmt":"2020-06-30T10:35:55","guid":{"rendered":"https:\/\/www.vetorino.com\/boutique\/product\/shampoing-sec-pour-nac\/"},"modified":"2026-03-25T11:38:22","modified_gmt":"2026-03-25T10:38:22","slug":"shampoing-sec-pour-nac","status":"publish","type":"product","link":"https:\/\/www.vetorino.com\/veterinaire\/bompas-66430\/boutique\/product\/shampoing-sec-pour-nac\/","title":{"rendered":"Shampoing sec pour Nac"},"content":{"rendered":"<p><strong>Ce shampooing aide \u00e0 nettoyer en douceur et \u00e0 d\u00e9loger les impuret\u00e9s. Il contribue \u00e0 la beaut\u00e9 du pelage et \u00e0 maintenir une peau saine. Sans rin\u00e7age, il aide \u00e0 absorber l&#8217;exc\u00e8s de s\u00e9bum et \u00e0 redonner du volume et de la brillance aux poils. <\/strong><\/p>\n<p><strong>Conditionnement<\/strong> : Pot de 150 g.<\/p>\n<p>Eviter le contact avec les yeux et le nez de l&#8217;animal. Demandez conseil \u00e0 votre v\u00e9t\u00e9rinaire. Lire la notice du produit.<\/p>\n","protected":false},"excerpt":{"rendered":"<p><span class=\"sw\">Ce<\/span> <span class=\"sw\">shampooing<\/span> <span class=\"sw\"><b>\u00e9limine<\/b><\/span> <span class=\"sw\"><b>en<\/b><\/span> <span class=\"sw\"><b>douceur<\/b><\/span> <span class=\"sw\"><b>la<\/b><\/span> <span class=\"sw\"><b>salet\u00e9<\/b><\/span> <span class=\"sw\"><b>et<\/b><\/span> <span class=\"sw\">aide<\/span> <span class=\"sw\">\u00e0<\/span> <span class=\"sw\"><b>la<\/b><\/span> <span class=\"sw\"><b>dissoudre les impuret\u00e9s.<\/b><\/span> <span class=\"sw\">Il<\/span> <span class=\"sw\">contribue<\/span> <span class=\"sw\">\u00e0<\/span> <span class=\"sw\">la<\/span> <span class=\"sw\">beaut\u00e9<\/span> <span class=\"sw\">du<\/span> <span class=\"sw\">pelage<\/span> <span class=\"sw\">et<\/span> <span class=\"sw\">\u00e0<\/span> <span class=\"sw\"><b>la<\/b><\/span> <span class=\"sw\"><b>sant\u00e9<\/b><\/span> <span class=\"sw\"><b>de<\/b><\/span> <span class=\"sw\"><b>la<\/b><\/span> <span class=\"sw\"><b>peau.<\/b><\/span> <span class=\"sw\">Sans<\/span> <span class=\"sw\"><b>rin\u00e7age, il<\/b><\/span>\u00a0<strong><span class=\"sw\">absorbe <\/span><\/strong><span class=\"sw\"><b>l&#8217;exc\u00e8s<\/b><\/span> <span class=\"sw\">de<\/span> <span class=\"sw\">s\u00e9bum<\/span> <span class=\"sw\">et<\/span> <span class=\"sw\">redonne<\/span>\u00a0<span class=\"sw\">du<\/span> <span class=\"sw\">volume<\/span> <span class=\"sw\">et<\/span> <span class=\"sw\">de<\/span> <span class=\"sw\"><b>l&#8217;\u00e9clat<\/b><\/span> <strong>au pelage<\/strong><span class=\"sw\"><b>.<\/b><\/span><\/p>\n<p><strong><span class=\"sw\">Conditionnement<\/span> <span class=\"sw\">:<\/span> <span class=\"sw\">Pot<\/span> <span class=\"sw\">de<\/span> <span class=\"sw\">150<\/span> <span class=\"sw\">g.<\/span><\/strong><\/p>\n","protected":false},"featured_media":492691,"template":"","meta":[],"product_cat":[2744,12617,2727],"product_tag":[],"class_list":{"0":"post-101994","1":"product","2":"type-product","3":"status-publish","4":"has-post-thumbnail","6":"product_cat-furet","7":"product_cat-hygiene-du-furet","8":"product_cat-nac","9":"pa_marque-greenvet","11":"first","12":"instock","13":"taxable","14":"shipping-taxable","15":"purchasable","16":"product-type-simple"},"yoast_head":"<!-- This site is optimized with the Yoast SEO plugin v27.3 - https:\/\/yoast.com\/product\/yoast-seo-wordpress\/ -->\n<title>Shampoing sec pour Nac Greenvet - V\u00e9torino<\/title>\n<meta name=\"description\" content=\"Ce shampooing \u00e9limine en douceur la salet\u00e9 et aide \u00e0 la dissoudre les impuret\u00e9s. Il contribue \u00e0 la beaut\u00e9 du pelage et \u00e0 la sant\u00e9 de la peau. Sans rin\u00e7age, il\u00a0absorbe l&#039;exc\u00e8s de s\u00e9bum et redonne\u00a0du volume et de l&#039;\u00e9clat au pelage.  Conditionnement : Pot de 150 g.\" \/>\n<meta name=\"robots\" content=\"noindex, nofollow\" \/>\n<meta property=\"og:locale\" content=\"fr_FR\" \/>\n<meta property=\"og:type\" content=\"article\" \/>\n<meta property=\"og:title\" content=\"Shampoing sec pour Nac Greenvet - V\u00e9torino\" \/>\n<meta property=\"og:description\" content=\"Ce shampooing \u00e9limine en douceur la salet\u00e9 et aide \u00e0 la dissoudre les impuret\u00e9s. Il contribue \u00e0 la beaut\u00e9 du pelage et \u00e0 la sant\u00e9 de la peau. Sans rin\u00e7age, il\u00a0absorbe l&#039;exc\u00e8s de s\u00e9bum et redonne\u00a0du volume et de l&#039;\u00e9clat au pelage.  Conditionnement : Pot de 150 g.\" \/>\n<meta property=\"og:url\" content=\"https:\/\/www.vetorino.com\/veterinaire\/bompas-66430\/boutique\/product\/shampoing-sec-pour-nac\/\" \/>\n<meta property=\"og:site_name\" content=\"V\u00e9torino\" \/>\n<meta property=\"article:publisher\" content=\"https:\/\/www.facebook.com\/Vetorino\/\" \/>\n<meta property=\"article:modified_time\" content=\"2026-03-25T10:38:22+00:00\" \/>\n<meta property=\"og:image\" content=\"https:\/\/www.vetorino.com\/boutique\/wp-content\/uploads\/2020\/03\/shampooing-sec-lapin-et-furet-18.jpg\" \/>\n\t<meta property=\"og:image:width\" content=\"700\" \/>\n\t<meta property=\"og:image:height\" content=\"800\" \/>\n\t<meta property=\"og:image:type\" content=\"image\/jpeg\" \/>\n<meta name=\"twitter:card\" content=\"summary_large_image\" \/>\n<meta name=\"twitter:label1\" content=\"Prix\" \/>\n\t<meta name=\"twitter:data1\" content=\"12,11&euro;\" \/>\n\t<meta name=\"twitter:label2\" content=\"Disponibilit\u00e9\" \/>\n\t<meta name=\"twitter:data2\" content=\"En stock\" \/>\n<script type=\"application\/ld+json\" class=\"yoast-schema-graph\">{\"@context\":\"https:\\\/\\\/schema.org\",\"@graph\":[{\"@type\":\"WebPage\",\"@id\":\"https:\\\/\\\/www.vetorino.com\\\/veterinaire\\\/plerin-22190\\\/boutique\\\/product\\\/shampoing-sec-pour-nac\\\/\",\"url\":\"https:\\\/\\\/www.vetorino.com\\\/veterinaire\\\/plerin-22190\\\/boutique\\\/product\\\/shampoing-sec-pour-nac\\\/\",\"name\":\"Shampoing sec pour Nac Greenvet - V\u00e9torino\",\"isPartOf\":{\"@id\":\"https:\\\/\\\/www.vetorino.com\\\/boutique\\\/#website\"},\"primaryImageOfPage\":{\"@id\":\"https:\\\/\\\/www.vetorino.com\\\/veterinaire\\\/plerin-22190\\\/boutique\\\/product\\\/shampoing-sec-pour-nac\\\/#primaryimage\"},\"image\":{\"@id\":\"https:\\\/\\\/www.vetorino.com\\\/veterinaire\\\/plerin-22190\\\/boutique\\\/product\\\/shampoing-sec-pour-nac\\\/#primaryimage\"},\"thumbnailUrl\":\"https:\\\/\\\/www.vetorino.com\\\/boutique\\\/wp-content\\\/uploads\\\/2020\\\/03\\\/shampooing-sec-lapin-et-furet-18.jpg\",\"datePublished\":\"2020-06-30T10:35:55+00:00\",\"dateModified\":\"2026-03-25T10:38:22+00:00\",\"description\":\"Ce shampooing \u00e9limine en douceur la salet\u00e9 et aide \u00e0 la dissoudre les impuret\u00e9s. Il contribue \u00e0 la beaut\u00e9 du pelage et \u00e0 la sant\u00e9 de la peau. Sans rin\u00e7age, il\u00a0absorbe l'exc\u00e8s de s\u00e9bum et redonne\u00a0du volume et de l'\u00e9clat au pelage. Conditionnement : Pot de 150 g.\",\"breadcrumb\":{\"@id\":\"https:\\\/\\\/www.vetorino.com\\\/veterinaire\\\/plerin-22190\\\/boutique\\\/product\\\/shampoing-sec-pour-nac\\\/#breadcrumb\"},\"inLanguage\":\"fr-FR\",\"potentialAction\":[{\"@type\":\"ReadAction\",\"target\":[\"https:\\\/\\\/www.vetorino.com\\\/veterinaire\\\/plerin-22190\\\/boutique\\\/product\\\/shampoing-sec-pour-nac\\\/\"]}]},{\"@type\":\"ImageObject\",\"inLanguage\":\"fr-FR\",\"@id\":\"https:\\\/\\\/www.vetorino.com\\\/veterinaire\\\/plerin-22190\\\/boutique\\\/product\\\/shampoing-sec-pour-nac\\\/#primaryimage\",\"url\":\"https:\\\/\\\/www.vetorino.com\\\/boutique\\\/wp-content\\\/uploads\\\/2020\\\/03\\\/shampooing-sec-lapin-et-furet-18.jpg\",\"contentUrl\":\"https:\\\/\\\/www.vetorino.com\\\/boutique\\\/wp-content\\\/uploads\\\/2020\\\/03\\\/shampooing-sec-lapin-et-furet-18.jpg\",\"width\":700,\"height\":800},{\"@type\":\"BreadcrumbList\",\"@id\":\"https:\\\/\\\/www.vetorino.com\\\/veterinaire\\\/plerin-22190\\\/boutique\\\/product\\\/shampoing-sec-pour-nac\\\/#breadcrumb\",\"itemListElement\":[{\"@type\":\"ListItem\",\"position\":1,\"name\":\"Accueil\",\"item\":\"https:\\\/\\\/www.vetorino.com\\\/boutique\\\/\"},{\"@type\":\"ListItem\",\"position\":2,\"name\":\"Produits\",\"item\":\"https:\\\/\\\/www.vetorino.com\\\/boutique\\\/\"},{\"@type\":\"ListItem\",\"position\":3,\"name\":\"Shampoing sec pour Nac\"}]},{\"@type\":\"WebSite\",\"@id\":\"https:\\\/\\\/www.vetorino.com\\\/boutique\\\/#website\",\"url\":\"https:\\\/\\\/www.vetorino.com\\\/boutique\\\/\",\"name\":\"V\u00e9torino\",\"description\":\"\",\"publisher\":{\"@id\":\"https:\\\/\\\/www.vetorino.com\\\/boutique\\\/#organization\"},\"potentialAction\":[{\"@type\":\"SearchAction\",\"target\":{\"@type\":\"EntryPoint\",\"urlTemplate\":\"https:\\\/\\\/www.vetorino.com\\\/boutique\\\/?s={search_term_string}\"},\"query-input\":{\"@type\":\"PropertyValueSpecification\",\"valueRequired\":true,\"valueName\":\"search_term_string\"}}],\"inLanguage\":\"fr-FR\"},{\"@type\":\"Organization\",\"@id\":\"https:\\\/\\\/www.vetorino.com\\\/boutique\\\/#organization\",\"name\":\"V\u00e9torino\",\"url\":\"https:\\\/\\\/www.vetorino.com\\\/boutique\\\/\",\"logo\":{\"@type\":\"ImageObject\",\"inLanguage\":\"fr-FR\",\"@id\":\"https:\\\/\\\/www.vetorino.com\\\/boutique\\\/#\\\/schema\\\/logo\\\/image\\\/\",\"url\":\"https:\\\/\\\/www.vetorino.com\\\/boutique\\\/wp-content\\\/uploads\\\/2024\\\/10\\\/logo.jpg\",\"contentUrl\":\"https:\\\/\\\/www.vetorino.com\\\/boutique\\\/wp-content\\\/uploads\\\/2024\\\/10\\\/logo.jpg\",\"width\":1200,\"height\":610,\"caption\":\"V\u00e9torino\"},\"image\":{\"@id\":\"https:\\\/\\\/www.vetorino.com\\\/boutique\\\/#\\\/schema\\\/logo\\\/image\\\/\"},\"sameAs\":[\"https:\\\/\\\/www.facebook.com\\\/Vetorino\\\/\",\"https:\\\/\\\/www.instagram.com\\\/vetorino_off\\\/\",\"https:\\\/\\\/www.linkedin.com\\\/company\\\/vtorino\\\/\"]}]}<\/script>\n<meta property=\"product:brand\" content=\"Greenvet\" \/>\n<meta property=\"product:price:amount\" content=\"12.11\" \/>\n<meta property=\"product:price:currency\" content=\"EUR\" \/>\n<meta property=\"og:availability\" content=\"instock\" \/>\n<meta property=\"product:availability\" content=\"instock\" \/>\n<meta property=\"product:retailer_item_id\" content=\"C-SHA014\" \/>\n<meta property=\"product:condition\" content=\"new\" \/>\n<!-- \/ Yoast SEO plugin. -->","yoast_head_json":{"title":"Shampoing sec pour Nac Greenvet - V\u00e9torino","description":"Ce shampooing \u00e9limine en douceur la salet\u00e9 et aide \u00e0 la dissoudre les impuret\u00e9s. Il contribue \u00e0 la beaut\u00e9 du pelage et \u00e0 la sant\u00e9 de la peau. Sans rin\u00e7age, il\u00a0absorbe l'exc\u00e8s de s\u00e9bum et redonne\u00a0du volume et de l'\u00e9clat au pelage.  Conditionnement : Pot de 150 g.","robots":{"index":"noindex","follow":"nofollow"},"og_locale":"fr_FR","og_type":"article","og_title":"Shampoing sec pour Nac Greenvet - V\u00e9torino","og_description":"Ce shampooing \u00e9limine en douceur la salet\u00e9 et aide \u00e0 la dissoudre les impuret\u00e9s. Il contribue \u00e0 la beaut\u00e9 du pelage et \u00e0 la sant\u00e9 de la peau. Sans rin\u00e7age, il\u00a0absorbe l'exc\u00e8s de s\u00e9bum et redonne\u00a0du volume et de l'\u00e9clat au pelage.  Conditionnement : Pot de 150 g.","og_url":"https:\/\/www.vetorino.com\/veterinaire\/bompas-66430\/boutique\/product\/shampoing-sec-pour-nac\/","og_site_name":"V\u00e9torino","article_publisher":"https:\/\/www.facebook.com\/Vetorino\/","article_modified_time":"2026-03-25T10:38:22+00:00","og_image":[{"width":700,"height":800,"url":"https:\/\/www.vetorino.com\/boutique\/wp-content\/uploads\/2020\/03\/shampooing-sec-lapin-et-furet-18.jpg","type":"image\/jpeg"}],"twitter_card":"summary_large_image","twitter_misc":{"Prix":"12,11&euro;","Disponibilit\u00e9":"En stock"},"schema":{"@context":"https:\/\/schema.org","@graph":[{"@type":"WebPage","@id":"https:\/\/www.vetorino.com\/veterinaire\/plerin-22190\/boutique\/product\/shampoing-sec-pour-nac\/","url":"https:\/\/www.vetorino.com\/veterinaire\/plerin-22190\/boutique\/product\/shampoing-sec-pour-nac\/","name":"Shampoing sec pour Nac Greenvet - V\u00e9torino","isPartOf":{"@id":"https:\/\/www.vetorino.com\/boutique\/#website"},"primaryImageOfPage":{"@id":"https:\/\/www.vetorino.com\/veterinaire\/plerin-22190\/boutique\/product\/shampoing-sec-pour-nac\/#primaryimage"},"image":{"@id":"https:\/\/www.vetorino.com\/veterinaire\/plerin-22190\/boutique\/product\/shampoing-sec-pour-nac\/#primaryimage"},"thumbnailUrl":"https:\/\/www.vetorino.com\/boutique\/wp-content\/uploads\/2020\/03\/shampooing-sec-lapin-et-furet-18.jpg","datePublished":"2020-06-30T10:35:55+00:00","dateModified":"2026-03-25T10:38:22+00:00","description":"Ce shampooing \u00e9limine en douceur la salet\u00e9 et aide \u00e0 la dissoudre les impuret\u00e9s. Il contribue \u00e0 la beaut\u00e9 du pelage et \u00e0 la sant\u00e9 de la peau. Sans rin\u00e7age, il\u00a0absorbe l'exc\u00e8s de s\u00e9bum et redonne\u00a0du volume et de l'\u00e9clat au pelage. Conditionnement : Pot de 150 g.","breadcrumb":{"@id":"https:\/\/www.vetorino.com\/veterinaire\/plerin-22190\/boutique\/product\/shampoing-sec-pour-nac\/#breadcrumb"},"inLanguage":"fr-FR","potentialAction":[{"@type":"ReadAction","target":["https:\/\/www.vetorino.com\/veterinaire\/plerin-22190\/boutique\/product\/shampoing-sec-pour-nac\/"]}]},{"@type":"ImageObject","inLanguage":"fr-FR","@id":"https:\/\/www.vetorino.com\/veterinaire\/plerin-22190\/boutique\/product\/shampoing-sec-pour-nac\/#primaryimage","url":"https:\/\/www.vetorino.com\/boutique\/wp-content\/uploads\/2020\/03\/shampooing-sec-lapin-et-furet-18.jpg","contentUrl":"https:\/\/www.vetorino.com\/boutique\/wp-content\/uploads\/2020\/03\/shampooing-sec-lapin-et-furet-18.jpg","width":700,"height":800},{"@type":"BreadcrumbList","@id":"https:\/\/www.vetorino.com\/veterinaire\/plerin-22190\/boutique\/product\/shampoing-sec-pour-nac\/#breadcrumb","itemListElement":[{"@type":"ListItem","position":1,"name":"Accueil","item":"https:\/\/www.vetorino.com\/boutique\/"},{"@type":"ListItem","position":2,"name":"Produits","item":"https:\/\/www.vetorino.com\/boutique\/"},{"@type":"ListItem","position":3,"name":"Shampoing sec pour Nac"}]},{"@type":"WebSite","@id":"https:\/\/www.vetorino.com\/boutique\/#website","url":"https:\/\/www.vetorino.com\/boutique\/","name":"V\u00e9torino","description":"","publisher":{"@id":"https:\/\/www.vetorino.com\/boutique\/#organization"},"potentialAction":[{"@type":"SearchAction","target":{"@type":"EntryPoint","urlTemplate":"https:\/\/www.vetorino.com\/boutique\/?s={search_term_string}"},"query-input":{"@type":"PropertyValueSpecification","valueRequired":true,"valueName":"search_term_string"}}],"inLanguage":"fr-FR"},{"@type":"Organization","@id":"https:\/\/www.vetorino.com\/boutique\/#organization","name":"V\u00e9torino","url":"https:\/\/www.vetorino.com\/boutique\/","logo":{"@type":"ImageObject","inLanguage":"fr-FR","@id":"https:\/\/www.vetorino.com\/boutique\/#\/schema\/logo\/image\/","url":"https:\/\/www.vetorino.com\/boutique\/wp-content\/uploads\/2024\/10\/logo.jpg","contentUrl":"https:\/\/www.vetorino.com\/boutique\/wp-content\/uploads\/2024\/10\/logo.jpg","width":1200,"height":610,"caption":"V\u00e9torino"},"image":{"@id":"https:\/\/www.vetorino.com\/boutique\/#\/schema\/logo\/image\/"},"sameAs":["https:\/\/www.facebook.com\/Vetorino\/","https:\/\/www.instagram.com\/vetorino_off\/","https:\/\/www.linkedin.com\/company\/vtorino\/"]}]},"product_brand":"Greenvet","product_price_amount":"12.11","product_price_currency":"EUR","og_availability":"instock","product_availability":"instock","product_retailer_item_id":"C-SHA014","product_condition":"new"},"_links":{"self":[{"href":"https:\/\/www.vetorino.com\/veterinaire\/bompas-66430\/boutique\/wp-json\/wp\/v2\/product\/101994","targetHints":{"allow":["GET"]}}],"collection":[{"href":"https:\/\/www.vetorino.com\/veterinaire\/bompas-66430\/boutique\/wp-json\/wp\/v2\/product"}],"about":[{"href":"https:\/\/www.vetorino.com\/veterinaire\/bompas-66430\/boutique\/wp-json\/wp\/v2\/types\/product"}],"wp:featuredmedia":[{"embeddable":true,"href":"https:\/\/www.vetorino.com\/veterinaire\/bompas-66430\/boutique\/wp-json\/wp\/v2\/media\/492691"}],"wp:attachment":[{"href":"https:\/\/www.vetorino.com\/veterinaire\/bompas-66430\/boutique\/wp-json\/wp\/v2\/media?parent=101994"}],"wp:term":[{"taxonomy":"product_cat","embeddable":true,"href":"https:\/\/www.vetorino.com\/veterinaire\/bompas-66430\/boutique\/wp-json\/wp\/v2\/product_cat?post=101994"},{"taxonomy":"product_tag","embeddable":true,"href":"https:\/\/www.vetorino.com\/veterinaire\/bompas-66430\/boutique\/wp-json\/wp\/v2\/product_tag?post=101994"}],"curies":[{"name":"wp","href":"https:\/\/api.w.org\/{rel}","templated":true}]}}