{"id":94629,"date":"2020-06-29T15:07:04","date_gmt":"2020-06-29T13:07:04","guid":{"rendered":"https:\/\/www.vetorino.com\/boutique\/product\/couteau-anglais-renette-simple-coupe\/"},"modified":"2026-04-03T05:44:12","modified_gmt":"2026-04-03T03:44:12","slug":"couteau-anglais-renette-simple-coupe","status":"publish","type":"product","link":"https:\/\/www.vetorino.com\/veterinaire\/bompas-66430\/boutique\/product\/couteau-anglais-renette-simple-coupe\/","title":{"rendered":"Couteau anglais\/r\u00e9nette simple coupe"},"content":{"rendered":"<p>La\u00a0<strong>renette<\/strong> est un des outils must-have des \u00e9curies pour pouvoir parer un sabot et g\u00e9rer les urgences li\u00e9es au ferrage et parage des chevaux. Elle est notamment utile pour parer la sole ou creuser le sabot pour chercher un abc\u00e8s<\/p>\n","protected":false},"excerpt":{"rendered":"<p>La\u00a0<strong>renette<\/strong> est un des outils must-have des \u00e9curies pour pouvoir parer un sabot et g\u00e9rer les urgences li\u00e9es au ferrage et parage des chevaux. Elle est notamment utile pour parer la sole ou creuser le sabot pour chercher un abc\u00e8s<\/p>\n","protected":false},"featured_media":213102,"template":"","meta":[],"product_cat":[12549,12547,12760,12755,12754],"product_tag":[],"class_list":{"0":"post-94629","1":"product","2":"type-product","3":"status-publish","4":"has-post-thumbnail","6":"product_cat-accessoires-du-cheval","7":"product_cat-cheval","8":"product_cat-materiel-et-equipement-du-cheval","9":"product_cat-soins-des-pieds-du-cheval","10":"product_cat-soins-au-quotidien-du-cheval","11":"pa_marque-genia","13":"first","14":"instock","15":"taxable","16":"shipping-taxable","17":"purchasable","18":"product-type-simple"},"yoast_head":"<!-- This site is optimized with the Yoast SEO plugin v27.3 - https:\/\/yoast.com\/product\/yoast-seo-wordpress\/ -->\n<title>Couteau anglais\/r\u00e9nette simple coupe Genia - V\u00e9torino<\/title>\n<meta name=\"description\" content=\"La\u00a0renette est un des outils must-have des \u00e9curies pour pouvoir parer un sabot et g\u00e9rer les urgences li\u00e9es au ferrage et parage des chevaux. Elle est notamment utile pour parer la sole ou creuser le sabot pour chercher un abc\u00e8s\" \/>\n<meta name=\"robots\" content=\"noindex, nofollow\" \/>\n<meta property=\"og:locale\" content=\"fr_FR\" \/>\n<meta property=\"og:type\" content=\"article\" \/>\n<meta property=\"og:title\" content=\"Couteau anglais\/r\u00e9nette simple coupe Genia - V\u00e9torino\" \/>\n<meta property=\"og:description\" content=\"La\u00a0renette est un des outils must-have des \u00e9curies pour pouvoir parer un sabot et g\u00e9rer les urgences li\u00e9es au ferrage et parage des chevaux. Elle est notamment utile pour parer la sole ou creuser le sabot pour chercher un abc\u00e8s\" \/>\n<meta property=\"og:url\" content=\"https:\/\/www.vetorino.com\/veterinaire\/bompas-66430\/boutique\/product\/couteau-anglais-renette-simple-coupe\/\" \/>\n<meta property=\"og:site_name\" content=\"V\u00e9torino\" \/>\n<meta property=\"article:publisher\" content=\"https:\/\/www.facebook.com\/Vetorino\/\" \/>\n<meta property=\"article:modified_time\" content=\"2026-04-03T03:44:12+00:00\" \/>\n<meta property=\"og:image\" content=\"https:\/\/www.vetorino.com\/boutique\/wp-content\/uploads\/2020\/06\/renette.jpg\" \/>\n\t<meta property=\"og:image:width\" content=\"458\" \/>\n\t<meta property=\"og:image:height\" content=\"458\" \/>\n\t<meta property=\"og:image:type\" content=\"image\/jpeg\" \/>\n<meta name=\"twitter:card\" content=\"summary_large_image\" \/>\n<meta name=\"twitter:label1\" content=\"Prix\" \/>\n\t<meta name=\"twitter:data1\" content=\"20,95&euro;\" \/>\n\t<meta name=\"twitter:label2\" content=\"Disponibilit\u00e9\" \/>\n\t<meta name=\"twitter:data2\" content=\"En stock\" \/>\n<script type=\"application\/ld+json\" class=\"yoast-schema-graph\">{\"@context\":\"https:\\\/\\\/schema.org\",\"@graph\":[{\"@type\":\"WebPage\",\"@id\":\"https:\\\/\\\/www.vetorino.com\\\/boutique\\\/product\\\/couteau-anglais-renette-simple-coupe\\\/\",\"url\":\"https:\\\/\\\/www.vetorino.com\\\/boutique\\\/product\\\/couteau-anglais-renette-simple-coupe\\\/\",\"name\":\"Couteau anglais\\\/r\u00e9nette simple coupe Genia - V\u00e9torino\",\"isPartOf\":{\"@id\":\"https:\\\/\\\/www.vetorino.com\\\/boutique\\\/#website\"},\"primaryImageOfPage\":{\"@id\":\"https:\\\/\\\/www.vetorino.com\\\/boutique\\\/product\\\/couteau-anglais-renette-simple-coupe\\\/#primaryimage\"},\"image\":{\"@id\":\"https:\\\/\\\/www.vetorino.com\\\/boutique\\\/product\\\/couteau-anglais-renette-simple-coupe\\\/#primaryimage\"},\"thumbnailUrl\":\"https:\\\/\\\/www.vetorino.com\\\/boutique\\\/wp-content\\\/uploads\\\/2020\\\/06\\\/renette.jpg\",\"datePublished\":\"2020-06-29T13:07:04+00:00\",\"dateModified\":\"2026-04-03T03:44:12+00:00\",\"description\":\"La\u00a0renette est un des outils must-have des \u00e9curies pour pouvoir parer un sabot et g\u00e9rer les urgences li\u00e9es au ferrage et parage des chevaux. Elle est notamment utile pour parer la sole ou creuser le sabot pour chercher un abc\u00e8s\",\"breadcrumb\":{\"@id\":\"https:\\\/\\\/www.vetorino.com\\\/boutique\\\/product\\\/couteau-anglais-renette-simple-coupe\\\/#breadcrumb\"},\"inLanguage\":\"fr-FR\",\"potentialAction\":[{\"@type\":\"ReadAction\",\"target\":[\"https:\\\/\\\/www.vetorino.com\\\/boutique\\\/product\\\/couteau-anglais-renette-simple-coupe\\\/\"]}]},{\"@type\":\"ImageObject\",\"inLanguage\":\"fr-FR\",\"@id\":\"https:\\\/\\\/www.vetorino.com\\\/boutique\\\/product\\\/couteau-anglais-renette-simple-coupe\\\/#primaryimage\",\"url\":\"https:\\\/\\\/www.vetorino.com\\\/boutique\\\/wp-content\\\/uploads\\\/2020\\\/06\\\/renette.jpg\",\"contentUrl\":\"https:\\\/\\\/www.vetorino.com\\\/boutique\\\/wp-content\\\/uploads\\\/2020\\\/06\\\/renette.jpg\",\"width\":458,\"height\":458},{\"@type\":\"BreadcrumbList\",\"@id\":\"https:\\\/\\\/www.vetorino.com\\\/boutique\\\/product\\\/couteau-anglais-renette-simple-coupe\\\/#breadcrumb\",\"itemListElement\":[{\"@type\":\"ListItem\",\"position\":1,\"name\":\"Accueil\",\"item\":\"https:\\\/\\\/www.vetorino.com\\\/boutique\\\/\"},{\"@type\":\"ListItem\",\"position\":2,\"name\":\"Produits\",\"item\":\"https:\\\/\\\/www.vetorino.com\\\/boutique\\\/\"},{\"@type\":\"ListItem\",\"position\":3,\"name\":\"Couteau anglais\\\/r\u00e9nette simple coupe\"}]},{\"@type\":\"WebSite\",\"@id\":\"https:\\\/\\\/www.vetorino.com\\\/boutique\\\/#website\",\"url\":\"https:\\\/\\\/www.vetorino.com\\\/boutique\\\/\",\"name\":\"V\u00e9torino\",\"description\":\"\",\"publisher\":{\"@id\":\"https:\\\/\\\/www.vetorino.com\\\/boutique\\\/#organization\"},\"potentialAction\":[{\"@type\":\"SearchAction\",\"target\":{\"@type\":\"EntryPoint\",\"urlTemplate\":\"https:\\\/\\\/www.vetorino.com\\\/boutique\\\/?s={search_term_string}\"},\"query-input\":{\"@type\":\"PropertyValueSpecification\",\"valueRequired\":true,\"valueName\":\"search_term_string\"}}],\"inLanguage\":\"fr-FR\"},{\"@type\":\"Organization\",\"@id\":\"https:\\\/\\\/www.vetorino.com\\\/boutique\\\/#organization\",\"name\":\"V\u00e9torino\",\"url\":\"https:\\\/\\\/www.vetorino.com\\\/boutique\\\/\",\"logo\":{\"@type\":\"ImageObject\",\"inLanguage\":\"fr-FR\",\"@id\":\"https:\\\/\\\/www.vetorino.com\\\/boutique\\\/#\\\/schema\\\/logo\\\/image\\\/\",\"url\":\"https:\\\/\\\/www.vetorino.com\\\/boutique\\\/wp-content\\\/uploads\\\/2024\\\/10\\\/logo.jpg\",\"contentUrl\":\"https:\\\/\\\/www.vetorino.com\\\/boutique\\\/wp-content\\\/uploads\\\/2024\\\/10\\\/logo.jpg\",\"width\":1200,\"height\":610,\"caption\":\"V\u00e9torino\"},\"image\":{\"@id\":\"https:\\\/\\\/www.vetorino.com\\\/boutique\\\/#\\\/schema\\\/logo\\\/image\\\/\"},\"sameAs\":[\"https:\\\/\\\/www.facebook.com\\\/Vetorino\\\/\",\"https:\\\/\\\/www.instagram.com\\\/vetorino_off\\\/\",\"https:\\\/\\\/www.linkedin.com\\\/company\\\/vtorino\\\/\"]}]}<\/script>\n<meta property=\"product:brand\" content=\"Genia\" \/>\n<meta property=\"product:price:amount\" content=\"20.95\" \/>\n<meta property=\"product:price:currency\" content=\"EUR\" \/>\n<meta property=\"og:availability\" content=\"instock\" \/>\n<meta property=\"product:availability\" content=\"instock\" \/>\n<meta property=\"product:retailer_item_id\" content=\"C-COU036\" \/>\n<meta property=\"product:condition\" content=\"new\" \/>\n<!-- \/ Yoast SEO plugin. -->","yoast_head_json":{"title":"Couteau anglais\/r\u00e9nette simple coupe Genia - V\u00e9torino","description":"La\u00a0renette est un des outils must-have des \u00e9curies pour pouvoir parer un sabot et g\u00e9rer les urgences li\u00e9es au ferrage et parage des chevaux. Elle est notamment utile pour parer la sole ou creuser le sabot pour chercher un abc\u00e8s","robots":{"index":"noindex","follow":"nofollow"},"og_locale":"fr_FR","og_type":"article","og_title":"Couteau anglais\/r\u00e9nette simple coupe Genia - V\u00e9torino","og_description":"La\u00a0renette est un des outils must-have des \u00e9curies pour pouvoir parer un sabot et g\u00e9rer les urgences li\u00e9es au ferrage et parage des chevaux. Elle est notamment utile pour parer la sole ou creuser le sabot pour chercher un abc\u00e8s","og_url":"https:\/\/www.vetorino.com\/veterinaire\/bompas-66430\/boutique\/product\/couteau-anglais-renette-simple-coupe\/","og_site_name":"V\u00e9torino","article_publisher":"https:\/\/www.facebook.com\/Vetorino\/","article_modified_time":"2026-04-03T03:44:12+00:00","og_image":[{"width":458,"height":458,"url":"https:\/\/www.vetorino.com\/boutique\/wp-content\/uploads\/2020\/06\/renette.jpg","type":"image\/jpeg"}],"twitter_card":"summary_large_image","twitter_misc":{"Prix":"20,95&euro;","Disponibilit\u00e9":"En stock"},"schema":{"@context":"https:\/\/schema.org","@graph":[{"@type":"WebPage","@id":"https:\/\/www.vetorino.com\/boutique\/product\/couteau-anglais-renette-simple-coupe\/","url":"https:\/\/www.vetorino.com\/boutique\/product\/couteau-anglais-renette-simple-coupe\/","name":"Couteau anglais\/r\u00e9nette simple coupe Genia - V\u00e9torino","isPartOf":{"@id":"https:\/\/www.vetorino.com\/boutique\/#website"},"primaryImageOfPage":{"@id":"https:\/\/www.vetorino.com\/boutique\/product\/couteau-anglais-renette-simple-coupe\/#primaryimage"},"image":{"@id":"https:\/\/www.vetorino.com\/boutique\/product\/couteau-anglais-renette-simple-coupe\/#primaryimage"},"thumbnailUrl":"https:\/\/www.vetorino.com\/boutique\/wp-content\/uploads\/2020\/06\/renette.jpg","datePublished":"2020-06-29T13:07:04+00:00","dateModified":"2026-04-03T03:44:12+00:00","description":"La\u00a0renette est un des outils must-have des \u00e9curies pour pouvoir parer un sabot et g\u00e9rer les urgences li\u00e9es au ferrage et parage des chevaux. Elle est notamment utile pour parer la sole ou creuser le sabot pour chercher un abc\u00e8s","breadcrumb":{"@id":"https:\/\/www.vetorino.com\/boutique\/product\/couteau-anglais-renette-simple-coupe\/#breadcrumb"},"inLanguage":"fr-FR","potentialAction":[{"@type":"ReadAction","target":["https:\/\/www.vetorino.com\/boutique\/product\/couteau-anglais-renette-simple-coupe\/"]}]},{"@type":"ImageObject","inLanguage":"fr-FR","@id":"https:\/\/www.vetorino.com\/boutique\/product\/couteau-anglais-renette-simple-coupe\/#primaryimage","url":"https:\/\/www.vetorino.com\/boutique\/wp-content\/uploads\/2020\/06\/renette.jpg","contentUrl":"https:\/\/www.vetorino.com\/boutique\/wp-content\/uploads\/2020\/06\/renette.jpg","width":458,"height":458},{"@type":"BreadcrumbList","@id":"https:\/\/www.vetorino.com\/boutique\/product\/couteau-anglais-renette-simple-coupe\/#breadcrumb","itemListElement":[{"@type":"ListItem","position":1,"name":"Accueil","item":"https:\/\/www.vetorino.com\/boutique\/"},{"@type":"ListItem","position":2,"name":"Produits","item":"https:\/\/www.vetorino.com\/boutique\/"},{"@type":"ListItem","position":3,"name":"Couteau anglais\/r\u00e9nette simple coupe"}]},{"@type":"WebSite","@id":"https:\/\/www.vetorino.com\/boutique\/#website","url":"https:\/\/www.vetorino.com\/boutique\/","name":"V\u00e9torino","description":"","publisher":{"@id":"https:\/\/www.vetorino.com\/boutique\/#organization"},"potentialAction":[{"@type":"SearchAction","target":{"@type":"EntryPoint","urlTemplate":"https:\/\/www.vetorino.com\/boutique\/?s={search_term_string}"},"query-input":{"@type":"PropertyValueSpecification","valueRequired":true,"valueName":"search_term_string"}}],"inLanguage":"fr-FR"},{"@type":"Organization","@id":"https:\/\/www.vetorino.com\/boutique\/#organization","name":"V\u00e9torino","url":"https:\/\/www.vetorino.com\/boutique\/","logo":{"@type":"ImageObject","inLanguage":"fr-FR","@id":"https:\/\/www.vetorino.com\/boutique\/#\/schema\/logo\/image\/","url":"https:\/\/www.vetorino.com\/boutique\/wp-content\/uploads\/2024\/10\/logo.jpg","contentUrl":"https:\/\/www.vetorino.com\/boutique\/wp-content\/uploads\/2024\/10\/logo.jpg","width":1200,"height":610,"caption":"V\u00e9torino"},"image":{"@id":"https:\/\/www.vetorino.com\/boutique\/#\/schema\/logo\/image\/"},"sameAs":["https:\/\/www.facebook.com\/Vetorino\/","https:\/\/www.instagram.com\/vetorino_off\/","https:\/\/www.linkedin.com\/company\/vtorino\/"]}]},"product_brand":"Genia","product_price_amount":"20.95","product_price_currency":"EUR","og_availability":"instock","product_availability":"instock","product_retailer_item_id":"C-COU036","product_condition":"new"},"_links":{"self":[{"href":"https:\/\/www.vetorino.com\/veterinaire\/bompas-66430\/boutique\/wp-json\/wp\/v2\/product\/94629","targetHints":{"allow":["GET"]}}],"collection":[{"href":"https:\/\/www.vetorino.com\/veterinaire\/bompas-66430\/boutique\/wp-json\/wp\/v2\/product"}],"about":[{"href":"https:\/\/www.vetorino.com\/veterinaire\/bompas-66430\/boutique\/wp-json\/wp\/v2\/types\/product"}],"wp:featuredmedia":[{"embeddable":true,"href":"https:\/\/www.vetorino.com\/veterinaire\/bompas-66430\/boutique\/wp-json\/wp\/v2\/media\/213102"}],"wp:attachment":[{"href":"https:\/\/www.vetorino.com\/veterinaire\/bompas-66430\/boutique\/wp-json\/wp\/v2\/media?parent=94629"}],"wp:term":[{"taxonomy":"product_cat","embeddable":true,"href":"https:\/\/www.vetorino.com\/veterinaire\/bompas-66430\/boutique\/wp-json\/wp\/v2\/product_cat?post=94629"},{"taxonomy":"product_tag","embeddable":true,"href":"https:\/\/www.vetorino.com\/veterinaire\/bompas-66430\/boutique\/wp-json\/wp\/v2\/product_tag?post=94629"}],"curies":[{"name":"wp","href":"https:\/\/api.w.org\/{rel}","templated":true}]}}