{"id":94933,"date":"2020-06-29T16:57:27","date_gmt":"2020-06-29T14:57:27","guid":{"rendered":"https:\/\/www.vetorino.com\/boutique\/product\/dermosoft\/"},"modified":"2026-03-26T16:43:24","modified_gmt":"2026-03-26T15:43:24","slug":"dermosoft","status":"publish","type":"product","link":"https:\/\/www.vetorino.com\/veterinaire\/bompas-66430\/boutique\/product\/dermosoft\/","title":{"rendered":"Dermosoft"},"content":{"rendered":"<p><strong>Dermosoft <\/strong>de <strong>Horse Master<\/strong> est une cr\u00e8me \u00e9paisse destin\u00e9e \u00e0 soigner les crevasses et la gale de boue chez le cheval, riche en extraits de plantes, soufre et oxyde de zinc.<\/p>\n<p>Sa texture \u00e9paisse lui assure une bonne adh\u00e9rence \u00e0 la peau et au poil.<\/p>\n","protected":false},"excerpt":{"rendered":"<p><strong>Dermosoft <\/strong>de <strong>Horse Master<\/strong> est une cr\u00e8me \u00e9paisse destin\u00e9e \u00e0 soigner les crevasses et la gale de boue chez le cheval, riche en extraits de plantes, soufre et oxyde de zinc.<\/p>\n<p>Sa texture \u00e9paisse lui assure une bonne adh\u00e9rence \u00e0 la peau et au poil.<\/p>\n","protected":false},"featured_media":212748,"template":"","meta":[],"product_cat":[12547,12565,12754],"product_tag":[],"class_list":{"0":"post-94933","1":"product","2":"type-product","3":"status-publish","4":"has-post-thumbnail","6":"product_cat-cheval","7":"product_cat-peau-corne-crin-du-cheval","8":"product_cat-soins-au-quotidien-du-cheval","9":"pa_marque-pommier-nutriti","11":"first","12":"instock","13":"taxable","14":"shipping-taxable","15":"purchasable","16":"product-type-simple"},"yoast_head":"<!-- This site is optimized with the Yoast SEO plugin v27.3 - https:\/\/yoast.com\/product\/yoast-seo-wordpress\/ -->\n<title>Dermosoft Pommier Nutrition - V\u00e9torino<\/title>\n<meta name=\"description\" content=\"Dermosoft de Horse Master est une cr\u00e8me \u00e9paisse destin\u00e9e \u00e0 soigner les crevasses et la gale de boue chez le cheval, riche en extraits de plantes, soufre et oxyde de zinc.  Sa texture \u00e9paisse lui assure une bonne adh\u00e9rence \u00e0 la peau et au poil.\" \/>\n<meta name=\"robots\" content=\"noindex, nofollow\" \/>\n<meta property=\"og:locale\" content=\"fr_FR\" \/>\n<meta property=\"og:type\" content=\"article\" \/>\n<meta property=\"og:title\" content=\"Dermosoft Pommier Nutrition - V\u00e9torino\" \/>\n<meta property=\"og:description\" content=\"Dermosoft de Horse Master est une cr\u00e8me \u00e9paisse destin\u00e9e \u00e0 soigner les crevasses et la gale de boue chez le cheval, riche en extraits de plantes, soufre et oxyde de zinc.  Sa texture \u00e9paisse lui assure une bonne adh\u00e9rence \u00e0 la peau et au poil.\" \/>\n<meta property=\"og:url\" content=\"https:\/\/www.vetorino.com\/veterinaire\/bompas-66430\/boutique\/product\/dermosoft\/\" \/>\n<meta property=\"og:site_name\" content=\"V\u00e9torino\" \/>\n<meta property=\"article:publisher\" content=\"https:\/\/www.facebook.com\/Vetorino\/\" \/>\n<meta property=\"article:modified_time\" content=\"2026-03-26T15:43:24+00:00\" \/>\n<meta property=\"og:image\" content=\"https:\/\/www.vetorino.com\/boutique\/wp-content\/uploads\/2021\/05\/dermosoft-horse-master.jpg\" \/>\n\t<meta property=\"og:image:width\" content=\"458\" \/>\n\t<meta property=\"og:image:height\" content=\"458\" \/>\n\t<meta property=\"og:image:type\" content=\"image\/jpeg\" \/>\n<meta name=\"twitter:card\" content=\"summary_large_image\" \/>\n<meta name=\"twitter:label1\" content=\"Prix\" \/>\n\t<meta name=\"twitter:data1\" content=\"52,22&euro;\" \/>\n\t<meta name=\"twitter:label2\" content=\"Disponibilit\u00e9\" \/>\n\t<meta name=\"twitter:data2\" content=\"En stock\" \/>\n<script type=\"application\/ld+json\" class=\"yoast-schema-graph\">{\"@context\":\"https:\\\/\\\/schema.org\",\"@graph\":[{\"@type\":\"WebPage\",\"@id\":\"https:\\\/\\\/www.vetorino.com\\\/veterinaire\\\/champs-sur-marne-77420\\\/boutique\\\/product\\\/dermosoft\\\/\",\"url\":\"https:\\\/\\\/www.vetorino.com\\\/veterinaire\\\/champs-sur-marne-77420\\\/boutique\\\/product\\\/dermosoft\\\/\",\"name\":\"Dermosoft Pommier Nutrition - V\u00e9torino\",\"isPartOf\":{\"@id\":\"https:\\\/\\\/www.vetorino.com\\\/boutique\\\/#website\"},\"primaryImageOfPage\":{\"@id\":\"https:\\\/\\\/www.vetorino.com\\\/veterinaire\\\/champs-sur-marne-77420\\\/boutique\\\/product\\\/dermosoft\\\/#primaryimage\"},\"image\":{\"@id\":\"https:\\\/\\\/www.vetorino.com\\\/veterinaire\\\/champs-sur-marne-77420\\\/boutique\\\/product\\\/dermosoft\\\/#primaryimage\"},\"thumbnailUrl\":\"https:\\\/\\\/www.vetorino.com\\\/boutique\\\/wp-content\\\/uploads\\\/2021\\\/05\\\/dermosoft-horse-master.jpg\",\"datePublished\":\"2020-06-29T14:57:27+00:00\",\"dateModified\":\"2026-03-26T15:43:24+00:00\",\"description\":\"Dermosoft de Horse Master est une cr\u00e8me \u00e9paisse destin\u00e9e \u00e0 soigner les crevasses et la gale de boue chez le cheval, riche en extraits de plantes, soufre et oxyde de zinc. Sa texture \u00e9paisse lui assure une bonne adh\u00e9rence \u00e0 la peau et au poil.\",\"breadcrumb\":{\"@id\":\"https:\\\/\\\/www.vetorino.com\\\/veterinaire\\\/champs-sur-marne-77420\\\/boutique\\\/product\\\/dermosoft\\\/#breadcrumb\"},\"inLanguage\":\"fr-FR\",\"potentialAction\":[{\"@type\":\"ReadAction\",\"target\":[\"https:\\\/\\\/www.vetorino.com\\\/veterinaire\\\/champs-sur-marne-77420\\\/boutique\\\/product\\\/dermosoft\\\/\"]}]},{\"@type\":\"ImageObject\",\"inLanguage\":\"fr-FR\",\"@id\":\"https:\\\/\\\/www.vetorino.com\\\/veterinaire\\\/champs-sur-marne-77420\\\/boutique\\\/product\\\/dermosoft\\\/#primaryimage\",\"url\":\"https:\\\/\\\/www.vetorino.com\\\/boutique\\\/wp-content\\\/uploads\\\/2021\\\/05\\\/dermosoft-horse-master.jpg\",\"contentUrl\":\"https:\\\/\\\/www.vetorino.com\\\/boutique\\\/wp-content\\\/uploads\\\/2021\\\/05\\\/dermosoft-horse-master.jpg\",\"width\":458,\"height\":458},{\"@type\":\"BreadcrumbList\",\"@id\":\"https:\\\/\\\/www.vetorino.com\\\/veterinaire\\\/champs-sur-marne-77420\\\/boutique\\\/product\\\/dermosoft\\\/#breadcrumb\",\"itemListElement\":[{\"@type\":\"ListItem\",\"position\":1,\"name\":\"Accueil\",\"item\":\"https:\\\/\\\/www.vetorino.com\\\/boutique\\\/\"},{\"@type\":\"ListItem\",\"position\":2,\"name\":\"Produits\",\"item\":\"https:\\\/\\\/www.vetorino.com\\\/boutique\\\/\"},{\"@type\":\"ListItem\",\"position\":3,\"name\":\"Dermosoft\"}]},{\"@type\":\"WebSite\",\"@id\":\"https:\\\/\\\/www.vetorino.com\\\/boutique\\\/#website\",\"url\":\"https:\\\/\\\/www.vetorino.com\\\/boutique\\\/\",\"name\":\"V\u00e9torino\",\"description\":\"\",\"publisher\":{\"@id\":\"https:\\\/\\\/www.vetorino.com\\\/boutique\\\/#organization\"},\"potentialAction\":[{\"@type\":\"SearchAction\",\"target\":{\"@type\":\"EntryPoint\",\"urlTemplate\":\"https:\\\/\\\/www.vetorino.com\\\/boutique\\\/?s={search_term_string}\"},\"query-input\":{\"@type\":\"PropertyValueSpecification\",\"valueRequired\":true,\"valueName\":\"search_term_string\"}}],\"inLanguage\":\"fr-FR\"},{\"@type\":\"Organization\",\"@id\":\"https:\\\/\\\/www.vetorino.com\\\/boutique\\\/#organization\",\"name\":\"V\u00e9torino\",\"url\":\"https:\\\/\\\/www.vetorino.com\\\/boutique\\\/\",\"logo\":{\"@type\":\"ImageObject\",\"inLanguage\":\"fr-FR\",\"@id\":\"https:\\\/\\\/www.vetorino.com\\\/boutique\\\/#\\\/schema\\\/logo\\\/image\\\/\",\"url\":\"https:\\\/\\\/www.vetorino.com\\\/boutique\\\/wp-content\\\/uploads\\\/2024\\\/10\\\/logo.jpg\",\"contentUrl\":\"https:\\\/\\\/www.vetorino.com\\\/boutique\\\/wp-content\\\/uploads\\\/2024\\\/10\\\/logo.jpg\",\"width\":1200,\"height\":610,\"caption\":\"V\u00e9torino\"},\"image\":{\"@id\":\"https:\\\/\\\/www.vetorino.com\\\/boutique\\\/#\\\/schema\\\/logo\\\/image\\\/\"},\"sameAs\":[\"https:\\\/\\\/www.facebook.com\\\/Vetorino\\\/\",\"https:\\\/\\\/www.instagram.com\\\/vetorino_off\\\/\",\"https:\\\/\\\/www.linkedin.com\\\/company\\\/vtorino\\\/\"]}]}<\/script>\n<meta property=\"product:brand\" content=\"Pommier Nutrition\" \/>\n<meta property=\"product:price:amount\" content=\"52.22\" \/>\n<meta property=\"product:price:currency\" content=\"EUR\" \/>\n<meta property=\"og:availability\" content=\"instock\" \/>\n<meta property=\"product:availability\" content=\"instock\" \/>\n<meta property=\"product:retailer_item_id\" content=\"C-DER052\" \/>\n<meta property=\"product:condition\" content=\"new\" \/>\n<!-- \/ Yoast SEO plugin. -->","yoast_head_json":{"title":"Dermosoft Pommier Nutrition - V\u00e9torino","description":"Dermosoft de Horse Master est une cr\u00e8me \u00e9paisse destin\u00e9e \u00e0 soigner les crevasses et la gale de boue chez le cheval, riche en extraits de plantes, soufre et oxyde de zinc.  Sa texture \u00e9paisse lui assure une bonne adh\u00e9rence \u00e0 la peau et au poil.","robots":{"index":"noindex","follow":"nofollow"},"og_locale":"fr_FR","og_type":"article","og_title":"Dermosoft Pommier Nutrition - V\u00e9torino","og_description":"Dermosoft de Horse Master est une cr\u00e8me \u00e9paisse destin\u00e9e \u00e0 soigner les crevasses et la gale de boue chez le cheval, riche en extraits de plantes, soufre et oxyde de zinc.  Sa texture \u00e9paisse lui assure une bonne adh\u00e9rence \u00e0 la peau et au poil.","og_url":"https:\/\/www.vetorino.com\/veterinaire\/bompas-66430\/boutique\/product\/dermosoft\/","og_site_name":"V\u00e9torino","article_publisher":"https:\/\/www.facebook.com\/Vetorino\/","article_modified_time":"2026-03-26T15:43:24+00:00","og_image":[{"width":458,"height":458,"url":"https:\/\/www.vetorino.com\/boutique\/wp-content\/uploads\/2021\/05\/dermosoft-horse-master.jpg","type":"image\/jpeg"}],"twitter_card":"summary_large_image","twitter_misc":{"Prix":"52,22&euro;","Disponibilit\u00e9":"En stock"},"schema":{"@context":"https:\/\/schema.org","@graph":[{"@type":"WebPage","@id":"https:\/\/www.vetorino.com\/veterinaire\/champs-sur-marne-77420\/boutique\/product\/dermosoft\/","url":"https:\/\/www.vetorino.com\/veterinaire\/champs-sur-marne-77420\/boutique\/product\/dermosoft\/","name":"Dermosoft Pommier Nutrition - V\u00e9torino","isPartOf":{"@id":"https:\/\/www.vetorino.com\/boutique\/#website"},"primaryImageOfPage":{"@id":"https:\/\/www.vetorino.com\/veterinaire\/champs-sur-marne-77420\/boutique\/product\/dermosoft\/#primaryimage"},"image":{"@id":"https:\/\/www.vetorino.com\/veterinaire\/champs-sur-marne-77420\/boutique\/product\/dermosoft\/#primaryimage"},"thumbnailUrl":"https:\/\/www.vetorino.com\/boutique\/wp-content\/uploads\/2021\/05\/dermosoft-horse-master.jpg","datePublished":"2020-06-29T14:57:27+00:00","dateModified":"2026-03-26T15:43:24+00:00","description":"Dermosoft de Horse Master est une cr\u00e8me \u00e9paisse destin\u00e9e \u00e0 soigner les crevasses et la gale de boue chez le cheval, riche en extraits de plantes, soufre et oxyde de zinc. Sa texture \u00e9paisse lui assure une bonne adh\u00e9rence \u00e0 la peau et au poil.","breadcrumb":{"@id":"https:\/\/www.vetorino.com\/veterinaire\/champs-sur-marne-77420\/boutique\/product\/dermosoft\/#breadcrumb"},"inLanguage":"fr-FR","potentialAction":[{"@type":"ReadAction","target":["https:\/\/www.vetorino.com\/veterinaire\/champs-sur-marne-77420\/boutique\/product\/dermosoft\/"]}]},{"@type":"ImageObject","inLanguage":"fr-FR","@id":"https:\/\/www.vetorino.com\/veterinaire\/champs-sur-marne-77420\/boutique\/product\/dermosoft\/#primaryimage","url":"https:\/\/www.vetorino.com\/boutique\/wp-content\/uploads\/2021\/05\/dermosoft-horse-master.jpg","contentUrl":"https:\/\/www.vetorino.com\/boutique\/wp-content\/uploads\/2021\/05\/dermosoft-horse-master.jpg","width":458,"height":458},{"@type":"BreadcrumbList","@id":"https:\/\/www.vetorino.com\/veterinaire\/champs-sur-marne-77420\/boutique\/product\/dermosoft\/#breadcrumb","itemListElement":[{"@type":"ListItem","position":1,"name":"Accueil","item":"https:\/\/www.vetorino.com\/boutique\/"},{"@type":"ListItem","position":2,"name":"Produits","item":"https:\/\/www.vetorino.com\/boutique\/"},{"@type":"ListItem","position":3,"name":"Dermosoft"}]},{"@type":"WebSite","@id":"https:\/\/www.vetorino.com\/boutique\/#website","url":"https:\/\/www.vetorino.com\/boutique\/","name":"V\u00e9torino","description":"","publisher":{"@id":"https:\/\/www.vetorino.com\/boutique\/#organization"},"potentialAction":[{"@type":"SearchAction","target":{"@type":"EntryPoint","urlTemplate":"https:\/\/www.vetorino.com\/boutique\/?s={search_term_string}"},"query-input":{"@type":"PropertyValueSpecification","valueRequired":true,"valueName":"search_term_string"}}],"inLanguage":"fr-FR"},{"@type":"Organization","@id":"https:\/\/www.vetorino.com\/boutique\/#organization","name":"V\u00e9torino","url":"https:\/\/www.vetorino.com\/boutique\/","logo":{"@type":"ImageObject","inLanguage":"fr-FR","@id":"https:\/\/www.vetorino.com\/boutique\/#\/schema\/logo\/image\/","url":"https:\/\/www.vetorino.com\/boutique\/wp-content\/uploads\/2024\/10\/logo.jpg","contentUrl":"https:\/\/www.vetorino.com\/boutique\/wp-content\/uploads\/2024\/10\/logo.jpg","width":1200,"height":610,"caption":"V\u00e9torino"},"image":{"@id":"https:\/\/www.vetorino.com\/boutique\/#\/schema\/logo\/image\/"},"sameAs":["https:\/\/www.facebook.com\/Vetorino\/","https:\/\/www.instagram.com\/vetorino_off\/","https:\/\/www.linkedin.com\/company\/vtorino\/"]}]},"product_brand":"Pommier Nutrition","product_price_amount":"52.22","product_price_currency":"EUR","og_availability":"instock","product_availability":"instock","product_retailer_item_id":"C-DER052","product_condition":"new"},"_links":{"self":[{"href":"https:\/\/www.vetorino.com\/veterinaire\/bompas-66430\/boutique\/wp-json\/wp\/v2\/product\/94933","targetHints":{"allow":["GET"]}}],"collection":[{"href":"https:\/\/www.vetorino.com\/veterinaire\/bompas-66430\/boutique\/wp-json\/wp\/v2\/product"}],"about":[{"href":"https:\/\/www.vetorino.com\/veterinaire\/bompas-66430\/boutique\/wp-json\/wp\/v2\/types\/product"}],"wp:featuredmedia":[{"embeddable":true,"href":"https:\/\/www.vetorino.com\/veterinaire\/bompas-66430\/boutique\/wp-json\/wp\/v2\/media\/212748"}],"wp:attachment":[{"href":"https:\/\/www.vetorino.com\/veterinaire\/bompas-66430\/boutique\/wp-json\/wp\/v2\/media?parent=94933"}],"wp:term":[{"taxonomy":"product_cat","embeddable":true,"href":"https:\/\/www.vetorino.com\/veterinaire\/bompas-66430\/boutique\/wp-json\/wp\/v2\/product_cat?post=94933"},{"taxonomy":"product_tag","embeddable":true,"href":"https:\/\/www.vetorino.com\/veterinaire\/bompas-66430\/boutique\/wp-json\/wp\/v2\/product_tag?post=94933"}],"curies":[{"name":"wp","href":"https:\/\/api.w.org\/{rel}","templated":true}]}}