{"id":94994,"date":"2020-06-29T16:58:10","date_gmt":"2020-06-29T14:58:10","guid":{"rendered":"https:\/\/www.vetorino.com\/boutique\/product\/chenil-odor-eliminator-destructeur-dodeurs\/"},"modified":"2026-02-09T14:25:40","modified_gmt":"2026-02-09T13:25:40","slug":"chenil-odor-eliminator-destructeur-dodeurs","status":"publish","type":"product","link":"https:\/\/www.vetorino.com\/veterinaire\/bompas-66430\/boutique\/product\/chenil-odor-eliminator-destructeur-dodeurs\/","title":{"rendered":"Chenil Odor Eliminator"},"content":{"rendered":"<div class=\"hidden\">\n<p>Produit concentr\u00e9 pour la pr\u00e9paration d\u2019une solution qui<strong> \u00e9limine efficacement les odeurs animales<\/strong> les plus d\u00e9sagr\u00e9ables et les plus persistantes ; il sert d&#8217;additif efficace aux agents de nettoyage, aptes \u00e0 \u00eatre utilis\u00e9s sur de grandes surfaces :<strong> sols, murs, cages, parcours et chenils<\/strong>.<\/p>\n<ul>\n<li>Tr\u00e8s efficace<\/li>\n<li>Soluble dans l&#8217;eau<\/li>\n<\/ul>\n<p>Chenil Odor Eliminator \u00e9limine m\u00eame les vieilles odeurs impr\u00e9gn\u00e9es des cages, des sols, des murs et d&#8217;autres grandes zones, laissant ensuite un parfum frais et doux d&#8217;ext\u00e9rieur.<\/p>\n<p>C\u2019est un produit s\u00fbr pour les chenils int\u00e9rieurs et ext\u00e9rieurs et les cages permettant \u00e0 l&#8217;animal de<strong> r\u00e9int\u00e9grer la zone imm\u00e9diatement apr\u00e8s utilisation. <\/strong><\/p>\n<p>Extr\u00eamement<strong> facile \u00e0 utiliser<\/strong> et incroyablement <strong>efficace.<\/strong><\/p>\n<p>L&#8217;action du produit est bas\u00e9e sur le m\u00e9canisme de liaison des mol\u00e9cules nucl\u00e9ophile responsables des odeurs d\u00e9sagr\u00e9ables.<\/p>\n<p>La technologie utilis\u00e9e contrairement aux pr\u00e9parations classiques ne masque pas l&#8217;odeur ou n&#8217;a pas d&#8217;effet enzymatique, mais elle la d\u00e9compose en permanence et emp\u00eache la formation de nouvelles, gr\u00e2ce \u00e0 laquelle elle \u00e9limine m\u00eame l&#8217;odeur la plus d\u00e9sagr\u00e9able.<\/p>\n<p>La formule contient un<strong> tensioactif d&#8217;origine organique \u00e0 100 %<\/strong> afin de prot\u00e9ger vos animaux et la plan\u00e8te.<\/p>\n<\/div>\n","protected":false},"excerpt":{"rendered":"<p>Produit concentr\u00e9 pour la pr\u00e9paration d\u2019une solution qui<strong> \u00e9limine efficacement les odeurs animales<\/strong> les plus d\u00e9sagr\u00e9ables et les plus persistantes ; il sert d&#8217;additif efficace aux agents de nettoyage, aptes \u00e0 \u00eatre utilis\u00e9s sur de grandes surfaces :<strong> sols, murs, cages, parcours et chenils<\/strong>.<\/p>\n<ul>\n<li>Tr\u00e8s efficace<\/li>\n<li>Soluble dans l&#8217;eau<\/li>\n<\/ul>\n","protected":false},"featured_media":1694983,"template":"","meta":[],"product_cat":[2698,12648,12649],"product_tag":[],"class_list":{"0":"post-94994","1":"product","2":"type-product","3":"status-publish","4":"has-post-thumbnail","6":"product_cat-chien","7":"product_cat-traitement-de-lhabitat-du-chat","8":"product_cat-traitement-de-lhabitat-du-chien","9":"pa_marque-vetexpert","11":"first","12":"instock","13":"taxable","14":"shipping-taxable","15":"purchasable","16":"product-type-simple"},"yoast_head":"<!-- This site is optimized with the Yoast SEO plugin v27.3 - https:\/\/yoast.com\/product\/yoast-seo-wordpress\/ -->\n<title>Chenil Odor Eliminator Vetexpert - V\u00e9torino<\/title>\n<meta name=\"description\" content=\"Produit concentr\u00e9 pour la pr\u00e9paration d\u2019une solution qui \u00e9limine efficacement les odeurs animales les plus d\u00e9sagr\u00e9ables et les plus persistantes ; il sert d&#039;additif efficace aux agents de nettoyage, aptes \u00e0 \u00eatre utilis\u00e9s sur de grandes surfaces : sols, murs, cages, parcours et chenils.   Tr\u00e8s efficace  Soluble dans l&#039;eau\" \/>\n<meta name=\"robots\" content=\"noindex, nofollow\" \/>\n<meta property=\"og:locale\" content=\"fr_FR\" \/>\n<meta property=\"og:type\" content=\"article\" \/>\n<meta property=\"og:title\" content=\"Chenil Odor Eliminator Vetexpert - V\u00e9torino\" \/>\n<meta property=\"og:description\" content=\"Produit concentr\u00e9 pour la pr\u00e9paration d\u2019une solution qui \u00e9limine efficacement les odeurs animales les plus d\u00e9sagr\u00e9ables et les plus persistantes ; il sert d&#039;additif efficace aux agents de nettoyage, aptes \u00e0 \u00eatre utilis\u00e9s sur de grandes surfaces : sols, murs, cages, parcours et chenils.   Tr\u00e8s efficace  Soluble dans l&#039;eau\" \/>\n<meta property=\"og:url\" content=\"https:\/\/www.vetorino.com\/veterinaire\/bompas-66430\/boutique\/product\/chenil-odor-eliminator-destructeur-dodeurs\/\" \/>\n<meta property=\"og:site_name\" content=\"V\u00e9torino\" \/>\n<meta property=\"article:publisher\" content=\"https:\/\/www.facebook.com\/Vetorino\/\" \/>\n<meta property=\"article:modified_time\" content=\"2026-02-09T13:25:40+00:00\" \/>\n<meta property=\"og:image\" content=\"https:\/\/www.vetorino.com\/boutique\/wp-content\/uploads\/2020\/06\/chenil-odor-eliminator-destructeur-d-odeurs.webp\" \/>\n\t<meta property=\"og:image:width\" content=\"800\" \/>\n\t<meta property=\"og:image:height\" content=\"800\" \/>\n\t<meta property=\"og:image:type\" content=\"image\/webp\" \/>\n<meta name=\"twitter:card\" content=\"summary_large_image\" \/>\n<meta name=\"twitter:label1\" content=\"Prix\" \/>\n\t<meta name=\"twitter:data1\" content=\"47,95&euro;\" \/>\n\t<meta name=\"twitter:label2\" content=\"Disponibilit\u00e9\" \/>\n\t<meta name=\"twitter:data2\" content=\"En stock\" \/>\n<script type=\"application\/ld+json\" class=\"yoast-schema-graph\">{\"@context\":\"https:\\\/\\\/schema.org\",\"@graph\":[{\"@type\":\"WebPage\",\"@id\":\"https:\\\/\\\/www.vetorino.com\\\/boutique\\\/product\\\/chenil-odor-eliminator-destructeur-dodeurs\\\/\",\"url\":\"https:\\\/\\\/www.vetorino.com\\\/boutique\\\/product\\\/chenil-odor-eliminator-destructeur-dodeurs\\\/\",\"name\":\"Chenil Odor Eliminator Vetexpert - V\u00e9torino\",\"isPartOf\":{\"@id\":\"https:\\\/\\\/www.vetorino.com\\\/boutique\\\/#website\"},\"primaryImageOfPage\":{\"@id\":\"https:\\\/\\\/www.vetorino.com\\\/boutique\\\/product\\\/chenil-odor-eliminator-destructeur-dodeurs\\\/#primaryimage\"},\"image\":{\"@id\":\"https:\\\/\\\/www.vetorino.com\\\/boutique\\\/product\\\/chenil-odor-eliminator-destructeur-dodeurs\\\/#primaryimage\"},\"thumbnailUrl\":\"https:\\\/\\\/www.vetorino.com\\\/boutique\\\/wp-content\\\/uploads\\\/2020\\\/06\\\/chenil-odor-eliminator-destructeur-d-odeurs.webp\",\"datePublished\":\"2020-06-29T14:58:10+00:00\",\"dateModified\":\"2026-02-09T13:25:40+00:00\",\"description\":\"Produit concentr\u00e9 pour la pr\u00e9paration d\u2019une solution qui \u00e9limine efficacement les odeurs animales les plus d\u00e9sagr\u00e9ables et les plus persistantes ; il sert d'additif efficace aux agents de nettoyage, aptes \u00e0 \u00eatre utilis\u00e9s sur de grandes surfaces : sols, murs, cages, parcours et chenils. Tr\u00e8s efficace Soluble dans l'eau\",\"breadcrumb\":{\"@id\":\"https:\\\/\\\/www.vetorino.com\\\/boutique\\\/product\\\/chenil-odor-eliminator-destructeur-dodeurs\\\/#breadcrumb\"},\"inLanguage\":\"fr-FR\",\"potentialAction\":[{\"@type\":\"ReadAction\",\"target\":[\"https:\\\/\\\/www.vetorino.com\\\/boutique\\\/product\\\/chenil-odor-eliminator-destructeur-dodeurs\\\/\"]}]},{\"@type\":\"ImageObject\",\"inLanguage\":\"fr-FR\",\"@id\":\"https:\\\/\\\/www.vetorino.com\\\/boutique\\\/product\\\/chenil-odor-eliminator-destructeur-dodeurs\\\/#primaryimage\",\"url\":\"https:\\\/\\\/www.vetorino.com\\\/boutique\\\/wp-content\\\/uploads\\\/2020\\\/06\\\/chenil-odor-eliminator-destructeur-d-odeurs.webp\",\"contentUrl\":\"https:\\\/\\\/www.vetorino.com\\\/boutique\\\/wp-content\\\/uploads\\\/2020\\\/06\\\/chenil-odor-eliminator-destructeur-d-odeurs.webp\",\"width\":800,\"height\":800},{\"@type\":\"BreadcrumbList\",\"@id\":\"https:\\\/\\\/www.vetorino.com\\\/boutique\\\/product\\\/chenil-odor-eliminator-destructeur-dodeurs\\\/#breadcrumb\",\"itemListElement\":[{\"@type\":\"ListItem\",\"position\":1,\"name\":\"Accueil\",\"item\":\"https:\\\/\\\/www.vetorino.com\\\/boutique\\\/\"},{\"@type\":\"ListItem\",\"position\":2,\"name\":\"Produits\",\"item\":\"https:\\\/\\\/www.vetorino.com\\\/boutique\\\/\"},{\"@type\":\"ListItem\",\"position\":3,\"name\":\"Chenil Odor Eliminator\"}]},{\"@type\":\"WebSite\",\"@id\":\"https:\\\/\\\/www.vetorino.com\\\/boutique\\\/#website\",\"url\":\"https:\\\/\\\/www.vetorino.com\\\/boutique\\\/\",\"name\":\"V\u00e9torino\",\"description\":\"\",\"publisher\":{\"@id\":\"https:\\\/\\\/www.vetorino.com\\\/boutique\\\/#organization\"},\"potentialAction\":[{\"@type\":\"SearchAction\",\"target\":{\"@type\":\"EntryPoint\",\"urlTemplate\":\"https:\\\/\\\/www.vetorino.com\\\/boutique\\\/?s={search_term_string}\"},\"query-input\":{\"@type\":\"PropertyValueSpecification\",\"valueRequired\":true,\"valueName\":\"search_term_string\"}}],\"inLanguage\":\"fr-FR\"},{\"@type\":\"Organization\",\"@id\":\"https:\\\/\\\/www.vetorino.com\\\/boutique\\\/#organization\",\"name\":\"V\u00e9torino\",\"url\":\"https:\\\/\\\/www.vetorino.com\\\/boutique\\\/\",\"logo\":{\"@type\":\"ImageObject\",\"inLanguage\":\"fr-FR\",\"@id\":\"https:\\\/\\\/www.vetorino.com\\\/boutique\\\/#\\\/schema\\\/logo\\\/image\\\/\",\"url\":\"https:\\\/\\\/www.vetorino.com\\\/boutique\\\/wp-content\\\/uploads\\\/2024\\\/10\\\/logo.jpg\",\"contentUrl\":\"https:\\\/\\\/www.vetorino.com\\\/boutique\\\/wp-content\\\/uploads\\\/2024\\\/10\\\/logo.jpg\",\"width\":1200,\"height\":610,\"caption\":\"V\u00e9torino\"},\"image\":{\"@id\":\"https:\\\/\\\/www.vetorino.com\\\/boutique\\\/#\\\/schema\\\/logo\\\/image\\\/\"},\"sameAs\":[\"https:\\\/\\\/www.facebook.com\\\/Vetorino\\\/\",\"https:\\\/\\\/www.instagram.com\\\/vetorino_off\\\/\",\"https:\\\/\\\/www.linkedin.com\\\/company\\\/vtorino\\\/\"]}]}<\/script>\n<meta property=\"product:brand\" content=\"Vetexpert\" \/>\n<meta property=\"product:price:amount\" content=\"47.95\" \/>\n<meta property=\"product:price:currency\" content=\"EUR\" \/>\n<meta property=\"og:availability\" content=\"instock\" \/>\n<meta property=\"product:availability\" content=\"instock\" \/>\n<meta property=\"product:retailer_item_id\" content=\"C-DES404\" \/>\n<meta property=\"product:condition\" content=\"new\" \/>\n<!-- \/ Yoast SEO plugin. -->","yoast_head_json":{"title":"Chenil Odor Eliminator Vetexpert - V\u00e9torino","description":"Produit concentr\u00e9 pour la pr\u00e9paration d\u2019une solution qui \u00e9limine efficacement les odeurs animales les plus d\u00e9sagr\u00e9ables et les plus persistantes ; il sert d'additif efficace aux agents de nettoyage, aptes \u00e0 \u00eatre utilis\u00e9s sur de grandes surfaces : sols, murs, cages, parcours et chenils.   Tr\u00e8s efficace  Soluble dans l'eau","robots":{"index":"noindex","follow":"nofollow"},"og_locale":"fr_FR","og_type":"article","og_title":"Chenil Odor Eliminator Vetexpert - V\u00e9torino","og_description":"Produit concentr\u00e9 pour la pr\u00e9paration d\u2019une solution qui \u00e9limine efficacement les odeurs animales les plus d\u00e9sagr\u00e9ables et les plus persistantes ; il sert d'additif efficace aux agents de nettoyage, aptes \u00e0 \u00eatre utilis\u00e9s sur de grandes surfaces : sols, murs, cages, parcours et chenils.   Tr\u00e8s efficace  Soluble dans l'eau","og_url":"https:\/\/www.vetorino.com\/veterinaire\/bompas-66430\/boutique\/product\/chenil-odor-eliminator-destructeur-dodeurs\/","og_site_name":"V\u00e9torino","article_publisher":"https:\/\/www.facebook.com\/Vetorino\/","article_modified_time":"2026-02-09T13:25:40+00:00","og_image":[{"width":800,"height":800,"url":"https:\/\/www.vetorino.com\/boutique\/wp-content\/uploads\/2020\/06\/chenil-odor-eliminator-destructeur-d-odeurs.webp","type":"image\/webp"}],"twitter_card":"summary_large_image","twitter_misc":{"Prix":"47,95&euro;","Disponibilit\u00e9":"En stock"},"schema":{"@context":"https:\/\/schema.org","@graph":[{"@type":"WebPage","@id":"https:\/\/www.vetorino.com\/boutique\/product\/chenil-odor-eliminator-destructeur-dodeurs\/","url":"https:\/\/www.vetorino.com\/boutique\/product\/chenil-odor-eliminator-destructeur-dodeurs\/","name":"Chenil Odor Eliminator Vetexpert - V\u00e9torino","isPartOf":{"@id":"https:\/\/www.vetorino.com\/boutique\/#website"},"primaryImageOfPage":{"@id":"https:\/\/www.vetorino.com\/boutique\/product\/chenil-odor-eliminator-destructeur-dodeurs\/#primaryimage"},"image":{"@id":"https:\/\/www.vetorino.com\/boutique\/product\/chenil-odor-eliminator-destructeur-dodeurs\/#primaryimage"},"thumbnailUrl":"https:\/\/www.vetorino.com\/boutique\/wp-content\/uploads\/2020\/06\/chenil-odor-eliminator-destructeur-d-odeurs.webp","datePublished":"2020-06-29T14:58:10+00:00","dateModified":"2026-02-09T13:25:40+00:00","description":"Produit concentr\u00e9 pour la pr\u00e9paration d\u2019une solution qui \u00e9limine efficacement les odeurs animales les plus d\u00e9sagr\u00e9ables et les plus persistantes ; il sert d'additif efficace aux agents de nettoyage, aptes \u00e0 \u00eatre utilis\u00e9s sur de grandes surfaces : sols, murs, cages, parcours et chenils. Tr\u00e8s efficace Soluble dans l'eau","breadcrumb":{"@id":"https:\/\/www.vetorino.com\/boutique\/product\/chenil-odor-eliminator-destructeur-dodeurs\/#breadcrumb"},"inLanguage":"fr-FR","potentialAction":[{"@type":"ReadAction","target":["https:\/\/www.vetorino.com\/boutique\/product\/chenil-odor-eliminator-destructeur-dodeurs\/"]}]},{"@type":"ImageObject","inLanguage":"fr-FR","@id":"https:\/\/www.vetorino.com\/boutique\/product\/chenil-odor-eliminator-destructeur-dodeurs\/#primaryimage","url":"https:\/\/www.vetorino.com\/boutique\/wp-content\/uploads\/2020\/06\/chenil-odor-eliminator-destructeur-d-odeurs.webp","contentUrl":"https:\/\/www.vetorino.com\/boutique\/wp-content\/uploads\/2020\/06\/chenil-odor-eliminator-destructeur-d-odeurs.webp","width":800,"height":800},{"@type":"BreadcrumbList","@id":"https:\/\/www.vetorino.com\/boutique\/product\/chenil-odor-eliminator-destructeur-dodeurs\/#breadcrumb","itemListElement":[{"@type":"ListItem","position":1,"name":"Accueil","item":"https:\/\/www.vetorino.com\/boutique\/"},{"@type":"ListItem","position":2,"name":"Produits","item":"https:\/\/www.vetorino.com\/boutique\/"},{"@type":"ListItem","position":3,"name":"Chenil Odor Eliminator"}]},{"@type":"WebSite","@id":"https:\/\/www.vetorino.com\/boutique\/#website","url":"https:\/\/www.vetorino.com\/boutique\/","name":"V\u00e9torino","description":"","publisher":{"@id":"https:\/\/www.vetorino.com\/boutique\/#organization"},"potentialAction":[{"@type":"SearchAction","target":{"@type":"EntryPoint","urlTemplate":"https:\/\/www.vetorino.com\/boutique\/?s={search_term_string}"},"query-input":{"@type":"PropertyValueSpecification","valueRequired":true,"valueName":"search_term_string"}}],"inLanguage":"fr-FR"},{"@type":"Organization","@id":"https:\/\/www.vetorino.com\/boutique\/#organization","name":"V\u00e9torino","url":"https:\/\/www.vetorino.com\/boutique\/","logo":{"@type":"ImageObject","inLanguage":"fr-FR","@id":"https:\/\/www.vetorino.com\/boutique\/#\/schema\/logo\/image\/","url":"https:\/\/www.vetorino.com\/boutique\/wp-content\/uploads\/2024\/10\/logo.jpg","contentUrl":"https:\/\/www.vetorino.com\/boutique\/wp-content\/uploads\/2024\/10\/logo.jpg","width":1200,"height":610,"caption":"V\u00e9torino"},"image":{"@id":"https:\/\/www.vetorino.com\/boutique\/#\/schema\/logo\/image\/"},"sameAs":["https:\/\/www.facebook.com\/Vetorino\/","https:\/\/www.instagram.com\/vetorino_off\/","https:\/\/www.linkedin.com\/company\/vtorino\/"]}]},"product_brand":"Vetexpert","product_price_amount":"47.95","product_price_currency":"EUR","og_availability":"instock","product_availability":"instock","product_retailer_item_id":"C-DES404","product_condition":"new"},"_links":{"self":[{"href":"https:\/\/www.vetorino.com\/veterinaire\/bompas-66430\/boutique\/wp-json\/wp\/v2\/product\/94994","targetHints":{"allow":["GET"]}}],"collection":[{"href":"https:\/\/www.vetorino.com\/veterinaire\/bompas-66430\/boutique\/wp-json\/wp\/v2\/product"}],"about":[{"href":"https:\/\/www.vetorino.com\/veterinaire\/bompas-66430\/boutique\/wp-json\/wp\/v2\/types\/product"}],"wp:featuredmedia":[{"embeddable":true,"href":"https:\/\/www.vetorino.com\/veterinaire\/bompas-66430\/boutique\/wp-json\/wp\/v2\/media\/1694983"}],"wp:attachment":[{"href":"https:\/\/www.vetorino.com\/veterinaire\/bompas-66430\/boutique\/wp-json\/wp\/v2\/media?parent=94994"}],"wp:term":[{"taxonomy":"product_cat","embeddable":true,"href":"https:\/\/www.vetorino.com\/veterinaire\/bompas-66430\/boutique\/wp-json\/wp\/v2\/product_cat?post=94994"},{"taxonomy":"product_tag","embeddable":true,"href":"https:\/\/www.vetorino.com\/veterinaire\/bompas-66430\/boutique\/wp-json\/wp\/v2\/product_tag?post=94994"}],"curies":[{"name":"wp","href":"https:\/\/api.w.org\/{rel}","templated":true}]}}