{"id":95615,"date":"2020-06-29T17:07:16","date_gmt":"2020-06-29T15:07:16","guid":{"rendered":"https:\/\/www.vetorino.com\/boutique\/product\/enclos-hexagonal-pour-rongeurs\/"},"modified":"2026-02-11T16:26:57","modified_gmt":"2026-02-11T15:26:57","slug":"enclos-hexagonal-pour-rongeurs","status":"publish","type":"product","link":"https:\/\/www.vetorino.com\/veterinaire\/bompas-66430\/boutique\/product\/enclos-hexagonal-pour-rongeurs\/","title":{"rendered":"Enclos hexagonal pour rongeurs"},"content":{"rendered":"<p>L&#8217;<strong>enclos en m\u00e9tal ext\u00e9rieur hexagonal\u00a01,20 m<\/strong><span class=\"apple-converted-space\">\u00a0<\/span><strong>pour rongeurs<\/strong><span class=\"apple-converted-space\">\u00a0<\/span>est destin\u00e9 aux<span class=\"apple-converted-space\">\u00a0<\/span><strong>lapins<\/strong><span class=\"apple-converted-space\">\u00a0<\/span>et aux<span class=\"apple-converted-space\">\u00a0<\/span><strong>cochons d&#8217;inde<\/strong>.<\/p>\n<p>Ce<span class=\"apple-converted-space\">\u00a0<\/span><strong>parc d&#8217;ext\u00e9rieur en<\/strong><strong> m\u00e9tal<\/strong><span class=\"apple-converted-space\">\u00a0<\/span>offre un espace id\u00e9al permettant \u00e0 vos<span class=\"apple-converted-space\">\u00a0<\/span><strong>rongeurs<\/strong><span class=\"apple-converted-space\">\u00a0de <\/span>b\u00e9n\u00e9ficier des joies du<span class=\"apple-converted-space\">\u00a0<\/span><strong>jardin<\/strong><span class=\"apple-converted-space\">\u00a0<\/span>sans risque de<span class=\"apple-converted-space\">\u00a0<\/span><strong>fugue. <\/strong><strong>Il leur assure<\/strong> <span class=\"apple-converted-space\">\u00a0<\/span>\u00e9galement un<strong> abri <\/strong><strong>contre les<\/strong><strong> pr\u00e9dateurs<\/strong><span class=\"apple-converted-space\">\u00a0<\/span>gr\u00e2ce \u00e0 ses barreaux de 2,5 \u00e0 3,5 mm de diam\u00e8tre et aux piquets \u00e0 enfoncer dans le sol.<\/p>\n<p>Il offrira \u00e0<span class=\"apple-converted-space\">\u00a0<\/span><strong>votre compagnon<\/strong> d\u00e9contraction et confort vous tranquillisant sur sa s\u00e9curit\u00e9.<\/p>\n<p>Sa structure<span class=\"apple-converted-space\">\u00a0<\/span><strong>tr\u00e8s <\/strong><strong>simple d&#8217;utilisation<\/strong><span class=\"apple-converted-space\">\u00a0<\/span>permet un montage et un d\u00e9montage rapide, ce qui assure une grande souplesse \u00e0 l&#8217;usage.<\/p>\n<p>Cet enclos en m\u00e9tal est modulable, pouvant ainsi \u00eatre assembl\u00e9 avec un autre<span class=\"apple-converted-space\">\u00a0<\/span><strong>enclos en m\u00e9tal ext\u00e9rieur hexagonal 1,20 m<\/strong><span class=\"apple-converted-space\">\u00a0<\/span>ou avec l&#8217;<strong>enclos m\u00e9tal ext\u00e9rieur rectangulaire 1m pour rongeurs.<\/strong><\/p>\n<p><strong>Vous disposez alors de <\/strong><strong>2 <\/strong>mod\u00e8les pour un espace de jeu<strong> ext\u00e9rieur<\/strong><span class=\"apple-converted-space\">\u00a0<\/span> encore plus<span class=\"apple-converted-space\">\u00a0<\/span><strong>spacieux<\/strong> !<\/p>\n<p>Vos<span class=\"apple-converted-space\">\u00a0<\/span><strong>petits<\/strong> <strong>compagnons<\/strong><span class=\"apple-converted-space\"><b>\u00a0<\/b><\/span>profiteront ainsi d&#8217;un espace<span class=\"apple-converted-space\">\u00a0<\/span><strong>ext\u00e9rieur<\/strong><span class=\"apple-converted-space\">\u00a0<\/span>en toute<span class=\"apple-converted-space\">\u00a0<\/span><strong>s\u00e9curit\u00e9<\/strong><span class=\"apple-converted-space\">\u00a0<\/span>\u00e0 l\u2019int\u00e9rieur comme \u00e0 l\u2019ext\u00e9rieur<span class=\"apple-converted-space\">\u00a0<\/span>!<\/p>\n","protected":false},"excerpt":{"rendered":"<p>Ce<span class=\"apple-converted-space\">\u00a0<\/span><strong>parc d&#8217;ext\u00e9rieur en<\/strong><strong> m\u00e9tal<\/strong><span class=\"apple-converted-space\">\u00a0<\/span>offre un espace id\u00e9al permettant \u00e0 vos<span class=\"apple-converted-space\">\u00a0<\/span><strong>rongeurs<\/strong><span class=\"apple-converted-space\">\u00a0de <\/span>b\u00e9n\u00e9ficier des joies du<span class=\"apple-converted-space\">\u00a0<\/span><strong>jardin<\/strong><span class=\"apple-converted-space\">\u00a0<\/span>sans risque de<span class=\"apple-converted-space\">\u00a0<\/span><strong>fugue. <\/strong><strong>Il leur assure<\/strong> <span class=\"apple-converted-space\">\u00a0<\/span>\u00e9galement un<strong> abri <\/strong><strong>contre les<\/strong><strong> pr\u00e9dateurs<\/strong><span class=\"apple-converted-space\">\u00a0<\/span>gr\u00e2ce \u00e0 ses barreaux de 2,5 \u00e0 3,5 mm de diam\u00e8tre et aux piquets \u00e0 enfoncer dans le sol.<\/p>\n","protected":false},"featured_media":976060,"template":"","meta":[],"product_cat":[15841,2727,12570,15842],"product_tag":[],"class_list":{"0":"post-95615","1":"product","2":"type-product","3":"status-publish","4":"has-post-thumbnail","6":"product_cat-lapins","7":"product_cat-nac","8":"product_cat-rongeur","9":"product_cat-rongeurs","10":"pa_marque-zolux","12":"first","13":"instock","14":"taxable","15":"shipping-taxable","16":"purchasable","17":"product-type-simple"},"yoast_head":"<!-- This site is optimized with the Yoast SEO plugin v27.3 - https:\/\/yoast.com\/product\/yoast-seo-wordpress\/ -->\n<title>Enclos hexagonal pour rongeurs Zolux - V\u00e9torino<\/title>\n<meta name=\"description\" content=\"Ce\u00a0parc d&#039;ext\u00e9rieur en m\u00e9tal\u00a0offre un espace id\u00e9al permettant \u00e0 vos\u00a0rongeurs\u00a0de b\u00e9n\u00e9ficier des joies du\u00a0jardin\u00a0sans risque de\u00a0fugue. Il leur assure \u00a0\u00e9galement un abri contre les pr\u00e9dateurs\u00a0gr\u00e2ce \u00e0 ses barreaux de 2,5 \u00e0 3,5 mm de diam\u00e8tre et aux piquets \u00e0 enfoncer dans le sol.\" \/>\n<meta name=\"robots\" content=\"noindex, nofollow\" \/>\n<meta property=\"og:locale\" content=\"fr_FR\" \/>\n<meta property=\"og:type\" content=\"article\" \/>\n<meta property=\"og:title\" content=\"Enclos hexagonal pour rongeurs Zolux - V\u00e9torino\" \/>\n<meta property=\"og:description\" content=\"Ce\u00a0parc d&#039;ext\u00e9rieur en m\u00e9tal\u00a0offre un espace id\u00e9al permettant \u00e0 vos\u00a0rongeurs\u00a0de b\u00e9n\u00e9ficier des joies du\u00a0jardin\u00a0sans risque de\u00a0fugue. Il leur assure \u00a0\u00e9galement un abri contre les pr\u00e9dateurs\u00a0gr\u00e2ce \u00e0 ses barreaux de 2,5 \u00e0 3,5 mm de diam\u00e8tre et aux piquets \u00e0 enfoncer dans le sol.\" \/>\n<meta property=\"og:url\" content=\"https:\/\/www.vetorino.com\/veterinaire\/bompas-66430\/boutique\/product\/enclos-hexagonal-pour-rongeurs\/\" \/>\n<meta property=\"og:site_name\" content=\"V\u00e9torino\" \/>\n<meta property=\"article:publisher\" content=\"https:\/\/www.facebook.com\/Vetorino\/\" \/>\n<meta property=\"article:modified_time\" content=\"2026-02-11T15:26:57+00:00\" \/>\n<meta property=\"og:image\" content=\"https:\/\/www.vetorino.com\/boutique\/wp-content\/uploads\/2023\/04\/nac-enclos-hexagonal-pour-rongeurs.jpg\" \/>\n\t<meta property=\"og:image:width\" content=\"600\" \/>\n\t<meta property=\"og:image:height\" content=\"600\" \/>\n\t<meta property=\"og:image:type\" content=\"image\/jpeg\" \/>\n<meta name=\"twitter:card\" content=\"summary_large_image\" \/>\n<meta name=\"twitter:label1\" content=\"Prix\" \/>\n\t<meta name=\"twitter:data1\" content=\"40,95&euro;\" \/>\n\t<meta name=\"twitter:label2\" content=\"Disponibilit\u00e9\" \/>\n\t<meta name=\"twitter:data2\" content=\"En stock\" \/>\n<script type=\"application\/ld+json\" class=\"yoast-schema-graph\">{\"@context\":\"https:\\\/\\\/schema.org\",\"@graph\":[{\"@type\":\"WebPage\",\"@id\":\"https:\\\/\\\/www.vetorino.com\\\/boutique\\\/product\\\/enclos-hexagonal-pour-rongeurs\\\/\",\"url\":\"https:\\\/\\\/www.vetorino.com\\\/boutique\\\/product\\\/enclos-hexagonal-pour-rongeurs\\\/\",\"name\":\"Enclos hexagonal pour rongeurs Zolux - V\u00e9torino\",\"isPartOf\":{\"@id\":\"https:\\\/\\\/www.vetorino.com\\\/boutique\\\/#website\"},\"primaryImageOfPage\":{\"@id\":\"https:\\\/\\\/www.vetorino.com\\\/boutique\\\/product\\\/enclos-hexagonal-pour-rongeurs\\\/#primaryimage\"},\"image\":{\"@id\":\"https:\\\/\\\/www.vetorino.com\\\/boutique\\\/product\\\/enclos-hexagonal-pour-rongeurs\\\/#primaryimage\"},\"thumbnailUrl\":\"https:\\\/\\\/www.vetorino.com\\\/boutique\\\/wp-content\\\/uploads\\\/2023\\\/04\\\/nac-enclos-hexagonal-pour-rongeurs.jpg\",\"datePublished\":\"2020-06-29T15:07:16+00:00\",\"dateModified\":\"2026-02-11T15:26:57+00:00\",\"description\":\"Ce\u00a0parc d'ext\u00e9rieur en m\u00e9tal\u00a0offre un espace id\u00e9al permettant \u00e0 vos\u00a0rongeurs\u00a0de b\u00e9n\u00e9ficier des joies du\u00a0jardin\u00a0sans risque de\u00a0fugue. Il leur assure \u00a0\u00e9galement un abri contre les pr\u00e9dateurs\u00a0gr\u00e2ce \u00e0 ses barreaux de 2,5 \u00e0 3,5 mm de diam\u00e8tre et aux piquets \u00e0 enfoncer dans le sol.\",\"breadcrumb\":{\"@id\":\"https:\\\/\\\/www.vetorino.com\\\/boutique\\\/product\\\/enclos-hexagonal-pour-rongeurs\\\/#breadcrumb\"},\"inLanguage\":\"fr-FR\",\"potentialAction\":[{\"@type\":\"ReadAction\",\"target\":[\"https:\\\/\\\/www.vetorino.com\\\/boutique\\\/product\\\/enclos-hexagonal-pour-rongeurs\\\/\"]}]},{\"@type\":\"ImageObject\",\"inLanguage\":\"fr-FR\",\"@id\":\"https:\\\/\\\/www.vetorino.com\\\/boutique\\\/product\\\/enclos-hexagonal-pour-rongeurs\\\/#primaryimage\",\"url\":\"https:\\\/\\\/www.vetorino.com\\\/boutique\\\/wp-content\\\/uploads\\\/2023\\\/04\\\/nac-enclos-hexagonal-pour-rongeurs.jpg\",\"contentUrl\":\"https:\\\/\\\/www.vetorino.com\\\/boutique\\\/wp-content\\\/uploads\\\/2023\\\/04\\\/nac-enclos-hexagonal-pour-rongeurs.jpg\",\"width\":600,\"height\":600},{\"@type\":\"BreadcrumbList\",\"@id\":\"https:\\\/\\\/www.vetorino.com\\\/boutique\\\/product\\\/enclos-hexagonal-pour-rongeurs\\\/#breadcrumb\",\"itemListElement\":[{\"@type\":\"ListItem\",\"position\":1,\"name\":\"Accueil\",\"item\":\"https:\\\/\\\/www.vetorino.com\\\/boutique\\\/\"},{\"@type\":\"ListItem\",\"position\":2,\"name\":\"Produits\",\"item\":\"https:\\\/\\\/www.vetorino.com\\\/boutique\\\/\"},{\"@type\":\"ListItem\",\"position\":3,\"name\":\"Enclos hexagonal pour rongeurs\"}]},{\"@type\":\"WebSite\",\"@id\":\"https:\\\/\\\/www.vetorino.com\\\/boutique\\\/#website\",\"url\":\"https:\\\/\\\/www.vetorino.com\\\/boutique\\\/\",\"name\":\"V\u00e9torino\",\"description\":\"\",\"publisher\":{\"@id\":\"https:\\\/\\\/www.vetorino.com\\\/boutique\\\/#organization\"},\"potentialAction\":[{\"@type\":\"SearchAction\",\"target\":{\"@type\":\"EntryPoint\",\"urlTemplate\":\"https:\\\/\\\/www.vetorino.com\\\/boutique\\\/?s={search_term_string}\"},\"query-input\":{\"@type\":\"PropertyValueSpecification\",\"valueRequired\":true,\"valueName\":\"search_term_string\"}}],\"inLanguage\":\"fr-FR\"},{\"@type\":\"Organization\",\"@id\":\"https:\\\/\\\/www.vetorino.com\\\/boutique\\\/#organization\",\"name\":\"V\u00e9torino\",\"url\":\"https:\\\/\\\/www.vetorino.com\\\/boutique\\\/\",\"logo\":{\"@type\":\"ImageObject\",\"inLanguage\":\"fr-FR\",\"@id\":\"https:\\\/\\\/www.vetorino.com\\\/boutique\\\/#\\\/schema\\\/logo\\\/image\\\/\",\"url\":\"https:\\\/\\\/www.vetorino.com\\\/boutique\\\/wp-content\\\/uploads\\\/2024\\\/10\\\/logo.jpg\",\"contentUrl\":\"https:\\\/\\\/www.vetorino.com\\\/boutique\\\/wp-content\\\/uploads\\\/2024\\\/10\\\/logo.jpg\",\"width\":1200,\"height\":610,\"caption\":\"V\u00e9torino\"},\"image\":{\"@id\":\"https:\\\/\\\/www.vetorino.com\\\/boutique\\\/#\\\/schema\\\/logo\\\/image\\\/\"},\"sameAs\":[\"https:\\\/\\\/www.facebook.com\\\/Vetorino\\\/\",\"https:\\\/\\\/www.instagram.com\\\/vetorino_off\\\/\",\"https:\\\/\\\/www.linkedin.com\\\/company\\\/vtorino\\\/\"]}]}<\/script>\n<meta property=\"product:brand\" content=\"Zolux\" \/>\n<meta property=\"product:price:amount\" content=\"40.95\" \/>\n<meta property=\"product:price:currency\" content=\"EUR\" \/>\n<meta property=\"og:availability\" content=\"instock\" \/>\n<meta property=\"product:availability\" content=\"instock\" \/>\n<meta property=\"product:retailer_item_id\" content=\"C-ENC700\" \/>\n<meta property=\"product:condition\" content=\"new\" \/>\n<!-- \/ Yoast SEO plugin. -->","yoast_head_json":{"title":"Enclos hexagonal pour rongeurs Zolux - V\u00e9torino","description":"Ce\u00a0parc d'ext\u00e9rieur en m\u00e9tal\u00a0offre un espace id\u00e9al permettant \u00e0 vos\u00a0rongeurs\u00a0de b\u00e9n\u00e9ficier des joies du\u00a0jardin\u00a0sans risque de\u00a0fugue. Il leur assure \u00a0\u00e9galement un abri contre les pr\u00e9dateurs\u00a0gr\u00e2ce \u00e0 ses barreaux de 2,5 \u00e0 3,5 mm de diam\u00e8tre et aux piquets \u00e0 enfoncer dans le sol.","robots":{"index":"noindex","follow":"nofollow"},"og_locale":"fr_FR","og_type":"article","og_title":"Enclos hexagonal pour rongeurs Zolux - V\u00e9torino","og_description":"Ce\u00a0parc d'ext\u00e9rieur en m\u00e9tal\u00a0offre un espace id\u00e9al permettant \u00e0 vos\u00a0rongeurs\u00a0de b\u00e9n\u00e9ficier des joies du\u00a0jardin\u00a0sans risque de\u00a0fugue. Il leur assure \u00a0\u00e9galement un abri contre les pr\u00e9dateurs\u00a0gr\u00e2ce \u00e0 ses barreaux de 2,5 \u00e0 3,5 mm de diam\u00e8tre et aux piquets \u00e0 enfoncer dans le sol.","og_url":"https:\/\/www.vetorino.com\/veterinaire\/bompas-66430\/boutique\/product\/enclos-hexagonal-pour-rongeurs\/","og_site_name":"V\u00e9torino","article_publisher":"https:\/\/www.facebook.com\/Vetorino\/","article_modified_time":"2026-02-11T15:26:57+00:00","og_image":[{"width":600,"height":600,"url":"https:\/\/www.vetorino.com\/boutique\/wp-content\/uploads\/2023\/04\/nac-enclos-hexagonal-pour-rongeurs.jpg","type":"image\/jpeg"}],"twitter_card":"summary_large_image","twitter_misc":{"Prix":"40,95&euro;","Disponibilit\u00e9":"En stock"},"schema":{"@context":"https:\/\/schema.org","@graph":[{"@type":"WebPage","@id":"https:\/\/www.vetorino.com\/boutique\/product\/enclos-hexagonal-pour-rongeurs\/","url":"https:\/\/www.vetorino.com\/boutique\/product\/enclos-hexagonal-pour-rongeurs\/","name":"Enclos hexagonal pour rongeurs Zolux - V\u00e9torino","isPartOf":{"@id":"https:\/\/www.vetorino.com\/boutique\/#website"},"primaryImageOfPage":{"@id":"https:\/\/www.vetorino.com\/boutique\/product\/enclos-hexagonal-pour-rongeurs\/#primaryimage"},"image":{"@id":"https:\/\/www.vetorino.com\/boutique\/product\/enclos-hexagonal-pour-rongeurs\/#primaryimage"},"thumbnailUrl":"https:\/\/www.vetorino.com\/boutique\/wp-content\/uploads\/2023\/04\/nac-enclos-hexagonal-pour-rongeurs.jpg","datePublished":"2020-06-29T15:07:16+00:00","dateModified":"2026-02-11T15:26:57+00:00","description":"Ce\u00a0parc d'ext\u00e9rieur en m\u00e9tal\u00a0offre un espace id\u00e9al permettant \u00e0 vos\u00a0rongeurs\u00a0de b\u00e9n\u00e9ficier des joies du\u00a0jardin\u00a0sans risque de\u00a0fugue. Il leur assure \u00a0\u00e9galement un abri contre les pr\u00e9dateurs\u00a0gr\u00e2ce \u00e0 ses barreaux de 2,5 \u00e0 3,5 mm de diam\u00e8tre et aux piquets \u00e0 enfoncer dans le sol.","breadcrumb":{"@id":"https:\/\/www.vetorino.com\/boutique\/product\/enclos-hexagonal-pour-rongeurs\/#breadcrumb"},"inLanguage":"fr-FR","potentialAction":[{"@type":"ReadAction","target":["https:\/\/www.vetorino.com\/boutique\/product\/enclos-hexagonal-pour-rongeurs\/"]}]},{"@type":"ImageObject","inLanguage":"fr-FR","@id":"https:\/\/www.vetorino.com\/boutique\/product\/enclos-hexagonal-pour-rongeurs\/#primaryimage","url":"https:\/\/www.vetorino.com\/boutique\/wp-content\/uploads\/2023\/04\/nac-enclos-hexagonal-pour-rongeurs.jpg","contentUrl":"https:\/\/www.vetorino.com\/boutique\/wp-content\/uploads\/2023\/04\/nac-enclos-hexagonal-pour-rongeurs.jpg","width":600,"height":600},{"@type":"BreadcrumbList","@id":"https:\/\/www.vetorino.com\/boutique\/product\/enclos-hexagonal-pour-rongeurs\/#breadcrumb","itemListElement":[{"@type":"ListItem","position":1,"name":"Accueil","item":"https:\/\/www.vetorino.com\/boutique\/"},{"@type":"ListItem","position":2,"name":"Produits","item":"https:\/\/www.vetorino.com\/boutique\/"},{"@type":"ListItem","position":3,"name":"Enclos hexagonal pour rongeurs"}]},{"@type":"WebSite","@id":"https:\/\/www.vetorino.com\/boutique\/#website","url":"https:\/\/www.vetorino.com\/boutique\/","name":"V\u00e9torino","description":"","publisher":{"@id":"https:\/\/www.vetorino.com\/boutique\/#organization"},"potentialAction":[{"@type":"SearchAction","target":{"@type":"EntryPoint","urlTemplate":"https:\/\/www.vetorino.com\/boutique\/?s={search_term_string}"},"query-input":{"@type":"PropertyValueSpecification","valueRequired":true,"valueName":"search_term_string"}}],"inLanguage":"fr-FR"},{"@type":"Organization","@id":"https:\/\/www.vetorino.com\/boutique\/#organization","name":"V\u00e9torino","url":"https:\/\/www.vetorino.com\/boutique\/","logo":{"@type":"ImageObject","inLanguage":"fr-FR","@id":"https:\/\/www.vetorino.com\/boutique\/#\/schema\/logo\/image\/","url":"https:\/\/www.vetorino.com\/boutique\/wp-content\/uploads\/2024\/10\/logo.jpg","contentUrl":"https:\/\/www.vetorino.com\/boutique\/wp-content\/uploads\/2024\/10\/logo.jpg","width":1200,"height":610,"caption":"V\u00e9torino"},"image":{"@id":"https:\/\/www.vetorino.com\/boutique\/#\/schema\/logo\/image\/"},"sameAs":["https:\/\/www.facebook.com\/Vetorino\/","https:\/\/www.instagram.com\/vetorino_off\/","https:\/\/www.linkedin.com\/company\/vtorino\/"]}]},"product_brand":"Zolux","product_price_amount":"40.95","product_price_currency":"EUR","og_availability":"instock","product_availability":"instock","product_retailer_item_id":"C-ENC700","product_condition":"new"},"_links":{"self":[{"href":"https:\/\/www.vetorino.com\/veterinaire\/bompas-66430\/boutique\/wp-json\/wp\/v2\/product\/95615","targetHints":{"allow":["GET"]}}],"collection":[{"href":"https:\/\/www.vetorino.com\/veterinaire\/bompas-66430\/boutique\/wp-json\/wp\/v2\/product"}],"about":[{"href":"https:\/\/www.vetorino.com\/veterinaire\/bompas-66430\/boutique\/wp-json\/wp\/v2\/types\/product"}],"wp:featuredmedia":[{"embeddable":true,"href":"https:\/\/www.vetorino.com\/veterinaire\/bompas-66430\/boutique\/wp-json\/wp\/v2\/media\/976060"}],"wp:attachment":[{"href":"https:\/\/www.vetorino.com\/veterinaire\/bompas-66430\/boutique\/wp-json\/wp\/v2\/media?parent=95615"}],"wp:term":[{"taxonomy":"product_cat","embeddable":true,"href":"https:\/\/www.vetorino.com\/veterinaire\/bompas-66430\/boutique\/wp-json\/wp\/v2\/product_cat?post=95615"},{"taxonomy":"product_tag","embeddable":true,"href":"https:\/\/www.vetorino.com\/veterinaire\/bompas-66430\/boutique\/wp-json\/wp\/v2\/product_tag?post=95615"}],"curies":[{"name":"wp","href":"https:\/\/api.w.org\/{rel}","templated":true}]}}