{"id":91497,"date":"2020-06-26T14:11:24","date_gmt":"2020-06-26T12:11:24","guid":{"rendered":"https:\/\/www.vetorino.com\/boutique\/product\/cage-gulliver\/"},"modified":"2026-03-04T02:42:21","modified_gmt":"2026-03-04T01:42:21","slug":"cage-gulliver","status":"publish","type":"product","link":"https:\/\/www.vetorino.com\/veterinaire\/cauvervilleenroumois-27350\/boutique\/product\/cage-gulliver\/","title":{"rendered":"Cage Gulliver \u00e0 porte m\u00e9tal"},"content":{"rendered":"<div class=\"hidden\">MATERIEL<\/div>\n<div class=\"hidden\">Chats<\/div>\n<p>Id\u00e9ale pour le transport des petits animaux en toute s\u00e9curit\u00e9.<\/p>\n<ul>\n<li>En PVC.<\/li>\n<li>Avec porte m\u00e9tallique verrouillable par clips.<\/li>\n<li>Fentes lat\u00e9rales pour une bonne ventilation int\u00e9rieure.<\/li>\n<li>Encoches pour la ceinture de s\u00e9curit\u00e9.<\/li>\n<li>Fermetures robustes de c\u00f4t\u00e9.<\/li>\n<li>Facile \u00e0 monter et \u00e0 nettoyer.<\/li>\n<li>Non autoris\u00e9e pour le transport a\u00e9rien.<\/li>\n<\/ul>\n","protected":false},"excerpt":{"rendered":"<p>MATERIEL Chats Id\u00e9ale pour le transport des petits animaux en toute s\u00e9curit\u00e9. En PVC. Avec porte m\u00e9tallique verrouillable par clips. Fentes lat\u00e9rales pour une bonne ventilation int\u00e9rieure. Encoches pour la ceinture de s\u00e9curit\u00e9. Fermetures robustes de c\u00f4t\u00e9. Facile \u00e0 monter et \u00e0 nettoyer. Non autoris\u00e9e pour le transport a\u00e9rien.<\/p>\n","protected":false},"featured_media":624545,"template":"","meta":[],"product_cat":[2698],"product_tag":[],"class_list":{"0":"post-91497","1":"product","2":"type-product","3":"status-publish","4":"has-post-thumbnail","6":"product_cat-chien","7":"pa_marque-animallparadise","9":"first","10":"instock","11":"taxable","12":"shipping-taxable","13":"purchasable","14":"product-type-variable"},"yoast_head":"<!-- This site is optimized with the Yoast SEO plugin v27.3 - https:\/\/yoast.com\/product\/yoast-seo-wordpress\/ -->\n<title>Cage Gulliver \u00e0 porte m\u00e9tal ANIMALLPARADISE - V\u00e9torino<\/title>\n<meta name=\"description\" content=\"MATERIEL Chats Id\u00e9ale pour le transport des petits animaux en toute s\u00e9curit\u00e9. En PVC. Avec porte m\u00e9tallique verrouillable par clips. Fentes lat\u00e9rales pour\" \/>\n<meta name=\"robots\" content=\"noindex, nofollow\" \/>\n<meta property=\"og:locale\" content=\"fr_FR\" \/>\n<meta property=\"og:type\" content=\"article\" \/>\n<meta property=\"og:title\" content=\"Cage Gulliver \u00e0 porte m\u00e9tal ANIMALLPARADISE - V\u00e9torino\" \/>\n<meta property=\"og:description\" content=\"MATERIEL Chats Id\u00e9ale pour le transport des petits animaux en toute s\u00e9curit\u00e9. En PVC. Avec porte m\u00e9tallique verrouillable par clips. Fentes lat\u00e9rales pour\" \/>\n<meta property=\"og:url\" content=\"https:\/\/www.vetorino.com\/veterinaire\/cauvervilleenroumois-27350\/boutique\/product\/cage-gulliver\/\" \/>\n<meta property=\"og:site_name\" content=\"V\u00e9torino\" \/>\n<meta property=\"article:publisher\" content=\"https:\/\/www.facebook.com\/Vetorino\/\" \/>\n<meta property=\"article:modified_time\" content=\"2026-03-04T01:42:21+00:00\" \/>\n<meta property=\"og:image\" content=\"https:\/\/www.vetorino.com\/boutique\/wp-content\/uploads\/2020\/06\/cage_transport_chien_chat_gulliver1_kerbl_1a2f.jpeg\" \/>\n\t<meta property=\"og:image:width\" content=\"648\" \/>\n\t<meta property=\"og:image:height\" content=\"560\" \/>\n\t<meta property=\"og:image:type\" content=\"image\/jpeg\" \/>\n<meta name=\"twitter:card\" content=\"summary_large_image\" \/>\n<meta name=\"twitter:label1\" content=\"Disponibilit\u00e9\" \/>\n\t<meta name=\"twitter:data1\" content=\"En stock\" \/>\n<script type=\"application\/ld+json\" class=\"yoast-schema-graph\">{\"@context\":\"https:\\\/\\\/schema.org\",\"@graph\":[{\"@type\":\"WebPage\",\"@id\":\"https:\\\/\\\/www.vetorino.com\\\/boutique\\\/product\\\/cage-gulliver\\\/\",\"url\":\"https:\\\/\\\/www.vetorino.com\\\/boutique\\\/product\\\/cage-gulliver\\\/\",\"name\":\"Cage Gulliver \u00e0 porte m\u00e9tal ANIMALLPARADISE - V\u00e9torino\",\"isPartOf\":{\"@id\":\"https:\\\/\\\/www.vetorino.com\\\/boutique\\\/#website\"},\"primaryImageOfPage\":{\"@id\":\"https:\\\/\\\/www.vetorino.com\\\/boutique\\\/product\\\/cage-gulliver\\\/#primaryimage\"},\"image\":{\"@id\":\"https:\\\/\\\/www.vetorino.com\\\/boutique\\\/product\\\/cage-gulliver\\\/#primaryimage\"},\"thumbnailUrl\":\"https:\\\/\\\/www.vetorino.com\\\/boutique\\\/wp-content\\\/uploads\\\/2020\\\/06\\\/cage_transport_chien_chat_gulliver1_kerbl_1a2f.jpeg\",\"datePublished\":\"2020-06-26T12:11:24+00:00\",\"dateModified\":\"2026-03-04T01:42:21+00:00\",\"description\":\"MATERIEL Chats Id\u00e9ale pour le transport des petits animaux en toute s\u00e9curit\u00e9. En PVC. Avec porte m\u00e9tallique verrouillable par clips. Fentes lat\u00e9rales pour\",\"breadcrumb\":{\"@id\":\"https:\\\/\\\/www.vetorino.com\\\/boutique\\\/product\\\/cage-gulliver\\\/#breadcrumb\"},\"inLanguage\":\"fr-FR\",\"potentialAction\":[{\"@type\":\"ReadAction\",\"target\":[\"https:\\\/\\\/www.vetorino.com\\\/boutique\\\/product\\\/cage-gulliver\\\/\"]}]},{\"@type\":\"ImageObject\",\"inLanguage\":\"fr-FR\",\"@id\":\"https:\\\/\\\/www.vetorino.com\\\/boutique\\\/product\\\/cage-gulliver\\\/#primaryimage\",\"url\":\"https:\\\/\\\/www.vetorino.com\\\/boutique\\\/wp-content\\\/uploads\\\/2020\\\/06\\\/cage_transport_chien_chat_gulliver1_kerbl_1a2f.jpeg\",\"contentUrl\":\"https:\\\/\\\/www.vetorino.com\\\/boutique\\\/wp-content\\\/uploads\\\/2020\\\/06\\\/cage_transport_chien_chat_gulliver1_kerbl_1a2f.jpeg\",\"width\":648,\"height\":560},{\"@type\":\"BreadcrumbList\",\"@id\":\"https:\\\/\\\/www.vetorino.com\\\/boutique\\\/product\\\/cage-gulliver\\\/#breadcrumb\",\"itemListElement\":[{\"@type\":\"ListItem\",\"position\":1,\"name\":\"Accueil\",\"item\":\"https:\\\/\\\/www.vetorino.com\\\/boutique\\\/\"},{\"@type\":\"ListItem\",\"position\":2,\"name\":\"Produits\",\"item\":\"https:\\\/\\\/www.vetorino.com\\\/boutique\\\/\"},{\"@type\":\"ListItem\",\"position\":3,\"name\":\"Cage Gulliver \u00e0 porte m\u00e9tal\"}]},{\"@type\":\"WebSite\",\"@id\":\"https:\\\/\\\/www.vetorino.com\\\/boutique\\\/#website\",\"url\":\"https:\\\/\\\/www.vetorino.com\\\/boutique\\\/\",\"name\":\"V\u00e9torino\",\"description\":\"\",\"publisher\":{\"@id\":\"https:\\\/\\\/www.vetorino.com\\\/boutique\\\/#organization\"},\"potentialAction\":[{\"@type\":\"SearchAction\",\"target\":{\"@type\":\"EntryPoint\",\"urlTemplate\":\"https:\\\/\\\/www.vetorino.com\\\/boutique\\\/?s={search_term_string}\"},\"query-input\":{\"@type\":\"PropertyValueSpecification\",\"valueRequired\":true,\"valueName\":\"search_term_string\"}}],\"inLanguage\":\"fr-FR\"},{\"@type\":\"Organization\",\"@id\":\"https:\\\/\\\/www.vetorino.com\\\/boutique\\\/#organization\",\"name\":\"V\u00e9torino\",\"url\":\"https:\\\/\\\/www.vetorino.com\\\/boutique\\\/\",\"logo\":{\"@type\":\"ImageObject\",\"inLanguage\":\"fr-FR\",\"@id\":\"https:\\\/\\\/www.vetorino.com\\\/boutique\\\/#\\\/schema\\\/logo\\\/image\\\/\",\"url\":\"https:\\\/\\\/www.vetorino.com\\\/boutique\\\/wp-content\\\/uploads\\\/2024\\\/10\\\/logo.jpg\",\"contentUrl\":\"https:\\\/\\\/www.vetorino.com\\\/boutique\\\/wp-content\\\/uploads\\\/2024\\\/10\\\/logo.jpg\",\"width\":1200,\"height\":610,\"caption\":\"V\u00e9torino\"},\"image\":{\"@id\":\"https:\\\/\\\/www.vetorino.com\\\/boutique\\\/#\\\/schema\\\/logo\\\/image\\\/\"},\"sameAs\":[\"https:\\\/\\\/www.facebook.com\\\/Vetorino\\\/\",\"https:\\\/\\\/www.instagram.com\\\/vetorino_off\\\/\",\"https:\\\/\\\/www.linkedin.com\\\/company\\\/vtorino\\\/\"]}]}<\/script>\n<meta property=\"product:brand\" content=\"ANIMALLPARADISE\" \/>\n<meta property=\"og:availability\" content=\"instock\" \/>\n<meta property=\"product:availability\" content=\"instock\" \/>\n<meta property=\"product:condition\" content=\"new\" \/>\n<!-- \/ Yoast SEO plugin. -->","yoast_head_json":{"title":"Cage Gulliver \u00e0 porte m\u00e9tal ANIMALLPARADISE - V\u00e9torino","description":"MATERIEL Chats Id\u00e9ale pour le transport des petits animaux en toute s\u00e9curit\u00e9. En PVC. Avec porte m\u00e9tallique verrouillable par clips. Fentes lat\u00e9rales pour","robots":{"index":"noindex","follow":"nofollow"},"og_locale":"fr_FR","og_type":"article","og_title":"Cage Gulliver \u00e0 porte m\u00e9tal ANIMALLPARADISE - V\u00e9torino","og_description":"MATERIEL Chats Id\u00e9ale pour le transport des petits animaux en toute s\u00e9curit\u00e9. En PVC. Avec porte m\u00e9tallique verrouillable par clips. Fentes lat\u00e9rales pour","og_url":"https:\/\/www.vetorino.com\/veterinaire\/cauvervilleenroumois-27350\/boutique\/product\/cage-gulliver\/","og_site_name":"V\u00e9torino","article_publisher":"https:\/\/www.facebook.com\/Vetorino\/","article_modified_time":"2026-03-04T01:42:21+00:00","og_image":[{"width":648,"height":560,"url":"https:\/\/www.vetorino.com\/boutique\/wp-content\/uploads\/2020\/06\/cage_transport_chien_chat_gulliver1_kerbl_1a2f.jpeg","type":"image\/jpeg"}],"twitter_card":"summary_large_image","twitter_misc":{"Disponibilit\u00e9":"En stock"},"schema":{"@context":"https:\/\/schema.org","@graph":[{"@type":"WebPage","@id":"https:\/\/www.vetorino.com\/boutique\/product\/cage-gulliver\/","url":"https:\/\/www.vetorino.com\/boutique\/product\/cage-gulliver\/","name":"Cage Gulliver \u00e0 porte m\u00e9tal ANIMALLPARADISE - V\u00e9torino","isPartOf":{"@id":"https:\/\/www.vetorino.com\/boutique\/#website"},"primaryImageOfPage":{"@id":"https:\/\/www.vetorino.com\/boutique\/product\/cage-gulliver\/#primaryimage"},"image":{"@id":"https:\/\/www.vetorino.com\/boutique\/product\/cage-gulliver\/#primaryimage"},"thumbnailUrl":"https:\/\/www.vetorino.com\/boutique\/wp-content\/uploads\/2020\/06\/cage_transport_chien_chat_gulliver1_kerbl_1a2f.jpeg","datePublished":"2020-06-26T12:11:24+00:00","dateModified":"2026-03-04T01:42:21+00:00","description":"MATERIEL Chats Id\u00e9ale pour le transport des petits animaux en toute s\u00e9curit\u00e9. En PVC. Avec porte m\u00e9tallique verrouillable par clips. Fentes lat\u00e9rales pour","breadcrumb":{"@id":"https:\/\/www.vetorino.com\/boutique\/product\/cage-gulliver\/#breadcrumb"},"inLanguage":"fr-FR","potentialAction":[{"@type":"ReadAction","target":["https:\/\/www.vetorino.com\/boutique\/product\/cage-gulliver\/"]}]},{"@type":"ImageObject","inLanguage":"fr-FR","@id":"https:\/\/www.vetorino.com\/boutique\/product\/cage-gulliver\/#primaryimage","url":"https:\/\/www.vetorino.com\/boutique\/wp-content\/uploads\/2020\/06\/cage_transport_chien_chat_gulliver1_kerbl_1a2f.jpeg","contentUrl":"https:\/\/www.vetorino.com\/boutique\/wp-content\/uploads\/2020\/06\/cage_transport_chien_chat_gulliver1_kerbl_1a2f.jpeg","width":648,"height":560},{"@type":"BreadcrumbList","@id":"https:\/\/www.vetorino.com\/boutique\/product\/cage-gulliver\/#breadcrumb","itemListElement":[{"@type":"ListItem","position":1,"name":"Accueil","item":"https:\/\/www.vetorino.com\/boutique\/"},{"@type":"ListItem","position":2,"name":"Produits","item":"https:\/\/www.vetorino.com\/boutique\/"},{"@type":"ListItem","position":3,"name":"Cage Gulliver \u00e0 porte m\u00e9tal"}]},{"@type":"WebSite","@id":"https:\/\/www.vetorino.com\/boutique\/#website","url":"https:\/\/www.vetorino.com\/boutique\/","name":"V\u00e9torino","description":"","publisher":{"@id":"https:\/\/www.vetorino.com\/boutique\/#organization"},"potentialAction":[{"@type":"SearchAction","target":{"@type":"EntryPoint","urlTemplate":"https:\/\/www.vetorino.com\/boutique\/?s={search_term_string}"},"query-input":{"@type":"PropertyValueSpecification","valueRequired":true,"valueName":"search_term_string"}}],"inLanguage":"fr-FR"},{"@type":"Organization","@id":"https:\/\/www.vetorino.com\/boutique\/#organization","name":"V\u00e9torino","url":"https:\/\/www.vetorino.com\/boutique\/","logo":{"@type":"ImageObject","inLanguage":"fr-FR","@id":"https:\/\/www.vetorino.com\/boutique\/#\/schema\/logo\/image\/","url":"https:\/\/www.vetorino.com\/boutique\/wp-content\/uploads\/2024\/10\/logo.jpg","contentUrl":"https:\/\/www.vetorino.com\/boutique\/wp-content\/uploads\/2024\/10\/logo.jpg","width":1200,"height":610,"caption":"V\u00e9torino"},"image":{"@id":"https:\/\/www.vetorino.com\/boutique\/#\/schema\/logo\/image\/"},"sameAs":["https:\/\/www.facebook.com\/Vetorino\/","https:\/\/www.instagram.com\/vetorino_off\/","https:\/\/www.linkedin.com\/company\/vtorino\/"]}]},"product_brand":"ANIMALLPARADISE","og_availability":"instock","product_availability":"instock","product_condition":"new"},"_links":{"self":[{"href":"https:\/\/www.vetorino.com\/veterinaire\/cauvervilleenroumois-27350\/boutique\/wp-json\/wp\/v2\/product\/91497","targetHints":{"allow":["GET"]}}],"collection":[{"href":"https:\/\/www.vetorino.com\/veterinaire\/cauvervilleenroumois-27350\/boutique\/wp-json\/wp\/v2\/product"}],"about":[{"href":"https:\/\/www.vetorino.com\/veterinaire\/cauvervilleenroumois-27350\/boutique\/wp-json\/wp\/v2\/types\/product"}],"wp:featuredmedia":[{"embeddable":true,"href":"https:\/\/www.vetorino.com\/veterinaire\/cauvervilleenroumois-27350\/boutique\/wp-json\/wp\/v2\/media\/624545"}],"wp:attachment":[{"href":"https:\/\/www.vetorino.com\/veterinaire\/cauvervilleenroumois-27350\/boutique\/wp-json\/wp\/v2\/media?parent=91497"}],"wp:term":[{"taxonomy":"product_cat","embeddable":true,"href":"https:\/\/www.vetorino.com\/veterinaire\/cauvervilleenroumois-27350\/boutique\/wp-json\/wp\/v2\/product_cat?post=91497"},{"taxonomy":"product_tag","embeddable":true,"href":"https:\/\/www.vetorino.com\/veterinaire\/cauvervilleenroumois-27350\/boutique\/wp-json\/wp\/v2\/product_tag?post=91497"}],"curies":[{"name":"wp","href":"https:\/\/api.w.org\/{rel}","templated":true}]}}