{"id":1772091,"date":"2026-04-01T15:05:08","date_gmt":"2026-04-01T13:05:08","guid":{"rendered":"https:\/\/www.vetorino.com\/boutique\/?post_type=product&#038;p=1772091"},"modified":"2026-04-03T09:46:17","modified_gmt":"2026-04-03T07:46:17","slug":"seringue-a-insuline-loupe-pic-uu-2","status":"publish","type":"product","link":"https:\/\/www.vetorino.com\/veterinaire\/chalus-87230\/boutique\/product\/seringue-a-insuline-loupe-pic-uu-2\/","title":{"rendered":"Seringue \u00e0 insuline 100 ui\/ml sertie 0,5 ml \/ 12,7 x 0,33 mm"},"content":{"rendered":"<p>SERINGUE INSULINE 100 UI\/ML SERTIE 0,5 ml \/ 12,7 x 0,33 mm &#8211; bo\u00eete de 30.<\/p>\n<p><strong>Demander conseil \u00e0 un v\u00e9t\u00e9rinaire avant toute utilisation.<\/strong><\/p>\n","protected":false},"excerpt":{"rendered":"<p>SERINGUE INSULINE 100 UI\/ML SERTIE 0,5 ml \/ 12,7 x 0,33 mm &#8211; bo\u00eete de 30.<\/p>\n<p><strong>Demander conseil \u00e0 un v\u00e9t\u00e9rinaire avant toute utilisation.<\/strong><\/p>\n","protected":false},"featured_media":1775163,"template":"","meta":[],"product_cat":[2697,2698],"product_tag":[],"class_list":{"0":"post-1772091","1":"product","2":"type-product","3":"status-publish","4":"has-post-thumbnail","6":"product_cat-chat","7":"product_cat-chien","8":"pa_marque-pic","10":"first","11":"instock","12":"taxable","13":"shipping-taxable","14":"purchasable","15":"product-type-simple"},"yoast_head":"<!-- This site is optimized with the Yoast SEO plugin v26.7 - https:\/\/yoast.com\/wordpress\/plugins\/seo\/ -->\n<title>Seringue \u00e0 insuline 100 ui\/ml sertie 0,5 ml \/ 12,7 x 0,33 mm PIC - V\u00e9torino<\/title>\n<meta name=\"description\" content=\"SERINGUE INSULINE 100 UI\/ML SERTIE 0,5 ml \/ 12,7 x 0,33 mm - bo\u00eete de 30.  Demander conseil \u00e0 un v\u00e9t\u00e9rinaire avant toute utilisation.\" \/>\n<meta name=\"robots\" content=\"noindex, nofollow\" \/>\n<meta property=\"og:locale\" content=\"fr_FR\" \/>\n<meta property=\"og:type\" content=\"article\" \/>\n<meta property=\"og:title\" content=\"Seringue \u00e0 insuline 100 ui\/ml sertie 0,5 ml \/ 12,7 x 0,33 mm PIC - V\u00e9torino\" \/>\n<meta property=\"og:description\" content=\"SERINGUE INSULINE 100 UI\/ML SERTIE 0,5 ml \/ 12,7 x 0,33 mm - bo\u00eete de 30.  Demander conseil \u00e0 un v\u00e9t\u00e9rinaire avant toute utilisation.\" \/>\n<meta property=\"og:url\" content=\"https:\/\/www.vetorino.com\/veterinaire\/chalus-87230\/boutique\/product\/seringue-a-insuline-loupe-pic-uu-2\/\" \/>\n<meta property=\"og:site_name\" content=\"V\u00e9torino\" \/>\n<meta property=\"article:publisher\" content=\"https:\/\/www.facebook.com\/Vetorino\/\" \/>\n<meta property=\"article:modified_time\" content=\"2026-04-03T07:46:17+00:00\" \/>\n<meta property=\"og:image\" content=\"https:\/\/www.vetorino.com\/boutique\/wp-content\/uploads\/2026\/04\/831540.jpg\" \/>\n\t<meta property=\"og:image:width\" content=\"1200\" \/>\n\t<meta property=\"og:image:height\" content=\"1200\" \/>\n\t<meta property=\"og:image:type\" content=\"image\/jpeg\" \/>\n<meta name=\"twitter:card\" content=\"summary_large_image\" \/>\n<meta name=\"twitter:label1\" content=\"Prix\" \/>\n\t<meta name=\"twitter:data1\" content=\"7,30&euro;\" \/>\n\t<meta name=\"twitter:label2\" content=\"Disponibilit\u00e9\" \/>\n\t<meta name=\"twitter:data2\" content=\"En stock\" \/>\n<script type=\"application\/ld+json\" class=\"yoast-schema-graph\">{\"@context\":\"https:\/\/schema.org\",\"@graph\":[{\"@type\":\"WebPage\",\"@id\":\"https:\/\/www.vetorino.com\/boutique\/product\/seringue-a-insuline-loupe-pic-uu-2\/\",\"url\":\"https:\/\/www.vetorino.com\/boutique\/product\/seringue-a-insuline-loupe-pic-uu-2\/\",\"name\":\"Seringue \u00e0 insuline 100 ui\/ml sertie 0,5 ml \/ 12,7 x 0,33 mm PIC - V\u00e9torino\",\"isPartOf\":{\"@id\":\"https:\/\/www.vetorino.com\/boutique\/#website\"},\"primaryImageOfPage\":{\"@id\":\"https:\/\/www.vetorino.com\/boutique\/product\/seringue-a-insuline-loupe-pic-uu-2\/#primaryimage\"},\"image\":{\"@id\":\"https:\/\/www.vetorino.com\/boutique\/product\/seringue-a-insuline-loupe-pic-uu-2\/#primaryimage\"},\"thumbnailUrl\":\"https:\/\/www.vetorino.com\/boutique\/wp-content\/uploads\/2026\/04\/831540.jpg\",\"datePublished\":\"2026-04-01T13:05:08+00:00\",\"dateModified\":\"2026-04-03T07:46:17+00:00\",\"description\":\"SERINGUE INSULINE 100 UI\/ML SERTIE 0,5 ml \/ 12,7 x 0,33 mm - bo\u00eete de 30. Demander conseil \u00e0 un v\u00e9t\u00e9rinaire avant toute utilisation.\",\"breadcrumb\":{\"@id\":\"https:\/\/www.vetorino.com\/boutique\/product\/seringue-a-insuline-loupe-pic-uu-2\/#breadcrumb\"},\"inLanguage\":\"fr-FR\",\"potentialAction\":[{\"@type\":\"ReadAction\",\"target\":[\"https:\/\/www.vetorino.com\/boutique\/product\/seringue-a-insuline-loupe-pic-uu-2\/\"]}]},{\"@type\":\"ImageObject\",\"inLanguage\":\"fr-FR\",\"@id\":\"https:\/\/www.vetorino.com\/boutique\/product\/seringue-a-insuline-loupe-pic-uu-2\/#primaryimage\",\"url\":\"https:\/\/www.vetorino.com\/boutique\/wp-content\/uploads\/2026\/04\/831540.jpg\",\"contentUrl\":\"https:\/\/www.vetorino.com\/boutique\/wp-content\/uploads\/2026\/04\/831540.jpg\",\"width\":1200,\"height\":1200},{\"@type\":\"BreadcrumbList\",\"@id\":\"https:\/\/www.vetorino.com\/boutique\/product\/seringue-a-insuline-loupe-pic-uu-2\/#breadcrumb\",\"itemListElement\":[{\"@type\":\"ListItem\",\"position\":1,\"name\":\"Accueil\",\"item\":\"https:\/\/www.vetorino.com\/boutique\/\"},{\"@type\":\"ListItem\",\"position\":2,\"name\":\"Produits\",\"item\":\"https:\/\/www.vetorino.com\/boutique\/\"},{\"@type\":\"ListItem\",\"position\":3,\"name\":\"Seringue \u00e0 insuline 100 ui\/ml sertie 0,5 ml \/ 12,7 x 0,33 mm\"}]},{\"@type\":\"WebSite\",\"@id\":\"https:\/\/www.vetorino.com\/boutique\/#website\",\"url\":\"https:\/\/www.vetorino.com\/boutique\/\",\"name\":\"V\u00e9torino\",\"description\":\"\",\"publisher\":{\"@id\":\"https:\/\/www.vetorino.com\/boutique\/#organization\"},\"potentialAction\":[{\"@type\":\"SearchAction\",\"target\":{\"@type\":\"EntryPoint\",\"urlTemplate\":\"https:\/\/www.vetorino.com\/boutique\/?s={search_term_string}\"},\"query-input\":{\"@type\":\"PropertyValueSpecification\",\"valueRequired\":true,\"valueName\":\"search_term_string\"}}],\"inLanguage\":\"fr-FR\"},{\"@type\":\"Organization\",\"@id\":\"https:\/\/www.vetorino.com\/boutique\/#organization\",\"name\":\"V\u00e9torino\",\"url\":\"https:\/\/www.vetorino.com\/boutique\/\",\"logo\":{\"@type\":\"ImageObject\",\"inLanguage\":\"fr-FR\",\"@id\":\"https:\/\/www.vetorino.com\/boutique\/#\/schema\/logo\/image\/\",\"url\":\"https:\/\/www.vetorino.com\/boutique\/wp-content\/uploads\/2024\/10\/logo.jpg\",\"contentUrl\":\"https:\/\/www.vetorino.com\/boutique\/wp-content\/uploads\/2024\/10\/logo.jpg\",\"width\":1200,\"height\":610,\"caption\":\"V\u00e9torino\"},\"image\":{\"@id\":\"https:\/\/www.vetorino.com\/boutique\/#\/schema\/logo\/image\/\"},\"sameAs\":[\"https:\/\/www.facebook.com\/Vetorino\/\",\"https:\/\/www.instagram.com\/vetorino_off\/\",\"https:\/\/www.linkedin.com\/company\/vtorino\/\"]}]}<\/script>\n<meta property=\"product:brand\" content=\"PIC\" \/>\n<meta property=\"product:price:amount\" content=\"7.30\" \/>\n<meta property=\"product:price:currency\" content=\"EUR\" \/>\n<meta property=\"og:availability\" content=\"instock\" \/>\n<meta property=\"product:availability\" content=\"instock\" \/>\n<meta property=\"product:retailer_item_id\" content=\"O-831540\" \/>\n<meta property=\"product:condition\" content=\"new\" \/>\n<!-- \/ Yoast SEO plugin. -->","yoast_head_json":{"title":"Seringue \u00e0 insuline 100 ui\/ml sertie 0,5 ml \/ 12,7 x 0,33 mm PIC - V\u00e9torino","description":"SERINGUE INSULINE 100 UI\/ML SERTIE 0,5 ml \/ 12,7 x 0,33 mm - bo\u00eete de 30.  Demander conseil \u00e0 un v\u00e9t\u00e9rinaire avant toute utilisation.","robots":{"index":"noindex","follow":"nofollow"},"og_locale":"fr_FR","og_type":"article","og_title":"Seringue \u00e0 insuline 100 ui\/ml sertie 0,5 ml \/ 12,7 x 0,33 mm PIC - V\u00e9torino","og_description":"SERINGUE INSULINE 100 UI\/ML SERTIE 0,5 ml \/ 12,7 x 0,33 mm - bo\u00eete de 30.  Demander conseil \u00e0 un v\u00e9t\u00e9rinaire avant toute utilisation.","og_url":"https:\/\/www.vetorino.com\/veterinaire\/chalus-87230\/boutique\/product\/seringue-a-insuline-loupe-pic-uu-2\/","og_site_name":"V\u00e9torino","article_publisher":"https:\/\/www.facebook.com\/Vetorino\/","article_modified_time":"2026-04-03T07:46:17+00:00","og_image":[{"width":1200,"height":1200,"url":"https:\/\/www.vetorino.com\/boutique\/wp-content\/uploads\/2026\/04\/831540.jpg","type":"image\/jpeg"}],"twitter_card":"summary_large_image","twitter_misc":{"Prix":"7,30&euro;","Disponibilit\u00e9":"En stock"},"schema":{"@context":"https:\/\/schema.org","@graph":[{"@type":"WebPage","@id":"https:\/\/www.vetorino.com\/boutique\/product\/seringue-a-insuline-loupe-pic-uu-2\/","url":"https:\/\/www.vetorino.com\/boutique\/product\/seringue-a-insuline-loupe-pic-uu-2\/","name":"Seringue \u00e0 insuline 100 ui\/ml sertie 0,5 ml \/ 12,7 x 0,33 mm PIC - V\u00e9torino","isPartOf":{"@id":"https:\/\/www.vetorino.com\/boutique\/#website"},"primaryImageOfPage":{"@id":"https:\/\/www.vetorino.com\/boutique\/product\/seringue-a-insuline-loupe-pic-uu-2\/#primaryimage"},"image":{"@id":"https:\/\/www.vetorino.com\/boutique\/product\/seringue-a-insuline-loupe-pic-uu-2\/#primaryimage"},"thumbnailUrl":"https:\/\/www.vetorino.com\/boutique\/wp-content\/uploads\/2026\/04\/831540.jpg","datePublished":"2026-04-01T13:05:08+00:00","dateModified":"2026-04-03T07:46:17+00:00","description":"SERINGUE INSULINE 100 UI\/ML SERTIE 0,5 ml \/ 12,7 x 0,33 mm - bo\u00eete de 30. Demander conseil \u00e0 un v\u00e9t\u00e9rinaire avant toute utilisation.","breadcrumb":{"@id":"https:\/\/www.vetorino.com\/boutique\/product\/seringue-a-insuline-loupe-pic-uu-2\/#breadcrumb"},"inLanguage":"fr-FR","potentialAction":[{"@type":"ReadAction","target":["https:\/\/www.vetorino.com\/boutique\/product\/seringue-a-insuline-loupe-pic-uu-2\/"]}]},{"@type":"ImageObject","inLanguage":"fr-FR","@id":"https:\/\/www.vetorino.com\/boutique\/product\/seringue-a-insuline-loupe-pic-uu-2\/#primaryimage","url":"https:\/\/www.vetorino.com\/boutique\/wp-content\/uploads\/2026\/04\/831540.jpg","contentUrl":"https:\/\/www.vetorino.com\/boutique\/wp-content\/uploads\/2026\/04\/831540.jpg","width":1200,"height":1200},{"@type":"BreadcrumbList","@id":"https:\/\/www.vetorino.com\/boutique\/product\/seringue-a-insuline-loupe-pic-uu-2\/#breadcrumb","itemListElement":[{"@type":"ListItem","position":1,"name":"Accueil","item":"https:\/\/www.vetorino.com\/boutique\/"},{"@type":"ListItem","position":2,"name":"Produits","item":"https:\/\/www.vetorino.com\/boutique\/"},{"@type":"ListItem","position":3,"name":"Seringue \u00e0 insuline 100 ui\/ml sertie 0,5 ml \/ 12,7 x 0,33 mm"}]},{"@type":"WebSite","@id":"https:\/\/www.vetorino.com\/boutique\/#website","url":"https:\/\/www.vetorino.com\/boutique\/","name":"V\u00e9torino","description":"","publisher":{"@id":"https:\/\/www.vetorino.com\/boutique\/#organization"},"potentialAction":[{"@type":"SearchAction","target":{"@type":"EntryPoint","urlTemplate":"https:\/\/www.vetorino.com\/boutique\/?s={search_term_string}"},"query-input":{"@type":"PropertyValueSpecification","valueRequired":true,"valueName":"search_term_string"}}],"inLanguage":"fr-FR"},{"@type":"Organization","@id":"https:\/\/www.vetorino.com\/boutique\/#organization","name":"V\u00e9torino","url":"https:\/\/www.vetorino.com\/boutique\/","logo":{"@type":"ImageObject","inLanguage":"fr-FR","@id":"https:\/\/www.vetorino.com\/boutique\/#\/schema\/logo\/image\/","url":"https:\/\/www.vetorino.com\/boutique\/wp-content\/uploads\/2024\/10\/logo.jpg","contentUrl":"https:\/\/www.vetorino.com\/boutique\/wp-content\/uploads\/2024\/10\/logo.jpg","width":1200,"height":610,"caption":"V\u00e9torino"},"image":{"@id":"https:\/\/www.vetorino.com\/boutique\/#\/schema\/logo\/image\/"},"sameAs":["https:\/\/www.facebook.com\/Vetorino\/","https:\/\/www.instagram.com\/vetorino_off\/","https:\/\/www.linkedin.com\/company\/vtorino\/"]}]},"product_brand":"PIC","product_price_amount":"7.30","product_price_currency":"EUR","og_availability":"instock","product_availability":"instock","product_retailer_item_id":"O-831540","product_condition":"new"},"_links":{"self":[{"href":"https:\/\/www.vetorino.com\/veterinaire\/chalus-87230\/boutique\/wp-json\/wp\/v2\/product\/1772091","targetHints":{"allow":["GET"]}}],"collection":[{"href":"https:\/\/www.vetorino.com\/veterinaire\/chalus-87230\/boutique\/wp-json\/wp\/v2\/product"}],"about":[{"href":"https:\/\/www.vetorino.com\/veterinaire\/chalus-87230\/boutique\/wp-json\/wp\/v2\/types\/product"}],"wp:featuredmedia":[{"embeddable":true,"href":"https:\/\/www.vetorino.com\/veterinaire\/chalus-87230\/boutique\/wp-json\/wp\/v2\/media\/1775163"}],"wp:attachment":[{"href":"https:\/\/www.vetorino.com\/veterinaire\/chalus-87230\/boutique\/wp-json\/wp\/v2\/media?parent=1772091"}],"wp:term":[{"taxonomy":"product_cat","embeddable":true,"href":"https:\/\/www.vetorino.com\/veterinaire\/chalus-87230\/boutique\/wp-json\/wp\/v2\/product_cat?post=1772091"},{"taxonomy":"product_tag","embeddable":true,"href":"https:\/\/www.vetorino.com\/veterinaire\/chalus-87230\/boutique\/wp-json\/wp\/v2\/product_tag?post=1772091"}],"curies":[{"name":"wp","href":"https:\/\/api.w.org\/{rel}","templated":true}]}}