{"id":510219,"date":"2022-11-21T14:21:43","date_gmt":"2022-11-21T13:21:43","guid":{"rendered":"https:\/\/www.vetorino.com\/boutique\/?post_type=product&#038;p=510219"},"modified":"2025-08-13T16:48:11","modified_gmt":"2025-08-13T14:48:11","slug":"corbeille-la-goutte-2","status":"publish","type":"product","link":"https:\/\/www.vetorino.com\/veterinaire\/chalus-87230\/boutique\/product\/corbeille-la-goutte-2\/","title":{"rendered":"Corbeille La Goutte"},"content":{"rendered":"<div class=\"accordion-item border-top-0 border-start-0 border-end-0 rounded-0\">\n<div id=\"collapse_description\" class=\"accordion-collapse collapse show\" aria-labelledby=\"heading_description\" data-bs-parent=\"#productAccordion\">\n<div class=\"accordion-body px-0\">\n<p class=\"rte\">Apportez une touche de nature \u00e0 votre int\u00e9rieur tout en offrant<strong>\u00a0\u00e0 votre chat ou petit chien un endroit confortable o\u00f9 se reposer<\/strong>\u00a0avec le d\u00f4me Goutte.<\/p>\n<p class=\"rte\"><strong>Fabriqu\u00e9 \u00e0 la main<\/strong>\u00a0\u00e0 partir de\u00a0<strong>jacinthe d\u2019eau<\/strong>\u00a0tress\u00e9e, ce couchage au design unique permet \u00e0 votre compagnon de se lover \u00e0 l\u2019abri des regards pour des siestes paisibles.<\/p>\n<p class=\"rte\">Son coussin, tr\u00e8s\u00a0<strong>confortable<\/strong>, est\u00a0<strong>amovible et r\u00e9versible<\/strong>\u00a0: une face en imitation fourrure et l\u2019autre en tissu uni pour changer de style au gr\u00e9 de vos envies.<\/p>\n<p class=\"rte\"><em><strong>Coloris :<\/strong>\u00a0beige<\/em><br \/>\n<em><strong>Mati\u00e8res :<\/strong>\u00a0jacinthe d\u2019eau et polyester<\/em><br \/>\n<em><strong>Entretien facile :<\/strong>\u00a0le coussin est lavable en machine (30\u00b0C max). Pour les parties naturelles, nettoyez avec une \u00e9ponge humide puis bien s\u00e9cher.<\/em><\/p>\n<\/div>\n<\/div>\n<\/div>\n<div class=\"accordion-item border-top-0 border-start-0 border-end-0 rounded-0\">\n<h2 id=\"heading_additional_information\" class=\"accordion-header\"><\/h2>\n<\/div>\n","protected":false},"excerpt":{"rendered":"<p class=\"rte\">Apportez une touche de nature \u00e0 votre int\u00e9rieur tout en offrant<strong>\u00a0\u00e0 votre chat ou petit chien un endroit confortable o\u00f9 se reposer<\/strong>\u00a0avec le d\u00f4me Goutte.<\/p>\n<p class=\"rte\"><strong>Fabriqu\u00e9 \u00e0 la main<\/strong>\u00a0\u00e0 partir de\u00a0<strong>jacinthe d\u2019eau<\/strong>\u00a0tress\u00e9e, ce couchage au design unique permet \u00e0 votre compagnon de se lover \u00e0 l\u2019abri des regards pour des siestes paisibles.<\/p>\n<p class=\"rte\">Son coussin, tr\u00e8s\u00a0<strong>confortable<\/strong>, est\u00a0<strong>amovible et r\u00e9versible<\/strong>\u00a0: une face en imitation fourrure et l\u2019autre en tissu uni pour changer de style au gr\u00e9 de vos envies.<\/p>\n","protected":false},"featured_media":592488,"template":"","meta":[],"product_cat":[12548,12550,2697,2698,12595,12596,2744,12570],"product_tag":[],"class_list":{"0":"post-510219","1":"product","2":"type-product","3":"status-publish","4":"has-post-thumbnail","6":"product_cat-accessoire-du-chat","7":"product_cat-accessoires-du-chien","8":"product_cat-chat","9":"product_cat-chien","10":"product_cat-confort-du-chat","11":"product_cat-confort-du-chien","12":"product_cat-furet","13":"product_cat-rongeur","14":"pa_marque-materiel","16":"first","17":"instock","18":"taxable","19":"shipping-taxable","20":"purchasable","21":"product-type-simple"},"yoast_head":"<!-- This site is optimized with the Yoast SEO plugin v27.3 - https:\/\/yoast.com\/product\/yoast-seo-wordpress\/ -->\n<title>Corbeille La Goutte Mat\u00e9riel - V\u00e9torino<\/title>\n<meta name=\"description\" content=\"Apportez une touche de nature \u00e0 votre int\u00e9rieur tout en offrant\u00a0\u00e0 votre chat ou petit chien un endroit confortable o\u00f9 se reposer\u00a0avec le d\u00f4me Goutte. Fabriqu\u00e9 \u00e0 la main\u00a0\u00e0 partir de\u00a0jacinthe d\u2019eau\u00a0tress\u00e9e, ce couchage au design unique permet \u00e0 votre compagnon de se lover \u00e0 l\u2019abri des regards pour des siestes paisibles. Son coussin, tr\u00e8s\u00a0confortable, est\u00a0amovible et r\u00e9versible\u00a0: une face en imitation fourrure et l\u2019autre en tissu uni pour changer de style au gr\u00e9 de vos envies.\" \/>\n<meta name=\"robots\" content=\"noindex, nofollow\" \/>\n<meta property=\"og:locale\" content=\"fr_FR\" \/>\n<meta property=\"og:type\" content=\"article\" \/>\n<meta property=\"og:title\" content=\"Corbeille La Goutte Mat\u00e9riel - V\u00e9torino\" \/>\n<meta property=\"og:description\" content=\"Apportez une touche de nature \u00e0 votre int\u00e9rieur tout en offrant\u00a0\u00e0 votre chat ou petit chien un endroit confortable o\u00f9 se reposer\u00a0avec le d\u00f4me Goutte. Fabriqu\u00e9 \u00e0 la main\u00a0\u00e0 partir de\u00a0jacinthe d\u2019eau\u00a0tress\u00e9e, ce couchage au design unique permet \u00e0 votre compagnon de se lover \u00e0 l\u2019abri des regards pour des siestes paisibles. Son coussin, tr\u00e8s\u00a0confortable, est\u00a0amovible et r\u00e9versible\u00a0: une face en imitation fourrure et l\u2019autre en tissu uni pour changer de style au gr\u00e9 de vos envies.\" \/>\n<meta property=\"og:url\" content=\"https:\/\/www.vetorino.com\/veterinaire\/chalus-87230\/boutique\/product\/corbeille-la-goutte-2\/\" \/>\n<meta property=\"og:site_name\" content=\"V\u00e9torino\" \/>\n<meta property=\"article:publisher\" content=\"https:\/\/www.facebook.com\/Vetorino\/\" \/>\n<meta property=\"article:modified_time\" content=\"2025-08-13T14:48:11+00:00\" \/>\n<meta property=\"og:image\" content=\"https:\/\/www.vetorino.com\/boutique\/wp-content\/uploads\/2022\/11\/dome-goutte-martin-sellier.jpg\" \/>\n\t<meta property=\"og:image:width\" content=\"1900\" \/>\n\t<meta property=\"og:image:height\" content=\"1900\" \/>\n\t<meta property=\"og:image:type\" content=\"image\/jpeg\" \/>\n<meta name=\"twitter:card\" content=\"summary_large_image\" \/>\n<meta name=\"twitter:label1\" content=\"Prix\" \/>\n\t<meta name=\"twitter:data1\" content=\"110,01&euro;\" \/>\n\t<meta name=\"twitter:label2\" content=\"Disponibilit\u00e9\" \/>\n\t<meta name=\"twitter:data2\" content=\"En stock\" \/>\n<script type=\"application\/ld+json\" class=\"yoast-schema-graph\">{\"@context\":\"https:\\\/\\\/schema.org\",\"@graph\":[{\"@type\":\"WebPage\",\"@id\":\"https:\\\/\\\/www.vetorino.com\\\/boutique\\\/product\\\/corbeille-la-goutte-2\\\/\",\"url\":\"https:\\\/\\\/www.vetorino.com\\\/boutique\\\/product\\\/corbeille-la-goutte-2\\\/\",\"name\":\"Corbeille La Goutte Mat\u00e9riel - V\u00e9torino\",\"isPartOf\":{\"@id\":\"https:\\\/\\\/www.vetorino.com\\\/boutique\\\/#website\"},\"primaryImageOfPage\":{\"@id\":\"https:\\\/\\\/www.vetorino.com\\\/boutique\\\/product\\\/corbeille-la-goutte-2\\\/#primaryimage\"},\"image\":{\"@id\":\"https:\\\/\\\/www.vetorino.com\\\/boutique\\\/product\\\/corbeille-la-goutte-2\\\/#primaryimage\"},\"thumbnailUrl\":\"https:\\\/\\\/www.vetorino.com\\\/boutique\\\/wp-content\\\/uploads\\\/2022\\\/11\\\/dome-goutte-martin-sellier.jpg\",\"datePublished\":\"2022-11-21T13:21:43+00:00\",\"dateModified\":\"2025-08-13T14:48:11+00:00\",\"description\":\"Apportez une touche de nature \u00e0 votre int\u00e9rieur tout en offrant\u00a0\u00e0 votre chat ou petit chien un endroit confortable o\u00f9 se reposer\u00a0avec le d\u00f4me Goutte. Fabriqu\u00e9 \u00e0 la main\u00a0\u00e0 partir de\u00a0jacinthe d\u2019eau\u00a0tress\u00e9e, ce couchage au design unique permet \u00e0 votre compagnon de se lover \u00e0 l\u2019abri des regards pour des siestes paisibles. Son coussin, tr\u00e8s\u00a0confortable, est\u00a0amovible et r\u00e9versible\u00a0: une face en imitation fourrure et l\u2019autre en tissu uni pour changer de style au gr\u00e9 de vos envies.\",\"breadcrumb\":{\"@id\":\"https:\\\/\\\/www.vetorino.com\\\/boutique\\\/product\\\/corbeille-la-goutte-2\\\/#breadcrumb\"},\"inLanguage\":\"fr-FR\",\"potentialAction\":[{\"@type\":\"ReadAction\",\"target\":[\"https:\\\/\\\/www.vetorino.com\\\/boutique\\\/product\\\/corbeille-la-goutte-2\\\/\"]}]},{\"@type\":\"ImageObject\",\"inLanguage\":\"fr-FR\",\"@id\":\"https:\\\/\\\/www.vetorino.com\\\/boutique\\\/product\\\/corbeille-la-goutte-2\\\/#primaryimage\",\"url\":\"https:\\\/\\\/www.vetorino.com\\\/boutique\\\/wp-content\\\/uploads\\\/2022\\\/11\\\/dome-goutte-martin-sellier.jpg\",\"contentUrl\":\"https:\\\/\\\/www.vetorino.com\\\/boutique\\\/wp-content\\\/uploads\\\/2022\\\/11\\\/dome-goutte-martin-sellier.jpg\",\"width\":1900,\"height\":1900},{\"@type\":\"BreadcrumbList\",\"@id\":\"https:\\\/\\\/www.vetorino.com\\\/boutique\\\/product\\\/corbeille-la-goutte-2\\\/#breadcrumb\",\"itemListElement\":[{\"@type\":\"ListItem\",\"position\":1,\"name\":\"Accueil\",\"item\":\"https:\\\/\\\/www.vetorino.com\\\/boutique\\\/\"},{\"@type\":\"ListItem\",\"position\":2,\"name\":\"Produits\",\"item\":\"https:\\\/\\\/www.vetorino.com\\\/boutique\\\/\"},{\"@type\":\"ListItem\",\"position\":3,\"name\":\"Corbeille La Goutte\"}]},{\"@type\":\"WebSite\",\"@id\":\"https:\\\/\\\/www.vetorino.com\\\/boutique\\\/#website\",\"url\":\"https:\\\/\\\/www.vetorino.com\\\/boutique\\\/\",\"name\":\"V\u00e9torino\",\"description\":\"\",\"publisher\":{\"@id\":\"https:\\\/\\\/www.vetorino.com\\\/boutique\\\/#organization\"},\"potentialAction\":[{\"@type\":\"SearchAction\",\"target\":{\"@type\":\"EntryPoint\",\"urlTemplate\":\"https:\\\/\\\/www.vetorino.com\\\/boutique\\\/?s={search_term_string}\"},\"query-input\":{\"@type\":\"PropertyValueSpecification\",\"valueRequired\":true,\"valueName\":\"search_term_string\"}}],\"inLanguage\":\"fr-FR\"},{\"@type\":\"Organization\",\"@id\":\"https:\\\/\\\/www.vetorino.com\\\/boutique\\\/#organization\",\"name\":\"V\u00e9torino\",\"url\":\"https:\\\/\\\/www.vetorino.com\\\/boutique\\\/\",\"logo\":{\"@type\":\"ImageObject\",\"inLanguage\":\"fr-FR\",\"@id\":\"https:\\\/\\\/www.vetorino.com\\\/boutique\\\/#\\\/schema\\\/logo\\\/image\\\/\",\"url\":\"https:\\\/\\\/www.vetorino.com\\\/boutique\\\/wp-content\\\/uploads\\\/2024\\\/10\\\/logo.jpg\",\"contentUrl\":\"https:\\\/\\\/www.vetorino.com\\\/boutique\\\/wp-content\\\/uploads\\\/2024\\\/10\\\/logo.jpg\",\"width\":1200,\"height\":610,\"caption\":\"V\u00e9torino\"},\"image\":{\"@id\":\"https:\\\/\\\/www.vetorino.com\\\/boutique\\\/#\\\/schema\\\/logo\\\/image\\\/\"},\"sameAs\":[\"https:\\\/\\\/www.facebook.com\\\/Vetorino\\\/\",\"https:\\\/\\\/www.instagram.com\\\/vetorino_off\\\/\",\"https:\\\/\\\/www.linkedin.com\\\/company\\\/vtorino\\\/\"]}]}<\/script>\n<meta property=\"product:brand\" content=\"Mat\u00e9riel\" \/>\n<meta property=\"product:price:amount\" content=\"110.01\" \/>\n<meta property=\"product:price:currency\" content=\"EUR\" \/>\n<meta property=\"og:availability\" content=\"instock\" \/>\n<meta property=\"product:availability\" content=\"instock\" \/>\n<meta property=\"product:retailer_item_id\" content=\"O-804310\" \/>\n<meta property=\"product:condition\" content=\"new\" \/>\n<!-- \/ Yoast SEO plugin. -->","yoast_head_json":{"title":"Corbeille La Goutte Mat\u00e9riel - V\u00e9torino","description":"Apportez une touche de nature \u00e0 votre int\u00e9rieur tout en offrant\u00a0\u00e0 votre chat ou petit chien un endroit confortable o\u00f9 se reposer\u00a0avec le d\u00f4me Goutte. Fabriqu\u00e9 \u00e0 la main\u00a0\u00e0 partir de\u00a0jacinthe d\u2019eau\u00a0tress\u00e9e, ce couchage au design unique permet \u00e0 votre compagnon de se lover \u00e0 l\u2019abri des regards pour des siestes paisibles. Son coussin, tr\u00e8s\u00a0confortable, est\u00a0amovible et r\u00e9versible\u00a0: une face en imitation fourrure et l\u2019autre en tissu uni pour changer de style au gr\u00e9 de vos envies.","robots":{"index":"noindex","follow":"nofollow"},"og_locale":"fr_FR","og_type":"article","og_title":"Corbeille La Goutte Mat\u00e9riel - V\u00e9torino","og_description":"Apportez une touche de nature \u00e0 votre int\u00e9rieur tout en offrant\u00a0\u00e0 votre chat ou petit chien un endroit confortable o\u00f9 se reposer\u00a0avec le d\u00f4me Goutte. Fabriqu\u00e9 \u00e0 la main\u00a0\u00e0 partir de\u00a0jacinthe d\u2019eau\u00a0tress\u00e9e, ce couchage au design unique permet \u00e0 votre compagnon de se lover \u00e0 l\u2019abri des regards pour des siestes paisibles. Son coussin, tr\u00e8s\u00a0confortable, est\u00a0amovible et r\u00e9versible\u00a0: une face en imitation fourrure et l\u2019autre en tissu uni pour changer de style au gr\u00e9 de vos envies.","og_url":"https:\/\/www.vetorino.com\/veterinaire\/chalus-87230\/boutique\/product\/corbeille-la-goutte-2\/","og_site_name":"V\u00e9torino","article_publisher":"https:\/\/www.facebook.com\/Vetorino\/","article_modified_time":"2025-08-13T14:48:11+00:00","og_image":[{"width":1900,"height":1900,"url":"https:\/\/www.vetorino.com\/boutique\/wp-content\/uploads\/2022\/11\/dome-goutte-martin-sellier.jpg","type":"image\/jpeg"}],"twitter_card":"summary_large_image","twitter_misc":{"Prix":"110,01&euro;","Disponibilit\u00e9":"En stock"},"schema":{"@context":"https:\/\/schema.org","@graph":[{"@type":"WebPage","@id":"https:\/\/www.vetorino.com\/boutique\/product\/corbeille-la-goutte-2\/","url":"https:\/\/www.vetorino.com\/boutique\/product\/corbeille-la-goutte-2\/","name":"Corbeille La Goutte Mat\u00e9riel - V\u00e9torino","isPartOf":{"@id":"https:\/\/www.vetorino.com\/boutique\/#website"},"primaryImageOfPage":{"@id":"https:\/\/www.vetorino.com\/boutique\/product\/corbeille-la-goutte-2\/#primaryimage"},"image":{"@id":"https:\/\/www.vetorino.com\/boutique\/product\/corbeille-la-goutte-2\/#primaryimage"},"thumbnailUrl":"https:\/\/www.vetorino.com\/boutique\/wp-content\/uploads\/2022\/11\/dome-goutte-martin-sellier.jpg","datePublished":"2022-11-21T13:21:43+00:00","dateModified":"2025-08-13T14:48:11+00:00","description":"Apportez une touche de nature \u00e0 votre int\u00e9rieur tout en offrant\u00a0\u00e0 votre chat ou petit chien un endroit confortable o\u00f9 se reposer\u00a0avec le d\u00f4me Goutte. Fabriqu\u00e9 \u00e0 la main\u00a0\u00e0 partir de\u00a0jacinthe d\u2019eau\u00a0tress\u00e9e, ce couchage au design unique permet \u00e0 votre compagnon de se lover \u00e0 l\u2019abri des regards pour des siestes paisibles. Son coussin, tr\u00e8s\u00a0confortable, est\u00a0amovible et r\u00e9versible\u00a0: une face en imitation fourrure et l\u2019autre en tissu uni pour changer de style au gr\u00e9 de vos envies.","breadcrumb":{"@id":"https:\/\/www.vetorino.com\/boutique\/product\/corbeille-la-goutte-2\/#breadcrumb"},"inLanguage":"fr-FR","potentialAction":[{"@type":"ReadAction","target":["https:\/\/www.vetorino.com\/boutique\/product\/corbeille-la-goutte-2\/"]}]},{"@type":"ImageObject","inLanguage":"fr-FR","@id":"https:\/\/www.vetorino.com\/boutique\/product\/corbeille-la-goutte-2\/#primaryimage","url":"https:\/\/www.vetorino.com\/boutique\/wp-content\/uploads\/2022\/11\/dome-goutte-martin-sellier.jpg","contentUrl":"https:\/\/www.vetorino.com\/boutique\/wp-content\/uploads\/2022\/11\/dome-goutte-martin-sellier.jpg","width":1900,"height":1900},{"@type":"BreadcrumbList","@id":"https:\/\/www.vetorino.com\/boutique\/product\/corbeille-la-goutte-2\/#breadcrumb","itemListElement":[{"@type":"ListItem","position":1,"name":"Accueil","item":"https:\/\/www.vetorino.com\/boutique\/"},{"@type":"ListItem","position":2,"name":"Produits","item":"https:\/\/www.vetorino.com\/boutique\/"},{"@type":"ListItem","position":3,"name":"Corbeille La Goutte"}]},{"@type":"WebSite","@id":"https:\/\/www.vetorino.com\/boutique\/#website","url":"https:\/\/www.vetorino.com\/boutique\/","name":"V\u00e9torino","description":"","publisher":{"@id":"https:\/\/www.vetorino.com\/boutique\/#organization"},"potentialAction":[{"@type":"SearchAction","target":{"@type":"EntryPoint","urlTemplate":"https:\/\/www.vetorino.com\/boutique\/?s={search_term_string}"},"query-input":{"@type":"PropertyValueSpecification","valueRequired":true,"valueName":"search_term_string"}}],"inLanguage":"fr-FR"},{"@type":"Organization","@id":"https:\/\/www.vetorino.com\/boutique\/#organization","name":"V\u00e9torino","url":"https:\/\/www.vetorino.com\/boutique\/","logo":{"@type":"ImageObject","inLanguage":"fr-FR","@id":"https:\/\/www.vetorino.com\/boutique\/#\/schema\/logo\/image\/","url":"https:\/\/www.vetorino.com\/boutique\/wp-content\/uploads\/2024\/10\/logo.jpg","contentUrl":"https:\/\/www.vetorino.com\/boutique\/wp-content\/uploads\/2024\/10\/logo.jpg","width":1200,"height":610,"caption":"V\u00e9torino"},"image":{"@id":"https:\/\/www.vetorino.com\/boutique\/#\/schema\/logo\/image\/"},"sameAs":["https:\/\/www.facebook.com\/Vetorino\/","https:\/\/www.instagram.com\/vetorino_off\/","https:\/\/www.linkedin.com\/company\/vtorino\/"]}]},"product_brand":"Mat\u00e9riel","product_price_amount":"110.01","product_price_currency":"EUR","og_availability":"instock","product_availability":"instock","product_retailer_item_id":"O-804310","product_condition":"new"},"_links":{"self":[{"href":"https:\/\/www.vetorino.com\/veterinaire\/chalus-87230\/boutique\/wp-json\/wp\/v2\/product\/510219","targetHints":{"allow":["GET"]}}],"collection":[{"href":"https:\/\/www.vetorino.com\/veterinaire\/chalus-87230\/boutique\/wp-json\/wp\/v2\/product"}],"about":[{"href":"https:\/\/www.vetorino.com\/veterinaire\/chalus-87230\/boutique\/wp-json\/wp\/v2\/types\/product"}],"wp:featuredmedia":[{"embeddable":true,"href":"https:\/\/www.vetorino.com\/veterinaire\/chalus-87230\/boutique\/wp-json\/wp\/v2\/media\/592488"}],"wp:attachment":[{"href":"https:\/\/www.vetorino.com\/veterinaire\/chalus-87230\/boutique\/wp-json\/wp\/v2\/media?parent=510219"}],"wp:term":[{"taxonomy":"product_cat","embeddable":true,"href":"https:\/\/www.vetorino.com\/veterinaire\/chalus-87230\/boutique\/wp-json\/wp\/v2\/product_cat?post=510219"},{"taxonomy":"product_tag","embeddable":true,"href":"https:\/\/www.vetorino.com\/veterinaire\/chalus-87230\/boutique\/wp-json\/wp\/v2\/product_tag?post=510219"}],"curies":[{"name":"wp","href":"https:\/\/api.w.org\/{rel}","templated":true}]}}