{"id":510260,"date":"2022-11-21T15:06:56","date_gmt":"2022-11-21T14:06:56","guid":{"rendered":"https:\/\/www.vetorino.com\/boutique\/?post_type=product&#038;p=510260"},"modified":"2023-04-11T10:34:12","modified_gmt":"2023-04-11T08:34:12","slug":"corbeille-peluche-harvey","status":"publish","type":"product","link":"https:\/\/www.vetorino.com\/veterinaire\/chalus-87230\/boutique\/product\/corbeille-peluche-harvey\/","title":{"rendered":"Corbeille Peluche Harvey"},"content":{"rendered":"<p><strong>La corbeille Harvey est en peluche long poil<\/strong><\/p>\n<ul>\n<li><span class=\"a-list-item\">Housse en polyester<\/span><\/li>\n<li><span class=\"a-list-item\">Garnissage en fibres de polyester<\/span><\/li>\n<li><span class=\"a-list-item\">Avec coussin int\u00e9gr\u00e9<\/span><\/li>\n<li><span class=\"a-list-item\">Base antid\u00e9rapante<\/span><\/li>\n<\/ul>\n<p>Dimensions : 50 cm.<\/p>\n","protected":false},"excerpt":{"rendered":"<p><strong>La corbeille Harvey est en peluche long poil<\/strong><\/p>\n<ul>\n<li><span class=\"a-list-item\">Housse en polyester<\/span><\/li>\n<li><span class=\"a-list-item\">Garnissage en fibres de polyester<\/span><\/li>\n<li><span class=\"a-list-item\">Avec coussin int\u00e9gr\u00e9<\/span><\/li>\n<li><span class=\"a-list-item\">Base antid\u00e9rapante<\/span><\/li>\n<\/ul>\n<p>Dimensions : 50 cm.<\/p>\n","protected":false},"featured_media":592531,"template":"","meta":[],"product_cat":[12550,2698,12596,2744],"product_tag":[],"class_list":{"0":"post-510260","1":"product","2":"type-product","3":"status-publish","4":"has-post-thumbnail","6":"product_cat-accessoires-du-chien","7":"product_cat-chien","8":"product_cat-confort-du-chien","9":"product_cat-furet","10":"pa_marque-trixie","12":"first","13":"instock","14":"taxable","15":"shipping-taxable","16":"purchasable","17":"product-type-simple"},"yoast_head":"<!-- This site is optimized with the Yoast SEO plugin v26.7 - https:\/\/yoast.com\/wordpress\/plugins\/seo\/ -->\n<title>Corbeille Peluche Harvey Trixie - V\u00e9torino<\/title>\n<meta name=\"description\" content=\"La corbeille Harvey est en peluche long poil   Housse en polyester  Garnissage en fibres de polyester  Avec coussin int\u00e9gr\u00e9  Base antid\u00e9rapante  Dimensions : 50 cm.\" \/>\n<meta name=\"robots\" content=\"noindex, nofollow\" \/>\n<meta property=\"og:locale\" content=\"fr_FR\" \/>\n<meta property=\"og:type\" content=\"article\" \/>\n<meta property=\"og:title\" content=\"Corbeille Peluche Harvey Trixie - V\u00e9torino\" \/>\n<meta property=\"og:description\" content=\"La corbeille Harvey est en peluche long poil   Housse en polyester  Garnissage en fibres de polyester  Avec coussin int\u00e9gr\u00e9  Base antid\u00e9rapante  Dimensions : 50 cm.\" \/>\n<meta property=\"og:url\" content=\"https:\/\/www.vetorino.com\/veterinaire\/chalus-87230\/boutique\/product\/corbeille-peluche-harvey\/\" \/>\n<meta property=\"og:site_name\" content=\"V\u00e9torino\" \/>\n<meta property=\"article:publisher\" content=\"https:\/\/www.facebook.com\/Vetorino\/\" \/>\n<meta property=\"article:modified_time\" content=\"2023-04-11T08:34:12+00:00\" \/>\n<meta property=\"og:image\" content=\"https:\/\/www.vetorino.com\/boutique\/wp-content\/uploads\/2022\/11\/128502-0.jpg\" \/>\n\t<meta property=\"og:image:width\" content=\"398\" \/>\n\t<meta property=\"og:image:height\" content=\"300\" \/>\n\t<meta property=\"og:image:type\" content=\"image\/jpeg\" \/>\n<meta name=\"twitter:card\" content=\"summary_large_image\" \/>\n<meta name=\"twitter:label1\" content=\"Prix\" \/>\n\t<meta name=\"twitter:data1\" content=\"32,34&euro;\" \/>\n\t<meta name=\"twitter:label2\" content=\"Disponibilit\u00e9\" \/>\n\t<meta name=\"twitter:data2\" content=\"En stock\" \/>\n<script type=\"application\/ld+json\" class=\"yoast-schema-graph\">{\"@context\":\"https:\/\/schema.org\",\"@graph\":[{\"@type\":\"WebPage\",\"@id\":\"https:\/\/www.vetorino.com\/boutique\/product\/corbeille-peluche-harvey\/\",\"url\":\"https:\/\/www.vetorino.com\/boutique\/product\/corbeille-peluche-harvey\/\",\"name\":\"Corbeille Peluche Harvey Trixie - V\u00e9torino\",\"isPartOf\":{\"@id\":\"https:\/\/www.vetorino.com\/boutique\/#website\"},\"primaryImageOfPage\":{\"@id\":\"https:\/\/www.vetorino.com\/boutique\/product\/corbeille-peluche-harvey\/#primaryimage\"},\"image\":{\"@id\":\"https:\/\/www.vetorino.com\/boutique\/product\/corbeille-peluche-harvey\/#primaryimage\"},\"thumbnailUrl\":\"https:\/\/www.vetorino.com\/boutique\/wp-content\/uploads\/2022\/11\/128502-0.jpg\",\"datePublished\":\"2022-11-21T14:06:56+00:00\",\"dateModified\":\"2023-04-11T08:34:12+00:00\",\"description\":\"La corbeille Harvey est en peluche long poil Housse en polyester Garnissage en fibres de polyester Avec coussin int\u00e9gr\u00e9 Base antid\u00e9rapante Dimensions : 50 cm.\",\"breadcrumb\":{\"@id\":\"https:\/\/www.vetorino.com\/boutique\/product\/corbeille-peluche-harvey\/#breadcrumb\"},\"inLanguage\":\"fr-FR\",\"potentialAction\":[{\"@type\":\"ReadAction\",\"target\":[\"https:\/\/www.vetorino.com\/boutique\/product\/corbeille-peluche-harvey\/\"]}]},{\"@type\":\"ImageObject\",\"inLanguage\":\"fr-FR\",\"@id\":\"https:\/\/www.vetorino.com\/boutique\/product\/corbeille-peluche-harvey\/#primaryimage\",\"url\":\"https:\/\/www.vetorino.com\/boutique\/wp-content\/uploads\/2022\/11\/128502-0.jpg\",\"contentUrl\":\"https:\/\/www.vetorino.com\/boutique\/wp-content\/uploads\/2022\/11\/128502-0.jpg\",\"width\":398,\"height\":300},{\"@type\":\"BreadcrumbList\",\"@id\":\"https:\/\/www.vetorino.com\/boutique\/product\/corbeille-peluche-harvey\/#breadcrumb\",\"itemListElement\":[{\"@type\":\"ListItem\",\"position\":1,\"name\":\"Accueil\",\"item\":\"https:\/\/www.vetorino.com\/boutique\/\"},{\"@type\":\"ListItem\",\"position\":2,\"name\":\"Produits\",\"item\":\"https:\/\/www.vetorino.com\/boutique\/\"},{\"@type\":\"ListItem\",\"position\":3,\"name\":\"Corbeille Peluche Harvey\"}]},{\"@type\":\"WebSite\",\"@id\":\"https:\/\/www.vetorino.com\/boutique\/#website\",\"url\":\"https:\/\/www.vetorino.com\/boutique\/\",\"name\":\"V\u00e9torino\",\"description\":\"\",\"publisher\":{\"@id\":\"https:\/\/www.vetorino.com\/boutique\/#organization\"},\"potentialAction\":[{\"@type\":\"SearchAction\",\"target\":{\"@type\":\"EntryPoint\",\"urlTemplate\":\"https:\/\/www.vetorino.com\/boutique\/?s={search_term_string}\"},\"query-input\":{\"@type\":\"PropertyValueSpecification\",\"valueRequired\":true,\"valueName\":\"search_term_string\"}}],\"inLanguage\":\"fr-FR\"},{\"@type\":\"Organization\",\"@id\":\"https:\/\/www.vetorino.com\/boutique\/#organization\",\"name\":\"V\u00e9torino\",\"url\":\"https:\/\/www.vetorino.com\/boutique\/\",\"logo\":{\"@type\":\"ImageObject\",\"inLanguage\":\"fr-FR\",\"@id\":\"https:\/\/www.vetorino.com\/boutique\/#\/schema\/logo\/image\/\",\"url\":\"https:\/\/www.vetorino.com\/boutique\/wp-content\/uploads\/2024\/10\/logo.jpg\",\"contentUrl\":\"https:\/\/www.vetorino.com\/boutique\/wp-content\/uploads\/2024\/10\/logo.jpg\",\"width\":1200,\"height\":610,\"caption\":\"V\u00e9torino\"},\"image\":{\"@id\":\"https:\/\/www.vetorino.com\/boutique\/#\/schema\/logo\/image\/\"},\"sameAs\":[\"https:\/\/www.facebook.com\/Vetorino\/\",\"https:\/\/www.instagram.com\/vetorino_off\/\",\"https:\/\/www.linkedin.com\/company\/vtorino\/\"]}]}<\/script>\n<meta property=\"product:brand\" content=\"Trixie\" \/>\n<meta property=\"product:price:amount\" content=\"32.34\" \/>\n<meta property=\"product:price:currency\" content=\"EUR\" \/>\n<meta property=\"og:availability\" content=\"instock\" \/>\n<meta property=\"product:availability\" content=\"instock\" \/>\n<meta property=\"product:retailer_item_id\" content=\"O-804084\" \/>\n<meta property=\"product:condition\" content=\"new\" \/>\n<!-- \/ Yoast SEO plugin. -->","yoast_head_json":{"title":"Corbeille Peluche Harvey Trixie - V\u00e9torino","description":"La corbeille Harvey est en peluche long poil   Housse en polyester  Garnissage en fibres de polyester  Avec coussin int\u00e9gr\u00e9  Base antid\u00e9rapante  Dimensions : 50 cm.","robots":{"index":"noindex","follow":"nofollow"},"og_locale":"fr_FR","og_type":"article","og_title":"Corbeille Peluche Harvey Trixie - V\u00e9torino","og_description":"La corbeille Harvey est en peluche long poil   Housse en polyester  Garnissage en fibres de polyester  Avec coussin int\u00e9gr\u00e9  Base antid\u00e9rapante  Dimensions : 50 cm.","og_url":"https:\/\/www.vetorino.com\/veterinaire\/chalus-87230\/boutique\/product\/corbeille-peluche-harvey\/","og_site_name":"V\u00e9torino","article_publisher":"https:\/\/www.facebook.com\/Vetorino\/","article_modified_time":"2023-04-11T08:34:12+00:00","og_image":[{"width":398,"height":300,"url":"https:\/\/www.vetorino.com\/boutique\/wp-content\/uploads\/2022\/11\/128502-0.jpg","type":"image\/jpeg"}],"twitter_card":"summary_large_image","twitter_misc":{"Prix":"32,34&euro;","Disponibilit\u00e9":"En stock"},"schema":{"@context":"https:\/\/schema.org","@graph":[{"@type":"WebPage","@id":"https:\/\/www.vetorino.com\/boutique\/product\/corbeille-peluche-harvey\/","url":"https:\/\/www.vetorino.com\/boutique\/product\/corbeille-peluche-harvey\/","name":"Corbeille Peluche Harvey Trixie - V\u00e9torino","isPartOf":{"@id":"https:\/\/www.vetorino.com\/boutique\/#website"},"primaryImageOfPage":{"@id":"https:\/\/www.vetorino.com\/boutique\/product\/corbeille-peluche-harvey\/#primaryimage"},"image":{"@id":"https:\/\/www.vetorino.com\/boutique\/product\/corbeille-peluche-harvey\/#primaryimage"},"thumbnailUrl":"https:\/\/www.vetorino.com\/boutique\/wp-content\/uploads\/2022\/11\/128502-0.jpg","datePublished":"2022-11-21T14:06:56+00:00","dateModified":"2023-04-11T08:34:12+00:00","description":"La corbeille Harvey est en peluche long poil Housse en polyester Garnissage en fibres de polyester Avec coussin int\u00e9gr\u00e9 Base antid\u00e9rapante Dimensions : 50 cm.","breadcrumb":{"@id":"https:\/\/www.vetorino.com\/boutique\/product\/corbeille-peluche-harvey\/#breadcrumb"},"inLanguage":"fr-FR","potentialAction":[{"@type":"ReadAction","target":["https:\/\/www.vetorino.com\/boutique\/product\/corbeille-peluche-harvey\/"]}]},{"@type":"ImageObject","inLanguage":"fr-FR","@id":"https:\/\/www.vetorino.com\/boutique\/product\/corbeille-peluche-harvey\/#primaryimage","url":"https:\/\/www.vetorino.com\/boutique\/wp-content\/uploads\/2022\/11\/128502-0.jpg","contentUrl":"https:\/\/www.vetorino.com\/boutique\/wp-content\/uploads\/2022\/11\/128502-0.jpg","width":398,"height":300},{"@type":"BreadcrumbList","@id":"https:\/\/www.vetorino.com\/boutique\/product\/corbeille-peluche-harvey\/#breadcrumb","itemListElement":[{"@type":"ListItem","position":1,"name":"Accueil","item":"https:\/\/www.vetorino.com\/boutique\/"},{"@type":"ListItem","position":2,"name":"Produits","item":"https:\/\/www.vetorino.com\/boutique\/"},{"@type":"ListItem","position":3,"name":"Corbeille Peluche Harvey"}]},{"@type":"WebSite","@id":"https:\/\/www.vetorino.com\/boutique\/#website","url":"https:\/\/www.vetorino.com\/boutique\/","name":"V\u00e9torino","description":"","publisher":{"@id":"https:\/\/www.vetorino.com\/boutique\/#organization"},"potentialAction":[{"@type":"SearchAction","target":{"@type":"EntryPoint","urlTemplate":"https:\/\/www.vetorino.com\/boutique\/?s={search_term_string}"},"query-input":{"@type":"PropertyValueSpecification","valueRequired":true,"valueName":"search_term_string"}}],"inLanguage":"fr-FR"},{"@type":"Organization","@id":"https:\/\/www.vetorino.com\/boutique\/#organization","name":"V\u00e9torino","url":"https:\/\/www.vetorino.com\/boutique\/","logo":{"@type":"ImageObject","inLanguage":"fr-FR","@id":"https:\/\/www.vetorino.com\/boutique\/#\/schema\/logo\/image\/","url":"https:\/\/www.vetorino.com\/boutique\/wp-content\/uploads\/2024\/10\/logo.jpg","contentUrl":"https:\/\/www.vetorino.com\/boutique\/wp-content\/uploads\/2024\/10\/logo.jpg","width":1200,"height":610,"caption":"V\u00e9torino"},"image":{"@id":"https:\/\/www.vetorino.com\/boutique\/#\/schema\/logo\/image\/"},"sameAs":["https:\/\/www.facebook.com\/Vetorino\/","https:\/\/www.instagram.com\/vetorino_off\/","https:\/\/www.linkedin.com\/company\/vtorino\/"]}]},"product_brand":"Trixie","product_price_amount":"32.34","product_price_currency":"EUR","og_availability":"instock","product_availability":"instock","product_retailer_item_id":"O-804084","product_condition":"new"},"_links":{"self":[{"href":"https:\/\/www.vetorino.com\/veterinaire\/chalus-87230\/boutique\/wp-json\/wp\/v2\/product\/510260","targetHints":{"allow":["GET"]}}],"collection":[{"href":"https:\/\/www.vetorino.com\/veterinaire\/chalus-87230\/boutique\/wp-json\/wp\/v2\/product"}],"about":[{"href":"https:\/\/www.vetorino.com\/veterinaire\/chalus-87230\/boutique\/wp-json\/wp\/v2\/types\/product"}],"wp:featuredmedia":[{"embeddable":true,"href":"https:\/\/www.vetorino.com\/veterinaire\/chalus-87230\/boutique\/wp-json\/wp\/v2\/media\/592531"}],"wp:attachment":[{"href":"https:\/\/www.vetorino.com\/veterinaire\/chalus-87230\/boutique\/wp-json\/wp\/v2\/media?parent=510260"}],"wp:term":[{"taxonomy":"product_cat","embeddable":true,"href":"https:\/\/www.vetorino.com\/veterinaire\/chalus-87230\/boutique\/wp-json\/wp\/v2\/product_cat?post=510260"},{"taxonomy":"product_tag","embeddable":true,"href":"https:\/\/www.vetorino.com\/veterinaire\/chalus-87230\/boutique\/wp-json\/wp\/v2\/product_tag?post=510260"}],"curies":[{"name":"wp","href":"https:\/\/api.w.org\/{rel}","templated":true}]}}