{"id":602782,"date":"2023-04-26T11:41:47","date_gmt":"2023-04-26T09:41:47","guid":{"rendered":"https:\/\/www.vetorino.com\/boutique\/?post_type=product&#038;p=602782"},"modified":"2023-04-26T11:53:55","modified_gmt":"2023-04-26T09:53:55","slug":"lampe-infra-rouge","status":"publish","type":"product","link":"https:\/\/www.vetorino.com\/veterinaire\/chalus-87230\/boutique\/product\/lampe-infra-rouge\/","title":{"rendered":"Lampe infra-rouge"},"content":{"rendered":"<p><strong>Lampe chauffante \u00e0 infrarouge avec panier de protection, avec et sans c\u00e2ble de 2,5 m (sans ampoule)<\/strong><br \/>\nDonnez aux jeunes animaux suffisamment de chaleur dans leur nid gr\u00e2ce \u00e0 cette lampe infrarouge! Des nouveaux-n\u00e9s ou des animaux malades dans la grange? Avec cette lampe chauffante, vous pouvez soutenir vos petits animaux et vos animaux de ferme et cr\u00e9er une chaleur agr\u00e9able dans le nid. La lampe infrarouge favorise la croissance et la r\u00e9cup\u00e9ration.<\/p>\n<p>L&#8217;\u00e9cran en aluminium a un diam\u00e8tre de 21 cm et est \u00e9quip\u00e9 de 6 fentes d&#8217;a\u00e9ration pour assurer une meilleure circulation de l&#8217;air. L&#8217;ampoule infrarouge est prot\u00e9g\u00e9e par une grille et une cha\u00eene de montage est incluse.<\/p>\n<p><strong>La lampe \u00e0 chaleur infrarouge en un coup d&#8217;oeil:<\/strong><br \/>\nsoutient l&#8217;\u00e9levage et le r\u00e9tablissement des petits animaux et des animaux de ferme<br \/>\npour la r\u00e9tention de la chaleur chez les animaux nouveau-n\u00e9s, favorise la croissance<br \/>\nAbat-jour en aluminium \u00f8 21 cm<br \/>\navec 6 fentes d&#8217;a\u00e9ration pour une meilleure circulation de l&#8217;air, donc une dur\u00e9e de vie plus longue de l&#8217;ampoule infrarouge<br \/>\nCha\u00eene de montage (capacit\u00e9 de charge max. 20 kg)<\/p>\n","protected":false},"excerpt":{"rendered":"<p>Donnez aux jeunes animaux suffisamment de chaleur dans leur nid gr\u00e2ce \u00e0 cette lampe infrarouge! Des nouveaux-n\u00e9s ou des animaux malades dans la grange? Avec cette lampe chauffante, vous pouvez soutenir vos petits animaux et vos animaux de ferme et cr\u00e9er une chaleur agr\u00e9able dans le nid. La lampe infrarouge favorise la croissance et la r\u00e9cup\u00e9ration.<\/p>\n","protected":false},"featured_media":602797,"template":"","meta":[],"product_cat":[6869,6897],"product_tag":[],"class_list":{"0":"post-602782","1":"product","2":"type-product","3":"status-publish","4":"has-post-thumbnail","6":"product_cat-basse-cour","7":"product_cat-poules","8":"pa_marque-kerbl","10":"first","11":"instock","12":"taxable","13":"shipping-taxable","14":"purchasable","15":"product-type-variable"},"yoast_head":"<!-- This site is optimized with the Yoast SEO plugin v26.7 - https:\/\/yoast.com\/wordpress\/plugins\/seo\/ -->\n<title>Lampe infra-rouge Kerbl - V\u00e9torino<\/title>\n<meta name=\"description\" content=\"Donnez aux jeunes animaux suffisamment de chaleur dans leur nid gr\u00e2ce \u00e0 cette lampe infrarouge! Des nouveaux-n\u00e9s ou des animaux malades dans la grange? Avec cette lampe chauffante, vous pouvez soutenir vos petits animaux et vos animaux de ferme et cr\u00e9er une chaleur agr\u00e9able dans le nid. La lampe infrarouge favorise la croissance et la r\u00e9cup\u00e9ration.\" \/>\n<meta name=\"robots\" content=\"noindex, nofollow\" \/>\n<meta property=\"og:locale\" content=\"fr_FR\" \/>\n<meta property=\"og:type\" content=\"article\" \/>\n<meta property=\"og:title\" content=\"Lampe infra-rouge Kerbl - V\u00e9torino\" \/>\n<meta property=\"og:description\" content=\"Donnez aux jeunes animaux suffisamment de chaleur dans leur nid gr\u00e2ce \u00e0 cette lampe infrarouge! Des nouveaux-n\u00e9s ou des animaux malades dans la grange? Avec cette lampe chauffante, vous pouvez soutenir vos petits animaux et vos animaux de ferme et cr\u00e9er une chaleur agr\u00e9able dans le nid. La lampe infrarouge favorise la croissance et la r\u00e9cup\u00e9ration.\" \/>\n<meta property=\"og:url\" content=\"https:\/\/www.vetorino.com\/veterinaire\/chalus-87230\/boutique\/product\/lampe-infra-rouge\/\" \/>\n<meta property=\"og:site_name\" content=\"V\u00e9torino\" \/>\n<meta property=\"article:publisher\" content=\"https:\/\/www.facebook.com\/Vetorino\/\" \/>\n<meta property=\"article:modified_time\" content=\"2023-04-26T09:53:55+00:00\" \/>\n<meta property=\"og:image\" content=\"https:\/\/www.vetorino.com\/boutique\/wp-content\/uploads\/2023\/04\/aktions-infrarot-waermestrahler-2-5m-kabel-1_1920x1920.jpg\" \/>\n\t<meta property=\"og:image:width\" content=\"1200\" \/>\n\t<meta property=\"og:image:height\" content=\"1200\" \/>\n\t<meta property=\"og:image:type\" content=\"image\/jpeg\" \/>\n<meta name=\"twitter:card\" content=\"summary_large_image\" \/>\n<meta name=\"twitter:label1\" content=\"Disponibilit\u00e9\" \/>\n\t<meta name=\"twitter:data1\" content=\"En stock\" \/>\n<script type=\"application\/ld+json\" class=\"yoast-schema-graph\">{\"@context\":\"https:\/\/schema.org\",\"@graph\":[{\"@type\":\"WebPage\",\"@id\":\"https:\/\/www.vetorino.com\/boutique\/product\/lampe-infra-rouge\/\",\"url\":\"https:\/\/www.vetorino.com\/boutique\/product\/lampe-infra-rouge\/\",\"name\":\"Lampe infra-rouge Kerbl - V\u00e9torino\",\"isPartOf\":{\"@id\":\"https:\/\/www.vetorino.com\/boutique\/#website\"},\"primaryImageOfPage\":{\"@id\":\"https:\/\/www.vetorino.com\/boutique\/product\/lampe-infra-rouge\/#primaryimage\"},\"image\":{\"@id\":\"https:\/\/www.vetorino.com\/boutique\/product\/lampe-infra-rouge\/#primaryimage\"},\"thumbnailUrl\":\"https:\/\/www.vetorino.com\/boutique\/wp-content\/uploads\/2023\/04\/aktions-infrarot-waermestrahler-2-5m-kabel-1_1920x1920.jpg\",\"datePublished\":\"2023-04-26T09:41:47+00:00\",\"dateModified\":\"2023-04-26T09:53:55+00:00\",\"description\":\"Donnez aux jeunes animaux suffisamment de chaleur dans leur nid gr\u00e2ce \u00e0 cette lampe infrarouge! Des nouveaux-n\u00e9s ou des animaux malades dans la grange? Avec cette lampe chauffante, vous pouvez soutenir vos petits animaux et vos animaux de ferme et cr\u00e9er une chaleur agr\u00e9able dans le nid. La lampe infrarouge favorise la croissance et la r\u00e9cup\u00e9ration.\",\"breadcrumb\":{\"@id\":\"https:\/\/www.vetorino.com\/boutique\/product\/lampe-infra-rouge\/#breadcrumb\"},\"inLanguage\":\"fr-FR\",\"potentialAction\":[{\"@type\":\"ReadAction\",\"target\":[\"https:\/\/www.vetorino.com\/boutique\/product\/lampe-infra-rouge\/\"]}]},{\"@type\":\"ImageObject\",\"inLanguage\":\"fr-FR\",\"@id\":\"https:\/\/www.vetorino.com\/boutique\/product\/lampe-infra-rouge\/#primaryimage\",\"url\":\"https:\/\/www.vetorino.com\/boutique\/wp-content\/uploads\/2023\/04\/aktions-infrarot-waermestrahler-2-5m-kabel-1_1920x1920.jpg\",\"contentUrl\":\"https:\/\/www.vetorino.com\/boutique\/wp-content\/uploads\/2023\/04\/aktions-infrarot-waermestrahler-2-5m-kabel-1_1920x1920.jpg\",\"width\":1200,\"height\":1200},{\"@type\":\"BreadcrumbList\",\"@id\":\"https:\/\/www.vetorino.com\/boutique\/product\/lampe-infra-rouge\/#breadcrumb\",\"itemListElement\":[{\"@type\":\"ListItem\",\"position\":1,\"name\":\"Accueil\",\"item\":\"https:\/\/www.vetorino.com\/boutique\/\"},{\"@type\":\"ListItem\",\"position\":2,\"name\":\"Produits\",\"item\":\"https:\/\/www.vetorino.com\/boutique\/\"},{\"@type\":\"ListItem\",\"position\":3,\"name\":\"Lampe infra-rouge\"}]},{\"@type\":\"WebSite\",\"@id\":\"https:\/\/www.vetorino.com\/boutique\/#website\",\"url\":\"https:\/\/www.vetorino.com\/boutique\/\",\"name\":\"V\u00e9torino\",\"description\":\"\",\"publisher\":{\"@id\":\"https:\/\/www.vetorino.com\/boutique\/#organization\"},\"potentialAction\":[{\"@type\":\"SearchAction\",\"target\":{\"@type\":\"EntryPoint\",\"urlTemplate\":\"https:\/\/www.vetorino.com\/boutique\/?s={search_term_string}\"},\"query-input\":{\"@type\":\"PropertyValueSpecification\",\"valueRequired\":true,\"valueName\":\"search_term_string\"}}],\"inLanguage\":\"fr-FR\"},{\"@type\":\"Organization\",\"@id\":\"https:\/\/www.vetorino.com\/boutique\/#organization\",\"name\":\"V\u00e9torino\",\"url\":\"https:\/\/www.vetorino.com\/boutique\/\",\"logo\":{\"@type\":\"ImageObject\",\"inLanguage\":\"fr-FR\",\"@id\":\"https:\/\/www.vetorino.com\/boutique\/#\/schema\/logo\/image\/\",\"url\":\"https:\/\/www.vetorino.com\/boutique\/wp-content\/uploads\/2024\/10\/logo.jpg\",\"contentUrl\":\"https:\/\/www.vetorino.com\/boutique\/wp-content\/uploads\/2024\/10\/logo.jpg\",\"width\":1200,\"height\":610,\"caption\":\"V\u00e9torino\"},\"image\":{\"@id\":\"https:\/\/www.vetorino.com\/boutique\/#\/schema\/logo\/image\/\"},\"sameAs\":[\"https:\/\/www.facebook.com\/Vetorino\/\",\"https:\/\/www.instagram.com\/vetorino_off\/\",\"https:\/\/www.linkedin.com\/company\/vtorino\/\"]}]}<\/script>\n<meta property=\"product:brand\" content=\"Kerbl\" \/>\n<meta property=\"og:availability\" content=\"instock\" \/>\n<meta property=\"product:availability\" content=\"instock\" \/>\n<meta property=\"product:condition\" content=\"new\" \/>\n<!-- \/ Yoast SEO plugin. -->","yoast_head_json":{"title":"Lampe infra-rouge Kerbl - V\u00e9torino","description":"Donnez aux jeunes animaux suffisamment de chaleur dans leur nid gr\u00e2ce \u00e0 cette lampe infrarouge! Des nouveaux-n\u00e9s ou des animaux malades dans la grange? Avec cette lampe chauffante, vous pouvez soutenir vos petits animaux et vos animaux de ferme et cr\u00e9er une chaleur agr\u00e9able dans le nid. La lampe infrarouge favorise la croissance et la r\u00e9cup\u00e9ration.","robots":{"index":"noindex","follow":"nofollow"},"og_locale":"fr_FR","og_type":"article","og_title":"Lampe infra-rouge Kerbl - V\u00e9torino","og_description":"Donnez aux jeunes animaux suffisamment de chaleur dans leur nid gr\u00e2ce \u00e0 cette lampe infrarouge! Des nouveaux-n\u00e9s ou des animaux malades dans la grange? Avec cette lampe chauffante, vous pouvez soutenir vos petits animaux et vos animaux de ferme et cr\u00e9er une chaleur agr\u00e9able dans le nid. La lampe infrarouge favorise la croissance et la r\u00e9cup\u00e9ration.","og_url":"https:\/\/www.vetorino.com\/veterinaire\/chalus-87230\/boutique\/product\/lampe-infra-rouge\/","og_site_name":"V\u00e9torino","article_publisher":"https:\/\/www.facebook.com\/Vetorino\/","article_modified_time":"2023-04-26T09:53:55+00:00","og_image":[{"width":1200,"height":1200,"url":"https:\/\/www.vetorino.com\/boutique\/wp-content\/uploads\/2023\/04\/aktions-infrarot-waermestrahler-2-5m-kabel-1_1920x1920.jpg","type":"image\/jpeg"}],"twitter_card":"summary_large_image","twitter_misc":{"Disponibilit\u00e9":"En stock"},"schema":{"@context":"https:\/\/schema.org","@graph":[{"@type":"WebPage","@id":"https:\/\/www.vetorino.com\/boutique\/product\/lampe-infra-rouge\/","url":"https:\/\/www.vetorino.com\/boutique\/product\/lampe-infra-rouge\/","name":"Lampe infra-rouge Kerbl - V\u00e9torino","isPartOf":{"@id":"https:\/\/www.vetorino.com\/boutique\/#website"},"primaryImageOfPage":{"@id":"https:\/\/www.vetorino.com\/boutique\/product\/lampe-infra-rouge\/#primaryimage"},"image":{"@id":"https:\/\/www.vetorino.com\/boutique\/product\/lampe-infra-rouge\/#primaryimage"},"thumbnailUrl":"https:\/\/www.vetorino.com\/boutique\/wp-content\/uploads\/2023\/04\/aktions-infrarot-waermestrahler-2-5m-kabel-1_1920x1920.jpg","datePublished":"2023-04-26T09:41:47+00:00","dateModified":"2023-04-26T09:53:55+00:00","description":"Donnez aux jeunes animaux suffisamment de chaleur dans leur nid gr\u00e2ce \u00e0 cette lampe infrarouge! Des nouveaux-n\u00e9s ou des animaux malades dans la grange? Avec cette lampe chauffante, vous pouvez soutenir vos petits animaux et vos animaux de ferme et cr\u00e9er une chaleur agr\u00e9able dans le nid. La lampe infrarouge favorise la croissance et la r\u00e9cup\u00e9ration.","breadcrumb":{"@id":"https:\/\/www.vetorino.com\/boutique\/product\/lampe-infra-rouge\/#breadcrumb"},"inLanguage":"fr-FR","potentialAction":[{"@type":"ReadAction","target":["https:\/\/www.vetorino.com\/boutique\/product\/lampe-infra-rouge\/"]}]},{"@type":"ImageObject","inLanguage":"fr-FR","@id":"https:\/\/www.vetorino.com\/boutique\/product\/lampe-infra-rouge\/#primaryimage","url":"https:\/\/www.vetorino.com\/boutique\/wp-content\/uploads\/2023\/04\/aktions-infrarot-waermestrahler-2-5m-kabel-1_1920x1920.jpg","contentUrl":"https:\/\/www.vetorino.com\/boutique\/wp-content\/uploads\/2023\/04\/aktions-infrarot-waermestrahler-2-5m-kabel-1_1920x1920.jpg","width":1200,"height":1200},{"@type":"BreadcrumbList","@id":"https:\/\/www.vetorino.com\/boutique\/product\/lampe-infra-rouge\/#breadcrumb","itemListElement":[{"@type":"ListItem","position":1,"name":"Accueil","item":"https:\/\/www.vetorino.com\/boutique\/"},{"@type":"ListItem","position":2,"name":"Produits","item":"https:\/\/www.vetorino.com\/boutique\/"},{"@type":"ListItem","position":3,"name":"Lampe infra-rouge"}]},{"@type":"WebSite","@id":"https:\/\/www.vetorino.com\/boutique\/#website","url":"https:\/\/www.vetorino.com\/boutique\/","name":"V\u00e9torino","description":"","publisher":{"@id":"https:\/\/www.vetorino.com\/boutique\/#organization"},"potentialAction":[{"@type":"SearchAction","target":{"@type":"EntryPoint","urlTemplate":"https:\/\/www.vetorino.com\/boutique\/?s={search_term_string}"},"query-input":{"@type":"PropertyValueSpecification","valueRequired":true,"valueName":"search_term_string"}}],"inLanguage":"fr-FR"},{"@type":"Organization","@id":"https:\/\/www.vetorino.com\/boutique\/#organization","name":"V\u00e9torino","url":"https:\/\/www.vetorino.com\/boutique\/","logo":{"@type":"ImageObject","inLanguage":"fr-FR","@id":"https:\/\/www.vetorino.com\/boutique\/#\/schema\/logo\/image\/","url":"https:\/\/www.vetorino.com\/boutique\/wp-content\/uploads\/2024\/10\/logo.jpg","contentUrl":"https:\/\/www.vetorino.com\/boutique\/wp-content\/uploads\/2024\/10\/logo.jpg","width":1200,"height":610,"caption":"V\u00e9torino"},"image":{"@id":"https:\/\/www.vetorino.com\/boutique\/#\/schema\/logo\/image\/"},"sameAs":["https:\/\/www.facebook.com\/Vetorino\/","https:\/\/www.instagram.com\/vetorino_off\/","https:\/\/www.linkedin.com\/company\/vtorino\/"]}]},"product_brand":"Kerbl","og_availability":"instock","product_availability":"instock","product_condition":"new"},"_links":{"self":[{"href":"https:\/\/www.vetorino.com\/veterinaire\/chalus-87230\/boutique\/wp-json\/wp\/v2\/product\/602782","targetHints":{"allow":["GET"]}}],"collection":[{"href":"https:\/\/www.vetorino.com\/veterinaire\/chalus-87230\/boutique\/wp-json\/wp\/v2\/product"}],"about":[{"href":"https:\/\/www.vetorino.com\/veterinaire\/chalus-87230\/boutique\/wp-json\/wp\/v2\/types\/product"}],"wp:featuredmedia":[{"embeddable":true,"href":"https:\/\/www.vetorino.com\/veterinaire\/chalus-87230\/boutique\/wp-json\/wp\/v2\/media\/602797"}],"wp:attachment":[{"href":"https:\/\/www.vetorino.com\/veterinaire\/chalus-87230\/boutique\/wp-json\/wp\/v2\/media?parent=602782"}],"wp:term":[{"taxonomy":"product_cat","embeddable":true,"href":"https:\/\/www.vetorino.com\/veterinaire\/chalus-87230\/boutique\/wp-json\/wp\/v2\/product_cat?post=602782"},{"taxonomy":"product_tag","embeddable":true,"href":"https:\/\/www.vetorino.com\/veterinaire\/chalus-87230\/boutique\/wp-json\/wp\/v2\/product_tag?post=602782"}],"curies":[{"name":"wp","href":"https:\/\/api.w.org\/{rel}","templated":true}]}}