{"id":177558,"date":"2021-05-05T05:50:35","date_gmt":"2021-05-05T03:50:35","guid":{"rendered":"https:\/\/www.vetorino.com\/boutique\/product\/stop-blood-stop-blood-fl-250-ml\/"},"modified":"2024-05-10T11:41:17","modified_gmt":"2024-05-10T09:41:17","slug":"stop-blood-stop-blood-fl-250-ml","status":"publish","type":"product","link":"https:\/\/www.vetorino.com\/veterinaire\/chillymazarin-91380\/boutique\/product\/stop-blood-stop-blood-fl-250-ml\/","title":{"rendered":"Stop Blood &#8211; Stop blood fl. 250 ml"},"content":{"rendered":"<p>Le<strong> Stop Blood <\/strong>est un compl\u00e9ment alimentaire pour chevaux en entra\u00eenement intensif ou en comp\u00e9tition. Cette formule aide au maintien de l&#8217;int\u00e9grit\u00e9 des capillaires chez le cheval de sport.<\/p>\n<p><strong>B\u00e9n\u00e9fices<\/strong><\/p>\n<ul>\n<li>Pr\u00e9sence de substances aromatiques : vigne rouge,<\/li>\n<li>Solution tonique pour le maintien de l&#8217;int\u00e9grit\u00e9 des capillaires chez le cheval de sport.<\/li>\n<\/ul>\n<h2>Composition<\/h2>\n<p>Eau, Glyc\u00e9rine<\/p>\n<h2>Valeurs nutritionnelles<\/h2>\n<ul>\n<li>Humidit\u00e9 : 69.9%<\/li>\n<li>Cellulose brute : 2%<\/li>\n<li>Prot\u00e9ines brutes : 0.5%<\/li>\n<li>Cendres brutes : 0.4%<\/li>\n<li>Mati\u00e8res grasses brutes : 0.71%<\/li>\n<li>Sodium : 0.025%<\/li>\n<\/ul>\n<h2>Ration journali\u00e8re recommand\u00e9e<\/h2>\n<p>Matin et soir, pendant 12 jours, distribuer 10 \u00e0 20ml, par jour, directement dans la bouche ou dans la ration.<\/p>\n<p><strong>Stop Blood <\/strong>peut \u00e9galement \u00eatre utilis\u00e9 \u00e0 l&#8217;aide d&#8217;un n\u00e9bulisateur, \u00e0 raison de 5 ml.<\/p>\n","protected":false},"excerpt":{"rendered":"<p>Le<strong> Stop Blood <\/strong>est un compl\u00e9ment alimentaire pour chevaux en entra\u00eenement intensif ou en comp\u00e9tition. Cette formule aide au maintien de l&#8217;int\u00e9grit\u00e9 des capillaires chez le cheval de sport.<\/p>\n<p><strong>B\u00e9n\u00e9fices<\/strong><\/p>\n<ul>\n<li>Pr\u00e9sence de substances aromatiques : vigne rouge,<\/li>\n<li>Solution tonique pour le maintien de l&#8217;int\u00e9grit\u00e9 des capillaires chez le cheval de sport.<\/li>\n<\/ul>\n","protected":false},"featured_media":918053,"template":"","meta":[],"product_cat":[12757,12547,14072],"product_tag":[],"class_list":{"0":"post-177558","1":"product","2":"type-product","3":"status-publish","4":"has-post-thumbnail","6":"product_cat-alimentation-du-cheval","7":"product_cat-cheval","8":"product_cat-dietetique-et-complements-alimentaires-du-cheval","9":"pa_marque-greenpex","11":"first","12":"instock","13":"taxable","14":"shipping-taxable","15":"purchasable","16":"product-type-simple"},"yoast_head":"<!-- This site is optimized with the Yoast SEO plugin v27.3 - https:\/\/yoast.com\/product\/yoast-seo-wordpress\/ -->\n<title>Stop Blood - Stop blood fl. 250 ml Greenpex - V\u00e9torino<\/title>\n<meta name=\"description\" content=\"Le Stop Blood est un compl\u00e9ment alimentaire pour chevaux en entra\u00eenement intensif ou en comp\u00e9tition. Cette formule aide au maintien de l&#039;int\u00e9grit\u00e9 des capillaires chez le cheval de sport.  B\u00e9n\u00e9fices   Pr\u00e9sence de substances aromatiques : vigne rouge,  Solution tonique pour le maintien de l&#039;int\u00e9grit\u00e9 des capillaires chez le cheval de sport.\" \/>\n<meta name=\"robots\" content=\"noindex, nofollow\" \/>\n<meta property=\"og:locale\" content=\"fr_FR\" \/>\n<meta property=\"og:type\" content=\"article\" \/>\n<meta property=\"og:title\" content=\"Stop Blood - Stop blood fl. 250 ml Greenpex - V\u00e9torino\" \/>\n<meta property=\"og:description\" content=\"Le Stop Blood est un compl\u00e9ment alimentaire pour chevaux en entra\u00eenement intensif ou en comp\u00e9tition. Cette formule aide au maintien de l&#039;int\u00e9grit\u00e9 des capillaires chez le cheval de sport.  B\u00e9n\u00e9fices   Pr\u00e9sence de substances aromatiques : vigne rouge,  Solution tonique pour le maintien de l&#039;int\u00e9grit\u00e9 des capillaires chez le cheval de sport.\" \/>\n<meta property=\"og:url\" content=\"https:\/\/www.vetorino.com\/veterinaire\/chillymazarin-91380\/boutique\/product\/stop-blood-stop-blood-fl-250-ml\/\" \/>\n<meta property=\"og:site_name\" content=\"V\u00e9torino\" \/>\n<meta property=\"article:publisher\" content=\"https:\/\/www.facebook.com\/Vetorino\/\" \/>\n<meta property=\"article:modified_time\" content=\"2024-05-10T09:41:17+00:00\" \/>\n<meta property=\"og:image\" content=\"https:\/\/www.vetorino.com\/boutique\/wp-content\/uploads\/2021\/05\/stop-blood-pour-cheval-flacon-de-250-ml.jpg\" \/>\n\t<meta property=\"og:image:width\" content=\"800\" \/>\n\t<meta property=\"og:image:height\" content=\"800\" \/>\n\t<meta property=\"og:image:type\" content=\"image\/jpeg\" \/>\n<meta name=\"twitter:card\" content=\"summary_large_image\" \/>\n<meta name=\"twitter:label1\" content=\"Prix\" \/>\n\t<meta name=\"twitter:data1\" content=\"73,84&euro;\" \/>\n\t<meta name=\"twitter:label2\" content=\"Disponibilit\u00e9\" \/>\n\t<meta name=\"twitter:data2\" content=\"En stock\" \/>\n<script type=\"application\/ld+json\" class=\"yoast-schema-graph\">{\"@context\":\"https:\\\/\\\/schema.org\",\"@graph\":[{\"@type\":\"WebPage\",\"@id\":\"https:\\\/\\\/www.vetorino.com\\\/veterinaire\\\/vincennes-loup-94300\\\/boutique\\\/product\\\/stop-blood-stop-blood-fl-250-ml\\\/\",\"url\":\"https:\\\/\\\/www.vetorino.com\\\/veterinaire\\\/vincennes-loup-94300\\\/boutique\\\/product\\\/stop-blood-stop-blood-fl-250-ml\\\/\",\"name\":\"Stop Blood - Stop blood fl. 250 ml Greenpex - V\u00e9torino\",\"isPartOf\":{\"@id\":\"https:\\\/\\\/www.vetorino.com\\\/boutique\\\/#website\"},\"primaryImageOfPage\":{\"@id\":\"https:\\\/\\\/www.vetorino.com\\\/veterinaire\\\/vincennes-loup-94300\\\/boutique\\\/product\\\/stop-blood-stop-blood-fl-250-ml\\\/#primaryimage\"},\"image\":{\"@id\":\"https:\\\/\\\/www.vetorino.com\\\/veterinaire\\\/vincennes-loup-94300\\\/boutique\\\/product\\\/stop-blood-stop-blood-fl-250-ml\\\/#primaryimage\"},\"thumbnailUrl\":\"https:\\\/\\\/www.vetorino.com\\\/boutique\\\/wp-content\\\/uploads\\\/2021\\\/05\\\/stop-blood-pour-cheval-flacon-de-250-ml.jpg\",\"datePublished\":\"2021-05-05T03:50:35+00:00\",\"dateModified\":\"2024-05-10T09:41:17+00:00\",\"description\":\"Le Stop Blood est un compl\u00e9ment alimentaire pour chevaux en entra\u00eenement intensif ou en comp\u00e9tition. Cette formule aide au maintien de l'int\u00e9grit\u00e9 des capillaires chez le cheval de sport. B\u00e9n\u00e9fices Pr\u00e9sence de substances aromatiques : vigne rouge, Solution tonique pour le maintien de l'int\u00e9grit\u00e9 des capillaires chez le cheval de sport.\",\"breadcrumb\":{\"@id\":\"https:\\\/\\\/www.vetorino.com\\\/veterinaire\\\/vincennes-loup-94300\\\/boutique\\\/product\\\/stop-blood-stop-blood-fl-250-ml\\\/#breadcrumb\"},\"inLanguage\":\"fr-FR\",\"potentialAction\":[{\"@type\":\"ReadAction\",\"target\":[\"https:\\\/\\\/www.vetorino.com\\\/veterinaire\\\/vincennes-loup-94300\\\/boutique\\\/product\\\/stop-blood-stop-blood-fl-250-ml\\\/\"]}]},{\"@type\":\"ImageObject\",\"inLanguage\":\"fr-FR\",\"@id\":\"https:\\\/\\\/www.vetorino.com\\\/veterinaire\\\/vincennes-loup-94300\\\/boutique\\\/product\\\/stop-blood-stop-blood-fl-250-ml\\\/#primaryimage\",\"url\":\"https:\\\/\\\/www.vetorino.com\\\/boutique\\\/wp-content\\\/uploads\\\/2021\\\/05\\\/stop-blood-pour-cheval-flacon-de-250-ml.jpg\",\"contentUrl\":\"https:\\\/\\\/www.vetorino.com\\\/boutique\\\/wp-content\\\/uploads\\\/2021\\\/05\\\/stop-blood-pour-cheval-flacon-de-250-ml.jpg\",\"width\":800,\"height\":800},{\"@type\":\"BreadcrumbList\",\"@id\":\"https:\\\/\\\/www.vetorino.com\\\/veterinaire\\\/vincennes-loup-94300\\\/boutique\\\/product\\\/stop-blood-stop-blood-fl-250-ml\\\/#breadcrumb\",\"itemListElement\":[{\"@type\":\"ListItem\",\"position\":1,\"name\":\"Accueil\",\"item\":\"https:\\\/\\\/www.vetorino.com\\\/boutique\\\/\"},{\"@type\":\"ListItem\",\"position\":2,\"name\":\"Produits\",\"item\":\"https:\\\/\\\/www.vetorino.com\\\/boutique\\\/\"},{\"@type\":\"ListItem\",\"position\":3,\"name\":\"Stop Blood &#8211; Stop blood fl. 250 ml\"}]},{\"@type\":\"WebSite\",\"@id\":\"https:\\\/\\\/www.vetorino.com\\\/boutique\\\/#website\",\"url\":\"https:\\\/\\\/www.vetorino.com\\\/boutique\\\/\",\"name\":\"V\u00e9torino\",\"description\":\"\",\"publisher\":{\"@id\":\"https:\\\/\\\/www.vetorino.com\\\/boutique\\\/#organization\"},\"potentialAction\":[{\"@type\":\"SearchAction\",\"target\":{\"@type\":\"EntryPoint\",\"urlTemplate\":\"https:\\\/\\\/www.vetorino.com\\\/boutique\\\/?s={search_term_string}\"},\"query-input\":{\"@type\":\"PropertyValueSpecification\",\"valueRequired\":true,\"valueName\":\"search_term_string\"}}],\"inLanguage\":\"fr-FR\"},{\"@type\":\"Organization\",\"@id\":\"https:\\\/\\\/www.vetorino.com\\\/boutique\\\/#organization\",\"name\":\"V\u00e9torino\",\"url\":\"https:\\\/\\\/www.vetorino.com\\\/boutique\\\/\",\"logo\":{\"@type\":\"ImageObject\",\"inLanguage\":\"fr-FR\",\"@id\":\"https:\\\/\\\/www.vetorino.com\\\/boutique\\\/#\\\/schema\\\/logo\\\/image\\\/\",\"url\":\"https:\\\/\\\/www.vetorino.com\\\/boutique\\\/wp-content\\\/uploads\\\/2024\\\/10\\\/logo.jpg\",\"contentUrl\":\"https:\\\/\\\/www.vetorino.com\\\/boutique\\\/wp-content\\\/uploads\\\/2024\\\/10\\\/logo.jpg\",\"width\":1200,\"height\":610,\"caption\":\"V\u00e9torino\"},\"image\":{\"@id\":\"https:\\\/\\\/www.vetorino.com\\\/boutique\\\/#\\\/schema\\\/logo\\\/image\\\/\"},\"sameAs\":[\"https:\\\/\\\/www.facebook.com\\\/Vetorino\\\/\",\"https:\\\/\\\/www.instagram.com\\\/vetorino_off\\\/\",\"https:\\\/\\\/www.linkedin.com\\\/company\\\/vtorino\\\/\"]}]}<\/script>\n<meta property=\"product:brand\" content=\"Greenpex\" \/>\n<meta property=\"product:price:amount\" content=\"73.84\" \/>\n<meta property=\"product:price:currency\" content=\"EUR\" \/>\n<meta property=\"og:availability\" content=\"instock\" \/>\n<meta property=\"product:availability\" content=\"instock\" \/>\n<meta property=\"product:retailer_item_id\" content=\"O-49078\" \/>\n<meta property=\"product:condition\" content=\"new\" \/>\n<!-- \/ Yoast SEO plugin. -->","yoast_head_json":{"title":"Stop Blood - Stop blood fl. 250 ml Greenpex - V\u00e9torino","description":"Le Stop Blood est un compl\u00e9ment alimentaire pour chevaux en entra\u00eenement intensif ou en comp\u00e9tition. Cette formule aide au maintien de l'int\u00e9grit\u00e9 des capillaires chez le cheval de sport.  B\u00e9n\u00e9fices   Pr\u00e9sence de substances aromatiques : vigne rouge,  Solution tonique pour le maintien de l'int\u00e9grit\u00e9 des capillaires chez le cheval de sport.","robots":{"index":"noindex","follow":"nofollow"},"og_locale":"fr_FR","og_type":"article","og_title":"Stop Blood - Stop blood fl. 250 ml Greenpex - V\u00e9torino","og_description":"Le Stop Blood est un compl\u00e9ment alimentaire pour chevaux en entra\u00eenement intensif ou en comp\u00e9tition. Cette formule aide au maintien de l'int\u00e9grit\u00e9 des capillaires chez le cheval de sport.  B\u00e9n\u00e9fices   Pr\u00e9sence de substances aromatiques : vigne rouge,  Solution tonique pour le maintien de l'int\u00e9grit\u00e9 des capillaires chez le cheval de sport.","og_url":"https:\/\/www.vetorino.com\/veterinaire\/chillymazarin-91380\/boutique\/product\/stop-blood-stop-blood-fl-250-ml\/","og_site_name":"V\u00e9torino","article_publisher":"https:\/\/www.facebook.com\/Vetorino\/","article_modified_time":"2024-05-10T09:41:17+00:00","og_image":[{"width":800,"height":800,"url":"https:\/\/www.vetorino.com\/boutique\/wp-content\/uploads\/2021\/05\/stop-blood-pour-cheval-flacon-de-250-ml.jpg","type":"image\/jpeg"}],"twitter_card":"summary_large_image","twitter_misc":{"Prix":"73,84&euro;","Disponibilit\u00e9":"En stock"},"schema":{"@context":"https:\/\/schema.org","@graph":[{"@type":"WebPage","@id":"https:\/\/www.vetorino.com\/veterinaire\/vincennes-loup-94300\/boutique\/product\/stop-blood-stop-blood-fl-250-ml\/","url":"https:\/\/www.vetorino.com\/veterinaire\/vincennes-loup-94300\/boutique\/product\/stop-blood-stop-blood-fl-250-ml\/","name":"Stop Blood - Stop blood fl. 250 ml Greenpex - V\u00e9torino","isPartOf":{"@id":"https:\/\/www.vetorino.com\/boutique\/#website"},"primaryImageOfPage":{"@id":"https:\/\/www.vetorino.com\/veterinaire\/vincennes-loup-94300\/boutique\/product\/stop-blood-stop-blood-fl-250-ml\/#primaryimage"},"image":{"@id":"https:\/\/www.vetorino.com\/veterinaire\/vincennes-loup-94300\/boutique\/product\/stop-blood-stop-blood-fl-250-ml\/#primaryimage"},"thumbnailUrl":"https:\/\/www.vetorino.com\/boutique\/wp-content\/uploads\/2021\/05\/stop-blood-pour-cheval-flacon-de-250-ml.jpg","datePublished":"2021-05-05T03:50:35+00:00","dateModified":"2024-05-10T09:41:17+00:00","description":"Le Stop Blood est un compl\u00e9ment alimentaire pour chevaux en entra\u00eenement intensif ou en comp\u00e9tition. Cette formule aide au maintien de l'int\u00e9grit\u00e9 des capillaires chez le cheval de sport. B\u00e9n\u00e9fices Pr\u00e9sence de substances aromatiques : vigne rouge, Solution tonique pour le maintien de l'int\u00e9grit\u00e9 des capillaires chez le cheval de sport.","breadcrumb":{"@id":"https:\/\/www.vetorino.com\/veterinaire\/vincennes-loup-94300\/boutique\/product\/stop-blood-stop-blood-fl-250-ml\/#breadcrumb"},"inLanguage":"fr-FR","potentialAction":[{"@type":"ReadAction","target":["https:\/\/www.vetorino.com\/veterinaire\/vincennes-loup-94300\/boutique\/product\/stop-blood-stop-blood-fl-250-ml\/"]}]},{"@type":"ImageObject","inLanguage":"fr-FR","@id":"https:\/\/www.vetorino.com\/veterinaire\/vincennes-loup-94300\/boutique\/product\/stop-blood-stop-blood-fl-250-ml\/#primaryimage","url":"https:\/\/www.vetorino.com\/boutique\/wp-content\/uploads\/2021\/05\/stop-blood-pour-cheval-flacon-de-250-ml.jpg","contentUrl":"https:\/\/www.vetorino.com\/boutique\/wp-content\/uploads\/2021\/05\/stop-blood-pour-cheval-flacon-de-250-ml.jpg","width":800,"height":800},{"@type":"BreadcrumbList","@id":"https:\/\/www.vetorino.com\/veterinaire\/vincennes-loup-94300\/boutique\/product\/stop-blood-stop-blood-fl-250-ml\/#breadcrumb","itemListElement":[{"@type":"ListItem","position":1,"name":"Accueil","item":"https:\/\/www.vetorino.com\/boutique\/"},{"@type":"ListItem","position":2,"name":"Produits","item":"https:\/\/www.vetorino.com\/boutique\/"},{"@type":"ListItem","position":3,"name":"Stop Blood &#8211; Stop blood fl. 250 ml"}]},{"@type":"WebSite","@id":"https:\/\/www.vetorino.com\/boutique\/#website","url":"https:\/\/www.vetorino.com\/boutique\/","name":"V\u00e9torino","description":"","publisher":{"@id":"https:\/\/www.vetorino.com\/boutique\/#organization"},"potentialAction":[{"@type":"SearchAction","target":{"@type":"EntryPoint","urlTemplate":"https:\/\/www.vetorino.com\/boutique\/?s={search_term_string}"},"query-input":{"@type":"PropertyValueSpecification","valueRequired":true,"valueName":"search_term_string"}}],"inLanguage":"fr-FR"},{"@type":"Organization","@id":"https:\/\/www.vetorino.com\/boutique\/#organization","name":"V\u00e9torino","url":"https:\/\/www.vetorino.com\/boutique\/","logo":{"@type":"ImageObject","inLanguage":"fr-FR","@id":"https:\/\/www.vetorino.com\/boutique\/#\/schema\/logo\/image\/","url":"https:\/\/www.vetorino.com\/boutique\/wp-content\/uploads\/2024\/10\/logo.jpg","contentUrl":"https:\/\/www.vetorino.com\/boutique\/wp-content\/uploads\/2024\/10\/logo.jpg","width":1200,"height":610,"caption":"V\u00e9torino"},"image":{"@id":"https:\/\/www.vetorino.com\/boutique\/#\/schema\/logo\/image\/"},"sameAs":["https:\/\/www.facebook.com\/Vetorino\/","https:\/\/www.instagram.com\/vetorino_off\/","https:\/\/www.linkedin.com\/company\/vtorino\/"]}]},"product_brand":"Greenpex","product_price_amount":"73.84","product_price_currency":"EUR","og_availability":"instock","product_availability":"instock","product_retailer_item_id":"O-49078","product_condition":"new"},"_links":{"self":[{"href":"https:\/\/www.vetorino.com\/veterinaire\/chillymazarin-91380\/boutique\/wp-json\/wp\/v2\/product\/177558","targetHints":{"allow":["GET"]}}],"collection":[{"href":"https:\/\/www.vetorino.com\/veterinaire\/chillymazarin-91380\/boutique\/wp-json\/wp\/v2\/product"}],"about":[{"href":"https:\/\/www.vetorino.com\/veterinaire\/chillymazarin-91380\/boutique\/wp-json\/wp\/v2\/types\/product"}],"wp:featuredmedia":[{"embeddable":true,"href":"https:\/\/www.vetorino.com\/veterinaire\/chillymazarin-91380\/boutique\/wp-json\/wp\/v2\/media\/918053"}],"wp:attachment":[{"href":"https:\/\/www.vetorino.com\/veterinaire\/chillymazarin-91380\/boutique\/wp-json\/wp\/v2\/media?parent=177558"}],"wp:term":[{"taxonomy":"product_cat","embeddable":true,"href":"https:\/\/www.vetorino.com\/veterinaire\/chillymazarin-91380\/boutique\/wp-json\/wp\/v2\/product_cat?post=177558"},{"taxonomy":"product_tag","embeddable":true,"href":"https:\/\/www.vetorino.com\/veterinaire\/chillymazarin-91380\/boutique\/wp-json\/wp\/v2\/product_tag?post=177558"}],"curies":[{"name":"wp","href":"https:\/\/api.w.org\/{rel}","templated":true}]}}