{"id":352178,"date":"2022-07-20T03:03:15","date_gmt":"2022-07-20T01:03:15","guid":{"rendered":"https:\/\/www.vetorino.com\/boutique\/?post_type=product&#038;p=352178"},"modified":"2026-01-14T17:40:45","modified_gmt":"2026-01-14T16:40:45","slug":"vetexpert-hepatiale-xl-2","status":"publish","type":"product","link":"https:\/\/www.vetorino.com\/veterinaire\/chillymazarin-91380\/boutique\/product\/vetexpert-hepatiale-xl-2\/","title":{"rendered":"Hepatiale XL &#8211; chien"},"content":{"rendered":"<div class=\"hidden\">\n<p><strong>Aliment compl\u00e9mentaire<\/strong> recommand\u00e9 chez les <strong>chiens adultes de grande taille<\/strong> pour <strong>soutenir la fonction h\u00e9patique.<\/strong><\/p>\n<p><strong>L&#8217;ARGININE<\/strong> est un acide amin\u00e9 prot\u00e9ique exog\u00e8ne impliqu\u00e9 dans un certain nombre de processus m\u00e9taboliques dans le foie. Sa fonction principale est li\u00e9e au transport, \u00e0 l&#8217;accumulation et \u00e0 l&#8217;excr\u00e9tion de l&#8217;azote et de l&#8217;ammoniac par le cycle de l&#8217;ur\u00e9e. L&#8217;arginine est le pr\u00e9curseur de l&#8217;ornithine dans le cycle d&#8217;ur\u00e9e. C&#8217;est \u00e9galement un acide amin\u00e9 essentiel dans les cas de stress m\u00e9tabolique et dans les r\u00e9gimes riches en prot\u00e9ines.<\/p>\n<p><strong>La GLUTAMINE<\/strong> est un acide amin\u00e9 non essentiel qui devient essentiel dans les conditions de stress catabolique. Sa fonction premi\u00e8re est de fournir des substrats pour la n\u00e9oglucogen\u00e8se, qui a lieu dans le foie. Il est \u00e9galement un pr\u00e9curseur de l&#8217;ornithine et joue donc un r\u00f4le important dans le m\u00e9tabolisme de l&#8217;azote et aide \u00e0 \u00e9liminer l&#8217;ammoniac de l&#8217;organisme, form\u00e9 par le m\u00e9tabolisme prot\u00e9ique.<\/p>\n<p><strong>Utilisation :<\/strong><\/p>\n<p><em>1 comprim\u00e9 par jour pour 25kg\u00a0<\/em><\/p>\n<p><em>A administrer avant ou pendant les repas. Les comprim\u00e9s peuvent \u00eatre \u00e9cras\u00e9s. Si la dose quotidienne n\u00e9cessite l&#8217;administration de plusieurs comprim\u00e9s, elle peut \u00eatre divis\u00e9e en 2-3 portions. Les animaux devront toujours avoir de l&#8217;eau fraiche \u00e0 disposition.<\/em><\/p>\n<p><strong>Demander conseil \u00e0 un v\u00e9t\u00e9rinaire avant utilisation.<\/strong><\/p>\n<\/div>\n","protected":false},"excerpt":{"rendered":"<p><strong>Aliment compl\u00e9mentaire<\/strong> recommand\u00e9 chez les <strong>chiens adultes de grande taille<\/strong> pour <strong>soutenir la fonction h\u00e9patique.<\/strong><\/p>\n<p><strong>Demander conseil \u00e0 un v\u00e9t\u00e9rinaire avant utilisation.<\/strong><\/p>\n","protected":false},"featured_media":1656046,"template":"","meta":[],"product_cat":[2738,2698,12638],"product_tag":[],"class_list":{"0":"post-352178","1":"product","2":"type-product","3":"status-publish","4":"has-post-thumbnail","6":"product_cat-aliments-complementaires-pour-chien","7":"product_cat-chien","8":"product_cat-systeme-hepatique-du-chien","9":"pa_marque-vetexpert","11":"first","12":"instock","13":"taxable","14":"shipping-taxable","15":"purchasable","16":"product-type-variable"},"yoast_head":"<!-- This site is optimized with the Yoast SEO plugin v26.7 - https:\/\/yoast.com\/wordpress\/plugins\/seo\/ -->\n<title>Hepatiale XL - chien Vetexpert - V\u00e9torino<\/title>\n<meta name=\"description\" content=\"Aliment compl\u00e9mentaire recommand\u00e9 chez les chiens adultes de grande taille pour soutenir la fonction h\u00e9patique.  Demander conseil \u00e0 un v\u00e9t\u00e9rinaire avant utilisation.\" \/>\n<meta name=\"robots\" content=\"noindex, nofollow\" \/>\n<meta property=\"og:locale\" content=\"fr_FR\" \/>\n<meta property=\"og:type\" content=\"article\" \/>\n<meta property=\"og:title\" content=\"Hepatiale XL - chien Vetexpert - V\u00e9torino\" \/>\n<meta property=\"og:description\" content=\"Aliment compl\u00e9mentaire recommand\u00e9 chez les chiens adultes de grande taille pour soutenir la fonction h\u00e9patique.  Demander conseil \u00e0 un v\u00e9t\u00e9rinaire avant utilisation.\" \/>\n<meta property=\"og:url\" content=\"https:\/\/www.vetorino.com\/veterinaire\/chillymazarin-91380\/boutique\/product\/vetexpert-hepatiale-xl-2\/\" \/>\n<meta property=\"og:site_name\" content=\"V\u00e9torino\" \/>\n<meta property=\"article:publisher\" content=\"https:\/\/www.facebook.com\/Vetorino\/\" \/>\n<meta property=\"article:modified_time\" content=\"2026-01-14T16:40:45+00:00\" \/>\n<meta property=\"og:image\" content=\"https:\/\/www.vetorino.com\/boutique\/wp-content\/uploads\/2021\/05\/hepatiale-xl.webp\" \/>\n\t<meta property=\"og:image:width\" content=\"800\" \/>\n\t<meta property=\"og:image:height\" content=\"800\" \/>\n\t<meta property=\"og:image:type\" content=\"image\/webp\" \/>\n<meta name=\"twitter:card\" content=\"summary_large_image\" \/>\n<meta name=\"twitter:label1\" content=\"Disponibilit\u00e9\" \/>\n\t<meta name=\"twitter:data1\" content=\"En stock\" \/>\n<script type=\"application\/ld+json\" class=\"yoast-schema-graph\">{\"@context\":\"https:\/\/schema.org\",\"@graph\":[{\"@type\":\"WebPage\",\"@id\":\"https:\/\/www.vetorino.com\/boutique\/product\/vetexpert-hepatiale-xl-2\/\",\"url\":\"https:\/\/www.vetorino.com\/boutique\/product\/vetexpert-hepatiale-xl-2\/\",\"name\":\"Hepatiale XL - chien Vetexpert - V\u00e9torino\",\"isPartOf\":{\"@id\":\"https:\/\/www.vetorino.com\/boutique\/#website\"},\"primaryImageOfPage\":{\"@id\":\"https:\/\/www.vetorino.com\/boutique\/product\/vetexpert-hepatiale-xl-2\/#primaryimage\"},\"image\":{\"@id\":\"https:\/\/www.vetorino.com\/boutique\/product\/vetexpert-hepatiale-xl-2\/#primaryimage\"},\"thumbnailUrl\":\"https:\/\/www.vetorino.com\/boutique\/wp-content\/uploads\/2021\/05\/hepatiale-xl.webp\",\"datePublished\":\"2022-07-20T01:03:15+00:00\",\"dateModified\":\"2026-01-14T16:40:45+00:00\",\"description\":\"Aliment compl\u00e9mentaire recommand\u00e9 chez les chiens adultes de grande taille pour soutenir la fonction h\u00e9patique. Demander conseil \u00e0 un v\u00e9t\u00e9rinaire avant utilisation.\",\"breadcrumb\":{\"@id\":\"https:\/\/www.vetorino.com\/boutique\/product\/vetexpert-hepatiale-xl-2\/#breadcrumb\"},\"inLanguage\":\"fr-FR\",\"potentialAction\":[{\"@type\":\"ReadAction\",\"target\":[\"https:\/\/www.vetorino.com\/boutique\/product\/vetexpert-hepatiale-xl-2\/\"]}]},{\"@type\":\"ImageObject\",\"inLanguage\":\"fr-FR\",\"@id\":\"https:\/\/www.vetorino.com\/boutique\/product\/vetexpert-hepatiale-xl-2\/#primaryimage\",\"url\":\"https:\/\/www.vetorino.com\/boutique\/wp-content\/uploads\/2021\/05\/hepatiale-xl.webp\",\"contentUrl\":\"https:\/\/www.vetorino.com\/boutique\/wp-content\/uploads\/2021\/05\/hepatiale-xl.webp\",\"width\":800,\"height\":800},{\"@type\":\"BreadcrumbList\",\"@id\":\"https:\/\/www.vetorino.com\/boutique\/product\/vetexpert-hepatiale-xl-2\/#breadcrumb\",\"itemListElement\":[{\"@type\":\"ListItem\",\"position\":1,\"name\":\"Accueil\",\"item\":\"https:\/\/www.vetorino.com\/boutique\/\"},{\"@type\":\"ListItem\",\"position\":2,\"name\":\"Produits\",\"item\":\"https:\/\/www.vetorino.com\/boutique\/\"},{\"@type\":\"ListItem\",\"position\":3,\"name\":\"Hepatiale XL &#8211; chien\"}]},{\"@type\":\"WebSite\",\"@id\":\"https:\/\/www.vetorino.com\/boutique\/#website\",\"url\":\"https:\/\/www.vetorino.com\/boutique\/\",\"name\":\"V\u00e9torino\",\"description\":\"\",\"publisher\":{\"@id\":\"https:\/\/www.vetorino.com\/boutique\/#organization\"},\"potentialAction\":[{\"@type\":\"SearchAction\",\"target\":{\"@type\":\"EntryPoint\",\"urlTemplate\":\"https:\/\/www.vetorino.com\/boutique\/?s={search_term_string}\"},\"query-input\":{\"@type\":\"PropertyValueSpecification\",\"valueRequired\":true,\"valueName\":\"search_term_string\"}}],\"inLanguage\":\"fr-FR\"},{\"@type\":\"Organization\",\"@id\":\"https:\/\/www.vetorino.com\/boutique\/#organization\",\"name\":\"V\u00e9torino\",\"url\":\"https:\/\/www.vetorino.com\/boutique\/\",\"logo\":{\"@type\":\"ImageObject\",\"inLanguage\":\"fr-FR\",\"@id\":\"https:\/\/www.vetorino.com\/boutique\/#\/schema\/logo\/image\/\",\"url\":\"https:\/\/www.vetorino.com\/boutique\/wp-content\/uploads\/2024\/10\/logo.jpg\",\"contentUrl\":\"https:\/\/www.vetorino.com\/boutique\/wp-content\/uploads\/2024\/10\/logo.jpg\",\"width\":1200,\"height\":610,\"caption\":\"V\u00e9torino\"},\"image\":{\"@id\":\"https:\/\/www.vetorino.com\/boutique\/#\/schema\/logo\/image\/\"},\"sameAs\":[\"https:\/\/www.facebook.com\/Vetorino\/\",\"https:\/\/www.instagram.com\/vetorino_off\/\",\"https:\/\/www.linkedin.com\/company\/vtorino\/\"]}]}<\/script>\n<meta property=\"product:brand\" content=\"Vetexpert\" \/>\n<meta property=\"og:availability\" content=\"instock\" \/>\n<meta property=\"product:availability\" content=\"instock\" \/>\n<meta property=\"product:condition\" content=\"new\" \/>\n<!-- \/ Yoast SEO plugin. -->","yoast_head_json":{"title":"Hepatiale XL - chien Vetexpert - V\u00e9torino","description":"Aliment compl\u00e9mentaire recommand\u00e9 chez les chiens adultes de grande taille pour soutenir la fonction h\u00e9patique.  Demander conseil \u00e0 un v\u00e9t\u00e9rinaire avant utilisation.","robots":{"index":"noindex","follow":"nofollow"},"og_locale":"fr_FR","og_type":"article","og_title":"Hepatiale XL - chien Vetexpert - V\u00e9torino","og_description":"Aliment compl\u00e9mentaire recommand\u00e9 chez les chiens adultes de grande taille pour soutenir la fonction h\u00e9patique.  Demander conseil \u00e0 un v\u00e9t\u00e9rinaire avant utilisation.","og_url":"https:\/\/www.vetorino.com\/veterinaire\/chillymazarin-91380\/boutique\/product\/vetexpert-hepatiale-xl-2\/","og_site_name":"V\u00e9torino","article_publisher":"https:\/\/www.facebook.com\/Vetorino\/","article_modified_time":"2026-01-14T16:40:45+00:00","og_image":[{"width":800,"height":800,"url":"https:\/\/www.vetorino.com\/boutique\/wp-content\/uploads\/2021\/05\/hepatiale-xl.webp","type":"image\/webp"}],"twitter_card":"summary_large_image","twitter_misc":{"Disponibilit\u00e9":"En stock"},"schema":{"@context":"https:\/\/schema.org","@graph":[{"@type":"WebPage","@id":"https:\/\/www.vetorino.com\/boutique\/product\/vetexpert-hepatiale-xl-2\/","url":"https:\/\/www.vetorino.com\/boutique\/product\/vetexpert-hepatiale-xl-2\/","name":"Hepatiale XL - chien Vetexpert - V\u00e9torino","isPartOf":{"@id":"https:\/\/www.vetorino.com\/boutique\/#website"},"primaryImageOfPage":{"@id":"https:\/\/www.vetorino.com\/boutique\/product\/vetexpert-hepatiale-xl-2\/#primaryimage"},"image":{"@id":"https:\/\/www.vetorino.com\/boutique\/product\/vetexpert-hepatiale-xl-2\/#primaryimage"},"thumbnailUrl":"https:\/\/www.vetorino.com\/boutique\/wp-content\/uploads\/2021\/05\/hepatiale-xl.webp","datePublished":"2022-07-20T01:03:15+00:00","dateModified":"2026-01-14T16:40:45+00:00","description":"Aliment compl\u00e9mentaire recommand\u00e9 chez les chiens adultes de grande taille pour soutenir la fonction h\u00e9patique. Demander conseil \u00e0 un v\u00e9t\u00e9rinaire avant utilisation.","breadcrumb":{"@id":"https:\/\/www.vetorino.com\/boutique\/product\/vetexpert-hepatiale-xl-2\/#breadcrumb"},"inLanguage":"fr-FR","potentialAction":[{"@type":"ReadAction","target":["https:\/\/www.vetorino.com\/boutique\/product\/vetexpert-hepatiale-xl-2\/"]}]},{"@type":"ImageObject","inLanguage":"fr-FR","@id":"https:\/\/www.vetorino.com\/boutique\/product\/vetexpert-hepatiale-xl-2\/#primaryimage","url":"https:\/\/www.vetorino.com\/boutique\/wp-content\/uploads\/2021\/05\/hepatiale-xl.webp","contentUrl":"https:\/\/www.vetorino.com\/boutique\/wp-content\/uploads\/2021\/05\/hepatiale-xl.webp","width":800,"height":800},{"@type":"BreadcrumbList","@id":"https:\/\/www.vetorino.com\/boutique\/product\/vetexpert-hepatiale-xl-2\/#breadcrumb","itemListElement":[{"@type":"ListItem","position":1,"name":"Accueil","item":"https:\/\/www.vetorino.com\/boutique\/"},{"@type":"ListItem","position":2,"name":"Produits","item":"https:\/\/www.vetorino.com\/boutique\/"},{"@type":"ListItem","position":3,"name":"Hepatiale XL &#8211; chien"}]},{"@type":"WebSite","@id":"https:\/\/www.vetorino.com\/boutique\/#website","url":"https:\/\/www.vetorino.com\/boutique\/","name":"V\u00e9torino","description":"","publisher":{"@id":"https:\/\/www.vetorino.com\/boutique\/#organization"},"potentialAction":[{"@type":"SearchAction","target":{"@type":"EntryPoint","urlTemplate":"https:\/\/www.vetorino.com\/boutique\/?s={search_term_string}"},"query-input":{"@type":"PropertyValueSpecification","valueRequired":true,"valueName":"search_term_string"}}],"inLanguage":"fr-FR"},{"@type":"Organization","@id":"https:\/\/www.vetorino.com\/boutique\/#organization","name":"V\u00e9torino","url":"https:\/\/www.vetorino.com\/boutique\/","logo":{"@type":"ImageObject","inLanguage":"fr-FR","@id":"https:\/\/www.vetorino.com\/boutique\/#\/schema\/logo\/image\/","url":"https:\/\/www.vetorino.com\/boutique\/wp-content\/uploads\/2024\/10\/logo.jpg","contentUrl":"https:\/\/www.vetorino.com\/boutique\/wp-content\/uploads\/2024\/10\/logo.jpg","width":1200,"height":610,"caption":"V\u00e9torino"},"image":{"@id":"https:\/\/www.vetorino.com\/boutique\/#\/schema\/logo\/image\/"},"sameAs":["https:\/\/www.facebook.com\/Vetorino\/","https:\/\/www.instagram.com\/vetorino_off\/","https:\/\/www.linkedin.com\/company\/vtorino\/"]}]},"product_brand":"Vetexpert","og_availability":"instock","product_availability":"instock","product_condition":"new"},"_links":{"self":[{"href":"https:\/\/www.vetorino.com\/veterinaire\/chillymazarin-91380\/boutique\/wp-json\/wp\/v2\/product\/352178","targetHints":{"allow":["GET"]}}],"collection":[{"href":"https:\/\/www.vetorino.com\/veterinaire\/chillymazarin-91380\/boutique\/wp-json\/wp\/v2\/product"}],"about":[{"href":"https:\/\/www.vetorino.com\/veterinaire\/chillymazarin-91380\/boutique\/wp-json\/wp\/v2\/types\/product"}],"wp:featuredmedia":[{"embeddable":true,"href":"https:\/\/www.vetorino.com\/veterinaire\/chillymazarin-91380\/boutique\/wp-json\/wp\/v2\/media\/1656046"}],"wp:attachment":[{"href":"https:\/\/www.vetorino.com\/veterinaire\/chillymazarin-91380\/boutique\/wp-json\/wp\/v2\/media?parent=352178"}],"wp:term":[{"taxonomy":"product_cat","embeddable":true,"href":"https:\/\/www.vetorino.com\/veterinaire\/chillymazarin-91380\/boutique\/wp-json\/wp\/v2\/product_cat?post=352178"},{"taxonomy":"product_tag","embeddable":true,"href":"https:\/\/www.vetorino.com\/veterinaire\/chillymazarin-91380\/boutique\/wp-json\/wp\/v2\/product_tag?post=352178"}],"curies":[{"name":"wp","href":"https:\/\/api.w.org\/{rel}","templated":true}]}}