{"id":352810,"date":"2022-07-20T03:14:16","date_gmt":"2022-07-20T01:14:16","guid":{"rendered":"https:\/\/www.vetorino.com\/boutique\/?post_type=product&#038;p=352810"},"modified":"2022-07-20T03:14:18","modified_gmt":"2022-07-20T01:14:18","slug":"douxo-pyo-3-pads-2","status":"publish","type":"product","link":"https:\/\/www.vetorino.com\/veterinaire\/chillymazarin-91380\/boutique\/product\/douxo-pyo-3-pads-2\/","title":{"rendered":"Douxo Pyo 3 % Pads"},"content":{"rendered":"<div class='hidden'>CEVA<\/div>\n<div class='hidden'>Chiens<\/div>\n<div class='hidden'>Peau\/pelage<\/div>\n<p>Lingettes impr\u00e9gn\u00e9es de solution antiseptique et hypo-allerg\u00e9nique, \u00e0 base de chlorhexidine et de phytosphingosine, pour chiens et chats. <br \/>&#8211; Chlorhexidine pour sa puissante activit\u00e9 bact\u00e9ricide ainsi que sa forte activit\u00e9 fongistatique sur la plupart des champignons et levures pathog\u00e8nes.<br \/>&#8211; Phytosphingosine-salicyloyl pour ses propri\u00e9t\u00e9s anti-inflammatoires et anti-s\u00e9borrh\u00e9iques reconnues.<br \/>&#8211; Contient \u00e9galement un agent hydratant et restructurant, qui permet le d\u00e9p\u00f4t, sur la surface cutan\u00e9e, d&#8217;un film lipoprotidique qui persiste apr\u00e8s rin\u00e7age, \u00e9vitant ainsi d&#8217;ass\u00e9cher et d&#8217;irriter la peau.<\/p>\n","protected":false},"excerpt":{"rendered":"<p>CEVA Chiens Peau\/pelage Lingettes impr\u00e9gn\u00e9es de solution antiseptique et hypo-allerg\u00e9nique, \u00e0 base de chlorhexidine et de phytosphingosine, pour chiens et chats. &#8211; Chlorhexidine pour sa puissante activit\u00e9 bact\u00e9ricide ainsi que sa forte activit\u00e9 fongistatique sur la plupart des champignons et levures pathog\u00e8nes.&#8211; Phytosphingosine-salicyloyl pour ses propri\u00e9t\u00e9s anti-inflammatoires et anti-s\u00e9borrh\u00e9iques reconnues.&#8211; Contient \u00e9galement un agent hydratant [&hellip;]<\/p>\n","protected":false},"featured_media":95365,"template":"","meta":[],"product_cat":[2697,12611,12612,12560,12561],"product_tag":[],"class_list":{"0":"post-352810","1":"product","2":"type-product","3":"status-publish","4":"has-post-thumbnail","6":"product_cat-chat","7":"product_cat-hygiene-de-la-peau-et-du-pelage-du-chat","8":"product_cat-hygiene-de-la-peau-et-du-pelage-du-chien","9":"product_cat-hygiene-du-chat","10":"product_cat-hygiene-du-chien","11":"pa_marque-douxo","13":"first","14":"outofstock","15":"taxable","16":"shipping-taxable","17":"purchasable","18":"product-type-simple"},"yoast_head":"<!-- This site is optimized with the Yoast SEO plugin v26.7 - https:\/\/yoast.com\/wordpress\/plugins\/seo\/ -->\n<title>Douxo Douxo Pyo 3 % Pads Douxo - V\u00e9torino<\/title>\n<meta name=\"description\" content=\"CEVAChiensPeau\/pelageLingettes impr\u00e9gn\u00e9es de solution antiseptique et hypo-allerg\u00e9nique, \u00e0 base de chlorhexidine et de phytosphingosine, pour chiens et\" \/>\n<meta name=\"robots\" content=\"noindex, nofollow\" \/>\n<meta property=\"og:locale\" content=\"fr_FR\" \/>\n<meta property=\"og:type\" content=\"article\" \/>\n<meta property=\"og:title\" content=\"Douxo Douxo Pyo 3 % Pads Douxo - V\u00e9torino\" \/>\n<meta property=\"og:description\" content=\"CEVAChiensPeau\/pelageLingettes impr\u00e9gn\u00e9es de solution antiseptique et hypo-allerg\u00e9nique, \u00e0 base de chlorhexidine et de phytosphingosine, pour chiens et\" \/>\n<meta property=\"og:url\" content=\"https:\/\/www.vetorino.com\/veterinaire\/chillymazarin-91380\/boutique\/product\/douxo-pyo-3-pads-2\/\" \/>\n<meta property=\"og:site_name\" content=\"V\u00e9torino\" \/>\n<meta property=\"article:publisher\" content=\"https:\/\/www.facebook.com\/Vetorino\/\" \/>\n<meta property=\"article:modified_time\" content=\"2022-07-20T01:14:18+00:00\" \/>\n<meta property=\"og:image\" content=\"https:\/\/www.vetorino.com\/boutique\/wp-content\/uploads\/2020\/06\/FilsDOU038FormatMediumTypeIM.png\" \/>\n\t<meta property=\"og:image:width\" content=\"400\" \/>\n\t<meta property=\"og:image:height\" content=\"400\" \/>\n\t<meta property=\"og:image:type\" content=\"image\/png\" \/>\n<meta name=\"twitter:card\" content=\"summary_large_image\" \/>\n<meta name=\"twitter:label1\" content=\"Prix\" \/>\n\t<meta name=\"twitter:data1\" content=\"10,44&euro;\" \/>\n\t<meta name=\"twitter:label2\" content=\"Disponibilit\u00e9\" \/>\n\t<meta name=\"twitter:data2\" content=\"Rupture de stock\" \/>\n<script type=\"application\/ld+json\" class=\"yoast-schema-graph\">{\"@context\":\"https:\/\/schema.org\",\"@graph\":[{\"@type\":\"WebPage\",\"@id\":\"https:\/\/www.vetorino.com\/boutique\/product\/douxo-pyo-3-pads-2\/\",\"url\":\"https:\/\/www.vetorino.com\/boutique\/product\/douxo-pyo-3-pads-2\/\",\"name\":\"Douxo Douxo Pyo 3 % Pads Douxo - V\u00e9torino\",\"isPartOf\":{\"@id\":\"https:\/\/www.vetorino.com\/boutique\/#website\"},\"primaryImageOfPage\":{\"@id\":\"https:\/\/www.vetorino.com\/boutique\/product\/douxo-pyo-3-pads-2\/#primaryimage\"},\"image\":{\"@id\":\"https:\/\/www.vetorino.com\/boutique\/product\/douxo-pyo-3-pads-2\/#primaryimage\"},\"thumbnailUrl\":\"https:\/\/www.vetorino.com\/boutique\/wp-content\/uploads\/2020\/06\/FilsDOU038FormatMediumTypeIM.png\",\"datePublished\":\"2022-07-20T01:14:16+00:00\",\"dateModified\":\"2022-07-20T01:14:18+00:00\",\"description\":\"CEVAChiensPeau\/pelageLingettes impr\u00e9gn\u00e9es de solution antiseptique et hypo-allerg\u00e9nique, \u00e0 base de chlorhexidine et de phytosphingosine, pour chiens et\",\"breadcrumb\":{\"@id\":\"https:\/\/www.vetorino.com\/boutique\/product\/douxo-pyo-3-pads-2\/#breadcrumb\"},\"inLanguage\":\"fr-FR\",\"potentialAction\":[{\"@type\":\"ReadAction\",\"target\":[\"https:\/\/www.vetorino.com\/boutique\/product\/douxo-pyo-3-pads-2\/\"]}]},{\"@type\":\"ImageObject\",\"inLanguage\":\"fr-FR\",\"@id\":\"https:\/\/www.vetorino.com\/boutique\/product\/douxo-pyo-3-pads-2\/#primaryimage\",\"url\":\"https:\/\/www.vetorino.com\/boutique\/wp-content\/uploads\/2020\/06\/FilsDOU038FormatMediumTypeIM.png\",\"contentUrl\":\"https:\/\/www.vetorino.com\/boutique\/wp-content\/uploads\/2020\/06\/FilsDOU038FormatMediumTypeIM.png\",\"width\":400,\"height\":400},{\"@type\":\"BreadcrumbList\",\"@id\":\"https:\/\/www.vetorino.com\/boutique\/product\/douxo-pyo-3-pads-2\/#breadcrumb\",\"itemListElement\":[{\"@type\":\"ListItem\",\"position\":1,\"name\":\"Accueil\",\"item\":\"https:\/\/www.vetorino.com\/boutique\/\"},{\"@type\":\"ListItem\",\"position\":2,\"name\":\"Produits\",\"item\":\"https:\/\/www.vetorino.com\/boutique\/\"},{\"@type\":\"ListItem\",\"position\":3,\"name\":\"Douxo Pyo 3 % Pads\"}]},{\"@type\":\"WebSite\",\"@id\":\"https:\/\/www.vetorino.com\/boutique\/#website\",\"url\":\"https:\/\/www.vetorino.com\/boutique\/\",\"name\":\"V\u00e9torino\",\"description\":\"\",\"publisher\":{\"@id\":\"https:\/\/www.vetorino.com\/boutique\/#organization\"},\"potentialAction\":[{\"@type\":\"SearchAction\",\"target\":{\"@type\":\"EntryPoint\",\"urlTemplate\":\"https:\/\/www.vetorino.com\/boutique\/?s={search_term_string}\"},\"query-input\":{\"@type\":\"PropertyValueSpecification\",\"valueRequired\":true,\"valueName\":\"search_term_string\"}}],\"inLanguage\":\"fr-FR\"},{\"@type\":\"Organization\",\"@id\":\"https:\/\/www.vetorino.com\/boutique\/#organization\",\"name\":\"V\u00e9torino\",\"url\":\"https:\/\/www.vetorino.com\/boutique\/\",\"logo\":{\"@type\":\"ImageObject\",\"inLanguage\":\"fr-FR\",\"@id\":\"https:\/\/www.vetorino.com\/boutique\/#\/schema\/logo\/image\/\",\"url\":\"https:\/\/www.vetorino.com\/boutique\/wp-content\/uploads\/2024\/10\/logo.jpg\",\"contentUrl\":\"https:\/\/www.vetorino.com\/boutique\/wp-content\/uploads\/2024\/10\/logo.jpg\",\"width\":1200,\"height\":610,\"caption\":\"V\u00e9torino\"},\"image\":{\"@id\":\"https:\/\/www.vetorino.com\/boutique\/#\/schema\/logo\/image\/\"},\"sameAs\":[\"https:\/\/www.facebook.com\/Vetorino\/\",\"https:\/\/www.instagram.com\/vetorino_off\/\",\"https:\/\/www.linkedin.com\/company\/vtorino\/\"]}]}<\/script>\n<meta property=\"product:brand\" content=\"Douxo\" \/>\n<meta property=\"product:price:amount\" content=\"10.44\" \/>\n<meta property=\"product:price:currency\" content=\"EUR\" \/>\n<meta property=\"og:availability\" content=\"out of stock\" \/>\n<meta property=\"product:availability\" content=\"out of stock\" \/>\n<meta property=\"product:retailer_item_id\" content=\"O-33882\" \/>\n<meta property=\"product:condition\" content=\"new\" \/>\n<!-- \/ Yoast SEO plugin. -->","yoast_head_json":{"title":"Douxo Douxo Pyo 3 % Pads Douxo - V\u00e9torino","description":"CEVAChiensPeau\/pelageLingettes impr\u00e9gn\u00e9es de solution antiseptique et hypo-allerg\u00e9nique, \u00e0 base de chlorhexidine et de phytosphingosine, pour chiens et","robots":{"index":"noindex","follow":"nofollow"},"og_locale":"fr_FR","og_type":"article","og_title":"Douxo Douxo Pyo 3 % Pads Douxo - V\u00e9torino","og_description":"CEVAChiensPeau\/pelageLingettes impr\u00e9gn\u00e9es de solution antiseptique et hypo-allerg\u00e9nique, \u00e0 base de chlorhexidine et de phytosphingosine, pour chiens et","og_url":"https:\/\/www.vetorino.com\/veterinaire\/chillymazarin-91380\/boutique\/product\/douxo-pyo-3-pads-2\/","og_site_name":"V\u00e9torino","article_publisher":"https:\/\/www.facebook.com\/Vetorino\/","article_modified_time":"2022-07-20T01:14:18+00:00","og_image":[{"width":400,"height":400,"url":"https:\/\/www.vetorino.com\/boutique\/wp-content\/uploads\/2020\/06\/FilsDOU038FormatMediumTypeIM.png","type":"image\/png"}],"twitter_card":"summary_large_image","twitter_misc":{"Prix":"10,44&euro;","Disponibilit\u00e9":"Rupture de stock"},"schema":{"@context":"https:\/\/schema.org","@graph":[{"@type":"WebPage","@id":"https:\/\/www.vetorino.com\/boutique\/product\/douxo-pyo-3-pads-2\/","url":"https:\/\/www.vetorino.com\/boutique\/product\/douxo-pyo-3-pads-2\/","name":"Douxo Douxo Pyo 3 % Pads Douxo - V\u00e9torino","isPartOf":{"@id":"https:\/\/www.vetorino.com\/boutique\/#website"},"primaryImageOfPage":{"@id":"https:\/\/www.vetorino.com\/boutique\/product\/douxo-pyo-3-pads-2\/#primaryimage"},"image":{"@id":"https:\/\/www.vetorino.com\/boutique\/product\/douxo-pyo-3-pads-2\/#primaryimage"},"thumbnailUrl":"https:\/\/www.vetorino.com\/boutique\/wp-content\/uploads\/2020\/06\/FilsDOU038FormatMediumTypeIM.png","datePublished":"2022-07-20T01:14:16+00:00","dateModified":"2022-07-20T01:14:18+00:00","description":"CEVAChiensPeau\/pelageLingettes impr\u00e9gn\u00e9es de solution antiseptique et hypo-allerg\u00e9nique, \u00e0 base de chlorhexidine et de phytosphingosine, pour chiens et","breadcrumb":{"@id":"https:\/\/www.vetorino.com\/boutique\/product\/douxo-pyo-3-pads-2\/#breadcrumb"},"inLanguage":"fr-FR","potentialAction":[{"@type":"ReadAction","target":["https:\/\/www.vetorino.com\/boutique\/product\/douxo-pyo-3-pads-2\/"]}]},{"@type":"ImageObject","inLanguage":"fr-FR","@id":"https:\/\/www.vetorino.com\/boutique\/product\/douxo-pyo-3-pads-2\/#primaryimage","url":"https:\/\/www.vetorino.com\/boutique\/wp-content\/uploads\/2020\/06\/FilsDOU038FormatMediumTypeIM.png","contentUrl":"https:\/\/www.vetorino.com\/boutique\/wp-content\/uploads\/2020\/06\/FilsDOU038FormatMediumTypeIM.png","width":400,"height":400},{"@type":"BreadcrumbList","@id":"https:\/\/www.vetorino.com\/boutique\/product\/douxo-pyo-3-pads-2\/#breadcrumb","itemListElement":[{"@type":"ListItem","position":1,"name":"Accueil","item":"https:\/\/www.vetorino.com\/boutique\/"},{"@type":"ListItem","position":2,"name":"Produits","item":"https:\/\/www.vetorino.com\/boutique\/"},{"@type":"ListItem","position":3,"name":"Douxo Pyo 3 % Pads"}]},{"@type":"WebSite","@id":"https:\/\/www.vetorino.com\/boutique\/#website","url":"https:\/\/www.vetorino.com\/boutique\/","name":"V\u00e9torino","description":"","publisher":{"@id":"https:\/\/www.vetorino.com\/boutique\/#organization"},"potentialAction":[{"@type":"SearchAction","target":{"@type":"EntryPoint","urlTemplate":"https:\/\/www.vetorino.com\/boutique\/?s={search_term_string}"},"query-input":{"@type":"PropertyValueSpecification","valueRequired":true,"valueName":"search_term_string"}}],"inLanguage":"fr-FR"},{"@type":"Organization","@id":"https:\/\/www.vetorino.com\/boutique\/#organization","name":"V\u00e9torino","url":"https:\/\/www.vetorino.com\/boutique\/","logo":{"@type":"ImageObject","inLanguage":"fr-FR","@id":"https:\/\/www.vetorino.com\/boutique\/#\/schema\/logo\/image\/","url":"https:\/\/www.vetorino.com\/boutique\/wp-content\/uploads\/2024\/10\/logo.jpg","contentUrl":"https:\/\/www.vetorino.com\/boutique\/wp-content\/uploads\/2024\/10\/logo.jpg","width":1200,"height":610,"caption":"V\u00e9torino"},"image":{"@id":"https:\/\/www.vetorino.com\/boutique\/#\/schema\/logo\/image\/"},"sameAs":["https:\/\/www.facebook.com\/Vetorino\/","https:\/\/www.instagram.com\/vetorino_off\/","https:\/\/www.linkedin.com\/company\/vtorino\/"]}]},"product_brand":"Douxo","product_price_amount":"10.44","product_price_currency":"EUR","og_availability":"out of stock","product_availability":"out of stock","product_retailer_item_id":"O-33882","product_condition":"new"},"_links":{"self":[{"href":"https:\/\/www.vetorino.com\/veterinaire\/chillymazarin-91380\/boutique\/wp-json\/wp\/v2\/product\/352810","targetHints":{"allow":["GET"]}}],"collection":[{"href":"https:\/\/www.vetorino.com\/veterinaire\/chillymazarin-91380\/boutique\/wp-json\/wp\/v2\/product"}],"about":[{"href":"https:\/\/www.vetorino.com\/veterinaire\/chillymazarin-91380\/boutique\/wp-json\/wp\/v2\/types\/product"}],"wp:featuredmedia":[{"embeddable":true,"href":"https:\/\/www.vetorino.com\/veterinaire\/chillymazarin-91380\/boutique\/wp-json\/wp\/v2\/media\/95365"}],"wp:attachment":[{"href":"https:\/\/www.vetorino.com\/veterinaire\/chillymazarin-91380\/boutique\/wp-json\/wp\/v2\/media?parent=352810"}],"wp:term":[{"taxonomy":"product_cat","embeddable":true,"href":"https:\/\/www.vetorino.com\/veterinaire\/chillymazarin-91380\/boutique\/wp-json\/wp\/v2\/product_cat?post=352810"},{"taxonomy":"product_tag","embeddable":true,"href":"https:\/\/www.vetorino.com\/veterinaire\/chillymazarin-91380\/boutique\/wp-json\/wp\/v2\/product_tag?post=352810"}],"curies":[{"name":"wp","href":"https:\/\/api.w.org\/{rel}","templated":true}]}}