{"id":352913,"date":"2022-07-20T03:16:39","date_gmt":"2022-07-20T01:16:39","guid":{"rendered":"https:\/\/www.vetorino.com\/boutique\/?post_type=product&#038;p=352913"},"modified":"2023-04-06T17:04:47","modified_gmt":"2023-04-06T15:04:47","slug":"parastop-plus-2","status":"publish","type":"product","link":"https:\/\/www.vetorino.com\/veterinaire\/chillymazarin-91380\/boutique\/product\/parastop-plus-2\/","title":{"rendered":"Parastop Plus"},"content":{"rendered":"<p>Aide au contr\u00f4le des \u0152ufs, larves, puces adultes et acariens.<br \/>\nContient de la perm\u00e9thrine, insecticide et acaricide puissant \u00e0 action imm\u00e9diate et durable. Contient un analogue de l&#8217;hormone juv\u00e9nile (pyriproxyf\u00e8ne) inhibant la croissance des \u0152ufs et larves de puces.<br \/>\nTP 18 : Elimination des insectes et acariens de l&#8217;habitation.<br \/>\nDiffusion : pour un r\u00e9sultat optimal, il est imp\u00e9ratif de placer un diffuseur par pi\u00e8ce en fonction de la superficie \u00e0 traiter.<br \/>\n&#8211; Pour une pi\u00e8ce inf\u00e9rieure \u00e0 30 m2 : 1 Mini Diffuseur ;<br \/>\n&#8211; Pour une pi\u00e8ce comprise entre 30 et 80 m2 : 1 Diffuseur ;<br \/>\n&#8211; Pour une pi\u00e8ce de 0 \u00e0 125 m2 : 1 Grand Diffuseur.<br \/>\nIl est conseill\u00e9 de laver les sols et de passer l&#8217;aspirateur avant d&#8217;effectuer le traitement.<br \/>\nSortir les meubles de la pi\u00e8ce \u00e0 traiter favorise une bonne couverture des principes actifs. Si ceci n&#8217;est pas possible, compl\u00e9ter le traitement avec un a\u00e9rosol ou un pulv\u00e9risateur sur les surfaces non trait\u00e9es (ex. sous les meubles, derri\u00e8re les canap\u00e9s).<br \/>\nSur\u00e9lever le diffuseur de 40 \u00e0 80 cm et le placer au centre de la pi\u00e8ce \u00e0 traiter.<br \/>\nFermer les fen\u00eatres et toutes les sources d&#8217;a\u00e9ration. Ouvrir les portes int\u00e9rieures et les placards.<br \/>\nProt\u00e9ger les aliments, la vaisselle. Recouvrir soigneusement les plantes et les aquariums apr\u00e8s avoir arr\u00eat\u00e9 la pompe et le filtre. Faire sortir les enfants et les animaux. Pour d\u00e9buter la diffusion, actionner la valve puis rel\u00e2cher : la lib\u00e9ration du produit se fait automatiquement. Sortir de la pi\u00e8ce.<br \/>\nApr\u00e8s diffusion compl\u00e8te, laisser agir 3 heures et a\u00e9rer 1\/2 heure.<br \/>\nElimine durant 1 mois, les puces adultes et stoppe durant 6 mois le d\u00e9veloppement des \u0152ufs et des larves de puces. En fonction de la pr\u00e9sence de parasites, renouveler l&#8217;application en respectant un intervalle d&#8217;au moins 1 mois entre 2 utilisations.<\/p>\n","protected":false},"excerpt":{"rendered":"<p>ParaStop PLUS aide au contr\u00f4le des oeufs, larves puces adultes et acariens. Un diffuseur de 150 ml traite entre 40 et 80 m\u00b2. Id\u00e9al pour traiter l&#8217;environnement et pour se d\u00e9barrasser des puces que l&#8217;animal ram\u00e8ne r\u00e9guli\u00e8rement.<\/p>\n","protected":false},"featured_media":896466,"template":"","meta":[],"product_cat":[2697],"product_tag":[],"class_list":{"0":"post-352913","1":"product","2":"type-product","3":"status-publish","4":"has-post-thumbnail","6":"product_cat-chat","7":"pa_marque-virbac","9":"first","10":"instock","11":"taxable","12":"shipping-taxable","13":"purchasable","14":"product-type-variable"},"yoast_head":"<!-- This site is optimized with the Yoast SEO plugin v27.3 - https:\/\/yoast.com\/product\/yoast-seo-wordpress\/ -->\n<title>Parastop Plus Virbac - V\u00e9torino<\/title>\n<meta name=\"description\" content=\"ParaStop PLUS aide au contr\u00f4le des oeufs, larves puces adultes et acariens. Un diffuseur de 150 ml traite entre 40 et 80 m\u00b2. Id\u00e9al pour traiter l&#039;environnement et pour se d\u00e9barrasser des puces que l&#039;animal ram\u00e8ne r\u00e9guli\u00e8rement.\" \/>\n<meta name=\"robots\" content=\"noindex, nofollow\" \/>\n<meta property=\"og:locale\" content=\"fr_FR\" \/>\n<meta property=\"og:type\" content=\"article\" \/>\n<meta property=\"og:title\" content=\"Parastop Plus Virbac - V\u00e9torino\" \/>\n<meta property=\"og:description\" content=\"ParaStop PLUS aide au contr\u00f4le des oeufs, larves puces adultes et acariens. Un diffuseur de 150 ml traite entre 40 et 80 m\u00b2. Id\u00e9al pour traiter l&#039;environnement et pour se d\u00e9barrasser des puces que l&#039;animal ram\u00e8ne r\u00e9guli\u00e8rement.\" \/>\n<meta property=\"og:url\" content=\"https:\/\/www.vetorino.com\/veterinaire\/chillymazarin-91380\/boutique\/product\/parastop-plus-2\/\" \/>\n<meta property=\"og:site_name\" content=\"V\u00e9torino\" \/>\n<meta property=\"article:publisher\" content=\"https:\/\/www.facebook.com\/Vetorino\/\" \/>\n<meta property=\"article:modified_time\" content=\"2023-04-06T15:04:47+00:00\" \/>\n<meta property=\"og:image\" content=\"https:\/\/www.vetorino.com\/boutique\/wp-content\/uploads\/2020\/09\/logo-vetorino-1.png\" \/>\n\t<meta property=\"og:image:width\" content=\"539\" \/>\n\t<meta property=\"og:image:height\" content=\"224\" \/>\n\t<meta property=\"og:image:type\" content=\"image\/png\" \/>\n<meta name=\"twitter:card\" content=\"summary_large_image\" \/>\n<meta name=\"twitter:label1\" content=\"Disponibilit\u00e9\" \/>\n\t<meta name=\"twitter:data1\" content=\"En stock\" \/>\n<script type=\"application\/ld+json\" class=\"yoast-schema-graph\">{\"@context\":\"https:\\\/\\\/schema.org\",\"@graph\":[{\"@type\":\"WebPage\",\"@id\":\"https:\\\/\\\/www.vetorino.com\\\/veterinaire\\\/pontarlier-25300\\\/boutique\\\/product\\\/parastop-plus-2\\\/\",\"url\":\"https:\\\/\\\/www.vetorino.com\\\/veterinaire\\\/pontarlier-25300\\\/boutique\\\/product\\\/parastop-plus-2\\\/\",\"name\":\"Parastop Plus Virbac - V\u00e9torino\",\"isPartOf\":{\"@id\":\"https:\\\/\\\/www.vetorino.com\\\/boutique\\\/#website\"},\"primaryImageOfPage\":{\"@id\":\"https:\\\/\\\/www.vetorino.com\\\/veterinaire\\\/pontarlier-25300\\\/boutique\\\/product\\\/parastop-plus-2\\\/#primaryimage\"},\"image\":{\"@id\":\"https:\\\/\\\/www.vetorino.com\\\/veterinaire\\\/pontarlier-25300\\\/boutique\\\/product\\\/parastop-plus-2\\\/#primaryimage\"},\"thumbnailUrl\":\"https:\\\/\\\/www.vetorino.com\\\/boutique\\\/wp-content\\\/uploads\\\/2021\\\/05\\\/parastop-plus-aerosol-spray-de-250-ml.jpg\",\"datePublished\":\"2022-07-20T01:16:39+00:00\",\"dateModified\":\"2023-04-06T15:04:47+00:00\",\"description\":\"ParaStop PLUS aide au contr\u00f4le des oeufs, larves puces adultes et acariens. Un diffuseur de 150 ml traite entre 40 et 80 m\u00b2. Id\u00e9al pour traiter l'environnement et pour se d\u00e9barrasser des puces que l'animal ram\u00e8ne r\u00e9guli\u00e8rement.\",\"breadcrumb\":{\"@id\":\"https:\\\/\\\/www.vetorino.com\\\/veterinaire\\\/pontarlier-25300\\\/boutique\\\/product\\\/parastop-plus-2\\\/#breadcrumb\"},\"inLanguage\":\"fr-FR\",\"potentialAction\":[{\"@type\":\"ReadAction\",\"target\":[\"https:\\\/\\\/www.vetorino.com\\\/veterinaire\\\/pontarlier-25300\\\/boutique\\\/product\\\/parastop-plus-2\\\/\"]}]},{\"@type\":\"ImageObject\",\"inLanguage\":\"fr-FR\",\"@id\":\"https:\\\/\\\/www.vetorino.com\\\/veterinaire\\\/pontarlier-25300\\\/boutique\\\/product\\\/parastop-plus-2\\\/#primaryimage\",\"url\":\"https:\\\/\\\/www.vetorino.com\\\/boutique\\\/wp-content\\\/uploads\\\/2021\\\/05\\\/parastop-plus-aerosol-spray-de-250-ml.jpg\",\"contentUrl\":\"https:\\\/\\\/www.vetorino.com\\\/boutique\\\/wp-content\\\/uploads\\\/2021\\\/05\\\/parastop-plus-aerosol-spray-de-250-ml.jpg\",\"width\":800,\"height\":800},{\"@type\":\"BreadcrumbList\",\"@id\":\"https:\\\/\\\/www.vetorino.com\\\/veterinaire\\\/pontarlier-25300\\\/boutique\\\/product\\\/parastop-plus-2\\\/#breadcrumb\",\"itemListElement\":[{\"@type\":\"ListItem\",\"position\":1,\"name\":\"Accueil\",\"item\":\"https:\\\/\\\/www.vetorino.com\\\/boutique\\\/\"},{\"@type\":\"ListItem\",\"position\":2,\"name\":\"Produits\",\"item\":\"https:\\\/\\\/www.vetorino.com\\\/boutique\\\/\"},{\"@type\":\"ListItem\",\"position\":3,\"name\":\"Parastop Plus\"}]},{\"@type\":\"WebSite\",\"@id\":\"https:\\\/\\\/www.vetorino.com\\\/boutique\\\/#website\",\"url\":\"https:\\\/\\\/www.vetorino.com\\\/boutique\\\/\",\"name\":\"V\u00e9torino\",\"description\":\"\",\"publisher\":{\"@id\":\"https:\\\/\\\/www.vetorino.com\\\/boutique\\\/#organization\"},\"potentialAction\":[{\"@type\":\"SearchAction\",\"target\":{\"@type\":\"EntryPoint\",\"urlTemplate\":\"https:\\\/\\\/www.vetorino.com\\\/boutique\\\/?s={search_term_string}\"},\"query-input\":{\"@type\":\"PropertyValueSpecification\",\"valueRequired\":true,\"valueName\":\"search_term_string\"}}],\"inLanguage\":\"fr-FR\"},{\"@type\":\"Organization\",\"@id\":\"https:\\\/\\\/www.vetorino.com\\\/boutique\\\/#organization\",\"name\":\"V\u00e9torino\",\"url\":\"https:\\\/\\\/www.vetorino.com\\\/boutique\\\/\",\"logo\":{\"@type\":\"ImageObject\",\"inLanguage\":\"fr-FR\",\"@id\":\"https:\\\/\\\/www.vetorino.com\\\/boutique\\\/#\\\/schema\\\/logo\\\/image\\\/\",\"url\":\"https:\\\/\\\/www.vetorino.com\\\/boutique\\\/wp-content\\\/uploads\\\/2024\\\/10\\\/logo.jpg\",\"contentUrl\":\"https:\\\/\\\/www.vetorino.com\\\/boutique\\\/wp-content\\\/uploads\\\/2024\\\/10\\\/logo.jpg\",\"width\":1200,\"height\":610,\"caption\":\"V\u00e9torino\"},\"image\":{\"@id\":\"https:\\\/\\\/www.vetorino.com\\\/boutique\\\/#\\\/schema\\\/logo\\\/image\\\/\"},\"sameAs\":[\"https:\\\/\\\/www.facebook.com\\\/Vetorino\\\/\",\"https:\\\/\\\/www.instagram.com\\\/vetorino_off\\\/\",\"https:\\\/\\\/www.linkedin.com\\\/company\\\/vtorino\\\/\"]}]}<\/script>\n<meta property=\"product:brand\" content=\"Virbac\" \/>\n<meta property=\"og:availability\" content=\"instock\" \/>\n<meta property=\"product:availability\" content=\"instock\" \/>\n<meta property=\"product:condition\" content=\"new\" \/>\n<!-- \/ Yoast SEO plugin. -->","yoast_head_json":{"title":"Parastop Plus Virbac - V\u00e9torino","description":"ParaStop PLUS aide au contr\u00f4le des oeufs, larves puces adultes et acariens. Un diffuseur de 150 ml traite entre 40 et 80 m\u00b2. Id\u00e9al pour traiter l'environnement et pour se d\u00e9barrasser des puces que l'animal ram\u00e8ne r\u00e9guli\u00e8rement.","robots":{"index":"noindex","follow":"nofollow"},"og_locale":"fr_FR","og_type":"article","og_title":"Parastop Plus Virbac - V\u00e9torino","og_description":"ParaStop PLUS aide au contr\u00f4le des oeufs, larves puces adultes et acariens. Un diffuseur de 150 ml traite entre 40 et 80 m\u00b2. Id\u00e9al pour traiter l'environnement et pour se d\u00e9barrasser des puces que l'animal ram\u00e8ne r\u00e9guli\u00e8rement.","og_url":"https:\/\/www.vetorino.com\/veterinaire\/chillymazarin-91380\/boutique\/product\/parastop-plus-2\/","og_site_name":"V\u00e9torino","article_publisher":"https:\/\/www.facebook.com\/Vetorino\/","article_modified_time":"2023-04-06T15:04:47+00:00","og_image":[{"width":539,"height":224,"url":"https:\/\/www.vetorino.com\/boutique\/wp-content\/uploads\/2020\/09\/logo-vetorino-1.png","type":"image\/png"}],"twitter_card":"summary_large_image","twitter_misc":{"Disponibilit\u00e9":"En stock"},"schema":{"@context":"https:\/\/schema.org","@graph":[{"@type":"WebPage","@id":"https:\/\/www.vetorino.com\/veterinaire\/pontarlier-25300\/boutique\/product\/parastop-plus-2\/","url":"https:\/\/www.vetorino.com\/veterinaire\/pontarlier-25300\/boutique\/product\/parastop-plus-2\/","name":"Parastop Plus Virbac - V\u00e9torino","isPartOf":{"@id":"https:\/\/www.vetorino.com\/boutique\/#website"},"primaryImageOfPage":{"@id":"https:\/\/www.vetorino.com\/veterinaire\/pontarlier-25300\/boutique\/product\/parastop-plus-2\/#primaryimage"},"image":{"@id":"https:\/\/www.vetorino.com\/veterinaire\/pontarlier-25300\/boutique\/product\/parastop-plus-2\/#primaryimage"},"thumbnailUrl":"https:\/\/www.vetorino.com\/boutique\/wp-content\/uploads\/2021\/05\/parastop-plus-aerosol-spray-de-250-ml.jpg","datePublished":"2022-07-20T01:16:39+00:00","dateModified":"2023-04-06T15:04:47+00:00","description":"ParaStop PLUS aide au contr\u00f4le des oeufs, larves puces adultes et acariens. Un diffuseur de 150 ml traite entre 40 et 80 m\u00b2. Id\u00e9al pour traiter l'environnement et pour se d\u00e9barrasser des puces que l'animal ram\u00e8ne r\u00e9guli\u00e8rement.","breadcrumb":{"@id":"https:\/\/www.vetorino.com\/veterinaire\/pontarlier-25300\/boutique\/product\/parastop-plus-2\/#breadcrumb"},"inLanguage":"fr-FR","potentialAction":[{"@type":"ReadAction","target":["https:\/\/www.vetorino.com\/veterinaire\/pontarlier-25300\/boutique\/product\/parastop-plus-2\/"]}]},{"@type":"ImageObject","inLanguage":"fr-FR","@id":"https:\/\/www.vetorino.com\/veterinaire\/pontarlier-25300\/boutique\/product\/parastop-plus-2\/#primaryimage","url":"https:\/\/www.vetorino.com\/boutique\/wp-content\/uploads\/2021\/05\/parastop-plus-aerosol-spray-de-250-ml.jpg","contentUrl":"https:\/\/www.vetorino.com\/boutique\/wp-content\/uploads\/2021\/05\/parastop-plus-aerosol-spray-de-250-ml.jpg","width":800,"height":800},{"@type":"BreadcrumbList","@id":"https:\/\/www.vetorino.com\/veterinaire\/pontarlier-25300\/boutique\/product\/parastop-plus-2\/#breadcrumb","itemListElement":[{"@type":"ListItem","position":1,"name":"Accueil","item":"https:\/\/www.vetorino.com\/boutique\/"},{"@type":"ListItem","position":2,"name":"Produits","item":"https:\/\/www.vetorino.com\/boutique\/"},{"@type":"ListItem","position":3,"name":"Parastop Plus"}]},{"@type":"WebSite","@id":"https:\/\/www.vetorino.com\/boutique\/#website","url":"https:\/\/www.vetorino.com\/boutique\/","name":"V\u00e9torino","description":"","publisher":{"@id":"https:\/\/www.vetorino.com\/boutique\/#organization"},"potentialAction":[{"@type":"SearchAction","target":{"@type":"EntryPoint","urlTemplate":"https:\/\/www.vetorino.com\/boutique\/?s={search_term_string}"},"query-input":{"@type":"PropertyValueSpecification","valueRequired":true,"valueName":"search_term_string"}}],"inLanguage":"fr-FR"},{"@type":"Organization","@id":"https:\/\/www.vetorino.com\/boutique\/#organization","name":"V\u00e9torino","url":"https:\/\/www.vetorino.com\/boutique\/","logo":{"@type":"ImageObject","inLanguage":"fr-FR","@id":"https:\/\/www.vetorino.com\/boutique\/#\/schema\/logo\/image\/","url":"https:\/\/www.vetorino.com\/boutique\/wp-content\/uploads\/2024\/10\/logo.jpg","contentUrl":"https:\/\/www.vetorino.com\/boutique\/wp-content\/uploads\/2024\/10\/logo.jpg","width":1200,"height":610,"caption":"V\u00e9torino"},"image":{"@id":"https:\/\/www.vetorino.com\/boutique\/#\/schema\/logo\/image\/"},"sameAs":["https:\/\/www.facebook.com\/Vetorino\/","https:\/\/www.instagram.com\/vetorino_off\/","https:\/\/www.linkedin.com\/company\/vtorino\/"]}]},"product_brand":"Virbac","og_availability":"instock","product_availability":"instock","product_condition":"new"},"_links":{"self":[{"href":"https:\/\/www.vetorino.com\/veterinaire\/chillymazarin-91380\/boutique\/wp-json\/wp\/v2\/product\/352913","targetHints":{"allow":["GET"]}}],"collection":[{"href":"https:\/\/www.vetorino.com\/veterinaire\/chillymazarin-91380\/boutique\/wp-json\/wp\/v2\/product"}],"about":[{"href":"https:\/\/www.vetorino.com\/veterinaire\/chillymazarin-91380\/boutique\/wp-json\/wp\/v2\/types\/product"}],"wp:featuredmedia":[{"embeddable":true,"href":"https:\/\/www.vetorino.com\/veterinaire\/chillymazarin-91380\/boutique\/wp-json\/wp\/v2\/media\/896466"}],"wp:attachment":[{"href":"https:\/\/www.vetorino.com\/veterinaire\/chillymazarin-91380\/boutique\/wp-json\/wp\/v2\/media?parent=352913"}],"wp:term":[{"taxonomy":"product_cat","embeddable":true,"href":"https:\/\/www.vetorino.com\/veterinaire\/chillymazarin-91380\/boutique\/wp-json\/wp\/v2\/product_cat?post=352913"},{"taxonomy":"product_tag","embeddable":true,"href":"https:\/\/www.vetorino.com\/veterinaire\/chillymazarin-91380\/boutique\/wp-json\/wp\/v2\/product_tag?post=352913"}],"curies":[{"name":"wp","href":"https:\/\/api.w.org\/{rel}","templated":true}]}}