{"id":353280,"date":"2022-07-20T03:25:39","date_gmt":"2022-07-20T01:25:39","guid":{"rendered":"https:\/\/www.vetorino.com\/boutique\/?post_type=product&#038;p=353280"},"modified":"2023-11-17T16:17:07","modified_gmt":"2023-11-17T15:17:07","slug":"spirugel-3","status":"publish","type":"product","link":"https:\/\/www.vetorino.com\/veterinaire\/chillymazarin-91380\/boutique\/product\/spirugel-3\/","title":{"rendered":"Spirugel"},"content":{"rendered":"<div class='hidden'> Labbea <\/div>\n<p><b>Bon \u00e0 savoir<\/b><br \/>   Demandez conseil \u00e0 votre v\u00e9t\u00e9rinaire. Lire attentivement la notice avant utilisation.  Administration en continu pendant minimum 10 jours. Animal jusqu&#8217;\u00e0 10 kg : 1 \u00e0 2 pression(s) par jour, animal de 10 kg \u00e0 20 kg : 2 \u00e0 3 pressions par jour, animal de 20 kg \u00e0 30 kg : 3 \u00e0 4 pressions par jour.INGREDIENTS  Extrait liquide de spiruline, Glyc\u00e9rine, Sorbate de Potassium, CMC.<\/p>\n","protected":false},"excerpt":{"rendered":"<p>L&#8217;aliment compl\u00e9mentaire SPIRUGEL pour chien, chat et NAC, est recommand\u00e9 pour soutenir le syst\u00e8me immunitaire de l&#8217;animal.<\/p>\n","protected":false},"featured_media":745478,"template":"","meta":[],"product_cat":[2738,2698],"product_tag":[],"class_list":{"0":"post-353280","1":"product","2":"type-product","3":"status-publish","4":"has-post-thumbnail","6":"product_cat-aliments-complementaires-pour-chien","7":"product_cat-chien","8":"pa_marque-labbea","10":"first","11":"instock","12":"taxable","13":"shipping-taxable","14":"purchasable","15":"product-type-variable"},"yoast_head":"<!-- This site is optimized with the Yoast SEO plugin v26.7 - https:\/\/yoast.com\/wordpress\/plugins\/seo\/ -->\n<title>Spirugel Labbea - V\u00e9torino<\/title>\n<meta name=\"description\" content=\"L&#039;aliment compl\u00e9mentaire SPIRUGEL pour chien, chat et NAC, est recommand\u00e9 pour soutenir le syst\u00e8me immunitaire de l&#039;animal.\" \/>\n<meta name=\"robots\" content=\"noindex, nofollow\" \/>\n<meta property=\"og:locale\" content=\"fr_FR\" \/>\n<meta property=\"og:type\" content=\"article\" \/>\n<meta property=\"og:title\" content=\"Spirugel Labbea - V\u00e9torino\" \/>\n<meta property=\"og:description\" content=\"L&#039;aliment compl\u00e9mentaire SPIRUGEL pour chien, chat et NAC, est recommand\u00e9 pour soutenir le syst\u00e8me immunitaire de l&#039;animal.\" \/>\n<meta property=\"og:url\" content=\"https:\/\/www.vetorino.com\/veterinaire\/chillymazarin-91380\/boutique\/product\/spirugel-3\/\" \/>\n<meta property=\"og:site_name\" content=\"V\u00e9torino\" \/>\n<meta property=\"article:publisher\" content=\"https:\/\/www.facebook.com\/Vetorino\/\" \/>\n<meta property=\"article:modified_time\" content=\"2023-11-17T15:17:07+00:00\" \/>\n<meta property=\"og:image\" content=\"https:\/\/www.vetorino.com\/boutique\/wp-content\/uploads\/2020\/03\/complement-spirugel-chien-chat-et-nac-14-500x500-1.jpg\" \/>\n\t<meta property=\"og:image:width\" content=\"500\" \/>\n\t<meta property=\"og:image:height\" content=\"500\" \/>\n\t<meta property=\"og:image:type\" content=\"image\/jpeg\" \/>\n<meta name=\"twitter:card\" content=\"summary_large_image\" \/>\n<meta name=\"twitter:label1\" content=\"Disponibilit\u00e9\" \/>\n\t<meta name=\"twitter:data1\" content=\"En stock\" \/>\n<script type=\"application\/ld+json\" class=\"yoast-schema-graph\">{\"@context\":\"https:\/\/schema.org\",\"@graph\":[{\"@type\":\"WebPage\",\"@id\":\"https:\/\/www.vetorino.com\/boutique\/product\/spirugel-3\/\",\"url\":\"https:\/\/www.vetorino.com\/boutique\/product\/spirugel-3\/\",\"name\":\"Spirugel Labbea - V\u00e9torino\",\"isPartOf\":{\"@id\":\"https:\/\/www.vetorino.com\/boutique\/#website\"},\"primaryImageOfPage\":{\"@id\":\"https:\/\/www.vetorino.com\/boutique\/product\/spirugel-3\/#primaryimage\"},\"image\":{\"@id\":\"https:\/\/www.vetorino.com\/boutique\/product\/spirugel-3\/#primaryimage\"},\"thumbnailUrl\":\"https:\/\/www.vetorino.com\/boutique\/wp-content\/uploads\/2020\/03\/complement-spirugel-chien-chat-et-nac-14-500x500-1.jpg\",\"datePublished\":\"2022-07-20T01:25:39+00:00\",\"dateModified\":\"2023-11-17T15:17:07+00:00\",\"description\":\"L'aliment compl\u00e9mentaire SPIRUGEL pour chien, chat et NAC, est recommand\u00e9 pour soutenir le syst\u00e8me immunitaire de l'animal.\",\"breadcrumb\":{\"@id\":\"https:\/\/www.vetorino.com\/boutique\/product\/spirugel-3\/#breadcrumb\"},\"inLanguage\":\"fr-FR\",\"potentialAction\":[{\"@type\":\"ReadAction\",\"target\":[\"https:\/\/www.vetorino.com\/boutique\/product\/spirugel-3\/\"]}]},{\"@type\":\"ImageObject\",\"inLanguage\":\"fr-FR\",\"@id\":\"https:\/\/www.vetorino.com\/boutique\/product\/spirugel-3\/#primaryimage\",\"url\":\"https:\/\/www.vetorino.com\/boutique\/wp-content\/uploads\/2020\/03\/complement-spirugel-chien-chat-et-nac-14-500x500-1.jpg\",\"contentUrl\":\"https:\/\/www.vetorino.com\/boutique\/wp-content\/uploads\/2020\/03\/complement-spirugel-chien-chat-et-nac-14-500x500-1.jpg\",\"width\":500,\"height\":500},{\"@type\":\"BreadcrumbList\",\"@id\":\"https:\/\/www.vetorino.com\/boutique\/product\/spirugel-3\/#breadcrumb\",\"itemListElement\":[{\"@type\":\"ListItem\",\"position\":1,\"name\":\"Accueil\",\"item\":\"https:\/\/www.vetorino.com\/boutique\/\"},{\"@type\":\"ListItem\",\"position\":2,\"name\":\"Produits\",\"item\":\"https:\/\/www.vetorino.com\/boutique\/\"},{\"@type\":\"ListItem\",\"position\":3,\"name\":\"Spirugel\"}]},{\"@type\":\"WebSite\",\"@id\":\"https:\/\/www.vetorino.com\/boutique\/#website\",\"url\":\"https:\/\/www.vetorino.com\/boutique\/\",\"name\":\"V\u00e9torino\",\"description\":\"\",\"publisher\":{\"@id\":\"https:\/\/www.vetorino.com\/boutique\/#organization\"},\"potentialAction\":[{\"@type\":\"SearchAction\",\"target\":{\"@type\":\"EntryPoint\",\"urlTemplate\":\"https:\/\/www.vetorino.com\/boutique\/?s={search_term_string}\"},\"query-input\":{\"@type\":\"PropertyValueSpecification\",\"valueRequired\":true,\"valueName\":\"search_term_string\"}}],\"inLanguage\":\"fr-FR\"},{\"@type\":\"Organization\",\"@id\":\"https:\/\/www.vetorino.com\/boutique\/#organization\",\"name\":\"V\u00e9torino\",\"url\":\"https:\/\/www.vetorino.com\/boutique\/\",\"logo\":{\"@type\":\"ImageObject\",\"inLanguage\":\"fr-FR\",\"@id\":\"https:\/\/www.vetorino.com\/boutique\/#\/schema\/logo\/image\/\",\"url\":\"https:\/\/www.vetorino.com\/boutique\/wp-content\/uploads\/2024\/10\/logo.jpg\",\"contentUrl\":\"https:\/\/www.vetorino.com\/boutique\/wp-content\/uploads\/2024\/10\/logo.jpg\",\"width\":1200,\"height\":610,\"caption\":\"V\u00e9torino\"},\"image\":{\"@id\":\"https:\/\/www.vetorino.com\/boutique\/#\/schema\/logo\/image\/\"},\"sameAs\":[\"https:\/\/www.facebook.com\/Vetorino\/\",\"https:\/\/www.instagram.com\/vetorino_off\/\",\"https:\/\/www.linkedin.com\/company\/vtorino\/\"]}]}<\/script>\n<meta property=\"product:brand\" content=\"Labbea\" \/>\n<meta property=\"og:availability\" content=\"instock\" \/>\n<meta property=\"product:availability\" content=\"instock\" \/>\n<meta property=\"product:condition\" content=\"new\" \/>\n<!-- \/ Yoast SEO plugin. -->","yoast_head_json":{"title":"Spirugel Labbea - V\u00e9torino","description":"L'aliment compl\u00e9mentaire SPIRUGEL pour chien, chat et NAC, est recommand\u00e9 pour soutenir le syst\u00e8me immunitaire de l'animal.","robots":{"index":"noindex","follow":"nofollow"},"og_locale":"fr_FR","og_type":"article","og_title":"Spirugel Labbea - V\u00e9torino","og_description":"L'aliment compl\u00e9mentaire SPIRUGEL pour chien, chat et NAC, est recommand\u00e9 pour soutenir le syst\u00e8me immunitaire de l'animal.","og_url":"https:\/\/www.vetorino.com\/veterinaire\/chillymazarin-91380\/boutique\/product\/spirugel-3\/","og_site_name":"V\u00e9torino","article_publisher":"https:\/\/www.facebook.com\/Vetorino\/","article_modified_time":"2023-11-17T15:17:07+00:00","og_image":[{"width":500,"height":500,"url":"https:\/\/www.vetorino.com\/boutique\/wp-content\/uploads\/2020\/03\/complement-spirugel-chien-chat-et-nac-14-500x500-1.jpg","type":"image\/jpeg"}],"twitter_card":"summary_large_image","twitter_misc":{"Disponibilit\u00e9":"En stock"},"schema":{"@context":"https:\/\/schema.org","@graph":[{"@type":"WebPage","@id":"https:\/\/www.vetorino.com\/boutique\/product\/spirugel-3\/","url":"https:\/\/www.vetorino.com\/boutique\/product\/spirugel-3\/","name":"Spirugel Labbea - V\u00e9torino","isPartOf":{"@id":"https:\/\/www.vetorino.com\/boutique\/#website"},"primaryImageOfPage":{"@id":"https:\/\/www.vetorino.com\/boutique\/product\/spirugel-3\/#primaryimage"},"image":{"@id":"https:\/\/www.vetorino.com\/boutique\/product\/spirugel-3\/#primaryimage"},"thumbnailUrl":"https:\/\/www.vetorino.com\/boutique\/wp-content\/uploads\/2020\/03\/complement-spirugel-chien-chat-et-nac-14-500x500-1.jpg","datePublished":"2022-07-20T01:25:39+00:00","dateModified":"2023-11-17T15:17:07+00:00","description":"L'aliment compl\u00e9mentaire SPIRUGEL pour chien, chat et NAC, est recommand\u00e9 pour soutenir le syst\u00e8me immunitaire de l'animal.","breadcrumb":{"@id":"https:\/\/www.vetorino.com\/boutique\/product\/spirugel-3\/#breadcrumb"},"inLanguage":"fr-FR","potentialAction":[{"@type":"ReadAction","target":["https:\/\/www.vetorino.com\/boutique\/product\/spirugel-3\/"]}]},{"@type":"ImageObject","inLanguage":"fr-FR","@id":"https:\/\/www.vetorino.com\/boutique\/product\/spirugel-3\/#primaryimage","url":"https:\/\/www.vetorino.com\/boutique\/wp-content\/uploads\/2020\/03\/complement-spirugel-chien-chat-et-nac-14-500x500-1.jpg","contentUrl":"https:\/\/www.vetorino.com\/boutique\/wp-content\/uploads\/2020\/03\/complement-spirugel-chien-chat-et-nac-14-500x500-1.jpg","width":500,"height":500},{"@type":"BreadcrumbList","@id":"https:\/\/www.vetorino.com\/boutique\/product\/spirugel-3\/#breadcrumb","itemListElement":[{"@type":"ListItem","position":1,"name":"Accueil","item":"https:\/\/www.vetorino.com\/boutique\/"},{"@type":"ListItem","position":2,"name":"Produits","item":"https:\/\/www.vetorino.com\/boutique\/"},{"@type":"ListItem","position":3,"name":"Spirugel"}]},{"@type":"WebSite","@id":"https:\/\/www.vetorino.com\/boutique\/#website","url":"https:\/\/www.vetorino.com\/boutique\/","name":"V\u00e9torino","description":"","publisher":{"@id":"https:\/\/www.vetorino.com\/boutique\/#organization"},"potentialAction":[{"@type":"SearchAction","target":{"@type":"EntryPoint","urlTemplate":"https:\/\/www.vetorino.com\/boutique\/?s={search_term_string}"},"query-input":{"@type":"PropertyValueSpecification","valueRequired":true,"valueName":"search_term_string"}}],"inLanguage":"fr-FR"},{"@type":"Organization","@id":"https:\/\/www.vetorino.com\/boutique\/#organization","name":"V\u00e9torino","url":"https:\/\/www.vetorino.com\/boutique\/","logo":{"@type":"ImageObject","inLanguage":"fr-FR","@id":"https:\/\/www.vetorino.com\/boutique\/#\/schema\/logo\/image\/","url":"https:\/\/www.vetorino.com\/boutique\/wp-content\/uploads\/2024\/10\/logo.jpg","contentUrl":"https:\/\/www.vetorino.com\/boutique\/wp-content\/uploads\/2024\/10\/logo.jpg","width":1200,"height":610,"caption":"V\u00e9torino"},"image":{"@id":"https:\/\/www.vetorino.com\/boutique\/#\/schema\/logo\/image\/"},"sameAs":["https:\/\/www.facebook.com\/Vetorino\/","https:\/\/www.instagram.com\/vetorino_off\/","https:\/\/www.linkedin.com\/company\/vtorino\/"]}]},"product_brand":"Labbea","og_availability":"instock","product_availability":"instock","product_condition":"new"},"_links":{"self":[{"href":"https:\/\/www.vetorino.com\/veterinaire\/chillymazarin-91380\/boutique\/wp-json\/wp\/v2\/product\/353280","targetHints":{"allow":["GET"]}}],"collection":[{"href":"https:\/\/www.vetorino.com\/veterinaire\/chillymazarin-91380\/boutique\/wp-json\/wp\/v2\/product"}],"about":[{"href":"https:\/\/www.vetorino.com\/veterinaire\/chillymazarin-91380\/boutique\/wp-json\/wp\/v2\/types\/product"}],"wp:featuredmedia":[{"embeddable":true,"href":"https:\/\/www.vetorino.com\/veterinaire\/chillymazarin-91380\/boutique\/wp-json\/wp\/v2\/media\/745478"}],"wp:attachment":[{"href":"https:\/\/www.vetorino.com\/veterinaire\/chillymazarin-91380\/boutique\/wp-json\/wp\/v2\/media?parent=353280"}],"wp:term":[{"taxonomy":"product_cat","embeddable":true,"href":"https:\/\/www.vetorino.com\/veterinaire\/chillymazarin-91380\/boutique\/wp-json\/wp\/v2\/product_cat?post=353280"},{"taxonomy":"product_tag","embeddable":true,"href":"https:\/\/www.vetorino.com\/veterinaire\/chillymazarin-91380\/boutique\/wp-json\/wp\/v2\/product_tag?post=353280"}],"curies":[{"name":"wp","href":"https:\/\/api.w.org\/{rel}","templated":true}]}}