{"id":503706,"date":"2022-11-09T17:47:07","date_gmt":"2022-11-09T16:47:07","guid":{"rendered":"https:\/\/www.vetorino.com\/boutique\/product\/life-adult-small-breed-chicken\/"},"modified":"2023-04-21T04:25:35","modified_gmt":"2023-04-21T02:25:35","slug":"life-adult-small-breed-chicken","status":"publish","type":"product","link":"https:\/\/www.vetorino.com\/veterinaire\/chillymazarin-91380\/boutique\/product\/life-adult-small-breed-chicken\/","title":{"rendered":"Chien Life Adult Small Breed Poulet"},"content":{"rendered":"<p><strong>Calibra Dog Life Adult Small Breed Chicken <\/strong>est un aliment sec complet superpremium pour chiens adultes de petite race (jusqu&#8217;\u00e0 10 kg) avec une taille de croquettes plus petite. La composition hypoallerg\u00e9nique \u00e0 faible teneur en c\u00e9r\u00e9ales (uniquement du riz) convient m\u00eame aux syst\u00e8mes digestifs sensibles. La recette, \u00e0 base de poulet de haute qualit\u00e9, contient 85 % de prot\u00e9ines d&#8217;origine animale. L&#8217;aliment est enrichi en huile de saumon pour prendre soin de la peau et du pelage. L&#8217;am\u00e9lioration de la digestion est soutenue par des pr\u00e9biotiques qui, avec les vitamines et les min\u00e9raux, prennent soin de la vitalit\u00e9 g\u00e9n\u00e9rale du chien.<\/p>\n<p><strong>Avantages :\u00a0<\/strong><\/p>\n<ul>\n<li class=\"benefit\">L&#8217;huile de saumon 3% &#8211; une source d&#8217;acides gras insatur\u00e9s om\u00e9ga-3 (EPA, DHA) n\u00e9cessaires au soutien des fonctions physiologiques de la peau et du pelage et \u00e0 l&#8217;am\u00e9lioration de leur qualit\u00e9. Elle poss\u00e8de \u00e9galement des propri\u00e9t\u00e9s anti-inflammatoires.<\/li>\n<li class=\"benefit\">Vitamines et min\u00e9raux ch\u00e9lat\u00e9s (formes organiques de min\u00e9raux hautement utilisables) &#8211; pour le bon fonctionnement de l&#8217;organisme, la pr\u00e9vention des maladies et le renforcement du syst\u00e8me immunitaire.<\/li>\n<li class=\"benefit\">Les fructo-oligosaccharides et les mannan-oligosaccharides (FOS, MOS) sont des pr\u00e9biotiques qui soutiennent la microflore intestinale et le bon fonctionnement du syst\u00e8me digestif et qui renforcent le syst\u00e8me immunitaire.<\/li>\n<li class=\"benefit\">\u03b2-glucanes stimulent et soutiennent le syst\u00e8me immunitaire. Lactobacillus acidophilus (inactiv\u00e9) &#8211; a une fonction paraprobiotique et un effet positif sur le syst\u00e8me immunitaire.<\/li>\n<\/ul>\n","protected":false},"excerpt":{"rendered":"<p><strong>Calibra Dog Life Adult Small Breed Chicken <\/strong>est un aliment sec complet superpremium pour chiens adultes de petite race (jusqu&#8217;\u00e0 10 kg) avec une taille de croquettes plus petite.<\/p>\n","protected":false},"featured_media":592665,"template":"","meta":[],"product_cat":[12552,2698],"product_tag":[],"class_list":{"0":"post-503706","1":"product","2":"type-product","3":"status-publish","4":"has-post-thumbnail","6":"product_cat-alimentation-du-chien","7":"product_cat-chien","8":"pa_marque-calibra","10":"first","11":"instock","12":"taxable","13":"shipping-taxable","14":"purchasable","15":"product-type-variable"},"yoast_head":"<!-- This site is optimized with the Yoast SEO plugin v26.7 - https:\/\/yoast.com\/wordpress\/plugins\/seo\/ -->\n<title>Chien Life Adult Small Breed Poulet Calibra - V\u00e9torino<\/title>\n<meta name=\"description\" content=\"Calibra Dog Life Adult Small Breed Chicken est un aliment sec complet superpremium pour chiens adultes de petite race (jusqu&#039;\u00e0 10 kg) avec une taille de croquettes plus petite.\" \/>\n<meta name=\"robots\" content=\"noindex, nofollow\" \/>\n<meta property=\"og:locale\" content=\"fr_FR\" \/>\n<meta property=\"og:type\" content=\"article\" \/>\n<meta property=\"og:title\" content=\"Chien Life Adult Small Breed Poulet Calibra - V\u00e9torino\" \/>\n<meta property=\"og:description\" content=\"Calibra Dog Life Adult Small Breed Chicken est un aliment sec complet superpremium pour chiens adultes de petite race (jusqu&#039;\u00e0 10 kg) avec une taille de croquettes plus petite.\" \/>\n<meta property=\"og:url\" content=\"https:\/\/www.vetorino.com\/veterinaire\/chillymazarin-91380\/boutique\/product\/life-adult-small-breed-chicken\/\" \/>\n<meta property=\"og:site_name\" content=\"V\u00e9torino\" \/>\n<meta property=\"article:publisher\" content=\"https:\/\/www.facebook.com\/Vetorino\/\" \/>\n<meta property=\"article:modified_time\" content=\"2023-04-21T02:25:35+00:00\" \/>\n<meta property=\"og:image\" content=\"https:\/\/www.vetorino.com\/boutique\/wp-content\/uploads\/2022\/11\/cal-lf-cn-adult-small-chicken-6kg.jpg\" \/>\n\t<meta property=\"og:image:width\" content=\"800\" \/>\n\t<meta property=\"og:image:height\" content=\"800\" \/>\n\t<meta property=\"og:image:type\" content=\"image\/jpeg\" \/>\n<meta name=\"twitter:card\" content=\"summary_large_image\" \/>\n<meta name=\"twitter:label1\" content=\"Disponibilit\u00e9\" \/>\n\t<meta name=\"twitter:data1\" content=\"En stock\" \/>\n<script type=\"application\/ld+json\" class=\"yoast-schema-graph\">{\"@context\":\"https:\/\/schema.org\",\"@graph\":[{\"@type\":\"WebPage\",\"@id\":\"https:\/\/www.vetorino.com\/boutique\/product\/life-adult-small-breed-chicken\/\",\"url\":\"https:\/\/www.vetorino.com\/boutique\/product\/life-adult-small-breed-chicken\/\",\"name\":\"Chien Life Adult Small Breed Poulet Calibra - V\u00e9torino\",\"isPartOf\":{\"@id\":\"https:\/\/www.vetorino.com\/boutique\/#website\"},\"primaryImageOfPage\":{\"@id\":\"https:\/\/www.vetorino.com\/boutique\/product\/life-adult-small-breed-chicken\/#primaryimage\"},\"image\":{\"@id\":\"https:\/\/www.vetorino.com\/boutique\/product\/life-adult-small-breed-chicken\/#primaryimage\"},\"thumbnailUrl\":\"https:\/\/www.vetorino.com\/boutique\/wp-content\/uploads\/2022\/11\/cal-lf-cn-adult-small-chicken-6kg.jpg\",\"datePublished\":\"2022-11-09T16:47:07+00:00\",\"dateModified\":\"2023-04-21T02:25:35+00:00\",\"description\":\"Calibra Dog Life Adult Small Breed Chicken est un aliment sec complet superpremium pour chiens adultes de petite race (jusqu'\u00e0 10 kg) avec une taille de croquettes plus petite.\",\"breadcrumb\":{\"@id\":\"https:\/\/www.vetorino.com\/boutique\/product\/life-adult-small-breed-chicken\/#breadcrumb\"},\"inLanguage\":\"fr-FR\",\"potentialAction\":[{\"@type\":\"ReadAction\",\"target\":[\"https:\/\/www.vetorino.com\/boutique\/product\/life-adult-small-breed-chicken\/\"]}]},{\"@type\":\"ImageObject\",\"inLanguage\":\"fr-FR\",\"@id\":\"https:\/\/www.vetorino.com\/boutique\/product\/life-adult-small-breed-chicken\/#primaryimage\",\"url\":\"https:\/\/www.vetorino.com\/boutique\/wp-content\/uploads\/2022\/11\/cal-lf-cn-adult-small-chicken-6kg.jpg\",\"contentUrl\":\"https:\/\/www.vetorino.com\/boutique\/wp-content\/uploads\/2022\/11\/cal-lf-cn-adult-small-chicken-6kg.jpg\",\"width\":800,\"height\":800},{\"@type\":\"BreadcrumbList\",\"@id\":\"https:\/\/www.vetorino.com\/boutique\/product\/life-adult-small-breed-chicken\/#breadcrumb\",\"itemListElement\":[{\"@type\":\"ListItem\",\"position\":1,\"name\":\"Accueil\",\"item\":\"https:\/\/www.vetorino.com\/boutique\/\"},{\"@type\":\"ListItem\",\"position\":2,\"name\":\"Produits\",\"item\":\"https:\/\/www.vetorino.com\/boutique\/\"},{\"@type\":\"ListItem\",\"position\":3,\"name\":\"Chien Life Adult Small Breed Poulet\"}]},{\"@type\":\"WebSite\",\"@id\":\"https:\/\/www.vetorino.com\/boutique\/#website\",\"url\":\"https:\/\/www.vetorino.com\/boutique\/\",\"name\":\"V\u00e9torino\",\"description\":\"\",\"publisher\":{\"@id\":\"https:\/\/www.vetorino.com\/boutique\/#organization\"},\"potentialAction\":[{\"@type\":\"SearchAction\",\"target\":{\"@type\":\"EntryPoint\",\"urlTemplate\":\"https:\/\/www.vetorino.com\/boutique\/?s={search_term_string}\"},\"query-input\":{\"@type\":\"PropertyValueSpecification\",\"valueRequired\":true,\"valueName\":\"search_term_string\"}}],\"inLanguage\":\"fr-FR\"},{\"@type\":\"Organization\",\"@id\":\"https:\/\/www.vetorino.com\/boutique\/#organization\",\"name\":\"V\u00e9torino\",\"url\":\"https:\/\/www.vetorino.com\/boutique\/\",\"logo\":{\"@type\":\"ImageObject\",\"inLanguage\":\"fr-FR\",\"@id\":\"https:\/\/www.vetorino.com\/boutique\/#\/schema\/logo\/image\/\",\"url\":\"https:\/\/www.vetorino.com\/boutique\/wp-content\/uploads\/2024\/10\/logo.jpg\",\"contentUrl\":\"https:\/\/www.vetorino.com\/boutique\/wp-content\/uploads\/2024\/10\/logo.jpg\",\"width\":1200,\"height\":610,\"caption\":\"V\u00e9torino\"},\"image\":{\"@id\":\"https:\/\/www.vetorino.com\/boutique\/#\/schema\/logo\/image\/\"},\"sameAs\":[\"https:\/\/www.facebook.com\/Vetorino\/\",\"https:\/\/www.instagram.com\/vetorino_off\/\",\"https:\/\/www.linkedin.com\/company\/vtorino\/\"]}]}<\/script>\n<meta property=\"product:brand\" content=\"Calibra\" \/>\n<meta property=\"og:availability\" content=\"instock\" \/>\n<meta property=\"product:availability\" content=\"instock\" \/>\n<meta property=\"product:condition\" content=\"new\" \/>\n<!-- \/ Yoast SEO plugin. -->","yoast_head_json":{"title":"Chien Life Adult Small Breed Poulet Calibra - V\u00e9torino","description":"Calibra Dog Life Adult Small Breed Chicken est un aliment sec complet superpremium pour chiens adultes de petite race (jusqu'\u00e0 10 kg) avec une taille de croquettes plus petite.","robots":{"index":"noindex","follow":"nofollow"},"og_locale":"fr_FR","og_type":"article","og_title":"Chien Life Adult Small Breed Poulet Calibra - V\u00e9torino","og_description":"Calibra Dog Life Adult Small Breed Chicken est un aliment sec complet superpremium pour chiens adultes de petite race (jusqu'\u00e0 10 kg) avec une taille de croquettes plus petite.","og_url":"https:\/\/www.vetorino.com\/veterinaire\/chillymazarin-91380\/boutique\/product\/life-adult-small-breed-chicken\/","og_site_name":"V\u00e9torino","article_publisher":"https:\/\/www.facebook.com\/Vetorino\/","article_modified_time":"2023-04-21T02:25:35+00:00","og_image":[{"width":800,"height":800,"url":"https:\/\/www.vetorino.com\/boutique\/wp-content\/uploads\/2022\/11\/cal-lf-cn-adult-small-chicken-6kg.jpg","type":"image\/jpeg"}],"twitter_card":"summary_large_image","twitter_misc":{"Disponibilit\u00e9":"En stock"},"schema":{"@context":"https:\/\/schema.org","@graph":[{"@type":"WebPage","@id":"https:\/\/www.vetorino.com\/boutique\/product\/life-adult-small-breed-chicken\/","url":"https:\/\/www.vetorino.com\/boutique\/product\/life-adult-small-breed-chicken\/","name":"Chien Life Adult Small Breed Poulet Calibra - V\u00e9torino","isPartOf":{"@id":"https:\/\/www.vetorino.com\/boutique\/#website"},"primaryImageOfPage":{"@id":"https:\/\/www.vetorino.com\/boutique\/product\/life-adult-small-breed-chicken\/#primaryimage"},"image":{"@id":"https:\/\/www.vetorino.com\/boutique\/product\/life-adult-small-breed-chicken\/#primaryimage"},"thumbnailUrl":"https:\/\/www.vetorino.com\/boutique\/wp-content\/uploads\/2022\/11\/cal-lf-cn-adult-small-chicken-6kg.jpg","datePublished":"2022-11-09T16:47:07+00:00","dateModified":"2023-04-21T02:25:35+00:00","description":"Calibra Dog Life Adult Small Breed Chicken est un aliment sec complet superpremium pour chiens adultes de petite race (jusqu'\u00e0 10 kg) avec une taille de croquettes plus petite.","breadcrumb":{"@id":"https:\/\/www.vetorino.com\/boutique\/product\/life-adult-small-breed-chicken\/#breadcrumb"},"inLanguage":"fr-FR","potentialAction":[{"@type":"ReadAction","target":["https:\/\/www.vetorino.com\/boutique\/product\/life-adult-small-breed-chicken\/"]}]},{"@type":"ImageObject","inLanguage":"fr-FR","@id":"https:\/\/www.vetorino.com\/boutique\/product\/life-adult-small-breed-chicken\/#primaryimage","url":"https:\/\/www.vetorino.com\/boutique\/wp-content\/uploads\/2022\/11\/cal-lf-cn-adult-small-chicken-6kg.jpg","contentUrl":"https:\/\/www.vetorino.com\/boutique\/wp-content\/uploads\/2022\/11\/cal-lf-cn-adult-small-chicken-6kg.jpg","width":800,"height":800},{"@type":"BreadcrumbList","@id":"https:\/\/www.vetorino.com\/boutique\/product\/life-adult-small-breed-chicken\/#breadcrumb","itemListElement":[{"@type":"ListItem","position":1,"name":"Accueil","item":"https:\/\/www.vetorino.com\/boutique\/"},{"@type":"ListItem","position":2,"name":"Produits","item":"https:\/\/www.vetorino.com\/boutique\/"},{"@type":"ListItem","position":3,"name":"Chien Life Adult Small Breed Poulet"}]},{"@type":"WebSite","@id":"https:\/\/www.vetorino.com\/boutique\/#website","url":"https:\/\/www.vetorino.com\/boutique\/","name":"V\u00e9torino","description":"","publisher":{"@id":"https:\/\/www.vetorino.com\/boutique\/#organization"},"potentialAction":[{"@type":"SearchAction","target":{"@type":"EntryPoint","urlTemplate":"https:\/\/www.vetorino.com\/boutique\/?s={search_term_string}"},"query-input":{"@type":"PropertyValueSpecification","valueRequired":true,"valueName":"search_term_string"}}],"inLanguage":"fr-FR"},{"@type":"Organization","@id":"https:\/\/www.vetorino.com\/boutique\/#organization","name":"V\u00e9torino","url":"https:\/\/www.vetorino.com\/boutique\/","logo":{"@type":"ImageObject","inLanguage":"fr-FR","@id":"https:\/\/www.vetorino.com\/boutique\/#\/schema\/logo\/image\/","url":"https:\/\/www.vetorino.com\/boutique\/wp-content\/uploads\/2024\/10\/logo.jpg","contentUrl":"https:\/\/www.vetorino.com\/boutique\/wp-content\/uploads\/2024\/10\/logo.jpg","width":1200,"height":610,"caption":"V\u00e9torino"},"image":{"@id":"https:\/\/www.vetorino.com\/boutique\/#\/schema\/logo\/image\/"},"sameAs":["https:\/\/www.facebook.com\/Vetorino\/","https:\/\/www.instagram.com\/vetorino_off\/","https:\/\/www.linkedin.com\/company\/vtorino\/"]}]},"product_brand":"Calibra","og_availability":"instock","product_availability":"instock","product_condition":"new"},"_links":{"self":[{"href":"https:\/\/www.vetorino.com\/veterinaire\/chillymazarin-91380\/boutique\/wp-json\/wp\/v2\/product\/503706","targetHints":{"allow":["GET"]}}],"collection":[{"href":"https:\/\/www.vetorino.com\/veterinaire\/chillymazarin-91380\/boutique\/wp-json\/wp\/v2\/product"}],"about":[{"href":"https:\/\/www.vetorino.com\/veterinaire\/chillymazarin-91380\/boutique\/wp-json\/wp\/v2\/types\/product"}],"wp:featuredmedia":[{"embeddable":true,"href":"https:\/\/www.vetorino.com\/veterinaire\/chillymazarin-91380\/boutique\/wp-json\/wp\/v2\/media\/592665"}],"wp:attachment":[{"href":"https:\/\/www.vetorino.com\/veterinaire\/chillymazarin-91380\/boutique\/wp-json\/wp\/v2\/media?parent=503706"}],"wp:term":[{"taxonomy":"product_cat","embeddable":true,"href":"https:\/\/www.vetorino.com\/veterinaire\/chillymazarin-91380\/boutique\/wp-json\/wp\/v2\/product_cat?post=503706"},{"taxonomy":"product_tag","embeddable":true,"href":"https:\/\/www.vetorino.com\/veterinaire\/chillymazarin-91380\/boutique\/wp-json\/wp\/v2\/product_tag?post=503706"}],"curies":[{"name":"wp","href":"https:\/\/api.w.org\/{rel}","templated":true}]}}