{"id":503722,"date":"2022-11-09T17:47:31","date_gmt":"2022-11-09T16:47:31","guid":{"rendered":"https:\/\/www.vetorino.com\/boutique\/product\/life-junior-medium-breed-chicken\/"},"modified":"2025-11-18T17:32:39","modified_gmt":"2025-11-18T16:32:39","slug":"life-junior-medium-breed-chicken","status":"publish","type":"product","link":"https:\/\/www.vetorino.com\/veterinaire\/chillymazarin-91380\/boutique\/product\/life-junior-medium-breed-chicken\/","title":{"rendered":"Chien Life Junior Medium Poulet"},"content":{"rendered":"<div class=\"type short-description\">\n<p><strong>Aliment sec complet pour les races moyennes (10-30 kg) et les chiens juniors (3-15 mois).<\/strong><\/p>\n<\/div>\n<div class=\"block characteristics\">\n<div class=\"block-content is-paws-list\">\n<ul>\n<li>Teneur \u00e9lev\u00e9e en poulet, faible teneur en c\u00e9r\u00e9ales (riz uniquement)<\/li>\n<li>Recette hypoallerg\u00e9nique tr\u00e8s digeste (0 % de bl\u00e9, 0 % de soja, 0 % de ma\u00efs)<\/li>\n<li>Renforce le syst\u00e8me immunitaire gr\u00e2ce aux b\u00eata-glucanes et aux pr\u00e9biotiques<\/li>\n<\/ul>\n<p>Cet aliment complet<strong> hautement digestible<\/strong> \u00e0 base de poulet et \u00e0 faible teneur en c\u00e9r\u00e9ales <strong>convient \u00e9galement au syst\u00e8me digestif tr\u00e8s sensible des chiots et des chiens juniors.<\/strong><\/p>\n<\/div>\n<\/div>\n","protected":false},"excerpt":{"rendered":"<div class=\"type short-description\">\n<p><strong>Aliment sec complet pour les races moyennes (10-30 kg) et les chiens juniors (3-15 mois).<\/strong><\/p>\n<\/div>\n<div class=\"block characteristics\">\n<div class=\"block-content is-paws-list\">\n<ul>\n<li>Teneur \u00e9lev\u00e9e en poulet, faible teneur en c\u00e9r\u00e9ales (riz uniquement)<\/li>\n<li>Recette hypoallerg\u00e9nique tr\u00e8s digeste (0 % de bl\u00e9, 0 % de soja, 0 % de ma\u00efs)<\/li>\n<li>Renforce le syst\u00e8me immunitaire gr\u00e2ce aux b\u00eata-glucanes et aux pr\u00e9biotiques<\/li>\n<\/ul>\n<p>Cet aliment complet<strong> hautement digestible<\/strong> \u00e0 base de poulet et \u00e0 faible teneur en c\u00e9r\u00e9ales <strong>convient \u00e9galement au syst\u00e8me digestif tr\u00e8s sensible des chiots et des chiens juniors.<\/strong><\/p>\n<\/div>\n<\/div>\n","protected":false},"featured_media":592693,"template":"","meta":[],"product_cat":[12552,12584,2698],"product_tag":[],"class_list":{"0":"post-503722","1":"product","2":"type-product","3":"status-publish","4":"has-post-thumbnail","6":"product_cat-alimentation-du-chien","7":"product_cat-alimentation-premium-pour-chien","8":"product_cat-chien","9":"pa_marque-calibra","11":"first","12":"instock","13":"taxable","14":"shipping-taxable","15":"purchasable","16":"product-type-variable"},"yoast_head":"<!-- This site is optimized with the Yoast SEO plugin v26.7 - https:\/\/yoast.com\/wordpress\/plugins\/seo\/ -->\n<title>Chien Life Junior Medium Poulet Calibra - V\u00e9torino<\/title>\n<meta name=\"description\" content=\"Aliment sec complet pour les races moyennes (10-30 kg) et les chiens juniors (3-15 mois).       Teneur \u00e9lev\u00e9e en poulet, faible teneur en c\u00e9r\u00e9ales (riz uniquement)  Recette hypoallerg\u00e9nique tr\u00e8s digeste (0 % de bl\u00e9, 0 % de soja, 0 % de ma\u00efs)  Renforce le syst\u00e8me immunitaire gr\u00e2ce aux b\u00eata-glucanes et aux pr\u00e9biotiques  Cet aliment complet hautement digestible \u00e0 base de poulet et \u00e0 faible teneur en c\u00e9r\u00e9ales convient \u00e9galement au syst\u00e8me digestif tr\u00e8s sensible des chiots et des chiens juniors.\" \/>\n<meta name=\"robots\" content=\"noindex, nofollow\" \/>\n<meta property=\"og:locale\" content=\"fr_FR\" \/>\n<meta property=\"og:type\" content=\"article\" \/>\n<meta property=\"og:title\" content=\"Chien Life Junior Medium Poulet Calibra - V\u00e9torino\" \/>\n<meta property=\"og:description\" content=\"Aliment sec complet pour les races moyennes (10-30 kg) et les chiens juniors (3-15 mois).       Teneur \u00e9lev\u00e9e en poulet, faible teneur en c\u00e9r\u00e9ales (riz uniquement)  Recette hypoallerg\u00e9nique tr\u00e8s digeste (0 % de bl\u00e9, 0 % de soja, 0 % de ma\u00efs)  Renforce le syst\u00e8me immunitaire gr\u00e2ce aux b\u00eata-glucanes et aux pr\u00e9biotiques  Cet aliment complet hautement digestible \u00e0 base de poulet et \u00e0 faible teneur en c\u00e9r\u00e9ales convient \u00e9galement au syst\u00e8me digestif tr\u00e8s sensible des chiots et des chiens juniors.\" \/>\n<meta property=\"og:url\" content=\"https:\/\/www.vetorino.com\/veterinaire\/chillymazarin-91380\/boutique\/product\/life-junior-medium-breed-chicken\/\" \/>\n<meta property=\"og:site_name\" content=\"V\u00e9torino\" \/>\n<meta property=\"article:publisher\" content=\"https:\/\/www.facebook.com\/Vetorino\/\" \/>\n<meta property=\"article:modified_time\" content=\"2025-11-18T16:32:39+00:00\" \/>\n<meta property=\"og:image\" content=\"https:\/\/www.vetorino.com\/boutique\/wp-content\/uploads\/2022\/11\/cal-lf-cn-junior-medium-chick-25kg.jpg\" \/>\n\t<meta property=\"og:image:width\" content=\"800\" \/>\n\t<meta property=\"og:image:height\" content=\"800\" \/>\n\t<meta property=\"og:image:type\" content=\"image\/jpeg\" \/>\n<meta name=\"twitter:card\" content=\"summary_large_image\" \/>\n<meta name=\"twitter:label1\" content=\"Disponibilit\u00e9\" \/>\n\t<meta name=\"twitter:data1\" content=\"En stock\" \/>\n<script type=\"application\/ld+json\" class=\"yoast-schema-graph\">{\"@context\":\"https:\/\/schema.org\",\"@graph\":[{\"@type\":\"WebPage\",\"@id\":\"https:\/\/www.vetorino.com\/boutique\/product\/life-junior-medium-breed-chicken\/\",\"url\":\"https:\/\/www.vetorino.com\/boutique\/product\/life-junior-medium-breed-chicken\/\",\"name\":\"Chien Life Junior Medium Poulet Calibra - V\u00e9torino\",\"isPartOf\":{\"@id\":\"https:\/\/www.vetorino.com\/boutique\/#website\"},\"primaryImageOfPage\":{\"@id\":\"https:\/\/www.vetorino.com\/boutique\/product\/life-junior-medium-breed-chicken\/#primaryimage\"},\"image\":{\"@id\":\"https:\/\/www.vetorino.com\/boutique\/product\/life-junior-medium-breed-chicken\/#primaryimage\"},\"thumbnailUrl\":\"https:\/\/www.vetorino.com\/boutique\/wp-content\/uploads\/2022\/11\/cal-lf-cn-junior-medium-chick-25kg.jpg\",\"datePublished\":\"2022-11-09T16:47:31+00:00\",\"dateModified\":\"2025-11-18T16:32:39+00:00\",\"description\":\"Aliment sec complet pour les races moyennes (10-30 kg) et les chiens juniors (3-15 mois). Teneur \u00e9lev\u00e9e en poulet, faible teneur en c\u00e9r\u00e9ales (riz uniquement) Recette hypoallerg\u00e9nique tr\u00e8s digeste (0 % de bl\u00e9, 0 % de soja, 0 % de ma\u00efs) Renforce le syst\u00e8me immunitaire gr\u00e2ce aux b\u00eata-glucanes et aux pr\u00e9biotiques Cet aliment complet hautement digestible \u00e0 base de poulet et \u00e0 faible teneur en c\u00e9r\u00e9ales convient \u00e9galement au syst\u00e8me digestif tr\u00e8s sensible des chiots et des chiens juniors.\",\"breadcrumb\":{\"@id\":\"https:\/\/www.vetorino.com\/boutique\/product\/life-junior-medium-breed-chicken\/#breadcrumb\"},\"inLanguage\":\"fr-FR\",\"potentialAction\":[{\"@type\":\"ReadAction\",\"target\":[\"https:\/\/www.vetorino.com\/boutique\/product\/life-junior-medium-breed-chicken\/\"]}]},{\"@type\":\"ImageObject\",\"inLanguage\":\"fr-FR\",\"@id\":\"https:\/\/www.vetorino.com\/boutique\/product\/life-junior-medium-breed-chicken\/#primaryimage\",\"url\":\"https:\/\/www.vetorino.com\/boutique\/wp-content\/uploads\/2022\/11\/cal-lf-cn-junior-medium-chick-25kg.jpg\",\"contentUrl\":\"https:\/\/www.vetorino.com\/boutique\/wp-content\/uploads\/2022\/11\/cal-lf-cn-junior-medium-chick-25kg.jpg\",\"width\":800,\"height\":800},{\"@type\":\"BreadcrumbList\",\"@id\":\"https:\/\/www.vetorino.com\/boutique\/product\/life-junior-medium-breed-chicken\/#breadcrumb\",\"itemListElement\":[{\"@type\":\"ListItem\",\"position\":1,\"name\":\"Accueil\",\"item\":\"https:\/\/www.vetorino.com\/boutique\/\"},{\"@type\":\"ListItem\",\"position\":2,\"name\":\"Produits\",\"item\":\"https:\/\/www.vetorino.com\/boutique\/\"},{\"@type\":\"ListItem\",\"position\":3,\"name\":\"Chien Life Junior Medium Poulet\"}]},{\"@type\":\"WebSite\",\"@id\":\"https:\/\/www.vetorino.com\/boutique\/#website\",\"url\":\"https:\/\/www.vetorino.com\/boutique\/\",\"name\":\"V\u00e9torino\",\"description\":\"\",\"publisher\":{\"@id\":\"https:\/\/www.vetorino.com\/boutique\/#organization\"},\"potentialAction\":[{\"@type\":\"SearchAction\",\"target\":{\"@type\":\"EntryPoint\",\"urlTemplate\":\"https:\/\/www.vetorino.com\/boutique\/?s={search_term_string}\"},\"query-input\":{\"@type\":\"PropertyValueSpecification\",\"valueRequired\":true,\"valueName\":\"search_term_string\"}}],\"inLanguage\":\"fr-FR\"},{\"@type\":\"Organization\",\"@id\":\"https:\/\/www.vetorino.com\/boutique\/#organization\",\"name\":\"V\u00e9torino\",\"url\":\"https:\/\/www.vetorino.com\/boutique\/\",\"logo\":{\"@type\":\"ImageObject\",\"inLanguage\":\"fr-FR\",\"@id\":\"https:\/\/www.vetorino.com\/boutique\/#\/schema\/logo\/image\/\",\"url\":\"https:\/\/www.vetorino.com\/boutique\/wp-content\/uploads\/2024\/10\/logo.jpg\",\"contentUrl\":\"https:\/\/www.vetorino.com\/boutique\/wp-content\/uploads\/2024\/10\/logo.jpg\",\"width\":1200,\"height\":610,\"caption\":\"V\u00e9torino\"},\"image\":{\"@id\":\"https:\/\/www.vetorino.com\/boutique\/#\/schema\/logo\/image\/\"},\"sameAs\":[\"https:\/\/www.facebook.com\/Vetorino\/\",\"https:\/\/www.instagram.com\/vetorino_off\/\",\"https:\/\/www.linkedin.com\/company\/vtorino\/\"]}]}<\/script>\n<meta property=\"product:brand\" content=\"Calibra\" \/>\n<meta property=\"og:availability\" content=\"instock\" \/>\n<meta property=\"product:availability\" content=\"instock\" \/>\n<meta property=\"product:condition\" content=\"new\" \/>\n<!-- \/ Yoast SEO plugin. -->","yoast_head_json":{"title":"Chien Life Junior Medium Poulet Calibra - V\u00e9torino","description":"Aliment sec complet pour les races moyennes (10-30 kg) et les chiens juniors (3-15 mois).       Teneur \u00e9lev\u00e9e en poulet, faible teneur en c\u00e9r\u00e9ales (riz uniquement)  Recette hypoallerg\u00e9nique tr\u00e8s digeste (0 % de bl\u00e9, 0 % de soja, 0 % de ma\u00efs)  Renforce le syst\u00e8me immunitaire gr\u00e2ce aux b\u00eata-glucanes et aux pr\u00e9biotiques  Cet aliment complet hautement digestible \u00e0 base de poulet et \u00e0 faible teneur en c\u00e9r\u00e9ales convient \u00e9galement au syst\u00e8me digestif tr\u00e8s sensible des chiots et des chiens juniors.","robots":{"index":"noindex","follow":"nofollow"},"og_locale":"fr_FR","og_type":"article","og_title":"Chien Life Junior Medium Poulet Calibra - V\u00e9torino","og_description":"Aliment sec complet pour les races moyennes (10-30 kg) et les chiens juniors (3-15 mois).       Teneur \u00e9lev\u00e9e en poulet, faible teneur en c\u00e9r\u00e9ales (riz uniquement)  Recette hypoallerg\u00e9nique tr\u00e8s digeste (0 % de bl\u00e9, 0 % de soja, 0 % de ma\u00efs)  Renforce le syst\u00e8me immunitaire gr\u00e2ce aux b\u00eata-glucanes et aux pr\u00e9biotiques  Cet aliment complet hautement digestible \u00e0 base de poulet et \u00e0 faible teneur en c\u00e9r\u00e9ales convient \u00e9galement au syst\u00e8me digestif tr\u00e8s sensible des chiots et des chiens juniors.","og_url":"https:\/\/www.vetorino.com\/veterinaire\/chillymazarin-91380\/boutique\/product\/life-junior-medium-breed-chicken\/","og_site_name":"V\u00e9torino","article_publisher":"https:\/\/www.facebook.com\/Vetorino\/","article_modified_time":"2025-11-18T16:32:39+00:00","og_image":[{"width":800,"height":800,"url":"https:\/\/www.vetorino.com\/boutique\/wp-content\/uploads\/2022\/11\/cal-lf-cn-junior-medium-chick-25kg.jpg","type":"image\/jpeg"}],"twitter_card":"summary_large_image","twitter_misc":{"Disponibilit\u00e9":"En stock"},"schema":{"@context":"https:\/\/schema.org","@graph":[{"@type":"WebPage","@id":"https:\/\/www.vetorino.com\/boutique\/product\/life-junior-medium-breed-chicken\/","url":"https:\/\/www.vetorino.com\/boutique\/product\/life-junior-medium-breed-chicken\/","name":"Chien Life Junior Medium Poulet Calibra - V\u00e9torino","isPartOf":{"@id":"https:\/\/www.vetorino.com\/boutique\/#website"},"primaryImageOfPage":{"@id":"https:\/\/www.vetorino.com\/boutique\/product\/life-junior-medium-breed-chicken\/#primaryimage"},"image":{"@id":"https:\/\/www.vetorino.com\/boutique\/product\/life-junior-medium-breed-chicken\/#primaryimage"},"thumbnailUrl":"https:\/\/www.vetorino.com\/boutique\/wp-content\/uploads\/2022\/11\/cal-lf-cn-junior-medium-chick-25kg.jpg","datePublished":"2022-11-09T16:47:31+00:00","dateModified":"2025-11-18T16:32:39+00:00","description":"Aliment sec complet pour les races moyennes (10-30 kg) et les chiens juniors (3-15 mois). Teneur \u00e9lev\u00e9e en poulet, faible teneur en c\u00e9r\u00e9ales (riz uniquement) Recette hypoallerg\u00e9nique tr\u00e8s digeste (0 % de bl\u00e9, 0 % de soja, 0 % de ma\u00efs) Renforce le syst\u00e8me immunitaire gr\u00e2ce aux b\u00eata-glucanes et aux pr\u00e9biotiques Cet aliment complet hautement digestible \u00e0 base de poulet et \u00e0 faible teneur en c\u00e9r\u00e9ales convient \u00e9galement au syst\u00e8me digestif tr\u00e8s sensible des chiots et des chiens juniors.","breadcrumb":{"@id":"https:\/\/www.vetorino.com\/boutique\/product\/life-junior-medium-breed-chicken\/#breadcrumb"},"inLanguage":"fr-FR","potentialAction":[{"@type":"ReadAction","target":["https:\/\/www.vetorino.com\/boutique\/product\/life-junior-medium-breed-chicken\/"]}]},{"@type":"ImageObject","inLanguage":"fr-FR","@id":"https:\/\/www.vetorino.com\/boutique\/product\/life-junior-medium-breed-chicken\/#primaryimage","url":"https:\/\/www.vetorino.com\/boutique\/wp-content\/uploads\/2022\/11\/cal-lf-cn-junior-medium-chick-25kg.jpg","contentUrl":"https:\/\/www.vetorino.com\/boutique\/wp-content\/uploads\/2022\/11\/cal-lf-cn-junior-medium-chick-25kg.jpg","width":800,"height":800},{"@type":"BreadcrumbList","@id":"https:\/\/www.vetorino.com\/boutique\/product\/life-junior-medium-breed-chicken\/#breadcrumb","itemListElement":[{"@type":"ListItem","position":1,"name":"Accueil","item":"https:\/\/www.vetorino.com\/boutique\/"},{"@type":"ListItem","position":2,"name":"Produits","item":"https:\/\/www.vetorino.com\/boutique\/"},{"@type":"ListItem","position":3,"name":"Chien Life Junior Medium Poulet"}]},{"@type":"WebSite","@id":"https:\/\/www.vetorino.com\/boutique\/#website","url":"https:\/\/www.vetorino.com\/boutique\/","name":"V\u00e9torino","description":"","publisher":{"@id":"https:\/\/www.vetorino.com\/boutique\/#organization"},"potentialAction":[{"@type":"SearchAction","target":{"@type":"EntryPoint","urlTemplate":"https:\/\/www.vetorino.com\/boutique\/?s={search_term_string}"},"query-input":{"@type":"PropertyValueSpecification","valueRequired":true,"valueName":"search_term_string"}}],"inLanguage":"fr-FR"},{"@type":"Organization","@id":"https:\/\/www.vetorino.com\/boutique\/#organization","name":"V\u00e9torino","url":"https:\/\/www.vetorino.com\/boutique\/","logo":{"@type":"ImageObject","inLanguage":"fr-FR","@id":"https:\/\/www.vetorino.com\/boutique\/#\/schema\/logo\/image\/","url":"https:\/\/www.vetorino.com\/boutique\/wp-content\/uploads\/2024\/10\/logo.jpg","contentUrl":"https:\/\/www.vetorino.com\/boutique\/wp-content\/uploads\/2024\/10\/logo.jpg","width":1200,"height":610,"caption":"V\u00e9torino"},"image":{"@id":"https:\/\/www.vetorino.com\/boutique\/#\/schema\/logo\/image\/"},"sameAs":["https:\/\/www.facebook.com\/Vetorino\/","https:\/\/www.instagram.com\/vetorino_off\/","https:\/\/www.linkedin.com\/company\/vtorino\/"]}]},"product_brand":"Calibra","og_availability":"instock","product_availability":"instock","product_condition":"new"},"_links":{"self":[{"href":"https:\/\/www.vetorino.com\/veterinaire\/chillymazarin-91380\/boutique\/wp-json\/wp\/v2\/product\/503722","targetHints":{"allow":["GET"]}}],"collection":[{"href":"https:\/\/www.vetorino.com\/veterinaire\/chillymazarin-91380\/boutique\/wp-json\/wp\/v2\/product"}],"about":[{"href":"https:\/\/www.vetorino.com\/veterinaire\/chillymazarin-91380\/boutique\/wp-json\/wp\/v2\/types\/product"}],"wp:featuredmedia":[{"embeddable":true,"href":"https:\/\/www.vetorino.com\/veterinaire\/chillymazarin-91380\/boutique\/wp-json\/wp\/v2\/media\/592693"}],"wp:attachment":[{"href":"https:\/\/www.vetorino.com\/veterinaire\/chillymazarin-91380\/boutique\/wp-json\/wp\/v2\/media?parent=503722"}],"wp:term":[{"taxonomy":"product_cat","embeddable":true,"href":"https:\/\/www.vetorino.com\/veterinaire\/chillymazarin-91380\/boutique\/wp-json\/wp\/v2\/product_cat?post=503722"},{"taxonomy":"product_tag","embeddable":true,"href":"https:\/\/www.vetorino.com\/veterinaire\/chillymazarin-91380\/boutique\/wp-json\/wp\/v2\/product_tag?post=503722"}],"curies":[{"name":"wp","href":"https:\/\/api.w.org\/{rel}","templated":true}]}}