{"id":503764,"date":"2022-11-09T17:48:29","date_gmt":"2022-11-09T16:48:29","guid":{"rendered":"https:\/\/www.vetorino.com\/boutique\/product\/veterinary-diets-hyppoallergnic-skin-coat-support\/"},"modified":"2025-11-18T17:25:24","modified_gmt":"2025-11-18T16:25:24","slug":"veterinary-diets-hyppoallergnic-skin-coat-support","status":"publish","type":"product","link":"https:\/\/www.vetorino.com\/veterinaire\/chillymazarin-91380\/boutique\/product\/veterinary-diets-hyppoallergnic-skin-coat-support\/","title":{"rendered":"Chien VD Hypoallergenique Skin &amp; Coat"},"content":{"rendered":"<div class=\"type short-description\">\n<p><strong>Aliment complet pour chiens adultes destin\u00e9 \u00e0 soutenir la fonction cutan\u00e9e et \u00e0 r\u00e9duire les intol\u00e9rances alimentaires.<\/strong><\/p>\n<\/div>\n<div class=\"block characteristics\">\n<div class=\"block-content is-paws-list\">\n<ul>\n<li>Soutient la fonction cutan\u00e9e efficacement<\/li>\n<li>R\u00e9duit les intol\u00e9rances alimentaires<\/li>\n<li>Ingr\u00e9dients s\u00e9lectionn\u00e9s de haute qualit\u00e9<\/li>\n<\/ul>\n<div class=\"type short-description\">\n<p><strong>Objectifs :<\/strong><\/p>\n<ul>\n<li>R\u00e9duction de l&#8217;intol\u00e9rance aux ingr\u00e9dients et aux nutriments<\/li>\n<li>Soutien de la fonction cutan\u00e9e en cas de dermatoses et de chute de poils<\/li>\n<\/ul>\n<p><strong>Demander conseil \u00e0 un v\u00e9t\u00e9rinaire avant utilisation.<\/strong><\/p>\n<\/div>\n<\/div>\n<\/div>\n","protected":false},"excerpt":{"rendered":"<div class=\"type short-description\">\n<p><strong>Aliment complet pour chiens adultes destin\u00e9 \u00e0 soutenir la fonction cutan\u00e9e et \u00e0 r\u00e9duire les intol\u00e9rances alimentaires.<\/strong><\/p>\n<\/div>\n<div class=\"block characteristics\">\n<div class=\"block-content is-paws-list\">\n<ul>\n<li>Soutient la fonction cutan\u00e9e efficacement<\/li>\n<li>R\u00e9duit les intol\u00e9rances alimentaires<\/li>\n<li>Ingr\u00e9dients s\u00e9lectionn\u00e9s de haute qualit\u00e9<\/li>\n<\/ul>\n<p><strong>Demander conseil \u00e0 un v\u00e9t\u00e9rinaire avant utilisation.<\/strong><\/p>\n<\/div>\n<\/div>\n","protected":false},"featured_media":592630,"template":"","meta":[],"product_cat":[12552,12582,2698,12612],"product_tag":[],"class_list":{"0":"post-503764","1":"product","2":"type-product","3":"status-publish","4":"has-post-thumbnail","6":"product_cat-alimentation-du-chien","7":"product_cat-alimentation-medicalisee-pour-chien","8":"product_cat-chien","9":"product_cat-hygiene-de-la-peau-et-du-pelage-du-chien","10":"pa_marque-calibra","12":"first","13":"outofstock","14":"taxable","15":"shipping-taxable","16":"purchasable","17":"product-type-variable"},"yoast_head":"<!-- This site is optimized with the Yoast SEO plugin v26.7 - https:\/\/yoast.com\/wordpress\/plugins\/seo\/ -->\n<title>Chien VD Hypoallergenique Skin &amp; Coat Calibra - V\u00e9torino<\/title>\n<meta name=\"description\" content=\"Aliment complet pour chiens adultes destin\u00e9 \u00e0 soutenir la fonction cutan\u00e9e et \u00e0 r\u00e9duire les intol\u00e9rances alimentaires.       Soutient la fonction cutan\u00e9e efficacement  R\u00e9duit les intol\u00e9rances alimentaires  Ingr\u00e9dients s\u00e9lectionn\u00e9s de haute qualit\u00e9  Demander conseil \u00e0 un v\u00e9t\u00e9rinaire avant utilisation.\" \/>\n<meta name=\"robots\" content=\"noindex, nofollow\" \/>\n<meta property=\"og:locale\" content=\"fr_FR\" \/>\n<meta property=\"og:type\" content=\"article\" \/>\n<meta property=\"og:title\" content=\"Chien VD Hypoallergenique Skin &amp; Coat Calibra - V\u00e9torino\" \/>\n<meta property=\"og:description\" content=\"Aliment complet pour chiens adultes destin\u00e9 \u00e0 soutenir la fonction cutan\u00e9e et \u00e0 r\u00e9duire les intol\u00e9rances alimentaires.       Soutient la fonction cutan\u00e9e efficacement  R\u00e9duit les intol\u00e9rances alimentaires  Ingr\u00e9dients s\u00e9lectionn\u00e9s de haute qualit\u00e9  Demander conseil \u00e0 un v\u00e9t\u00e9rinaire avant utilisation.\" \/>\n<meta property=\"og:url\" content=\"https:\/\/www.vetorino.com\/veterinaire\/chillymazarin-91380\/boutique\/product\/veterinary-diets-hyppoallergnic-skin-coat-support\/\" \/>\n<meta property=\"og:site_name\" content=\"V\u00e9torino\" \/>\n<meta property=\"article:publisher\" content=\"https:\/\/www.facebook.com\/Vetorino\/\" \/>\n<meta property=\"article:modified_time\" content=\"2025-11-18T16:25:24+00:00\" \/>\n<meta property=\"og:image\" content=\"https:\/\/www.vetorino.com\/boutique\/wp-content\/uploads\/2022\/11\/cal-vd-cn-hypoall-skin-coat-2kg.jpeg\" \/>\n\t<meta property=\"og:image:width\" content=\"800\" \/>\n\t<meta property=\"og:image:height\" content=\"800\" \/>\n\t<meta property=\"og:image:type\" content=\"image\/jpeg\" \/>\n<meta name=\"twitter:card\" content=\"summary_large_image\" \/>\n<meta name=\"twitter:label1\" content=\"Disponibilit\u00e9\" \/>\n\t<meta name=\"twitter:data1\" content=\"Rupture de stock\" \/>\n<script type=\"application\/ld+json\" class=\"yoast-schema-graph\">{\"@context\":\"https:\/\/schema.org\",\"@graph\":[{\"@type\":\"WebPage\",\"@id\":\"https:\/\/www.vetorino.com\/boutique\/product\/veterinary-diets-hyppoallergnic-skin-coat-support\/\",\"url\":\"https:\/\/www.vetorino.com\/boutique\/product\/veterinary-diets-hyppoallergnic-skin-coat-support\/\",\"name\":\"Chien VD Hypoallergenique Skin &amp; Coat Calibra - V\u00e9torino\",\"isPartOf\":{\"@id\":\"https:\/\/www.vetorino.com\/boutique\/#website\"},\"primaryImageOfPage\":{\"@id\":\"https:\/\/www.vetorino.com\/boutique\/product\/veterinary-diets-hyppoallergnic-skin-coat-support\/#primaryimage\"},\"image\":{\"@id\":\"https:\/\/www.vetorino.com\/boutique\/product\/veterinary-diets-hyppoallergnic-skin-coat-support\/#primaryimage\"},\"thumbnailUrl\":\"https:\/\/www.vetorino.com\/boutique\/wp-content\/uploads\/2022\/11\/cal-vd-cn-hypoall-skin-coat-2kg.jpeg\",\"datePublished\":\"2022-11-09T16:48:29+00:00\",\"dateModified\":\"2025-11-18T16:25:24+00:00\",\"description\":\"Aliment complet pour chiens adultes destin\u00e9 \u00e0 soutenir la fonction cutan\u00e9e et \u00e0 r\u00e9duire les intol\u00e9rances alimentaires. Soutient la fonction cutan\u00e9e efficacement R\u00e9duit les intol\u00e9rances alimentaires Ingr\u00e9dients s\u00e9lectionn\u00e9s de haute qualit\u00e9 Demander conseil \u00e0 un v\u00e9t\u00e9rinaire avant utilisation.\",\"breadcrumb\":{\"@id\":\"https:\/\/www.vetorino.com\/boutique\/product\/veterinary-diets-hyppoallergnic-skin-coat-support\/#breadcrumb\"},\"inLanguage\":\"fr-FR\",\"potentialAction\":[{\"@type\":\"ReadAction\",\"target\":[\"https:\/\/www.vetorino.com\/boutique\/product\/veterinary-diets-hyppoallergnic-skin-coat-support\/\"]}]},{\"@type\":\"ImageObject\",\"inLanguage\":\"fr-FR\",\"@id\":\"https:\/\/www.vetorino.com\/boutique\/product\/veterinary-diets-hyppoallergnic-skin-coat-support\/#primaryimage\",\"url\":\"https:\/\/www.vetorino.com\/boutique\/wp-content\/uploads\/2022\/11\/cal-vd-cn-hypoall-skin-coat-2kg.jpeg\",\"contentUrl\":\"https:\/\/www.vetorino.com\/boutique\/wp-content\/uploads\/2022\/11\/cal-vd-cn-hypoall-skin-coat-2kg.jpeg\",\"width\":800,\"height\":800},{\"@type\":\"BreadcrumbList\",\"@id\":\"https:\/\/www.vetorino.com\/boutique\/product\/veterinary-diets-hyppoallergnic-skin-coat-support\/#breadcrumb\",\"itemListElement\":[{\"@type\":\"ListItem\",\"position\":1,\"name\":\"Accueil\",\"item\":\"https:\/\/www.vetorino.com\/boutique\/\"},{\"@type\":\"ListItem\",\"position\":2,\"name\":\"Produits\",\"item\":\"https:\/\/www.vetorino.com\/boutique\/\"},{\"@type\":\"ListItem\",\"position\":3,\"name\":\"Chien VD Hypoallergenique Skin &amp; Coat\"}]},{\"@type\":\"WebSite\",\"@id\":\"https:\/\/www.vetorino.com\/boutique\/#website\",\"url\":\"https:\/\/www.vetorino.com\/boutique\/\",\"name\":\"V\u00e9torino\",\"description\":\"\",\"publisher\":{\"@id\":\"https:\/\/www.vetorino.com\/boutique\/#organization\"},\"potentialAction\":[{\"@type\":\"SearchAction\",\"target\":{\"@type\":\"EntryPoint\",\"urlTemplate\":\"https:\/\/www.vetorino.com\/boutique\/?s={search_term_string}\"},\"query-input\":{\"@type\":\"PropertyValueSpecification\",\"valueRequired\":true,\"valueName\":\"search_term_string\"}}],\"inLanguage\":\"fr-FR\"},{\"@type\":\"Organization\",\"@id\":\"https:\/\/www.vetorino.com\/boutique\/#organization\",\"name\":\"V\u00e9torino\",\"url\":\"https:\/\/www.vetorino.com\/boutique\/\",\"logo\":{\"@type\":\"ImageObject\",\"inLanguage\":\"fr-FR\",\"@id\":\"https:\/\/www.vetorino.com\/boutique\/#\/schema\/logo\/image\/\",\"url\":\"https:\/\/www.vetorino.com\/boutique\/wp-content\/uploads\/2024\/10\/logo.jpg\",\"contentUrl\":\"https:\/\/www.vetorino.com\/boutique\/wp-content\/uploads\/2024\/10\/logo.jpg\",\"width\":1200,\"height\":610,\"caption\":\"V\u00e9torino\"},\"image\":{\"@id\":\"https:\/\/www.vetorino.com\/boutique\/#\/schema\/logo\/image\/\"},\"sameAs\":[\"https:\/\/www.facebook.com\/Vetorino\/\",\"https:\/\/www.instagram.com\/vetorino_off\/\",\"https:\/\/www.linkedin.com\/company\/vtorino\/\"]}]}<\/script>\n<meta property=\"product:brand\" content=\"Calibra\" \/>\n<meta property=\"og:availability\" content=\"out of stock\" \/>\n<meta property=\"product:availability\" content=\"out of stock\" \/>\n<meta property=\"product:condition\" content=\"new\" \/>\n<!-- \/ Yoast SEO plugin. -->","yoast_head_json":{"title":"Chien VD Hypoallergenique Skin &amp; Coat Calibra - V\u00e9torino","description":"Aliment complet pour chiens adultes destin\u00e9 \u00e0 soutenir la fonction cutan\u00e9e et \u00e0 r\u00e9duire les intol\u00e9rances alimentaires.       Soutient la fonction cutan\u00e9e efficacement  R\u00e9duit les intol\u00e9rances alimentaires  Ingr\u00e9dients s\u00e9lectionn\u00e9s de haute qualit\u00e9  Demander conseil \u00e0 un v\u00e9t\u00e9rinaire avant utilisation.","robots":{"index":"noindex","follow":"nofollow"},"og_locale":"fr_FR","og_type":"article","og_title":"Chien VD Hypoallergenique Skin &amp; Coat Calibra - V\u00e9torino","og_description":"Aliment complet pour chiens adultes destin\u00e9 \u00e0 soutenir la fonction cutan\u00e9e et \u00e0 r\u00e9duire les intol\u00e9rances alimentaires.       Soutient la fonction cutan\u00e9e efficacement  R\u00e9duit les intol\u00e9rances alimentaires  Ingr\u00e9dients s\u00e9lectionn\u00e9s de haute qualit\u00e9  Demander conseil \u00e0 un v\u00e9t\u00e9rinaire avant utilisation.","og_url":"https:\/\/www.vetorino.com\/veterinaire\/chillymazarin-91380\/boutique\/product\/veterinary-diets-hyppoallergnic-skin-coat-support\/","og_site_name":"V\u00e9torino","article_publisher":"https:\/\/www.facebook.com\/Vetorino\/","article_modified_time":"2025-11-18T16:25:24+00:00","og_image":[{"width":800,"height":800,"url":"https:\/\/www.vetorino.com\/boutique\/wp-content\/uploads\/2022\/11\/cal-vd-cn-hypoall-skin-coat-2kg.jpeg","type":"image\/jpeg"}],"twitter_card":"summary_large_image","twitter_misc":{"Disponibilit\u00e9":"Rupture de stock"},"schema":{"@context":"https:\/\/schema.org","@graph":[{"@type":"WebPage","@id":"https:\/\/www.vetorino.com\/boutique\/product\/veterinary-diets-hyppoallergnic-skin-coat-support\/","url":"https:\/\/www.vetorino.com\/boutique\/product\/veterinary-diets-hyppoallergnic-skin-coat-support\/","name":"Chien VD Hypoallergenique Skin &amp; Coat Calibra - V\u00e9torino","isPartOf":{"@id":"https:\/\/www.vetorino.com\/boutique\/#website"},"primaryImageOfPage":{"@id":"https:\/\/www.vetorino.com\/boutique\/product\/veterinary-diets-hyppoallergnic-skin-coat-support\/#primaryimage"},"image":{"@id":"https:\/\/www.vetorino.com\/boutique\/product\/veterinary-diets-hyppoallergnic-skin-coat-support\/#primaryimage"},"thumbnailUrl":"https:\/\/www.vetorino.com\/boutique\/wp-content\/uploads\/2022\/11\/cal-vd-cn-hypoall-skin-coat-2kg.jpeg","datePublished":"2022-11-09T16:48:29+00:00","dateModified":"2025-11-18T16:25:24+00:00","description":"Aliment complet pour chiens adultes destin\u00e9 \u00e0 soutenir la fonction cutan\u00e9e et \u00e0 r\u00e9duire les intol\u00e9rances alimentaires. Soutient la fonction cutan\u00e9e efficacement R\u00e9duit les intol\u00e9rances alimentaires Ingr\u00e9dients s\u00e9lectionn\u00e9s de haute qualit\u00e9 Demander conseil \u00e0 un v\u00e9t\u00e9rinaire avant utilisation.","breadcrumb":{"@id":"https:\/\/www.vetorino.com\/boutique\/product\/veterinary-diets-hyppoallergnic-skin-coat-support\/#breadcrumb"},"inLanguage":"fr-FR","potentialAction":[{"@type":"ReadAction","target":["https:\/\/www.vetorino.com\/boutique\/product\/veterinary-diets-hyppoallergnic-skin-coat-support\/"]}]},{"@type":"ImageObject","inLanguage":"fr-FR","@id":"https:\/\/www.vetorino.com\/boutique\/product\/veterinary-diets-hyppoallergnic-skin-coat-support\/#primaryimage","url":"https:\/\/www.vetorino.com\/boutique\/wp-content\/uploads\/2022\/11\/cal-vd-cn-hypoall-skin-coat-2kg.jpeg","contentUrl":"https:\/\/www.vetorino.com\/boutique\/wp-content\/uploads\/2022\/11\/cal-vd-cn-hypoall-skin-coat-2kg.jpeg","width":800,"height":800},{"@type":"BreadcrumbList","@id":"https:\/\/www.vetorino.com\/boutique\/product\/veterinary-diets-hyppoallergnic-skin-coat-support\/#breadcrumb","itemListElement":[{"@type":"ListItem","position":1,"name":"Accueil","item":"https:\/\/www.vetorino.com\/boutique\/"},{"@type":"ListItem","position":2,"name":"Produits","item":"https:\/\/www.vetorino.com\/boutique\/"},{"@type":"ListItem","position":3,"name":"Chien VD Hypoallergenique Skin &amp; Coat"}]},{"@type":"WebSite","@id":"https:\/\/www.vetorino.com\/boutique\/#website","url":"https:\/\/www.vetorino.com\/boutique\/","name":"V\u00e9torino","description":"","publisher":{"@id":"https:\/\/www.vetorino.com\/boutique\/#organization"},"potentialAction":[{"@type":"SearchAction","target":{"@type":"EntryPoint","urlTemplate":"https:\/\/www.vetorino.com\/boutique\/?s={search_term_string}"},"query-input":{"@type":"PropertyValueSpecification","valueRequired":true,"valueName":"search_term_string"}}],"inLanguage":"fr-FR"},{"@type":"Organization","@id":"https:\/\/www.vetorino.com\/boutique\/#organization","name":"V\u00e9torino","url":"https:\/\/www.vetorino.com\/boutique\/","logo":{"@type":"ImageObject","inLanguage":"fr-FR","@id":"https:\/\/www.vetorino.com\/boutique\/#\/schema\/logo\/image\/","url":"https:\/\/www.vetorino.com\/boutique\/wp-content\/uploads\/2024\/10\/logo.jpg","contentUrl":"https:\/\/www.vetorino.com\/boutique\/wp-content\/uploads\/2024\/10\/logo.jpg","width":1200,"height":610,"caption":"V\u00e9torino"},"image":{"@id":"https:\/\/www.vetorino.com\/boutique\/#\/schema\/logo\/image\/"},"sameAs":["https:\/\/www.facebook.com\/Vetorino\/","https:\/\/www.instagram.com\/vetorino_off\/","https:\/\/www.linkedin.com\/company\/vtorino\/"]}]},"product_brand":"Calibra","og_availability":"out of stock","product_availability":"out of stock","product_condition":"new"},"_links":{"self":[{"href":"https:\/\/www.vetorino.com\/veterinaire\/chillymazarin-91380\/boutique\/wp-json\/wp\/v2\/product\/503764","targetHints":{"allow":["GET"]}}],"collection":[{"href":"https:\/\/www.vetorino.com\/veterinaire\/chillymazarin-91380\/boutique\/wp-json\/wp\/v2\/product"}],"about":[{"href":"https:\/\/www.vetorino.com\/veterinaire\/chillymazarin-91380\/boutique\/wp-json\/wp\/v2\/types\/product"}],"wp:featuredmedia":[{"embeddable":true,"href":"https:\/\/www.vetorino.com\/veterinaire\/chillymazarin-91380\/boutique\/wp-json\/wp\/v2\/media\/592630"}],"wp:attachment":[{"href":"https:\/\/www.vetorino.com\/veterinaire\/chillymazarin-91380\/boutique\/wp-json\/wp\/v2\/media?parent=503764"}],"wp:term":[{"taxonomy":"product_cat","embeddable":true,"href":"https:\/\/www.vetorino.com\/veterinaire\/chillymazarin-91380\/boutique\/wp-json\/wp\/v2\/product_cat?post=503764"},{"taxonomy":"product_tag","embeddable":true,"href":"https:\/\/www.vetorino.com\/veterinaire\/chillymazarin-91380\/boutique\/wp-json\/wp\/v2\/product_tag?post=503764"}],"curies":[{"name":"wp","href":"https:\/\/api.w.org\/{rel}","templated":true}]}}