{"id":503837,"date":"2022-11-09T17:51:23","date_gmt":"2022-11-09T16:51:23","guid":{"rendered":"https:\/\/www.vetorino.com\/boutique\/product\/life-cat-adult-sterilized-turkey\/"},"modified":"2025-11-19T12:30:53","modified_gmt":"2025-11-19T11:30:53","slug":"life-cat-adult-sterilized-turkey","status":"publish","type":"product","link":"https:\/\/www.vetorino.com\/veterinaire\/chillymazarin-91380\/boutique\/product\/life-cat-adult-sterilized-turkey\/","title":{"rendered":"Chat St\u00e9rilis\u00e9 Life Adulte Dinde"},"content":{"rendered":"<p><strong>Aliment humide complet pour chats st\u00e9rilis\u00e9s \u00e0 base de dinde.<\/strong><\/p>\n<ul>\n<li>Aliment humide savoureux \u00e0 la dinde<\/li>\n<li>Formule adapt\u00e9e aux chats st\u00e9rilis\u00e9s<\/li>\n<li>Riche en nutriments essentiels et vitamines<\/li>\n<\/ul>\n<p>Id\u00e9al pour la<strong> bi-nutrition<\/strong>. Son d\u00e9licieux go\u00fbt de dinde s\u00e9duira m\u00eame les chats les plus difficiles.<\/p>\n","protected":false},"excerpt":{"rendered":"<p><strong>Aliment humide complet pour chats st\u00e9rilis\u00e9s \u00e0 base de dinde.<\/strong><\/p>\n<ul>\n<li>Aliment humide savoureux \u00e0 la dinde<\/li>\n<li>Formule adapt\u00e9e aux chats st\u00e9rilis\u00e9s<\/li>\n<li>Riche en nutriments essentiels et vitamines<\/li>\n<\/ul>\n<p>Id\u00e9al pour la<strong> bi-nutrition<\/strong>. Son d\u00e9licieux go\u00fbt de dinde s\u00e9duira m\u00eame les chats les plus difficiles.<\/p>\n","protected":false},"featured_media":592544,"template":"","meta":[],"product_cat":[12551,12583,2697],"product_tag":[],"class_list":{"0":"post-503837","1":"product","2":"type-product","3":"status-publish","4":"has-post-thumbnail","6":"product_cat-alimentation-du-chat","7":"product_cat-alimentation-premium-pour-chat","8":"product_cat-chat","9":"pa_marque-calibra","11":"first","12":"instock","13":"taxable","14":"shipping-taxable","15":"purchasable","16":"product-type-simple"},"yoast_head":"<!-- This site is optimized with the Yoast SEO plugin v26.7 - https:\/\/yoast.com\/wordpress\/plugins\/seo\/ -->\n<title>Chat St\u00e9rilis\u00e9 Life Adulte Dinde Calibra - V\u00e9torino<\/title>\n<meta name=\"description\" content=\"Aliment humide complet pour chats st\u00e9rilis\u00e9s \u00e0 base de dinde.   Aliment humide savoureux \u00e0 la dinde  Formule adapt\u00e9e aux chats st\u00e9rilis\u00e9s  Riche en nutriments essentiels et vitamines  Id\u00e9al pour la bi-nutrition. Son d\u00e9licieux go\u00fbt de dinde s\u00e9duira m\u00eame les chats les plus difficiles.\" \/>\n<meta name=\"robots\" content=\"noindex, nofollow\" \/>\n<meta property=\"og:locale\" content=\"fr_FR\" \/>\n<meta property=\"og:type\" content=\"article\" \/>\n<meta property=\"og:title\" content=\"Chat St\u00e9rilis\u00e9 Life Adulte Dinde Calibra - V\u00e9torino\" \/>\n<meta property=\"og:description\" content=\"Aliment humide complet pour chats st\u00e9rilis\u00e9s \u00e0 base de dinde.   Aliment humide savoureux \u00e0 la dinde  Formule adapt\u00e9e aux chats st\u00e9rilis\u00e9s  Riche en nutriments essentiels et vitamines  Id\u00e9al pour la bi-nutrition. Son d\u00e9licieux go\u00fbt de dinde s\u00e9duira m\u00eame les chats les plus difficiles.\" \/>\n<meta property=\"og:url\" content=\"https:\/\/www.vetorino.com\/veterinaire\/chillymazarin-91380\/boutique\/product\/life-cat-adult-sterilized-turkey\/\" \/>\n<meta property=\"og:site_name\" content=\"V\u00e9torino\" \/>\n<meta property=\"article:publisher\" content=\"https:\/\/www.facebook.com\/Vetorino\/\" \/>\n<meta property=\"article:modified_time\" content=\"2025-11-19T11:30:53+00:00\" \/>\n<meta property=\"og:image\" content=\"https:\/\/www.vetorino.com\/boutique\/wp-content\/uploads\/2022\/11\/cal-lf-ct-adult-steril-turkey6x200g-2.jpg\" \/>\n\t<meta property=\"og:image:width\" content=\"800\" \/>\n\t<meta property=\"og:image:height\" content=\"800\" \/>\n\t<meta property=\"og:image:type\" content=\"image\/jpeg\" \/>\n<meta name=\"twitter:card\" content=\"summary_large_image\" \/>\n<meta name=\"twitter:label1\" content=\"Prix\" \/>\n\t<meta name=\"twitter:data1\" content=\"12,69&euro;\" \/>\n\t<meta name=\"twitter:label2\" content=\"Disponibilit\u00e9\" \/>\n\t<meta name=\"twitter:data2\" content=\"En stock\" \/>\n<script type=\"application\/ld+json\" class=\"yoast-schema-graph\">{\"@context\":\"https:\/\/schema.org\",\"@graph\":[{\"@type\":\"WebPage\",\"@id\":\"https:\/\/www.vetorino.com\/boutique\/product\/life-cat-adult-sterilized-turkey\/\",\"url\":\"https:\/\/www.vetorino.com\/boutique\/product\/life-cat-adult-sterilized-turkey\/\",\"name\":\"Chat St\u00e9rilis\u00e9 Life Adulte Dinde Calibra - V\u00e9torino\",\"isPartOf\":{\"@id\":\"https:\/\/www.vetorino.com\/boutique\/#website\"},\"primaryImageOfPage\":{\"@id\":\"https:\/\/www.vetorino.com\/boutique\/product\/life-cat-adult-sterilized-turkey\/#primaryimage\"},\"image\":{\"@id\":\"https:\/\/www.vetorino.com\/boutique\/product\/life-cat-adult-sterilized-turkey\/#primaryimage\"},\"thumbnailUrl\":\"https:\/\/www.vetorino.com\/boutique\/wp-content\/uploads\/2022\/11\/cal-lf-ct-adult-steril-turkey6x200g-2.jpg\",\"datePublished\":\"2022-11-09T16:51:23+00:00\",\"dateModified\":\"2025-11-19T11:30:53+00:00\",\"description\":\"Aliment humide complet pour chats st\u00e9rilis\u00e9s \u00e0 base de dinde. Aliment humide savoureux \u00e0 la dinde Formule adapt\u00e9e aux chats st\u00e9rilis\u00e9s Riche en nutriments essentiels et vitamines Id\u00e9al pour la bi-nutrition. Son d\u00e9licieux go\u00fbt de dinde s\u00e9duira m\u00eame les chats les plus difficiles.\",\"breadcrumb\":{\"@id\":\"https:\/\/www.vetorino.com\/boutique\/product\/life-cat-adult-sterilized-turkey\/#breadcrumb\"},\"inLanguage\":\"fr-FR\",\"potentialAction\":[{\"@type\":\"ReadAction\",\"target\":[\"https:\/\/www.vetorino.com\/boutique\/product\/life-cat-adult-sterilized-turkey\/\"]}]},{\"@type\":\"ImageObject\",\"inLanguage\":\"fr-FR\",\"@id\":\"https:\/\/www.vetorino.com\/boutique\/product\/life-cat-adult-sterilized-turkey\/#primaryimage\",\"url\":\"https:\/\/www.vetorino.com\/boutique\/wp-content\/uploads\/2022\/11\/cal-lf-ct-adult-steril-turkey6x200g-2.jpg\",\"contentUrl\":\"https:\/\/www.vetorino.com\/boutique\/wp-content\/uploads\/2022\/11\/cal-lf-ct-adult-steril-turkey6x200g-2.jpg\",\"width\":800,\"height\":800},{\"@type\":\"BreadcrumbList\",\"@id\":\"https:\/\/www.vetorino.com\/boutique\/product\/life-cat-adult-sterilized-turkey\/#breadcrumb\",\"itemListElement\":[{\"@type\":\"ListItem\",\"position\":1,\"name\":\"Accueil\",\"item\":\"https:\/\/www.vetorino.com\/boutique\/\"},{\"@type\":\"ListItem\",\"position\":2,\"name\":\"Produits\",\"item\":\"https:\/\/www.vetorino.com\/boutique\/\"},{\"@type\":\"ListItem\",\"position\":3,\"name\":\"Chat St\u00e9rilis\u00e9 Life Adulte Dinde\"}]},{\"@type\":\"WebSite\",\"@id\":\"https:\/\/www.vetorino.com\/boutique\/#website\",\"url\":\"https:\/\/www.vetorino.com\/boutique\/\",\"name\":\"V\u00e9torino\",\"description\":\"\",\"publisher\":{\"@id\":\"https:\/\/www.vetorino.com\/boutique\/#organization\"},\"potentialAction\":[{\"@type\":\"SearchAction\",\"target\":{\"@type\":\"EntryPoint\",\"urlTemplate\":\"https:\/\/www.vetorino.com\/boutique\/?s={search_term_string}\"},\"query-input\":{\"@type\":\"PropertyValueSpecification\",\"valueRequired\":true,\"valueName\":\"search_term_string\"}}],\"inLanguage\":\"fr-FR\"},{\"@type\":\"Organization\",\"@id\":\"https:\/\/www.vetorino.com\/boutique\/#organization\",\"name\":\"V\u00e9torino\",\"url\":\"https:\/\/www.vetorino.com\/boutique\/\",\"logo\":{\"@type\":\"ImageObject\",\"inLanguage\":\"fr-FR\",\"@id\":\"https:\/\/www.vetorino.com\/boutique\/#\/schema\/logo\/image\/\",\"url\":\"https:\/\/www.vetorino.com\/boutique\/wp-content\/uploads\/2024\/10\/logo.jpg\",\"contentUrl\":\"https:\/\/www.vetorino.com\/boutique\/wp-content\/uploads\/2024\/10\/logo.jpg\",\"width\":1200,\"height\":610,\"caption\":\"V\u00e9torino\"},\"image\":{\"@id\":\"https:\/\/www.vetorino.com\/boutique\/#\/schema\/logo\/image\/\"},\"sameAs\":[\"https:\/\/www.facebook.com\/Vetorino\/\",\"https:\/\/www.instagram.com\/vetorino_off\/\",\"https:\/\/www.linkedin.com\/company\/vtorino\/\"]}]}<\/script>\n<meta property=\"product:brand\" content=\"Calibra\" \/>\n<meta property=\"product:price:amount\" content=\"12.69\" \/>\n<meta property=\"product:price:currency\" content=\"EUR\" \/>\n<meta property=\"og:availability\" content=\"instock\" \/>\n<meta property=\"product:availability\" content=\"instock\" \/>\n<meta property=\"product:retailer_item_id\" content=\"O-639246\" \/>\n<meta property=\"product:condition\" content=\"new\" \/>\n<!-- \/ Yoast SEO plugin. -->","yoast_head_json":{"title":"Chat St\u00e9rilis\u00e9 Life Adulte Dinde Calibra - V\u00e9torino","description":"Aliment humide complet pour chats st\u00e9rilis\u00e9s \u00e0 base de dinde.   Aliment humide savoureux \u00e0 la dinde  Formule adapt\u00e9e aux chats st\u00e9rilis\u00e9s  Riche en nutriments essentiels et vitamines  Id\u00e9al pour la bi-nutrition. Son d\u00e9licieux go\u00fbt de dinde s\u00e9duira m\u00eame les chats les plus difficiles.","robots":{"index":"noindex","follow":"nofollow"},"og_locale":"fr_FR","og_type":"article","og_title":"Chat St\u00e9rilis\u00e9 Life Adulte Dinde Calibra - V\u00e9torino","og_description":"Aliment humide complet pour chats st\u00e9rilis\u00e9s \u00e0 base de dinde.   Aliment humide savoureux \u00e0 la dinde  Formule adapt\u00e9e aux chats st\u00e9rilis\u00e9s  Riche en nutriments essentiels et vitamines  Id\u00e9al pour la bi-nutrition. Son d\u00e9licieux go\u00fbt de dinde s\u00e9duira m\u00eame les chats les plus difficiles.","og_url":"https:\/\/www.vetorino.com\/veterinaire\/chillymazarin-91380\/boutique\/product\/life-cat-adult-sterilized-turkey\/","og_site_name":"V\u00e9torino","article_publisher":"https:\/\/www.facebook.com\/Vetorino\/","article_modified_time":"2025-11-19T11:30:53+00:00","og_image":[{"width":800,"height":800,"url":"https:\/\/www.vetorino.com\/boutique\/wp-content\/uploads\/2022\/11\/cal-lf-ct-adult-steril-turkey6x200g-2.jpg","type":"image\/jpeg"}],"twitter_card":"summary_large_image","twitter_misc":{"Prix":"12,69&euro;","Disponibilit\u00e9":"En stock"},"schema":{"@context":"https:\/\/schema.org","@graph":[{"@type":"WebPage","@id":"https:\/\/www.vetorino.com\/boutique\/product\/life-cat-adult-sterilized-turkey\/","url":"https:\/\/www.vetorino.com\/boutique\/product\/life-cat-adult-sterilized-turkey\/","name":"Chat St\u00e9rilis\u00e9 Life Adulte Dinde Calibra - V\u00e9torino","isPartOf":{"@id":"https:\/\/www.vetorino.com\/boutique\/#website"},"primaryImageOfPage":{"@id":"https:\/\/www.vetorino.com\/boutique\/product\/life-cat-adult-sterilized-turkey\/#primaryimage"},"image":{"@id":"https:\/\/www.vetorino.com\/boutique\/product\/life-cat-adult-sterilized-turkey\/#primaryimage"},"thumbnailUrl":"https:\/\/www.vetorino.com\/boutique\/wp-content\/uploads\/2022\/11\/cal-lf-ct-adult-steril-turkey6x200g-2.jpg","datePublished":"2022-11-09T16:51:23+00:00","dateModified":"2025-11-19T11:30:53+00:00","description":"Aliment humide complet pour chats st\u00e9rilis\u00e9s \u00e0 base de dinde. Aliment humide savoureux \u00e0 la dinde Formule adapt\u00e9e aux chats st\u00e9rilis\u00e9s Riche en nutriments essentiels et vitamines Id\u00e9al pour la bi-nutrition. Son d\u00e9licieux go\u00fbt de dinde s\u00e9duira m\u00eame les chats les plus difficiles.","breadcrumb":{"@id":"https:\/\/www.vetorino.com\/boutique\/product\/life-cat-adult-sterilized-turkey\/#breadcrumb"},"inLanguage":"fr-FR","potentialAction":[{"@type":"ReadAction","target":["https:\/\/www.vetorino.com\/boutique\/product\/life-cat-adult-sterilized-turkey\/"]}]},{"@type":"ImageObject","inLanguage":"fr-FR","@id":"https:\/\/www.vetorino.com\/boutique\/product\/life-cat-adult-sterilized-turkey\/#primaryimage","url":"https:\/\/www.vetorino.com\/boutique\/wp-content\/uploads\/2022\/11\/cal-lf-ct-adult-steril-turkey6x200g-2.jpg","contentUrl":"https:\/\/www.vetorino.com\/boutique\/wp-content\/uploads\/2022\/11\/cal-lf-ct-adult-steril-turkey6x200g-2.jpg","width":800,"height":800},{"@type":"BreadcrumbList","@id":"https:\/\/www.vetorino.com\/boutique\/product\/life-cat-adult-sterilized-turkey\/#breadcrumb","itemListElement":[{"@type":"ListItem","position":1,"name":"Accueil","item":"https:\/\/www.vetorino.com\/boutique\/"},{"@type":"ListItem","position":2,"name":"Produits","item":"https:\/\/www.vetorino.com\/boutique\/"},{"@type":"ListItem","position":3,"name":"Chat St\u00e9rilis\u00e9 Life Adulte Dinde"}]},{"@type":"WebSite","@id":"https:\/\/www.vetorino.com\/boutique\/#website","url":"https:\/\/www.vetorino.com\/boutique\/","name":"V\u00e9torino","description":"","publisher":{"@id":"https:\/\/www.vetorino.com\/boutique\/#organization"},"potentialAction":[{"@type":"SearchAction","target":{"@type":"EntryPoint","urlTemplate":"https:\/\/www.vetorino.com\/boutique\/?s={search_term_string}"},"query-input":{"@type":"PropertyValueSpecification","valueRequired":true,"valueName":"search_term_string"}}],"inLanguage":"fr-FR"},{"@type":"Organization","@id":"https:\/\/www.vetorino.com\/boutique\/#organization","name":"V\u00e9torino","url":"https:\/\/www.vetorino.com\/boutique\/","logo":{"@type":"ImageObject","inLanguage":"fr-FR","@id":"https:\/\/www.vetorino.com\/boutique\/#\/schema\/logo\/image\/","url":"https:\/\/www.vetorino.com\/boutique\/wp-content\/uploads\/2024\/10\/logo.jpg","contentUrl":"https:\/\/www.vetorino.com\/boutique\/wp-content\/uploads\/2024\/10\/logo.jpg","width":1200,"height":610,"caption":"V\u00e9torino"},"image":{"@id":"https:\/\/www.vetorino.com\/boutique\/#\/schema\/logo\/image\/"},"sameAs":["https:\/\/www.facebook.com\/Vetorino\/","https:\/\/www.instagram.com\/vetorino_off\/","https:\/\/www.linkedin.com\/company\/vtorino\/"]}]},"product_brand":"Calibra","product_price_amount":"12.69","product_price_currency":"EUR","og_availability":"instock","product_availability":"instock","product_retailer_item_id":"O-639246","product_condition":"new"},"_links":{"self":[{"href":"https:\/\/www.vetorino.com\/veterinaire\/chillymazarin-91380\/boutique\/wp-json\/wp\/v2\/product\/503837","targetHints":{"allow":["GET"]}}],"collection":[{"href":"https:\/\/www.vetorino.com\/veterinaire\/chillymazarin-91380\/boutique\/wp-json\/wp\/v2\/product"}],"about":[{"href":"https:\/\/www.vetorino.com\/veterinaire\/chillymazarin-91380\/boutique\/wp-json\/wp\/v2\/types\/product"}],"wp:featuredmedia":[{"embeddable":true,"href":"https:\/\/www.vetorino.com\/veterinaire\/chillymazarin-91380\/boutique\/wp-json\/wp\/v2\/media\/592544"}],"wp:attachment":[{"href":"https:\/\/www.vetorino.com\/veterinaire\/chillymazarin-91380\/boutique\/wp-json\/wp\/v2\/media?parent=503837"}],"wp:term":[{"taxonomy":"product_cat","embeddable":true,"href":"https:\/\/www.vetorino.com\/veterinaire\/chillymazarin-91380\/boutique\/wp-json\/wp\/v2\/product_cat?post=503837"},{"taxonomy":"product_tag","embeddable":true,"href":"https:\/\/www.vetorino.com\/veterinaire\/chillymazarin-91380\/boutique\/wp-json\/wp\/v2\/product_tag?post=503837"}],"curies":[{"name":"wp","href":"https:\/\/api.w.org\/{rel}","templated":true}]}}