{"id":503839,"date":"2022-11-09T17:51:29","date_gmt":"2022-11-09T16:51:29","guid":{"rendered":"https:\/\/www.vetorino.com\/boutique\/product\/life-adult-lamb\/"},"modified":"2025-11-19T15:31:32","modified_gmt":"2025-11-19T14:31:32","slug":"life-adult-lamb","status":"publish","type":"product","link":"https:\/\/www.vetorino.com\/veterinaire\/chillymazarin-91380\/boutique\/product\/life-adult-lamb\/","title":{"rendered":"Chat Life Adulte Agneau"},"content":{"rendered":"<p>Aliment<strong> pour les chats adultes ou adultes st\u00e9rilis\u00e9s actifs, <\/strong>adapt\u00e9 aussi<strong> pour les chats seniors. <\/strong><\/p>\n<p>La pr\u00e9sence de chondroprotecteurs de glucosamine ainsi que d\u2019Omega 3 apport\u00e9s par l\u2019huile de saumon, <strong>aide \u00e0 soutenir les articulations <\/strong>et<strong> favorise la mobilit\u00e9. <\/strong><\/p>\n<p>L\u2019agneau, quant \u00e0 lui, est une source de prot\u00e9ines de qualit\u00e9<strong> facilement digestible<\/strong>, ce qui est important pour les chats plus \u00e2g\u00e9s qui sont plus sensibles aux probl\u00e8mes digestifs.<\/p>\n<p>L\u2019ajout pr\u00e9biotiques et probiotiques permet <strong>un confort digestif optimal<\/strong> et l\u2019ajout de la taurine permet un apport \u00e9quilibr\u00e9 de cet acide amin\u00e9 essentiel chez le chat.<\/p>\n<p>Enfin, le taux de min\u00e9raux peu \u00e9lev\u00e9<strong> aide \u00e0 pr\u00e9venir le risque d\u2019apparition de calculs.<\/strong><\/p>\n","protected":false},"excerpt":{"rendered":"<div class=\"type short-description\">\n<p><strong>Aliment complet riche en agneau pour chats adultes et adapt\u00e9 aux seniors de toutes races.<\/strong><\/p>\n<\/div>\n<div class=\"block characteristics\">\n<div class=\"block-content is-paws-list\">\n<ul>\n<li>Riche en agneau pour une digestion optimale<\/li>\n<li>Soutient les articulations gr\u00e2ce \u00e0 la glucosamine<\/li>\n<li>Pr\u00e9biotiques et probiotiques pour un confort digestif<\/li>\n<\/ul>\n<\/div>\n<\/div>\n<div class=\"value\" data-role=\"content-preview\"><\/div>\n","protected":false},"featured_media":593898,"template":"","meta":[],"product_cat":[12551,12583,2697],"product_tag":[],"class_list":{"0":"post-503839","1":"product","2":"type-product","3":"status-publish","4":"has-post-thumbnail","6":"product_cat-alimentation-du-chat","7":"product_cat-alimentation-premium-pour-chat","8":"product_cat-chat","9":"pa_marque-calibra","11":"first","12":"instock","13":"taxable","14":"shipping-taxable","15":"purchasable","16":"product-type-variable"},"yoast_head":"<!-- This site is optimized with the Yoast SEO plugin v26.7 - https:\/\/yoast.com\/wordpress\/plugins\/seo\/ -->\n<title>Chat Life Adulte Agneau Calibra - V\u00e9torino<\/title>\n<meta name=\"description\" content=\"Aliment complet riche en agneau pour chats adultes et adapt\u00e9 aux seniors de toutes races.       Riche en agneau pour une digestion optimale  Soutient les articulations gr\u00e2ce \u00e0 la glucosamine  Pr\u00e9biotiques et probiotiques pour un confort digestif\" \/>\n<meta name=\"robots\" content=\"noindex, nofollow\" \/>\n<meta property=\"og:locale\" content=\"fr_FR\" \/>\n<meta property=\"og:type\" content=\"article\" \/>\n<meta property=\"og:title\" content=\"Chat Life Adulte Agneau Calibra - V\u00e9torino\" \/>\n<meta property=\"og:description\" content=\"Aliment complet riche en agneau pour chats adultes et adapt\u00e9 aux seniors de toutes races.       Riche en agneau pour une digestion optimale  Soutient les articulations gr\u00e2ce \u00e0 la glucosamine  Pr\u00e9biotiques et probiotiques pour un confort digestif\" \/>\n<meta property=\"og:url\" content=\"https:\/\/www.vetorino.com\/veterinaire\/chillymazarin-91380\/boutique\/product\/life-adult-lamb\/\" \/>\n<meta property=\"og:site_name\" content=\"V\u00e9torino\" \/>\n<meta property=\"article:publisher\" content=\"https:\/\/www.facebook.com\/Vetorino\/\" \/>\n<meta property=\"article:modified_time\" content=\"2025-11-19T14:31:32+00:00\" \/>\n<meta property=\"og:image\" content=\"https:\/\/www.vetorino.com\/boutique\/wp-content\/uploads\/2022\/11\/Capture-decran-2023-04-12-a-16.23.40.png\" \/>\n\t<meta property=\"og:image:width\" content=\"766\" \/>\n\t<meta property=\"og:image:height\" content=\"836\" \/>\n\t<meta property=\"og:image:type\" content=\"image\/png\" \/>\n<meta name=\"twitter:card\" content=\"summary_large_image\" \/>\n<meta name=\"twitter:label1\" content=\"Disponibilit\u00e9\" \/>\n\t<meta name=\"twitter:data1\" content=\"En stock\" \/>\n<script type=\"application\/ld+json\" class=\"yoast-schema-graph\">{\"@context\":\"https:\/\/schema.org\",\"@graph\":[{\"@type\":\"WebPage\",\"@id\":\"https:\/\/www.vetorino.com\/boutique\/product\/life-adult-lamb\/\",\"url\":\"https:\/\/www.vetorino.com\/boutique\/product\/life-adult-lamb\/\",\"name\":\"Chat Life Adulte Agneau Calibra - V\u00e9torino\",\"isPartOf\":{\"@id\":\"https:\/\/www.vetorino.com\/boutique\/#website\"},\"primaryImageOfPage\":{\"@id\":\"https:\/\/www.vetorino.com\/boutique\/product\/life-adult-lamb\/#primaryimage\"},\"image\":{\"@id\":\"https:\/\/www.vetorino.com\/boutique\/product\/life-adult-lamb\/#primaryimage\"},\"thumbnailUrl\":\"https:\/\/www.vetorino.com\/boutique\/wp-content\/uploads\/2022\/11\/Capture-decran-2023-04-12-a-16.23.40.png\",\"datePublished\":\"2022-11-09T16:51:29+00:00\",\"dateModified\":\"2025-11-19T14:31:32+00:00\",\"description\":\"Aliment complet riche en agneau pour chats adultes et adapt\u00e9 aux seniors de toutes races. Riche en agneau pour une digestion optimale Soutient les articulations gr\u00e2ce \u00e0 la glucosamine Pr\u00e9biotiques et probiotiques pour un confort digestif\",\"breadcrumb\":{\"@id\":\"https:\/\/www.vetorino.com\/boutique\/product\/life-adult-lamb\/#breadcrumb\"},\"inLanguage\":\"fr-FR\",\"potentialAction\":[{\"@type\":\"ReadAction\",\"target\":[\"https:\/\/www.vetorino.com\/boutique\/product\/life-adult-lamb\/\"]}]},{\"@type\":\"ImageObject\",\"inLanguage\":\"fr-FR\",\"@id\":\"https:\/\/www.vetorino.com\/boutique\/product\/life-adult-lamb\/#primaryimage\",\"url\":\"https:\/\/www.vetorino.com\/boutique\/wp-content\/uploads\/2022\/11\/Capture-decran-2023-04-12-a-16.23.40.png\",\"contentUrl\":\"https:\/\/www.vetorino.com\/boutique\/wp-content\/uploads\/2022\/11\/Capture-decran-2023-04-12-a-16.23.40.png\",\"width\":766,\"height\":836},{\"@type\":\"BreadcrumbList\",\"@id\":\"https:\/\/www.vetorino.com\/boutique\/product\/life-adult-lamb\/#breadcrumb\",\"itemListElement\":[{\"@type\":\"ListItem\",\"position\":1,\"name\":\"Accueil\",\"item\":\"https:\/\/www.vetorino.com\/boutique\/\"},{\"@type\":\"ListItem\",\"position\":2,\"name\":\"Produits\",\"item\":\"https:\/\/www.vetorino.com\/boutique\/\"},{\"@type\":\"ListItem\",\"position\":3,\"name\":\"Chat Life Adulte Agneau\"}]},{\"@type\":\"WebSite\",\"@id\":\"https:\/\/www.vetorino.com\/boutique\/#website\",\"url\":\"https:\/\/www.vetorino.com\/boutique\/\",\"name\":\"V\u00e9torino\",\"description\":\"\",\"publisher\":{\"@id\":\"https:\/\/www.vetorino.com\/boutique\/#organization\"},\"potentialAction\":[{\"@type\":\"SearchAction\",\"target\":{\"@type\":\"EntryPoint\",\"urlTemplate\":\"https:\/\/www.vetorino.com\/boutique\/?s={search_term_string}\"},\"query-input\":{\"@type\":\"PropertyValueSpecification\",\"valueRequired\":true,\"valueName\":\"search_term_string\"}}],\"inLanguage\":\"fr-FR\"},{\"@type\":\"Organization\",\"@id\":\"https:\/\/www.vetorino.com\/boutique\/#organization\",\"name\":\"V\u00e9torino\",\"url\":\"https:\/\/www.vetorino.com\/boutique\/\",\"logo\":{\"@type\":\"ImageObject\",\"inLanguage\":\"fr-FR\",\"@id\":\"https:\/\/www.vetorino.com\/boutique\/#\/schema\/logo\/image\/\",\"url\":\"https:\/\/www.vetorino.com\/boutique\/wp-content\/uploads\/2024\/10\/logo.jpg\",\"contentUrl\":\"https:\/\/www.vetorino.com\/boutique\/wp-content\/uploads\/2024\/10\/logo.jpg\",\"width\":1200,\"height\":610,\"caption\":\"V\u00e9torino\"},\"image\":{\"@id\":\"https:\/\/www.vetorino.com\/boutique\/#\/schema\/logo\/image\/\"},\"sameAs\":[\"https:\/\/www.facebook.com\/Vetorino\/\",\"https:\/\/www.instagram.com\/vetorino_off\/\",\"https:\/\/www.linkedin.com\/company\/vtorino\/\"]}]}<\/script>\n<meta property=\"product:brand\" content=\"Calibra\" \/>\n<meta property=\"og:availability\" content=\"instock\" \/>\n<meta property=\"product:availability\" content=\"instock\" \/>\n<meta property=\"product:condition\" content=\"new\" \/>\n<!-- \/ Yoast SEO plugin. -->","yoast_head_json":{"title":"Chat Life Adulte Agneau Calibra - V\u00e9torino","description":"Aliment complet riche en agneau pour chats adultes et adapt\u00e9 aux seniors de toutes races.       Riche en agneau pour une digestion optimale  Soutient les articulations gr\u00e2ce \u00e0 la glucosamine  Pr\u00e9biotiques et probiotiques pour un confort digestif","robots":{"index":"noindex","follow":"nofollow"},"og_locale":"fr_FR","og_type":"article","og_title":"Chat Life Adulte Agneau Calibra - V\u00e9torino","og_description":"Aliment complet riche en agneau pour chats adultes et adapt\u00e9 aux seniors de toutes races.       Riche en agneau pour une digestion optimale  Soutient les articulations gr\u00e2ce \u00e0 la glucosamine  Pr\u00e9biotiques et probiotiques pour un confort digestif","og_url":"https:\/\/www.vetorino.com\/veterinaire\/chillymazarin-91380\/boutique\/product\/life-adult-lamb\/","og_site_name":"V\u00e9torino","article_publisher":"https:\/\/www.facebook.com\/Vetorino\/","article_modified_time":"2025-11-19T14:31:32+00:00","og_image":[{"width":766,"height":836,"url":"https:\/\/www.vetorino.com\/boutique\/wp-content\/uploads\/2022\/11\/Capture-decran-2023-04-12-a-16.23.40.png","type":"image\/png"}],"twitter_card":"summary_large_image","twitter_misc":{"Disponibilit\u00e9":"En stock"},"schema":{"@context":"https:\/\/schema.org","@graph":[{"@type":"WebPage","@id":"https:\/\/www.vetorino.com\/boutique\/product\/life-adult-lamb\/","url":"https:\/\/www.vetorino.com\/boutique\/product\/life-adult-lamb\/","name":"Chat Life Adulte Agneau Calibra - V\u00e9torino","isPartOf":{"@id":"https:\/\/www.vetorino.com\/boutique\/#website"},"primaryImageOfPage":{"@id":"https:\/\/www.vetorino.com\/boutique\/product\/life-adult-lamb\/#primaryimage"},"image":{"@id":"https:\/\/www.vetorino.com\/boutique\/product\/life-adult-lamb\/#primaryimage"},"thumbnailUrl":"https:\/\/www.vetorino.com\/boutique\/wp-content\/uploads\/2022\/11\/Capture-decran-2023-04-12-a-16.23.40.png","datePublished":"2022-11-09T16:51:29+00:00","dateModified":"2025-11-19T14:31:32+00:00","description":"Aliment complet riche en agneau pour chats adultes et adapt\u00e9 aux seniors de toutes races. Riche en agneau pour une digestion optimale Soutient les articulations gr\u00e2ce \u00e0 la glucosamine Pr\u00e9biotiques et probiotiques pour un confort digestif","breadcrumb":{"@id":"https:\/\/www.vetorino.com\/boutique\/product\/life-adult-lamb\/#breadcrumb"},"inLanguage":"fr-FR","potentialAction":[{"@type":"ReadAction","target":["https:\/\/www.vetorino.com\/boutique\/product\/life-adult-lamb\/"]}]},{"@type":"ImageObject","inLanguage":"fr-FR","@id":"https:\/\/www.vetorino.com\/boutique\/product\/life-adult-lamb\/#primaryimage","url":"https:\/\/www.vetorino.com\/boutique\/wp-content\/uploads\/2022\/11\/Capture-decran-2023-04-12-a-16.23.40.png","contentUrl":"https:\/\/www.vetorino.com\/boutique\/wp-content\/uploads\/2022\/11\/Capture-decran-2023-04-12-a-16.23.40.png","width":766,"height":836},{"@type":"BreadcrumbList","@id":"https:\/\/www.vetorino.com\/boutique\/product\/life-adult-lamb\/#breadcrumb","itemListElement":[{"@type":"ListItem","position":1,"name":"Accueil","item":"https:\/\/www.vetorino.com\/boutique\/"},{"@type":"ListItem","position":2,"name":"Produits","item":"https:\/\/www.vetorino.com\/boutique\/"},{"@type":"ListItem","position":3,"name":"Chat Life Adulte Agneau"}]},{"@type":"WebSite","@id":"https:\/\/www.vetorino.com\/boutique\/#website","url":"https:\/\/www.vetorino.com\/boutique\/","name":"V\u00e9torino","description":"","publisher":{"@id":"https:\/\/www.vetorino.com\/boutique\/#organization"},"potentialAction":[{"@type":"SearchAction","target":{"@type":"EntryPoint","urlTemplate":"https:\/\/www.vetorino.com\/boutique\/?s={search_term_string}"},"query-input":{"@type":"PropertyValueSpecification","valueRequired":true,"valueName":"search_term_string"}}],"inLanguage":"fr-FR"},{"@type":"Organization","@id":"https:\/\/www.vetorino.com\/boutique\/#organization","name":"V\u00e9torino","url":"https:\/\/www.vetorino.com\/boutique\/","logo":{"@type":"ImageObject","inLanguage":"fr-FR","@id":"https:\/\/www.vetorino.com\/boutique\/#\/schema\/logo\/image\/","url":"https:\/\/www.vetorino.com\/boutique\/wp-content\/uploads\/2024\/10\/logo.jpg","contentUrl":"https:\/\/www.vetorino.com\/boutique\/wp-content\/uploads\/2024\/10\/logo.jpg","width":1200,"height":610,"caption":"V\u00e9torino"},"image":{"@id":"https:\/\/www.vetorino.com\/boutique\/#\/schema\/logo\/image\/"},"sameAs":["https:\/\/www.facebook.com\/Vetorino\/","https:\/\/www.instagram.com\/vetorino_off\/","https:\/\/www.linkedin.com\/company\/vtorino\/"]}]},"product_brand":"Calibra","og_availability":"instock","product_availability":"instock","product_condition":"new"},"_links":{"self":[{"href":"https:\/\/www.vetorino.com\/veterinaire\/chillymazarin-91380\/boutique\/wp-json\/wp\/v2\/product\/503839","targetHints":{"allow":["GET"]}}],"collection":[{"href":"https:\/\/www.vetorino.com\/veterinaire\/chillymazarin-91380\/boutique\/wp-json\/wp\/v2\/product"}],"about":[{"href":"https:\/\/www.vetorino.com\/veterinaire\/chillymazarin-91380\/boutique\/wp-json\/wp\/v2\/types\/product"}],"wp:featuredmedia":[{"embeddable":true,"href":"https:\/\/www.vetorino.com\/veterinaire\/chillymazarin-91380\/boutique\/wp-json\/wp\/v2\/media\/593898"}],"wp:attachment":[{"href":"https:\/\/www.vetorino.com\/veterinaire\/chillymazarin-91380\/boutique\/wp-json\/wp\/v2\/media?parent=503839"}],"wp:term":[{"taxonomy":"product_cat","embeddable":true,"href":"https:\/\/www.vetorino.com\/veterinaire\/chillymazarin-91380\/boutique\/wp-json\/wp\/v2\/product_cat?post=503839"},{"taxonomy":"product_tag","embeddable":true,"href":"https:\/\/www.vetorino.com\/veterinaire\/chillymazarin-91380\/boutique\/wp-json\/wp\/v2\/product_tag?post=503839"}],"curies":[{"name":"wp","href":"https:\/\/api.w.org\/{rel}","templated":true}]}}