{"id":506786,"date":"2022-11-16T15:18:44","date_gmt":"2022-11-16T14:18:44","guid":{"rendered":"https:\/\/www.vetorino.com\/boutique\/?post_type=product&#038;p=506786"},"modified":"2023-04-10T11:16:07","modified_gmt":"2023-04-10T09:16:07","slug":"abri-tipi-en-feutre","status":"publish","type":"product","link":"https:\/\/www.vetorino.com\/veterinaire\/chillymazarin-91380\/boutique\/product\/abri-tipi-en-feutre\/","title":{"rendered":"Abri Tipi en feutre"},"content":{"rendered":"<p><strong>L&#8217;Abri Tipi de chez Trixie est une niche en feutre pour chat. Gr\u00e2ce \u00e0 son coussin en peluche rembourr\u00e9 elle constitue un abri douillet pour votre compagnon \u00e0 quatre pattes.<\/strong><\/p>\n<p>Le Tipi de chez Trixie constitue un\u00a0abri douillet pour votre chat.<br \/>\nTr\u00e8s confortable gr\u00e2ce \u00e0 son\u00a0coussin rembourr\u00e9, c&#8217;est l&#8217;endroit id\u00e9al pour se reposer et se cacher.<br \/>\nSon\u00a0tissu en feutre\u00a0le rend tr\u00e8s moderne, il s&#8217;adaptera facilement \u00e0 l&#8217;int\u00e9rieur de votre maison.<\/p>\n<p><strong>Caract\u00e9ristiques<\/strong>\u00a0:<\/p>\n<ul>\n<li>en feutre (polyester)<\/li>\n<li>coussin recouvert de peluche long poil (polyester) et rembourrage fibres polyester<\/li>\n<li>pliable et rangement peu encombrant<\/li>\n<li>fond anti-d\u00e9rapant<\/li>\n<li>dimensions :\u00a055 \u00d7 65 \u00d7 55 cm<\/li>\n<\/ul>\n<p>&nbsp;<\/p>\n","protected":false},"excerpt":{"rendered":"<p><strong>L&#8217;Abri Tipi de chez Trixie est une niche en feutre pour chat. Gr\u00e2ce \u00e0 son coussin en peluche rembourr\u00e9 elle constitue un abri douillet pour votre compagnon \u00e0 quatre pattes.<\/strong><\/p>\n<p>&nbsp;<\/p>\n","protected":false},"featured_media":591894,"template":"","meta":[],"product_cat":[12548,12550,2697,2698,12595,12596],"product_tag":[],"class_list":{"0":"post-506786","1":"product","2":"type-product","3":"status-publish","4":"has-post-thumbnail","6":"product_cat-accessoire-du-chat","7":"product_cat-accessoires-du-chien","8":"product_cat-chat","9":"product_cat-chien","10":"product_cat-confort-du-chat","11":"product_cat-confort-du-chien","12":"pa_marque-trixie","14":"first","15":"instock","16":"taxable","17":"shipping-taxable","18":"purchasable","19":"product-type-simple"},"yoast_head":"<!-- This site is optimized with the Yoast SEO plugin v26.7 - https:\/\/yoast.com\/wordpress\/plugins\/seo\/ -->\n<title>Abri Tipi en feutre Trixie - V\u00e9torino<\/title>\n<meta name=\"description\" content=\"L&#039;Abri Tipi de chez Trixie est une niche en feutre pour chat. Gr\u00e2ce \u00e0 son coussin en peluche rembourr\u00e9 elle constitue un abri douillet pour votre compagnon \u00e0 quatre pattes.  &nbsp;\" \/>\n<meta name=\"robots\" content=\"noindex, nofollow\" \/>\n<meta property=\"og:locale\" content=\"fr_FR\" \/>\n<meta property=\"og:type\" content=\"article\" \/>\n<meta property=\"og:title\" content=\"Abri Tipi en feutre Trixie - V\u00e9torino\" \/>\n<meta property=\"og:description\" content=\"L&#039;Abri Tipi de chez Trixie est une niche en feutre pour chat. Gr\u00e2ce \u00e0 son coussin en peluche rembourr\u00e9 elle constitue un abri douillet pour votre compagnon \u00e0 quatre pattes.  &nbsp;\" \/>\n<meta property=\"og:url\" content=\"https:\/\/www.vetorino.com\/veterinaire\/chillymazarin-91380\/boutique\/product\/abri-tipi-en-feutre\/\" \/>\n<meta property=\"og:site_name\" content=\"V\u00e9torino\" \/>\n<meta property=\"article:publisher\" content=\"https:\/\/www.facebook.com\/Vetorino\/\" \/>\n<meta property=\"article:modified_time\" content=\"2023-04-10T09:16:07+00:00\" \/>\n<meta property=\"og:image\" content=\"https:\/\/www.vetorino.com\/boutique\/wp-content\/uploads\/2022\/11\/99e7f7974b998be498aa77c7172cf4e54471dda1f25f15648164667751069225.jpeg\" \/>\n\t<meta property=\"og:image:width\" content=\"1940\" \/>\n\t<meta property=\"og:image:height\" content=\"2000\" \/>\n\t<meta property=\"og:image:type\" content=\"image\/jpeg\" \/>\n<meta name=\"twitter:card\" content=\"summary_large_image\" \/>\n<meta name=\"twitter:label1\" content=\"Prix\" \/>\n\t<meta name=\"twitter:data1\" content=\"26,65&euro;\" \/>\n\t<meta name=\"twitter:label2\" content=\"Disponibilit\u00e9\" \/>\n\t<meta name=\"twitter:data2\" content=\"En stock\" \/>\n<script type=\"application\/ld+json\" class=\"yoast-schema-graph\">{\"@context\":\"https:\/\/schema.org\",\"@graph\":[{\"@type\":\"WebPage\",\"@id\":\"https:\/\/www.vetorino.com\/boutique\/product\/abri-tipi-en-feutre\/\",\"url\":\"https:\/\/www.vetorino.com\/boutique\/product\/abri-tipi-en-feutre\/\",\"name\":\"Abri Tipi en feutre Trixie - V\u00e9torino\",\"isPartOf\":{\"@id\":\"https:\/\/www.vetorino.com\/boutique\/#website\"},\"primaryImageOfPage\":{\"@id\":\"https:\/\/www.vetorino.com\/boutique\/product\/abri-tipi-en-feutre\/#primaryimage\"},\"image\":{\"@id\":\"https:\/\/www.vetorino.com\/boutique\/product\/abri-tipi-en-feutre\/#primaryimage\"},\"thumbnailUrl\":\"https:\/\/www.vetorino.com\/boutique\/wp-content\/uploads\/2022\/11\/99e7f7974b998be498aa77c7172cf4e54471dda1f25f15648164667751069225.jpeg\",\"datePublished\":\"2022-11-16T14:18:44+00:00\",\"dateModified\":\"2023-04-10T09:16:07+00:00\",\"description\":\"L'Abri Tipi de chez Trixie est une niche en feutre pour chat. Gr\u00e2ce \u00e0 son coussin en peluche rembourr\u00e9 elle constitue un abri douillet pour votre compagnon \u00e0 quatre pattes. &nbsp;\",\"breadcrumb\":{\"@id\":\"https:\/\/www.vetorino.com\/boutique\/product\/abri-tipi-en-feutre\/#breadcrumb\"},\"inLanguage\":\"fr-FR\",\"potentialAction\":[{\"@type\":\"ReadAction\",\"target\":[\"https:\/\/www.vetorino.com\/boutique\/product\/abri-tipi-en-feutre\/\"]}]},{\"@type\":\"ImageObject\",\"inLanguage\":\"fr-FR\",\"@id\":\"https:\/\/www.vetorino.com\/boutique\/product\/abri-tipi-en-feutre\/#primaryimage\",\"url\":\"https:\/\/www.vetorino.com\/boutique\/wp-content\/uploads\/2022\/11\/99e7f7974b998be498aa77c7172cf4e54471dda1f25f15648164667751069225.jpeg\",\"contentUrl\":\"https:\/\/www.vetorino.com\/boutique\/wp-content\/uploads\/2022\/11\/99e7f7974b998be498aa77c7172cf4e54471dda1f25f15648164667751069225.jpeg\",\"width\":1940,\"height\":2000},{\"@type\":\"BreadcrumbList\",\"@id\":\"https:\/\/www.vetorino.com\/boutique\/product\/abri-tipi-en-feutre\/#breadcrumb\",\"itemListElement\":[{\"@type\":\"ListItem\",\"position\":1,\"name\":\"Accueil\",\"item\":\"https:\/\/www.vetorino.com\/boutique\/\"},{\"@type\":\"ListItem\",\"position\":2,\"name\":\"Produits\",\"item\":\"https:\/\/www.vetorino.com\/boutique\/\"},{\"@type\":\"ListItem\",\"position\":3,\"name\":\"Abri Tipi en feutre\"}]},{\"@type\":\"WebSite\",\"@id\":\"https:\/\/www.vetorino.com\/boutique\/#website\",\"url\":\"https:\/\/www.vetorino.com\/boutique\/\",\"name\":\"V\u00e9torino\",\"description\":\"\",\"publisher\":{\"@id\":\"https:\/\/www.vetorino.com\/boutique\/#organization\"},\"potentialAction\":[{\"@type\":\"SearchAction\",\"target\":{\"@type\":\"EntryPoint\",\"urlTemplate\":\"https:\/\/www.vetorino.com\/boutique\/?s={search_term_string}\"},\"query-input\":{\"@type\":\"PropertyValueSpecification\",\"valueRequired\":true,\"valueName\":\"search_term_string\"}}],\"inLanguage\":\"fr-FR\"},{\"@type\":\"Organization\",\"@id\":\"https:\/\/www.vetorino.com\/boutique\/#organization\",\"name\":\"V\u00e9torino\",\"url\":\"https:\/\/www.vetorino.com\/boutique\/\",\"logo\":{\"@type\":\"ImageObject\",\"inLanguage\":\"fr-FR\",\"@id\":\"https:\/\/www.vetorino.com\/boutique\/#\/schema\/logo\/image\/\",\"url\":\"https:\/\/www.vetorino.com\/boutique\/wp-content\/uploads\/2024\/10\/logo.jpg\",\"contentUrl\":\"https:\/\/www.vetorino.com\/boutique\/wp-content\/uploads\/2024\/10\/logo.jpg\",\"width\":1200,\"height\":610,\"caption\":\"V\u00e9torino\"},\"image\":{\"@id\":\"https:\/\/www.vetorino.com\/boutique\/#\/schema\/logo\/image\/\"},\"sameAs\":[\"https:\/\/www.facebook.com\/Vetorino\/\",\"https:\/\/www.instagram.com\/vetorino_off\/\",\"https:\/\/www.linkedin.com\/company\/vtorino\/\"]}]}<\/script>\n<meta property=\"product:brand\" content=\"Trixie\" \/>\n<meta property=\"product:price:amount\" content=\"26.65\" \/>\n<meta property=\"product:price:currency\" content=\"EUR\" \/>\n<meta property=\"og:availability\" content=\"instock\" \/>\n<meta property=\"product:availability\" content=\"instock\" \/>\n<meta property=\"product:retailer_item_id\" content=\"O-805080\" \/>\n<meta property=\"product:condition\" content=\"new\" \/>\n<!-- \/ Yoast SEO plugin. -->","yoast_head_json":{"title":"Abri Tipi en feutre Trixie - V\u00e9torino","description":"L'Abri Tipi de chez Trixie est une niche en feutre pour chat. Gr\u00e2ce \u00e0 son coussin en peluche rembourr\u00e9 elle constitue un abri douillet pour votre compagnon \u00e0 quatre pattes.  &nbsp;","robots":{"index":"noindex","follow":"nofollow"},"og_locale":"fr_FR","og_type":"article","og_title":"Abri Tipi en feutre Trixie - V\u00e9torino","og_description":"L'Abri Tipi de chez Trixie est une niche en feutre pour chat. Gr\u00e2ce \u00e0 son coussin en peluche rembourr\u00e9 elle constitue un abri douillet pour votre compagnon \u00e0 quatre pattes.  &nbsp;","og_url":"https:\/\/www.vetorino.com\/veterinaire\/chillymazarin-91380\/boutique\/product\/abri-tipi-en-feutre\/","og_site_name":"V\u00e9torino","article_publisher":"https:\/\/www.facebook.com\/Vetorino\/","article_modified_time":"2023-04-10T09:16:07+00:00","og_image":[{"width":1940,"height":2000,"url":"https:\/\/www.vetorino.com\/boutique\/wp-content\/uploads\/2022\/11\/99e7f7974b998be498aa77c7172cf4e54471dda1f25f15648164667751069225.jpeg","type":"image\/jpeg"}],"twitter_card":"summary_large_image","twitter_misc":{"Prix":"26,65&euro;","Disponibilit\u00e9":"En stock"},"schema":{"@context":"https:\/\/schema.org","@graph":[{"@type":"WebPage","@id":"https:\/\/www.vetorino.com\/boutique\/product\/abri-tipi-en-feutre\/","url":"https:\/\/www.vetorino.com\/boutique\/product\/abri-tipi-en-feutre\/","name":"Abri Tipi en feutre Trixie - V\u00e9torino","isPartOf":{"@id":"https:\/\/www.vetorino.com\/boutique\/#website"},"primaryImageOfPage":{"@id":"https:\/\/www.vetorino.com\/boutique\/product\/abri-tipi-en-feutre\/#primaryimage"},"image":{"@id":"https:\/\/www.vetorino.com\/boutique\/product\/abri-tipi-en-feutre\/#primaryimage"},"thumbnailUrl":"https:\/\/www.vetorino.com\/boutique\/wp-content\/uploads\/2022\/11\/99e7f7974b998be498aa77c7172cf4e54471dda1f25f15648164667751069225.jpeg","datePublished":"2022-11-16T14:18:44+00:00","dateModified":"2023-04-10T09:16:07+00:00","description":"L'Abri Tipi de chez Trixie est une niche en feutre pour chat. Gr\u00e2ce \u00e0 son coussin en peluche rembourr\u00e9 elle constitue un abri douillet pour votre compagnon \u00e0 quatre pattes. &nbsp;","breadcrumb":{"@id":"https:\/\/www.vetorino.com\/boutique\/product\/abri-tipi-en-feutre\/#breadcrumb"},"inLanguage":"fr-FR","potentialAction":[{"@type":"ReadAction","target":["https:\/\/www.vetorino.com\/boutique\/product\/abri-tipi-en-feutre\/"]}]},{"@type":"ImageObject","inLanguage":"fr-FR","@id":"https:\/\/www.vetorino.com\/boutique\/product\/abri-tipi-en-feutre\/#primaryimage","url":"https:\/\/www.vetorino.com\/boutique\/wp-content\/uploads\/2022\/11\/99e7f7974b998be498aa77c7172cf4e54471dda1f25f15648164667751069225.jpeg","contentUrl":"https:\/\/www.vetorino.com\/boutique\/wp-content\/uploads\/2022\/11\/99e7f7974b998be498aa77c7172cf4e54471dda1f25f15648164667751069225.jpeg","width":1940,"height":2000},{"@type":"BreadcrumbList","@id":"https:\/\/www.vetorino.com\/boutique\/product\/abri-tipi-en-feutre\/#breadcrumb","itemListElement":[{"@type":"ListItem","position":1,"name":"Accueil","item":"https:\/\/www.vetorino.com\/boutique\/"},{"@type":"ListItem","position":2,"name":"Produits","item":"https:\/\/www.vetorino.com\/boutique\/"},{"@type":"ListItem","position":3,"name":"Abri Tipi en feutre"}]},{"@type":"WebSite","@id":"https:\/\/www.vetorino.com\/boutique\/#website","url":"https:\/\/www.vetorino.com\/boutique\/","name":"V\u00e9torino","description":"","publisher":{"@id":"https:\/\/www.vetorino.com\/boutique\/#organization"},"potentialAction":[{"@type":"SearchAction","target":{"@type":"EntryPoint","urlTemplate":"https:\/\/www.vetorino.com\/boutique\/?s={search_term_string}"},"query-input":{"@type":"PropertyValueSpecification","valueRequired":true,"valueName":"search_term_string"}}],"inLanguage":"fr-FR"},{"@type":"Organization","@id":"https:\/\/www.vetorino.com\/boutique\/#organization","name":"V\u00e9torino","url":"https:\/\/www.vetorino.com\/boutique\/","logo":{"@type":"ImageObject","inLanguage":"fr-FR","@id":"https:\/\/www.vetorino.com\/boutique\/#\/schema\/logo\/image\/","url":"https:\/\/www.vetorino.com\/boutique\/wp-content\/uploads\/2024\/10\/logo.jpg","contentUrl":"https:\/\/www.vetorino.com\/boutique\/wp-content\/uploads\/2024\/10\/logo.jpg","width":1200,"height":610,"caption":"V\u00e9torino"},"image":{"@id":"https:\/\/www.vetorino.com\/boutique\/#\/schema\/logo\/image\/"},"sameAs":["https:\/\/www.facebook.com\/Vetorino\/","https:\/\/www.instagram.com\/vetorino_off\/","https:\/\/www.linkedin.com\/company\/vtorino\/"]}]},"product_brand":"Trixie","product_price_amount":"26.65","product_price_currency":"EUR","og_availability":"instock","product_availability":"instock","product_retailer_item_id":"O-805080","product_condition":"new"},"_links":{"self":[{"href":"https:\/\/www.vetorino.com\/veterinaire\/chillymazarin-91380\/boutique\/wp-json\/wp\/v2\/product\/506786","targetHints":{"allow":["GET"]}}],"collection":[{"href":"https:\/\/www.vetorino.com\/veterinaire\/chillymazarin-91380\/boutique\/wp-json\/wp\/v2\/product"}],"about":[{"href":"https:\/\/www.vetorino.com\/veterinaire\/chillymazarin-91380\/boutique\/wp-json\/wp\/v2\/types\/product"}],"wp:featuredmedia":[{"embeddable":true,"href":"https:\/\/www.vetorino.com\/veterinaire\/chillymazarin-91380\/boutique\/wp-json\/wp\/v2\/media\/591894"}],"wp:attachment":[{"href":"https:\/\/www.vetorino.com\/veterinaire\/chillymazarin-91380\/boutique\/wp-json\/wp\/v2\/media?parent=506786"}],"wp:term":[{"taxonomy":"product_cat","embeddable":true,"href":"https:\/\/www.vetorino.com\/veterinaire\/chillymazarin-91380\/boutique\/wp-json\/wp\/v2\/product_cat?post=506786"},{"taxonomy":"product_tag","embeddable":true,"href":"https:\/\/www.vetorino.com\/veterinaire\/chillymazarin-91380\/boutique\/wp-json\/wp\/v2\/product_tag?post=506786"}],"curies":[{"name":"wp","href":"https:\/\/api.w.org\/{rel}","templated":true}]}}