{"id":104217,"date":"2020-06-30T18:07:50","date_gmt":"2020-06-30T16:07:50","guid":{"rendered":"https:\/\/www.vetorino.com\/boutique\/product\/viskyal\/"},"modified":"2024-05-27T17:13:13","modified_gmt":"2024-05-27T15:13:13","slug":"viskyal","status":"publish","type":"product","link":"https:\/\/www.vetorino.com\/veterinaire\/claveyson-26240\/boutique\/product\/viskyal\/","title":{"rendered":"Viskyal"},"content":{"rendered":"<p>Lubrifiant ophtalmique en collyre pour chiens, chats, chevaux de sport et de course. <br \/>&#8211; Assure \u00e0 la surface de l&#8217;oeil la formation d&#8217;un film stable et uniforme. <br \/>&#8211; Poss\u00e8de des propri\u00e9t\u00e9s hydratantes gr\u00e2ce \u00e0 sa capacit\u00e9 \u00e0 se lier \u00e0 un tr\u00e8s grand nombre de mol\u00e9cules d&#8217;eau.<\/p>\n<p>Viskyal s&#8217;utilise :<br \/>\n&#8211; dans les \u00e9tats de souffrance conjonctivale ou corn\u00e9enne (conjonctivite, k\u00e9ratite&#8230;)<br \/>\n&#8211; pour contr\u00f4ler la r\u00e9activit\u00e9 de l&#8217;oeil et optimiser son potentiel de r\u00e9cup\u00e9ration.<br \/>\n&#8211; pour am\u00e9liorer la r\u00e9ceptivit\u00e9 aux traitements (collyres traitants) mis en place.<\/p>\n<p>Propri\u00e9t\u00e9s :<br \/>\nViskyal est parfaitement tol\u00e9r\u00e9 et assure \u00e0 la surface de l&#8217;oeil la formation d&#8217;un film stable et uniforme.<\/p>\n<p>Viskyal :<br \/>\n&#8211; restaure le film lacrymal.<br \/>\n&#8211; am\u00e9liore l&#8217;ancrage des larmes sur la corn\u00e9e.<br \/>\n&#8211; diminue le frottement des paupi\u00e8res sur la surface du globe oculaire.<br \/>\n&#8211; facilite le processus de cicatrisation lors d&#8217;ulc\u00e8res corn\u00e9ens.<br \/>\n&#8211; suppl\u00e9 au d\u00e9ficit de mucus li\u00e9 \u00e0 l&#8217;inflammation lors de conjonctivites.<br \/>\n&#8211; am\u00e9liore l&#8217;apport hydrique lors de k\u00e9ratito-conjonctivites s\u00e8ches (KCS).<\/p>\n<p>Viskyal se conserve 60 jours apr\u00e8s ouverture. Viskyal peut \u00eatre associ\u00e9 \u00e0 tous les collyres traitants.<\/p>\n<p><strong>Comment s&#8217;utilise Viskal ?<\/strong><\/p>\n<p>Par voie oculaire : instiller 1 \u00e0 2 gouttes par \u0153il en moyenne 2 fois par jour.<br \/>\nBien refermer le flacon apr\u00e8s chaque utilisation.<\/p>\n","protected":false},"excerpt":{"rendered":"<p>Lubrifiant ophtalmique en collyre pour chiens, chats, chevaux de sport et de course. <br \/>&#8211; Assure \u00e0 la surface de l&#8217;oeil la formation d&#8217;un film stable et uniforme. <br \/>&#8211; Poss\u00e8de des propri\u00e9t\u00e9s hydratantes gr\u00e2ce \u00e0 sa capacit\u00e9 \u00e0 se lier \u00e0 un tr\u00e8s grand nombre de mol\u00e9cules d&#8217;eau.<\/p>\n<p>Viskyal s&#8217;utilise :<br \/>\n&#8211; dans les \u00e9tats de souffrance conjonctivale ou corn\u00e9enne (conjonctivite, k\u00e9ratite&#8230;)<br \/>\n&#8211; pour contr\u00f4ler la r\u00e9activit\u00e9 de l&#8217;oeil et optimiser son potentiel de r\u00e9cup\u00e9ration.<br \/>\n&#8211; pour am\u00e9liorer la r\u00e9ceptivit\u00e9 aux traitements (collyres traitants) mis en place.<\/p>\n","protected":false},"featured_media":78627,"template":"","meta":[],"product_cat":[12547,13409,12754],"product_tag":[],"class_list":{"0":"post-104217","1":"product","2":"type-product","3":"status-publish","4":"has-post-thumbnail","6":"product_cat-cheval","7":"product_cat-soin-des-yeux-du-cheval","8":"product_cat-soins-au-quotidien-du-cheval","9":"pa_marque-tvm","11":"first","12":"outofstock","13":"taxable","14":"shipping-taxable","15":"purchasable","16":"product-type-simple"},"yoast_head":"<!-- This site is optimized with the Yoast SEO plugin v27.3 - https:\/\/yoast.com\/product\/yoast-seo-wordpress\/ -->\n<title>Viskyal D\u00f4mes Pharma TVM - V\u00e9torino<\/title>\n<meta name=\"description\" content=\"Lubrifiant ophtalmique en collyre pour chiens, chats, chevaux de sport et de course. - Assure \u00e0 la surface de l&#039;oeil la formation d&#039;un film stable et uniforme. - Poss\u00e8de des propri\u00e9t\u00e9s hydratantes gr\u00e2ce \u00e0 sa capacit\u00e9 \u00e0 se lier \u00e0 un tr\u00e8s grand nombre de mol\u00e9cules d&#039;eau.  Viskyal s&#039;utilise : - dans les \u00e9tats de souffrance conjonctivale ou corn\u00e9enne (conjonctivite, k\u00e9ratite...)  - pour contr\u00f4ler la r\u00e9activit\u00e9 de l&#039;oeil et optimiser son potentiel de r\u00e9cup\u00e9ration.  - pour am\u00e9liorer la r\u00e9ceptivit\u00e9 aux traitements (collyres traitants) mis en place.\" \/>\n<meta name=\"robots\" content=\"noindex, nofollow\" \/>\n<meta property=\"og:locale\" content=\"fr_FR\" \/>\n<meta property=\"og:type\" content=\"article\" \/>\n<meta property=\"og:title\" content=\"Viskyal D\u00f4mes Pharma TVM - V\u00e9torino\" \/>\n<meta property=\"og:description\" content=\"Lubrifiant ophtalmique en collyre pour chiens, chats, chevaux de sport et de course. - Assure \u00e0 la surface de l&#039;oeil la formation d&#039;un film stable et uniforme. - Poss\u00e8de des propri\u00e9t\u00e9s hydratantes gr\u00e2ce \u00e0 sa capacit\u00e9 \u00e0 se lier \u00e0 un tr\u00e8s grand nombre de mol\u00e9cules d&#039;eau.  Viskyal s&#039;utilise : - dans les \u00e9tats de souffrance conjonctivale ou corn\u00e9enne (conjonctivite, k\u00e9ratite...)  - pour contr\u00f4ler la r\u00e9activit\u00e9 de l&#039;oeil et optimiser son potentiel de r\u00e9cup\u00e9ration.  - pour am\u00e9liorer la r\u00e9ceptivit\u00e9 aux traitements (collyres traitants) mis en place.\" \/>\n<meta property=\"og:url\" content=\"https:\/\/www.vetorino.com\/veterinaire\/claveyson-26240\/boutique\/product\/viskyal\/\" \/>\n<meta property=\"og:site_name\" content=\"V\u00e9torino\" \/>\n<meta property=\"article:publisher\" content=\"https:\/\/www.facebook.com\/Vetorino\/\" \/>\n<meta property=\"article:modified_time\" content=\"2024-05-27T15:13:13+00:00\" \/>\n<meta property=\"og:image\" content=\"https:\/\/www.vetorino.com\/boutique\/wp-content\/uploads\/2020\/03\/viskyal-collyre-fl-10-ml-12.jpg\" \/>\n\t<meta property=\"og:image:width\" content=\"800\" \/>\n\t<meta property=\"og:image:height\" content=\"800\" \/>\n\t<meta property=\"og:image:type\" content=\"image\/jpeg\" \/>\n<meta name=\"twitter:card\" content=\"summary_large_image\" \/>\n<meta name=\"twitter:label1\" content=\"Prix\" \/>\n\t<meta name=\"twitter:data1\" content=\"14,31&euro;\" \/>\n\t<meta name=\"twitter:label2\" content=\"Disponibilit\u00e9\" \/>\n\t<meta name=\"twitter:data2\" content=\"Rupture de stock\" \/>\n<script type=\"application\/ld+json\" class=\"yoast-schema-graph\">{\"@context\":\"https:\\\/\\\/schema.org\",\"@graph\":[{\"@type\":\"WebPage\",\"@id\":\"https:\\\/\\\/www.vetorino.com\\\/boutique\\\/product\\\/viskyal\\\/\",\"url\":\"https:\\\/\\\/www.vetorino.com\\\/boutique\\\/product\\\/viskyal\\\/\",\"name\":\"Viskyal D\u00f4mes Pharma TVM - V\u00e9torino\",\"isPartOf\":{\"@id\":\"https:\\\/\\\/www.vetorino.com\\\/boutique\\\/#website\"},\"primaryImageOfPage\":{\"@id\":\"https:\\\/\\\/www.vetorino.com\\\/boutique\\\/product\\\/viskyal\\\/#primaryimage\"},\"image\":{\"@id\":\"https:\\\/\\\/www.vetorino.com\\\/boutique\\\/product\\\/viskyal\\\/#primaryimage\"},\"thumbnailUrl\":\"https:\\\/\\\/www.vetorino.com\\\/boutique\\\/wp-content\\\/uploads\\\/2020\\\/03\\\/viskyal-collyre-fl-10-ml-12.jpg\",\"datePublished\":\"2020-06-30T16:07:50+00:00\",\"dateModified\":\"2024-05-27T15:13:13+00:00\",\"description\":\"Lubrifiant ophtalmique en collyre pour chiens, chats, chevaux de sport et de course. - Assure \u00e0 la surface de l'oeil la formation d'un film stable et uniforme. - Poss\u00e8de des propri\u00e9t\u00e9s hydratantes gr\u00e2ce \u00e0 sa capacit\u00e9 \u00e0 se lier \u00e0 un tr\u00e8s grand nombre de mol\u00e9cules d'eau. Viskyal s'utilise : - dans les \u00e9tats de souffrance conjonctivale ou corn\u00e9enne (conjonctivite, k\u00e9ratite...) - pour contr\u00f4ler la r\u00e9activit\u00e9 de l'oeil et optimiser son potentiel de r\u00e9cup\u00e9ration. - pour am\u00e9liorer la r\u00e9ceptivit\u00e9 aux traitements (collyres traitants) mis en place.\",\"breadcrumb\":{\"@id\":\"https:\\\/\\\/www.vetorino.com\\\/boutique\\\/product\\\/viskyal\\\/#breadcrumb\"},\"inLanguage\":\"fr-FR\",\"potentialAction\":[{\"@type\":\"ReadAction\",\"target\":[\"https:\\\/\\\/www.vetorino.com\\\/boutique\\\/product\\\/viskyal\\\/\"]}]},{\"@type\":\"ImageObject\",\"inLanguage\":\"fr-FR\",\"@id\":\"https:\\\/\\\/www.vetorino.com\\\/boutique\\\/product\\\/viskyal\\\/#primaryimage\",\"url\":\"https:\\\/\\\/www.vetorino.com\\\/boutique\\\/wp-content\\\/uploads\\\/2020\\\/03\\\/viskyal-collyre-fl-10-ml-12.jpg\",\"contentUrl\":\"https:\\\/\\\/www.vetorino.com\\\/boutique\\\/wp-content\\\/uploads\\\/2020\\\/03\\\/viskyal-collyre-fl-10-ml-12.jpg\",\"width\":800,\"height\":800},{\"@type\":\"BreadcrumbList\",\"@id\":\"https:\\\/\\\/www.vetorino.com\\\/boutique\\\/product\\\/viskyal\\\/#breadcrumb\",\"itemListElement\":[{\"@type\":\"ListItem\",\"position\":1,\"name\":\"Accueil\",\"item\":\"https:\\\/\\\/www.vetorino.com\\\/boutique\\\/\"},{\"@type\":\"ListItem\",\"position\":2,\"name\":\"Produits\",\"item\":\"https:\\\/\\\/www.vetorino.com\\\/boutique\\\/\"},{\"@type\":\"ListItem\",\"position\":3,\"name\":\"Viskyal\"}]},{\"@type\":\"WebSite\",\"@id\":\"https:\\\/\\\/www.vetorino.com\\\/boutique\\\/#website\",\"url\":\"https:\\\/\\\/www.vetorino.com\\\/boutique\\\/\",\"name\":\"V\u00e9torino\",\"description\":\"\",\"publisher\":{\"@id\":\"https:\\\/\\\/www.vetorino.com\\\/boutique\\\/#organization\"},\"potentialAction\":[{\"@type\":\"SearchAction\",\"target\":{\"@type\":\"EntryPoint\",\"urlTemplate\":\"https:\\\/\\\/www.vetorino.com\\\/boutique\\\/?s={search_term_string}\"},\"query-input\":{\"@type\":\"PropertyValueSpecification\",\"valueRequired\":true,\"valueName\":\"search_term_string\"}}],\"inLanguage\":\"fr-FR\"},{\"@type\":\"Organization\",\"@id\":\"https:\\\/\\\/www.vetorino.com\\\/boutique\\\/#organization\",\"name\":\"V\u00e9torino\",\"url\":\"https:\\\/\\\/www.vetorino.com\\\/boutique\\\/\",\"logo\":{\"@type\":\"ImageObject\",\"inLanguage\":\"fr-FR\",\"@id\":\"https:\\\/\\\/www.vetorino.com\\\/boutique\\\/#\\\/schema\\\/logo\\\/image\\\/\",\"url\":\"https:\\\/\\\/www.vetorino.com\\\/boutique\\\/wp-content\\\/uploads\\\/2024\\\/10\\\/logo.jpg\",\"contentUrl\":\"https:\\\/\\\/www.vetorino.com\\\/boutique\\\/wp-content\\\/uploads\\\/2024\\\/10\\\/logo.jpg\",\"width\":1200,\"height\":610,\"caption\":\"V\u00e9torino\"},\"image\":{\"@id\":\"https:\\\/\\\/www.vetorino.com\\\/boutique\\\/#\\\/schema\\\/logo\\\/image\\\/\"},\"sameAs\":[\"https:\\\/\\\/www.facebook.com\\\/Vetorino\\\/\",\"https:\\\/\\\/www.instagram.com\\\/vetorino_off\\\/\",\"https:\\\/\\\/www.linkedin.com\\\/company\\\/vtorino\\\/\"]}]}<\/script>\n<meta property=\"product:brand\" content=\"D\u00f4mes Pharma TVM\" \/>\n<meta property=\"product:price:amount\" content=\"14.31\" \/>\n<meta property=\"product:price:currency\" content=\"EUR\" \/>\n<meta property=\"og:availability\" content=\"out of stock\" \/>\n<meta property=\"product:availability\" content=\"out of stock\" \/>\n<meta property=\"product:retailer_item_id\" content=\"C-VIS008\" \/>\n<meta property=\"product:condition\" content=\"new\" \/>\n<!-- \/ Yoast SEO plugin. -->","yoast_head_json":{"title":"Viskyal D\u00f4mes Pharma TVM - V\u00e9torino","description":"Lubrifiant ophtalmique en collyre pour chiens, chats, chevaux de sport et de course. - Assure \u00e0 la surface de l'oeil la formation d'un film stable et uniforme. - Poss\u00e8de des propri\u00e9t\u00e9s hydratantes gr\u00e2ce \u00e0 sa capacit\u00e9 \u00e0 se lier \u00e0 un tr\u00e8s grand nombre de mol\u00e9cules d'eau.  Viskyal s'utilise : - dans les \u00e9tats de souffrance conjonctivale ou corn\u00e9enne (conjonctivite, k\u00e9ratite...)  - pour contr\u00f4ler la r\u00e9activit\u00e9 de l'oeil et optimiser son potentiel de r\u00e9cup\u00e9ration.  - pour am\u00e9liorer la r\u00e9ceptivit\u00e9 aux traitements (collyres traitants) mis en place.","robots":{"index":"noindex","follow":"nofollow"},"og_locale":"fr_FR","og_type":"article","og_title":"Viskyal D\u00f4mes Pharma TVM - V\u00e9torino","og_description":"Lubrifiant ophtalmique en collyre pour chiens, chats, chevaux de sport et de course. - Assure \u00e0 la surface de l'oeil la formation d'un film stable et uniforme. - Poss\u00e8de des propri\u00e9t\u00e9s hydratantes gr\u00e2ce \u00e0 sa capacit\u00e9 \u00e0 se lier \u00e0 un tr\u00e8s grand nombre de mol\u00e9cules d'eau.  Viskyal s'utilise : - dans les \u00e9tats de souffrance conjonctivale ou corn\u00e9enne (conjonctivite, k\u00e9ratite...)  - pour contr\u00f4ler la r\u00e9activit\u00e9 de l'oeil et optimiser son potentiel de r\u00e9cup\u00e9ration.  - pour am\u00e9liorer la r\u00e9ceptivit\u00e9 aux traitements (collyres traitants) mis en place.","og_url":"https:\/\/www.vetorino.com\/veterinaire\/claveyson-26240\/boutique\/product\/viskyal\/","og_site_name":"V\u00e9torino","article_publisher":"https:\/\/www.facebook.com\/Vetorino\/","article_modified_time":"2024-05-27T15:13:13+00:00","og_image":[{"width":800,"height":800,"url":"https:\/\/www.vetorino.com\/boutique\/wp-content\/uploads\/2020\/03\/viskyal-collyre-fl-10-ml-12.jpg","type":"image\/jpeg"}],"twitter_card":"summary_large_image","twitter_misc":{"Prix":"14,31&euro;","Disponibilit\u00e9":"Rupture de stock"},"schema":{"@context":"https:\/\/schema.org","@graph":[{"@type":"WebPage","@id":"https:\/\/www.vetorino.com\/boutique\/product\/viskyal\/","url":"https:\/\/www.vetorino.com\/boutique\/product\/viskyal\/","name":"Viskyal D\u00f4mes Pharma TVM - V\u00e9torino","isPartOf":{"@id":"https:\/\/www.vetorino.com\/boutique\/#website"},"primaryImageOfPage":{"@id":"https:\/\/www.vetorino.com\/boutique\/product\/viskyal\/#primaryimage"},"image":{"@id":"https:\/\/www.vetorino.com\/boutique\/product\/viskyal\/#primaryimage"},"thumbnailUrl":"https:\/\/www.vetorino.com\/boutique\/wp-content\/uploads\/2020\/03\/viskyal-collyre-fl-10-ml-12.jpg","datePublished":"2020-06-30T16:07:50+00:00","dateModified":"2024-05-27T15:13:13+00:00","description":"Lubrifiant ophtalmique en collyre pour chiens, chats, chevaux de sport et de course. - Assure \u00e0 la surface de l'oeil la formation d'un film stable et uniforme. - Poss\u00e8de des propri\u00e9t\u00e9s hydratantes gr\u00e2ce \u00e0 sa capacit\u00e9 \u00e0 se lier \u00e0 un tr\u00e8s grand nombre de mol\u00e9cules d'eau. Viskyal s'utilise : - dans les \u00e9tats de souffrance conjonctivale ou corn\u00e9enne (conjonctivite, k\u00e9ratite...) - pour contr\u00f4ler la r\u00e9activit\u00e9 de l'oeil et optimiser son potentiel de r\u00e9cup\u00e9ration. - pour am\u00e9liorer la r\u00e9ceptivit\u00e9 aux traitements (collyres traitants) mis en place.","breadcrumb":{"@id":"https:\/\/www.vetorino.com\/boutique\/product\/viskyal\/#breadcrumb"},"inLanguage":"fr-FR","potentialAction":[{"@type":"ReadAction","target":["https:\/\/www.vetorino.com\/boutique\/product\/viskyal\/"]}]},{"@type":"ImageObject","inLanguage":"fr-FR","@id":"https:\/\/www.vetorino.com\/boutique\/product\/viskyal\/#primaryimage","url":"https:\/\/www.vetorino.com\/boutique\/wp-content\/uploads\/2020\/03\/viskyal-collyre-fl-10-ml-12.jpg","contentUrl":"https:\/\/www.vetorino.com\/boutique\/wp-content\/uploads\/2020\/03\/viskyal-collyre-fl-10-ml-12.jpg","width":800,"height":800},{"@type":"BreadcrumbList","@id":"https:\/\/www.vetorino.com\/boutique\/product\/viskyal\/#breadcrumb","itemListElement":[{"@type":"ListItem","position":1,"name":"Accueil","item":"https:\/\/www.vetorino.com\/boutique\/"},{"@type":"ListItem","position":2,"name":"Produits","item":"https:\/\/www.vetorino.com\/boutique\/"},{"@type":"ListItem","position":3,"name":"Viskyal"}]},{"@type":"WebSite","@id":"https:\/\/www.vetorino.com\/boutique\/#website","url":"https:\/\/www.vetorino.com\/boutique\/","name":"V\u00e9torino","description":"","publisher":{"@id":"https:\/\/www.vetorino.com\/boutique\/#organization"},"potentialAction":[{"@type":"SearchAction","target":{"@type":"EntryPoint","urlTemplate":"https:\/\/www.vetorino.com\/boutique\/?s={search_term_string}"},"query-input":{"@type":"PropertyValueSpecification","valueRequired":true,"valueName":"search_term_string"}}],"inLanguage":"fr-FR"},{"@type":"Organization","@id":"https:\/\/www.vetorino.com\/boutique\/#organization","name":"V\u00e9torino","url":"https:\/\/www.vetorino.com\/boutique\/","logo":{"@type":"ImageObject","inLanguage":"fr-FR","@id":"https:\/\/www.vetorino.com\/boutique\/#\/schema\/logo\/image\/","url":"https:\/\/www.vetorino.com\/boutique\/wp-content\/uploads\/2024\/10\/logo.jpg","contentUrl":"https:\/\/www.vetorino.com\/boutique\/wp-content\/uploads\/2024\/10\/logo.jpg","width":1200,"height":610,"caption":"V\u00e9torino"},"image":{"@id":"https:\/\/www.vetorino.com\/boutique\/#\/schema\/logo\/image\/"},"sameAs":["https:\/\/www.facebook.com\/Vetorino\/","https:\/\/www.instagram.com\/vetorino_off\/","https:\/\/www.linkedin.com\/company\/vtorino\/"]}]},"product_brand":"D\u00f4mes Pharma TVM","product_price_amount":"14.31","product_price_currency":"EUR","og_availability":"out of stock","product_availability":"out of stock","product_retailer_item_id":"C-VIS008","product_condition":"new"},"_links":{"self":[{"href":"https:\/\/www.vetorino.com\/veterinaire\/claveyson-26240\/boutique\/wp-json\/wp\/v2\/product\/104217","targetHints":{"allow":["GET"]}}],"collection":[{"href":"https:\/\/www.vetorino.com\/veterinaire\/claveyson-26240\/boutique\/wp-json\/wp\/v2\/product"}],"about":[{"href":"https:\/\/www.vetorino.com\/veterinaire\/claveyson-26240\/boutique\/wp-json\/wp\/v2\/types\/product"}],"wp:featuredmedia":[{"embeddable":true,"href":"https:\/\/www.vetorino.com\/veterinaire\/claveyson-26240\/boutique\/wp-json\/wp\/v2\/media\/78627"}],"wp:attachment":[{"href":"https:\/\/www.vetorino.com\/veterinaire\/claveyson-26240\/boutique\/wp-json\/wp\/v2\/media?parent=104217"}],"wp:term":[{"taxonomy":"product_cat","embeddable":true,"href":"https:\/\/www.vetorino.com\/veterinaire\/claveyson-26240\/boutique\/wp-json\/wp\/v2\/product_cat?post=104217"},{"taxonomy":"product_tag","embeddable":true,"href":"https:\/\/www.vetorino.com\/veterinaire\/claveyson-26240\/boutique\/wp-json\/wp\/v2\/product_tag?post=104217"}],"curies":[{"name":"wp","href":"https:\/\/api.w.org\/{rel}","templated":true}]}}