{"id":1427638,"date":"2025-07-25T16:30:42","date_gmt":"2025-07-25T14:30:42","guid":{"rendered":"https:\/\/www.vetorino.com\/boutique\/product\/gamelle-2-en-1-croci-gryfino\/"},"modified":"2026-03-29T03:00:15","modified_gmt":"2026-03-29T01:00:15","slug":"gamelle-2-en-1-croci-gryfino","status":"publish","type":"product","link":"https:\/\/www.vetorino.com\/veterinaire\/claveyson-26240\/boutique\/product\/gamelle-2-en-1-croci-gryfino\/","title":{"rendered":"Gamelle 2 en 1 Croci Gryfino"},"content":{"rendered":"<p>Joli ensemble tr\u00e8s esth\u00e9tique associant le bois et l&#8217;inox.<\/p>\n<p>Article tr\u00e8s \u00e9l\u00e9gant qui peut se fondre dans toutes les d\u00e9corations int\u00e9rieures.<\/p>\n<p>Lavage uniquement \u00e0 la main pour l&#8217;entourage en bois et lavage en machine pour le bol acier.<\/p>\n","protected":false},"excerpt":{"rendered":"<p>Joli ensemble tr\u00e8s esth\u00e9tique associant le bois et l&#8217;inox.<\/p>\n<p>Article tr\u00e8s \u00e9l\u00e9gant qui peut se fondre dans toutes les d\u00e9corations int\u00e9rieures.<\/p>\n<p>Lavage uniquement \u00e0 la main pour l&#8217;entourage en bois et lavage en machine pour le bol acier.<\/p>\n","protected":false},"featured_media":1430727,"template":"","meta":[],"product_cat":[12548,12550,2697,2698,12606,12607],"product_tag":[],"class_list":{"0":"post-1427638","1":"product","2":"type-product","3":"status-publish","4":"has-post-thumbnail","6":"product_cat-accessoire-du-chat","7":"product_cat-accessoires-du-chien","8":"product_cat-chat","9":"product_cat-chien","10":"product_cat-gamelles-pour-chat","11":"product_cat-gamelles-pour-chien","12":"pa_marque-materiel","14":"first","15":"instock","16":"taxable","17":"shipping-taxable","18":"purchasable","19":"product-type-variable"},"yoast_head":"<!-- This site is optimized with the Yoast SEO plugin v27.3 - https:\/\/yoast.com\/product\/yoast-seo-wordpress\/ -->\n<title>Gamelle 2 en 1 Croci Gryfino Mat\u00e9riel - V\u00e9torino<\/title>\n<meta name=\"description\" content=\"Joli ensemble tr\u00e8s esth\u00e9tique associant le bois et l&#039;inox.  Article tr\u00e8s \u00e9l\u00e9gant qui peut se fondre dans toutes les d\u00e9corations int\u00e9rieures.  Lavage uniquement \u00e0 la main pour l&#039;entourage en bois et lavage en machine pour le bol acier.\" \/>\n<meta name=\"robots\" content=\"noindex, nofollow\" \/>\n<meta property=\"og:locale\" content=\"fr_FR\" \/>\n<meta property=\"og:type\" content=\"article\" \/>\n<meta property=\"og:title\" content=\"Gamelle 2 en 1 Croci Gryfino Mat\u00e9riel - V\u00e9torino\" \/>\n<meta property=\"og:description\" content=\"Joli ensemble tr\u00e8s esth\u00e9tique associant le bois et l&#039;inox.  Article tr\u00e8s \u00e9l\u00e9gant qui peut se fondre dans toutes les d\u00e9corations int\u00e9rieures.  Lavage uniquement \u00e0 la main pour l&#039;entourage en bois et lavage en machine pour le bol acier.\" \/>\n<meta property=\"og:url\" content=\"https:\/\/www.vetorino.com\/veterinaire\/claveyson-26240\/boutique\/product\/gamelle-2-en-1-croci-gryfino\/\" \/>\n<meta property=\"og:site_name\" content=\"V\u00e9torino\" \/>\n<meta property=\"article:publisher\" content=\"https:\/\/www.facebook.com\/Vetorino\/\" \/>\n<meta property=\"article:modified_time\" content=\"2026-03-29T01:00:15+00:00\" \/>\n<meta property=\"og:image\" content=\"https:\/\/www.vetorino.com\/boutique\/wp-content\/uploads\/2025\/07\/gamelle-2-en-1-croci-gryfino.webp\" \/>\n\t<meta property=\"og:image:width\" content=\"800\" \/>\n\t<meta property=\"og:image:height\" content=\"800\" \/>\n\t<meta property=\"og:image:type\" content=\"image\/webp\" \/>\n<meta name=\"twitter:card\" content=\"summary_large_image\" \/>\n<meta name=\"twitter:label1\" content=\"Disponibilit\u00e9\" \/>\n\t<meta name=\"twitter:data1\" content=\"En stock\" \/>\n<script type=\"application\/ld+json\" class=\"yoast-schema-graph\">{\"@context\":\"https:\\\/\\\/schema.org\",\"@graph\":[{\"@type\":\"WebPage\",\"@id\":\"https:\\\/\\\/www.vetorino.com\\\/boutique\\\/product\\\/gamelle-2-en-1-croci-gryfino\\\/\",\"url\":\"https:\\\/\\\/www.vetorino.com\\\/boutique\\\/product\\\/gamelle-2-en-1-croci-gryfino\\\/\",\"name\":\"Gamelle 2 en 1 Croci Gryfino Mat\u00e9riel - V\u00e9torino\",\"isPartOf\":{\"@id\":\"https:\\\/\\\/www.vetorino.com\\\/boutique\\\/#website\"},\"primaryImageOfPage\":{\"@id\":\"https:\\\/\\\/www.vetorino.com\\\/boutique\\\/product\\\/gamelle-2-en-1-croci-gryfino\\\/#primaryimage\"},\"image\":{\"@id\":\"https:\\\/\\\/www.vetorino.com\\\/boutique\\\/product\\\/gamelle-2-en-1-croci-gryfino\\\/#primaryimage\"},\"thumbnailUrl\":\"https:\\\/\\\/www.vetorino.com\\\/boutique\\\/wp-content\\\/uploads\\\/2025\\\/07\\\/gamelle-2-en-1-croci-gryfino.webp\",\"datePublished\":\"2025-07-25T14:30:42+00:00\",\"dateModified\":\"2026-03-29T01:00:15+00:00\",\"description\":\"Joli ensemble tr\u00e8s esth\u00e9tique associant le bois et l'inox. Article tr\u00e8s \u00e9l\u00e9gant qui peut se fondre dans toutes les d\u00e9corations int\u00e9rieures. Lavage uniquement \u00e0 la main pour l'entourage en bois et lavage en machine pour le bol acier.\",\"breadcrumb\":{\"@id\":\"https:\\\/\\\/www.vetorino.com\\\/boutique\\\/product\\\/gamelle-2-en-1-croci-gryfino\\\/#breadcrumb\"},\"inLanguage\":\"fr-FR\",\"potentialAction\":[{\"@type\":\"ReadAction\",\"target\":[\"https:\\\/\\\/www.vetorino.com\\\/boutique\\\/product\\\/gamelle-2-en-1-croci-gryfino\\\/\"]}]},{\"@type\":\"ImageObject\",\"inLanguage\":\"fr-FR\",\"@id\":\"https:\\\/\\\/www.vetorino.com\\\/boutique\\\/product\\\/gamelle-2-en-1-croci-gryfino\\\/#primaryimage\",\"url\":\"https:\\\/\\\/www.vetorino.com\\\/boutique\\\/wp-content\\\/uploads\\\/2025\\\/07\\\/gamelle-2-en-1-croci-gryfino.webp\",\"contentUrl\":\"https:\\\/\\\/www.vetorino.com\\\/boutique\\\/wp-content\\\/uploads\\\/2025\\\/07\\\/gamelle-2-en-1-croci-gryfino.webp\",\"width\":800,\"height\":800},{\"@type\":\"BreadcrumbList\",\"@id\":\"https:\\\/\\\/www.vetorino.com\\\/boutique\\\/product\\\/gamelle-2-en-1-croci-gryfino\\\/#breadcrumb\",\"itemListElement\":[{\"@type\":\"ListItem\",\"position\":1,\"name\":\"Accueil\",\"item\":\"https:\\\/\\\/www.vetorino.com\\\/boutique\\\/\"},{\"@type\":\"ListItem\",\"position\":2,\"name\":\"Produits\",\"item\":\"https:\\\/\\\/www.vetorino.com\\\/boutique\\\/\"},{\"@type\":\"ListItem\",\"position\":3,\"name\":\"Gamelle 2 en 1 Croci Gryfino\"}]},{\"@type\":\"WebSite\",\"@id\":\"https:\\\/\\\/www.vetorino.com\\\/boutique\\\/#website\",\"url\":\"https:\\\/\\\/www.vetorino.com\\\/boutique\\\/\",\"name\":\"V\u00e9torino\",\"description\":\"\",\"publisher\":{\"@id\":\"https:\\\/\\\/www.vetorino.com\\\/boutique\\\/#organization\"},\"potentialAction\":[{\"@type\":\"SearchAction\",\"target\":{\"@type\":\"EntryPoint\",\"urlTemplate\":\"https:\\\/\\\/www.vetorino.com\\\/boutique\\\/?s={search_term_string}\"},\"query-input\":{\"@type\":\"PropertyValueSpecification\",\"valueRequired\":true,\"valueName\":\"search_term_string\"}}],\"inLanguage\":\"fr-FR\"},{\"@type\":\"Organization\",\"@id\":\"https:\\\/\\\/www.vetorino.com\\\/boutique\\\/#organization\",\"name\":\"V\u00e9torino\",\"url\":\"https:\\\/\\\/www.vetorino.com\\\/boutique\\\/\",\"logo\":{\"@type\":\"ImageObject\",\"inLanguage\":\"fr-FR\",\"@id\":\"https:\\\/\\\/www.vetorino.com\\\/boutique\\\/#\\\/schema\\\/logo\\\/image\\\/\",\"url\":\"https:\\\/\\\/www.vetorino.com\\\/boutique\\\/wp-content\\\/uploads\\\/2024\\\/10\\\/logo.jpg\",\"contentUrl\":\"https:\\\/\\\/www.vetorino.com\\\/boutique\\\/wp-content\\\/uploads\\\/2024\\\/10\\\/logo.jpg\",\"width\":1200,\"height\":610,\"caption\":\"V\u00e9torino\"},\"image\":{\"@id\":\"https:\\\/\\\/www.vetorino.com\\\/boutique\\\/#\\\/schema\\\/logo\\\/image\\\/\"},\"sameAs\":[\"https:\\\/\\\/www.facebook.com\\\/Vetorino\\\/\",\"https:\\\/\\\/www.instagram.com\\\/vetorino_off\\\/\",\"https:\\\/\\\/www.linkedin.com\\\/company\\\/vtorino\\\/\"]}]}<\/script>\n<meta property=\"product:brand\" content=\"Mat\u00e9riel\" \/>\n<meta property=\"og:availability\" content=\"instock\" \/>\n<meta property=\"product:availability\" content=\"instock\" \/>\n<meta property=\"product:condition\" content=\"new\" \/>\n<!-- \/ Yoast SEO plugin. -->","yoast_head_json":{"title":"Gamelle 2 en 1 Croci Gryfino Mat\u00e9riel - V\u00e9torino","description":"Joli ensemble tr\u00e8s esth\u00e9tique associant le bois et l'inox.  Article tr\u00e8s \u00e9l\u00e9gant qui peut se fondre dans toutes les d\u00e9corations int\u00e9rieures.  Lavage uniquement \u00e0 la main pour l'entourage en bois et lavage en machine pour le bol acier.","robots":{"index":"noindex","follow":"nofollow"},"og_locale":"fr_FR","og_type":"article","og_title":"Gamelle 2 en 1 Croci Gryfino Mat\u00e9riel - V\u00e9torino","og_description":"Joli ensemble tr\u00e8s esth\u00e9tique associant le bois et l'inox.  Article tr\u00e8s \u00e9l\u00e9gant qui peut se fondre dans toutes les d\u00e9corations int\u00e9rieures.  Lavage uniquement \u00e0 la main pour l'entourage en bois et lavage en machine pour le bol acier.","og_url":"https:\/\/www.vetorino.com\/veterinaire\/claveyson-26240\/boutique\/product\/gamelle-2-en-1-croci-gryfino\/","og_site_name":"V\u00e9torino","article_publisher":"https:\/\/www.facebook.com\/Vetorino\/","article_modified_time":"2026-03-29T01:00:15+00:00","og_image":[{"width":800,"height":800,"url":"https:\/\/www.vetorino.com\/boutique\/wp-content\/uploads\/2025\/07\/gamelle-2-en-1-croci-gryfino.webp","type":"image\/webp"}],"twitter_card":"summary_large_image","twitter_misc":{"Disponibilit\u00e9":"En stock"},"schema":{"@context":"https:\/\/schema.org","@graph":[{"@type":"WebPage","@id":"https:\/\/www.vetorino.com\/boutique\/product\/gamelle-2-en-1-croci-gryfino\/","url":"https:\/\/www.vetorino.com\/boutique\/product\/gamelle-2-en-1-croci-gryfino\/","name":"Gamelle 2 en 1 Croci Gryfino Mat\u00e9riel - V\u00e9torino","isPartOf":{"@id":"https:\/\/www.vetorino.com\/boutique\/#website"},"primaryImageOfPage":{"@id":"https:\/\/www.vetorino.com\/boutique\/product\/gamelle-2-en-1-croci-gryfino\/#primaryimage"},"image":{"@id":"https:\/\/www.vetorino.com\/boutique\/product\/gamelle-2-en-1-croci-gryfino\/#primaryimage"},"thumbnailUrl":"https:\/\/www.vetorino.com\/boutique\/wp-content\/uploads\/2025\/07\/gamelle-2-en-1-croci-gryfino.webp","datePublished":"2025-07-25T14:30:42+00:00","dateModified":"2026-03-29T01:00:15+00:00","description":"Joli ensemble tr\u00e8s esth\u00e9tique associant le bois et l'inox. Article tr\u00e8s \u00e9l\u00e9gant qui peut se fondre dans toutes les d\u00e9corations int\u00e9rieures. Lavage uniquement \u00e0 la main pour l'entourage en bois et lavage en machine pour le bol acier.","breadcrumb":{"@id":"https:\/\/www.vetorino.com\/boutique\/product\/gamelle-2-en-1-croci-gryfino\/#breadcrumb"},"inLanguage":"fr-FR","potentialAction":[{"@type":"ReadAction","target":["https:\/\/www.vetorino.com\/boutique\/product\/gamelle-2-en-1-croci-gryfino\/"]}]},{"@type":"ImageObject","inLanguage":"fr-FR","@id":"https:\/\/www.vetorino.com\/boutique\/product\/gamelle-2-en-1-croci-gryfino\/#primaryimage","url":"https:\/\/www.vetorino.com\/boutique\/wp-content\/uploads\/2025\/07\/gamelle-2-en-1-croci-gryfino.webp","contentUrl":"https:\/\/www.vetorino.com\/boutique\/wp-content\/uploads\/2025\/07\/gamelle-2-en-1-croci-gryfino.webp","width":800,"height":800},{"@type":"BreadcrumbList","@id":"https:\/\/www.vetorino.com\/boutique\/product\/gamelle-2-en-1-croci-gryfino\/#breadcrumb","itemListElement":[{"@type":"ListItem","position":1,"name":"Accueil","item":"https:\/\/www.vetorino.com\/boutique\/"},{"@type":"ListItem","position":2,"name":"Produits","item":"https:\/\/www.vetorino.com\/boutique\/"},{"@type":"ListItem","position":3,"name":"Gamelle 2 en 1 Croci Gryfino"}]},{"@type":"WebSite","@id":"https:\/\/www.vetorino.com\/boutique\/#website","url":"https:\/\/www.vetorino.com\/boutique\/","name":"V\u00e9torino","description":"","publisher":{"@id":"https:\/\/www.vetorino.com\/boutique\/#organization"},"potentialAction":[{"@type":"SearchAction","target":{"@type":"EntryPoint","urlTemplate":"https:\/\/www.vetorino.com\/boutique\/?s={search_term_string}"},"query-input":{"@type":"PropertyValueSpecification","valueRequired":true,"valueName":"search_term_string"}}],"inLanguage":"fr-FR"},{"@type":"Organization","@id":"https:\/\/www.vetorino.com\/boutique\/#organization","name":"V\u00e9torino","url":"https:\/\/www.vetorino.com\/boutique\/","logo":{"@type":"ImageObject","inLanguage":"fr-FR","@id":"https:\/\/www.vetorino.com\/boutique\/#\/schema\/logo\/image\/","url":"https:\/\/www.vetorino.com\/boutique\/wp-content\/uploads\/2024\/10\/logo.jpg","contentUrl":"https:\/\/www.vetorino.com\/boutique\/wp-content\/uploads\/2024\/10\/logo.jpg","width":1200,"height":610,"caption":"V\u00e9torino"},"image":{"@id":"https:\/\/www.vetorino.com\/boutique\/#\/schema\/logo\/image\/"},"sameAs":["https:\/\/www.facebook.com\/Vetorino\/","https:\/\/www.instagram.com\/vetorino_off\/","https:\/\/www.linkedin.com\/company\/vtorino\/"]}]},"product_brand":"Mat\u00e9riel","og_availability":"instock","product_availability":"instock","product_condition":"new"},"_links":{"self":[{"href":"https:\/\/www.vetorino.com\/veterinaire\/claveyson-26240\/boutique\/wp-json\/wp\/v2\/product\/1427638","targetHints":{"allow":["GET"]}}],"collection":[{"href":"https:\/\/www.vetorino.com\/veterinaire\/claveyson-26240\/boutique\/wp-json\/wp\/v2\/product"}],"about":[{"href":"https:\/\/www.vetorino.com\/veterinaire\/claveyson-26240\/boutique\/wp-json\/wp\/v2\/types\/product"}],"wp:featuredmedia":[{"embeddable":true,"href":"https:\/\/www.vetorino.com\/veterinaire\/claveyson-26240\/boutique\/wp-json\/wp\/v2\/media\/1430727"}],"wp:attachment":[{"href":"https:\/\/www.vetorino.com\/veterinaire\/claveyson-26240\/boutique\/wp-json\/wp\/v2\/media?parent=1427638"}],"wp:term":[{"taxonomy":"product_cat","embeddable":true,"href":"https:\/\/www.vetorino.com\/veterinaire\/claveyson-26240\/boutique\/wp-json\/wp\/v2\/product_cat?post=1427638"},{"taxonomy":"product_tag","embeddable":true,"href":"https:\/\/www.vetorino.com\/veterinaire\/claveyson-26240\/boutique\/wp-json\/wp\/v2\/product_tag?post=1427638"}],"curies":[{"name":"wp","href":"https:\/\/api.w.org\/{rel}","templated":true}]}}