{"id":461818,"date":"2022-09-13T18:13:19","date_gmt":"2022-09-13T16:13:19","guid":{"rendered":"https:\/\/www.vetorino.com\/boutique\/product\/distributeur-automatique-de-nourriture-trixie-tx9-smart\/"},"modified":"2025-07-26T02:42:14","modified_gmt":"2025-07-26T00:42:14","slug":"distributeur-automatique-de-nourriture-trixie-tx9-smart","status":"publish","type":"product","link":"https:\/\/www.vetorino.com\/veterinaire\/claveyson-26240\/boutique\/product\/distributeur-automatique-de-nourriture-trixie-tx9-smart\/","title":{"rendered":"Distributeur automatique de nourriture Trixie TX9 Smart"},"content":{"rendered":"<p>Distributeur automatique de nourriture TX9 Smart avec application pour contr\u00f4le et cam\u00e9ra int\u00e9gr\u00e9e.<\/p>\n<ul>\n<li>Programmation jusqu&#8217;\u00e0 6 repas par jour.<\/li>\n<li>Pour jusqu&#8217;\u00e0 2,8\u00a0L de nourriture s\u00e8che.<\/li>\n<li>Pour aliments secs avec max. \u00f8 15 mm\/croquette.<\/li>\n<li>Contr\u00f4le par Application.<\/li>\n<li>La cam\u00e9ra grand angle int\u00e9gr\u00e9e avec vision nocturne infrarouge et d\u00e9tecteur de mouvement permet de prendre des photos et vid\u00e9os \u00e0 tout moment ainsi que des vid\u00e9os en direct<\/li>\n<li>Micro et haut-parleur permettent une interaction avec l&#8217;animal.<\/li>\n<li>La quantit\u00e9 de nourriture peut \u00eatre r\u00e9gl\u00e9e individuellement par repas entre 1 et 8 portions (1 portion = 12 ml).<\/li>\n<li>Le d\u00e9bit de nourriture est automatiquement r\u00e9p\u00e9t\u00e9 chaque jour.<\/li>\n<li>En compl\u00e9ment, l&#8217;alimentation manuelle est possible \u00e0 tout moment.<\/li>\n<li>Avec graduation pour un meilleur contr\u00f4le du niveau de nourriture.<\/li>\n<li>Bol et \u00e9cuelle amovibles.<\/li>\n<li>Bol en acier inoxydable lavable au lave-vaisselle.<\/li>\n<li>La pile conserve les donn\u00e9es en cas de coupure de courant (3 \u00d7 piles D Mono non fournies).<\/li>\n<li>En plastique.<\/li>\n<\/ul>\n","protected":false},"excerpt":{"rendered":"<p>Le distributeur automatique TX9 Smart est un distributeur qui vous permettra non seulement de contr\u00f4ler les quantit\u00e9s et l\u2019heure des repas de votre animal mais \u00e9galement de prendre des photos et vid\u00e9os et de parler \u00e0 votre animal gr\u00e2ce \u00e0 la cam\u00e9ra et au micro int\u00e9gr\u00e9s<\/p>\n","protected":false},"featured_media":461821,"template":"","meta":[],"product_cat":[2698,2804,12621],"product_tag":[],"class_list":{"0":"post-461818","1":"product","2":"type-product","3":"status-publish","4":"has-post-thumbnail","6":"product_cat-chien","7":"product_cat-jouets-distributeurs-pour-chien","8":"product_cat-jeux-educatifs-pour-chien","9":"pa_marque-trixie","11":"first","12":"outofstock","13":"taxable","14":"shipping-taxable","15":"purchasable","16":"product-type-simple"},"yoast_head":"<!-- This site is optimized with the Yoast SEO plugin v27.3 - https:\/\/yoast.com\/product\/yoast-seo-wordpress\/ -->\n<title>Distributeur automatique de nourriture Trixie TX9 Smart Trixie - V\u00e9torino<\/title>\n<meta name=\"description\" content=\"Le distributeur automatique TX9 Smart est un distributeur qui vous permettra non seulement de contr\u00f4ler les quantit\u00e9s et l\u2019heure des repas de votre animal mais \u00e9galement de prendre des photos et vid\u00e9os et de parler \u00e0 votre animal gr\u00e2ce \u00e0 la cam\u00e9ra et au micro int\u00e9gr\u00e9s\" \/>\n<meta name=\"robots\" content=\"noindex, nofollow\" \/>\n<meta property=\"og:locale\" content=\"fr_FR\" \/>\n<meta property=\"og:type\" content=\"article\" \/>\n<meta property=\"og:title\" content=\"Distributeur automatique de nourriture Trixie TX9 Smart Trixie - V\u00e9torino\" \/>\n<meta property=\"og:description\" content=\"Le distributeur automatique TX9 Smart est un distributeur qui vous permettra non seulement de contr\u00f4ler les quantit\u00e9s et l\u2019heure des repas de votre animal mais \u00e9galement de prendre des photos et vid\u00e9os et de parler \u00e0 votre animal gr\u00e2ce \u00e0 la cam\u00e9ra et au micro int\u00e9gr\u00e9s\" \/>\n<meta property=\"og:url\" content=\"https:\/\/www.vetorino.com\/veterinaire\/claveyson-26240\/boutique\/product\/distributeur-automatique-de-nourriture-trixie-tx9-smart\/\" \/>\n<meta property=\"og:site_name\" content=\"V\u00e9torino\" \/>\n<meta property=\"article:publisher\" content=\"https:\/\/www.facebook.com\/Vetorino\/\" \/>\n<meta property=\"article:modified_time\" content=\"2025-07-26T00:42:14+00:00\" \/>\n<meta property=\"og:image\" content=\"https:\/\/www.vetorino.com\/boutique\/wp-content\/uploads\/2022\/09\/114554_trixie_trixie_futterautomat_tx9_smart_2_8l_hs_03_4.jpg\" \/>\n\t<meta property=\"og:image:width\" content=\"800\" \/>\n\t<meta property=\"og:image:height\" content=\"800\" \/>\n\t<meta property=\"og:image:type\" content=\"image\/jpeg\" \/>\n<meta name=\"twitter:card\" content=\"summary_large_image\" \/>\n<meta name=\"twitter:label1\" content=\"Prix\" \/>\n\t<meta name=\"twitter:data1\" content=\"189,28&euro;\" \/>\n\t<meta name=\"twitter:label2\" content=\"Disponibilit\u00e9\" \/>\n\t<meta name=\"twitter:data2\" content=\"Rupture de stock\" \/>\n<script type=\"application\/ld+json\" class=\"yoast-schema-graph\">{\"@context\":\"https:\\\/\\\/schema.org\",\"@graph\":[{\"@type\":\"WebPage\",\"@id\":\"https:\\\/\\\/www.vetorino.com\\\/boutique\\\/product\\\/distributeur-automatique-de-nourriture-trixie-tx9-smart\\\/\",\"url\":\"https:\\\/\\\/www.vetorino.com\\\/boutique\\\/product\\\/distributeur-automatique-de-nourriture-trixie-tx9-smart\\\/\",\"name\":\"Distributeur automatique de nourriture Trixie TX9 Smart Trixie - V\u00e9torino\",\"isPartOf\":{\"@id\":\"https:\\\/\\\/www.vetorino.com\\\/boutique\\\/#website\"},\"primaryImageOfPage\":{\"@id\":\"https:\\\/\\\/www.vetorino.com\\\/boutique\\\/product\\\/distributeur-automatique-de-nourriture-trixie-tx9-smart\\\/#primaryimage\"},\"image\":{\"@id\":\"https:\\\/\\\/www.vetorino.com\\\/boutique\\\/product\\\/distributeur-automatique-de-nourriture-trixie-tx9-smart\\\/#primaryimage\"},\"thumbnailUrl\":\"https:\\\/\\\/www.vetorino.com\\\/boutique\\\/wp-content\\\/uploads\\\/2022\\\/09\\\/114554_trixie_trixie_futterautomat_tx9_smart_2_8l_hs_03_4.jpg\",\"datePublished\":\"2022-09-13T16:13:19+00:00\",\"dateModified\":\"2025-07-26T00:42:14+00:00\",\"description\":\"Le distributeur automatique TX9 Smart est un distributeur qui vous permettra non seulement de contr\u00f4ler les quantit\u00e9s et l\u2019heure des repas de votre animal mais \u00e9galement de prendre des photos et vid\u00e9os et de parler \u00e0 votre animal gr\u00e2ce \u00e0 la cam\u00e9ra et au micro int\u00e9gr\u00e9s\",\"breadcrumb\":{\"@id\":\"https:\\\/\\\/www.vetorino.com\\\/boutique\\\/product\\\/distributeur-automatique-de-nourriture-trixie-tx9-smart\\\/#breadcrumb\"},\"inLanguage\":\"fr-FR\",\"potentialAction\":[{\"@type\":\"ReadAction\",\"target\":[\"https:\\\/\\\/www.vetorino.com\\\/boutique\\\/product\\\/distributeur-automatique-de-nourriture-trixie-tx9-smart\\\/\"]}]},{\"@type\":\"ImageObject\",\"inLanguage\":\"fr-FR\",\"@id\":\"https:\\\/\\\/www.vetorino.com\\\/boutique\\\/product\\\/distributeur-automatique-de-nourriture-trixie-tx9-smart\\\/#primaryimage\",\"url\":\"https:\\\/\\\/www.vetorino.com\\\/boutique\\\/wp-content\\\/uploads\\\/2022\\\/09\\\/114554_trixie_trixie_futterautomat_tx9_smart_2_8l_hs_03_4.jpg\",\"contentUrl\":\"https:\\\/\\\/www.vetorino.com\\\/boutique\\\/wp-content\\\/uploads\\\/2022\\\/09\\\/114554_trixie_trixie_futterautomat_tx9_smart_2_8l_hs_03_4.jpg\",\"width\":800,\"height\":800,\"caption\":\"distributeur trixie\"},{\"@type\":\"BreadcrumbList\",\"@id\":\"https:\\\/\\\/www.vetorino.com\\\/boutique\\\/product\\\/distributeur-automatique-de-nourriture-trixie-tx9-smart\\\/#breadcrumb\",\"itemListElement\":[{\"@type\":\"ListItem\",\"position\":1,\"name\":\"Accueil\",\"item\":\"https:\\\/\\\/www.vetorino.com\\\/boutique\\\/\"},{\"@type\":\"ListItem\",\"position\":2,\"name\":\"Produits\",\"item\":\"https:\\\/\\\/www.vetorino.com\\\/boutique\\\/\"},{\"@type\":\"ListItem\",\"position\":3,\"name\":\"Distributeur automatique de nourriture Trixie TX9 Smart\"}]},{\"@type\":\"WebSite\",\"@id\":\"https:\\\/\\\/www.vetorino.com\\\/boutique\\\/#website\",\"url\":\"https:\\\/\\\/www.vetorino.com\\\/boutique\\\/\",\"name\":\"V\u00e9torino\",\"description\":\"\",\"publisher\":{\"@id\":\"https:\\\/\\\/www.vetorino.com\\\/boutique\\\/#organization\"},\"potentialAction\":[{\"@type\":\"SearchAction\",\"target\":{\"@type\":\"EntryPoint\",\"urlTemplate\":\"https:\\\/\\\/www.vetorino.com\\\/boutique\\\/?s={search_term_string}\"},\"query-input\":{\"@type\":\"PropertyValueSpecification\",\"valueRequired\":true,\"valueName\":\"search_term_string\"}}],\"inLanguage\":\"fr-FR\"},{\"@type\":\"Organization\",\"@id\":\"https:\\\/\\\/www.vetorino.com\\\/boutique\\\/#organization\",\"name\":\"V\u00e9torino\",\"url\":\"https:\\\/\\\/www.vetorino.com\\\/boutique\\\/\",\"logo\":{\"@type\":\"ImageObject\",\"inLanguage\":\"fr-FR\",\"@id\":\"https:\\\/\\\/www.vetorino.com\\\/boutique\\\/#\\\/schema\\\/logo\\\/image\\\/\",\"url\":\"https:\\\/\\\/www.vetorino.com\\\/boutique\\\/wp-content\\\/uploads\\\/2024\\\/10\\\/logo.jpg\",\"contentUrl\":\"https:\\\/\\\/www.vetorino.com\\\/boutique\\\/wp-content\\\/uploads\\\/2024\\\/10\\\/logo.jpg\",\"width\":1200,\"height\":610,\"caption\":\"V\u00e9torino\"},\"image\":{\"@id\":\"https:\\\/\\\/www.vetorino.com\\\/boutique\\\/#\\\/schema\\\/logo\\\/image\\\/\"},\"sameAs\":[\"https:\\\/\\\/www.facebook.com\\\/Vetorino\\\/\",\"https:\\\/\\\/www.instagram.com\\\/vetorino_off\\\/\",\"https:\\\/\\\/www.linkedin.com\\\/company\\\/vtorino\\\/\"]}]}<\/script>\n<meta property=\"product:brand\" content=\"Trixie\" \/>\n<meta property=\"product:price:amount\" content=\"189.28\" \/>\n<meta property=\"product:price:currency\" content=\"EUR\" \/>\n<meta property=\"og:availability\" content=\"out of stock\" \/>\n<meta property=\"product:availability\" content=\"out of stock\" \/>\n<meta property=\"product:retailer_item_id\" content=\"C-DIS783\" \/>\n<meta property=\"product:condition\" content=\"new\" \/>\n<!-- \/ Yoast SEO plugin. -->","yoast_head_json":{"title":"Distributeur automatique de nourriture Trixie TX9 Smart Trixie - V\u00e9torino","description":"Le distributeur automatique TX9 Smart est un distributeur qui vous permettra non seulement de contr\u00f4ler les quantit\u00e9s et l\u2019heure des repas de votre animal mais \u00e9galement de prendre des photos et vid\u00e9os et de parler \u00e0 votre animal gr\u00e2ce \u00e0 la cam\u00e9ra et au micro int\u00e9gr\u00e9s","robots":{"index":"noindex","follow":"nofollow"},"og_locale":"fr_FR","og_type":"article","og_title":"Distributeur automatique de nourriture Trixie TX9 Smart Trixie - V\u00e9torino","og_description":"Le distributeur automatique TX9 Smart est un distributeur qui vous permettra non seulement de contr\u00f4ler les quantit\u00e9s et l\u2019heure des repas de votre animal mais \u00e9galement de prendre des photos et vid\u00e9os et de parler \u00e0 votre animal gr\u00e2ce \u00e0 la cam\u00e9ra et au micro int\u00e9gr\u00e9s","og_url":"https:\/\/www.vetorino.com\/veterinaire\/claveyson-26240\/boutique\/product\/distributeur-automatique-de-nourriture-trixie-tx9-smart\/","og_site_name":"V\u00e9torino","article_publisher":"https:\/\/www.facebook.com\/Vetorino\/","article_modified_time":"2025-07-26T00:42:14+00:00","og_image":[{"width":800,"height":800,"url":"https:\/\/www.vetorino.com\/boutique\/wp-content\/uploads\/2022\/09\/114554_trixie_trixie_futterautomat_tx9_smart_2_8l_hs_03_4.jpg","type":"image\/jpeg"}],"twitter_card":"summary_large_image","twitter_misc":{"Prix":"189,28&euro;","Disponibilit\u00e9":"Rupture de stock"},"schema":{"@context":"https:\/\/schema.org","@graph":[{"@type":"WebPage","@id":"https:\/\/www.vetorino.com\/boutique\/product\/distributeur-automatique-de-nourriture-trixie-tx9-smart\/","url":"https:\/\/www.vetorino.com\/boutique\/product\/distributeur-automatique-de-nourriture-trixie-tx9-smart\/","name":"Distributeur automatique de nourriture Trixie TX9 Smart Trixie - V\u00e9torino","isPartOf":{"@id":"https:\/\/www.vetorino.com\/boutique\/#website"},"primaryImageOfPage":{"@id":"https:\/\/www.vetorino.com\/boutique\/product\/distributeur-automatique-de-nourriture-trixie-tx9-smart\/#primaryimage"},"image":{"@id":"https:\/\/www.vetorino.com\/boutique\/product\/distributeur-automatique-de-nourriture-trixie-tx9-smart\/#primaryimage"},"thumbnailUrl":"https:\/\/www.vetorino.com\/boutique\/wp-content\/uploads\/2022\/09\/114554_trixie_trixie_futterautomat_tx9_smart_2_8l_hs_03_4.jpg","datePublished":"2022-09-13T16:13:19+00:00","dateModified":"2025-07-26T00:42:14+00:00","description":"Le distributeur automatique TX9 Smart est un distributeur qui vous permettra non seulement de contr\u00f4ler les quantit\u00e9s et l\u2019heure des repas de votre animal mais \u00e9galement de prendre des photos et vid\u00e9os et de parler \u00e0 votre animal gr\u00e2ce \u00e0 la cam\u00e9ra et au micro int\u00e9gr\u00e9s","breadcrumb":{"@id":"https:\/\/www.vetorino.com\/boutique\/product\/distributeur-automatique-de-nourriture-trixie-tx9-smart\/#breadcrumb"},"inLanguage":"fr-FR","potentialAction":[{"@type":"ReadAction","target":["https:\/\/www.vetorino.com\/boutique\/product\/distributeur-automatique-de-nourriture-trixie-tx9-smart\/"]}]},{"@type":"ImageObject","inLanguage":"fr-FR","@id":"https:\/\/www.vetorino.com\/boutique\/product\/distributeur-automatique-de-nourriture-trixie-tx9-smart\/#primaryimage","url":"https:\/\/www.vetorino.com\/boutique\/wp-content\/uploads\/2022\/09\/114554_trixie_trixie_futterautomat_tx9_smart_2_8l_hs_03_4.jpg","contentUrl":"https:\/\/www.vetorino.com\/boutique\/wp-content\/uploads\/2022\/09\/114554_trixie_trixie_futterautomat_tx9_smart_2_8l_hs_03_4.jpg","width":800,"height":800,"caption":"distributeur trixie"},{"@type":"BreadcrumbList","@id":"https:\/\/www.vetorino.com\/boutique\/product\/distributeur-automatique-de-nourriture-trixie-tx9-smart\/#breadcrumb","itemListElement":[{"@type":"ListItem","position":1,"name":"Accueil","item":"https:\/\/www.vetorino.com\/boutique\/"},{"@type":"ListItem","position":2,"name":"Produits","item":"https:\/\/www.vetorino.com\/boutique\/"},{"@type":"ListItem","position":3,"name":"Distributeur automatique de nourriture Trixie TX9 Smart"}]},{"@type":"WebSite","@id":"https:\/\/www.vetorino.com\/boutique\/#website","url":"https:\/\/www.vetorino.com\/boutique\/","name":"V\u00e9torino","description":"","publisher":{"@id":"https:\/\/www.vetorino.com\/boutique\/#organization"},"potentialAction":[{"@type":"SearchAction","target":{"@type":"EntryPoint","urlTemplate":"https:\/\/www.vetorino.com\/boutique\/?s={search_term_string}"},"query-input":{"@type":"PropertyValueSpecification","valueRequired":true,"valueName":"search_term_string"}}],"inLanguage":"fr-FR"},{"@type":"Organization","@id":"https:\/\/www.vetorino.com\/boutique\/#organization","name":"V\u00e9torino","url":"https:\/\/www.vetorino.com\/boutique\/","logo":{"@type":"ImageObject","inLanguage":"fr-FR","@id":"https:\/\/www.vetorino.com\/boutique\/#\/schema\/logo\/image\/","url":"https:\/\/www.vetorino.com\/boutique\/wp-content\/uploads\/2024\/10\/logo.jpg","contentUrl":"https:\/\/www.vetorino.com\/boutique\/wp-content\/uploads\/2024\/10\/logo.jpg","width":1200,"height":610,"caption":"V\u00e9torino"},"image":{"@id":"https:\/\/www.vetorino.com\/boutique\/#\/schema\/logo\/image\/"},"sameAs":["https:\/\/www.facebook.com\/Vetorino\/","https:\/\/www.instagram.com\/vetorino_off\/","https:\/\/www.linkedin.com\/company\/vtorino\/"]}]},"product_brand":"Trixie","product_price_amount":"189.28","product_price_currency":"EUR","og_availability":"out of stock","product_availability":"out of stock","product_retailer_item_id":"C-DIS783","product_condition":"new"},"_links":{"self":[{"href":"https:\/\/www.vetorino.com\/veterinaire\/claveyson-26240\/boutique\/wp-json\/wp\/v2\/product\/461818","targetHints":{"allow":["GET"]}}],"collection":[{"href":"https:\/\/www.vetorino.com\/veterinaire\/claveyson-26240\/boutique\/wp-json\/wp\/v2\/product"}],"about":[{"href":"https:\/\/www.vetorino.com\/veterinaire\/claveyson-26240\/boutique\/wp-json\/wp\/v2\/types\/product"}],"wp:featuredmedia":[{"embeddable":true,"href":"https:\/\/www.vetorino.com\/veterinaire\/claveyson-26240\/boutique\/wp-json\/wp\/v2\/media\/461821"}],"wp:attachment":[{"href":"https:\/\/www.vetorino.com\/veterinaire\/claveyson-26240\/boutique\/wp-json\/wp\/v2\/media?parent=461818"}],"wp:term":[{"taxonomy":"product_cat","embeddable":true,"href":"https:\/\/www.vetorino.com\/veterinaire\/claveyson-26240\/boutique\/wp-json\/wp\/v2\/product_cat?post=461818"},{"taxonomy":"product_tag","embeddable":true,"href":"https:\/\/www.vetorino.com\/veterinaire\/claveyson-26240\/boutique\/wp-json\/wp\/v2\/product_tag?post=461818"}],"curies":[{"name":"wp","href":"https:\/\/api.w.org\/{rel}","templated":true}]}}