{"id":98278,"date":"2020-06-30T00:58:44","date_gmt":"2020-06-29T22:58:44","guid":{"rendered":"https:\/\/www.vetorino.com\/boutique\/product\/kenosan\/"},"modified":"2026-03-30T09:41:19","modified_gmt":"2026-03-30T07:41:19","slug":"kenosan","status":"publish","type":"product","link":"https:\/\/www.vetorino.com\/veterinaire\/claveyson-26240\/boutique\/product\/kenosan\/","title":{"rendered":"Kenosan"},"content":{"rendered":"<p>Produits de nettoyage tr\u00e8s moussant pour tout nettoyage en productions animales, utilisable avec lance ou canon \u00e0 mousse.<br \/>\nUtilisable pour l&#8217;\u00e9limination des graisses animales, fientes, d\u00e9p\u00f4ts alimentaires.<br \/>\nUtilisable sur toutes surfaces difficiles \u00e0 nettoyer avec un d\u00e9tergent classique.<\/p>\n<p>Avantage du Kenosan :<\/p>\n<ul>\n<li>Total innocuit\u00e9 : sur mat\u00e9riaux couramment rencontr\u00e9s (fibro, polyester, plastique, aluminium, inox, galva etc&#8230;),<\/li>\n<li>Agents moussant :\u00a0le fait de pouvoir utiliser KENOSAN au canon \u00e0 mousse augmentera le temps de contact avec les surfaces verticales, am\u00e9liorant le nettoyage.<\/li>\n<li>Mouillant\u00a0: la fonction mouillante aura pour effet d&#8217;augmenter le contact avec des souillures \u00e0 supprimer ainsi que d&#8217;am\u00e9liorer la fonction p\u00e9n\u00e9trante de la solution.<\/li>\n<\/ul>\n<p>Caract\u00e9ristiques :<\/p>\n<ul>\n<li>Produit liquide.<\/li>\n<li>pH : 11 \u00e0 1 %.<\/li>\n<li>Densit\u00e9 \u00e0 20\u00b0C : 1,075 kg\/L.<\/li>\n<li>Point de gel : 16 \u00b0C.<\/li>\n<li>Biod\u00e9gradable &gt; 90 % (BOD\/COD).<\/li>\n<\/ul>\n<p>Mode d&#8217;emploi :<\/p>\n<ul>\n<li>Il n&#8217;est pas souvent n\u00e9cessaire de mouiller au pr\u00e9alable les surfaces \u00e0 nettoyer.<\/li>\n<li>Pulv\u00e9riser au canon \u00e0 mousse une dose de 1 \u00e0 1,5 %.<\/li>\n<li>Laisser agir de 30 \u00e0 60 minutes.<\/li>\n<li>Rincer \u00e0 la haute pression \u00e0 l&#8217;eau froide ou chaude.<\/li>\n<\/ul>\n","protected":false},"excerpt":{"rendered":"<p>Produits de nettoyage tr\u00e8s moussant pour tout nettoyage en productions animales, utilisable avec lance ou canon \u00e0 mousse.<br \/>\nUtilisable pour l&#8217;\u00e9limination des graisses animales, fientes, d\u00e9p\u00f4ts alimentaires.<br \/>\nUtilisable sur toutes surfaces difficiles \u00e0 nettoyer avec un d\u00e9tergent classique.<\/p>\n","protected":false},"featured_media":180538,"template":"","meta":[],"product_cat":[6864,12547,12762,12760],"product_tag":[],"class_list":{"0":"post-98278","1":"product","2":"type-product","3":"status-publish","4":"has-post-thumbnail","6":"product_cat-animaux-delevage","7":"product_cat-cheval","8":"product_cat-hygiene-des-batiments","9":"product_cat-materiel-et-equipement-du-cheval","10":"pa_marque-cid-lines","12":"first","13":"instock","14":"taxable","15":"shipping-taxable","16":"purchasable","17":"product-type-simple"},"yoast_head":"<!-- This site is optimized with the Yoast SEO plugin v27.3 - https:\/\/yoast.com\/product\/yoast-seo-wordpress\/ -->\n<title>Kenosan CID LINES - V\u00e9torino<\/title>\n<meta name=\"description\" content=\"Produits de nettoyage tr\u00e8s moussant pour tout nettoyage en productions animales, utilisable avec lance ou canon \u00e0 mousse. Utilisable pour l&#039;\u00e9limination des graisses animales, fientes, d\u00e9p\u00f4ts alimentaires. Utilisable sur toutes surfaces difficiles \u00e0 nettoyer avec un d\u00e9tergent classique.\" \/>\n<meta name=\"robots\" content=\"noindex, nofollow\" \/>\n<meta property=\"og:locale\" content=\"fr_FR\" \/>\n<meta property=\"og:type\" content=\"article\" \/>\n<meta property=\"og:title\" content=\"Kenosan CID LINES - V\u00e9torino\" \/>\n<meta property=\"og:description\" content=\"Produits de nettoyage tr\u00e8s moussant pour tout nettoyage en productions animales, utilisable avec lance ou canon \u00e0 mousse. Utilisable pour l&#039;\u00e9limination des graisses animales, fientes, d\u00e9p\u00f4ts alimentaires. Utilisable sur toutes surfaces difficiles \u00e0 nettoyer avec un d\u00e9tergent classique.\" \/>\n<meta property=\"og:url\" content=\"https:\/\/www.vetorino.com\/veterinaire\/claveyson-26240\/boutique\/product\/kenosan\/\" \/>\n<meta property=\"og:site_name\" content=\"V\u00e9torino\" \/>\n<meta property=\"article:publisher\" content=\"https:\/\/www.facebook.com\/Vetorino\/\" \/>\n<meta property=\"article:modified_time\" content=\"2026-03-30T07:41:19+00:00\" \/>\n<meta property=\"og:image\" content=\"https:\/\/www.vetorino.com\/boutique\/wp-content\/uploads\/2020\/06\/kenosan_22kg_3.jpeg\" \/>\n\t<meta property=\"og:image:width\" content=\"622\" \/>\n\t<meta property=\"og:image:height\" content=\"760\" \/>\n\t<meta property=\"og:image:type\" content=\"image\/jpeg\" \/>\n<meta name=\"twitter:card\" content=\"summary_large_image\" \/>\n<meta name=\"twitter:label1\" content=\"Prix\" \/>\n\t<meta name=\"twitter:data1\" content=\"44,70&euro;\" \/>\n\t<meta name=\"twitter:label2\" content=\"Disponibilit\u00e9\" \/>\n\t<meta name=\"twitter:data2\" content=\"En stock\" \/>\n<script type=\"application\/ld+json\" class=\"yoast-schema-graph\">{\"@context\":\"https:\\\/\\\/schema.org\",\"@graph\":[{\"@type\":\"WebPage\",\"@id\":\"https:\\\/\\\/www.vetorino.com\\\/boutique\\\/product\\\/kenosan\\\/\",\"url\":\"https:\\\/\\\/www.vetorino.com\\\/boutique\\\/product\\\/kenosan\\\/\",\"name\":\"Kenosan CID LINES - V\u00e9torino\",\"isPartOf\":{\"@id\":\"https:\\\/\\\/www.vetorino.com\\\/boutique\\\/#website\"},\"primaryImageOfPage\":{\"@id\":\"https:\\\/\\\/www.vetorino.com\\\/boutique\\\/product\\\/kenosan\\\/#primaryimage\"},\"image\":{\"@id\":\"https:\\\/\\\/www.vetorino.com\\\/boutique\\\/product\\\/kenosan\\\/#primaryimage\"},\"thumbnailUrl\":\"https:\\\/\\\/www.vetorino.com\\\/boutique\\\/wp-content\\\/uploads\\\/2020\\\/06\\\/kenosan_22kg_3.jpeg\",\"datePublished\":\"2020-06-29T22:58:44+00:00\",\"dateModified\":\"2026-03-30T07:41:19+00:00\",\"description\":\"Produits de nettoyage tr\u00e8s moussant pour tout nettoyage en productions animales, utilisable avec lance ou canon \u00e0 mousse. Utilisable pour l'\u00e9limination des graisses animales, fientes, d\u00e9p\u00f4ts alimentaires. Utilisable sur toutes surfaces difficiles \u00e0 nettoyer avec un d\u00e9tergent classique.\",\"breadcrumb\":{\"@id\":\"https:\\\/\\\/www.vetorino.com\\\/boutique\\\/product\\\/kenosan\\\/#breadcrumb\"},\"inLanguage\":\"fr-FR\",\"potentialAction\":[{\"@type\":\"ReadAction\",\"target\":[\"https:\\\/\\\/www.vetorino.com\\\/boutique\\\/product\\\/kenosan\\\/\"]}]},{\"@type\":\"ImageObject\",\"inLanguage\":\"fr-FR\",\"@id\":\"https:\\\/\\\/www.vetorino.com\\\/boutique\\\/product\\\/kenosan\\\/#primaryimage\",\"url\":\"https:\\\/\\\/www.vetorino.com\\\/boutique\\\/wp-content\\\/uploads\\\/2020\\\/06\\\/kenosan_22kg_3.jpeg\",\"contentUrl\":\"https:\\\/\\\/www.vetorino.com\\\/boutique\\\/wp-content\\\/uploads\\\/2020\\\/06\\\/kenosan_22kg_3.jpeg\",\"width\":622,\"height\":760},{\"@type\":\"BreadcrumbList\",\"@id\":\"https:\\\/\\\/www.vetorino.com\\\/boutique\\\/product\\\/kenosan\\\/#breadcrumb\",\"itemListElement\":[{\"@type\":\"ListItem\",\"position\":1,\"name\":\"Accueil\",\"item\":\"https:\\\/\\\/www.vetorino.com\\\/boutique\\\/\"},{\"@type\":\"ListItem\",\"position\":2,\"name\":\"Produits\",\"item\":\"https:\\\/\\\/www.vetorino.com\\\/boutique\\\/\"},{\"@type\":\"ListItem\",\"position\":3,\"name\":\"Kenosan\"}]},{\"@type\":\"WebSite\",\"@id\":\"https:\\\/\\\/www.vetorino.com\\\/boutique\\\/#website\",\"url\":\"https:\\\/\\\/www.vetorino.com\\\/boutique\\\/\",\"name\":\"V\u00e9torino\",\"description\":\"\",\"publisher\":{\"@id\":\"https:\\\/\\\/www.vetorino.com\\\/boutique\\\/#organization\"},\"potentialAction\":[{\"@type\":\"SearchAction\",\"target\":{\"@type\":\"EntryPoint\",\"urlTemplate\":\"https:\\\/\\\/www.vetorino.com\\\/boutique\\\/?s={search_term_string}\"},\"query-input\":{\"@type\":\"PropertyValueSpecification\",\"valueRequired\":true,\"valueName\":\"search_term_string\"}}],\"inLanguage\":\"fr-FR\"},{\"@type\":\"Organization\",\"@id\":\"https:\\\/\\\/www.vetorino.com\\\/boutique\\\/#organization\",\"name\":\"V\u00e9torino\",\"url\":\"https:\\\/\\\/www.vetorino.com\\\/boutique\\\/\",\"logo\":{\"@type\":\"ImageObject\",\"inLanguage\":\"fr-FR\",\"@id\":\"https:\\\/\\\/www.vetorino.com\\\/boutique\\\/#\\\/schema\\\/logo\\\/image\\\/\",\"url\":\"https:\\\/\\\/www.vetorino.com\\\/boutique\\\/wp-content\\\/uploads\\\/2024\\\/10\\\/logo.jpg\",\"contentUrl\":\"https:\\\/\\\/www.vetorino.com\\\/boutique\\\/wp-content\\\/uploads\\\/2024\\\/10\\\/logo.jpg\",\"width\":1200,\"height\":610,\"caption\":\"V\u00e9torino\"},\"image\":{\"@id\":\"https:\\\/\\\/www.vetorino.com\\\/boutique\\\/#\\\/schema\\\/logo\\\/image\\\/\"},\"sameAs\":[\"https:\\\/\\\/www.facebook.com\\\/Vetorino\\\/\",\"https:\\\/\\\/www.instagram.com\\\/vetorino_off\\\/\",\"https:\\\/\\\/www.linkedin.com\\\/company\\\/vtorino\\\/\"]}]}<\/script>\n<meta property=\"product:brand\" content=\"CID LINES\" \/>\n<meta property=\"product:price:amount\" content=\"44.70\" \/>\n<meta property=\"product:price:currency\" content=\"EUR\" \/>\n<meta property=\"og:availability\" content=\"instock\" \/>\n<meta property=\"product:availability\" content=\"instock\" \/>\n<meta property=\"product:retailer_item_id\" content=\"C-KEN007\" \/>\n<meta property=\"product:condition\" content=\"new\" \/>\n<!-- \/ Yoast SEO plugin. -->","yoast_head_json":{"title":"Kenosan CID LINES - V\u00e9torino","description":"Produits de nettoyage tr\u00e8s moussant pour tout nettoyage en productions animales, utilisable avec lance ou canon \u00e0 mousse. Utilisable pour l'\u00e9limination des graisses animales, fientes, d\u00e9p\u00f4ts alimentaires. Utilisable sur toutes surfaces difficiles \u00e0 nettoyer avec un d\u00e9tergent classique.","robots":{"index":"noindex","follow":"nofollow"},"og_locale":"fr_FR","og_type":"article","og_title":"Kenosan CID LINES - V\u00e9torino","og_description":"Produits de nettoyage tr\u00e8s moussant pour tout nettoyage en productions animales, utilisable avec lance ou canon \u00e0 mousse. Utilisable pour l'\u00e9limination des graisses animales, fientes, d\u00e9p\u00f4ts alimentaires. Utilisable sur toutes surfaces difficiles \u00e0 nettoyer avec un d\u00e9tergent classique.","og_url":"https:\/\/www.vetorino.com\/veterinaire\/claveyson-26240\/boutique\/product\/kenosan\/","og_site_name":"V\u00e9torino","article_publisher":"https:\/\/www.facebook.com\/Vetorino\/","article_modified_time":"2026-03-30T07:41:19+00:00","og_image":[{"width":622,"height":760,"url":"https:\/\/www.vetorino.com\/boutique\/wp-content\/uploads\/2020\/06\/kenosan_22kg_3.jpeg","type":"image\/jpeg"}],"twitter_card":"summary_large_image","twitter_misc":{"Prix":"44,70&euro;","Disponibilit\u00e9":"En stock"},"schema":{"@context":"https:\/\/schema.org","@graph":[{"@type":"WebPage","@id":"https:\/\/www.vetorino.com\/boutique\/product\/kenosan\/","url":"https:\/\/www.vetorino.com\/boutique\/product\/kenosan\/","name":"Kenosan CID LINES - V\u00e9torino","isPartOf":{"@id":"https:\/\/www.vetorino.com\/boutique\/#website"},"primaryImageOfPage":{"@id":"https:\/\/www.vetorino.com\/boutique\/product\/kenosan\/#primaryimage"},"image":{"@id":"https:\/\/www.vetorino.com\/boutique\/product\/kenosan\/#primaryimage"},"thumbnailUrl":"https:\/\/www.vetorino.com\/boutique\/wp-content\/uploads\/2020\/06\/kenosan_22kg_3.jpeg","datePublished":"2020-06-29T22:58:44+00:00","dateModified":"2026-03-30T07:41:19+00:00","description":"Produits de nettoyage tr\u00e8s moussant pour tout nettoyage en productions animales, utilisable avec lance ou canon \u00e0 mousse. Utilisable pour l'\u00e9limination des graisses animales, fientes, d\u00e9p\u00f4ts alimentaires. Utilisable sur toutes surfaces difficiles \u00e0 nettoyer avec un d\u00e9tergent classique.","breadcrumb":{"@id":"https:\/\/www.vetorino.com\/boutique\/product\/kenosan\/#breadcrumb"},"inLanguage":"fr-FR","potentialAction":[{"@type":"ReadAction","target":["https:\/\/www.vetorino.com\/boutique\/product\/kenosan\/"]}]},{"@type":"ImageObject","inLanguage":"fr-FR","@id":"https:\/\/www.vetorino.com\/boutique\/product\/kenosan\/#primaryimage","url":"https:\/\/www.vetorino.com\/boutique\/wp-content\/uploads\/2020\/06\/kenosan_22kg_3.jpeg","contentUrl":"https:\/\/www.vetorino.com\/boutique\/wp-content\/uploads\/2020\/06\/kenosan_22kg_3.jpeg","width":622,"height":760},{"@type":"BreadcrumbList","@id":"https:\/\/www.vetorino.com\/boutique\/product\/kenosan\/#breadcrumb","itemListElement":[{"@type":"ListItem","position":1,"name":"Accueil","item":"https:\/\/www.vetorino.com\/boutique\/"},{"@type":"ListItem","position":2,"name":"Produits","item":"https:\/\/www.vetorino.com\/boutique\/"},{"@type":"ListItem","position":3,"name":"Kenosan"}]},{"@type":"WebSite","@id":"https:\/\/www.vetorino.com\/boutique\/#website","url":"https:\/\/www.vetorino.com\/boutique\/","name":"V\u00e9torino","description":"","publisher":{"@id":"https:\/\/www.vetorino.com\/boutique\/#organization"},"potentialAction":[{"@type":"SearchAction","target":{"@type":"EntryPoint","urlTemplate":"https:\/\/www.vetorino.com\/boutique\/?s={search_term_string}"},"query-input":{"@type":"PropertyValueSpecification","valueRequired":true,"valueName":"search_term_string"}}],"inLanguage":"fr-FR"},{"@type":"Organization","@id":"https:\/\/www.vetorino.com\/boutique\/#organization","name":"V\u00e9torino","url":"https:\/\/www.vetorino.com\/boutique\/","logo":{"@type":"ImageObject","inLanguage":"fr-FR","@id":"https:\/\/www.vetorino.com\/boutique\/#\/schema\/logo\/image\/","url":"https:\/\/www.vetorino.com\/boutique\/wp-content\/uploads\/2024\/10\/logo.jpg","contentUrl":"https:\/\/www.vetorino.com\/boutique\/wp-content\/uploads\/2024\/10\/logo.jpg","width":1200,"height":610,"caption":"V\u00e9torino"},"image":{"@id":"https:\/\/www.vetorino.com\/boutique\/#\/schema\/logo\/image\/"},"sameAs":["https:\/\/www.facebook.com\/Vetorino\/","https:\/\/www.instagram.com\/vetorino_off\/","https:\/\/www.linkedin.com\/company\/vtorino\/"]}]},"product_brand":"CID LINES","product_price_amount":"44.70","product_price_currency":"EUR","og_availability":"instock","product_availability":"instock","product_retailer_item_id":"C-KEN007","product_condition":"new"},"_links":{"self":[{"href":"https:\/\/www.vetorino.com\/veterinaire\/claveyson-26240\/boutique\/wp-json\/wp\/v2\/product\/98278","targetHints":{"allow":["GET"]}}],"collection":[{"href":"https:\/\/www.vetorino.com\/veterinaire\/claveyson-26240\/boutique\/wp-json\/wp\/v2\/product"}],"about":[{"href":"https:\/\/www.vetorino.com\/veterinaire\/claveyson-26240\/boutique\/wp-json\/wp\/v2\/types\/product"}],"wp:featuredmedia":[{"embeddable":true,"href":"https:\/\/www.vetorino.com\/veterinaire\/claveyson-26240\/boutique\/wp-json\/wp\/v2\/media\/180538"}],"wp:attachment":[{"href":"https:\/\/www.vetorino.com\/veterinaire\/claveyson-26240\/boutique\/wp-json\/wp\/v2\/media?parent=98278"}],"wp:term":[{"taxonomy":"product_cat","embeddable":true,"href":"https:\/\/www.vetorino.com\/veterinaire\/claveyson-26240\/boutique\/wp-json\/wp\/v2\/product_cat?post=98278"},{"taxonomy":"product_tag","embeddable":true,"href":"https:\/\/www.vetorino.com\/veterinaire\/claveyson-26240\/boutique\/wp-json\/wp\/v2\/product_tag?post=98278"}],"curies":[{"name":"wp","href":"https:\/\/api.w.org\/{rel}","templated":true}]}}