{"id":99921,"date":"2020-06-30T01:37:44","date_gmt":"2020-06-29T23:37:44","guid":{"rendered":"https:\/\/www.vetorino.com\/boutique\/product\/nerf-de-boeuf\/"},"modified":"2026-04-01T19:20:19","modified_gmt":"2026-04-01T17:20:19","slug":"nerf-de-boeuf","status":"publish","type":"product","link":"https:\/\/www.vetorino.com\/veterinaire\/claveyson-26240\/boutique\/product\/nerf-de-boeuf\/","title":{"rendered":"Nerf de Boeuf"},"content":{"rendered":"<p>Ces friandises au B\u0153uf \u00e9merveilleront les papilles de votre compagnon qui pourra passer de longs moments \u00e0 les mastiquer. Ce genre de snacks favorise l&#8217;hygi\u00e8ne bucco-dentaire, combat le tarte et limite la mauvaise haleine.<\/p>\n<p><b>Utilisation<\/b> :<\/p>\n<ul>\n<li>Chien adulte de grande taille<\/li>\n<\/ul>\n<p><strong>Avantages :<\/strong><\/p>\n<ul>\n<li>100 % naturel et riche en prot\u00e9ines animales, min\u00e9raux et oligo-\u00e9l\u00e9ments<\/li>\n<li>D\u00e9shydrat\u00e9 avec soin et hautement digeste<\/li>\n<li>Plaisir de m\u00e2cher longue dur\u00e9e<\/li>\n<\/ul>\n<p>Friandises fabriqu\u00e9es en France compos\u00e9es \u00e0 100 % de verge de taureau. Conditionn\u00e9es en sachet de 12cm x3. Composition analytique : Prot\u00e9ine brute 80 %, Mati\u00e8re grasse 2 %, Cellulose 1. 4 %, Glucide 2 %<\/p>\n","protected":false},"excerpt":{"rendered":"<p>Ces friandises au B\u0153uf \u00e9merveilleront les papilles de votre compagnon qui pourra passer de longs moments \u00e0 les mastiquer. Ce genre de snacks favorise l&#8217;hygi\u00e8ne bucco-dentaire, combat le tarte et limite la mauvaise haleine.<\/p>\n<p><b>Utilisation<\/b> :<\/p>\n<ul>\n<li>Chien adulte de grande taille<\/li>\n<\/ul>\n","protected":false},"featured_media":484309,"template":"","meta":[],"product_cat":[2698,12610,12561],"product_tag":[],"class_list":{"0":"post-99921","1":"product","2":"type-product","3":"status-publish","4":"has-post-thumbnail","6":"product_cat-chien","7":"product_cat-hygiene-bucco-dentaire-du-chien","8":"product_cat-hygiene-du-chien","9":"pa_marque-zolux","11":"first","12":"outofstock","13":"taxable","14":"shipping-taxable","15":"purchasable","16":"product-type-simple"},"yoast_head":"<!-- This site is optimized with the Yoast SEO plugin v27.3 - https:\/\/yoast.com\/product\/yoast-seo-wordpress\/ -->\n<title>Nerf de Boeuf Zolux - V\u00e9torino<\/title>\n<meta name=\"description\" content=\"Ces friandises au B\u0153uf \u00e9merveilleront les papilles de votre compagnon qui pourra passer de longs moments \u00e0 les mastiquer. Ce genre de snacks favorise l&#039;hygi\u00e8ne bucco-dentaire, combat le tarte et limite la mauvaise haleine.  Utilisation :   Chien adulte de grande taille\" \/>\n<meta name=\"robots\" content=\"noindex, nofollow\" \/>\n<meta property=\"og:locale\" content=\"fr_FR\" \/>\n<meta property=\"og:type\" content=\"article\" \/>\n<meta property=\"og:title\" content=\"Nerf de Boeuf Zolux - V\u00e9torino\" \/>\n<meta property=\"og:description\" content=\"Ces friandises au B\u0153uf \u00e9merveilleront les papilles de votre compagnon qui pourra passer de longs moments \u00e0 les mastiquer. Ce genre de snacks favorise l&#039;hygi\u00e8ne bucco-dentaire, combat le tarte et limite la mauvaise haleine.  Utilisation :   Chien adulte de grande taille\" \/>\n<meta property=\"og:url\" content=\"https:\/\/www.vetorino.com\/veterinaire\/claveyson-26240\/boutique\/product\/nerf-de-boeuf\/\" \/>\n<meta property=\"og:site_name\" content=\"V\u00e9torino\" \/>\n<meta property=\"article:publisher\" content=\"https:\/\/www.facebook.com\/Vetorino\/\" \/>\n<meta property=\"article:modified_time\" content=\"2026-04-01T17:20:19+00:00\" \/>\n<meta property=\"og:image\" content=\"https:\/\/www.vetorino.com\/boutique\/wp-content\/uploads\/2020\/06\/nerf-de-boeuf-12cm-x3.jpg\" \/>\n\t<meta property=\"og:image:width\" content=\"800\" \/>\n\t<meta property=\"og:image:height\" content=\"800\" \/>\n\t<meta property=\"og:image:type\" content=\"image\/jpeg\" \/>\n<meta name=\"twitter:card\" content=\"summary_large_image\" \/>\n<meta name=\"twitter:label1\" content=\"Prix\" \/>\n\t<meta name=\"twitter:data1\" content=\"8,04&euro;\" \/>\n\t<meta name=\"twitter:label2\" content=\"Disponibilit\u00e9\" \/>\n\t<meta name=\"twitter:data2\" content=\"Rupture de stock\" \/>\n<script type=\"application\/ld+json\" class=\"yoast-schema-graph\">{\"@context\":\"https:\\\/\\\/schema.org\",\"@graph\":[{\"@type\":\"WebPage\",\"@id\":\"https:\\\/\\\/www.vetorino.com\\\/veterinaire\\\/lyon-69002\\\/boutique\\\/product\\\/nerf-de-boeuf\\\/\",\"url\":\"https:\\\/\\\/www.vetorino.com\\\/veterinaire\\\/lyon-69002\\\/boutique\\\/product\\\/nerf-de-boeuf\\\/\",\"name\":\"Nerf de Boeuf Zolux - V\u00e9torino\",\"isPartOf\":{\"@id\":\"https:\\\/\\\/www.vetorino.com\\\/boutique\\\/#website\"},\"primaryImageOfPage\":{\"@id\":\"https:\\\/\\\/www.vetorino.com\\\/veterinaire\\\/lyon-69002\\\/boutique\\\/product\\\/nerf-de-boeuf\\\/#primaryimage\"},\"image\":{\"@id\":\"https:\\\/\\\/www.vetorino.com\\\/veterinaire\\\/lyon-69002\\\/boutique\\\/product\\\/nerf-de-boeuf\\\/#primaryimage\"},\"thumbnailUrl\":\"https:\\\/\\\/www.vetorino.com\\\/boutique\\\/wp-content\\\/uploads\\\/2020\\\/06\\\/nerf-de-boeuf-12cm-x3.jpg\",\"datePublished\":\"2020-06-29T23:37:44+00:00\",\"dateModified\":\"2026-04-01T17:20:19+00:00\",\"description\":\"Ces friandises au B\u0153uf \u00e9merveilleront les papilles de votre compagnon qui pourra passer de longs moments \u00e0 les mastiquer. Ce genre de snacks favorise l'hygi\u00e8ne bucco-dentaire, combat le tarte et limite la mauvaise haleine. Utilisation : Chien adulte de grande taille\",\"breadcrumb\":{\"@id\":\"https:\\\/\\\/www.vetorino.com\\\/veterinaire\\\/lyon-69002\\\/boutique\\\/product\\\/nerf-de-boeuf\\\/#breadcrumb\"},\"inLanguage\":\"fr-FR\",\"potentialAction\":[{\"@type\":\"ReadAction\",\"target\":[\"https:\\\/\\\/www.vetorino.com\\\/veterinaire\\\/lyon-69002\\\/boutique\\\/product\\\/nerf-de-boeuf\\\/\"]}]},{\"@type\":\"ImageObject\",\"inLanguage\":\"fr-FR\",\"@id\":\"https:\\\/\\\/www.vetorino.com\\\/veterinaire\\\/lyon-69002\\\/boutique\\\/product\\\/nerf-de-boeuf\\\/#primaryimage\",\"url\":\"https:\\\/\\\/www.vetorino.com\\\/boutique\\\/wp-content\\\/uploads\\\/2020\\\/06\\\/nerf-de-boeuf-12cm-x3.jpg\",\"contentUrl\":\"https:\\\/\\\/www.vetorino.com\\\/boutique\\\/wp-content\\\/uploads\\\/2020\\\/06\\\/nerf-de-boeuf-12cm-x3.jpg\",\"width\":800,\"height\":800},{\"@type\":\"BreadcrumbList\",\"@id\":\"https:\\\/\\\/www.vetorino.com\\\/veterinaire\\\/lyon-69002\\\/boutique\\\/product\\\/nerf-de-boeuf\\\/#breadcrumb\",\"itemListElement\":[{\"@type\":\"ListItem\",\"position\":1,\"name\":\"Accueil\",\"item\":\"https:\\\/\\\/www.vetorino.com\\\/boutique\\\/\"},{\"@type\":\"ListItem\",\"position\":2,\"name\":\"Produits\",\"item\":\"https:\\\/\\\/www.vetorino.com\\\/boutique\\\/\"},{\"@type\":\"ListItem\",\"position\":3,\"name\":\"Nerf de Boeuf\"}]},{\"@type\":\"WebSite\",\"@id\":\"https:\\\/\\\/www.vetorino.com\\\/boutique\\\/#website\",\"url\":\"https:\\\/\\\/www.vetorino.com\\\/boutique\\\/\",\"name\":\"V\u00e9torino\",\"description\":\"\",\"publisher\":{\"@id\":\"https:\\\/\\\/www.vetorino.com\\\/boutique\\\/#organization\"},\"potentialAction\":[{\"@type\":\"SearchAction\",\"target\":{\"@type\":\"EntryPoint\",\"urlTemplate\":\"https:\\\/\\\/www.vetorino.com\\\/boutique\\\/?s={search_term_string}\"},\"query-input\":{\"@type\":\"PropertyValueSpecification\",\"valueRequired\":true,\"valueName\":\"search_term_string\"}}],\"inLanguage\":\"fr-FR\"},{\"@type\":\"Organization\",\"@id\":\"https:\\\/\\\/www.vetorino.com\\\/boutique\\\/#organization\",\"name\":\"V\u00e9torino\",\"url\":\"https:\\\/\\\/www.vetorino.com\\\/boutique\\\/\",\"logo\":{\"@type\":\"ImageObject\",\"inLanguage\":\"fr-FR\",\"@id\":\"https:\\\/\\\/www.vetorino.com\\\/boutique\\\/#\\\/schema\\\/logo\\\/image\\\/\",\"url\":\"https:\\\/\\\/www.vetorino.com\\\/boutique\\\/wp-content\\\/uploads\\\/2024\\\/10\\\/logo.jpg\",\"contentUrl\":\"https:\\\/\\\/www.vetorino.com\\\/boutique\\\/wp-content\\\/uploads\\\/2024\\\/10\\\/logo.jpg\",\"width\":1200,\"height\":610,\"caption\":\"V\u00e9torino\"},\"image\":{\"@id\":\"https:\\\/\\\/www.vetorino.com\\\/boutique\\\/#\\\/schema\\\/logo\\\/image\\\/\"},\"sameAs\":[\"https:\\\/\\\/www.facebook.com\\\/Vetorino\\\/\",\"https:\\\/\\\/www.instagram.com\\\/vetorino_off\\\/\",\"https:\\\/\\\/www.linkedin.com\\\/company\\\/vtorino\\\/\"]}]}<\/script>\n<meta property=\"product:brand\" content=\"Zolux\" \/>\n<meta property=\"product:price:amount\" content=\"8.04\" \/>\n<meta property=\"product:price:currency\" content=\"EUR\" \/>\n<meta property=\"og:availability\" content=\"out of stock\" \/>\n<meta property=\"product:availability\" content=\"out of stock\" \/>\n<meta property=\"product:retailer_item_id\" content=\"C-NER400\" \/>\n<meta property=\"product:condition\" content=\"new\" \/>\n<!-- \/ Yoast SEO plugin. -->","yoast_head_json":{"title":"Nerf de Boeuf Zolux - V\u00e9torino","description":"Ces friandises au B\u0153uf \u00e9merveilleront les papilles de votre compagnon qui pourra passer de longs moments \u00e0 les mastiquer. Ce genre de snacks favorise l'hygi\u00e8ne bucco-dentaire, combat le tarte et limite la mauvaise haleine.  Utilisation :   Chien adulte de grande taille","robots":{"index":"noindex","follow":"nofollow"},"og_locale":"fr_FR","og_type":"article","og_title":"Nerf de Boeuf Zolux - V\u00e9torino","og_description":"Ces friandises au B\u0153uf \u00e9merveilleront les papilles de votre compagnon qui pourra passer de longs moments \u00e0 les mastiquer. Ce genre de snacks favorise l'hygi\u00e8ne bucco-dentaire, combat le tarte et limite la mauvaise haleine.  Utilisation :   Chien adulte de grande taille","og_url":"https:\/\/www.vetorino.com\/veterinaire\/claveyson-26240\/boutique\/product\/nerf-de-boeuf\/","og_site_name":"V\u00e9torino","article_publisher":"https:\/\/www.facebook.com\/Vetorino\/","article_modified_time":"2026-04-01T17:20:19+00:00","og_image":[{"width":800,"height":800,"url":"https:\/\/www.vetorino.com\/boutique\/wp-content\/uploads\/2020\/06\/nerf-de-boeuf-12cm-x3.jpg","type":"image\/jpeg"}],"twitter_card":"summary_large_image","twitter_misc":{"Prix":"8,04&euro;","Disponibilit\u00e9":"Rupture de stock"},"schema":{"@context":"https:\/\/schema.org","@graph":[{"@type":"WebPage","@id":"https:\/\/www.vetorino.com\/veterinaire\/lyon-69002\/boutique\/product\/nerf-de-boeuf\/","url":"https:\/\/www.vetorino.com\/veterinaire\/lyon-69002\/boutique\/product\/nerf-de-boeuf\/","name":"Nerf de Boeuf Zolux - V\u00e9torino","isPartOf":{"@id":"https:\/\/www.vetorino.com\/boutique\/#website"},"primaryImageOfPage":{"@id":"https:\/\/www.vetorino.com\/veterinaire\/lyon-69002\/boutique\/product\/nerf-de-boeuf\/#primaryimage"},"image":{"@id":"https:\/\/www.vetorino.com\/veterinaire\/lyon-69002\/boutique\/product\/nerf-de-boeuf\/#primaryimage"},"thumbnailUrl":"https:\/\/www.vetorino.com\/boutique\/wp-content\/uploads\/2020\/06\/nerf-de-boeuf-12cm-x3.jpg","datePublished":"2020-06-29T23:37:44+00:00","dateModified":"2026-04-01T17:20:19+00:00","description":"Ces friandises au B\u0153uf \u00e9merveilleront les papilles de votre compagnon qui pourra passer de longs moments \u00e0 les mastiquer. Ce genre de snacks favorise l'hygi\u00e8ne bucco-dentaire, combat le tarte et limite la mauvaise haleine. Utilisation : Chien adulte de grande taille","breadcrumb":{"@id":"https:\/\/www.vetorino.com\/veterinaire\/lyon-69002\/boutique\/product\/nerf-de-boeuf\/#breadcrumb"},"inLanguage":"fr-FR","potentialAction":[{"@type":"ReadAction","target":["https:\/\/www.vetorino.com\/veterinaire\/lyon-69002\/boutique\/product\/nerf-de-boeuf\/"]}]},{"@type":"ImageObject","inLanguage":"fr-FR","@id":"https:\/\/www.vetorino.com\/veterinaire\/lyon-69002\/boutique\/product\/nerf-de-boeuf\/#primaryimage","url":"https:\/\/www.vetorino.com\/boutique\/wp-content\/uploads\/2020\/06\/nerf-de-boeuf-12cm-x3.jpg","contentUrl":"https:\/\/www.vetorino.com\/boutique\/wp-content\/uploads\/2020\/06\/nerf-de-boeuf-12cm-x3.jpg","width":800,"height":800},{"@type":"BreadcrumbList","@id":"https:\/\/www.vetorino.com\/veterinaire\/lyon-69002\/boutique\/product\/nerf-de-boeuf\/#breadcrumb","itemListElement":[{"@type":"ListItem","position":1,"name":"Accueil","item":"https:\/\/www.vetorino.com\/boutique\/"},{"@type":"ListItem","position":2,"name":"Produits","item":"https:\/\/www.vetorino.com\/boutique\/"},{"@type":"ListItem","position":3,"name":"Nerf de Boeuf"}]},{"@type":"WebSite","@id":"https:\/\/www.vetorino.com\/boutique\/#website","url":"https:\/\/www.vetorino.com\/boutique\/","name":"V\u00e9torino","description":"","publisher":{"@id":"https:\/\/www.vetorino.com\/boutique\/#organization"},"potentialAction":[{"@type":"SearchAction","target":{"@type":"EntryPoint","urlTemplate":"https:\/\/www.vetorino.com\/boutique\/?s={search_term_string}"},"query-input":{"@type":"PropertyValueSpecification","valueRequired":true,"valueName":"search_term_string"}}],"inLanguage":"fr-FR"},{"@type":"Organization","@id":"https:\/\/www.vetorino.com\/boutique\/#organization","name":"V\u00e9torino","url":"https:\/\/www.vetorino.com\/boutique\/","logo":{"@type":"ImageObject","inLanguage":"fr-FR","@id":"https:\/\/www.vetorino.com\/boutique\/#\/schema\/logo\/image\/","url":"https:\/\/www.vetorino.com\/boutique\/wp-content\/uploads\/2024\/10\/logo.jpg","contentUrl":"https:\/\/www.vetorino.com\/boutique\/wp-content\/uploads\/2024\/10\/logo.jpg","width":1200,"height":610,"caption":"V\u00e9torino"},"image":{"@id":"https:\/\/www.vetorino.com\/boutique\/#\/schema\/logo\/image\/"},"sameAs":["https:\/\/www.facebook.com\/Vetorino\/","https:\/\/www.instagram.com\/vetorino_off\/","https:\/\/www.linkedin.com\/company\/vtorino\/"]}]},"product_brand":"Zolux","product_price_amount":"8.04","product_price_currency":"EUR","og_availability":"out of stock","product_availability":"out of stock","product_retailer_item_id":"C-NER400","product_condition":"new"},"_links":{"self":[{"href":"https:\/\/www.vetorino.com\/veterinaire\/claveyson-26240\/boutique\/wp-json\/wp\/v2\/product\/99921","targetHints":{"allow":["GET"]}}],"collection":[{"href":"https:\/\/www.vetorino.com\/veterinaire\/claveyson-26240\/boutique\/wp-json\/wp\/v2\/product"}],"about":[{"href":"https:\/\/www.vetorino.com\/veterinaire\/claveyson-26240\/boutique\/wp-json\/wp\/v2\/types\/product"}],"wp:featuredmedia":[{"embeddable":true,"href":"https:\/\/www.vetorino.com\/veterinaire\/claveyson-26240\/boutique\/wp-json\/wp\/v2\/media\/484309"}],"wp:attachment":[{"href":"https:\/\/www.vetorino.com\/veterinaire\/claveyson-26240\/boutique\/wp-json\/wp\/v2\/media?parent=99921"}],"wp:term":[{"taxonomy":"product_cat","embeddable":true,"href":"https:\/\/www.vetorino.com\/veterinaire\/claveyson-26240\/boutique\/wp-json\/wp\/v2\/product_cat?post=99921"},{"taxonomy":"product_tag","embeddable":true,"href":"https:\/\/www.vetorino.com\/veterinaire\/claveyson-26240\/boutique\/wp-json\/wp\/v2\/product_tag?post=99921"}],"curies":[{"name":"wp","href":"https:\/\/api.w.org\/{rel}","templated":true}]}}