{"id":89467,"date":"2020-06-26T03:11:52","date_gmt":"2020-06-26T01:11:52","guid":{"rendered":"https:\/\/www.vetorino.com\/boutique\/product\/antisex-canys\/"},"modified":"2026-02-27T09:41:22","modified_gmt":"2026-02-27T08:41:22","slug":"antisex-canys","status":"publish","type":"product","link":"https:\/\/www.vetorino.com\/veterinaire\/clinique-charcot-69110\/boutique\/product\/antisex-canys\/","title":{"rendered":"Antisex Canys"},"content":{"rendered":"<p><strong>Canys Ligne Chien Anti-Sex<\/strong> Protection des Chiennes Spray 150ml contient une formule permettant de d\u00e9tourner les m\u00e2les lorsque votre chienne est en chaleurs sans alt\u00e9rer sa sensibilit\u00e9 olfactive.<\/p>\n<p><strong>Utilisation :\u00a0<\/strong><\/p>\n<ul>\n<li>Chienne en chaleur<\/li>\n<\/ul>\n<p><strong>Conseils d&#8217;utilisation : <\/strong><\/p>\n<ul>\n<li>Agiter l&#8217;a\u00e9rosol avant toute utilisation.<\/li>\n<li>Quelques jours avant et pendant la p\u00e9riode des chaleurs, pulv\u00e9riser avant chaque sortie sur les pattes arri\u00e8res ainsi que sur la r\u00e9gion vulvaire de la chienne.<\/li>\n<li>Ne pas appliquer directement sur les parties g\u00e9nitales.<\/li>\n<\/ul>\n","protected":false},"excerpt":{"rendered":"<p><strong>Canys Ligne Chien Anti-Sex<\/strong> Protection des Chiennes Spray 150ml contient une formule permettant de d\u00e9tourner les m\u00e2les lorsque votre chienne est en chaleurs sans alt\u00e9rer sa sensibilit\u00e9 olfactive.<\/p>\n<p><strong>Utilisation :\u00a0<\/strong><\/p>\n<ul>\n<li>Chienne en chaleur<\/li>\n<\/ul>\n","protected":false},"featured_media":912469,"template":"","meta":[],"product_cat":[2698,12568],"product_tag":[],"class_list":{"0":"post-89467","1":"product","2":"type-product","3":"status-publish","4":"has-post-thumbnail","6":"product_cat-chien","7":"product_cat-produit-veterinaire-du-chien","8":"pa_marque-adam-laboratoir","10":"first","11":"instock","12":"taxable","13":"shipping-taxable","14":"purchasable","15":"product-type-simple"},"yoast_head":"<!-- This site is optimized with the Yoast SEO plugin v27.3 - https:\/\/yoast.com\/product\/yoast-seo-wordpress\/ -->\n<title>Antisex Canys Adam Laboratoire - V\u00e9torino<\/title>\n<meta name=\"description\" content=\"Canys Ligne Chien Anti-Sex Protection des Chiennes Spray 150ml contient une formule permettant de d\u00e9tourner les m\u00e2les lorsque votre chienne est en chaleurs sans alt\u00e9rer sa sensibilit\u00e9 olfactive.  Utilisation :\u00a0   Chienne en chaleur\" \/>\n<meta name=\"robots\" content=\"noindex, nofollow\" \/>\n<meta property=\"og:locale\" content=\"fr_FR\" \/>\n<meta property=\"og:type\" content=\"article\" \/>\n<meta property=\"og:title\" content=\"Antisex Canys Adam Laboratoire - V\u00e9torino\" \/>\n<meta property=\"og:description\" content=\"Canys Ligne Chien Anti-Sex Protection des Chiennes Spray 150ml contient une formule permettant de d\u00e9tourner les m\u00e2les lorsque votre chienne est en chaleurs sans alt\u00e9rer sa sensibilit\u00e9 olfactive.  Utilisation :\u00a0   Chienne en chaleur\" \/>\n<meta property=\"og:url\" content=\"https:\/\/www.vetorino.com\/veterinaire\/clinique-charcot-69110\/boutique\/product\/antisex-canys\/\" \/>\n<meta property=\"og:site_name\" content=\"V\u00e9torino\" \/>\n<meta property=\"article:publisher\" content=\"https:\/\/www.facebook.com\/Vetorino\/\" \/>\n<meta property=\"article:modified_time\" content=\"2026-02-27T08:41:22+00:00\" \/>\n<meta property=\"og:image\" content=\"https:\/\/www.vetorino.com\/boutique\/wp-content\/uploads\/2020\/06\/antisex-canys.webp\" \/>\n\t<meta property=\"og:image:width\" content=\"800\" \/>\n\t<meta property=\"og:image:height\" content=\"800\" \/>\n\t<meta property=\"og:image:type\" content=\"image\/webp\" \/>\n<meta name=\"twitter:card\" content=\"summary_large_image\" \/>\n<meta name=\"twitter:label1\" content=\"Prix\" \/>\n\t<meta name=\"twitter:data1\" content=\"10,19&euro;\" \/>\n\t<meta name=\"twitter:label2\" content=\"Disponibilit\u00e9\" \/>\n\t<meta name=\"twitter:data2\" content=\"En stock\" \/>\n<script type=\"application\/ld+json\" class=\"yoast-schema-graph\">{\"@context\":\"https:\\\/\\\/schema.org\",\"@graph\":[{\"@type\":\"WebPage\",\"@id\":\"https:\\\/\\\/www.vetorino.com\\\/boutique\\\/product\\\/antisex-canys\\\/\",\"url\":\"https:\\\/\\\/www.vetorino.com\\\/boutique\\\/product\\\/antisex-canys\\\/\",\"name\":\"Antisex Canys Adam Laboratoire - V\u00e9torino\",\"isPartOf\":{\"@id\":\"https:\\\/\\\/www.vetorino.com\\\/boutique\\\/#website\"},\"primaryImageOfPage\":{\"@id\":\"https:\\\/\\\/www.vetorino.com\\\/boutique\\\/product\\\/antisex-canys\\\/#primaryimage\"},\"image\":{\"@id\":\"https:\\\/\\\/www.vetorino.com\\\/boutique\\\/product\\\/antisex-canys\\\/#primaryimage\"},\"thumbnailUrl\":\"https:\\\/\\\/www.vetorino.com\\\/boutique\\\/wp-content\\\/uploads\\\/2020\\\/06\\\/antisex-canys.webp\",\"datePublished\":\"2020-06-26T01:11:52+00:00\",\"dateModified\":\"2026-02-27T08:41:22+00:00\",\"description\":\"Canys Ligne Chien Anti-Sex Protection des Chiennes Spray 150ml contient une formule permettant de d\u00e9tourner les m\u00e2les lorsque votre chienne est en chaleurs sans alt\u00e9rer sa sensibilit\u00e9 olfactive. Utilisation :\u00a0 Chienne en chaleur\",\"breadcrumb\":{\"@id\":\"https:\\\/\\\/www.vetorino.com\\\/boutique\\\/product\\\/antisex-canys\\\/#breadcrumb\"},\"inLanguage\":\"fr-FR\",\"potentialAction\":[{\"@type\":\"ReadAction\",\"target\":[\"https:\\\/\\\/www.vetorino.com\\\/boutique\\\/product\\\/antisex-canys\\\/\"]}]},{\"@type\":\"ImageObject\",\"inLanguage\":\"fr-FR\",\"@id\":\"https:\\\/\\\/www.vetorino.com\\\/boutique\\\/product\\\/antisex-canys\\\/#primaryimage\",\"url\":\"https:\\\/\\\/www.vetorino.com\\\/boutique\\\/wp-content\\\/uploads\\\/2020\\\/06\\\/antisex-canys.webp\",\"contentUrl\":\"https:\\\/\\\/www.vetorino.com\\\/boutique\\\/wp-content\\\/uploads\\\/2020\\\/06\\\/antisex-canys.webp\",\"width\":800,\"height\":800},{\"@type\":\"BreadcrumbList\",\"@id\":\"https:\\\/\\\/www.vetorino.com\\\/boutique\\\/product\\\/antisex-canys\\\/#breadcrumb\",\"itemListElement\":[{\"@type\":\"ListItem\",\"position\":1,\"name\":\"Accueil\",\"item\":\"https:\\\/\\\/www.vetorino.com\\\/boutique\\\/\"},{\"@type\":\"ListItem\",\"position\":2,\"name\":\"Produits\",\"item\":\"https:\\\/\\\/www.vetorino.com\\\/boutique\\\/\"},{\"@type\":\"ListItem\",\"position\":3,\"name\":\"Antisex Canys\"}]},{\"@type\":\"WebSite\",\"@id\":\"https:\\\/\\\/www.vetorino.com\\\/boutique\\\/#website\",\"url\":\"https:\\\/\\\/www.vetorino.com\\\/boutique\\\/\",\"name\":\"V\u00e9torino\",\"description\":\"\",\"publisher\":{\"@id\":\"https:\\\/\\\/www.vetorino.com\\\/boutique\\\/#organization\"},\"potentialAction\":[{\"@type\":\"SearchAction\",\"target\":{\"@type\":\"EntryPoint\",\"urlTemplate\":\"https:\\\/\\\/www.vetorino.com\\\/boutique\\\/?s={search_term_string}\"},\"query-input\":{\"@type\":\"PropertyValueSpecification\",\"valueRequired\":true,\"valueName\":\"search_term_string\"}}],\"inLanguage\":\"fr-FR\"},{\"@type\":\"Organization\",\"@id\":\"https:\\\/\\\/www.vetorino.com\\\/boutique\\\/#organization\",\"name\":\"V\u00e9torino\",\"url\":\"https:\\\/\\\/www.vetorino.com\\\/boutique\\\/\",\"logo\":{\"@type\":\"ImageObject\",\"inLanguage\":\"fr-FR\",\"@id\":\"https:\\\/\\\/www.vetorino.com\\\/boutique\\\/#\\\/schema\\\/logo\\\/image\\\/\",\"url\":\"https:\\\/\\\/www.vetorino.com\\\/boutique\\\/wp-content\\\/uploads\\\/2024\\\/10\\\/logo.jpg\",\"contentUrl\":\"https:\\\/\\\/www.vetorino.com\\\/boutique\\\/wp-content\\\/uploads\\\/2024\\\/10\\\/logo.jpg\",\"width\":1200,\"height\":610,\"caption\":\"V\u00e9torino\"},\"image\":{\"@id\":\"https:\\\/\\\/www.vetorino.com\\\/boutique\\\/#\\\/schema\\\/logo\\\/image\\\/\"},\"sameAs\":[\"https:\\\/\\\/www.facebook.com\\\/Vetorino\\\/\",\"https:\\\/\\\/www.instagram.com\\\/vetorino_off\\\/\",\"https:\\\/\\\/www.linkedin.com\\\/company\\\/vtorino\\\/\"]}]}<\/script>\n<meta property=\"product:brand\" content=\"Adam Laboratoire\" \/>\n<meta property=\"product:price:amount\" content=\"10.19\" \/>\n<meta property=\"product:price:currency\" content=\"EUR\" \/>\n<meta property=\"og:availability\" content=\"instock\" \/>\n<meta property=\"product:availability\" content=\"instock\" \/>\n<meta property=\"product:retailer_item_id\" content=\"C-ANT204\" \/>\n<meta property=\"product:condition\" content=\"new\" \/>\n<!-- \/ Yoast SEO plugin. -->","yoast_head_json":{"title":"Antisex Canys Adam Laboratoire - V\u00e9torino","description":"Canys Ligne Chien Anti-Sex Protection des Chiennes Spray 150ml contient une formule permettant de d\u00e9tourner les m\u00e2les lorsque votre chienne est en chaleurs sans alt\u00e9rer sa sensibilit\u00e9 olfactive.  Utilisation :\u00a0   Chienne en chaleur","robots":{"index":"noindex","follow":"nofollow"},"og_locale":"fr_FR","og_type":"article","og_title":"Antisex Canys Adam Laboratoire - V\u00e9torino","og_description":"Canys Ligne Chien Anti-Sex Protection des Chiennes Spray 150ml contient une formule permettant de d\u00e9tourner les m\u00e2les lorsque votre chienne est en chaleurs sans alt\u00e9rer sa sensibilit\u00e9 olfactive.  Utilisation :\u00a0   Chienne en chaleur","og_url":"https:\/\/www.vetorino.com\/veterinaire\/clinique-charcot-69110\/boutique\/product\/antisex-canys\/","og_site_name":"V\u00e9torino","article_publisher":"https:\/\/www.facebook.com\/Vetorino\/","article_modified_time":"2026-02-27T08:41:22+00:00","og_image":[{"width":800,"height":800,"url":"https:\/\/www.vetorino.com\/boutique\/wp-content\/uploads\/2020\/06\/antisex-canys.webp","type":"image\/webp"}],"twitter_card":"summary_large_image","twitter_misc":{"Prix":"10,19&euro;","Disponibilit\u00e9":"En stock"},"schema":{"@context":"https:\/\/schema.org","@graph":[{"@type":"WebPage","@id":"https:\/\/www.vetorino.com\/boutique\/product\/antisex-canys\/","url":"https:\/\/www.vetorino.com\/boutique\/product\/antisex-canys\/","name":"Antisex Canys Adam Laboratoire - V\u00e9torino","isPartOf":{"@id":"https:\/\/www.vetorino.com\/boutique\/#website"},"primaryImageOfPage":{"@id":"https:\/\/www.vetorino.com\/boutique\/product\/antisex-canys\/#primaryimage"},"image":{"@id":"https:\/\/www.vetorino.com\/boutique\/product\/antisex-canys\/#primaryimage"},"thumbnailUrl":"https:\/\/www.vetorino.com\/boutique\/wp-content\/uploads\/2020\/06\/antisex-canys.webp","datePublished":"2020-06-26T01:11:52+00:00","dateModified":"2026-02-27T08:41:22+00:00","description":"Canys Ligne Chien Anti-Sex Protection des Chiennes Spray 150ml contient une formule permettant de d\u00e9tourner les m\u00e2les lorsque votre chienne est en chaleurs sans alt\u00e9rer sa sensibilit\u00e9 olfactive. Utilisation :\u00a0 Chienne en chaleur","breadcrumb":{"@id":"https:\/\/www.vetorino.com\/boutique\/product\/antisex-canys\/#breadcrumb"},"inLanguage":"fr-FR","potentialAction":[{"@type":"ReadAction","target":["https:\/\/www.vetorino.com\/boutique\/product\/antisex-canys\/"]}]},{"@type":"ImageObject","inLanguage":"fr-FR","@id":"https:\/\/www.vetorino.com\/boutique\/product\/antisex-canys\/#primaryimage","url":"https:\/\/www.vetorino.com\/boutique\/wp-content\/uploads\/2020\/06\/antisex-canys.webp","contentUrl":"https:\/\/www.vetorino.com\/boutique\/wp-content\/uploads\/2020\/06\/antisex-canys.webp","width":800,"height":800},{"@type":"BreadcrumbList","@id":"https:\/\/www.vetorino.com\/boutique\/product\/antisex-canys\/#breadcrumb","itemListElement":[{"@type":"ListItem","position":1,"name":"Accueil","item":"https:\/\/www.vetorino.com\/boutique\/"},{"@type":"ListItem","position":2,"name":"Produits","item":"https:\/\/www.vetorino.com\/boutique\/"},{"@type":"ListItem","position":3,"name":"Antisex Canys"}]},{"@type":"WebSite","@id":"https:\/\/www.vetorino.com\/boutique\/#website","url":"https:\/\/www.vetorino.com\/boutique\/","name":"V\u00e9torino","description":"","publisher":{"@id":"https:\/\/www.vetorino.com\/boutique\/#organization"},"potentialAction":[{"@type":"SearchAction","target":{"@type":"EntryPoint","urlTemplate":"https:\/\/www.vetorino.com\/boutique\/?s={search_term_string}"},"query-input":{"@type":"PropertyValueSpecification","valueRequired":true,"valueName":"search_term_string"}}],"inLanguage":"fr-FR"},{"@type":"Organization","@id":"https:\/\/www.vetorino.com\/boutique\/#organization","name":"V\u00e9torino","url":"https:\/\/www.vetorino.com\/boutique\/","logo":{"@type":"ImageObject","inLanguage":"fr-FR","@id":"https:\/\/www.vetorino.com\/boutique\/#\/schema\/logo\/image\/","url":"https:\/\/www.vetorino.com\/boutique\/wp-content\/uploads\/2024\/10\/logo.jpg","contentUrl":"https:\/\/www.vetorino.com\/boutique\/wp-content\/uploads\/2024\/10\/logo.jpg","width":1200,"height":610,"caption":"V\u00e9torino"},"image":{"@id":"https:\/\/www.vetorino.com\/boutique\/#\/schema\/logo\/image\/"},"sameAs":["https:\/\/www.facebook.com\/Vetorino\/","https:\/\/www.instagram.com\/vetorino_off\/","https:\/\/www.linkedin.com\/company\/vtorino\/"]}]},"product_brand":"Adam Laboratoire","product_price_amount":"10.19","product_price_currency":"EUR","og_availability":"instock","product_availability":"instock","product_retailer_item_id":"C-ANT204","product_condition":"new"},"_links":{"self":[{"href":"https:\/\/www.vetorino.com\/veterinaire\/clinique-charcot-69110\/boutique\/wp-json\/wp\/v2\/product\/89467","targetHints":{"allow":["GET"]}}],"collection":[{"href":"https:\/\/www.vetorino.com\/veterinaire\/clinique-charcot-69110\/boutique\/wp-json\/wp\/v2\/product"}],"about":[{"href":"https:\/\/www.vetorino.com\/veterinaire\/clinique-charcot-69110\/boutique\/wp-json\/wp\/v2\/types\/product"}],"wp:featuredmedia":[{"embeddable":true,"href":"https:\/\/www.vetorino.com\/veterinaire\/clinique-charcot-69110\/boutique\/wp-json\/wp\/v2\/media\/912469"}],"wp:attachment":[{"href":"https:\/\/www.vetorino.com\/veterinaire\/clinique-charcot-69110\/boutique\/wp-json\/wp\/v2\/media?parent=89467"}],"wp:term":[{"taxonomy":"product_cat","embeddable":true,"href":"https:\/\/www.vetorino.com\/veterinaire\/clinique-charcot-69110\/boutique\/wp-json\/wp\/v2\/product_cat?post=89467"},{"taxonomy":"product_tag","embeddable":true,"href":"https:\/\/www.vetorino.com\/veterinaire\/clinique-charcot-69110\/boutique\/wp-json\/wp\/v2\/product_tag?post=89467"}],"curies":[{"name":"wp","href":"https:\/\/api.w.org\/{rel}","templated":true}]}}