{"id":100175,"date":"2020-06-30T01:41:04","date_gmt":"2020-06-29T23:41:04","guid":{"rendered":"https:\/\/www.vetorino.com\/boutique\/product\/onguent-renovateur-noir\/"},"modified":"2024-10-22T11:08:59","modified_gmt":"2024-10-22T09:08:59","slug":"onguent-renovateur-noir","status":"publish","type":"product","link":"https:\/\/www.vetorino.com\/veterinaire\/confolens-16500\/boutique\/product\/onguent-renovateur-noir\/","title":{"rendered":"Onguent R\u00e9novateur Noir"},"content":{"rendered":"<p>L&#8217;onguent R\u00e9novateur Noir SAPO nourrit, assouplit et fortifie les sabots gr\u00e2ce \u00e0 l&#8217;huile de laurier qui redonne souplesse \u00e0 la corne et accro\u00eet la brillance du sabot. L&#8217;huile de foie de morue, riche en vitamine A, stimule la repousse du sabot et le goudron de pin donne au sabot cette couleur sombre tout en pr\u00e9servant le sabot de la pourriture de par son pouvoir d\u00e9sinfectant et cicatrisant. La consistance du r\u00e9novateur reste stable quelque soit la temp\u00e9rature interne du produit, c&#8217;est-\u00e0-dire qu&#8217;il est facile de pr\u00e9lever et d&#8217;\u00e9taler le produit \u00e0 temp\u00e9rature ambiante positive comme n\u00e9gative.<\/p>\n","protected":false},"excerpt":{"rendered":"<p><strong>L&#8217;onguent R\u00e9novateur Noir SAPO<\/strong> nourrit, assouplit et fortifie les sabots gr\u00e2ce \u00e0 l&#8217;huile de laurier qui redonne souplesse \u00e0 la corne et accro\u00eet la brillance du sabot. Actions stimulant la repousse du sabot et pr\u00e9servant le sabot de la pourriture.<\/p>\n","protected":false},"featured_media":207583,"template":"","meta":[],"product_cat":[12547,12755,12754],"product_tag":[],"class_list":{"0":"post-100175","1":"product","2":"type-product","3":"status-publish","4":"has-post-thumbnail","6":"product_cat-cheval","7":"product_cat-soins-des-pieds-du-cheval","8":"product_cat-soins-au-quotidien-du-cheval","9":"pa_marque-materiel","11":"first","12":"outofstock","13":"taxable","14":"shipping-taxable","15":"purchasable","16":"product-type-simple"},"yoast_head":"<!-- This site is optimized with the Yoast SEO plugin v27.3 - https:\/\/yoast.com\/product\/yoast-seo-wordpress\/ -->\n<title>Onguent R\u00e9novateur Noir Mat\u00e9riel - V\u00e9torino<\/title>\n<meta name=\"description\" content=\"L&#039;onguent R\u00e9novateur Noir SAPO nourrit, assouplit et fortifie les sabots gr\u00e2ce \u00e0 l&#039;huile de laurier qui redonne souplesse \u00e0 la corne et accro\u00eet la brillance du sabot. Actions stimulant la repousse du sabot et pr\u00e9servant le sabot de la pourriture.\" \/>\n<meta name=\"robots\" content=\"noindex, nofollow\" \/>\n<meta property=\"og:locale\" content=\"fr_FR\" \/>\n<meta property=\"og:type\" content=\"article\" \/>\n<meta property=\"og:title\" content=\"Onguent R\u00e9novateur Noir Mat\u00e9riel - V\u00e9torino\" \/>\n<meta property=\"og:description\" content=\"L&#039;onguent R\u00e9novateur Noir SAPO nourrit, assouplit et fortifie les sabots gr\u00e2ce \u00e0 l&#039;huile de laurier qui redonne souplesse \u00e0 la corne et accro\u00eet la brillance du sabot. Actions stimulant la repousse du sabot et pr\u00e9servant le sabot de la pourriture.\" \/>\n<meta property=\"og:url\" content=\"https:\/\/www.vetorino.com\/veterinaire\/confolens-16500\/boutique\/product\/onguent-renovateur-noir\/\" \/>\n<meta property=\"og:site_name\" content=\"V\u00e9torino\" \/>\n<meta property=\"article:publisher\" content=\"https:\/\/www.facebook.com\/Vetorino\/\" \/>\n<meta property=\"article:modified_time\" content=\"2024-10-22T09:08:59+00:00\" \/>\n<meta property=\"og:image\" content=\"https:\/\/www.vetorino.com\/boutique\/wp-content\/uploads\/2020\/06\/onguent-renovateur-noir.jpeg\" \/>\n\t<meta property=\"og:image:width\" content=\"513\" \/>\n\t<meta property=\"og:image:height\" content=\"513\" \/>\n\t<meta property=\"og:image:type\" content=\"image\/jpeg\" \/>\n<meta name=\"twitter:card\" content=\"summary_large_image\" \/>\n<meta name=\"twitter:label1\" content=\"Prix\" \/>\n\t<meta name=\"twitter:data1\" content=\"51,00&euro;\" \/>\n\t<meta name=\"twitter:label2\" content=\"Disponibilit\u00e9\" \/>\n\t<meta name=\"twitter:data2\" content=\"Rupture de stock\" \/>\n<script type=\"application\/ld+json\" class=\"yoast-schema-graph\">{\"@context\":\"https:\\\/\\\/schema.org\",\"@graph\":[{\"@type\":\"WebPage\",\"@id\":\"https:\\\/\\\/www.vetorino.com\\\/boutique\\\/product\\\/onguent-renovateur-noir\\\/\",\"url\":\"https:\\\/\\\/www.vetorino.com\\\/boutique\\\/product\\\/onguent-renovateur-noir\\\/\",\"name\":\"Onguent R\u00e9novateur Noir Mat\u00e9riel - V\u00e9torino\",\"isPartOf\":{\"@id\":\"https:\\\/\\\/www.vetorino.com\\\/boutique\\\/#website\"},\"primaryImageOfPage\":{\"@id\":\"https:\\\/\\\/www.vetorino.com\\\/boutique\\\/product\\\/onguent-renovateur-noir\\\/#primaryimage\"},\"image\":{\"@id\":\"https:\\\/\\\/www.vetorino.com\\\/boutique\\\/product\\\/onguent-renovateur-noir\\\/#primaryimage\"},\"thumbnailUrl\":\"https:\\\/\\\/www.vetorino.com\\\/boutique\\\/wp-content\\\/uploads\\\/2020\\\/06\\\/onguent-renovateur-noir.jpeg\",\"datePublished\":\"2020-06-29T23:41:04+00:00\",\"dateModified\":\"2024-10-22T09:08:59+00:00\",\"description\":\"L'onguent R\u00e9novateur Noir SAPO nourrit, assouplit et fortifie les sabots gr\u00e2ce \u00e0 l'huile de laurier qui redonne souplesse \u00e0 la corne et accro\u00eet la brillance du sabot. Actions stimulant la repousse du sabot et pr\u00e9servant le sabot de la pourriture.\",\"breadcrumb\":{\"@id\":\"https:\\\/\\\/www.vetorino.com\\\/boutique\\\/product\\\/onguent-renovateur-noir\\\/#breadcrumb\"},\"inLanguage\":\"fr-FR\",\"potentialAction\":[{\"@type\":\"ReadAction\",\"target\":[\"https:\\\/\\\/www.vetorino.com\\\/boutique\\\/product\\\/onguent-renovateur-noir\\\/\"]}]},{\"@type\":\"ImageObject\",\"inLanguage\":\"fr-FR\",\"@id\":\"https:\\\/\\\/www.vetorino.com\\\/boutique\\\/product\\\/onguent-renovateur-noir\\\/#primaryimage\",\"url\":\"https:\\\/\\\/www.vetorino.com\\\/boutique\\\/wp-content\\\/uploads\\\/2020\\\/06\\\/onguent-renovateur-noir.jpeg\",\"contentUrl\":\"https:\\\/\\\/www.vetorino.com\\\/boutique\\\/wp-content\\\/uploads\\\/2020\\\/06\\\/onguent-renovateur-noir.jpeg\",\"width\":513,\"height\":513},{\"@type\":\"BreadcrumbList\",\"@id\":\"https:\\\/\\\/www.vetorino.com\\\/boutique\\\/product\\\/onguent-renovateur-noir\\\/#breadcrumb\",\"itemListElement\":[{\"@type\":\"ListItem\",\"position\":1,\"name\":\"Accueil\",\"item\":\"https:\\\/\\\/www.vetorino.com\\\/boutique\\\/\"},{\"@type\":\"ListItem\",\"position\":2,\"name\":\"Produits\",\"item\":\"https:\\\/\\\/www.vetorino.com\\\/boutique\\\/\"},{\"@type\":\"ListItem\",\"position\":3,\"name\":\"Onguent R\u00e9novateur Noir\"}]},{\"@type\":\"WebSite\",\"@id\":\"https:\\\/\\\/www.vetorino.com\\\/boutique\\\/#website\",\"url\":\"https:\\\/\\\/www.vetorino.com\\\/boutique\\\/\",\"name\":\"V\u00e9torino\",\"description\":\"\",\"publisher\":{\"@id\":\"https:\\\/\\\/www.vetorino.com\\\/boutique\\\/#organization\"},\"potentialAction\":[{\"@type\":\"SearchAction\",\"target\":{\"@type\":\"EntryPoint\",\"urlTemplate\":\"https:\\\/\\\/www.vetorino.com\\\/boutique\\\/?s={search_term_string}\"},\"query-input\":{\"@type\":\"PropertyValueSpecification\",\"valueRequired\":true,\"valueName\":\"search_term_string\"}}],\"inLanguage\":\"fr-FR\"},{\"@type\":\"Organization\",\"@id\":\"https:\\\/\\\/www.vetorino.com\\\/boutique\\\/#organization\",\"name\":\"V\u00e9torino\",\"url\":\"https:\\\/\\\/www.vetorino.com\\\/boutique\\\/\",\"logo\":{\"@type\":\"ImageObject\",\"inLanguage\":\"fr-FR\",\"@id\":\"https:\\\/\\\/www.vetorino.com\\\/boutique\\\/#\\\/schema\\\/logo\\\/image\\\/\",\"url\":\"https:\\\/\\\/www.vetorino.com\\\/boutique\\\/wp-content\\\/uploads\\\/2024\\\/10\\\/logo.jpg\",\"contentUrl\":\"https:\\\/\\\/www.vetorino.com\\\/boutique\\\/wp-content\\\/uploads\\\/2024\\\/10\\\/logo.jpg\",\"width\":1200,\"height\":610,\"caption\":\"V\u00e9torino\"},\"image\":{\"@id\":\"https:\\\/\\\/www.vetorino.com\\\/boutique\\\/#\\\/schema\\\/logo\\\/image\\\/\"},\"sameAs\":[\"https:\\\/\\\/www.facebook.com\\\/Vetorino\\\/\",\"https:\\\/\\\/www.instagram.com\\\/vetorino_off\\\/\",\"https:\\\/\\\/www.linkedin.com\\\/company\\\/vtorino\\\/\"]}]}<\/script>\n<meta property=\"product:brand\" content=\"Mat\u00e9riel\" \/>\n<meta property=\"product:price:amount\" content=\"51.00\" \/>\n<meta property=\"product:price:currency\" content=\"EUR\" \/>\n<meta property=\"og:availability\" content=\"out of stock\" \/>\n<meta property=\"product:availability\" content=\"out of stock\" \/>\n<meta property=\"product:retailer_item_id\" content=\"C-ONG010\" \/>\n<meta property=\"product:condition\" content=\"new\" \/>\n<!-- \/ Yoast SEO plugin. -->","yoast_head_json":{"title":"Onguent R\u00e9novateur Noir Mat\u00e9riel - V\u00e9torino","description":"L'onguent R\u00e9novateur Noir SAPO nourrit, assouplit et fortifie les sabots gr\u00e2ce \u00e0 l'huile de laurier qui redonne souplesse \u00e0 la corne et accro\u00eet la brillance du sabot. Actions stimulant la repousse du sabot et pr\u00e9servant le sabot de la pourriture.","robots":{"index":"noindex","follow":"nofollow"},"og_locale":"fr_FR","og_type":"article","og_title":"Onguent R\u00e9novateur Noir Mat\u00e9riel - V\u00e9torino","og_description":"L'onguent R\u00e9novateur Noir SAPO nourrit, assouplit et fortifie les sabots gr\u00e2ce \u00e0 l'huile de laurier qui redonne souplesse \u00e0 la corne et accro\u00eet la brillance du sabot. Actions stimulant la repousse du sabot et pr\u00e9servant le sabot de la pourriture.","og_url":"https:\/\/www.vetorino.com\/veterinaire\/confolens-16500\/boutique\/product\/onguent-renovateur-noir\/","og_site_name":"V\u00e9torino","article_publisher":"https:\/\/www.facebook.com\/Vetorino\/","article_modified_time":"2024-10-22T09:08:59+00:00","og_image":[{"width":513,"height":513,"url":"https:\/\/www.vetorino.com\/boutique\/wp-content\/uploads\/2020\/06\/onguent-renovateur-noir.jpeg","type":"image\/jpeg"}],"twitter_card":"summary_large_image","twitter_misc":{"Prix":"51,00&euro;","Disponibilit\u00e9":"Rupture de stock"},"schema":{"@context":"https:\/\/schema.org","@graph":[{"@type":"WebPage","@id":"https:\/\/www.vetorino.com\/boutique\/product\/onguent-renovateur-noir\/","url":"https:\/\/www.vetorino.com\/boutique\/product\/onguent-renovateur-noir\/","name":"Onguent R\u00e9novateur Noir Mat\u00e9riel - V\u00e9torino","isPartOf":{"@id":"https:\/\/www.vetorino.com\/boutique\/#website"},"primaryImageOfPage":{"@id":"https:\/\/www.vetorino.com\/boutique\/product\/onguent-renovateur-noir\/#primaryimage"},"image":{"@id":"https:\/\/www.vetorino.com\/boutique\/product\/onguent-renovateur-noir\/#primaryimage"},"thumbnailUrl":"https:\/\/www.vetorino.com\/boutique\/wp-content\/uploads\/2020\/06\/onguent-renovateur-noir.jpeg","datePublished":"2020-06-29T23:41:04+00:00","dateModified":"2024-10-22T09:08:59+00:00","description":"L'onguent R\u00e9novateur Noir SAPO nourrit, assouplit et fortifie les sabots gr\u00e2ce \u00e0 l'huile de laurier qui redonne souplesse \u00e0 la corne et accro\u00eet la brillance du sabot. Actions stimulant la repousse du sabot et pr\u00e9servant le sabot de la pourriture.","breadcrumb":{"@id":"https:\/\/www.vetorino.com\/boutique\/product\/onguent-renovateur-noir\/#breadcrumb"},"inLanguage":"fr-FR","potentialAction":[{"@type":"ReadAction","target":["https:\/\/www.vetorino.com\/boutique\/product\/onguent-renovateur-noir\/"]}]},{"@type":"ImageObject","inLanguage":"fr-FR","@id":"https:\/\/www.vetorino.com\/boutique\/product\/onguent-renovateur-noir\/#primaryimage","url":"https:\/\/www.vetorino.com\/boutique\/wp-content\/uploads\/2020\/06\/onguent-renovateur-noir.jpeg","contentUrl":"https:\/\/www.vetorino.com\/boutique\/wp-content\/uploads\/2020\/06\/onguent-renovateur-noir.jpeg","width":513,"height":513},{"@type":"BreadcrumbList","@id":"https:\/\/www.vetorino.com\/boutique\/product\/onguent-renovateur-noir\/#breadcrumb","itemListElement":[{"@type":"ListItem","position":1,"name":"Accueil","item":"https:\/\/www.vetorino.com\/boutique\/"},{"@type":"ListItem","position":2,"name":"Produits","item":"https:\/\/www.vetorino.com\/boutique\/"},{"@type":"ListItem","position":3,"name":"Onguent R\u00e9novateur Noir"}]},{"@type":"WebSite","@id":"https:\/\/www.vetorino.com\/boutique\/#website","url":"https:\/\/www.vetorino.com\/boutique\/","name":"V\u00e9torino","description":"","publisher":{"@id":"https:\/\/www.vetorino.com\/boutique\/#organization"},"potentialAction":[{"@type":"SearchAction","target":{"@type":"EntryPoint","urlTemplate":"https:\/\/www.vetorino.com\/boutique\/?s={search_term_string}"},"query-input":{"@type":"PropertyValueSpecification","valueRequired":true,"valueName":"search_term_string"}}],"inLanguage":"fr-FR"},{"@type":"Organization","@id":"https:\/\/www.vetorino.com\/boutique\/#organization","name":"V\u00e9torino","url":"https:\/\/www.vetorino.com\/boutique\/","logo":{"@type":"ImageObject","inLanguage":"fr-FR","@id":"https:\/\/www.vetorino.com\/boutique\/#\/schema\/logo\/image\/","url":"https:\/\/www.vetorino.com\/boutique\/wp-content\/uploads\/2024\/10\/logo.jpg","contentUrl":"https:\/\/www.vetorino.com\/boutique\/wp-content\/uploads\/2024\/10\/logo.jpg","width":1200,"height":610,"caption":"V\u00e9torino"},"image":{"@id":"https:\/\/www.vetorino.com\/boutique\/#\/schema\/logo\/image\/"},"sameAs":["https:\/\/www.facebook.com\/Vetorino\/","https:\/\/www.instagram.com\/vetorino_off\/","https:\/\/www.linkedin.com\/company\/vtorino\/"]}]},"product_brand":"Mat\u00e9riel","product_price_amount":"51.00","product_price_currency":"EUR","og_availability":"out of stock","product_availability":"out of stock","product_retailer_item_id":"C-ONG010","product_condition":"new"},"_links":{"self":[{"href":"https:\/\/www.vetorino.com\/veterinaire\/confolens-16500\/boutique\/wp-json\/wp\/v2\/product\/100175","targetHints":{"allow":["GET"]}}],"collection":[{"href":"https:\/\/www.vetorino.com\/veterinaire\/confolens-16500\/boutique\/wp-json\/wp\/v2\/product"}],"about":[{"href":"https:\/\/www.vetorino.com\/veterinaire\/confolens-16500\/boutique\/wp-json\/wp\/v2\/types\/product"}],"wp:featuredmedia":[{"embeddable":true,"href":"https:\/\/www.vetorino.com\/veterinaire\/confolens-16500\/boutique\/wp-json\/wp\/v2\/media\/207583"}],"wp:attachment":[{"href":"https:\/\/www.vetorino.com\/veterinaire\/confolens-16500\/boutique\/wp-json\/wp\/v2\/media?parent=100175"}],"wp:term":[{"taxonomy":"product_cat","embeddable":true,"href":"https:\/\/www.vetorino.com\/veterinaire\/confolens-16500\/boutique\/wp-json\/wp\/v2\/product_cat?post=100175"},{"taxonomy":"product_tag","embeddable":true,"href":"https:\/\/www.vetorino.com\/veterinaire\/confolens-16500\/boutique\/wp-json\/wp\/v2\/product_tag?post=100175"}],"curies":[{"name":"wp","href":"https:\/\/api.w.org\/{rel}","templated":true}]}}