{"id":100181,"date":"2020-06-30T01:41:07","date_gmt":"2020-06-29T23:41:07","guid":{"rendered":"https:\/\/www.vetorino.com\/boutique\/product\/onguent-blond-essentiel-aux-huiles-vegetales-michel-vaillant\/"},"modified":"2024-09-21T23:44:54","modified_gmt":"2024-09-21T21:44:54","slug":"onguent-blond-essentiel-aux-huiles-vegetales-michel-vaillant","status":"publish","type":"product","link":"https:\/\/www.vetorino.com\/veterinaire\/confolens-16500\/boutique\/product\/onguent-blond-essentiel-aux-huiles-vegetales-michel-vaillant\/","title":{"rendered":"Onguent Blond Essentiel aux Huiles v\u00e9g\u00e9tales Michel Vaillant"},"content":{"rendered":"<p>Michel Vaillant L&#8217;Onguent Blond Essentiel aux huiles essentielles (sans goudron) est une formule issue d&#8217;un complexe d&#8217;huiles v\u00e9g\u00e9tales conventionnelles (coco, ricin, tournesol), renforc\u00e9es par des huiles essentielles (clous de girofle, citron) sp\u00e9cialement s\u00e9lectionn\u00e9es pour les soins du pied au quotidien.<br \/>\nCet onguent favorise l&#8217;hydratation et le soin de la corne<\/p>\n<ul>\n<li>Utilisation pr\u00e9conis\u00e9e durant les p\u00e9riodes estivales.<\/li>\n<li>Fabrication fran\u00e7aise.<\/li>\n<\/ul>\n","protected":false},"excerpt":{"rendered":"<p><strong>Michel Vaillant L&#8217;Onguent Blond Essentiel<\/strong> aux huiles essentielles (sans goudron) est une formule issue d&#8217;un complexe d&#8217;huiles v\u00e9g\u00e9tales conventionnelles (coco, ricin, tournesol), renforc\u00e9es par des huiles essentielles (clous de girofle, citron) sp\u00e9cialement s\u00e9lectionn\u00e9es pour les soins du pied au quotidien.<br \/>\nCet onguent favorise l&#8217;hydratation et le soin de la corne<\/p>\n","protected":false},"featured_media":207538,"template":"","meta":[],"product_cat":[12547,12755,12754],"product_tag":[],"class_list":{"0":"post-100181","1":"product","2":"type-product","3":"status-publish","4":"has-post-thumbnail","6":"product_cat-cheval","7":"product_cat-soins-des-pieds-du-cheval","8":"product_cat-soins-au-quotidien-du-cheval","9":"pa_marque-materiel","11":"first","12":"outofstock","13":"taxable","14":"shipping-taxable","15":"purchasable","16":"product-type-simple"},"yoast_head":"<!-- This site is optimized with the Yoast SEO plugin v27.3 - https:\/\/yoast.com\/product\/yoast-seo-wordpress\/ -->\n<title>Onguent Blond Essentiel aux Huiles v\u00e9g\u00e9tales Michel Vaillant Mat\u00e9riel - V\u00e9torino<\/title>\n<meta name=\"description\" content=\"Michel Vaillant L&#039;Onguent Blond Essentiel aux huiles essentielles (sans goudron) est une formule issue d&#039;un complexe d&#039;huiles v\u00e9g\u00e9tales conventionnelles (coco, ricin, tournesol), renforc\u00e9es par des huiles essentielles (clous de girofle, citron) sp\u00e9cialement s\u00e9lectionn\u00e9es pour les soins du pied au quotidien. Cet onguent favorise l&#039;hydratation et le soin de la corne\" \/>\n<meta name=\"robots\" content=\"noindex, nofollow\" \/>\n<meta property=\"og:locale\" content=\"fr_FR\" \/>\n<meta property=\"og:type\" content=\"article\" \/>\n<meta property=\"og:title\" content=\"Onguent Blond Essentiel aux Huiles v\u00e9g\u00e9tales Michel Vaillant Mat\u00e9riel - V\u00e9torino\" \/>\n<meta property=\"og:description\" content=\"Michel Vaillant L&#039;Onguent Blond Essentiel aux huiles essentielles (sans goudron) est une formule issue d&#039;un complexe d&#039;huiles v\u00e9g\u00e9tales conventionnelles (coco, ricin, tournesol), renforc\u00e9es par des huiles essentielles (clous de girofle, citron) sp\u00e9cialement s\u00e9lectionn\u00e9es pour les soins du pied au quotidien. Cet onguent favorise l&#039;hydratation et le soin de la corne\" \/>\n<meta property=\"og:url\" content=\"https:\/\/www.vetorino.com\/veterinaire\/confolens-16500\/boutique\/product\/onguent-blond-essentiel-aux-huiles-vegetales-michel-vaillant\/\" \/>\n<meta property=\"og:site_name\" content=\"V\u00e9torino\" \/>\n<meta property=\"article:publisher\" content=\"https:\/\/www.facebook.com\/Vetorino\/\" \/>\n<meta property=\"article:modified_time\" content=\"2024-09-21T21:44:54+00:00\" \/>\n<meta property=\"og:image\" content=\"https:\/\/www.vetorino.com\/boutique\/wp-content\/uploads\/2020\/06\/onguent-blond-essentiel-michel-vaillant.jpeg\" \/>\n\t<meta property=\"og:image:width\" content=\"800\" \/>\n\t<meta property=\"og:image:height\" content=\"800\" \/>\n\t<meta property=\"og:image:type\" content=\"image\/jpeg\" \/>\n<meta name=\"twitter:card\" content=\"summary_large_image\" \/>\n<meta name=\"twitter:label1\" content=\"Prix\" \/>\n\t<meta name=\"twitter:data1\" content=\"25,85&euro;\" \/>\n\t<meta name=\"twitter:label2\" content=\"Disponibilit\u00e9\" \/>\n\t<meta name=\"twitter:data2\" content=\"Rupture de stock\" \/>\n<script type=\"application\/ld+json\" class=\"yoast-schema-graph\">{\"@context\":\"https:\\\/\\\/schema.org\",\"@graph\":[{\"@type\":\"WebPage\",\"@id\":\"https:\\\/\\\/www.vetorino.com\\\/boutique\\\/product\\\/onguent-blond-essentiel-aux-huiles-vegetales-michel-vaillant\\\/\",\"url\":\"https:\\\/\\\/www.vetorino.com\\\/boutique\\\/product\\\/onguent-blond-essentiel-aux-huiles-vegetales-michel-vaillant\\\/\",\"name\":\"Onguent Blond Essentiel aux Huiles v\u00e9g\u00e9tales Michel Vaillant Mat\u00e9riel - V\u00e9torino\",\"isPartOf\":{\"@id\":\"https:\\\/\\\/www.vetorino.com\\\/boutique\\\/#website\"},\"primaryImageOfPage\":{\"@id\":\"https:\\\/\\\/www.vetorino.com\\\/boutique\\\/product\\\/onguent-blond-essentiel-aux-huiles-vegetales-michel-vaillant\\\/#primaryimage\"},\"image\":{\"@id\":\"https:\\\/\\\/www.vetorino.com\\\/boutique\\\/product\\\/onguent-blond-essentiel-aux-huiles-vegetales-michel-vaillant\\\/#primaryimage\"},\"thumbnailUrl\":\"https:\\\/\\\/www.vetorino.com\\\/boutique\\\/wp-content\\\/uploads\\\/2020\\\/06\\\/onguent-blond-essentiel-michel-vaillant.jpeg\",\"datePublished\":\"2020-06-29T23:41:07+00:00\",\"dateModified\":\"2024-09-21T21:44:54+00:00\",\"description\":\"Michel Vaillant L'Onguent Blond Essentiel aux huiles essentielles (sans goudron) est une formule issue d'un complexe d'huiles v\u00e9g\u00e9tales conventionnelles (coco, ricin, tournesol), renforc\u00e9es par des huiles essentielles (clous de girofle, citron) sp\u00e9cialement s\u00e9lectionn\u00e9es pour les soins du pied au quotidien. Cet onguent favorise l'hydratation et le soin de la corne\",\"breadcrumb\":{\"@id\":\"https:\\\/\\\/www.vetorino.com\\\/boutique\\\/product\\\/onguent-blond-essentiel-aux-huiles-vegetales-michel-vaillant\\\/#breadcrumb\"},\"inLanguage\":\"fr-FR\",\"potentialAction\":[{\"@type\":\"ReadAction\",\"target\":[\"https:\\\/\\\/www.vetorino.com\\\/boutique\\\/product\\\/onguent-blond-essentiel-aux-huiles-vegetales-michel-vaillant\\\/\"]}]},{\"@type\":\"ImageObject\",\"inLanguage\":\"fr-FR\",\"@id\":\"https:\\\/\\\/www.vetorino.com\\\/boutique\\\/product\\\/onguent-blond-essentiel-aux-huiles-vegetales-michel-vaillant\\\/#primaryimage\",\"url\":\"https:\\\/\\\/www.vetorino.com\\\/boutique\\\/wp-content\\\/uploads\\\/2020\\\/06\\\/onguent-blond-essentiel-michel-vaillant.jpeg\",\"contentUrl\":\"https:\\\/\\\/www.vetorino.com\\\/boutique\\\/wp-content\\\/uploads\\\/2020\\\/06\\\/onguent-blond-essentiel-michel-vaillant.jpeg\",\"width\":800,\"height\":800},{\"@type\":\"BreadcrumbList\",\"@id\":\"https:\\\/\\\/www.vetorino.com\\\/boutique\\\/product\\\/onguent-blond-essentiel-aux-huiles-vegetales-michel-vaillant\\\/#breadcrumb\",\"itemListElement\":[{\"@type\":\"ListItem\",\"position\":1,\"name\":\"Accueil\",\"item\":\"https:\\\/\\\/www.vetorino.com\\\/boutique\\\/\"},{\"@type\":\"ListItem\",\"position\":2,\"name\":\"Produits\",\"item\":\"https:\\\/\\\/www.vetorino.com\\\/boutique\\\/\"},{\"@type\":\"ListItem\",\"position\":3,\"name\":\"Onguent Blond Essentiel aux Huiles v\u00e9g\u00e9tales Michel Vaillant\"}]},{\"@type\":\"WebSite\",\"@id\":\"https:\\\/\\\/www.vetorino.com\\\/boutique\\\/#website\",\"url\":\"https:\\\/\\\/www.vetorino.com\\\/boutique\\\/\",\"name\":\"V\u00e9torino\",\"description\":\"\",\"publisher\":{\"@id\":\"https:\\\/\\\/www.vetorino.com\\\/boutique\\\/#organization\"},\"potentialAction\":[{\"@type\":\"SearchAction\",\"target\":{\"@type\":\"EntryPoint\",\"urlTemplate\":\"https:\\\/\\\/www.vetorino.com\\\/boutique\\\/?s={search_term_string}\"},\"query-input\":{\"@type\":\"PropertyValueSpecification\",\"valueRequired\":true,\"valueName\":\"search_term_string\"}}],\"inLanguage\":\"fr-FR\"},{\"@type\":\"Organization\",\"@id\":\"https:\\\/\\\/www.vetorino.com\\\/boutique\\\/#organization\",\"name\":\"V\u00e9torino\",\"url\":\"https:\\\/\\\/www.vetorino.com\\\/boutique\\\/\",\"logo\":{\"@type\":\"ImageObject\",\"inLanguage\":\"fr-FR\",\"@id\":\"https:\\\/\\\/www.vetorino.com\\\/boutique\\\/#\\\/schema\\\/logo\\\/image\\\/\",\"url\":\"https:\\\/\\\/www.vetorino.com\\\/boutique\\\/wp-content\\\/uploads\\\/2024\\\/10\\\/logo.jpg\",\"contentUrl\":\"https:\\\/\\\/www.vetorino.com\\\/boutique\\\/wp-content\\\/uploads\\\/2024\\\/10\\\/logo.jpg\",\"width\":1200,\"height\":610,\"caption\":\"V\u00e9torino\"},\"image\":{\"@id\":\"https:\\\/\\\/www.vetorino.com\\\/boutique\\\/#\\\/schema\\\/logo\\\/image\\\/\"},\"sameAs\":[\"https:\\\/\\\/www.facebook.com\\\/Vetorino\\\/\",\"https:\\\/\\\/www.instagram.com\\\/vetorino_off\\\/\",\"https:\\\/\\\/www.linkedin.com\\\/company\\\/vtorino\\\/\"]}]}<\/script>\n<meta property=\"product:brand\" content=\"Mat\u00e9riel\" \/>\n<meta property=\"product:price:amount\" content=\"25.85\" \/>\n<meta property=\"product:price:currency\" content=\"EUR\" \/>\n<meta property=\"og:availability\" content=\"out of stock\" \/>\n<meta property=\"product:availability\" content=\"out of stock\" \/>\n<meta property=\"product:retailer_item_id\" content=\"C-ONG401\" \/>\n<meta property=\"product:condition\" content=\"new\" \/>\n<!-- \/ Yoast SEO plugin. -->","yoast_head_json":{"title":"Onguent Blond Essentiel aux Huiles v\u00e9g\u00e9tales Michel Vaillant Mat\u00e9riel - V\u00e9torino","description":"Michel Vaillant L'Onguent Blond Essentiel aux huiles essentielles (sans goudron) est une formule issue d'un complexe d'huiles v\u00e9g\u00e9tales conventionnelles (coco, ricin, tournesol), renforc\u00e9es par des huiles essentielles (clous de girofle, citron) sp\u00e9cialement s\u00e9lectionn\u00e9es pour les soins du pied au quotidien. Cet onguent favorise l'hydratation et le soin de la corne","robots":{"index":"noindex","follow":"nofollow"},"og_locale":"fr_FR","og_type":"article","og_title":"Onguent Blond Essentiel aux Huiles v\u00e9g\u00e9tales Michel Vaillant Mat\u00e9riel - V\u00e9torino","og_description":"Michel Vaillant L'Onguent Blond Essentiel aux huiles essentielles (sans goudron) est une formule issue d'un complexe d'huiles v\u00e9g\u00e9tales conventionnelles (coco, ricin, tournesol), renforc\u00e9es par des huiles essentielles (clous de girofle, citron) sp\u00e9cialement s\u00e9lectionn\u00e9es pour les soins du pied au quotidien. Cet onguent favorise l'hydratation et le soin de la corne","og_url":"https:\/\/www.vetorino.com\/veterinaire\/confolens-16500\/boutique\/product\/onguent-blond-essentiel-aux-huiles-vegetales-michel-vaillant\/","og_site_name":"V\u00e9torino","article_publisher":"https:\/\/www.facebook.com\/Vetorino\/","article_modified_time":"2024-09-21T21:44:54+00:00","og_image":[{"width":800,"height":800,"url":"https:\/\/www.vetorino.com\/boutique\/wp-content\/uploads\/2020\/06\/onguent-blond-essentiel-michel-vaillant.jpeg","type":"image\/jpeg"}],"twitter_card":"summary_large_image","twitter_misc":{"Prix":"25,85&euro;","Disponibilit\u00e9":"Rupture de stock"},"schema":{"@context":"https:\/\/schema.org","@graph":[{"@type":"WebPage","@id":"https:\/\/www.vetorino.com\/boutique\/product\/onguent-blond-essentiel-aux-huiles-vegetales-michel-vaillant\/","url":"https:\/\/www.vetorino.com\/boutique\/product\/onguent-blond-essentiel-aux-huiles-vegetales-michel-vaillant\/","name":"Onguent Blond Essentiel aux Huiles v\u00e9g\u00e9tales Michel Vaillant Mat\u00e9riel - V\u00e9torino","isPartOf":{"@id":"https:\/\/www.vetorino.com\/boutique\/#website"},"primaryImageOfPage":{"@id":"https:\/\/www.vetorino.com\/boutique\/product\/onguent-blond-essentiel-aux-huiles-vegetales-michel-vaillant\/#primaryimage"},"image":{"@id":"https:\/\/www.vetorino.com\/boutique\/product\/onguent-blond-essentiel-aux-huiles-vegetales-michel-vaillant\/#primaryimage"},"thumbnailUrl":"https:\/\/www.vetorino.com\/boutique\/wp-content\/uploads\/2020\/06\/onguent-blond-essentiel-michel-vaillant.jpeg","datePublished":"2020-06-29T23:41:07+00:00","dateModified":"2024-09-21T21:44:54+00:00","description":"Michel Vaillant L'Onguent Blond Essentiel aux huiles essentielles (sans goudron) est une formule issue d'un complexe d'huiles v\u00e9g\u00e9tales conventionnelles (coco, ricin, tournesol), renforc\u00e9es par des huiles essentielles (clous de girofle, citron) sp\u00e9cialement s\u00e9lectionn\u00e9es pour les soins du pied au quotidien. Cet onguent favorise l'hydratation et le soin de la corne","breadcrumb":{"@id":"https:\/\/www.vetorino.com\/boutique\/product\/onguent-blond-essentiel-aux-huiles-vegetales-michel-vaillant\/#breadcrumb"},"inLanguage":"fr-FR","potentialAction":[{"@type":"ReadAction","target":["https:\/\/www.vetorino.com\/boutique\/product\/onguent-blond-essentiel-aux-huiles-vegetales-michel-vaillant\/"]}]},{"@type":"ImageObject","inLanguage":"fr-FR","@id":"https:\/\/www.vetorino.com\/boutique\/product\/onguent-blond-essentiel-aux-huiles-vegetales-michel-vaillant\/#primaryimage","url":"https:\/\/www.vetorino.com\/boutique\/wp-content\/uploads\/2020\/06\/onguent-blond-essentiel-michel-vaillant.jpeg","contentUrl":"https:\/\/www.vetorino.com\/boutique\/wp-content\/uploads\/2020\/06\/onguent-blond-essentiel-michel-vaillant.jpeg","width":800,"height":800},{"@type":"BreadcrumbList","@id":"https:\/\/www.vetorino.com\/boutique\/product\/onguent-blond-essentiel-aux-huiles-vegetales-michel-vaillant\/#breadcrumb","itemListElement":[{"@type":"ListItem","position":1,"name":"Accueil","item":"https:\/\/www.vetorino.com\/boutique\/"},{"@type":"ListItem","position":2,"name":"Produits","item":"https:\/\/www.vetorino.com\/boutique\/"},{"@type":"ListItem","position":3,"name":"Onguent Blond Essentiel aux Huiles v\u00e9g\u00e9tales Michel Vaillant"}]},{"@type":"WebSite","@id":"https:\/\/www.vetorino.com\/boutique\/#website","url":"https:\/\/www.vetorino.com\/boutique\/","name":"V\u00e9torino","description":"","publisher":{"@id":"https:\/\/www.vetorino.com\/boutique\/#organization"},"potentialAction":[{"@type":"SearchAction","target":{"@type":"EntryPoint","urlTemplate":"https:\/\/www.vetorino.com\/boutique\/?s={search_term_string}"},"query-input":{"@type":"PropertyValueSpecification","valueRequired":true,"valueName":"search_term_string"}}],"inLanguage":"fr-FR"},{"@type":"Organization","@id":"https:\/\/www.vetorino.com\/boutique\/#organization","name":"V\u00e9torino","url":"https:\/\/www.vetorino.com\/boutique\/","logo":{"@type":"ImageObject","inLanguage":"fr-FR","@id":"https:\/\/www.vetorino.com\/boutique\/#\/schema\/logo\/image\/","url":"https:\/\/www.vetorino.com\/boutique\/wp-content\/uploads\/2024\/10\/logo.jpg","contentUrl":"https:\/\/www.vetorino.com\/boutique\/wp-content\/uploads\/2024\/10\/logo.jpg","width":1200,"height":610,"caption":"V\u00e9torino"},"image":{"@id":"https:\/\/www.vetorino.com\/boutique\/#\/schema\/logo\/image\/"},"sameAs":["https:\/\/www.facebook.com\/Vetorino\/","https:\/\/www.instagram.com\/vetorino_off\/","https:\/\/www.linkedin.com\/company\/vtorino\/"]}]},"product_brand":"Mat\u00e9riel","product_price_amount":"25.85","product_price_currency":"EUR","og_availability":"out of stock","product_availability":"out of stock","product_retailer_item_id":"C-ONG401","product_condition":"new"},"_links":{"self":[{"href":"https:\/\/www.vetorino.com\/veterinaire\/confolens-16500\/boutique\/wp-json\/wp\/v2\/product\/100181","targetHints":{"allow":["GET"]}}],"collection":[{"href":"https:\/\/www.vetorino.com\/veterinaire\/confolens-16500\/boutique\/wp-json\/wp\/v2\/product"}],"about":[{"href":"https:\/\/www.vetorino.com\/veterinaire\/confolens-16500\/boutique\/wp-json\/wp\/v2\/types\/product"}],"wp:featuredmedia":[{"embeddable":true,"href":"https:\/\/www.vetorino.com\/veterinaire\/confolens-16500\/boutique\/wp-json\/wp\/v2\/media\/207538"}],"wp:attachment":[{"href":"https:\/\/www.vetorino.com\/veterinaire\/confolens-16500\/boutique\/wp-json\/wp\/v2\/media?parent=100181"}],"wp:term":[{"taxonomy":"product_cat","embeddable":true,"href":"https:\/\/www.vetorino.com\/veterinaire\/confolens-16500\/boutique\/wp-json\/wp\/v2\/product_cat?post=100181"},{"taxonomy":"product_tag","embeddable":true,"href":"https:\/\/www.vetorino.com\/veterinaire\/confolens-16500\/boutique\/wp-json\/wp\/v2\/product_tag?post=100181"}],"curies":[{"name":"wp","href":"https:\/\/api.w.org\/{rel}","templated":true}]}}