{"id":100183,"date":"2020-06-30T01:41:08","date_gmt":"2020-06-29T23:41:08","guid":{"rendered":"https:\/\/www.vetorino.com\/boutique\/product\/onguent-bio-nigelle-waterproof-huiles-vegetales-michel-vaill\/"},"modified":"2025-01-22T19:38:01","modified_gmt":"2025-01-22T18:38:01","slug":"onguent-bio-nigelle-waterproof-huiles-vegetales-michel-vaill","status":"publish","type":"product","link":"https:\/\/www.vetorino.com\/veterinaire\/confolens-16500\/boutique\/product\/onguent-bio-nigelle-waterproof-huiles-vegetales-michel-vaill\/","title":{"rendered":"Onguent Bio Nigelle Waterproof Huiles v\u00e9g\u00e9tales Michel Vaill"},"content":{"rendered":"<p>L&#8217;onguent BIO Nigelle &#8211; WATERPROOF est une formule grasse issue d&#8217;un complexe d&#8217;huiles v\u00e9g\u00e9tales Bio et de produits naturels extr\u00eamement riches.<br \/>\nParticuli\u00e8rement recommand\u00e9 pour emp\u00eacher l&#8217;exc\u00e8s d&#8217;humidit\u00e9 dans le pied.<br \/>\nSes composants agissent comme barri\u00e8re hydrique tout en laissant respirer le pied.<br \/>\nIl agit \u00e9galement comme durcissant en prot\u00e9geant des infections.<\/p>\n<ul>\n<li>Prot\u00e8ge de l&#8217;humidit\u00e9.<\/li>\n<li>Fabrication Fran\u00e7aise.<\/li>\n<\/ul>\n","protected":false},"excerpt":{"rendered":"<p>L&#8217;onguent BIO Nigelle &#8211; WATERPROOF est une formule grasse issue d&#8217;un complexe d&#8217;huiles v\u00e9g\u00e9tales Bio et de produits naturels extr\u00eamement riches.<br \/>\nParticuli\u00e8rement recommand\u00e9 pour emp\u00eacher l&#8217;exc\u00e8s d&#8217;humidit\u00e9 dans le pied.<br \/>\nSes composants agissent comme barri\u00e8re hydrique tout en laissant respirer le pied.<br \/>\nIl agit \u00e9galement comme durcissant en prot\u00e9geant des infections.<\/p>\n<ul>\n<li>Prot\u00e8ge de l&#8217;humidit\u00e9.<\/li>\n<li>Fabrication Fran\u00e7aise.<\/li>\n<\/ul>\n","protected":false},"featured_media":207536,"template":"","meta":[],"product_cat":[12547,12755,12754],"product_tag":[],"class_list":{"0":"post-100183","1":"product","2":"type-product","3":"status-publish","4":"has-post-thumbnail","6":"product_cat-cheval","7":"product_cat-soins-des-pieds-du-cheval","8":"product_cat-soins-au-quotidien-du-cheval","9":"pa_marque-materiel","11":"first","12":"outofstock","13":"taxable","14":"shipping-taxable","15":"purchasable","16":"product-type-simple"},"yoast_head":"<!-- This site is optimized with the Yoast SEO plugin v27.3 - https:\/\/yoast.com\/product\/yoast-seo-wordpress\/ -->\n<title>Onguent Bio Nigelle Waterproof Huiles v\u00e9g\u00e9tales Michel Vaill Mat\u00e9riel - V\u00e9torino<\/title>\n<meta name=\"description\" content=\"L&#039;onguent BIO Nigelle - WATERPROOF est une formule grasse issue d&#039;un complexe d&#039;huiles v\u00e9g\u00e9tales Bio et de produits naturels extr\u00eamement riches. Particuli\u00e8rement recommand\u00e9 pour emp\u00eacher l&#039;exc\u00e8s d&#039;humidit\u00e9 dans le pied. Ses composants agissent comme barri\u00e8re hydrique tout en laissant respirer le pied. Il agit \u00e9galement comme durcissant en prot\u00e9geant des infections.   Prot\u00e8ge de l&#039;humidit\u00e9.  Fabrication Fran\u00e7aise.\" \/>\n<meta name=\"robots\" content=\"noindex, nofollow\" \/>\n<meta property=\"og:locale\" content=\"fr_FR\" \/>\n<meta property=\"og:type\" content=\"article\" \/>\n<meta property=\"og:title\" content=\"Onguent Bio Nigelle Waterproof Huiles v\u00e9g\u00e9tales Michel Vaill Mat\u00e9riel - V\u00e9torino\" \/>\n<meta property=\"og:description\" content=\"L&#039;onguent BIO Nigelle - WATERPROOF est une formule grasse issue d&#039;un complexe d&#039;huiles v\u00e9g\u00e9tales Bio et de produits naturels extr\u00eamement riches. Particuli\u00e8rement recommand\u00e9 pour emp\u00eacher l&#039;exc\u00e8s d&#039;humidit\u00e9 dans le pied. Ses composants agissent comme barri\u00e8re hydrique tout en laissant respirer le pied. Il agit \u00e9galement comme durcissant en prot\u00e9geant des infections.   Prot\u00e8ge de l&#039;humidit\u00e9.  Fabrication Fran\u00e7aise.\" \/>\n<meta property=\"og:url\" content=\"https:\/\/www.vetorino.com\/veterinaire\/confolens-16500\/boutique\/product\/onguent-bio-nigelle-waterproof-huiles-vegetales-michel-vaill\/\" \/>\n<meta property=\"og:site_name\" content=\"V\u00e9torino\" \/>\n<meta property=\"article:publisher\" content=\"https:\/\/www.facebook.com\/Vetorino\/\" \/>\n<meta property=\"article:modified_time\" content=\"2025-01-22T18:38:01+00:00\" \/>\n<meta property=\"og:image\" content=\"https:\/\/www.vetorino.com\/boutique\/wp-content\/uploads\/2020\/06\/onguent-4-nigelle-waterproof-michel-vaillant.jpeg\" \/>\n\t<meta property=\"og:image:width\" content=\"452\" \/>\n\t<meta property=\"og:image:height\" content=\"452\" \/>\n\t<meta property=\"og:image:type\" content=\"image\/jpeg\" \/>\n<meta name=\"twitter:card\" content=\"summary_large_image\" \/>\n<meta name=\"twitter:label1\" content=\"Prix\" \/>\n\t<meta name=\"twitter:data1\" content=\"65,82&euro;\" \/>\n\t<meta name=\"twitter:label2\" content=\"Disponibilit\u00e9\" \/>\n\t<meta name=\"twitter:data2\" content=\"Rupture de stock\" \/>\n<script type=\"application\/ld+json\" class=\"yoast-schema-graph\">{\"@context\":\"https:\\\/\\\/schema.org\",\"@graph\":[{\"@type\":\"WebPage\",\"@id\":\"https:\\\/\\\/www.vetorino.com\\\/boutique\\\/product\\\/onguent-bio-nigelle-waterproof-huiles-vegetales-michel-vaill\\\/\",\"url\":\"https:\\\/\\\/www.vetorino.com\\\/boutique\\\/product\\\/onguent-bio-nigelle-waterproof-huiles-vegetales-michel-vaill\\\/\",\"name\":\"Onguent Bio Nigelle Waterproof Huiles v\u00e9g\u00e9tales Michel Vaill Mat\u00e9riel - V\u00e9torino\",\"isPartOf\":{\"@id\":\"https:\\\/\\\/www.vetorino.com\\\/boutique\\\/#website\"},\"primaryImageOfPage\":{\"@id\":\"https:\\\/\\\/www.vetorino.com\\\/boutique\\\/product\\\/onguent-bio-nigelle-waterproof-huiles-vegetales-michel-vaill\\\/#primaryimage\"},\"image\":{\"@id\":\"https:\\\/\\\/www.vetorino.com\\\/boutique\\\/product\\\/onguent-bio-nigelle-waterproof-huiles-vegetales-michel-vaill\\\/#primaryimage\"},\"thumbnailUrl\":\"https:\\\/\\\/www.vetorino.com\\\/boutique\\\/wp-content\\\/uploads\\\/2020\\\/06\\\/onguent-4-nigelle-waterproof-michel-vaillant.jpeg\",\"datePublished\":\"2020-06-29T23:41:08+00:00\",\"dateModified\":\"2025-01-22T18:38:01+00:00\",\"description\":\"L'onguent BIO Nigelle - WATERPROOF est une formule grasse issue d'un complexe d'huiles v\u00e9g\u00e9tales Bio et de produits naturels extr\u00eamement riches. Particuli\u00e8rement recommand\u00e9 pour emp\u00eacher l'exc\u00e8s d'humidit\u00e9 dans le pied. Ses composants agissent comme barri\u00e8re hydrique tout en laissant respirer le pied. Il agit \u00e9galement comme durcissant en prot\u00e9geant des infections. Prot\u00e8ge de l'humidit\u00e9. Fabrication Fran\u00e7aise.\",\"breadcrumb\":{\"@id\":\"https:\\\/\\\/www.vetorino.com\\\/boutique\\\/product\\\/onguent-bio-nigelle-waterproof-huiles-vegetales-michel-vaill\\\/#breadcrumb\"},\"inLanguage\":\"fr-FR\",\"potentialAction\":[{\"@type\":\"ReadAction\",\"target\":[\"https:\\\/\\\/www.vetorino.com\\\/boutique\\\/product\\\/onguent-bio-nigelle-waterproof-huiles-vegetales-michel-vaill\\\/\"]}]},{\"@type\":\"ImageObject\",\"inLanguage\":\"fr-FR\",\"@id\":\"https:\\\/\\\/www.vetorino.com\\\/boutique\\\/product\\\/onguent-bio-nigelle-waterproof-huiles-vegetales-michel-vaill\\\/#primaryimage\",\"url\":\"https:\\\/\\\/www.vetorino.com\\\/boutique\\\/wp-content\\\/uploads\\\/2020\\\/06\\\/onguent-4-nigelle-waterproof-michel-vaillant.jpeg\",\"contentUrl\":\"https:\\\/\\\/www.vetorino.com\\\/boutique\\\/wp-content\\\/uploads\\\/2020\\\/06\\\/onguent-4-nigelle-waterproof-michel-vaillant.jpeg\",\"width\":452,\"height\":452},{\"@type\":\"BreadcrumbList\",\"@id\":\"https:\\\/\\\/www.vetorino.com\\\/boutique\\\/product\\\/onguent-bio-nigelle-waterproof-huiles-vegetales-michel-vaill\\\/#breadcrumb\",\"itemListElement\":[{\"@type\":\"ListItem\",\"position\":1,\"name\":\"Accueil\",\"item\":\"https:\\\/\\\/www.vetorino.com\\\/boutique\\\/\"},{\"@type\":\"ListItem\",\"position\":2,\"name\":\"Produits\",\"item\":\"https:\\\/\\\/www.vetorino.com\\\/boutique\\\/\"},{\"@type\":\"ListItem\",\"position\":3,\"name\":\"Onguent Bio Nigelle Waterproof Huiles v\u00e9g\u00e9tales Michel Vaill\"}]},{\"@type\":\"WebSite\",\"@id\":\"https:\\\/\\\/www.vetorino.com\\\/boutique\\\/#website\",\"url\":\"https:\\\/\\\/www.vetorino.com\\\/boutique\\\/\",\"name\":\"V\u00e9torino\",\"description\":\"\",\"publisher\":{\"@id\":\"https:\\\/\\\/www.vetorino.com\\\/boutique\\\/#organization\"},\"potentialAction\":[{\"@type\":\"SearchAction\",\"target\":{\"@type\":\"EntryPoint\",\"urlTemplate\":\"https:\\\/\\\/www.vetorino.com\\\/boutique\\\/?s={search_term_string}\"},\"query-input\":{\"@type\":\"PropertyValueSpecification\",\"valueRequired\":true,\"valueName\":\"search_term_string\"}}],\"inLanguage\":\"fr-FR\"},{\"@type\":\"Organization\",\"@id\":\"https:\\\/\\\/www.vetorino.com\\\/boutique\\\/#organization\",\"name\":\"V\u00e9torino\",\"url\":\"https:\\\/\\\/www.vetorino.com\\\/boutique\\\/\",\"logo\":{\"@type\":\"ImageObject\",\"inLanguage\":\"fr-FR\",\"@id\":\"https:\\\/\\\/www.vetorino.com\\\/boutique\\\/#\\\/schema\\\/logo\\\/image\\\/\",\"url\":\"https:\\\/\\\/www.vetorino.com\\\/boutique\\\/wp-content\\\/uploads\\\/2024\\\/10\\\/logo.jpg\",\"contentUrl\":\"https:\\\/\\\/www.vetorino.com\\\/boutique\\\/wp-content\\\/uploads\\\/2024\\\/10\\\/logo.jpg\",\"width\":1200,\"height\":610,\"caption\":\"V\u00e9torino\"},\"image\":{\"@id\":\"https:\\\/\\\/www.vetorino.com\\\/boutique\\\/#\\\/schema\\\/logo\\\/image\\\/\"},\"sameAs\":[\"https:\\\/\\\/www.facebook.com\\\/Vetorino\\\/\",\"https:\\\/\\\/www.instagram.com\\\/vetorino_off\\\/\",\"https:\\\/\\\/www.linkedin.com\\\/company\\\/vtorino\\\/\"]}]}<\/script>\n<meta property=\"product:brand\" content=\"Mat\u00e9riel\" \/>\n<meta property=\"product:price:amount\" content=\"65.82\" \/>\n<meta property=\"product:price:currency\" content=\"EUR\" \/>\n<meta property=\"og:availability\" content=\"out of stock\" \/>\n<meta property=\"product:availability\" content=\"out of stock\" \/>\n<meta property=\"product:retailer_item_id\" content=\"C-ONG402\" \/>\n<meta property=\"product:condition\" content=\"new\" \/>\n<!-- \/ Yoast SEO plugin. -->","yoast_head_json":{"title":"Onguent Bio Nigelle Waterproof Huiles v\u00e9g\u00e9tales Michel Vaill Mat\u00e9riel - V\u00e9torino","description":"L'onguent BIO Nigelle - WATERPROOF est une formule grasse issue d'un complexe d'huiles v\u00e9g\u00e9tales Bio et de produits naturels extr\u00eamement riches. Particuli\u00e8rement recommand\u00e9 pour emp\u00eacher l'exc\u00e8s d'humidit\u00e9 dans le pied. Ses composants agissent comme barri\u00e8re hydrique tout en laissant respirer le pied. Il agit \u00e9galement comme durcissant en prot\u00e9geant des infections.   Prot\u00e8ge de l'humidit\u00e9.  Fabrication Fran\u00e7aise.","robots":{"index":"noindex","follow":"nofollow"},"og_locale":"fr_FR","og_type":"article","og_title":"Onguent Bio Nigelle Waterproof Huiles v\u00e9g\u00e9tales Michel Vaill Mat\u00e9riel - V\u00e9torino","og_description":"L'onguent BIO Nigelle - WATERPROOF est une formule grasse issue d'un complexe d'huiles v\u00e9g\u00e9tales Bio et de produits naturels extr\u00eamement riches. Particuli\u00e8rement recommand\u00e9 pour emp\u00eacher l'exc\u00e8s d'humidit\u00e9 dans le pied. Ses composants agissent comme barri\u00e8re hydrique tout en laissant respirer le pied. Il agit \u00e9galement comme durcissant en prot\u00e9geant des infections.   Prot\u00e8ge de l'humidit\u00e9.  Fabrication Fran\u00e7aise.","og_url":"https:\/\/www.vetorino.com\/veterinaire\/confolens-16500\/boutique\/product\/onguent-bio-nigelle-waterproof-huiles-vegetales-michel-vaill\/","og_site_name":"V\u00e9torino","article_publisher":"https:\/\/www.facebook.com\/Vetorino\/","article_modified_time":"2025-01-22T18:38:01+00:00","og_image":[{"width":452,"height":452,"url":"https:\/\/www.vetorino.com\/boutique\/wp-content\/uploads\/2020\/06\/onguent-4-nigelle-waterproof-michel-vaillant.jpeg","type":"image\/jpeg"}],"twitter_card":"summary_large_image","twitter_misc":{"Prix":"65,82&euro;","Disponibilit\u00e9":"Rupture de stock"},"schema":{"@context":"https:\/\/schema.org","@graph":[{"@type":"WebPage","@id":"https:\/\/www.vetorino.com\/boutique\/product\/onguent-bio-nigelle-waterproof-huiles-vegetales-michel-vaill\/","url":"https:\/\/www.vetorino.com\/boutique\/product\/onguent-bio-nigelle-waterproof-huiles-vegetales-michel-vaill\/","name":"Onguent Bio Nigelle Waterproof Huiles v\u00e9g\u00e9tales Michel Vaill Mat\u00e9riel - V\u00e9torino","isPartOf":{"@id":"https:\/\/www.vetorino.com\/boutique\/#website"},"primaryImageOfPage":{"@id":"https:\/\/www.vetorino.com\/boutique\/product\/onguent-bio-nigelle-waterproof-huiles-vegetales-michel-vaill\/#primaryimage"},"image":{"@id":"https:\/\/www.vetorino.com\/boutique\/product\/onguent-bio-nigelle-waterproof-huiles-vegetales-michel-vaill\/#primaryimage"},"thumbnailUrl":"https:\/\/www.vetorino.com\/boutique\/wp-content\/uploads\/2020\/06\/onguent-4-nigelle-waterproof-michel-vaillant.jpeg","datePublished":"2020-06-29T23:41:08+00:00","dateModified":"2025-01-22T18:38:01+00:00","description":"L'onguent BIO Nigelle - WATERPROOF est une formule grasse issue d'un complexe d'huiles v\u00e9g\u00e9tales Bio et de produits naturels extr\u00eamement riches. Particuli\u00e8rement recommand\u00e9 pour emp\u00eacher l'exc\u00e8s d'humidit\u00e9 dans le pied. Ses composants agissent comme barri\u00e8re hydrique tout en laissant respirer le pied. Il agit \u00e9galement comme durcissant en prot\u00e9geant des infections. Prot\u00e8ge de l'humidit\u00e9. Fabrication Fran\u00e7aise.","breadcrumb":{"@id":"https:\/\/www.vetorino.com\/boutique\/product\/onguent-bio-nigelle-waterproof-huiles-vegetales-michel-vaill\/#breadcrumb"},"inLanguage":"fr-FR","potentialAction":[{"@type":"ReadAction","target":["https:\/\/www.vetorino.com\/boutique\/product\/onguent-bio-nigelle-waterproof-huiles-vegetales-michel-vaill\/"]}]},{"@type":"ImageObject","inLanguage":"fr-FR","@id":"https:\/\/www.vetorino.com\/boutique\/product\/onguent-bio-nigelle-waterproof-huiles-vegetales-michel-vaill\/#primaryimage","url":"https:\/\/www.vetorino.com\/boutique\/wp-content\/uploads\/2020\/06\/onguent-4-nigelle-waterproof-michel-vaillant.jpeg","contentUrl":"https:\/\/www.vetorino.com\/boutique\/wp-content\/uploads\/2020\/06\/onguent-4-nigelle-waterproof-michel-vaillant.jpeg","width":452,"height":452},{"@type":"BreadcrumbList","@id":"https:\/\/www.vetorino.com\/boutique\/product\/onguent-bio-nigelle-waterproof-huiles-vegetales-michel-vaill\/#breadcrumb","itemListElement":[{"@type":"ListItem","position":1,"name":"Accueil","item":"https:\/\/www.vetorino.com\/boutique\/"},{"@type":"ListItem","position":2,"name":"Produits","item":"https:\/\/www.vetorino.com\/boutique\/"},{"@type":"ListItem","position":3,"name":"Onguent Bio Nigelle Waterproof Huiles v\u00e9g\u00e9tales Michel Vaill"}]},{"@type":"WebSite","@id":"https:\/\/www.vetorino.com\/boutique\/#website","url":"https:\/\/www.vetorino.com\/boutique\/","name":"V\u00e9torino","description":"","publisher":{"@id":"https:\/\/www.vetorino.com\/boutique\/#organization"},"potentialAction":[{"@type":"SearchAction","target":{"@type":"EntryPoint","urlTemplate":"https:\/\/www.vetorino.com\/boutique\/?s={search_term_string}"},"query-input":{"@type":"PropertyValueSpecification","valueRequired":true,"valueName":"search_term_string"}}],"inLanguage":"fr-FR"},{"@type":"Organization","@id":"https:\/\/www.vetorino.com\/boutique\/#organization","name":"V\u00e9torino","url":"https:\/\/www.vetorino.com\/boutique\/","logo":{"@type":"ImageObject","inLanguage":"fr-FR","@id":"https:\/\/www.vetorino.com\/boutique\/#\/schema\/logo\/image\/","url":"https:\/\/www.vetorino.com\/boutique\/wp-content\/uploads\/2024\/10\/logo.jpg","contentUrl":"https:\/\/www.vetorino.com\/boutique\/wp-content\/uploads\/2024\/10\/logo.jpg","width":1200,"height":610,"caption":"V\u00e9torino"},"image":{"@id":"https:\/\/www.vetorino.com\/boutique\/#\/schema\/logo\/image\/"},"sameAs":["https:\/\/www.facebook.com\/Vetorino\/","https:\/\/www.instagram.com\/vetorino_off\/","https:\/\/www.linkedin.com\/company\/vtorino\/"]}]},"product_brand":"Mat\u00e9riel","product_price_amount":"65.82","product_price_currency":"EUR","og_availability":"out of stock","product_availability":"out of stock","product_retailer_item_id":"C-ONG402","product_condition":"new"},"_links":{"self":[{"href":"https:\/\/www.vetorino.com\/veterinaire\/confolens-16500\/boutique\/wp-json\/wp\/v2\/product\/100183","targetHints":{"allow":["GET"]}}],"collection":[{"href":"https:\/\/www.vetorino.com\/veterinaire\/confolens-16500\/boutique\/wp-json\/wp\/v2\/product"}],"about":[{"href":"https:\/\/www.vetorino.com\/veterinaire\/confolens-16500\/boutique\/wp-json\/wp\/v2\/types\/product"}],"wp:featuredmedia":[{"embeddable":true,"href":"https:\/\/www.vetorino.com\/veterinaire\/confolens-16500\/boutique\/wp-json\/wp\/v2\/media\/207536"}],"wp:attachment":[{"href":"https:\/\/www.vetorino.com\/veterinaire\/confolens-16500\/boutique\/wp-json\/wp\/v2\/media?parent=100183"}],"wp:term":[{"taxonomy":"product_cat","embeddable":true,"href":"https:\/\/www.vetorino.com\/veterinaire\/confolens-16500\/boutique\/wp-json\/wp\/v2\/product_cat?post=100183"},{"taxonomy":"product_tag","embeddable":true,"href":"https:\/\/www.vetorino.com\/veterinaire\/confolens-16500\/boutique\/wp-json\/wp\/v2\/product_tag?post=100183"}],"curies":[{"name":"wp","href":"https:\/\/api.w.org\/{rel}","templated":true}]}}