{"id":100262,"date":"2020-06-30T01:41:58","date_gmt":"2020-06-29T23:41:58","guid":{"rendered":"https:\/\/www.vetorino.com\/boutique\/product\/os-a-macher-8in1-delight-noue\/"},"modified":"2026-03-28T02:42:09","modified_gmt":"2026-03-28T01:42:09","slug":"os-a-macher-8in1-delight-noue","status":"publish","type":"product","link":"https:\/\/www.vetorino.com\/veterinaire\/confolens-16500\/boutique\/product\/os-a-macher-8in1-delight-noue\/","title":{"rendered":"Os \u00e0 m\u00e2cher 8in1 Delight Nou\u00e9"},"content":{"rendered":"<div class='hidden'>SPECTRUM BRANDS<\/div>\n<div class='hidden'>Chiens<\/div>\n<div class='hidden'>Hygi\u00e8ne bucco-dentaire<\/div>\n<div class='hidden'>8in1<\/div>\n<div class='hidden'>Chiens 20 \u00e0 + de 40 kg<\/div>\n<p>Os &agrave; m&acirc;cher au go&ucirc;t de poulet.<br \/>\nUne d&eacute;licieuse viande de poulet compress&eacute;e dans une peau de boeuf tr&egrave;s ferme de qualit&eacute; sup&eacute;rieure : gr&acirc;ce &agrave; leur composition unique, les os &agrave; m&acirc;cher Delights constituent une r&eacute;compense id&eacute;ale tout en offrant les avantages recherch&eacute;s avec un os &agrave; m&acirc;cher.<\/p>\n<ul>\n<li>B&eacute;n&eacute;fique pour les dents.<\/li>\n<li>R&eacute;duit la plaque et pr&eacute;vient la formation de tartre.<\/li>\n<li>Satisfait l&#039;instinct naturel de mordillage de votre chien.<\/li>\n<li>Un plaisir de mastication durable, sans r&eacute;sidus.<\/li>\n<li>Seulement 2 % de mati&egrave;res grasses.<\/li>\n<li>Sans colorants ni ar&ocirc;mes artificiels.<\/li>\n<\/ul>\n","protected":false},"excerpt":{"rendered":"<p>SPECTRUM BRANDS Chiens Hygi\u00e8ne bucco-dentaire 8in1 Chiens 20 \u00e0 + de 40 kg Os &agrave; m&acirc;cher au go&ucirc;t de poulet. Une d&eacute;licieuse viande de poulet compress&eacute;e dans une peau de boeuf tr&egrave;s ferme de qualit&eacute; sup&eacute;rieure : gr&acirc;ce &agrave; leur composition unique, les os &agrave; m&acirc;cher Delights constituent une r&eacute;compense id&eacute;ale tout en offrant les [&hellip;]<\/p>\n","protected":false},"featured_media":100256,"template":"","meta":[],"product_cat":[2698],"product_tag":[],"class_list":{"0":"post-100262","1":"product","2":"type-product","3":"status-publish","4":"has-post-thumbnail","6":"product_cat-chien","7":"pa_marque-spectrum-brands","9":"first","10":"instock","11":"taxable","12":"shipping-taxable","13":"purchasable","14":"product-type-variable"},"yoast_head":"<!-- This site is optimized with the Yoast SEO plugin v27.3 - https:\/\/yoast.com\/product\/yoast-seo-wordpress\/ -->\n<title>Os \u00e0 m\u00e2cher 8in1 Delight Nou\u00e9 Spectrum Brands - V\u00e9torino<\/title>\n<meta name=\"description\" content=\"SPECTRUM BRANDSChiensHygi\u00e8ne bucco-dentaire8in1Chiens 20 \u00e0 + de 40 kgOs &agrave; m&acirc;cher au go&ucirc;t de poulet. Une d&eacute;licieuse viande de\" \/>\n<meta name=\"robots\" content=\"noindex, nofollow\" \/>\n<meta property=\"og:locale\" content=\"fr_FR\" \/>\n<meta property=\"og:type\" content=\"article\" \/>\n<meta property=\"og:title\" content=\"Os \u00e0 m\u00e2cher 8in1 Delight Nou\u00e9 Spectrum Brands - V\u00e9torino\" \/>\n<meta property=\"og:description\" content=\"SPECTRUM BRANDSChiensHygi\u00e8ne bucco-dentaire8in1Chiens 20 \u00e0 + de 40 kgOs &agrave; m&acirc;cher au go&ucirc;t de poulet. Une d&eacute;licieuse viande de\" \/>\n<meta property=\"og:url\" content=\"https:\/\/www.vetorino.com\/veterinaire\/confolens-16500\/boutique\/product\/os-a-macher-8in1-delight-noue\/\" \/>\n<meta property=\"og:site_name\" content=\"V\u00e9torino\" \/>\n<meta property=\"article:publisher\" content=\"https:\/\/www.facebook.com\/Vetorino\/\" \/>\n<meta property=\"article:modified_time\" content=\"2026-03-28T01:42:09+00:00\" \/>\n<meta property=\"og:image\" content=\"https:\/\/www.vetorino.com\/boutique\/wp-content\/uploads\/2020\/06\/FilsOSD009FormatMediumTypeIM.png\" \/>\n\t<meta property=\"og:image:width\" content=\"400\" \/>\n\t<meta property=\"og:image:height\" content=\"400\" \/>\n\t<meta property=\"og:image:type\" content=\"image\/png\" \/>\n<meta name=\"twitter:card\" content=\"summary_large_image\" \/>\n<meta name=\"twitter:label1\" content=\"Disponibilit\u00e9\" \/>\n\t<meta name=\"twitter:data1\" content=\"En stock\" \/>\n<script type=\"application\/ld+json\" class=\"yoast-schema-graph\">{\"@context\":\"https:\\\/\\\/schema.org\",\"@graph\":[{\"@type\":\"WebPage\",\"@id\":\"https:\\\/\\\/www.vetorino.com\\\/veterinaire\\\/villierssurmarne-94350\\\/boutique\\\/product\\\/os-a-macher-8in1-delight-noue\\\/\",\"url\":\"https:\\\/\\\/www.vetorino.com\\\/veterinaire\\\/villierssurmarne-94350\\\/boutique\\\/product\\\/os-a-macher-8in1-delight-noue\\\/\",\"name\":\"Os \u00e0 m\u00e2cher 8in1 Delight Nou\u00e9 Spectrum Brands - V\u00e9torino\",\"isPartOf\":{\"@id\":\"https:\\\/\\\/www.vetorino.com\\\/boutique\\\/#website\"},\"primaryImageOfPage\":{\"@id\":\"https:\\\/\\\/www.vetorino.com\\\/veterinaire\\\/villierssurmarne-94350\\\/boutique\\\/product\\\/os-a-macher-8in1-delight-noue\\\/#primaryimage\"},\"image\":{\"@id\":\"https:\\\/\\\/www.vetorino.com\\\/veterinaire\\\/villierssurmarne-94350\\\/boutique\\\/product\\\/os-a-macher-8in1-delight-noue\\\/#primaryimage\"},\"thumbnailUrl\":\"https:\\\/\\\/www.vetorino.com\\\/boutique\\\/wp-content\\\/uploads\\\/2020\\\/06\\\/FilsOSD009FormatMediumTypeIM.png\",\"datePublished\":\"2020-06-29T23:41:58+00:00\",\"dateModified\":\"2026-03-28T01:42:09+00:00\",\"description\":\"SPECTRUM BRANDSChiensHygi\u00e8ne bucco-dentaire8in1Chiens 20 \u00e0 + de 40 kgOs &agrave; m&acirc;cher au go&ucirc;t de poulet. Une d&eacute;licieuse viande de\",\"breadcrumb\":{\"@id\":\"https:\\\/\\\/www.vetorino.com\\\/veterinaire\\\/villierssurmarne-94350\\\/boutique\\\/product\\\/os-a-macher-8in1-delight-noue\\\/#breadcrumb\"},\"inLanguage\":\"fr-FR\",\"potentialAction\":[{\"@type\":\"ReadAction\",\"target\":[\"https:\\\/\\\/www.vetorino.com\\\/veterinaire\\\/villierssurmarne-94350\\\/boutique\\\/product\\\/os-a-macher-8in1-delight-noue\\\/\"]}]},{\"@type\":\"ImageObject\",\"inLanguage\":\"fr-FR\",\"@id\":\"https:\\\/\\\/www.vetorino.com\\\/veterinaire\\\/villierssurmarne-94350\\\/boutique\\\/product\\\/os-a-macher-8in1-delight-noue\\\/#primaryimage\",\"url\":\"https:\\\/\\\/www.vetorino.com\\\/boutique\\\/wp-content\\\/uploads\\\/2020\\\/06\\\/FilsOSD009FormatMediumTypeIM.png\",\"contentUrl\":\"https:\\\/\\\/www.vetorino.com\\\/boutique\\\/wp-content\\\/uploads\\\/2020\\\/06\\\/FilsOSD009FormatMediumTypeIM.png\",\"width\":400,\"height\":400},{\"@type\":\"BreadcrumbList\",\"@id\":\"https:\\\/\\\/www.vetorino.com\\\/veterinaire\\\/villierssurmarne-94350\\\/boutique\\\/product\\\/os-a-macher-8in1-delight-noue\\\/#breadcrumb\",\"itemListElement\":[{\"@type\":\"ListItem\",\"position\":1,\"name\":\"Accueil\",\"item\":\"https:\\\/\\\/www.vetorino.com\\\/boutique\\\/\"},{\"@type\":\"ListItem\",\"position\":2,\"name\":\"Produits\",\"item\":\"https:\\\/\\\/www.vetorino.com\\\/boutique\\\/\"},{\"@type\":\"ListItem\",\"position\":3,\"name\":\"Os \u00e0 m\u00e2cher 8in1 Delight Nou\u00e9\"}]},{\"@type\":\"WebSite\",\"@id\":\"https:\\\/\\\/www.vetorino.com\\\/boutique\\\/#website\",\"url\":\"https:\\\/\\\/www.vetorino.com\\\/boutique\\\/\",\"name\":\"V\u00e9torino\",\"description\":\"\",\"publisher\":{\"@id\":\"https:\\\/\\\/www.vetorino.com\\\/boutique\\\/#organization\"},\"potentialAction\":[{\"@type\":\"SearchAction\",\"target\":{\"@type\":\"EntryPoint\",\"urlTemplate\":\"https:\\\/\\\/www.vetorino.com\\\/boutique\\\/?s={search_term_string}\"},\"query-input\":{\"@type\":\"PropertyValueSpecification\",\"valueRequired\":true,\"valueName\":\"search_term_string\"}}],\"inLanguage\":\"fr-FR\"},{\"@type\":\"Organization\",\"@id\":\"https:\\\/\\\/www.vetorino.com\\\/boutique\\\/#organization\",\"name\":\"V\u00e9torino\",\"url\":\"https:\\\/\\\/www.vetorino.com\\\/boutique\\\/\",\"logo\":{\"@type\":\"ImageObject\",\"inLanguage\":\"fr-FR\",\"@id\":\"https:\\\/\\\/www.vetorino.com\\\/boutique\\\/#\\\/schema\\\/logo\\\/image\\\/\",\"url\":\"https:\\\/\\\/www.vetorino.com\\\/boutique\\\/wp-content\\\/uploads\\\/2024\\\/10\\\/logo.jpg\",\"contentUrl\":\"https:\\\/\\\/www.vetorino.com\\\/boutique\\\/wp-content\\\/uploads\\\/2024\\\/10\\\/logo.jpg\",\"width\":1200,\"height\":610,\"caption\":\"V\u00e9torino\"},\"image\":{\"@id\":\"https:\\\/\\\/www.vetorino.com\\\/boutique\\\/#\\\/schema\\\/logo\\\/image\\\/\"},\"sameAs\":[\"https:\\\/\\\/www.facebook.com\\\/Vetorino\\\/\",\"https:\\\/\\\/www.instagram.com\\\/vetorino_off\\\/\",\"https:\\\/\\\/www.linkedin.com\\\/company\\\/vtorino\\\/\"]}]}<\/script>\n<meta property=\"product:brand\" content=\"Spectrum Brands\" \/>\n<meta property=\"og:availability\" content=\"instock\" \/>\n<meta property=\"product:availability\" content=\"instock\" \/>\n<meta property=\"product:condition\" content=\"new\" \/>\n<!-- \/ Yoast SEO plugin. -->","yoast_head_json":{"title":"Os \u00e0 m\u00e2cher 8in1 Delight Nou\u00e9 Spectrum Brands - V\u00e9torino","description":"SPECTRUM BRANDSChiensHygi\u00e8ne bucco-dentaire8in1Chiens 20 \u00e0 + de 40 kgOs &agrave; m&acirc;cher au go&ucirc;t de poulet. Une d&eacute;licieuse viande de","robots":{"index":"noindex","follow":"nofollow"},"og_locale":"fr_FR","og_type":"article","og_title":"Os \u00e0 m\u00e2cher 8in1 Delight Nou\u00e9 Spectrum Brands - V\u00e9torino","og_description":"SPECTRUM BRANDSChiensHygi\u00e8ne bucco-dentaire8in1Chiens 20 \u00e0 + de 40 kgOs &agrave; m&acirc;cher au go&ucirc;t de poulet. Une d&eacute;licieuse viande de","og_url":"https:\/\/www.vetorino.com\/veterinaire\/confolens-16500\/boutique\/product\/os-a-macher-8in1-delight-noue\/","og_site_name":"V\u00e9torino","article_publisher":"https:\/\/www.facebook.com\/Vetorino\/","article_modified_time":"2026-03-28T01:42:09+00:00","og_image":[{"width":400,"height":400,"url":"https:\/\/www.vetorino.com\/boutique\/wp-content\/uploads\/2020\/06\/FilsOSD009FormatMediumTypeIM.png","type":"image\/png"}],"twitter_card":"summary_large_image","twitter_misc":{"Disponibilit\u00e9":"En stock"},"schema":{"@context":"https:\/\/schema.org","@graph":[{"@type":"WebPage","@id":"https:\/\/www.vetorino.com\/veterinaire\/villierssurmarne-94350\/boutique\/product\/os-a-macher-8in1-delight-noue\/","url":"https:\/\/www.vetorino.com\/veterinaire\/villierssurmarne-94350\/boutique\/product\/os-a-macher-8in1-delight-noue\/","name":"Os \u00e0 m\u00e2cher 8in1 Delight Nou\u00e9 Spectrum Brands - V\u00e9torino","isPartOf":{"@id":"https:\/\/www.vetorino.com\/boutique\/#website"},"primaryImageOfPage":{"@id":"https:\/\/www.vetorino.com\/veterinaire\/villierssurmarne-94350\/boutique\/product\/os-a-macher-8in1-delight-noue\/#primaryimage"},"image":{"@id":"https:\/\/www.vetorino.com\/veterinaire\/villierssurmarne-94350\/boutique\/product\/os-a-macher-8in1-delight-noue\/#primaryimage"},"thumbnailUrl":"https:\/\/www.vetorino.com\/boutique\/wp-content\/uploads\/2020\/06\/FilsOSD009FormatMediumTypeIM.png","datePublished":"2020-06-29T23:41:58+00:00","dateModified":"2026-03-28T01:42:09+00:00","description":"SPECTRUM BRANDSChiensHygi\u00e8ne bucco-dentaire8in1Chiens 20 \u00e0 + de 40 kgOs &agrave; m&acirc;cher au go&ucirc;t de poulet. Une d&eacute;licieuse viande de","breadcrumb":{"@id":"https:\/\/www.vetorino.com\/veterinaire\/villierssurmarne-94350\/boutique\/product\/os-a-macher-8in1-delight-noue\/#breadcrumb"},"inLanguage":"fr-FR","potentialAction":[{"@type":"ReadAction","target":["https:\/\/www.vetorino.com\/veterinaire\/villierssurmarne-94350\/boutique\/product\/os-a-macher-8in1-delight-noue\/"]}]},{"@type":"ImageObject","inLanguage":"fr-FR","@id":"https:\/\/www.vetorino.com\/veterinaire\/villierssurmarne-94350\/boutique\/product\/os-a-macher-8in1-delight-noue\/#primaryimage","url":"https:\/\/www.vetorino.com\/boutique\/wp-content\/uploads\/2020\/06\/FilsOSD009FormatMediumTypeIM.png","contentUrl":"https:\/\/www.vetorino.com\/boutique\/wp-content\/uploads\/2020\/06\/FilsOSD009FormatMediumTypeIM.png","width":400,"height":400},{"@type":"BreadcrumbList","@id":"https:\/\/www.vetorino.com\/veterinaire\/villierssurmarne-94350\/boutique\/product\/os-a-macher-8in1-delight-noue\/#breadcrumb","itemListElement":[{"@type":"ListItem","position":1,"name":"Accueil","item":"https:\/\/www.vetorino.com\/boutique\/"},{"@type":"ListItem","position":2,"name":"Produits","item":"https:\/\/www.vetorino.com\/boutique\/"},{"@type":"ListItem","position":3,"name":"Os \u00e0 m\u00e2cher 8in1 Delight Nou\u00e9"}]},{"@type":"WebSite","@id":"https:\/\/www.vetorino.com\/boutique\/#website","url":"https:\/\/www.vetorino.com\/boutique\/","name":"V\u00e9torino","description":"","publisher":{"@id":"https:\/\/www.vetorino.com\/boutique\/#organization"},"potentialAction":[{"@type":"SearchAction","target":{"@type":"EntryPoint","urlTemplate":"https:\/\/www.vetorino.com\/boutique\/?s={search_term_string}"},"query-input":{"@type":"PropertyValueSpecification","valueRequired":true,"valueName":"search_term_string"}}],"inLanguage":"fr-FR"},{"@type":"Organization","@id":"https:\/\/www.vetorino.com\/boutique\/#organization","name":"V\u00e9torino","url":"https:\/\/www.vetorino.com\/boutique\/","logo":{"@type":"ImageObject","inLanguage":"fr-FR","@id":"https:\/\/www.vetorino.com\/boutique\/#\/schema\/logo\/image\/","url":"https:\/\/www.vetorino.com\/boutique\/wp-content\/uploads\/2024\/10\/logo.jpg","contentUrl":"https:\/\/www.vetorino.com\/boutique\/wp-content\/uploads\/2024\/10\/logo.jpg","width":1200,"height":610,"caption":"V\u00e9torino"},"image":{"@id":"https:\/\/www.vetorino.com\/boutique\/#\/schema\/logo\/image\/"},"sameAs":["https:\/\/www.facebook.com\/Vetorino\/","https:\/\/www.instagram.com\/vetorino_off\/","https:\/\/www.linkedin.com\/company\/vtorino\/"]}]},"product_brand":"Spectrum Brands","og_availability":"instock","product_availability":"instock","product_condition":"new"},"_links":{"self":[{"href":"https:\/\/www.vetorino.com\/veterinaire\/confolens-16500\/boutique\/wp-json\/wp\/v2\/product\/100262","targetHints":{"allow":["GET"]}}],"collection":[{"href":"https:\/\/www.vetorino.com\/veterinaire\/confolens-16500\/boutique\/wp-json\/wp\/v2\/product"}],"about":[{"href":"https:\/\/www.vetorino.com\/veterinaire\/confolens-16500\/boutique\/wp-json\/wp\/v2\/types\/product"}],"wp:featuredmedia":[{"embeddable":true,"href":"https:\/\/www.vetorino.com\/veterinaire\/confolens-16500\/boutique\/wp-json\/wp\/v2\/media\/100256"}],"wp:attachment":[{"href":"https:\/\/www.vetorino.com\/veterinaire\/confolens-16500\/boutique\/wp-json\/wp\/v2\/media?parent=100262"}],"wp:term":[{"taxonomy":"product_cat","embeddable":true,"href":"https:\/\/www.vetorino.com\/veterinaire\/confolens-16500\/boutique\/wp-json\/wp\/v2\/product_cat?post=100262"},{"taxonomy":"product_tag","embeddable":true,"href":"https:\/\/www.vetorino.com\/veterinaire\/confolens-16500\/boutique\/wp-json\/wp\/v2\/product_tag?post=100262"}],"curies":[{"name":"wp","href":"https:\/\/api.w.org\/{rel}","templated":true}]}}