{"id":100292,"date":"2020-06-30T01:42:22","date_gmt":"2020-06-29T23:42:22","guid":{"rendered":"https:\/\/www.vetorino.com\/boutique\/product\/os-a-macher-8in1-fillets-pro-active\/"},"modified":"2026-01-31T02:42:14","modified_gmt":"2026-01-31T01:42:14","slug":"os-a-macher-8in1-fillets-pro-active","status":"publish","type":"product","link":"https:\/\/www.vetorino.com\/veterinaire\/confolens-16500\/boutique\/product\/os-a-macher-8in1-fillets-pro-active\/","title":{"rendered":"Os \u00e0 m\u00e2cher 8in1 Fillets Pro Active"},"content":{"rendered":"<div class='hidden'>SPECTRUM BRANDS<\/div>\n<div class='hidden'>Chiens<\/div>\n<div class='hidden'>Articulations<\/div>\n<div class='hidden'>8in1<\/div>\n<div class='hidden'>Chien &#8211; Plus de un an<\/div>\n<p>Les Fillets Pro Active sont enrichis en glucosamine et chondro&iuml;tine, ils favorisent la mobilit&eacute;.<br \/>\nDe v&eacute;ritables filets de poulets s&eacute;ch&eacute;s dans lesquels sont ajout&eacute;s des ingr&eacute;dients naturels offrant des b&eacute;n&eacute;fices fonctionnels additionnels.<br \/>\nUne friandise 100% savoureuse, 100% saine :<\/p>\n<ul>\n<li>Seulement 4,5% de mati&egrave;res grasses.<\/li>\n<li>Viande de poulet : super app&eacute;tant et peu calorique.<\/li>\n<\/ul>\n<p>Concentr&eacute; nutri-center unique :<\/p>\n<ul>\n<li>Ingr&eacute;dients naturels ajout&eacute;s au coeur de la friandise : action pr&eacute;ventive assur&eacute;e !<\/li>\n<li>Friandise respectueuse de la sant&eacute; du chien et favorisant un bon d&eacute;veloppement de l&#039;animal tout au long de sa vie.<\/li>\n<\/ul>\n","protected":false},"excerpt":{"rendered":"<p>SPECTRUM BRANDS Chiens Articulations 8in1 Chien &#8211; Plus de un an Les Fillets Pro Active sont enrichis en glucosamine et chondro&iuml;tine, ils favorisent la mobilit&eacute;. De v&eacute;ritables filets de poulets s&eacute;ch&eacute;s dans lesquels sont ajout&eacute;s des ingr&eacute;dients naturels offrant des b&eacute;n&eacute;fices fonctionnels additionnels. Une friandise 100% savoureuse, 100% saine : Seulement 4,5% de mati&egrave;res grasses. [&hellip;]<\/p>\n","protected":false},"featured_media":100291,"template":"","meta":[],"product_cat":[2698],"product_tag":[],"class_list":{"0":"post-100292","1":"product","2":"type-product","3":"status-publish","4":"has-post-thumbnail","6":"product_cat-chien","7":"pa_marque-spectrum-brands","9":"first","10":"instock","11":"taxable","12":"shipping-taxable","13":"purchasable","14":"product-type-simple"},"yoast_head":"<!-- This site is optimized with the Yoast SEO plugin v27.3 - https:\/\/yoast.com\/product\/yoast-seo-wordpress\/ -->\n<title>Os \u00e0 m\u00e2cher 8in1 Fillets Pro Active Spectrum Brands - V\u00e9torino<\/title>\n<meta name=\"description\" content=\"SPECTRUM BRANDSChiensArticulations8in1Chien - Plus de un anLes Fillets Pro Active sont enrichis en glucosamine et chondro&iuml;tine, ils favorisent la\" \/>\n<meta name=\"robots\" content=\"noindex, nofollow\" \/>\n<meta property=\"og:locale\" content=\"fr_FR\" \/>\n<meta property=\"og:type\" content=\"article\" \/>\n<meta property=\"og:title\" content=\"Os \u00e0 m\u00e2cher 8in1 Fillets Pro Active Spectrum Brands - V\u00e9torino\" \/>\n<meta property=\"og:description\" content=\"SPECTRUM BRANDSChiensArticulations8in1Chien - Plus de un anLes Fillets Pro Active sont enrichis en glucosamine et chondro&iuml;tine, ils favorisent la\" \/>\n<meta property=\"og:url\" content=\"https:\/\/www.vetorino.com\/veterinaire\/confolens-16500\/boutique\/product\/os-a-macher-8in1-fillets-pro-active\/\" \/>\n<meta property=\"og:site_name\" content=\"V\u00e9torino\" \/>\n<meta property=\"article:publisher\" content=\"https:\/\/www.facebook.com\/Vetorino\/\" \/>\n<meta property=\"article:modified_time\" content=\"2026-01-31T01:42:14+00:00\" \/>\n<meta property=\"og:image\" content=\"https:\/\/www.vetorino.com\/boutique\/wp-content\/uploads\/2020\/06\/FilsOSF003FormatMediumTypeIM.png\" \/>\n\t<meta property=\"og:image:width\" content=\"400\" \/>\n\t<meta property=\"og:image:height\" content=\"400\" \/>\n\t<meta property=\"og:image:type\" content=\"image\/png\" \/>\n<meta name=\"twitter:card\" content=\"summary_large_image\" \/>\n<meta name=\"twitter:label1\" content=\"Prix\" \/>\n\t<meta name=\"twitter:data1\" content=\"4,05&euro;\" \/>\n\t<meta name=\"twitter:label2\" content=\"Disponibilit\u00e9\" \/>\n\t<meta name=\"twitter:data2\" content=\"En stock\" \/>\n<script type=\"application\/ld+json\" class=\"yoast-schema-graph\">{\"@context\":\"https:\\\/\\\/schema.org\",\"@graph\":[{\"@type\":\"WebPage\",\"@id\":\"https:\\\/\\\/www.vetorino.com\\\/boutique\\\/product\\\/os-a-macher-8in1-fillets-pro-active\\\/\",\"url\":\"https:\\\/\\\/www.vetorino.com\\\/boutique\\\/product\\\/os-a-macher-8in1-fillets-pro-active\\\/\",\"name\":\"Os \u00e0 m\u00e2cher 8in1 Fillets Pro Active Spectrum Brands - V\u00e9torino\",\"isPartOf\":{\"@id\":\"https:\\\/\\\/www.vetorino.com\\\/boutique\\\/#website\"},\"primaryImageOfPage\":{\"@id\":\"https:\\\/\\\/www.vetorino.com\\\/boutique\\\/product\\\/os-a-macher-8in1-fillets-pro-active\\\/#primaryimage\"},\"image\":{\"@id\":\"https:\\\/\\\/www.vetorino.com\\\/boutique\\\/product\\\/os-a-macher-8in1-fillets-pro-active\\\/#primaryimage\"},\"thumbnailUrl\":\"https:\\\/\\\/www.vetorino.com\\\/boutique\\\/wp-content\\\/uploads\\\/2020\\\/06\\\/FilsOSF003FormatMediumTypeIM.png\",\"datePublished\":\"2020-06-29T23:42:22+00:00\",\"dateModified\":\"2026-01-31T01:42:14+00:00\",\"description\":\"SPECTRUM BRANDSChiensArticulations8in1Chien - Plus de un anLes Fillets Pro Active sont enrichis en glucosamine et chondro&iuml;tine, ils favorisent la\",\"breadcrumb\":{\"@id\":\"https:\\\/\\\/www.vetorino.com\\\/boutique\\\/product\\\/os-a-macher-8in1-fillets-pro-active\\\/#breadcrumb\"},\"inLanguage\":\"fr-FR\",\"potentialAction\":[{\"@type\":\"ReadAction\",\"target\":[\"https:\\\/\\\/www.vetorino.com\\\/boutique\\\/product\\\/os-a-macher-8in1-fillets-pro-active\\\/\"]}]},{\"@type\":\"ImageObject\",\"inLanguage\":\"fr-FR\",\"@id\":\"https:\\\/\\\/www.vetorino.com\\\/boutique\\\/product\\\/os-a-macher-8in1-fillets-pro-active\\\/#primaryimage\",\"url\":\"https:\\\/\\\/www.vetorino.com\\\/boutique\\\/wp-content\\\/uploads\\\/2020\\\/06\\\/FilsOSF003FormatMediumTypeIM.png\",\"contentUrl\":\"https:\\\/\\\/www.vetorino.com\\\/boutique\\\/wp-content\\\/uploads\\\/2020\\\/06\\\/FilsOSF003FormatMediumTypeIM.png\",\"width\":400,\"height\":400},{\"@type\":\"BreadcrumbList\",\"@id\":\"https:\\\/\\\/www.vetorino.com\\\/boutique\\\/product\\\/os-a-macher-8in1-fillets-pro-active\\\/#breadcrumb\",\"itemListElement\":[{\"@type\":\"ListItem\",\"position\":1,\"name\":\"Accueil\",\"item\":\"https:\\\/\\\/www.vetorino.com\\\/boutique\\\/\"},{\"@type\":\"ListItem\",\"position\":2,\"name\":\"Produits\",\"item\":\"https:\\\/\\\/www.vetorino.com\\\/boutique\\\/\"},{\"@type\":\"ListItem\",\"position\":3,\"name\":\"Os \u00e0 m\u00e2cher 8in1 Fillets Pro Active\"}]},{\"@type\":\"WebSite\",\"@id\":\"https:\\\/\\\/www.vetorino.com\\\/boutique\\\/#website\",\"url\":\"https:\\\/\\\/www.vetorino.com\\\/boutique\\\/\",\"name\":\"V\u00e9torino\",\"description\":\"\",\"publisher\":{\"@id\":\"https:\\\/\\\/www.vetorino.com\\\/boutique\\\/#organization\"},\"potentialAction\":[{\"@type\":\"SearchAction\",\"target\":{\"@type\":\"EntryPoint\",\"urlTemplate\":\"https:\\\/\\\/www.vetorino.com\\\/boutique\\\/?s={search_term_string}\"},\"query-input\":{\"@type\":\"PropertyValueSpecification\",\"valueRequired\":true,\"valueName\":\"search_term_string\"}}],\"inLanguage\":\"fr-FR\"},{\"@type\":\"Organization\",\"@id\":\"https:\\\/\\\/www.vetorino.com\\\/boutique\\\/#organization\",\"name\":\"V\u00e9torino\",\"url\":\"https:\\\/\\\/www.vetorino.com\\\/boutique\\\/\",\"logo\":{\"@type\":\"ImageObject\",\"inLanguage\":\"fr-FR\",\"@id\":\"https:\\\/\\\/www.vetorino.com\\\/boutique\\\/#\\\/schema\\\/logo\\\/image\\\/\",\"url\":\"https:\\\/\\\/www.vetorino.com\\\/boutique\\\/wp-content\\\/uploads\\\/2024\\\/10\\\/logo.jpg\",\"contentUrl\":\"https:\\\/\\\/www.vetorino.com\\\/boutique\\\/wp-content\\\/uploads\\\/2024\\\/10\\\/logo.jpg\",\"width\":1200,\"height\":610,\"caption\":\"V\u00e9torino\"},\"image\":{\"@id\":\"https:\\\/\\\/www.vetorino.com\\\/boutique\\\/#\\\/schema\\\/logo\\\/image\\\/\"},\"sameAs\":[\"https:\\\/\\\/www.facebook.com\\\/Vetorino\\\/\",\"https:\\\/\\\/www.instagram.com\\\/vetorino_off\\\/\",\"https:\\\/\\\/www.linkedin.com\\\/company\\\/vtorino\\\/\"]}]}<\/script>\n<meta property=\"product:brand\" content=\"Spectrum Brands\" \/>\n<meta property=\"product:price:amount\" content=\"4.05\" \/>\n<meta property=\"product:price:currency\" content=\"EUR\" \/>\n<meta property=\"og:availability\" content=\"instock\" \/>\n<meta property=\"product:availability\" content=\"instock\" \/>\n<meta property=\"product:retailer_item_id\" content=\"C-OSF003\" \/>\n<meta property=\"product:condition\" content=\"new\" \/>\n<!-- \/ Yoast SEO plugin. -->","yoast_head_json":{"title":"Os \u00e0 m\u00e2cher 8in1 Fillets Pro Active Spectrum Brands - V\u00e9torino","description":"SPECTRUM BRANDSChiensArticulations8in1Chien - Plus de un anLes Fillets Pro Active sont enrichis en glucosamine et chondro&iuml;tine, ils favorisent la","robots":{"index":"noindex","follow":"nofollow"},"og_locale":"fr_FR","og_type":"article","og_title":"Os \u00e0 m\u00e2cher 8in1 Fillets Pro Active Spectrum Brands - V\u00e9torino","og_description":"SPECTRUM BRANDSChiensArticulations8in1Chien - Plus de un anLes Fillets Pro Active sont enrichis en glucosamine et chondro&iuml;tine, ils favorisent la","og_url":"https:\/\/www.vetorino.com\/veterinaire\/confolens-16500\/boutique\/product\/os-a-macher-8in1-fillets-pro-active\/","og_site_name":"V\u00e9torino","article_publisher":"https:\/\/www.facebook.com\/Vetorino\/","article_modified_time":"2026-01-31T01:42:14+00:00","og_image":[{"width":400,"height":400,"url":"https:\/\/www.vetorino.com\/boutique\/wp-content\/uploads\/2020\/06\/FilsOSF003FormatMediumTypeIM.png","type":"image\/png"}],"twitter_card":"summary_large_image","twitter_misc":{"Prix":"4,05&euro;","Disponibilit\u00e9":"En stock"},"schema":{"@context":"https:\/\/schema.org","@graph":[{"@type":"WebPage","@id":"https:\/\/www.vetorino.com\/boutique\/product\/os-a-macher-8in1-fillets-pro-active\/","url":"https:\/\/www.vetorino.com\/boutique\/product\/os-a-macher-8in1-fillets-pro-active\/","name":"Os \u00e0 m\u00e2cher 8in1 Fillets Pro Active Spectrum Brands - V\u00e9torino","isPartOf":{"@id":"https:\/\/www.vetorino.com\/boutique\/#website"},"primaryImageOfPage":{"@id":"https:\/\/www.vetorino.com\/boutique\/product\/os-a-macher-8in1-fillets-pro-active\/#primaryimage"},"image":{"@id":"https:\/\/www.vetorino.com\/boutique\/product\/os-a-macher-8in1-fillets-pro-active\/#primaryimage"},"thumbnailUrl":"https:\/\/www.vetorino.com\/boutique\/wp-content\/uploads\/2020\/06\/FilsOSF003FormatMediumTypeIM.png","datePublished":"2020-06-29T23:42:22+00:00","dateModified":"2026-01-31T01:42:14+00:00","description":"SPECTRUM BRANDSChiensArticulations8in1Chien - Plus de un anLes Fillets Pro Active sont enrichis en glucosamine et chondro&iuml;tine, ils favorisent la","breadcrumb":{"@id":"https:\/\/www.vetorino.com\/boutique\/product\/os-a-macher-8in1-fillets-pro-active\/#breadcrumb"},"inLanguage":"fr-FR","potentialAction":[{"@type":"ReadAction","target":["https:\/\/www.vetorino.com\/boutique\/product\/os-a-macher-8in1-fillets-pro-active\/"]}]},{"@type":"ImageObject","inLanguage":"fr-FR","@id":"https:\/\/www.vetorino.com\/boutique\/product\/os-a-macher-8in1-fillets-pro-active\/#primaryimage","url":"https:\/\/www.vetorino.com\/boutique\/wp-content\/uploads\/2020\/06\/FilsOSF003FormatMediumTypeIM.png","contentUrl":"https:\/\/www.vetorino.com\/boutique\/wp-content\/uploads\/2020\/06\/FilsOSF003FormatMediumTypeIM.png","width":400,"height":400},{"@type":"BreadcrumbList","@id":"https:\/\/www.vetorino.com\/boutique\/product\/os-a-macher-8in1-fillets-pro-active\/#breadcrumb","itemListElement":[{"@type":"ListItem","position":1,"name":"Accueil","item":"https:\/\/www.vetorino.com\/boutique\/"},{"@type":"ListItem","position":2,"name":"Produits","item":"https:\/\/www.vetorino.com\/boutique\/"},{"@type":"ListItem","position":3,"name":"Os \u00e0 m\u00e2cher 8in1 Fillets Pro Active"}]},{"@type":"WebSite","@id":"https:\/\/www.vetorino.com\/boutique\/#website","url":"https:\/\/www.vetorino.com\/boutique\/","name":"V\u00e9torino","description":"","publisher":{"@id":"https:\/\/www.vetorino.com\/boutique\/#organization"},"potentialAction":[{"@type":"SearchAction","target":{"@type":"EntryPoint","urlTemplate":"https:\/\/www.vetorino.com\/boutique\/?s={search_term_string}"},"query-input":{"@type":"PropertyValueSpecification","valueRequired":true,"valueName":"search_term_string"}}],"inLanguage":"fr-FR"},{"@type":"Organization","@id":"https:\/\/www.vetorino.com\/boutique\/#organization","name":"V\u00e9torino","url":"https:\/\/www.vetorino.com\/boutique\/","logo":{"@type":"ImageObject","inLanguage":"fr-FR","@id":"https:\/\/www.vetorino.com\/boutique\/#\/schema\/logo\/image\/","url":"https:\/\/www.vetorino.com\/boutique\/wp-content\/uploads\/2024\/10\/logo.jpg","contentUrl":"https:\/\/www.vetorino.com\/boutique\/wp-content\/uploads\/2024\/10\/logo.jpg","width":1200,"height":610,"caption":"V\u00e9torino"},"image":{"@id":"https:\/\/www.vetorino.com\/boutique\/#\/schema\/logo\/image\/"},"sameAs":["https:\/\/www.facebook.com\/Vetorino\/","https:\/\/www.instagram.com\/vetorino_off\/","https:\/\/www.linkedin.com\/company\/vtorino\/"]}]},"product_brand":"Spectrum Brands","product_price_amount":"4.05","product_price_currency":"EUR","og_availability":"instock","product_availability":"instock","product_retailer_item_id":"C-OSF003","product_condition":"new"},"_links":{"self":[{"href":"https:\/\/www.vetorino.com\/veterinaire\/confolens-16500\/boutique\/wp-json\/wp\/v2\/product\/100292","targetHints":{"allow":["GET"]}}],"collection":[{"href":"https:\/\/www.vetorino.com\/veterinaire\/confolens-16500\/boutique\/wp-json\/wp\/v2\/product"}],"about":[{"href":"https:\/\/www.vetorino.com\/veterinaire\/confolens-16500\/boutique\/wp-json\/wp\/v2\/types\/product"}],"wp:featuredmedia":[{"embeddable":true,"href":"https:\/\/www.vetorino.com\/veterinaire\/confolens-16500\/boutique\/wp-json\/wp\/v2\/media\/100291"}],"wp:attachment":[{"href":"https:\/\/www.vetorino.com\/veterinaire\/confolens-16500\/boutique\/wp-json\/wp\/v2\/media?parent=100292"}],"wp:term":[{"taxonomy":"product_cat","embeddable":true,"href":"https:\/\/www.vetorino.com\/veterinaire\/confolens-16500\/boutique\/wp-json\/wp\/v2\/product_cat?post=100292"},{"taxonomy":"product_tag","embeddable":true,"href":"https:\/\/www.vetorino.com\/veterinaire\/confolens-16500\/boutique\/wp-json\/wp\/v2\/product_tag?post=100292"}],"curies":[{"name":"wp","href":"https:\/\/api.w.org\/{rel}","templated":true}]}}