{"id":101292,"date":"2020-06-30T01:56:10","date_gmt":"2020-06-29T23:56:10","guid":{"rendered":"https:\/\/www.vetorino.com\/boutique\/product\/protection-anti-sexe-hygienique-gentleman-panty\/"},"modified":"2023-06-08T10:47:52","modified_gmt":"2023-06-08T08:47:52","slug":"protection-anti-sexe-hygienique-gentleman-panty","status":"publish","type":"product","link":"https:\/\/www.vetorino.com\/veterinaire\/confolens-16500\/boutique\/product\/protection-anti-sexe-hygienique-gentleman-panty\/","title":{"rendered":"Protection anti-sexe \/ hygi\u00e9nique Gentleman Panty"},"content":{"rendered":"<div class='hidden'>MATERIEL<\/div>\n<div class='hidden'>Chiens<\/div>\n<p>Si votre chien a des soucis d&#8217;incontinence, d&#8217;infections des organes urinaires ou de reproduction, cette protection \u00e0 scratch va vous aider \u00e0 g\u00e9rer les fuites ou encore si vous voulez \u00e9viter la reproduction.<\/p>\n","protected":false},"excerpt":{"rendered":"<p>MATERIEL Chiens Si votre chien a des soucis d&#8217;incontinence, d&#8217;infections des organes urinaires ou de reproduction, cette protection \u00e0 scratch va vous aider \u00e0 g\u00e9rer les fuites ou encore si vous voulez \u00e9viter la reproduction.<\/p>\n","protected":false},"featured_media":631061,"template":"","meta":[],"product_cat":[2698],"product_tag":[],"class_list":{"0":"post-101292","1":"product","2":"type-product","3":"status-publish","4":"has-post-thumbnail","6":"product_cat-chien","7":"pa_marque-camon","9":"first","10":"outofstock","11":"taxable","12":"shipping-taxable","13":"purchasable","14":"product-type-simple"},"yoast_head":"<!-- This site is optimized with the Yoast SEO plugin v27.3 - https:\/\/yoast.com\/product\/yoast-seo-wordpress\/ -->\n<title>Protection anti-sexe \/ hygi\u00e9nique Gentleman Panty Camon - V\u00e9torino<\/title>\n<meta name=\"description\" content=\"MATERIELChiensSi votre chien a des soucis d&#039;incontinence, d&#039;infections des organes urinaires ou de reproduction, cette protection \u00e0 scratch va vous aider\" \/>\n<meta name=\"robots\" content=\"noindex, nofollow\" \/>\n<meta property=\"og:locale\" content=\"fr_FR\" \/>\n<meta property=\"og:type\" content=\"article\" \/>\n<meta property=\"og:title\" content=\"Protection anti-sexe \/ hygi\u00e9nique Gentleman Panty Camon - V\u00e9torino\" \/>\n<meta property=\"og:description\" content=\"MATERIELChiensSi votre chien a des soucis d&#039;incontinence, d&#039;infections des organes urinaires ou de reproduction, cette protection \u00e0 scratch va vous aider\" \/>\n<meta property=\"og:url\" content=\"https:\/\/www.vetorino.com\/veterinaire\/confolens-16500\/boutique\/product\/protection-anti-sexe-hygienique-gentleman-panty\/\" \/>\n<meta property=\"og:site_name\" content=\"V\u00e9torino\" \/>\n<meta property=\"article:publisher\" content=\"https:\/\/www.facebook.com\/Vetorino\/\" \/>\n<meta property=\"article:modified_time\" content=\"2023-06-08T08:47:52+00:00\" \/>\n<meta property=\"og:image\" content=\"https:\/\/www.vetorino.com\/boutique\/wp-content\/uploads\/2020\/06\/51PGF0T0EIL._AC_SL1000_.jpg\" \/>\n\t<meta property=\"og:image:width\" content=\"703\" \/>\n\t<meta property=\"og:image:height\" content=\"574\" \/>\n\t<meta property=\"og:image:type\" content=\"image\/jpeg\" \/>\n<meta name=\"twitter:card\" content=\"summary_large_image\" \/>\n<meta name=\"twitter:label1\" content=\"Prix\" \/>\n\t<meta name=\"twitter:data1\" content=\"21,73&euro;\" \/>\n\t<meta name=\"twitter:label2\" content=\"Disponibilit\u00e9\" \/>\n\t<meta name=\"twitter:data2\" content=\"Rupture de stock\" \/>\n<script type=\"application\/ld+json\" class=\"yoast-schema-graph\">{\"@context\":\"https:\\\/\\\/schema.org\",\"@graph\":[{\"@type\":\"WebPage\",\"@id\":\"https:\\\/\\\/www.vetorino.com\\\/boutique\\\/product\\\/protection-anti-sexe-hygienique-gentleman-panty\\\/\",\"url\":\"https:\\\/\\\/www.vetorino.com\\\/boutique\\\/product\\\/protection-anti-sexe-hygienique-gentleman-panty\\\/\",\"name\":\"Protection anti-sexe \\\/ hygi\u00e9nique Gentleman Panty Camon - V\u00e9torino\",\"isPartOf\":{\"@id\":\"https:\\\/\\\/www.vetorino.com\\\/boutique\\\/#website\"},\"primaryImageOfPage\":{\"@id\":\"https:\\\/\\\/www.vetorino.com\\\/boutique\\\/product\\\/protection-anti-sexe-hygienique-gentleman-panty\\\/#primaryimage\"},\"image\":{\"@id\":\"https:\\\/\\\/www.vetorino.com\\\/boutique\\\/product\\\/protection-anti-sexe-hygienique-gentleman-panty\\\/#primaryimage\"},\"thumbnailUrl\":\"https:\\\/\\\/www.vetorino.com\\\/boutique\\\/wp-content\\\/uploads\\\/2020\\\/06\\\/51PGF0T0EIL._AC_SL1000_.jpg\",\"datePublished\":\"2020-06-29T23:56:10+00:00\",\"dateModified\":\"2023-06-08T08:47:52+00:00\",\"description\":\"MATERIELChiensSi votre chien a des soucis d'incontinence, d'infections des organes urinaires ou de reproduction, cette protection \u00e0 scratch va vous aider\",\"breadcrumb\":{\"@id\":\"https:\\\/\\\/www.vetorino.com\\\/boutique\\\/product\\\/protection-anti-sexe-hygienique-gentleman-panty\\\/#breadcrumb\"},\"inLanguage\":\"fr-FR\",\"potentialAction\":[{\"@type\":\"ReadAction\",\"target\":[\"https:\\\/\\\/www.vetorino.com\\\/boutique\\\/product\\\/protection-anti-sexe-hygienique-gentleman-panty\\\/\"]}]},{\"@type\":\"ImageObject\",\"inLanguage\":\"fr-FR\",\"@id\":\"https:\\\/\\\/www.vetorino.com\\\/boutique\\\/product\\\/protection-anti-sexe-hygienique-gentleman-panty\\\/#primaryimage\",\"url\":\"https:\\\/\\\/www.vetorino.com\\\/boutique\\\/wp-content\\\/uploads\\\/2020\\\/06\\\/51PGF0T0EIL._AC_SL1000_.jpg\",\"contentUrl\":\"https:\\\/\\\/www.vetorino.com\\\/boutique\\\/wp-content\\\/uploads\\\/2020\\\/06\\\/51PGF0T0EIL._AC_SL1000_.jpg\",\"width\":703,\"height\":574},{\"@type\":\"BreadcrumbList\",\"@id\":\"https:\\\/\\\/www.vetorino.com\\\/boutique\\\/product\\\/protection-anti-sexe-hygienique-gentleman-panty\\\/#breadcrumb\",\"itemListElement\":[{\"@type\":\"ListItem\",\"position\":1,\"name\":\"Accueil\",\"item\":\"https:\\\/\\\/www.vetorino.com\\\/boutique\\\/\"},{\"@type\":\"ListItem\",\"position\":2,\"name\":\"Produits\",\"item\":\"https:\\\/\\\/www.vetorino.com\\\/boutique\\\/\"},{\"@type\":\"ListItem\",\"position\":3,\"name\":\"Protection anti-sexe \\\/ hygi\u00e9nique Gentleman Panty\"}]},{\"@type\":\"WebSite\",\"@id\":\"https:\\\/\\\/www.vetorino.com\\\/boutique\\\/#website\",\"url\":\"https:\\\/\\\/www.vetorino.com\\\/boutique\\\/\",\"name\":\"V\u00e9torino\",\"description\":\"\",\"publisher\":{\"@id\":\"https:\\\/\\\/www.vetorino.com\\\/boutique\\\/#organization\"},\"potentialAction\":[{\"@type\":\"SearchAction\",\"target\":{\"@type\":\"EntryPoint\",\"urlTemplate\":\"https:\\\/\\\/www.vetorino.com\\\/boutique\\\/?s={search_term_string}\"},\"query-input\":{\"@type\":\"PropertyValueSpecification\",\"valueRequired\":true,\"valueName\":\"search_term_string\"}}],\"inLanguage\":\"fr-FR\"},{\"@type\":\"Organization\",\"@id\":\"https:\\\/\\\/www.vetorino.com\\\/boutique\\\/#organization\",\"name\":\"V\u00e9torino\",\"url\":\"https:\\\/\\\/www.vetorino.com\\\/boutique\\\/\",\"logo\":{\"@type\":\"ImageObject\",\"inLanguage\":\"fr-FR\",\"@id\":\"https:\\\/\\\/www.vetorino.com\\\/boutique\\\/#\\\/schema\\\/logo\\\/image\\\/\",\"url\":\"https:\\\/\\\/www.vetorino.com\\\/boutique\\\/wp-content\\\/uploads\\\/2024\\\/10\\\/logo.jpg\",\"contentUrl\":\"https:\\\/\\\/www.vetorino.com\\\/boutique\\\/wp-content\\\/uploads\\\/2024\\\/10\\\/logo.jpg\",\"width\":1200,\"height\":610,\"caption\":\"V\u00e9torino\"},\"image\":{\"@id\":\"https:\\\/\\\/www.vetorino.com\\\/boutique\\\/#\\\/schema\\\/logo\\\/image\\\/\"},\"sameAs\":[\"https:\\\/\\\/www.facebook.com\\\/Vetorino\\\/\",\"https:\\\/\\\/www.instagram.com\\\/vetorino_off\\\/\",\"https:\\\/\\\/www.linkedin.com\\\/company\\\/vtorino\\\/\"]}]}<\/script>\n<meta property=\"product:brand\" content=\"Camon\" \/>\n<meta property=\"product:price:amount\" content=\"21.73\" \/>\n<meta property=\"product:price:currency\" content=\"EUR\" \/>\n<meta property=\"og:availability\" content=\"out of stock\" \/>\n<meta property=\"product:availability\" content=\"out of stock\" \/>\n<meta property=\"product:retailer_item_id\" content=\"C-PRO782\" \/>\n<meta property=\"product:condition\" content=\"new\" \/>\n<!-- \/ Yoast SEO plugin. -->","yoast_head_json":{"title":"Protection anti-sexe \/ hygi\u00e9nique Gentleman Panty Camon - V\u00e9torino","description":"MATERIELChiensSi votre chien a des soucis d'incontinence, d'infections des organes urinaires ou de reproduction, cette protection \u00e0 scratch va vous aider","robots":{"index":"noindex","follow":"nofollow"},"og_locale":"fr_FR","og_type":"article","og_title":"Protection anti-sexe \/ hygi\u00e9nique Gentleman Panty Camon - V\u00e9torino","og_description":"MATERIELChiensSi votre chien a des soucis d'incontinence, d'infections des organes urinaires ou de reproduction, cette protection \u00e0 scratch va vous aider","og_url":"https:\/\/www.vetorino.com\/veterinaire\/confolens-16500\/boutique\/product\/protection-anti-sexe-hygienique-gentleman-panty\/","og_site_name":"V\u00e9torino","article_publisher":"https:\/\/www.facebook.com\/Vetorino\/","article_modified_time":"2023-06-08T08:47:52+00:00","og_image":[{"width":703,"height":574,"url":"https:\/\/www.vetorino.com\/boutique\/wp-content\/uploads\/2020\/06\/51PGF0T0EIL._AC_SL1000_.jpg","type":"image\/jpeg"}],"twitter_card":"summary_large_image","twitter_misc":{"Prix":"21,73&euro;","Disponibilit\u00e9":"Rupture de stock"},"schema":{"@context":"https:\/\/schema.org","@graph":[{"@type":"WebPage","@id":"https:\/\/www.vetorino.com\/boutique\/product\/protection-anti-sexe-hygienique-gentleman-panty\/","url":"https:\/\/www.vetorino.com\/boutique\/product\/protection-anti-sexe-hygienique-gentleman-panty\/","name":"Protection anti-sexe \/ hygi\u00e9nique Gentleman Panty Camon - V\u00e9torino","isPartOf":{"@id":"https:\/\/www.vetorino.com\/boutique\/#website"},"primaryImageOfPage":{"@id":"https:\/\/www.vetorino.com\/boutique\/product\/protection-anti-sexe-hygienique-gentleman-panty\/#primaryimage"},"image":{"@id":"https:\/\/www.vetorino.com\/boutique\/product\/protection-anti-sexe-hygienique-gentleman-panty\/#primaryimage"},"thumbnailUrl":"https:\/\/www.vetorino.com\/boutique\/wp-content\/uploads\/2020\/06\/51PGF0T0EIL._AC_SL1000_.jpg","datePublished":"2020-06-29T23:56:10+00:00","dateModified":"2023-06-08T08:47:52+00:00","description":"MATERIELChiensSi votre chien a des soucis d'incontinence, d'infections des organes urinaires ou de reproduction, cette protection \u00e0 scratch va vous aider","breadcrumb":{"@id":"https:\/\/www.vetorino.com\/boutique\/product\/protection-anti-sexe-hygienique-gentleman-panty\/#breadcrumb"},"inLanguage":"fr-FR","potentialAction":[{"@type":"ReadAction","target":["https:\/\/www.vetorino.com\/boutique\/product\/protection-anti-sexe-hygienique-gentleman-panty\/"]}]},{"@type":"ImageObject","inLanguage":"fr-FR","@id":"https:\/\/www.vetorino.com\/boutique\/product\/protection-anti-sexe-hygienique-gentleman-panty\/#primaryimage","url":"https:\/\/www.vetorino.com\/boutique\/wp-content\/uploads\/2020\/06\/51PGF0T0EIL._AC_SL1000_.jpg","contentUrl":"https:\/\/www.vetorino.com\/boutique\/wp-content\/uploads\/2020\/06\/51PGF0T0EIL._AC_SL1000_.jpg","width":703,"height":574},{"@type":"BreadcrumbList","@id":"https:\/\/www.vetorino.com\/boutique\/product\/protection-anti-sexe-hygienique-gentleman-panty\/#breadcrumb","itemListElement":[{"@type":"ListItem","position":1,"name":"Accueil","item":"https:\/\/www.vetorino.com\/boutique\/"},{"@type":"ListItem","position":2,"name":"Produits","item":"https:\/\/www.vetorino.com\/boutique\/"},{"@type":"ListItem","position":3,"name":"Protection anti-sexe \/ hygi\u00e9nique Gentleman Panty"}]},{"@type":"WebSite","@id":"https:\/\/www.vetorino.com\/boutique\/#website","url":"https:\/\/www.vetorino.com\/boutique\/","name":"V\u00e9torino","description":"","publisher":{"@id":"https:\/\/www.vetorino.com\/boutique\/#organization"},"potentialAction":[{"@type":"SearchAction","target":{"@type":"EntryPoint","urlTemplate":"https:\/\/www.vetorino.com\/boutique\/?s={search_term_string}"},"query-input":{"@type":"PropertyValueSpecification","valueRequired":true,"valueName":"search_term_string"}}],"inLanguage":"fr-FR"},{"@type":"Organization","@id":"https:\/\/www.vetorino.com\/boutique\/#organization","name":"V\u00e9torino","url":"https:\/\/www.vetorino.com\/boutique\/","logo":{"@type":"ImageObject","inLanguage":"fr-FR","@id":"https:\/\/www.vetorino.com\/boutique\/#\/schema\/logo\/image\/","url":"https:\/\/www.vetorino.com\/boutique\/wp-content\/uploads\/2024\/10\/logo.jpg","contentUrl":"https:\/\/www.vetorino.com\/boutique\/wp-content\/uploads\/2024\/10\/logo.jpg","width":1200,"height":610,"caption":"V\u00e9torino"},"image":{"@id":"https:\/\/www.vetorino.com\/boutique\/#\/schema\/logo\/image\/"},"sameAs":["https:\/\/www.facebook.com\/Vetorino\/","https:\/\/www.instagram.com\/vetorino_off\/","https:\/\/www.linkedin.com\/company\/vtorino\/"]}]},"product_brand":"Camon","product_price_amount":"21.73","product_price_currency":"EUR","og_availability":"out of stock","product_availability":"out of stock","product_retailer_item_id":"C-PRO782","product_condition":"new"},"_links":{"self":[{"href":"https:\/\/www.vetorino.com\/veterinaire\/confolens-16500\/boutique\/wp-json\/wp\/v2\/product\/101292","targetHints":{"allow":["GET"]}}],"collection":[{"href":"https:\/\/www.vetorino.com\/veterinaire\/confolens-16500\/boutique\/wp-json\/wp\/v2\/product"}],"about":[{"href":"https:\/\/www.vetorino.com\/veterinaire\/confolens-16500\/boutique\/wp-json\/wp\/v2\/types\/product"}],"wp:featuredmedia":[{"embeddable":true,"href":"https:\/\/www.vetorino.com\/veterinaire\/confolens-16500\/boutique\/wp-json\/wp\/v2\/media\/631061"}],"wp:attachment":[{"href":"https:\/\/www.vetorino.com\/veterinaire\/confolens-16500\/boutique\/wp-json\/wp\/v2\/media?parent=101292"}],"wp:term":[{"taxonomy":"product_cat","embeddable":true,"href":"https:\/\/www.vetorino.com\/veterinaire\/confolens-16500\/boutique\/wp-json\/wp\/v2\/product_cat?post=101292"},{"taxonomy":"product_tag","embeddable":true,"href":"https:\/\/www.vetorino.com\/veterinaire\/confolens-16500\/boutique\/wp-json\/wp\/v2\/product_tag?post=101292"}],"curies":[{"name":"wp","href":"https:\/\/api.w.org\/{rel}","templated":true}]}}