{"id":101425,"date":"2020-06-30T11:45:37","date_gmt":"2020-06-30T09:45:37","guid":{"rendered":"https:\/\/www.vetorino.com\/boutique\/product\/recharge-spray-citronnelle\/"},"modified":"2026-02-27T02:42:19","modified_gmt":"2026-02-27T01:42:19","slug":"recharge-spray-citronnelle","status":"publish","type":"product","link":"https:\/\/www.vetorino.com\/veterinaire\/confolens-16500\/boutique\/product\/recharge-spray-citronnelle\/","title":{"rendered":"Recharge spray citronnelle"},"content":{"rendered":"<p>Cette recharge de spray inodore fonctionne avec tous les produits \u00e0 jet PetSafe\u00ae, y compris avec les syst\u00e8mes de dressage et les syst\u00e8mes anti-aboiements.<\/p>\n<h4>Caract\u00e9ristiques essentielles<\/h4>\n<ul>\n<li>200 jets suppl\u00e9mentaires par recharge<\/li>\n<li>Ne tache pas<\/li>\n<li>Sans danger pour l&#8217;environnement<\/li>\n<\/ul>\n","protected":false},"excerpt":{"rendered":"<p>Cette recharge de spray inodore fonctionne avec tous les produits \u00e0 jet PetSafe\u00ae, y compris avec les syst\u00e8mes de dressage et les syst\u00e8mes anti-aboiements.<\/p>\n<h4>Caract\u00e9ristiques essentielles<\/h4>\n<ul>\n<li>200 jets suppl\u00e9mentaires par recharge<\/li>\n<li>Ne tache pas<\/li>\n<li>Sans danger pour l&#8217;environnement<\/li>\n<\/ul>\n","protected":false},"featured_media":968461,"template":"","meta":[],"product_cat":[2786,2698,2789],"product_tag":[],"class_list":{"0":"post-101425","1":"product","2":"type-product","3":"status-publish","4":"has-post-thumbnail","6":"product_cat-anti-stress-et-anxiete-du-chien","7":"product_cat-chien","8":"product_cat-systemes-anti-aboiements","9":"pa_marque-petsafe","11":"first","12":"instock","13":"taxable","14":"shipping-taxable","15":"purchasable","16":"product-type-simple"},"yoast_head":"<!-- This site is optimized with the Yoast SEO plugin v27.3 - https:\/\/yoast.com\/product\/yoast-seo-wordpress\/ -->\n<title>Recharge spray citronnelle PetSafe - V\u00e9torino<\/title>\n<meta name=\"description\" content=\"Cette recharge de spray inodore fonctionne avec tous les produits \u00e0 jet PetSafe\u00ae, y compris avec les syst\u00e8mes de dressage et les syst\u00e8mes anti-aboiements. Caract\u00e9ristiques essentielles   200 jets suppl\u00e9mentaires par recharge  Ne tache pas  Sans danger pour l&#039;environnement\" \/>\n<meta name=\"robots\" content=\"noindex, nofollow\" \/>\n<meta property=\"og:locale\" content=\"fr_FR\" \/>\n<meta property=\"og:type\" content=\"article\" \/>\n<meta property=\"og:title\" content=\"Recharge spray citronnelle PetSafe - V\u00e9torino\" \/>\n<meta property=\"og:description\" content=\"Cette recharge de spray inodore fonctionne avec tous les produits \u00e0 jet PetSafe\u00ae, y compris avec les syst\u00e8mes de dressage et les syst\u00e8mes anti-aboiements. Caract\u00e9ristiques essentielles   200 jets suppl\u00e9mentaires par recharge  Ne tache pas  Sans danger pour l&#039;environnement\" \/>\n<meta property=\"og:url\" content=\"https:\/\/www.vetorino.com\/veterinaire\/confolens-16500\/boutique\/product\/recharge-spray-citronnelle\/\" \/>\n<meta property=\"og:site_name\" content=\"V\u00e9torino\" \/>\n<meta property=\"article:publisher\" content=\"https:\/\/www.facebook.com\/Vetorino\/\" \/>\n<meta property=\"article:modified_time\" content=\"2026-02-27T01:42:19+00:00\" \/>\n<meta property=\"og:image\" content=\"https:\/\/www.vetorino.com\/boutique\/wp-content\/uploads\/2020\/03\/pac19-14217_a_1024x1024@2x.webp\" \/>\n\t<meta property=\"og:image:width\" content=\"1080\" \/>\n\t<meta property=\"og:image:height\" content=\"1080\" \/>\n\t<meta property=\"og:image:type\" content=\"image\/webp\" \/>\n<meta name=\"twitter:card\" content=\"summary_large_image\" \/>\n<meta name=\"twitter:label1\" content=\"Prix\" \/>\n\t<meta name=\"twitter:data1\" content=\"16,11&euro;\" \/>\n\t<meta name=\"twitter:label2\" content=\"Disponibilit\u00e9\" \/>\n\t<meta name=\"twitter:data2\" content=\"En stock\" \/>\n<script type=\"application\/ld+json\" class=\"yoast-schema-graph\">{\"@context\":\"https:\\\/\\\/schema.org\",\"@graph\":[{\"@type\":\"WebPage\",\"@id\":\"https:\\\/\\\/www.vetorino.com\\\/boutique\\\/product\\\/recharge-spray-citronnelle\\\/\",\"url\":\"https:\\\/\\\/www.vetorino.com\\\/boutique\\\/product\\\/recharge-spray-citronnelle\\\/\",\"name\":\"Recharge spray citronnelle PetSafe - V\u00e9torino\",\"isPartOf\":{\"@id\":\"https:\\\/\\\/www.vetorino.com\\\/boutique\\\/#website\"},\"primaryImageOfPage\":{\"@id\":\"https:\\\/\\\/www.vetorino.com\\\/boutique\\\/product\\\/recharge-spray-citronnelle\\\/#primaryimage\"},\"image\":{\"@id\":\"https:\\\/\\\/www.vetorino.com\\\/boutique\\\/product\\\/recharge-spray-citronnelle\\\/#primaryimage\"},\"thumbnailUrl\":\"https:\\\/\\\/www.vetorino.com\\\/boutique\\\/wp-content\\\/uploads\\\/2020\\\/03\\\/pac19-14217_a_1024x1024@2x.webp\",\"datePublished\":\"2020-06-30T09:45:37+00:00\",\"dateModified\":\"2026-02-27T01:42:19+00:00\",\"description\":\"Cette recharge de spray inodore fonctionne avec tous les produits \u00e0 jet PetSafe\u00ae, y compris avec les syst\u00e8mes de dressage et les syst\u00e8mes anti-aboiements. Caract\u00e9ristiques essentielles 200 jets suppl\u00e9mentaires par recharge Ne tache pas Sans danger pour l'environnement\",\"breadcrumb\":{\"@id\":\"https:\\\/\\\/www.vetorino.com\\\/boutique\\\/product\\\/recharge-spray-citronnelle\\\/#breadcrumb\"},\"inLanguage\":\"fr-FR\",\"potentialAction\":[{\"@type\":\"ReadAction\",\"target\":[\"https:\\\/\\\/www.vetorino.com\\\/boutique\\\/product\\\/recharge-spray-citronnelle\\\/\"]}]},{\"@type\":\"ImageObject\",\"inLanguage\":\"fr-FR\",\"@id\":\"https:\\\/\\\/www.vetorino.com\\\/boutique\\\/product\\\/recharge-spray-citronnelle\\\/#primaryimage\",\"url\":\"https:\\\/\\\/www.vetorino.com\\\/boutique\\\/wp-content\\\/uploads\\\/2020\\\/03\\\/pac19-14217_a_1024x1024@2x.webp\",\"contentUrl\":\"https:\\\/\\\/www.vetorino.com\\\/boutique\\\/wp-content\\\/uploads\\\/2020\\\/03\\\/pac19-14217_a_1024x1024@2x.webp\",\"width\":1080,\"height\":1080},{\"@type\":\"BreadcrumbList\",\"@id\":\"https:\\\/\\\/www.vetorino.com\\\/boutique\\\/product\\\/recharge-spray-citronnelle\\\/#breadcrumb\",\"itemListElement\":[{\"@type\":\"ListItem\",\"position\":1,\"name\":\"Accueil\",\"item\":\"https:\\\/\\\/www.vetorino.com\\\/boutique\\\/\"},{\"@type\":\"ListItem\",\"position\":2,\"name\":\"Produits\",\"item\":\"https:\\\/\\\/www.vetorino.com\\\/boutique\\\/\"},{\"@type\":\"ListItem\",\"position\":3,\"name\":\"Recharge spray citronnelle\"}]},{\"@type\":\"WebSite\",\"@id\":\"https:\\\/\\\/www.vetorino.com\\\/boutique\\\/#website\",\"url\":\"https:\\\/\\\/www.vetorino.com\\\/boutique\\\/\",\"name\":\"V\u00e9torino\",\"description\":\"\",\"publisher\":{\"@id\":\"https:\\\/\\\/www.vetorino.com\\\/boutique\\\/#organization\"},\"potentialAction\":[{\"@type\":\"SearchAction\",\"target\":{\"@type\":\"EntryPoint\",\"urlTemplate\":\"https:\\\/\\\/www.vetorino.com\\\/boutique\\\/?s={search_term_string}\"},\"query-input\":{\"@type\":\"PropertyValueSpecification\",\"valueRequired\":true,\"valueName\":\"search_term_string\"}}],\"inLanguage\":\"fr-FR\"},{\"@type\":\"Organization\",\"@id\":\"https:\\\/\\\/www.vetorino.com\\\/boutique\\\/#organization\",\"name\":\"V\u00e9torino\",\"url\":\"https:\\\/\\\/www.vetorino.com\\\/boutique\\\/\",\"logo\":{\"@type\":\"ImageObject\",\"inLanguage\":\"fr-FR\",\"@id\":\"https:\\\/\\\/www.vetorino.com\\\/boutique\\\/#\\\/schema\\\/logo\\\/image\\\/\",\"url\":\"https:\\\/\\\/www.vetorino.com\\\/boutique\\\/wp-content\\\/uploads\\\/2024\\\/10\\\/logo.jpg\",\"contentUrl\":\"https:\\\/\\\/www.vetorino.com\\\/boutique\\\/wp-content\\\/uploads\\\/2024\\\/10\\\/logo.jpg\",\"width\":1200,\"height\":610,\"caption\":\"V\u00e9torino\"},\"image\":{\"@id\":\"https:\\\/\\\/www.vetorino.com\\\/boutique\\\/#\\\/schema\\\/logo\\\/image\\\/\"},\"sameAs\":[\"https:\\\/\\\/www.facebook.com\\\/Vetorino\\\/\",\"https:\\\/\\\/www.instagram.com\\\/vetorino_off\\\/\",\"https:\\\/\\\/www.linkedin.com\\\/company\\\/vtorino\\\/\"]}]}<\/script>\n<meta property=\"product:brand\" content=\"PetSafe\" \/>\n<meta property=\"product:price:amount\" content=\"16.11\" \/>\n<meta property=\"product:price:currency\" content=\"EUR\" \/>\n<meta property=\"og:availability\" content=\"instock\" \/>\n<meta property=\"product:availability\" content=\"instock\" \/>\n<meta property=\"product:retailer_item_id\" content=\"C-REC410\" \/>\n<meta property=\"product:condition\" content=\"new\" \/>\n<!-- \/ Yoast SEO plugin. -->","yoast_head_json":{"title":"Recharge spray citronnelle PetSafe - V\u00e9torino","description":"Cette recharge de spray inodore fonctionne avec tous les produits \u00e0 jet PetSafe\u00ae, y compris avec les syst\u00e8mes de dressage et les syst\u00e8mes anti-aboiements. Caract\u00e9ristiques essentielles   200 jets suppl\u00e9mentaires par recharge  Ne tache pas  Sans danger pour l'environnement","robots":{"index":"noindex","follow":"nofollow"},"og_locale":"fr_FR","og_type":"article","og_title":"Recharge spray citronnelle PetSafe - V\u00e9torino","og_description":"Cette recharge de spray inodore fonctionne avec tous les produits \u00e0 jet PetSafe\u00ae, y compris avec les syst\u00e8mes de dressage et les syst\u00e8mes anti-aboiements. Caract\u00e9ristiques essentielles   200 jets suppl\u00e9mentaires par recharge  Ne tache pas  Sans danger pour l'environnement","og_url":"https:\/\/www.vetorino.com\/veterinaire\/confolens-16500\/boutique\/product\/recharge-spray-citronnelle\/","og_site_name":"V\u00e9torino","article_publisher":"https:\/\/www.facebook.com\/Vetorino\/","article_modified_time":"2026-02-27T01:42:19+00:00","og_image":[{"width":1080,"height":1080,"url":"https:\/\/www.vetorino.com\/boutique\/wp-content\/uploads\/2020\/03\/pac19-14217_a_1024x1024@2x.webp","type":"image\/webp"}],"twitter_card":"summary_large_image","twitter_misc":{"Prix":"16,11&euro;","Disponibilit\u00e9":"En stock"},"schema":{"@context":"https:\/\/schema.org","@graph":[{"@type":"WebPage","@id":"https:\/\/www.vetorino.com\/boutique\/product\/recharge-spray-citronnelle\/","url":"https:\/\/www.vetorino.com\/boutique\/product\/recharge-spray-citronnelle\/","name":"Recharge spray citronnelle PetSafe - V\u00e9torino","isPartOf":{"@id":"https:\/\/www.vetorino.com\/boutique\/#website"},"primaryImageOfPage":{"@id":"https:\/\/www.vetorino.com\/boutique\/product\/recharge-spray-citronnelle\/#primaryimage"},"image":{"@id":"https:\/\/www.vetorino.com\/boutique\/product\/recharge-spray-citronnelle\/#primaryimage"},"thumbnailUrl":"https:\/\/www.vetorino.com\/boutique\/wp-content\/uploads\/2020\/03\/pac19-14217_a_1024x1024@2x.webp","datePublished":"2020-06-30T09:45:37+00:00","dateModified":"2026-02-27T01:42:19+00:00","description":"Cette recharge de spray inodore fonctionne avec tous les produits \u00e0 jet PetSafe\u00ae, y compris avec les syst\u00e8mes de dressage et les syst\u00e8mes anti-aboiements. Caract\u00e9ristiques essentielles 200 jets suppl\u00e9mentaires par recharge Ne tache pas Sans danger pour l'environnement","breadcrumb":{"@id":"https:\/\/www.vetorino.com\/boutique\/product\/recharge-spray-citronnelle\/#breadcrumb"},"inLanguage":"fr-FR","potentialAction":[{"@type":"ReadAction","target":["https:\/\/www.vetorino.com\/boutique\/product\/recharge-spray-citronnelle\/"]}]},{"@type":"ImageObject","inLanguage":"fr-FR","@id":"https:\/\/www.vetorino.com\/boutique\/product\/recharge-spray-citronnelle\/#primaryimage","url":"https:\/\/www.vetorino.com\/boutique\/wp-content\/uploads\/2020\/03\/pac19-14217_a_1024x1024@2x.webp","contentUrl":"https:\/\/www.vetorino.com\/boutique\/wp-content\/uploads\/2020\/03\/pac19-14217_a_1024x1024@2x.webp","width":1080,"height":1080},{"@type":"BreadcrumbList","@id":"https:\/\/www.vetorino.com\/boutique\/product\/recharge-spray-citronnelle\/#breadcrumb","itemListElement":[{"@type":"ListItem","position":1,"name":"Accueil","item":"https:\/\/www.vetorino.com\/boutique\/"},{"@type":"ListItem","position":2,"name":"Produits","item":"https:\/\/www.vetorino.com\/boutique\/"},{"@type":"ListItem","position":3,"name":"Recharge spray citronnelle"}]},{"@type":"WebSite","@id":"https:\/\/www.vetorino.com\/boutique\/#website","url":"https:\/\/www.vetorino.com\/boutique\/","name":"V\u00e9torino","description":"","publisher":{"@id":"https:\/\/www.vetorino.com\/boutique\/#organization"},"potentialAction":[{"@type":"SearchAction","target":{"@type":"EntryPoint","urlTemplate":"https:\/\/www.vetorino.com\/boutique\/?s={search_term_string}"},"query-input":{"@type":"PropertyValueSpecification","valueRequired":true,"valueName":"search_term_string"}}],"inLanguage":"fr-FR"},{"@type":"Organization","@id":"https:\/\/www.vetorino.com\/boutique\/#organization","name":"V\u00e9torino","url":"https:\/\/www.vetorino.com\/boutique\/","logo":{"@type":"ImageObject","inLanguage":"fr-FR","@id":"https:\/\/www.vetorino.com\/boutique\/#\/schema\/logo\/image\/","url":"https:\/\/www.vetorino.com\/boutique\/wp-content\/uploads\/2024\/10\/logo.jpg","contentUrl":"https:\/\/www.vetorino.com\/boutique\/wp-content\/uploads\/2024\/10\/logo.jpg","width":1200,"height":610,"caption":"V\u00e9torino"},"image":{"@id":"https:\/\/www.vetorino.com\/boutique\/#\/schema\/logo\/image\/"},"sameAs":["https:\/\/www.facebook.com\/Vetorino\/","https:\/\/www.instagram.com\/vetorino_off\/","https:\/\/www.linkedin.com\/company\/vtorino\/"]}]},"product_brand":"PetSafe","product_price_amount":"16.11","product_price_currency":"EUR","og_availability":"instock","product_availability":"instock","product_retailer_item_id":"C-REC410","product_condition":"new"},"_links":{"self":[{"href":"https:\/\/www.vetorino.com\/veterinaire\/confolens-16500\/boutique\/wp-json\/wp\/v2\/product\/101425","targetHints":{"allow":["GET"]}}],"collection":[{"href":"https:\/\/www.vetorino.com\/veterinaire\/confolens-16500\/boutique\/wp-json\/wp\/v2\/product"}],"about":[{"href":"https:\/\/www.vetorino.com\/veterinaire\/confolens-16500\/boutique\/wp-json\/wp\/v2\/types\/product"}],"wp:featuredmedia":[{"embeddable":true,"href":"https:\/\/www.vetorino.com\/veterinaire\/confolens-16500\/boutique\/wp-json\/wp\/v2\/media\/968461"}],"wp:attachment":[{"href":"https:\/\/www.vetorino.com\/veterinaire\/confolens-16500\/boutique\/wp-json\/wp\/v2\/media?parent=101425"}],"wp:term":[{"taxonomy":"product_cat","embeddable":true,"href":"https:\/\/www.vetorino.com\/veterinaire\/confolens-16500\/boutique\/wp-json\/wp\/v2\/product_cat?post=101425"},{"taxonomy":"product_tag","embeddable":true,"href":"https:\/\/www.vetorino.com\/veterinaire\/confolens-16500\/boutique\/wp-json\/wp\/v2\/product_tag?post=101425"}],"curies":[{"name":"wp","href":"https:\/\/api.w.org\/{rel}","templated":true}]}}